{"id":10798,"date":"2024-05-04T19:15:46","date_gmt":"2024-05-04T19:15:46","guid":{"rendered":"https:\/\/skaitytaknyga.lt\/?post_type=product&#038;p=10798"},"modified":"2024-05-04T19:16:31","modified_gmt":"2024-05-04T19:16:31","slug":"sutemos-tirsciausios-pries-ausra","status":"publish","type":"product","link":"https:\/\/skaitytaknyga.lt\/en\/produktas\/sutemos-tirsciausios-pries-ausra\/","title":{"rendered":"Sutemos tir\u0161\u010diausios prie\u0161 au\u0161r\u0105"},"content":{"rendered":"<p>Tai knyga apie priklausomyb\u0117s lig\u0105 (alkoholizm\u0105, narkomanij\u0105, kompulsyv\u0173 lo\u0161im\u0105) ir sveikimo keli\u0105 (sveikstan\u010di\u0173 priklausom\u0173 asmen\u0173 liudijimai, specialist\u0173 \u012f\u017evalgos apie priklausomyb\u0117s ligas ir sunkumus, kuriuos tenka \u012fveikti, pasiry\u017eus eiti laisv\u0117s keliu, bendruomeni\u0173, padedan\u010di\u0173 priklausomiems \u017emon\u0117ms gr\u012f\u017eti \u012f gyvenim\u0105 pristatymai).<\/p>\n<p>Tai pirmoji tokio pob\u016bd\u017eio knyga Lietuvoje, kurioje, derinant specialist\u0173 ir sveikstan\u010di\u0173 priklausom\u0173 \u017emoni\u0173 patirt\u012f, aptariama alkoholizmo, narkomanijos, kompulsyvaus lo\u0161imo esm\u0117, taip pat pateikiami autenti\u0161ki sveikimo liudijimai.<\/p>\n<p>Tai knyga pirmiausia skirta priklausomiems \u017emon\u0117ms ir j\u0173 artimiesiems, ta\u010diau kartu ji gal\u0117t\u0173 b\u016bti svarbia knyga kiekvienam, kuris nori geriau suprasti \u017emogaus prigimt\u012f.<\/p>\n<p>Tai knyga, kuri sukre\u010dia, kuri sugriauna tur\u0117tus stereotipus apie alkoholizm\u0105, narkomanij\u0105, lo\u0161im\u0105<\/p>\n","protected":false},"excerpt":{"rendered":"<p>Tai knyga apie priklausomyb\u0117s lig\u0105 (alkoholizm\u0105, narkomanij\u0105, kompulsyv\u0173 lo\u0161im\u0105) ir sveikimo keli\u0105 (sveikstan\u010di\u0173 priklausom\u0173 asmen\u0173 liudijimai, specialist\u0173 \u012f\u017evalgos apie priklausomyb\u0117s ligas ir sunkumus, kuriuos tenka \u012fveikti, pasiry\u017eus eiti laisv\u0117s keliu, bendruomeni\u0173, padedan\u010di\u0173 priklausomiems \u017emon\u0117ms gr\u012f\u017eti \u012f gyvenim\u0105 pristatymai).<\/p>\n<p>Tai pirmoji tokio pob\u016bd\u017eio knyga Lietuvoje, kurioje, derinant specialist\u0173 ir sveikstan\u010di\u0173 priklausom\u0173 \u017emoni\u0173 patirt\u012f, aptariama alkoholizmo, narkomanijos, kompulsyvaus lo\u0161imo esm\u0117, taip pat pateikiami autenti\u0161ki sveikimo liudijimai.<\/p>\n<p>Tai knyga pirmiausia skirta priklausomiems \u017emon\u0117ms ir j\u0173 artimiesiems, ta\u010diau kartu ji gal\u0117t\u0173 b\u016bti svarbia knyga kiekvienam, kuris nori geriau suprasti \u017emogaus prigimt\u012f.<\/p>\n<p>Tai knyga, kuri sukre\u010dia, kuri sugriauna tur\u0117tus stereotipus apie alkoholizm\u0105, narkomanij\u0105, lo\u0161im\u0105<\/p>\n","protected":false},"featured_media":10825,"comment_status":"closed","ping_status":"closed","template":"","meta":{"_acf_changed":false,"site-sidebar-layout":"default","site-content-layout":"","ast-site-content-layout":"default","site-content-style":"default","site-sidebar-style":"default","ast-global-header-display":"","ast-banner-title-visibility":"","ast-main-header-display":"","ast-hfb-above-header-display":"","ast-hfb-below-header-display":"","ast-hfb-mobile-header-display":"","site-post-title":"","ast-breadcrumbs-content":"","ast-featured-img":"","footer-sml-layout":"","ast-disable-related-posts":"","theme-transparent-header-meta":"","adv-header-id-meta":"","stick-header-meta":"","header-above-stick-meta":"","header-main-stick-meta":"","header-below-stick-meta":"","astra-migrate-meta-layouts":"default","ast-page-background-enabled":"default","ast-page-background-meta":{"desktop":{"background-color":"","background-image":"","background-repeat":"repeat","background-position":"center center","background-size":"auto","background-attachment":"scroll","background-type":"","background-media":"","overlay-type":"","overlay-color":"","overlay-opacity":"","overlay-gradient":""},"tablet":{"background-color":"","background-image":"","background-repeat":"repeat","background-position":"center center","background-size":"auto","background-attachment":"scroll","background-type":"","background-media":"","overlay-type":"","overlay-color":"","overlay-opacity":"","overlay-gradient":""},"mobile":{"background-color":"","background-image":"","background-repeat":"repeat","background-position":"center center","background-size":"auto","background-attachment":"scroll","background-type":"","background-media":"","overlay-type":"","overlay-color":"","overlay-opacity":"","overlay-gradient":""}},"ast-content-background-meta":{"desktop":{"background-color":"var(--ast-global-color-4)","background-image":"","background-repeat":"repeat","background-position":"center center","background-size":"auto","background-attachment":"scroll","background-type":"","background-media":"","overlay-type":"","overlay-color":"","overlay-opacity":"","overlay-gradient":""},"tablet":{"background-color":"var(--ast-global-color-4)","background-image":"","background-repeat":"repeat","background-position":"center center","background-size":"auto","background-attachment":"scroll","background-type":"","background-media":"","overlay-type":"","overlay-color":"","overlay-opacity":"","overlay-gradient":""},"mobile":{"background-color":"var(--ast-global-color-4)","background-image":"","background-repeat":"repeat","background-position":"center center","background-size":"auto","background-attachment":"scroll","background-type":"","background-media":"","overlay-type":"","overlay-color":"","overlay-opacity":"","overlay-gradient":""}}},"product_brand":[],"product_cat":[30,165],"product_tag":[],"class_list":{"0":"post-10798","1":"product","2":"type-product","3":"status-publish","4":"has-post-thumbnail","6":"product_cat-psichologija-ir-saviugda","7":"product_cat-religija-filosofija-ir-ezoterika","8":"desktop-align-left","9":"tablet-align-left","10":"mobile-align-left","12":"first","13":"outofstock","14":"shipping-taxable","15":"purchasable","16":"product-type-simple"},"acf":[],"yoast_head":"<!-- This site is optimized with the Yoast SEO plugin v27.4 - https:\/\/yoast.com\/product\/yoast-seo-wordpress\/ -->\n<title>Sutemos tir\u0161\u010diausios prie\u0161 au\u0161r\u0105 - Skaitytaknyga<\/title>\n<meta name=\"description\" content=\"Tai knyga apie priklausomyb\u0117s lig\u0105 (alkoholizm\u0105, narkomanij\u0105, kompulsyv\u0173 lo\u0161im\u0105) ir sveikimo keli\u0105 (sveikstan\u010di\u0173 priklausom\u0173 asmen\u0173 liudijimai, specialist\u0173 \u012f\u017evalgos apie priklausomyb\u0117s ligas ir sunkumus, kuriuos tenka \u012fveikti, pasiry\u017eus eiti laisv\u0117s keliu, bendruomeni\u0173, padedan\u010di\u0173 priklausomiems \u017emon\u0117ms gr\u012f\u017eti \u012f gyvenim\u0105 pristatymai).  Tai pirmoji tokio pob\u016bd\u017eio knyga Lietuvoje, kurioje, derinant specialist\u0173 ir sveikstan\u010di\u0173 priklausom\u0173 \u017emoni\u0173 patirt\u012f, aptariama alkoholizmo, narkomanijos, kompulsyvaus lo\u0161imo esm\u0117, taip pat pateikiami autenti\u0161ki sveikimo liudijimai.  Tai knyga pirmiausia skirta priklausomiems \u017emon\u0117ms ir j\u0173 artimiesiems, ta\u010diau kartu ji gal\u0117t\u0173 b\u016bti svarbia knyga kiekvienam, kuris nori geriau suprasti \u017emogaus prigimt\u012f.  Tai knyga, kuri sukre\u010dia, kuri sugriauna tur\u0117tus stereotipus apie alkoholizm\u0105, narkomanij\u0105, lo\u0161im\u0105\" \/>\n<meta name=\"robots\" content=\"index, follow, max-snippet:-1, max-image-preview:large, max-video-preview:-1\" \/>\n<link rel=\"canonical\" href=\"https:\/\/skaitytaknyga.lt\/en\/produktas\/sutemos-tirsciausios-pries-ausra\/\" \/>\n<meta property=\"og:locale\" content=\"en_GB\" \/>\n<meta property=\"og:locale:alternate\" content=\"lt_LT\" \/>\n<meta property=\"og:type\" content=\"article\" \/>\n<meta property=\"og:title\" content=\"Sutemos tir\u0161\u010diausios prie\u0161 au\u0161r\u0105 - Skaitytaknyga\" \/>\n<meta property=\"og:description\" content=\"Tai knyga apie priklausomyb\u0117s lig\u0105 (alkoholizm\u0105, narkomanij\u0105, kompulsyv\u0173 lo\u0161im\u0105) ir sveikimo keli\u0105 (sveikstan\u010di\u0173 priklausom\u0173 asmen\u0173 liudijimai, specialist\u0173 \u012f\u017evalgos apie priklausomyb\u0117s ligas ir sunkumus, kuriuos tenka \u012fveikti, pasiry\u017eus eiti laisv\u0117s keliu, bendruomeni\u0173, padedan\u010di\u0173 priklausomiems \u017emon\u0117ms gr\u012f\u017eti \u012f gyvenim\u0105 pristatymai).  Tai pirmoji tokio pob\u016bd\u017eio knyga Lietuvoje, kurioje, derinant specialist\u0173 ir sveikstan\u010di\u0173 priklausom\u0173 \u017emoni\u0173 patirt\u012f, aptariama alkoholizmo, narkomanijos, kompulsyvaus lo\u0161imo esm\u0117, taip pat pateikiami autenti\u0161ki sveikimo liudijimai.  Tai knyga pirmiausia skirta priklausomiems \u017emon\u0117ms ir j\u0173 artimiesiems, ta\u010diau kartu ji gal\u0117t\u0173 b\u016bti svarbia knyga kiekvienam, kuris nori geriau suprasti \u017emogaus prigimt\u012f.  Tai knyga, kuri sukre\u010dia, kuri sugriauna tur\u0117tus stereotipus apie alkoholizm\u0105, narkomanij\u0105, lo\u0161im\u0105\" \/>\n<meta property=\"og:url\" content=\"https:\/\/skaitytaknyga.lt\/en\/produktas\/sutemos-tirsciausios-pries-ausra\/\" \/>\n<meta property=\"og:site_name\" content=\"Skaitytaknyga\" \/>\n<meta property=\"article:publisher\" content=\"https:\/\/www.facebook.com\/skaitytaknyga\/\" \/>\n<meta property=\"article:modified_time\" content=\"2024-05-04T19:16:31+00:00\" \/>\n<meta property=\"og:image\" content=\"https:\/\/skaitytaknyga.lt\/wp-content\/uploads\/2024\/05\/Be-pavadinimo-2-4.png\" \/>\n\t<meta property=\"og:image:width\" content=\"535\" \/>\n\t<meta property=\"og:image:height\" content=\"749\" \/>\n\t<meta property=\"og:image:type\" content=\"image\/png\" \/>\n<meta name=\"twitter:card\" content=\"summary_large_image\" \/>\n<meta name=\"twitter:label1\" content=\"Estimated reading time\" \/>\n\t<meta name=\"twitter:data1\" content=\"1 minute\" \/>\n<script type=\"application\/ld+json\" class=\"yoast-schema-graph\">{\"@context\":\"https:\\\/\\\/schema.org\",\"@graph\":[{\"@type\":\"WebPage\",\"@id\":\"https:\\\/\\\/skaitytaknyga.lt\\\/produktas\\\/sutemos-tirsciausios-pries-ausra\\\/\",\"url\":\"https:\\\/\\\/skaitytaknyga.lt\\\/produktas\\\/sutemos-tirsciausios-pries-ausra\\\/\",\"name\":\"Sutemos tir\u0161\u010diausios prie\u0161 au\u0161r\u0105 - Skaitytaknyga\",\"isPartOf\":{\"@id\":\"https:\\\/\\\/skaitytaknyga.lt\\\/#website\"},\"primaryImageOfPage\":{\"@id\":\"https:\\\/\\\/skaitytaknyga.lt\\\/produktas\\\/sutemos-tirsciausios-pries-ausra\\\/#primaryimage\"},\"image\":{\"@id\":\"https:\\\/\\\/skaitytaknyga.lt\\\/produktas\\\/sutemos-tirsciausios-pries-ausra\\\/#primaryimage\"},\"thumbnailUrl\":\"https:\\\/\\\/skaitytaknyga.lt\\\/wp-content\\\/uploads\\\/2024\\\/05\\\/Be-pavadinimo-2-4.png\",\"datePublished\":\"2024-05-04T19:15:46+00:00\",\"dateModified\":\"2024-05-04T19:16:31+00:00\",\"description\":\"Tai knyga apie priklausomyb\u0117s lig\u0105 (alkoholizm\u0105, narkomanij\u0105, kompulsyv\u0173 lo\u0161im\u0105) ir sveikimo keli\u0105 (sveikstan\u010di\u0173 priklausom\u0173 asmen\u0173 liudijimai, specialist\u0173 \u012f\u017evalgos apie priklausomyb\u0117s ligas ir sunkumus, kuriuos tenka \u012fveikti, pasiry\u017eus eiti laisv\u0117s keliu, bendruomeni\u0173, padedan\u010di\u0173 priklausomiems \u017emon\u0117ms gr\u012f\u017eti \u012f gyvenim\u0105 pristatymai). Tai pirmoji tokio pob\u016bd\u017eio knyga Lietuvoje, kurioje, derinant specialist\u0173 ir sveikstan\u010di\u0173 priklausom\u0173 \u017emoni\u0173 patirt\u012f, aptariama alkoholizmo, narkomanijos, kompulsyvaus lo\u0161imo esm\u0117, taip pat pateikiami autenti\u0161ki sveikimo liudijimai. Tai knyga pirmiausia skirta priklausomiems \u017emon\u0117ms ir j\u0173 artimiesiems, ta\u010diau kartu ji gal\u0117t\u0173 b\u016bti svarbia knyga kiekvienam, kuris nori geriau suprasti \u017emogaus prigimt\u012f. Tai knyga, kuri sukre\u010dia, kuri sugriauna tur\u0117tus stereotipus apie alkoholizm\u0105, narkomanij\u0105, lo\u0161im\u0105\",\"breadcrumb\":{\"@id\":\"https:\\\/\\\/skaitytaknyga.lt\\\/produktas\\\/sutemos-tirsciausios-pries-ausra\\\/#breadcrumb\"},\"inLanguage\":\"en-GB\",\"potentialAction\":[{\"@type\":\"ReadAction\",\"target\":[\"https:\\\/\\\/skaitytaknyga.lt\\\/produktas\\\/sutemos-tirsciausios-pries-ausra\\\/\"]}]},{\"@type\":\"ImageObject\",\"inLanguage\":\"en-GB\",\"@id\":\"https:\\\/\\\/skaitytaknyga.lt\\\/produktas\\\/sutemos-tirsciausios-pries-ausra\\\/#primaryimage\",\"url\":\"https:\\\/\\\/skaitytaknyga.lt\\\/wp-content\\\/uploads\\\/2024\\\/05\\\/Be-pavadinimo-2-4.png\",\"contentUrl\":\"https:\\\/\\\/skaitytaknyga.lt\\\/wp-content\\\/uploads\\\/2024\\\/05\\\/Be-pavadinimo-2-4.png\",\"width\":535,\"height\":749},{\"@type\":\"BreadcrumbList\",\"@id\":\"https:\\\/\\\/skaitytaknyga.lt\\\/produktas\\\/sutemos-tirsciausios-pries-ausra\\\/#breadcrumb\",\"itemListElement\":[{\"@type\":\"ListItem\",\"position\":1,\"name\":\"Home\",\"item\":\"https:\\\/\\\/skaitytaknyga.lt\\\/\"},{\"@type\":\"ListItem\",\"position\":2,\"name\":\"Parduotuv\u0117\",\"item\":\"https:\\\/\\\/skaitytaknyga.lt\\\/knygu-parduotuve\\\/\"},{\"@type\":\"ListItem\",\"position\":3,\"name\":\"Sutemos tir\u0161\u010diausios prie\u0161 au\u0161r\u0105\"}]},{\"@type\":\"WebSite\",\"@id\":\"https:\\\/\\\/skaitytaknyga.lt\\\/#website\",\"url\":\"https:\\\/\\\/skaitytaknyga.lt\\\/\",\"name\":\"skaitytaknyga.lt\",\"description\":\"Skaitytaknyga.lt \u2013 tai ma\u017eas \u0161eimos verslas, kuris prasid\u0117jo nuo meil\u0117s knygoms ir siekio i\u0161gelb\u0117ti knygas nuo likimo prie konteinerio. Kas vienam nereikalingas daiktas \u2013 kitam lobis, o mes esame tarpininkai, kurie padeda abiems tapti laimingesniems ???? \u017dinome kaip nelengva i\u0161gyventi ma\u017eiems verslams, tad nuo \u0161iol, \u010dia rasite ir kit\u0173, ma\u017e\u0173 \u0161eim\u0173 versl\u0173, rank\u0173 darbo, dovan\u0173 sau ir artimiesiems.\",\"publisher\":{\"@id\":\"https:\\\/\\\/skaitytaknyga.lt\\\/#organization\"},\"potentialAction\":[{\"@type\":\"SearchAction\",\"target\":{\"@type\":\"EntryPoint\",\"urlTemplate\":\"https:\\\/\\\/skaitytaknyga.lt\\\/?s={search_term_string}\"},\"query-input\":{\"@type\":\"PropertyValueSpecification\",\"valueRequired\":true,\"valueName\":\"search_term_string\"}}],\"inLanguage\":\"en-GB\"},{\"@type\":\"Organization\",\"@id\":\"https:\\\/\\\/skaitytaknyga.lt\\\/#organization\",\"name\":\"skaitytaknyga.lt\",\"url\":\"https:\\\/\\\/skaitytaknyga.lt\\\/\",\"logo\":{\"@type\":\"ImageObject\",\"inLanguage\":\"en-GB\",\"@id\":\"https:\\\/\\\/skaitytaknyga.lt\\\/#\\\/schema\\\/logo\\\/image\\\/\",\"url\":\"https:\\\/\\\/skaitytaknyga.lt\\\/wp-content\\\/uploads\\\/2024\\\/05\\\/cropped-cropped-cropped-02_00843_jt3bggkj1j3HLc7SyY6rEUpg.jpeg\",\"contentUrl\":\"https:\\\/\\\/skaitytaknyga.lt\\\/wp-content\\\/uploads\\\/2024\\\/05\\\/cropped-cropped-cropped-02_00843_jt3bggkj1j3HLc7SyY6rEUpg.jpeg\",\"width\":1600,\"height\":1600,\"caption\":\"skaitytaknyga.lt\"},\"image\":{\"@id\":\"https:\\\/\\\/skaitytaknyga.lt\\\/#\\\/schema\\\/logo\\\/image\\\/\"},\"sameAs\":[\"https:\\\/\\\/www.facebook.com\\\/skaitytaknyga\\\/\"]}]}<\/script>\n<!-- \/ Yoast SEO plugin. -->","yoast_head_json":{"title":"Sutemos tir\u0161\u010diausios prie\u0161 au\u0161r\u0105 - Skaitytaknyga","description":"Tai knyga apie priklausomyb\u0117s lig\u0105 (alkoholizm\u0105, narkomanij\u0105, kompulsyv\u0173 lo\u0161im\u0105) ir sveikimo keli\u0105 (sveikstan\u010di\u0173 priklausom\u0173 asmen\u0173 liudijimai, specialist\u0173 \u012f\u017evalgos apie priklausomyb\u0117s ligas ir sunkumus, kuriuos tenka \u012fveikti, pasiry\u017eus eiti laisv\u0117s keliu, bendruomeni\u0173, padedan\u010di\u0173 priklausomiems \u017emon\u0117ms gr\u012f\u017eti \u012f gyvenim\u0105 pristatymai).  Tai pirmoji tokio pob\u016bd\u017eio knyga Lietuvoje, kurioje, derinant specialist\u0173 ir sveikstan\u010di\u0173 priklausom\u0173 \u017emoni\u0173 patirt\u012f, aptariama alkoholizmo, narkomanijos, kompulsyvaus lo\u0161imo esm\u0117, taip pat pateikiami autenti\u0161ki sveikimo liudijimai.  Tai knyga pirmiausia skirta priklausomiems \u017emon\u0117ms ir j\u0173 artimiesiems, ta\u010diau kartu ji gal\u0117t\u0173 b\u016bti svarbia knyga kiekvienam, kuris nori geriau suprasti \u017emogaus prigimt\u012f.  Tai knyga, kuri sukre\u010dia, kuri sugriauna tur\u0117tus stereotipus apie alkoholizm\u0105, narkomanij\u0105, lo\u0161im\u0105","robots":{"index":"index","follow":"follow","max-snippet":"max-snippet:-1","max-image-preview":"max-image-preview:large","max-video-preview":"max-video-preview:-1"},"canonical":"https:\/\/skaitytaknyga.lt\/en\/produktas\/sutemos-tirsciausios-pries-ausra\/","og_locale":"en_GB","og_type":"article","og_title":"Sutemos tir\u0161\u010diausios prie\u0161 au\u0161r\u0105 - Skaitytaknyga","og_description":"Tai knyga apie priklausomyb\u0117s lig\u0105 (alkoholizm\u0105, narkomanij\u0105, kompulsyv\u0173 lo\u0161im\u0105) ir sveikimo keli\u0105 (sveikstan\u010di\u0173 priklausom\u0173 asmen\u0173 liudijimai, specialist\u0173 \u012f\u017evalgos apie priklausomyb\u0117s ligas ir sunkumus, kuriuos tenka \u012fveikti, pasiry\u017eus eiti laisv\u0117s keliu, bendruomeni\u0173, padedan\u010di\u0173 priklausomiems \u017emon\u0117ms gr\u012f\u017eti \u012f gyvenim\u0105 pristatymai).  Tai pirmoji tokio pob\u016bd\u017eio knyga Lietuvoje, kurioje, derinant specialist\u0173 ir sveikstan\u010di\u0173 priklausom\u0173 \u017emoni\u0173 patirt\u012f, aptariama alkoholizmo, narkomanijos, kompulsyvaus lo\u0161imo esm\u0117, taip pat pateikiami autenti\u0161ki sveikimo liudijimai.  Tai knyga pirmiausia skirta priklausomiems \u017emon\u0117ms ir j\u0173 artimiesiems, ta\u010diau kartu ji gal\u0117t\u0173 b\u016bti svarbia knyga kiekvienam, kuris nori geriau suprasti \u017emogaus prigimt\u012f.  Tai knyga, kuri sukre\u010dia, kuri sugriauna tur\u0117tus stereotipus apie alkoholizm\u0105, narkomanij\u0105, lo\u0161im\u0105","og_url":"https:\/\/skaitytaknyga.lt\/en\/produktas\/sutemos-tirsciausios-pries-ausra\/","og_site_name":"Skaitytaknyga","article_publisher":"https:\/\/www.facebook.com\/skaitytaknyga\/","article_modified_time":"2024-05-04T19:16:31+00:00","og_image":[{"width":535,"height":749,"url":"https:\/\/skaitytaknyga.lt\/wp-content\/uploads\/2024\/05\/Be-pavadinimo-2-4.png","type":"image\/png"}],"twitter_card":"summary_large_image","twitter_misc":{"Estimated reading time":"1 minute"},"schema":{"@context":"https:\/\/schema.org","@graph":[{"@type":"WebPage","@id":"https:\/\/skaitytaknyga.lt\/produktas\/sutemos-tirsciausios-pries-ausra\/","url":"https:\/\/skaitytaknyga.lt\/produktas\/sutemos-tirsciausios-pries-ausra\/","name":"Sutemos tir\u0161\u010diausios prie\u0161 au\u0161r\u0105 - Skaitytaknyga","isPartOf":{"@id":"https:\/\/skaitytaknyga.lt\/#website"},"primaryImageOfPage":{"@id":"https:\/\/skaitytaknyga.lt\/produktas\/sutemos-tirsciausios-pries-ausra\/#primaryimage"},"image":{"@id":"https:\/\/skaitytaknyga.lt\/produktas\/sutemos-tirsciausios-pries-ausra\/#primaryimage"},"thumbnailUrl":"https:\/\/skaitytaknyga.lt\/wp-content\/uploads\/2024\/05\/Be-pavadinimo-2-4.png","datePublished":"2024-05-04T19:15:46+00:00","dateModified":"2024-05-04T19:16:31+00:00","description":"Tai knyga apie priklausomyb\u0117s lig\u0105 (alkoholizm\u0105, narkomanij\u0105, kompulsyv\u0173 lo\u0161im\u0105) ir sveikimo keli\u0105 (sveikstan\u010di\u0173 priklausom\u0173 asmen\u0173 liudijimai, specialist\u0173 \u012f\u017evalgos apie priklausomyb\u0117s ligas ir sunkumus, kuriuos tenka \u012fveikti, pasiry\u017eus eiti laisv\u0117s keliu, bendruomeni\u0173, padedan\u010di\u0173 priklausomiems \u017emon\u0117ms gr\u012f\u017eti \u012f gyvenim\u0105 pristatymai). Tai pirmoji tokio pob\u016bd\u017eio knyga Lietuvoje, kurioje, derinant specialist\u0173 ir sveikstan\u010di\u0173 priklausom\u0173 \u017emoni\u0173 patirt\u012f, aptariama alkoholizmo, narkomanijos, kompulsyvaus lo\u0161imo esm\u0117, taip pat pateikiami autenti\u0161ki sveikimo liudijimai. Tai knyga pirmiausia skirta priklausomiems \u017emon\u0117ms ir j\u0173 artimiesiems, ta\u010diau kartu ji gal\u0117t\u0173 b\u016bti svarbia knyga kiekvienam, kuris nori geriau suprasti \u017emogaus prigimt\u012f. Tai knyga, kuri sukre\u010dia, kuri sugriauna tur\u0117tus stereotipus apie alkoholizm\u0105, narkomanij\u0105, lo\u0161im\u0105","breadcrumb":{"@id":"https:\/\/skaitytaknyga.lt\/produktas\/sutemos-tirsciausios-pries-ausra\/#breadcrumb"},"inLanguage":"en-GB","potentialAction":[{"@type":"ReadAction","target":["https:\/\/skaitytaknyga.lt\/produktas\/sutemos-tirsciausios-pries-ausra\/"]}]},{"@type":"ImageObject","inLanguage":"en-GB","@id":"https:\/\/skaitytaknyga.lt\/produktas\/sutemos-tirsciausios-pries-ausra\/#primaryimage","url":"https:\/\/skaitytaknyga.lt\/wp-content\/uploads\/2024\/05\/Be-pavadinimo-2-4.png","contentUrl":"https:\/\/skaitytaknyga.lt\/wp-content\/uploads\/2024\/05\/Be-pavadinimo-2-4.png","width":535,"height":749},{"@type":"BreadcrumbList","@id":"https:\/\/skaitytaknyga.lt\/produktas\/sutemos-tirsciausios-pries-ausra\/#breadcrumb","itemListElement":[{"@type":"ListItem","position":1,"name":"Home","item":"https:\/\/skaitytaknyga.lt\/"},{"@type":"ListItem","position":2,"name":"Parduotuv\u0117","item":"https:\/\/skaitytaknyga.lt\/knygu-parduotuve\/"},{"@type":"ListItem","position":3,"name":"Sutemos tir\u0161\u010diausios prie\u0161 au\u0161r\u0105"}]},{"@type":"WebSite","@id":"https:\/\/skaitytaknyga.lt\/#website","url":"https:\/\/skaitytaknyga.lt\/","name":"skaitytaknyga.lt","description":"Skaitytaknyga.lt \u2013 tai ma\u017eas \u0161eimos verslas, kuris prasid\u0117jo nuo meil\u0117s knygoms ir siekio i\u0161gelb\u0117ti knygas nuo likimo prie konteinerio. Kas vienam nereikalingas daiktas \u2013 kitam lobis, o mes esame tarpininkai, kurie padeda abiems tapti laimingesniems ???? \u017dinome kaip nelengva i\u0161gyventi ma\u017eiems verslams, tad nuo \u0161iol, \u010dia rasite ir kit\u0173, ma\u017e\u0173 \u0161eim\u0173 versl\u0173, rank\u0173 darbo, dovan\u0173 sau ir artimiesiems.","publisher":{"@id":"https:\/\/skaitytaknyga.lt\/#organization"},"potentialAction":[{"@type":"SearchAction","target":{"@type":"EntryPoint","urlTemplate":"https:\/\/skaitytaknyga.lt\/?s={search_term_string}"},"query-input":{"@type":"PropertyValueSpecification","valueRequired":true,"valueName":"search_term_string"}}],"inLanguage":"en-GB"},{"@type":"Organization","@id":"https:\/\/skaitytaknyga.lt\/#organization","name":"skaitytaknyga.lt","url":"https:\/\/skaitytaknyga.lt\/","logo":{"@type":"ImageObject","inLanguage":"en-GB","@id":"https:\/\/skaitytaknyga.lt\/#\/schema\/logo\/image\/","url":"https:\/\/skaitytaknyga.lt\/wp-content\/uploads\/2024\/05\/cropped-cropped-cropped-02_00843_jt3bggkj1j3HLc7SyY6rEUpg.jpeg","contentUrl":"https:\/\/skaitytaknyga.lt\/wp-content\/uploads\/2024\/05\/cropped-cropped-cropped-02_00843_jt3bggkj1j3HLc7SyY6rEUpg.jpeg","width":1600,"height":1600,"caption":"skaitytaknyga.lt"},"image":{"@id":"https:\/\/skaitytaknyga.lt\/#\/schema\/logo\/image\/"},"sameAs":["https:\/\/www.facebook.com\/skaitytaknyga\/"]}]}},"_links":{"self":[{"href":"https:\/\/skaitytaknyga.lt\/en\/wp-json\/wp\/v2\/product\/10798","targetHints":{"allow":["GET"]}}],"collection":[{"href":"https:\/\/skaitytaknyga.lt\/en\/wp-json\/wp\/v2\/product"}],"about":[{"href":"https:\/\/skaitytaknyga.lt\/en\/wp-json\/wp\/v2\/types\/product"}],"replies":[{"embeddable":true,"href":"https:\/\/skaitytaknyga.lt\/en\/wp-json\/wp\/v2\/comments?post=10798"}],"wp:featuredmedia":[{"embeddable":true,"href":"https:\/\/skaitytaknyga.lt\/en\/wp-json\/wp\/v2\/media\/10825"}],"wp:attachment":[{"href":"https:\/\/skaitytaknyga.lt\/en\/wp-json\/wp\/v2\/media?parent=10798"}],"wp:term":[{"taxonomy":"product_brand","embeddable":true,"href":"https:\/\/skaitytaknyga.lt\/en\/wp-json\/wp\/v2\/product_brand?post=10798"},{"taxonomy":"product_cat","embeddable":true,"href":"https:\/\/skaitytaknyga.lt\/en\/wp-json\/wp\/v2\/product_cat?post=10798"},{"taxonomy":"product_tag","embeddable":true,"href":"https:\/\/skaitytaknyga.lt\/en\/wp-json\/wp\/v2\/product_tag?post=10798"}],"curies":[{"name":"wp","href":"https:\/\/api.w.org\/{rel}","templated":true}]}}