{"id":10797,"date":"2024-05-04T19:15:46","date_gmt":"2024-05-04T19:15:46","guid":{"rendered":"https:\/\/skaitytaknyga.lt\/?post_type=product&#038;p=10797"},"modified":"2026-03-05T15:22:53","modified_gmt":"2026-03-05T13:22:53","slug":"xavier-herbert-kaprikornija","status":"publish","type":"product","link":"https:\/\/skaitytaknyga.lt\/en\/produktas\/xavier-herbert-kaprikornija\/","title":{"rendered":"Kaprikornija"},"content":{"rendered":"<p><strong>\u012esp\u016bdingas, epi\u0161kumu \u201eAnglui ligoniui&#8221; nenusileid\u017eiantis k\u016brinys, alsuojantis nuotykiais ir meile gyvenimui&#8221;<\/strong>\u00a0&#8211; Time<\/p>\n<p>Apr\u0117pdamas vis\u0105 XX a. prad\u017ei\u0105, \u0161is klasikinis Australijos romanas pasakoja kvap\u0105 gniau\u017eian\u010di\u0105 australie\u010di\u0173 &#8211; balt\u0173j\u0173, aborigen\u0173 ir azijie\u010di\u0173 &#8211; istorij\u0105, kuri kupina i\u0161davys\u010di\u0173, \u017emog\u017eudys\u010di\u0173 ir krauj\u0105 kaitinan\u010dios aistros niekinamoms, bet taip geid\u017eiamoms aborigen\u0117ms moterims &#8211; Juodajam Aksomui.<\/p>\n<p>1904 m. broliai Oskaras ir Markas \u0160ilingsvortai atplaukia \u012f Port Zodiak\u0105 Kaprikornijos pakrant\u0117je dirbti eiliniais klerkais vald\u017eios tarnyboje. Oskaras greitai pritampa, suklesti, pradeda nauj\u0105 gyvenim\u0105 kaip d\u017eentelmenas. O nutr\u016bktgalvis Markas susideda su senuoju Nedu Kreiteriu, supa\u017eindinusiu j\u012f su alkoholiu ir apsukusiu galv\u0105 pasakojimais apie j\u016br\u0105, salas ir nuotykius su Juoduoju Aksomu. Negailesting\u0105, sud\u0117ting\u0105 ir at\u0161iaur\u0173 Kaprikornijos pasaul\u012f atskleis Marko s\u016bnaus metiso Normano gyvenimas. U\u017eaug\u0119s su pramanyta kilm\u0117s istorija Normanas su\u017einos \u017eiauri\u0105 ties\u0105 ir bandys rasti sau viet\u0105 susiskald\u017eiusiame pasaulyje.<\/p>\n","protected":false},"excerpt":{"rendered":"<p><strong>\u012esp\u016bdingas, epi\u0161kumu \u201eAnglui ligoniui&#8221; nenusileid\u017eiantis k\u016brinys, alsuojantis nuotykiais ir meile gyvenimui&#8221;<\/strong>\u00a0&#8211; Time<\/p>\n<p>Apr\u0117pdamas vis\u0105 XX a. prad\u017ei\u0105, \u0161is klasikinis Australijos romanas pasakoja kvap\u0105 gniau\u017eian\u010di\u0105 australie\u010di\u0173 &#8211; balt\u0173j\u0173, aborigen\u0173 ir azijie\u010di\u0173 &#8211; istorij\u0105, kuri kupina i\u0161davys\u010di\u0173, \u017emog\u017eudys\u010di\u0173 ir krauj\u0105 kaitinan\u010dios aistros niekinamoms, bet taip geid\u017eiamoms aborigen\u0117ms moterims &#8211; Juodajam Aksomui.<\/p>\n<p>1904 m. broliai Oskaras ir Markas \u0160ilingsvortai atplaukia \u012f Port Zodiak\u0105 Kaprikornijos pakrant\u0117je dirbti eiliniais klerkais vald\u017eios tarnyboje. Oskaras greitai pritampa, suklesti, pradeda nauj\u0105 gyvenim\u0105 kaip d\u017eentelmenas. O nutr\u016bktgalvis Markas susideda su senuoju Nedu Kreiteriu, supa\u017eindinusiu j\u012f su alkoholiu ir apsukusiu galv\u0105 pasakojimais apie j\u016br\u0105, salas ir nuotykius su Juoduoju Aksomu. Negailesting\u0105, sud\u0117ting\u0105 ir at\u0161iaur\u0173 Kaprikornijos pasaul\u012f atskleis Marko s\u016bnaus metiso Normano gyvenimas. U\u017eaug\u0119s su pramanyta kilm\u0117s istorija Normanas su\u017einos \u017eiauri\u0105 ties\u0105 ir bandys rasti sau viet\u0105 susiskald\u017eiusiame pasaulyje.<\/p>\n","protected":false},"featured_media":10824,"comment_status":"closed","ping_status":"closed","template":"","meta":{"_acf_changed":false,"site-sidebar-layout":"default","site-content-layout":"","ast-site-content-layout":"default","site-content-style":"default","site-sidebar-style":"default","ast-global-header-display":"","ast-banner-title-visibility":"","ast-main-header-display":"","ast-hfb-above-header-display":"","ast-hfb-below-header-display":"","ast-hfb-mobile-header-display":"","site-post-title":"","ast-breadcrumbs-content":"","ast-featured-img":"","footer-sml-layout":"","ast-disable-related-posts":"","theme-transparent-header-meta":"","adv-header-id-meta":"","stick-header-meta":"","header-above-stick-meta":"","header-main-stick-meta":"","header-below-stick-meta":"","astra-migrate-meta-layouts":"default","ast-page-background-enabled":"default","ast-page-background-meta":{"desktop":{"background-color":"","background-image":"","background-repeat":"repeat","background-position":"center center","background-size":"auto","background-attachment":"scroll","background-type":"","background-media":"","overlay-type":"","overlay-color":"","overlay-opacity":"","overlay-gradient":""},"tablet":{"background-color":"","background-image":"","background-repeat":"repeat","background-position":"center center","background-size":"auto","background-attachment":"scroll","background-type":"","background-media":"","overlay-type":"","overlay-color":"","overlay-opacity":"","overlay-gradient":""},"mobile":{"background-color":"","background-image":"","background-repeat":"repeat","background-position":"center center","background-size":"auto","background-attachment":"scroll","background-type":"","background-media":"","overlay-type":"","overlay-color":"","overlay-opacity":"","overlay-gradient":""}},"ast-content-background-meta":{"desktop":{"background-color":"var(--ast-global-color-4)","background-image":"","background-repeat":"repeat","background-position":"center center","background-size":"auto","background-attachment":"scroll","background-type":"","background-media":"","overlay-type":"","overlay-color":"","overlay-opacity":"","overlay-gradient":""},"tablet":{"background-color":"var(--ast-global-color-4)","background-image":"","background-repeat":"repeat","background-position":"center center","background-size":"auto","background-attachment":"scroll","background-type":"","background-media":"","overlay-type":"","overlay-color":"","overlay-opacity":"","overlay-gradient":""},"mobile":{"background-color":"var(--ast-global-color-4)","background-image":"","background-repeat":"repeat","background-position":"center center","background-size":"auto","background-attachment":"scroll","background-type":"","background-media":"","overlay-type":"","overlay-color":"","overlay-opacity":"","overlay-gradient":""}}},"product_brand":[],"product_cat":[15],"product_tag":[],"class_list":{"0":"post-10797","1":"product","2":"type-product","3":"status-publish","4":"has-post-thumbnail","6":"product_cat-uncategorized","7":"desktop-align-left","8":"tablet-align-left","9":"mobile-align-left","11":"first","12":"instock","13":"shipping-taxable","14":"purchasable","15":"product-type-simple"},"acf":[],"yoast_head":"<!-- This site is optimized with the Yoast SEO plugin v27.4 - https:\/\/yoast.com\/product\/yoast-seo-wordpress\/ -->\n<title>Kaprikornija<\/title>\n<meta name=\"description\" content=\"\u012esp\u016bdingas, epi\u0161kumu \u201eAnglui ligoniui&quot; nenusileid\u017eiantis k\u016brinys, alsuojantis nuotykiais ir meile gyvenimui&quot;\u00a0- Time  Apr\u0117pdamas vis\u0105 XX a. prad\u017ei\u0105, \u0161is klasikinis Australijos romanas pasakoja kvap\u0105 gniau\u017eian\u010di\u0105 australie\u010di\u0173 - balt\u0173j\u0173, aborigen\u0173 ir azijie\u010di\u0173 - istorij\u0105, kuri kupina i\u0161davys\u010di\u0173, \u017emog\u017eudys\u010di\u0173 ir krauj\u0105 kaitinan\u010dios aistros niekinamoms, bet taip geid\u017eiamoms aborigen\u0117ms moterims - Juodajam Aksomui.  1904 m. broliai Oskaras ir Markas \u0160ilingsvortai atplaukia \u012f Port Zodiak\u0105 Kaprikornijos pakrant\u0117je dirbti eiliniais klerkais vald\u017eios tarnyboje. Oskaras greitai pritampa, suklesti, pradeda nauj\u0105 gyvenim\u0105 kaip d\u017eentelmenas. O nutr\u016bktgalvis Markas susideda su senuoju Nedu Kreiteriu, supa\u017eindinusiu j\u012f su alkoholiu ir apsukusiu galv\u0105 pasakojimais apie j\u016br\u0105, salas ir nuotykius su Juoduoju Aksomu. Negailesting\u0105, sud\u0117ting\u0105 ir at\u0161iaur\u0173 Kaprikornijos pasaul\u012f atskleis Marko s\u016bnaus metiso Normano gyvenimas. U\u017eaug\u0119s su pramanyta kilm\u0117s istorija Normanas su\u017einos \u017eiauri\u0105 ties\u0105 ir bandys rasti sau viet\u0105 susiskald\u017eiusiame pasaulyje.\" \/>\n<meta name=\"robots\" content=\"index, follow, max-snippet:-1, max-image-preview:large, max-video-preview:-1\" \/>\n<link rel=\"canonical\" href=\"https:\/\/skaitytaknyga.lt\/en\/produktas\/xavier-herbert-kaprikornija\/\" \/>\n<meta property=\"og:locale\" content=\"en_GB\" \/>\n<meta property=\"og:locale:alternate\" content=\"lt_LT\" \/>\n<meta property=\"og:type\" content=\"article\" \/>\n<meta property=\"og:title\" content=\"Kaprikornija\" \/>\n<meta property=\"og:description\" content=\"\u012esp\u016bdingas, epi\u0161kumu \u201eAnglui ligoniui&quot; nenusileid\u017eiantis k\u016brinys, alsuojantis nuotykiais ir meile gyvenimui&quot;\u00a0- Time  Apr\u0117pdamas vis\u0105 XX a. prad\u017ei\u0105, \u0161is klasikinis Australijos romanas pasakoja kvap\u0105 gniau\u017eian\u010di\u0105 australie\u010di\u0173 - balt\u0173j\u0173, aborigen\u0173 ir azijie\u010di\u0173 - istorij\u0105, kuri kupina i\u0161davys\u010di\u0173, \u017emog\u017eudys\u010di\u0173 ir krauj\u0105 kaitinan\u010dios aistros niekinamoms, bet taip geid\u017eiamoms aborigen\u0117ms moterims - Juodajam Aksomui.  1904 m. broliai Oskaras ir Markas \u0160ilingsvortai atplaukia \u012f Port Zodiak\u0105 Kaprikornijos pakrant\u0117je dirbti eiliniais klerkais vald\u017eios tarnyboje. Oskaras greitai pritampa, suklesti, pradeda nauj\u0105 gyvenim\u0105 kaip d\u017eentelmenas. O nutr\u016bktgalvis Markas susideda su senuoju Nedu Kreiteriu, supa\u017eindinusiu j\u012f su alkoholiu ir apsukusiu galv\u0105 pasakojimais apie j\u016br\u0105, salas ir nuotykius su Juoduoju Aksomu. Negailesting\u0105, sud\u0117ting\u0105 ir at\u0161iaur\u0173 Kaprikornijos pasaul\u012f atskleis Marko s\u016bnaus metiso Normano gyvenimas. U\u017eaug\u0119s su pramanyta kilm\u0117s istorija Normanas su\u017einos \u017eiauri\u0105 ties\u0105 ir bandys rasti sau viet\u0105 susiskald\u017eiusiame pasaulyje.\" \/>\n<meta property=\"og:url\" content=\"https:\/\/skaitytaknyga.lt\/en\/produktas\/xavier-herbert-kaprikornija\/\" \/>\n<meta property=\"og:site_name\" content=\"Skaitytaknyga\" \/>\n<meta property=\"article:publisher\" content=\"https:\/\/www.facebook.com\/skaitytaknyga\/\" \/>\n<meta property=\"article:modified_time\" content=\"2026-03-05T13:22:53+00:00\" \/>\n<meta property=\"og:image\" content=\"https:\/\/skaitytaknyga.lt\/wp-content\/uploads\/2024\/05\/atsisiusti-2-e1678300442345.jpg\" \/>\n\t<meta property=\"og:image:width\" content=\"145\" \/>\n\t<meta property=\"og:image:height\" content=\"233\" \/>\n\t<meta property=\"og:image:type\" content=\"image\/jpeg\" \/>\n<meta name=\"twitter:card\" content=\"summary_large_image\" \/>\n<meta name=\"twitter:label1\" content=\"Estimated reading time\" \/>\n\t<meta name=\"twitter:data1\" content=\"1 minute\" \/>\n<script type=\"application\/ld+json\" class=\"yoast-schema-graph\">{\"@context\":\"https:\\\/\\\/schema.org\",\"@graph\":[{\"@type\":\"WebPage\",\"@id\":\"https:\\\/\\\/skaitytaknyga.lt\\\/produktas\\\/xavier-herbert-kaprikornija\\\/\",\"url\":\"https:\\\/\\\/skaitytaknyga.lt\\\/produktas\\\/xavier-herbert-kaprikornija\\\/\",\"name\":\"Kaprikornija\",\"isPartOf\":{\"@id\":\"https:\\\/\\\/skaitytaknyga.lt\\\/#website\"},\"primaryImageOfPage\":{\"@id\":\"https:\\\/\\\/skaitytaknyga.lt\\\/produktas\\\/xavier-herbert-kaprikornija\\\/#primaryimage\"},\"image\":{\"@id\":\"https:\\\/\\\/skaitytaknyga.lt\\\/produktas\\\/xavier-herbert-kaprikornija\\\/#primaryimage\"},\"thumbnailUrl\":\"https:\\\/\\\/skaitytaknyga.lt\\\/wp-content\\\/uploads\\\/2024\\\/05\\\/atsisiusti-2-e1678300442345.jpg\",\"datePublished\":\"2024-05-04T19:15:46+00:00\",\"dateModified\":\"2026-03-05T13:22:53+00:00\",\"description\":\"\u012esp\u016bdingas, epi\u0161kumu \u201eAnglui ligoniui\\\" nenusileid\u017eiantis k\u016brinys, alsuojantis nuotykiais ir meile gyvenimui\\\"\u00a0- Time Apr\u0117pdamas vis\u0105 XX a. prad\u017ei\u0105, \u0161is klasikinis Australijos romanas pasakoja kvap\u0105 gniau\u017eian\u010di\u0105 australie\u010di\u0173 - balt\u0173j\u0173, aborigen\u0173 ir azijie\u010di\u0173 - istorij\u0105, kuri kupina i\u0161davys\u010di\u0173, \u017emog\u017eudys\u010di\u0173 ir krauj\u0105 kaitinan\u010dios aistros niekinamoms, bet taip geid\u017eiamoms aborigen\u0117ms moterims - Juodajam Aksomui. 1904 m. broliai Oskaras ir Markas \u0160ilingsvortai atplaukia \u012f Port Zodiak\u0105 Kaprikornijos pakrant\u0117je dirbti eiliniais klerkais vald\u017eios tarnyboje. Oskaras greitai pritampa, suklesti, pradeda nauj\u0105 gyvenim\u0105 kaip d\u017eentelmenas. O nutr\u016bktgalvis Markas susideda su senuoju Nedu Kreiteriu, supa\u017eindinusiu j\u012f su alkoholiu ir apsukusiu galv\u0105 pasakojimais apie j\u016br\u0105, salas ir nuotykius su Juoduoju Aksomu. Negailesting\u0105, sud\u0117ting\u0105 ir at\u0161iaur\u0173 Kaprikornijos pasaul\u012f atskleis Marko s\u016bnaus metiso Normano gyvenimas. U\u017eaug\u0119s su pramanyta kilm\u0117s istorija Normanas su\u017einos \u017eiauri\u0105 ties\u0105 ir bandys rasti sau viet\u0105 susiskald\u017eiusiame pasaulyje.\",\"breadcrumb\":{\"@id\":\"https:\\\/\\\/skaitytaknyga.lt\\\/produktas\\\/xavier-herbert-kaprikornija\\\/#breadcrumb\"},\"inLanguage\":\"en-GB\",\"potentialAction\":[{\"@type\":\"ReadAction\",\"target\":[\"https:\\\/\\\/skaitytaknyga.lt\\\/produktas\\\/xavier-herbert-kaprikornija\\\/\"]}]},{\"@type\":\"ImageObject\",\"inLanguage\":\"en-GB\",\"@id\":\"https:\\\/\\\/skaitytaknyga.lt\\\/produktas\\\/xavier-herbert-kaprikornija\\\/#primaryimage\",\"url\":\"https:\\\/\\\/skaitytaknyga.lt\\\/wp-content\\\/uploads\\\/2024\\\/05\\\/atsisiusti-2-e1678300442345.jpg\",\"contentUrl\":\"https:\\\/\\\/skaitytaknyga.lt\\\/wp-content\\\/uploads\\\/2024\\\/05\\\/atsisiusti-2-e1678300442345.jpg\",\"width\":145,\"height\":233},{\"@type\":\"BreadcrumbList\",\"@id\":\"https:\\\/\\\/skaitytaknyga.lt\\\/produktas\\\/xavier-herbert-kaprikornija\\\/#breadcrumb\",\"itemListElement\":[{\"@type\":\"ListItem\",\"position\":1,\"name\":\"Home\",\"item\":\"https:\\\/\\\/skaitytaknyga.lt\\\/\"},{\"@type\":\"ListItem\",\"position\":2,\"name\":\"Parduotuv\u0117\",\"item\":\"https:\\\/\\\/skaitytaknyga.lt\\\/knygu-parduotuve\\\/\"},{\"@type\":\"ListItem\",\"position\":3,\"name\":\"Kaprikornija\"}]},{\"@type\":\"WebSite\",\"@id\":\"https:\\\/\\\/skaitytaknyga.lt\\\/#website\",\"url\":\"https:\\\/\\\/skaitytaknyga.lt\\\/\",\"name\":\"skaitytaknyga.lt\",\"description\":\"Skaitytaknyga.lt \u2013 tai ma\u017eas \u0161eimos verslas, kuris prasid\u0117jo nuo meil\u0117s knygoms ir siekio i\u0161gelb\u0117ti knygas nuo likimo prie konteinerio. Kas vienam nereikalingas daiktas \u2013 kitam lobis, o mes esame tarpininkai, kurie padeda abiems tapti laimingesniems ???? \u017dinome kaip nelengva i\u0161gyventi ma\u017eiems verslams, tad nuo \u0161iol, \u010dia rasite ir kit\u0173, ma\u017e\u0173 \u0161eim\u0173 versl\u0173, rank\u0173 darbo, dovan\u0173 sau ir artimiesiems.\",\"publisher\":{\"@id\":\"https:\\\/\\\/skaitytaknyga.lt\\\/#organization\"},\"potentialAction\":[{\"@type\":\"SearchAction\",\"target\":{\"@type\":\"EntryPoint\",\"urlTemplate\":\"https:\\\/\\\/skaitytaknyga.lt\\\/?s={search_term_string}\"},\"query-input\":{\"@type\":\"PropertyValueSpecification\",\"valueRequired\":true,\"valueName\":\"search_term_string\"}}],\"inLanguage\":\"en-GB\"},{\"@type\":\"Organization\",\"@id\":\"https:\\\/\\\/skaitytaknyga.lt\\\/#organization\",\"name\":\"skaitytaknyga.lt\",\"url\":\"https:\\\/\\\/skaitytaknyga.lt\\\/\",\"logo\":{\"@type\":\"ImageObject\",\"inLanguage\":\"en-GB\",\"@id\":\"https:\\\/\\\/skaitytaknyga.lt\\\/#\\\/schema\\\/logo\\\/image\\\/\",\"url\":\"https:\\\/\\\/skaitytaknyga.lt\\\/wp-content\\\/uploads\\\/2024\\\/05\\\/cropped-cropped-cropped-02_00843_jt3bggkj1j3HLc7SyY6rEUpg.jpeg\",\"contentUrl\":\"https:\\\/\\\/skaitytaknyga.lt\\\/wp-content\\\/uploads\\\/2024\\\/05\\\/cropped-cropped-cropped-02_00843_jt3bggkj1j3HLc7SyY6rEUpg.jpeg\",\"width\":1600,\"height\":1600,\"caption\":\"skaitytaknyga.lt\"},\"image\":{\"@id\":\"https:\\\/\\\/skaitytaknyga.lt\\\/#\\\/schema\\\/logo\\\/image\\\/\"},\"sameAs\":[\"https:\\\/\\\/www.facebook.com\\\/skaitytaknyga\\\/\"]}]}<\/script>\n<!-- \/ Yoast SEO plugin. -->","yoast_head_json":{"title":"Kaprikornija","description":"\u012esp\u016bdingas, epi\u0161kumu \u201eAnglui ligoniui\" nenusileid\u017eiantis k\u016brinys, alsuojantis nuotykiais ir meile gyvenimui\"\u00a0- Time  Apr\u0117pdamas vis\u0105 XX a. prad\u017ei\u0105, \u0161is klasikinis Australijos romanas pasakoja kvap\u0105 gniau\u017eian\u010di\u0105 australie\u010di\u0173 - balt\u0173j\u0173, aborigen\u0173 ir azijie\u010di\u0173 - istorij\u0105, kuri kupina i\u0161davys\u010di\u0173, \u017emog\u017eudys\u010di\u0173 ir krauj\u0105 kaitinan\u010dios aistros niekinamoms, bet taip geid\u017eiamoms aborigen\u0117ms moterims - Juodajam Aksomui.  1904 m. broliai Oskaras ir Markas \u0160ilingsvortai atplaukia \u012f Port Zodiak\u0105 Kaprikornijos pakrant\u0117je dirbti eiliniais klerkais vald\u017eios tarnyboje. Oskaras greitai pritampa, suklesti, pradeda nauj\u0105 gyvenim\u0105 kaip d\u017eentelmenas. O nutr\u016bktgalvis Markas susideda su senuoju Nedu Kreiteriu, supa\u017eindinusiu j\u012f su alkoholiu ir apsukusiu galv\u0105 pasakojimais apie j\u016br\u0105, salas ir nuotykius su Juoduoju Aksomu. Negailesting\u0105, sud\u0117ting\u0105 ir at\u0161iaur\u0173 Kaprikornijos pasaul\u012f atskleis Marko s\u016bnaus metiso Normano gyvenimas. U\u017eaug\u0119s su pramanyta kilm\u0117s istorija Normanas su\u017einos \u017eiauri\u0105 ties\u0105 ir bandys rasti sau viet\u0105 susiskald\u017eiusiame pasaulyje.","robots":{"index":"index","follow":"follow","max-snippet":"max-snippet:-1","max-image-preview":"max-image-preview:large","max-video-preview":"max-video-preview:-1"},"canonical":"https:\/\/skaitytaknyga.lt\/en\/produktas\/xavier-herbert-kaprikornija\/","og_locale":"en_GB","og_type":"article","og_title":"[:lt]Kaprikornija[:] - Skaitytaknyga","og_description":"\u012esp\u016bdingas, epi\u0161kumu \u201eAnglui ligoniui\" nenusileid\u017eiantis k\u016brinys, alsuojantis nuotykiais ir meile gyvenimui\"\u00a0- Time  Apr\u0117pdamas vis\u0105 XX a. prad\u017ei\u0105, \u0161is klasikinis Australijos romanas pasakoja kvap\u0105 gniau\u017eian\u010di\u0105 australie\u010di\u0173 - balt\u0173j\u0173, aborigen\u0173 ir azijie\u010di\u0173 - istorij\u0105, kuri kupina i\u0161davys\u010di\u0173, \u017emog\u017eudys\u010di\u0173 ir krauj\u0105 kaitinan\u010dios aistros niekinamoms, bet taip geid\u017eiamoms aborigen\u0117ms moterims - Juodajam Aksomui.  1904 m. broliai Oskaras ir Markas \u0160ilingsvortai atplaukia \u012f Port Zodiak\u0105 Kaprikornijos pakrant\u0117je dirbti eiliniais klerkais vald\u017eios tarnyboje. Oskaras greitai pritampa, suklesti, pradeda nauj\u0105 gyvenim\u0105 kaip d\u017eentelmenas. O nutr\u016bktgalvis Markas susideda su senuoju Nedu Kreiteriu, supa\u017eindinusiu j\u012f su alkoholiu ir apsukusiu galv\u0105 pasakojimais apie j\u016br\u0105, salas ir nuotykius su Juoduoju Aksomu. Negailesting\u0105, sud\u0117ting\u0105 ir at\u0161iaur\u0173 Kaprikornijos pasaul\u012f atskleis Marko s\u016bnaus metiso Normano gyvenimas. U\u017eaug\u0119s su pramanyta kilm\u0117s istorija Normanas su\u017einos \u017eiauri\u0105 ties\u0105 ir bandys rasti sau viet\u0105 susiskald\u017eiusiame pasaulyje.","og_url":"https:\/\/skaitytaknyga.lt\/en\/produktas\/xavier-herbert-kaprikornija\/","og_site_name":"Skaitytaknyga","article_publisher":"https:\/\/www.facebook.com\/skaitytaknyga\/","article_modified_time":"2026-03-05T13:22:53+00:00","og_image":[{"width":145,"height":233,"url":"https:\/\/skaitytaknyga.lt\/wp-content\/uploads\/2024\/05\/atsisiusti-2-e1678300442345.jpg","type":"image\/jpeg"}],"twitter_card":"summary_large_image","twitter_misc":{"Estimated reading time":"1 minute"},"schema":{"@context":"https:\/\/schema.org","@graph":[{"@type":"WebPage","@id":"https:\/\/skaitytaknyga.lt\/produktas\/xavier-herbert-kaprikornija\/","url":"https:\/\/skaitytaknyga.lt\/produktas\/xavier-herbert-kaprikornija\/","name":"Kaprikornija","isPartOf":{"@id":"https:\/\/skaitytaknyga.lt\/#website"},"primaryImageOfPage":{"@id":"https:\/\/skaitytaknyga.lt\/produktas\/xavier-herbert-kaprikornija\/#primaryimage"},"image":{"@id":"https:\/\/skaitytaknyga.lt\/produktas\/xavier-herbert-kaprikornija\/#primaryimage"},"thumbnailUrl":"https:\/\/skaitytaknyga.lt\/wp-content\/uploads\/2024\/05\/atsisiusti-2-e1678300442345.jpg","datePublished":"2024-05-04T19:15:46+00:00","dateModified":"2026-03-05T13:22:53+00:00","description":"\u012esp\u016bdingas, epi\u0161kumu \u201eAnglui ligoniui\" nenusileid\u017eiantis k\u016brinys, alsuojantis nuotykiais ir meile gyvenimui\"\u00a0- Time Apr\u0117pdamas vis\u0105 XX a. prad\u017ei\u0105, \u0161is klasikinis Australijos romanas pasakoja kvap\u0105 gniau\u017eian\u010di\u0105 australie\u010di\u0173 - balt\u0173j\u0173, aborigen\u0173 ir azijie\u010di\u0173 - istorij\u0105, kuri kupina i\u0161davys\u010di\u0173, \u017emog\u017eudys\u010di\u0173 ir krauj\u0105 kaitinan\u010dios aistros niekinamoms, bet taip geid\u017eiamoms aborigen\u0117ms moterims - Juodajam Aksomui. 1904 m. broliai Oskaras ir Markas \u0160ilingsvortai atplaukia \u012f Port Zodiak\u0105 Kaprikornijos pakrant\u0117je dirbti eiliniais klerkais vald\u017eios tarnyboje. Oskaras greitai pritampa, suklesti, pradeda nauj\u0105 gyvenim\u0105 kaip d\u017eentelmenas. O nutr\u016bktgalvis Markas susideda su senuoju Nedu Kreiteriu, supa\u017eindinusiu j\u012f su alkoholiu ir apsukusiu galv\u0105 pasakojimais apie j\u016br\u0105, salas ir nuotykius su Juoduoju Aksomu. Negailesting\u0105, sud\u0117ting\u0105 ir at\u0161iaur\u0173 Kaprikornijos pasaul\u012f atskleis Marko s\u016bnaus metiso Normano gyvenimas. U\u017eaug\u0119s su pramanyta kilm\u0117s istorija Normanas su\u017einos \u017eiauri\u0105 ties\u0105 ir bandys rasti sau viet\u0105 susiskald\u017eiusiame pasaulyje.","breadcrumb":{"@id":"https:\/\/skaitytaknyga.lt\/produktas\/xavier-herbert-kaprikornija\/#breadcrumb"},"inLanguage":"en-GB","potentialAction":[{"@type":"ReadAction","target":["https:\/\/skaitytaknyga.lt\/produktas\/xavier-herbert-kaprikornija\/"]}]},{"@type":"ImageObject","inLanguage":"en-GB","@id":"https:\/\/skaitytaknyga.lt\/produktas\/xavier-herbert-kaprikornija\/#primaryimage","url":"https:\/\/skaitytaknyga.lt\/wp-content\/uploads\/2024\/05\/atsisiusti-2-e1678300442345.jpg","contentUrl":"https:\/\/skaitytaknyga.lt\/wp-content\/uploads\/2024\/05\/atsisiusti-2-e1678300442345.jpg","width":145,"height":233},{"@type":"BreadcrumbList","@id":"https:\/\/skaitytaknyga.lt\/produktas\/xavier-herbert-kaprikornija\/#breadcrumb","itemListElement":[{"@type":"ListItem","position":1,"name":"Home","item":"https:\/\/skaitytaknyga.lt\/"},{"@type":"ListItem","position":2,"name":"Parduotuv\u0117","item":"https:\/\/skaitytaknyga.lt\/knygu-parduotuve\/"},{"@type":"ListItem","position":3,"name":"Kaprikornija"}]},{"@type":"WebSite","@id":"https:\/\/skaitytaknyga.lt\/#website","url":"https:\/\/skaitytaknyga.lt\/","name":"skaitytaknyga.lt","description":"Skaitytaknyga.lt \u2013 tai ma\u017eas \u0161eimos verslas, kuris prasid\u0117jo nuo meil\u0117s knygoms ir siekio i\u0161gelb\u0117ti knygas nuo likimo prie konteinerio. Kas vienam nereikalingas daiktas \u2013 kitam lobis, o mes esame tarpininkai, kurie padeda abiems tapti laimingesniems ???? \u017dinome kaip nelengva i\u0161gyventi ma\u017eiems verslams, tad nuo \u0161iol, \u010dia rasite ir kit\u0173, ma\u017e\u0173 \u0161eim\u0173 versl\u0173, rank\u0173 darbo, dovan\u0173 sau ir artimiesiems.","publisher":{"@id":"https:\/\/skaitytaknyga.lt\/#organization"},"potentialAction":[{"@type":"SearchAction","target":{"@type":"EntryPoint","urlTemplate":"https:\/\/skaitytaknyga.lt\/?s={search_term_string}"},"query-input":{"@type":"PropertyValueSpecification","valueRequired":true,"valueName":"search_term_string"}}],"inLanguage":"en-GB"},{"@type":"Organization","@id":"https:\/\/skaitytaknyga.lt\/#organization","name":"skaitytaknyga.lt","url":"https:\/\/skaitytaknyga.lt\/","logo":{"@type":"ImageObject","inLanguage":"en-GB","@id":"https:\/\/skaitytaknyga.lt\/#\/schema\/logo\/image\/","url":"https:\/\/skaitytaknyga.lt\/wp-content\/uploads\/2024\/05\/cropped-cropped-cropped-02_00843_jt3bggkj1j3HLc7SyY6rEUpg.jpeg","contentUrl":"https:\/\/skaitytaknyga.lt\/wp-content\/uploads\/2024\/05\/cropped-cropped-cropped-02_00843_jt3bggkj1j3HLc7SyY6rEUpg.jpeg","width":1600,"height":1600,"caption":"skaitytaknyga.lt"},"image":{"@id":"https:\/\/skaitytaknyga.lt\/#\/schema\/logo\/image\/"},"sameAs":["https:\/\/www.facebook.com\/skaitytaknyga\/"]}]}},"_links":{"self":[{"href":"https:\/\/skaitytaknyga.lt\/en\/wp-json\/wp\/v2\/product\/10797","targetHints":{"allow":["GET"]}}],"collection":[{"href":"https:\/\/skaitytaknyga.lt\/en\/wp-json\/wp\/v2\/product"}],"about":[{"href":"https:\/\/skaitytaknyga.lt\/en\/wp-json\/wp\/v2\/types\/product"}],"replies":[{"embeddable":true,"href":"https:\/\/skaitytaknyga.lt\/en\/wp-json\/wp\/v2\/comments?post=10797"}],"wp:featuredmedia":[{"embeddable":true,"href":"https:\/\/skaitytaknyga.lt\/en\/wp-json\/wp\/v2\/media\/10824"}],"wp:attachment":[{"href":"https:\/\/skaitytaknyga.lt\/en\/wp-json\/wp\/v2\/media?parent=10797"}],"wp:term":[{"taxonomy":"product_brand","embeddable":true,"href":"https:\/\/skaitytaknyga.lt\/en\/wp-json\/wp\/v2\/product_brand?post=10797"},{"taxonomy":"product_cat","embeddable":true,"href":"https:\/\/skaitytaknyga.lt\/en\/wp-json\/wp\/v2\/product_cat?post=10797"},{"taxonomy":"product_tag","embeddable":true,"href":"https:\/\/skaitytaknyga.lt\/en\/wp-json\/wp\/v2\/product_tag?post=10797"}],"curies":[{"name":"wp","href":"https:\/\/api.w.org\/{rel}","templated":true}]}}