{"id":10789,"date":"2024-05-04T19:15:24","date_gmt":"2024-05-04T19:15:24","guid":{"rendered":"https:\/\/skaitytaknyga.lt\/?post_type=product&#038;p=10789"},"modified":"2024-05-04T19:16:22","modified_gmt":"2024-05-04T19:16:22","slug":"kirilas-andrejevas-nuotykiu-ieskotojai","status":"publish","type":"product","link":"https:\/\/skaitytaknyga.lt\/en\/produktas\/kirilas-andrejevas-nuotykiu-ieskotojai\/","title":{"rendered":"Kirilas Andrejevas &#8220;Nuotyki\u0173 ie\u0161kotojai&#8221;"},"content":{"rendered":"<p>Biografin\u0117s apybrai\u017eos apie Aleksandr\u0105 Diuma-t\u0117v\u0105, \u017diul\u012f Vern\u0105, Robert\u0105 Luj\u012f Styvenson\u0105, Art\u016br\u0105 Konan\u0105 Doil\u012f.<\/p>\n<p>Jie labai skirtingi. Aleksandras Diuma-t\u0117vas \u012frod\u0117, kad istorija \u2013 ne nuobodi chronologija, o kunkuliuojantis gyvas gyvenimas. \u017diulis Vernas atskleid\u0117 mokslo romantik\u0105 ir poezij\u0105. Robertas Lujis Styvensonas savo gyvenimu \u012frod\u0117 \u017emogaus dvasios stipryb\u0119, nugalin\u010di\u0105 lig\u0105 ir mirt\u012f. Art\u016bras Konanas Doilis pademonstravo \u017emogaus proto gali\u0105. Visus juos vienija nuotyki\u0173 ie\u0161kojimo aistra. Dar kitaip \u0161iuos ra\u0161ytojus b\u016bt\u0173 galima pavadinti nuotyki\u0173 ir fantastin\u0117s literat\u016bros klasikais.<\/p>\n","protected":false},"excerpt":{"rendered":"<p>Biografin\u0117s apybrai\u017eos apie Aleksandr\u0105 Diuma-t\u0117v\u0105, \u017diul\u012f Vern\u0105, Robert\u0105 Luj\u012f Styvenson\u0105, Art\u016br\u0105 Konan\u0105 Doil\u012f.<\/p>\n<p>Jie labai skirtingi. Aleksandras Diuma-t\u0117vas \u012frod\u0117, kad istorija \u2013 ne nuobodi chronologija, o kunkuliuojantis gyvas gyvenimas. \u017diulis Vernas atskleid\u0117 mokslo romantik\u0105 ir poezij\u0105. Robertas Lujis Styvensonas savo gyvenimu \u012frod\u0117 \u017emogaus dvasios stipryb\u0119, nugalin\u010di\u0105 lig\u0105 ir mirt\u012f. Art\u016bras Konanas Doilis pademonstravo \u017emogaus proto gali\u0105. Visus juos vienija nuotyki\u0173 ie\u0161kojimo aistra. Dar kitaip \u0161iuos ra\u0161ytojus b\u016bt\u0173 galima pavadinti nuotyki\u0173 ir fantastin\u0117s literat\u016bros klasikais.<\/p>\n","protected":false},"featured_media":10822,"comment_status":"closed","ping_status":"closed","template":"","meta":{"_acf_changed":false,"site-sidebar-layout":"default","site-content-layout":"","ast-site-content-layout":"default","site-content-style":"default","site-sidebar-style":"default","ast-global-header-display":"","ast-banner-title-visibility":"","ast-main-header-display":"","ast-hfb-above-header-display":"","ast-hfb-below-header-display":"","ast-hfb-mobile-header-display":"","site-post-title":"","ast-breadcrumbs-content":"","ast-featured-img":"","footer-sml-layout":"","ast-disable-related-posts":"","theme-transparent-header-meta":"","adv-header-id-meta":"","stick-header-meta":"","header-above-stick-meta":"","header-main-stick-meta":"","header-below-stick-meta":"","astra-migrate-meta-layouts":"default","ast-page-background-enabled":"default","ast-page-background-meta":{"desktop":{"background-color":"","background-image":"","background-repeat":"repeat","background-position":"center center","background-size":"auto","background-attachment":"scroll","background-type":"","background-media":"","overlay-type":"","overlay-color":"","overlay-opacity":"","overlay-gradient":""},"tablet":{"background-color":"","background-image":"","background-repeat":"repeat","background-position":"center center","background-size":"auto","background-attachment":"scroll","background-type":"","background-media":"","overlay-type":"","overlay-color":"","overlay-opacity":"","overlay-gradient":""},"mobile":{"background-color":"","background-image":"","background-repeat":"repeat","background-position":"center center","background-size":"auto","background-attachment":"scroll","background-type":"","background-media":"","overlay-type":"","overlay-color":"","overlay-opacity":"","overlay-gradient":""}},"ast-content-background-meta":{"desktop":{"background-color":"var(--ast-global-color-4)","background-image":"","background-repeat":"repeat","background-position":"center center","background-size":"auto","background-attachment":"scroll","background-type":"","background-media":"","overlay-type":"","overlay-color":"","overlay-opacity":"","overlay-gradient":""},"tablet":{"background-color":"var(--ast-global-color-4)","background-image":"","background-repeat":"repeat","background-position":"center center","background-size":"auto","background-attachment":"scroll","background-type":"","background-media":"","overlay-type":"","overlay-color":"","overlay-opacity":"","overlay-gradient":""},"mobile":{"background-color":"var(--ast-global-color-4)","background-image":"","background-repeat":"repeat","background-position":"center center","background-size":"auto","background-attachment":"scroll","background-type":"","background-media":"","overlay-type":"","overlay-color":"","overlay-opacity":"","overlay-gradient":""}}},"product_brand":[],"product_cat":[33],"product_tag":[],"class_list":{"0":"post-10789","1":"product","2":"type-product","3":"status-publish","4":"has-post-thumbnail","6":"product_cat-biografijos","7":"desktop-align-left","8":"tablet-align-left","9":"mobile-align-left","11":"first","12":"instock","13":"shipping-taxable","14":"purchasable","15":"product-type-simple"},"acf":[],"yoast_head":"<!-- This site is optimized with the Yoast SEO plugin v27.4 - https:\/\/yoast.com\/product\/yoast-seo-wordpress\/ -->\n<title>Kirilas Andrejevas &quot;Nuotyki\u0173 ie\u0161kotojai&quot; - Skaitytaknyga<\/title>\n<meta name=\"description\" content=\"Biografin\u0117s apybrai\u017eos apie Aleksandr\u0105 Diuma-t\u0117v\u0105, \u017diul\u012f Vern\u0105, Robert\u0105 Luj\u012f Styvenson\u0105, Art\u016br\u0105 Konan\u0105 Doil\u012f.  Jie labai skirtingi. Aleksandras Diuma-t\u0117vas \u012frod\u0117, kad istorija \u2013 ne nuobodi chronologija, o kunkuliuojantis gyvas gyvenimas. \u017diulis Vernas atskleid\u0117 mokslo romantik\u0105 ir poezij\u0105. Robertas Lujis Styvensonas savo gyvenimu \u012frod\u0117 \u017emogaus dvasios stipryb\u0119, nugalin\u010di\u0105 lig\u0105 ir mirt\u012f. Art\u016bras Konanas Doilis pademonstravo \u017emogaus proto gali\u0105. Visus juos vienija nuotyki\u0173 ie\u0161kojimo aistra. Dar kitaip \u0161iuos ra\u0161ytojus b\u016bt\u0173 galima pavadinti nuotyki\u0173 ir fantastin\u0117s literat\u016bros klasikais.\" \/>\n<meta name=\"robots\" content=\"index, follow, max-snippet:-1, max-image-preview:large, max-video-preview:-1\" \/>\n<link rel=\"canonical\" href=\"https:\/\/skaitytaknyga.lt\/en\/produktas\/kirilas-andrejevas-nuotykiu-ieskotojai\/\" \/>\n<meta property=\"og:locale\" content=\"en_GB\" \/>\n<meta property=\"og:locale:alternate\" content=\"lt_LT\" \/>\n<meta property=\"og:type\" content=\"article\" \/>\n<meta property=\"og:title\" content=\"Kirilas Andrejevas &quot;Nuotyki\u0173 ie\u0161kotojai&quot; - Skaitytaknyga\" \/>\n<meta property=\"og:description\" content=\"Biografin\u0117s apybrai\u017eos apie Aleksandr\u0105 Diuma-t\u0117v\u0105, \u017diul\u012f Vern\u0105, Robert\u0105 Luj\u012f Styvenson\u0105, Art\u016br\u0105 Konan\u0105 Doil\u012f.  Jie labai skirtingi. Aleksandras Diuma-t\u0117vas \u012frod\u0117, kad istorija \u2013 ne nuobodi chronologija, o kunkuliuojantis gyvas gyvenimas. \u017diulis Vernas atskleid\u0117 mokslo romantik\u0105 ir poezij\u0105. Robertas Lujis Styvensonas savo gyvenimu \u012frod\u0117 \u017emogaus dvasios stipryb\u0119, nugalin\u010di\u0105 lig\u0105 ir mirt\u012f. Art\u016bras Konanas Doilis pademonstravo \u017emogaus proto gali\u0105. Visus juos vienija nuotyki\u0173 ie\u0161kojimo aistra. Dar kitaip \u0161iuos ra\u0161ytojus b\u016bt\u0173 galima pavadinti nuotyki\u0173 ir fantastin\u0117s literat\u016bros klasikais.\" \/>\n<meta property=\"og:url\" content=\"https:\/\/skaitytaknyga.lt\/en\/produktas\/kirilas-andrejevas-nuotykiu-ieskotojai\/\" \/>\n<meta property=\"og:site_name\" content=\"Skaitytaknyga\" \/>\n<meta property=\"article:publisher\" content=\"https:\/\/www.facebook.com\/skaitytaknyga\/\" \/>\n<meta property=\"article:modified_time\" content=\"2024-05-04T19:16:22+00:00\" \/>\n<meta property=\"og:image\" content=\"https:\/\/skaitytaknyga.lt\/wp-content\/uploads\/2024\/05\/Be-pavadinimo-1-6.png\" \/>\n\t<meta property=\"og:image:width\" content=\"448\" \/>\n\t<meta property=\"og:image:height\" content=\"740\" \/>\n\t<meta property=\"og:image:type\" content=\"image\/png\" \/>\n<meta name=\"twitter:card\" content=\"summary_large_image\" \/>\n<script type=\"application\/ld+json\" class=\"yoast-schema-graph\">{\"@context\":\"https:\\\/\\\/schema.org\",\"@graph\":[{\"@type\":\"WebPage\",\"@id\":\"https:\\\/\\\/skaitytaknyga.lt\\\/produktas\\\/kirilas-andrejevas-nuotykiu-ieskotojai\\\/\",\"url\":\"https:\\\/\\\/skaitytaknyga.lt\\\/produktas\\\/kirilas-andrejevas-nuotykiu-ieskotojai\\\/\",\"name\":\"Kirilas Andrejevas \\\"Nuotyki\u0173 ie\u0161kotojai\\\" - Skaitytaknyga\",\"isPartOf\":{\"@id\":\"https:\\\/\\\/skaitytaknyga.lt\\\/#website\"},\"primaryImageOfPage\":{\"@id\":\"https:\\\/\\\/skaitytaknyga.lt\\\/produktas\\\/kirilas-andrejevas-nuotykiu-ieskotojai\\\/#primaryimage\"},\"image\":{\"@id\":\"https:\\\/\\\/skaitytaknyga.lt\\\/produktas\\\/kirilas-andrejevas-nuotykiu-ieskotojai\\\/#primaryimage\"},\"thumbnailUrl\":\"https:\\\/\\\/skaitytaknyga.lt\\\/wp-content\\\/uploads\\\/2024\\\/05\\\/Be-pavadinimo-1-6.png\",\"datePublished\":\"2024-05-04T19:15:24+00:00\",\"dateModified\":\"2024-05-04T19:16:22+00:00\",\"description\":\"Biografin\u0117s apybrai\u017eos apie Aleksandr\u0105 Diuma-t\u0117v\u0105, \u017diul\u012f Vern\u0105, Robert\u0105 Luj\u012f Styvenson\u0105, Art\u016br\u0105 Konan\u0105 Doil\u012f. Jie labai skirtingi. Aleksandras Diuma-t\u0117vas \u012frod\u0117, kad istorija \u2013 ne nuobodi chronologija, o kunkuliuojantis gyvas gyvenimas. \u017diulis Vernas atskleid\u0117 mokslo romantik\u0105 ir poezij\u0105. Robertas Lujis Styvensonas savo gyvenimu \u012frod\u0117 \u017emogaus dvasios stipryb\u0119, nugalin\u010di\u0105 lig\u0105 ir mirt\u012f. Art\u016bras Konanas Doilis pademonstravo \u017emogaus proto gali\u0105. Visus juos vienija nuotyki\u0173 ie\u0161kojimo aistra. Dar kitaip \u0161iuos ra\u0161ytojus b\u016bt\u0173 galima pavadinti nuotyki\u0173 ir fantastin\u0117s literat\u016bros klasikais.\",\"breadcrumb\":{\"@id\":\"https:\\\/\\\/skaitytaknyga.lt\\\/produktas\\\/kirilas-andrejevas-nuotykiu-ieskotojai\\\/#breadcrumb\"},\"inLanguage\":\"en-GB\",\"potentialAction\":[{\"@type\":\"ReadAction\",\"target\":[\"https:\\\/\\\/skaitytaknyga.lt\\\/produktas\\\/kirilas-andrejevas-nuotykiu-ieskotojai\\\/\"]}]},{\"@type\":\"ImageObject\",\"inLanguage\":\"en-GB\",\"@id\":\"https:\\\/\\\/skaitytaknyga.lt\\\/produktas\\\/kirilas-andrejevas-nuotykiu-ieskotojai\\\/#primaryimage\",\"url\":\"https:\\\/\\\/skaitytaknyga.lt\\\/wp-content\\\/uploads\\\/2024\\\/05\\\/Be-pavadinimo-1-6.png\",\"contentUrl\":\"https:\\\/\\\/skaitytaknyga.lt\\\/wp-content\\\/uploads\\\/2024\\\/05\\\/Be-pavadinimo-1-6.png\",\"width\":448,\"height\":740},{\"@type\":\"BreadcrumbList\",\"@id\":\"https:\\\/\\\/skaitytaknyga.lt\\\/produktas\\\/kirilas-andrejevas-nuotykiu-ieskotojai\\\/#breadcrumb\",\"itemListElement\":[{\"@type\":\"ListItem\",\"position\":1,\"name\":\"Home\",\"item\":\"https:\\\/\\\/skaitytaknyga.lt\\\/\"},{\"@type\":\"ListItem\",\"position\":2,\"name\":\"Parduotuv\u0117\",\"item\":\"https:\\\/\\\/skaitytaknyga.lt\\\/knygu-parduotuve\\\/\"},{\"@type\":\"ListItem\",\"position\":3,\"name\":\"Kirilas Andrejevas &#8220;Nuotyki\u0173 ie\u0161kotojai&#8221;\"}]},{\"@type\":\"WebSite\",\"@id\":\"https:\\\/\\\/skaitytaknyga.lt\\\/#website\",\"url\":\"https:\\\/\\\/skaitytaknyga.lt\\\/\",\"name\":\"skaitytaknyga.lt\",\"description\":\"Skaitytaknyga.lt \u2013 tai ma\u017eas \u0161eimos verslas, kuris prasid\u0117jo nuo meil\u0117s knygoms ir siekio i\u0161gelb\u0117ti knygas nuo likimo prie konteinerio. Kas vienam nereikalingas daiktas \u2013 kitam lobis, o mes esame tarpininkai, kurie padeda abiems tapti laimingesniems ???? \u017dinome kaip nelengva i\u0161gyventi ma\u017eiems verslams, tad nuo \u0161iol, \u010dia rasite ir kit\u0173, ma\u017e\u0173 \u0161eim\u0173 versl\u0173, rank\u0173 darbo, dovan\u0173 sau ir artimiesiems.\",\"publisher\":{\"@id\":\"https:\\\/\\\/skaitytaknyga.lt\\\/#organization\"},\"potentialAction\":[{\"@type\":\"SearchAction\",\"target\":{\"@type\":\"EntryPoint\",\"urlTemplate\":\"https:\\\/\\\/skaitytaknyga.lt\\\/?s={search_term_string}\"},\"query-input\":{\"@type\":\"PropertyValueSpecification\",\"valueRequired\":true,\"valueName\":\"search_term_string\"}}],\"inLanguage\":\"en-GB\"},{\"@type\":\"Organization\",\"@id\":\"https:\\\/\\\/skaitytaknyga.lt\\\/#organization\",\"name\":\"skaitytaknyga.lt\",\"url\":\"https:\\\/\\\/skaitytaknyga.lt\\\/\",\"logo\":{\"@type\":\"ImageObject\",\"inLanguage\":\"en-GB\",\"@id\":\"https:\\\/\\\/skaitytaknyga.lt\\\/#\\\/schema\\\/logo\\\/image\\\/\",\"url\":\"https:\\\/\\\/skaitytaknyga.lt\\\/wp-content\\\/uploads\\\/2024\\\/05\\\/cropped-cropped-cropped-02_00843_jt3bggkj1j3HLc7SyY6rEUpg.jpeg\",\"contentUrl\":\"https:\\\/\\\/skaitytaknyga.lt\\\/wp-content\\\/uploads\\\/2024\\\/05\\\/cropped-cropped-cropped-02_00843_jt3bggkj1j3HLc7SyY6rEUpg.jpeg\",\"width\":1600,\"height\":1600,\"caption\":\"skaitytaknyga.lt\"},\"image\":{\"@id\":\"https:\\\/\\\/skaitytaknyga.lt\\\/#\\\/schema\\\/logo\\\/image\\\/\"},\"sameAs\":[\"https:\\\/\\\/www.facebook.com\\\/skaitytaknyga\\\/\"]}]}<\/script>\n<!-- \/ Yoast SEO plugin. -->","yoast_head_json":{"title":"Kirilas Andrejevas \"Nuotyki\u0173 ie\u0161kotojai\" - Skaitytaknyga","description":"Biografin\u0117s apybrai\u017eos apie Aleksandr\u0105 Diuma-t\u0117v\u0105, \u017diul\u012f Vern\u0105, Robert\u0105 Luj\u012f Styvenson\u0105, Art\u016br\u0105 Konan\u0105 Doil\u012f.  Jie labai skirtingi. Aleksandras Diuma-t\u0117vas \u012frod\u0117, kad istorija \u2013 ne nuobodi chronologija, o kunkuliuojantis gyvas gyvenimas. \u017diulis Vernas atskleid\u0117 mokslo romantik\u0105 ir poezij\u0105. Robertas Lujis Styvensonas savo gyvenimu \u012frod\u0117 \u017emogaus dvasios stipryb\u0119, nugalin\u010di\u0105 lig\u0105 ir mirt\u012f. Art\u016bras Konanas Doilis pademonstravo \u017emogaus proto gali\u0105. Visus juos vienija nuotyki\u0173 ie\u0161kojimo aistra. Dar kitaip \u0161iuos ra\u0161ytojus b\u016bt\u0173 galima pavadinti nuotyki\u0173 ir fantastin\u0117s literat\u016bros klasikais.","robots":{"index":"index","follow":"follow","max-snippet":"max-snippet:-1","max-image-preview":"max-image-preview:large","max-video-preview":"max-video-preview:-1"},"canonical":"https:\/\/skaitytaknyga.lt\/en\/produktas\/kirilas-andrejevas-nuotykiu-ieskotojai\/","og_locale":"en_GB","og_type":"article","og_title":"Kirilas Andrejevas \"Nuotyki\u0173 ie\u0161kotojai\" - Skaitytaknyga","og_description":"Biografin\u0117s apybrai\u017eos apie Aleksandr\u0105 Diuma-t\u0117v\u0105, \u017diul\u012f Vern\u0105, Robert\u0105 Luj\u012f Styvenson\u0105, Art\u016br\u0105 Konan\u0105 Doil\u012f.  Jie labai skirtingi. Aleksandras Diuma-t\u0117vas \u012frod\u0117, kad istorija \u2013 ne nuobodi chronologija, o kunkuliuojantis gyvas gyvenimas. \u017diulis Vernas atskleid\u0117 mokslo romantik\u0105 ir poezij\u0105. Robertas Lujis Styvensonas savo gyvenimu \u012frod\u0117 \u017emogaus dvasios stipryb\u0119, nugalin\u010di\u0105 lig\u0105 ir mirt\u012f. Art\u016bras Konanas Doilis pademonstravo \u017emogaus proto gali\u0105. Visus juos vienija nuotyki\u0173 ie\u0161kojimo aistra. Dar kitaip \u0161iuos ra\u0161ytojus b\u016bt\u0173 galima pavadinti nuotyki\u0173 ir fantastin\u0117s literat\u016bros klasikais.","og_url":"https:\/\/skaitytaknyga.lt\/en\/produktas\/kirilas-andrejevas-nuotykiu-ieskotojai\/","og_site_name":"Skaitytaknyga","article_publisher":"https:\/\/www.facebook.com\/skaitytaknyga\/","article_modified_time":"2024-05-04T19:16:22+00:00","og_image":[{"width":448,"height":740,"url":"https:\/\/skaitytaknyga.lt\/wp-content\/uploads\/2024\/05\/Be-pavadinimo-1-6.png","type":"image\/png"}],"twitter_card":"summary_large_image","schema":{"@context":"https:\/\/schema.org","@graph":[{"@type":"WebPage","@id":"https:\/\/skaitytaknyga.lt\/produktas\/kirilas-andrejevas-nuotykiu-ieskotojai\/","url":"https:\/\/skaitytaknyga.lt\/produktas\/kirilas-andrejevas-nuotykiu-ieskotojai\/","name":"Kirilas Andrejevas \"Nuotyki\u0173 ie\u0161kotojai\" - Skaitytaknyga","isPartOf":{"@id":"https:\/\/skaitytaknyga.lt\/#website"},"primaryImageOfPage":{"@id":"https:\/\/skaitytaknyga.lt\/produktas\/kirilas-andrejevas-nuotykiu-ieskotojai\/#primaryimage"},"image":{"@id":"https:\/\/skaitytaknyga.lt\/produktas\/kirilas-andrejevas-nuotykiu-ieskotojai\/#primaryimage"},"thumbnailUrl":"https:\/\/skaitytaknyga.lt\/wp-content\/uploads\/2024\/05\/Be-pavadinimo-1-6.png","datePublished":"2024-05-04T19:15:24+00:00","dateModified":"2024-05-04T19:16:22+00:00","description":"Biografin\u0117s apybrai\u017eos apie Aleksandr\u0105 Diuma-t\u0117v\u0105, \u017diul\u012f Vern\u0105, Robert\u0105 Luj\u012f Styvenson\u0105, Art\u016br\u0105 Konan\u0105 Doil\u012f. Jie labai skirtingi. Aleksandras Diuma-t\u0117vas \u012frod\u0117, kad istorija \u2013 ne nuobodi chronologija, o kunkuliuojantis gyvas gyvenimas. \u017diulis Vernas atskleid\u0117 mokslo romantik\u0105 ir poezij\u0105. Robertas Lujis Styvensonas savo gyvenimu \u012frod\u0117 \u017emogaus dvasios stipryb\u0119, nugalin\u010di\u0105 lig\u0105 ir mirt\u012f. Art\u016bras Konanas Doilis pademonstravo \u017emogaus proto gali\u0105. Visus juos vienija nuotyki\u0173 ie\u0161kojimo aistra. Dar kitaip \u0161iuos ra\u0161ytojus b\u016bt\u0173 galima pavadinti nuotyki\u0173 ir fantastin\u0117s literat\u016bros klasikais.","breadcrumb":{"@id":"https:\/\/skaitytaknyga.lt\/produktas\/kirilas-andrejevas-nuotykiu-ieskotojai\/#breadcrumb"},"inLanguage":"en-GB","potentialAction":[{"@type":"ReadAction","target":["https:\/\/skaitytaknyga.lt\/produktas\/kirilas-andrejevas-nuotykiu-ieskotojai\/"]}]},{"@type":"ImageObject","inLanguage":"en-GB","@id":"https:\/\/skaitytaknyga.lt\/produktas\/kirilas-andrejevas-nuotykiu-ieskotojai\/#primaryimage","url":"https:\/\/skaitytaknyga.lt\/wp-content\/uploads\/2024\/05\/Be-pavadinimo-1-6.png","contentUrl":"https:\/\/skaitytaknyga.lt\/wp-content\/uploads\/2024\/05\/Be-pavadinimo-1-6.png","width":448,"height":740},{"@type":"BreadcrumbList","@id":"https:\/\/skaitytaknyga.lt\/produktas\/kirilas-andrejevas-nuotykiu-ieskotojai\/#breadcrumb","itemListElement":[{"@type":"ListItem","position":1,"name":"Home","item":"https:\/\/skaitytaknyga.lt\/"},{"@type":"ListItem","position":2,"name":"Parduotuv\u0117","item":"https:\/\/skaitytaknyga.lt\/knygu-parduotuve\/"},{"@type":"ListItem","position":3,"name":"Kirilas Andrejevas &#8220;Nuotyki\u0173 ie\u0161kotojai&#8221;"}]},{"@type":"WebSite","@id":"https:\/\/skaitytaknyga.lt\/#website","url":"https:\/\/skaitytaknyga.lt\/","name":"skaitytaknyga.lt","description":"Skaitytaknyga.lt \u2013 tai ma\u017eas \u0161eimos verslas, kuris prasid\u0117jo nuo meil\u0117s knygoms ir siekio i\u0161gelb\u0117ti knygas nuo likimo prie konteinerio. Kas vienam nereikalingas daiktas \u2013 kitam lobis, o mes esame tarpininkai, kurie padeda abiems tapti laimingesniems ???? \u017dinome kaip nelengva i\u0161gyventi ma\u017eiems verslams, tad nuo \u0161iol, \u010dia rasite ir kit\u0173, ma\u017e\u0173 \u0161eim\u0173 versl\u0173, rank\u0173 darbo, dovan\u0173 sau ir artimiesiems.","publisher":{"@id":"https:\/\/skaitytaknyga.lt\/#organization"},"potentialAction":[{"@type":"SearchAction","target":{"@type":"EntryPoint","urlTemplate":"https:\/\/skaitytaknyga.lt\/?s={search_term_string}"},"query-input":{"@type":"PropertyValueSpecification","valueRequired":true,"valueName":"search_term_string"}}],"inLanguage":"en-GB"},{"@type":"Organization","@id":"https:\/\/skaitytaknyga.lt\/#organization","name":"skaitytaknyga.lt","url":"https:\/\/skaitytaknyga.lt\/","logo":{"@type":"ImageObject","inLanguage":"en-GB","@id":"https:\/\/skaitytaknyga.lt\/#\/schema\/logo\/image\/","url":"https:\/\/skaitytaknyga.lt\/wp-content\/uploads\/2024\/05\/cropped-cropped-cropped-02_00843_jt3bggkj1j3HLc7SyY6rEUpg.jpeg","contentUrl":"https:\/\/skaitytaknyga.lt\/wp-content\/uploads\/2024\/05\/cropped-cropped-cropped-02_00843_jt3bggkj1j3HLc7SyY6rEUpg.jpeg","width":1600,"height":1600,"caption":"skaitytaknyga.lt"},"image":{"@id":"https:\/\/skaitytaknyga.lt\/#\/schema\/logo\/image\/"},"sameAs":["https:\/\/www.facebook.com\/skaitytaknyga\/"]}]}},"_links":{"self":[{"href":"https:\/\/skaitytaknyga.lt\/en\/wp-json\/wp\/v2\/product\/10789","targetHints":{"allow":["GET"]}}],"collection":[{"href":"https:\/\/skaitytaknyga.lt\/en\/wp-json\/wp\/v2\/product"}],"about":[{"href":"https:\/\/skaitytaknyga.lt\/en\/wp-json\/wp\/v2\/types\/product"}],"replies":[{"embeddable":true,"href":"https:\/\/skaitytaknyga.lt\/en\/wp-json\/wp\/v2\/comments?post=10789"}],"wp:featuredmedia":[{"embeddable":true,"href":"https:\/\/skaitytaknyga.lt\/en\/wp-json\/wp\/v2\/media\/10822"}],"wp:attachment":[{"href":"https:\/\/skaitytaknyga.lt\/en\/wp-json\/wp\/v2\/media?parent=10789"}],"wp:term":[{"taxonomy":"product_brand","embeddable":true,"href":"https:\/\/skaitytaknyga.lt\/en\/wp-json\/wp\/v2\/product_brand?post=10789"},{"taxonomy":"product_cat","embeddable":true,"href":"https:\/\/skaitytaknyga.lt\/en\/wp-json\/wp\/v2\/product_cat?post=10789"},{"taxonomy":"product_tag","embeddable":true,"href":"https:\/\/skaitytaknyga.lt\/en\/wp-json\/wp\/v2\/product_tag?post=10789"}],"curies":[{"name":"wp","href":"https:\/\/api.w.org\/{rel}","templated":true}]}}