{"id":10787,"date":"2024-05-04T19:15:24","date_gmt":"2024-05-04T19:15:24","guid":{"rendered":"https:\/\/skaitytaknyga.lt\/?post_type=product&#038;p=10787"},"modified":"2025-11-12T17:59:31","modified_gmt":"2025-11-12T15:59:31","slug":"didingiausi-pasaulio-statiniai-architekturos-sedevrai-ir-inzinerija","status":"publish","type":"product","link":"https:\/\/skaitytaknyga.lt\/en\/produktas\/didingiausi-pasaulio-statiniai-architekturos-sedevrai-ir-inzinerija\/","title":{"rendered":"Didingiausi pasaulio statiniai: architekt\u016bros \u0161edevrai ir in\u017einerija"},"content":{"rendered":"<p>\u0160i knyga kvie\u010dia \u012f kelion\u0119, kuri Jus supa\u017eindins su \u0161imtu puikiausi\u0173 architekt\u016bros k\u016brini\u0173: \u0161ventyklomis, r\u016bmais, pilimis, tiltais, dangorai\u017eiais. I\u0161 akmens, med\u017eio ir betono J\u016bs statote namus ir r\u016bmus. Tai yra tik med\u017eiagos, i\u0161 kuri\u0173 genijus sukuria \u0161edevr\u0105. Staiga suvirpinate mano \u0161ird\u012f, nud\u017eiuginate mane. Laimingas galiu pasakyti: \u201eTai &#8211; nuostabu.\u201c Tokia yra architekt\u016bra. (Le Corbusier, 1923)<\/p>\n","protected":false},"excerpt":{"rendered":"<p>\u0160i knyga kvie\u010dia \u012f kelion\u0119, kuri Jus supa\u017eindins su \u0161imtu puikiausi\u0173 architekt\u016bros k\u016brini\u0173: \u0161ventyklomis, r\u016bmais, pilimis, tiltais, dangorai\u017eiais. I\u0161 akmens, med\u017eio ir betono J\u016bs statote namus ir r\u016bmus. Tai yra tik med\u017eiagos, i\u0161 kuri\u0173 genijus sukuria \u0161edevr\u0105. Staiga suvirpinate mano \u0161ird\u012f, nud\u017eiuginate mane. Laimingas galiu pasakyti: \u201eTai &#8211; nuostabu.\u201c Tokia yra architekt\u016bra. (Le Corbusier, 1923)<\/p>\n","protected":false},"featured_media":10820,"comment_status":"closed","ping_status":"closed","template":"","meta":{"_acf_changed":false,"site-sidebar-layout":"default","site-content-layout":"","ast-site-content-layout":"default","site-content-style":"default","site-sidebar-style":"default","ast-global-header-display":"","ast-banner-title-visibility":"","ast-main-header-display":"","ast-hfb-above-header-display":"","ast-hfb-below-header-display":"","ast-hfb-mobile-header-display":"","site-post-title":"","ast-breadcrumbs-content":"","ast-featured-img":"","footer-sml-layout":"","ast-disable-related-posts":"","theme-transparent-header-meta":"","adv-header-id-meta":"","stick-header-meta":"","header-above-stick-meta":"","header-main-stick-meta":"","header-below-stick-meta":"","astra-migrate-meta-layouts":"default","ast-page-background-enabled":"default","ast-page-background-meta":{"desktop":{"background-color":"","background-image":"","background-repeat":"repeat","background-position":"center center","background-size":"auto","background-attachment":"scroll","background-type":"","background-media":"","overlay-type":"","overlay-color":"","overlay-opacity":"","overlay-gradient":""},"tablet":{"background-color":"","background-image":"","background-repeat":"repeat","background-position":"center center","background-size":"auto","background-attachment":"scroll","background-type":"","background-media":"","overlay-type":"","overlay-color":"","overlay-opacity":"","overlay-gradient":""},"mobile":{"background-color":"","background-image":"","background-repeat":"repeat","background-position":"center center","background-size":"auto","background-attachment":"scroll","background-type":"","background-media":"","overlay-type":"","overlay-color":"","overlay-opacity":"","overlay-gradient":""}},"ast-content-background-meta":{"desktop":{"background-color":"var(--ast-global-color-4)","background-image":"","background-repeat":"repeat","background-position":"center center","background-size":"auto","background-attachment":"scroll","background-type":"","background-media":"","overlay-type":"","overlay-color":"","overlay-opacity":"","overlay-gradient":""},"tablet":{"background-color":"var(--ast-global-color-4)","background-image":"","background-repeat":"repeat","background-position":"center center","background-size":"auto","background-attachment":"scroll","background-type":"","background-media":"","overlay-type":"","overlay-color":"","overlay-opacity":"","overlay-gradient":""},"mobile":{"background-color":"var(--ast-global-color-4)","background-image":"","background-repeat":"repeat","background-position":"center center","background-size":"auto","background-attachment":"scroll","background-type":"","background-media":"","overlay-type":"","overlay-color":"","overlay-opacity":"","overlay-gradient":""}}},"product_brand":[],"product_cat":[174,73],"product_tag":[],"class_list":{"0":"post-10787","1":"product","2":"type-product","3":"status-publish","4":"has-post-thumbnail","6":"product_cat-istorija-ir-politologija","7":"product_cat-zinynai-ir-enciklopedijos","8":"pa_leidimo-metai-93","9":"desktop-align-left","10":"tablet-align-left","11":"mobile-align-left","13":"first","14":"instock","15":"shipping-taxable","16":"purchasable","17":"product-type-simple"},"acf":[],"yoast_head":"<!-- This site is optimized with the Yoast SEO plugin v27.0 - https:\/\/yoast.com\/product\/yoast-seo-wordpress\/ -->\n<title>Didingiausi pasaulio statiniai: architekt\u016bros \u0161edevrai ir in\u017einerija - Skaitytaknyga<\/title>\n<meta name=\"description\" content=\"\u0160i knyga kvie\u010dia \u012f kelion\u0119, kuri Jus supa\u017eindins su \u0161imtu puikiausi\u0173 architekt\u016bros k\u016brini\u0173: \u0161ventyklomis, r\u016bmais, pilimis, tiltais, dangorai\u017eiais. I\u0161 akmens, med\u017eio ir betono J\u016bs statote namus ir r\u016bmus. Tai yra tik med\u017eiagos, i\u0161 kuri\u0173 genijus sukuria \u0161edevr\u0105. Staiga suvirpinate mano \u0161ird\u012f, nud\u017eiuginate mane. Laimingas galiu pasakyti: \u201eTai - nuostabu.\u201c Tokia yra architekt\u016bra. (Le Corbusier, 1923)\" \/>\n<meta name=\"robots\" content=\"index, follow, max-snippet:-1, max-image-preview:large, max-video-preview:-1\" \/>\n<link rel=\"canonical\" href=\"https:\/\/skaitytaknyga.lt\/en\/produktas\/didingiausi-pasaulio-statiniai-architekturos-sedevrai-ir-inzinerija\/\" \/>\n<meta property=\"og:locale\" content=\"en_GB\" \/>\n<meta property=\"og:locale:alternate\" content=\"lt_LT\" \/>\n<meta property=\"og:type\" content=\"article\" \/>\n<meta property=\"og:title\" content=\"Didingiausi pasaulio statiniai: architekt\u016bros \u0161edevrai ir in\u017einerija - Skaitytaknyga\" \/>\n<meta property=\"og:description\" content=\"\u0160i knyga kvie\u010dia \u012f kelion\u0119, kuri Jus supa\u017eindins su \u0161imtu puikiausi\u0173 architekt\u016bros k\u016brini\u0173: \u0161ventyklomis, r\u016bmais, pilimis, tiltais, dangorai\u017eiais. I\u0161 akmens, med\u017eio ir betono J\u016bs statote namus ir r\u016bmus. Tai yra tik med\u017eiagos, i\u0161 kuri\u0173 genijus sukuria \u0161edevr\u0105. Staiga suvirpinate mano \u0161ird\u012f, nud\u017eiuginate mane. Laimingas galiu pasakyti: \u201eTai - nuostabu.\u201c Tokia yra architekt\u016bra. (Le Corbusier, 1923)\" \/>\n<meta property=\"og:url\" content=\"https:\/\/skaitytaknyga.lt\/en\/produktas\/didingiausi-pasaulio-statiniai-architekturos-sedevrai-ir-inzinerija\/\" \/>\n<meta property=\"og:site_name\" content=\"Skaitytaknyga\" \/>\n<meta property=\"article:publisher\" content=\"https:\/\/www.facebook.com\/skaitytaknyga\/\" \/>\n<meta property=\"article:modified_time\" content=\"2025-11-12T15:59:31+00:00\" \/>\n<meta property=\"og:image\" content=\"https:\/\/skaitytaknyga.lt\/wp-content\/uploads\/2024\/05\/Be-pavadinimo-12.png\" \/>\n\t<meta property=\"og:image:width\" content=\"432\" \/>\n\t<meta property=\"og:image:height\" content=\"747\" \/>\n\t<meta property=\"og:image:type\" content=\"image\/png\" \/>\n<meta name=\"twitter:card\" content=\"summary_large_image\" \/>\n<script type=\"application\/ld+json\" class=\"yoast-schema-graph\">{\"@context\":\"https:\/\/schema.org\",\"@graph\":[{\"@type\":\"WebPage\",\"@id\":\"https:\/\/skaitytaknyga.lt\/produktas\/didingiausi-pasaulio-statiniai-architekturos-sedevrai-ir-inzinerija\/\",\"url\":\"https:\/\/skaitytaknyga.lt\/produktas\/didingiausi-pasaulio-statiniai-architekturos-sedevrai-ir-inzinerija\/\",\"name\":\"Didingiausi pasaulio statiniai: architekt\u016bros \u0161edevrai ir in\u017einerija - Skaitytaknyga\",\"isPartOf\":{\"@id\":\"https:\/\/skaitytaknyga.lt\/#website\"},\"primaryImageOfPage\":{\"@id\":\"https:\/\/skaitytaknyga.lt\/produktas\/didingiausi-pasaulio-statiniai-architekturos-sedevrai-ir-inzinerija\/#primaryimage\"},\"image\":{\"@id\":\"https:\/\/skaitytaknyga.lt\/produktas\/didingiausi-pasaulio-statiniai-architekturos-sedevrai-ir-inzinerija\/#primaryimage\"},\"thumbnailUrl\":\"https:\/\/skaitytaknyga.lt\/wp-content\/uploads\/2024\/05\/Be-pavadinimo-12.png\",\"datePublished\":\"2024-05-04T19:15:24+00:00\",\"dateModified\":\"2025-11-12T15:59:31+00:00\",\"description\":\"\u0160i knyga kvie\u010dia \u012f kelion\u0119, kuri Jus supa\u017eindins su \u0161imtu puikiausi\u0173 architekt\u016bros k\u016brini\u0173: \u0161ventyklomis, r\u016bmais, pilimis, tiltais, dangorai\u017eiais. I\u0161 akmens, med\u017eio ir betono J\u016bs statote namus ir r\u016bmus. Tai yra tik med\u017eiagos, i\u0161 kuri\u0173 genijus sukuria \u0161edevr\u0105. Staiga suvirpinate mano \u0161ird\u012f, nud\u017eiuginate mane. Laimingas galiu pasakyti: \u201eTai - nuostabu.\u201c Tokia yra architekt\u016bra. (Le Corbusier, 1923)\",\"breadcrumb\":{\"@id\":\"https:\/\/skaitytaknyga.lt\/produktas\/didingiausi-pasaulio-statiniai-architekturos-sedevrai-ir-inzinerija\/#breadcrumb\"},\"inLanguage\":\"en-GB\",\"potentialAction\":[{\"@type\":\"ReadAction\",\"target\":[\"https:\/\/skaitytaknyga.lt\/produktas\/didingiausi-pasaulio-statiniai-architekturos-sedevrai-ir-inzinerija\/\"]}]},{\"@type\":\"ImageObject\",\"inLanguage\":\"en-GB\",\"@id\":\"https:\/\/skaitytaknyga.lt\/produktas\/didingiausi-pasaulio-statiniai-architekturos-sedevrai-ir-inzinerija\/#primaryimage\",\"url\":\"https:\/\/skaitytaknyga.lt\/wp-content\/uploads\/2024\/05\/Be-pavadinimo-12.png\",\"contentUrl\":\"https:\/\/skaitytaknyga.lt\/wp-content\/uploads\/2024\/05\/Be-pavadinimo-12.png\",\"width\":432,\"height\":747},{\"@type\":\"BreadcrumbList\",\"@id\":\"https:\/\/skaitytaknyga.lt\/produktas\/didingiausi-pasaulio-statiniai-architekturos-sedevrai-ir-inzinerija\/#breadcrumb\",\"itemListElement\":[{\"@type\":\"ListItem\",\"position\":1,\"name\":\"Home\",\"item\":\"https:\/\/skaitytaknyga.lt\/\"},{\"@type\":\"ListItem\",\"position\":2,\"name\":\"Parduotuv\u0117\",\"item\":\"https:\/\/skaitytaknyga.lt\/knygu-parduotuve\/\"},{\"@type\":\"ListItem\",\"position\":3,\"name\":\"Didingiausi pasaulio statiniai: architekt\u016bros \u0161edevrai ir in\u017einerija\"}]},{\"@type\":\"WebSite\",\"@id\":\"https:\/\/skaitytaknyga.lt\/#website\",\"url\":\"https:\/\/skaitytaknyga.lt\/\",\"name\":\"skaitytaknyga.lt\",\"description\":\"Skaitytaknyga.lt \u2013 tai ma\u017eas \u0161eimos verslas, kuris prasid\u0117jo nuo meil\u0117s knygoms ir siekio i\u0161gelb\u0117ti knygas nuo likimo prie konteinerio. Kas vienam nereikalingas daiktas \u2013 kitam lobis, o mes esame tarpininkai, kurie padeda abiems tapti laimingesniems ???? \u017dinome kaip nelengva i\u0161gyventi ma\u017eiems verslams, tad nuo \u0161iol, \u010dia rasite ir kit\u0173, ma\u017e\u0173 \u0161eim\u0173 versl\u0173, rank\u0173 darbo, dovan\u0173 sau ir artimiesiems.\",\"publisher\":{\"@id\":\"https:\/\/skaitytaknyga.lt\/#organization\"},\"potentialAction\":[{\"@type\":\"SearchAction\",\"target\":{\"@type\":\"EntryPoint\",\"urlTemplate\":\"https:\/\/skaitytaknyga.lt\/?s={search_term_string}\"},\"query-input\":{\"@type\":\"PropertyValueSpecification\",\"valueRequired\":true,\"valueName\":\"search_term_string\"}}],\"inLanguage\":\"en-GB\"},{\"@type\":\"Organization\",\"@id\":\"https:\/\/skaitytaknyga.lt\/#organization\",\"name\":\"skaitytaknyga.lt\",\"url\":\"https:\/\/skaitytaknyga.lt\/\",\"logo\":{\"@type\":\"ImageObject\",\"inLanguage\":\"en-GB\",\"@id\":\"https:\/\/skaitytaknyga.lt\/#\/schema\/logo\/image\/\",\"url\":\"https:\/\/skaitytaknyga.lt\/wp-content\/uploads\/2024\/05\/cropped-cropped-cropped-02_00843_jt3bggkj1j3HLc7SyY6rEUpg.jpeg\",\"contentUrl\":\"https:\/\/skaitytaknyga.lt\/wp-content\/uploads\/2024\/05\/cropped-cropped-cropped-02_00843_jt3bggkj1j3HLc7SyY6rEUpg.jpeg\",\"width\":1600,\"height\":1600,\"caption\":\"skaitytaknyga.lt\"},\"image\":{\"@id\":\"https:\/\/skaitytaknyga.lt\/#\/schema\/logo\/image\/\"},\"sameAs\":[\"https:\/\/www.facebook.com\/skaitytaknyga\/\"]}]}<\/script>\n<!-- \/ Yoast SEO plugin. -->","yoast_head_json":{"title":"Didingiausi pasaulio statiniai: architekt\u016bros \u0161edevrai ir in\u017einerija - Skaitytaknyga","description":"\u0160i knyga kvie\u010dia \u012f kelion\u0119, kuri Jus supa\u017eindins su \u0161imtu puikiausi\u0173 architekt\u016bros k\u016brini\u0173: \u0161ventyklomis, r\u016bmais, pilimis, tiltais, dangorai\u017eiais. I\u0161 akmens, med\u017eio ir betono J\u016bs statote namus ir r\u016bmus. Tai yra tik med\u017eiagos, i\u0161 kuri\u0173 genijus sukuria \u0161edevr\u0105. Staiga suvirpinate mano \u0161ird\u012f, nud\u017eiuginate mane. Laimingas galiu pasakyti: \u201eTai - nuostabu.\u201c Tokia yra architekt\u016bra. (Le Corbusier, 1923)","robots":{"index":"index","follow":"follow","max-snippet":"max-snippet:-1","max-image-preview":"max-image-preview:large","max-video-preview":"max-video-preview:-1"},"canonical":"https:\/\/skaitytaknyga.lt\/en\/produktas\/didingiausi-pasaulio-statiniai-architekturos-sedevrai-ir-inzinerija\/","og_locale":"en_GB","og_type":"article","og_title":"Didingiausi pasaulio statiniai: architekt\u016bros \u0161edevrai ir in\u017einerija - Skaitytaknyga","og_description":"\u0160i knyga kvie\u010dia \u012f kelion\u0119, kuri Jus supa\u017eindins su \u0161imtu puikiausi\u0173 architekt\u016bros k\u016brini\u0173: \u0161ventyklomis, r\u016bmais, pilimis, tiltais, dangorai\u017eiais. I\u0161 akmens, med\u017eio ir betono J\u016bs statote namus ir r\u016bmus. Tai yra tik med\u017eiagos, i\u0161 kuri\u0173 genijus sukuria \u0161edevr\u0105. Staiga suvirpinate mano \u0161ird\u012f, nud\u017eiuginate mane. Laimingas galiu pasakyti: \u201eTai - nuostabu.\u201c Tokia yra architekt\u016bra. (Le Corbusier, 1923)","og_url":"https:\/\/skaitytaknyga.lt\/en\/produktas\/didingiausi-pasaulio-statiniai-architekturos-sedevrai-ir-inzinerija\/","og_site_name":"Skaitytaknyga","article_publisher":"https:\/\/www.facebook.com\/skaitytaknyga\/","article_modified_time":"2025-11-12T15:59:31+00:00","og_image":[{"width":432,"height":747,"url":"https:\/\/skaitytaknyga.lt\/wp-content\/uploads\/2024\/05\/Be-pavadinimo-12.png","type":"image\/png"}],"twitter_card":"summary_large_image","schema":{"@context":"https:\/\/schema.org","@graph":[{"@type":"WebPage","@id":"https:\/\/skaitytaknyga.lt\/produktas\/didingiausi-pasaulio-statiniai-architekturos-sedevrai-ir-inzinerija\/","url":"https:\/\/skaitytaknyga.lt\/produktas\/didingiausi-pasaulio-statiniai-architekturos-sedevrai-ir-inzinerija\/","name":"Didingiausi pasaulio statiniai: architekt\u016bros \u0161edevrai ir in\u017einerija - Skaitytaknyga","isPartOf":{"@id":"https:\/\/skaitytaknyga.lt\/#website"},"primaryImageOfPage":{"@id":"https:\/\/skaitytaknyga.lt\/produktas\/didingiausi-pasaulio-statiniai-architekturos-sedevrai-ir-inzinerija\/#primaryimage"},"image":{"@id":"https:\/\/skaitytaknyga.lt\/produktas\/didingiausi-pasaulio-statiniai-architekturos-sedevrai-ir-inzinerija\/#primaryimage"},"thumbnailUrl":"https:\/\/skaitytaknyga.lt\/wp-content\/uploads\/2024\/05\/Be-pavadinimo-12.png","datePublished":"2024-05-04T19:15:24+00:00","dateModified":"2025-11-12T15:59:31+00:00","description":"\u0160i knyga kvie\u010dia \u012f kelion\u0119, kuri Jus supa\u017eindins su \u0161imtu puikiausi\u0173 architekt\u016bros k\u016brini\u0173: \u0161ventyklomis, r\u016bmais, pilimis, tiltais, dangorai\u017eiais. I\u0161 akmens, med\u017eio ir betono J\u016bs statote namus ir r\u016bmus. Tai yra tik med\u017eiagos, i\u0161 kuri\u0173 genijus sukuria \u0161edevr\u0105. Staiga suvirpinate mano \u0161ird\u012f, nud\u017eiuginate mane. Laimingas galiu pasakyti: \u201eTai - nuostabu.\u201c Tokia yra architekt\u016bra. (Le Corbusier, 1923)","breadcrumb":{"@id":"https:\/\/skaitytaknyga.lt\/produktas\/didingiausi-pasaulio-statiniai-architekturos-sedevrai-ir-inzinerija\/#breadcrumb"},"inLanguage":"en-GB","potentialAction":[{"@type":"ReadAction","target":["https:\/\/skaitytaknyga.lt\/produktas\/didingiausi-pasaulio-statiniai-architekturos-sedevrai-ir-inzinerija\/"]}]},{"@type":"ImageObject","inLanguage":"en-GB","@id":"https:\/\/skaitytaknyga.lt\/produktas\/didingiausi-pasaulio-statiniai-architekturos-sedevrai-ir-inzinerija\/#primaryimage","url":"https:\/\/skaitytaknyga.lt\/wp-content\/uploads\/2024\/05\/Be-pavadinimo-12.png","contentUrl":"https:\/\/skaitytaknyga.lt\/wp-content\/uploads\/2024\/05\/Be-pavadinimo-12.png","width":432,"height":747},{"@type":"BreadcrumbList","@id":"https:\/\/skaitytaknyga.lt\/produktas\/didingiausi-pasaulio-statiniai-architekturos-sedevrai-ir-inzinerija\/#breadcrumb","itemListElement":[{"@type":"ListItem","position":1,"name":"Home","item":"https:\/\/skaitytaknyga.lt\/"},{"@type":"ListItem","position":2,"name":"Parduotuv\u0117","item":"https:\/\/skaitytaknyga.lt\/knygu-parduotuve\/"},{"@type":"ListItem","position":3,"name":"Didingiausi pasaulio statiniai: architekt\u016bros \u0161edevrai ir in\u017einerija"}]},{"@type":"WebSite","@id":"https:\/\/skaitytaknyga.lt\/#website","url":"https:\/\/skaitytaknyga.lt\/","name":"skaitytaknyga.lt","description":"Skaitytaknyga.lt \u2013 tai ma\u017eas \u0161eimos verslas, kuris prasid\u0117jo nuo meil\u0117s knygoms ir siekio i\u0161gelb\u0117ti knygas nuo likimo prie konteinerio. Kas vienam nereikalingas daiktas \u2013 kitam lobis, o mes esame tarpininkai, kurie padeda abiems tapti laimingesniems ???? \u017dinome kaip nelengva i\u0161gyventi ma\u017eiems verslams, tad nuo \u0161iol, \u010dia rasite ir kit\u0173, ma\u017e\u0173 \u0161eim\u0173 versl\u0173, rank\u0173 darbo, dovan\u0173 sau ir artimiesiems.","publisher":{"@id":"https:\/\/skaitytaknyga.lt\/#organization"},"potentialAction":[{"@type":"SearchAction","target":{"@type":"EntryPoint","urlTemplate":"https:\/\/skaitytaknyga.lt\/?s={search_term_string}"},"query-input":{"@type":"PropertyValueSpecification","valueRequired":true,"valueName":"search_term_string"}}],"inLanguage":"en-GB"},{"@type":"Organization","@id":"https:\/\/skaitytaknyga.lt\/#organization","name":"skaitytaknyga.lt","url":"https:\/\/skaitytaknyga.lt\/","logo":{"@type":"ImageObject","inLanguage":"en-GB","@id":"https:\/\/skaitytaknyga.lt\/#\/schema\/logo\/image\/","url":"https:\/\/skaitytaknyga.lt\/wp-content\/uploads\/2024\/05\/cropped-cropped-cropped-02_00843_jt3bggkj1j3HLc7SyY6rEUpg.jpeg","contentUrl":"https:\/\/skaitytaknyga.lt\/wp-content\/uploads\/2024\/05\/cropped-cropped-cropped-02_00843_jt3bggkj1j3HLc7SyY6rEUpg.jpeg","width":1600,"height":1600,"caption":"skaitytaknyga.lt"},"image":{"@id":"https:\/\/skaitytaknyga.lt\/#\/schema\/logo\/image\/"},"sameAs":["https:\/\/www.facebook.com\/skaitytaknyga\/"]}]}},"_links":{"self":[{"href":"https:\/\/skaitytaknyga.lt\/en\/wp-json\/wp\/v2\/product\/10787","targetHints":{"allow":["GET"]}}],"collection":[{"href":"https:\/\/skaitytaknyga.lt\/en\/wp-json\/wp\/v2\/product"}],"about":[{"href":"https:\/\/skaitytaknyga.lt\/en\/wp-json\/wp\/v2\/types\/product"}],"replies":[{"embeddable":true,"href":"https:\/\/skaitytaknyga.lt\/en\/wp-json\/wp\/v2\/comments?post=10787"}],"wp:featuredmedia":[{"embeddable":true,"href":"https:\/\/skaitytaknyga.lt\/en\/wp-json\/wp\/v2\/media\/10820"}],"wp:attachment":[{"href":"https:\/\/skaitytaknyga.lt\/en\/wp-json\/wp\/v2\/media?parent=10787"}],"wp:term":[{"taxonomy":"product_brand","embeddable":true,"href":"https:\/\/skaitytaknyga.lt\/en\/wp-json\/wp\/v2\/product_brand?post=10787"},{"taxonomy":"product_cat","embeddable":true,"href":"https:\/\/skaitytaknyga.lt\/en\/wp-json\/wp\/v2\/product_cat?post=10787"},{"taxonomy":"product_tag","embeddable":true,"href":"https:\/\/skaitytaknyga.lt\/en\/wp-json\/wp\/v2\/product_tag?post=10787"}],"curies":[{"name":"wp","href":"https:\/\/api.w.org\/{rel}","templated":true}]}}