{"id":10786,"date":"2024-05-04T19:15:24","date_gmt":"2024-05-04T19:15:24","guid":{"rendered":"https:\/\/skaitytaknyga.lt\/?post_type=product&#038;p=10786"},"modified":"2025-10-02T11:00:39","modified_gmt":"2025-10-02T08:00:39","slug":"olijardas-lukosevicius-palomenes-istorija-xx-amzius","status":"publish","type":"product","link":"https:\/\/skaitytaknyga.lt\/en\/produktas\/olijardas-lukosevicius-palomenes-istorija-xx-amzius\/","title":{"rendered":"Olijardas Luko\u0161evi\u010dius \u201ePalomen\u0117s istorija: XX am\u017eius\u201c"},"content":{"rendered":"<p>Knygoje pristatoma Palomen\u0117s apylinki\u0173 istorija XX am\u017eiuje, ypatingas d\u0117mesys skiriamas Palomen\u0117s parapijos susik\u016brimui 1915 m., tarpukario laikotarpiui, Antrajam pasauliniam karui ir pokariui, sovietme\u010diui bei permainoms atk\u016brus nepriklausomyb\u0119 1990 m. Knygos turinys grind\u017eiamas archyvine med\u017eiaga, prisiminimais, fotografijomis.\u00a0Knyga i\u0161leista pagal Palomen\u0117s kult\u016bros centro parengt\u0105 projekt\u0105.<\/p>\n","protected":false},"excerpt":{"rendered":"<p>Knygoje pristatoma Palomen\u0117s apylinki\u0173 istorija XX am\u017eiuje, ypatingas d\u0117mesys skiriamas Palomen\u0117s parapijos susik\u016brimui 1915 m., tarpukario laikotarpiui, Antrajam pasauliniam karui ir pokariui, sovietme\u010diui bei permainoms atk\u016brus nepriklausomyb\u0119 1990 m. Knygos turinys grind\u017eiamas archyvine med\u017eiaga, prisiminimais, fotografijomis.\u00a0Knyga i\u0161leista pagal Palomen\u0117s kult\u016bros centro parengt\u0105 projekt\u0105.<\/p>\n","protected":false},"featured_media":10819,"comment_status":"closed","ping_status":"closed","template":"","meta":{"_acf_changed":false,"site-sidebar-layout":"default","site-content-layout":"","ast-site-content-layout":"default","site-content-style":"default","site-sidebar-style":"default","ast-global-header-display":"","ast-banner-title-visibility":"","ast-main-header-display":"","ast-hfb-above-header-display":"","ast-hfb-below-header-display":"","ast-hfb-mobile-header-display":"","site-post-title":"","ast-breadcrumbs-content":"","ast-featured-img":"","footer-sml-layout":"","ast-disable-related-posts":"","theme-transparent-header-meta":"","adv-header-id-meta":"","stick-header-meta":"","header-above-stick-meta":"","header-main-stick-meta":"","header-below-stick-meta":"","astra-migrate-meta-layouts":"default","ast-page-background-enabled":"default","ast-page-background-meta":{"desktop":{"background-color":"","background-image":"","background-repeat":"repeat","background-position":"center center","background-size":"auto","background-attachment":"scroll","background-type":"","background-media":"","overlay-type":"","overlay-color":"","overlay-opacity":"","overlay-gradient":""},"tablet":{"background-color":"","background-image":"","background-repeat":"repeat","background-position":"center center","background-size":"auto","background-attachment":"scroll","background-type":"","background-media":"","overlay-type":"","overlay-color":"","overlay-opacity":"","overlay-gradient":""},"mobile":{"background-color":"","background-image":"","background-repeat":"repeat","background-position":"center center","background-size":"auto","background-attachment":"scroll","background-type":"","background-media":"","overlay-type":"","overlay-color":"","overlay-opacity":"","overlay-gradient":""}},"ast-content-background-meta":{"desktop":{"background-color":"var(--ast-global-color-4)","background-image":"","background-repeat":"repeat","background-position":"center center","background-size":"auto","background-attachment":"scroll","background-type":"","background-media":"","overlay-type":"","overlay-color":"","overlay-opacity":"","overlay-gradient":""},"tablet":{"background-color":"var(--ast-global-color-4)","background-image":"","background-repeat":"repeat","background-position":"center center","background-size":"auto","background-attachment":"scroll","background-type":"","background-media":"","overlay-type":"","overlay-color":"","overlay-opacity":"","overlay-gradient":""},"mobile":{"background-color":"var(--ast-global-color-4)","background-image":"","background-repeat":"repeat","background-position":"center center","background-size":"auto","background-attachment":"scroll","background-type":"","background-media":"","overlay-type":"","overlay-color":"","overlay-opacity":"","overlay-gradient":""}}},"product_brand":[],"product_cat":[174],"product_tag":[],"class_list":{"0":"post-10786","1":"product","2":"type-product","3":"status-publish","4":"has-post-thumbnail","6":"product_cat-istorija-ir-politologija","7":"pa_leidimo-metai-93","8":"desktop-align-left","9":"tablet-align-left","10":"mobile-align-left","12":"first","13":"outofstock","14":"shipping-taxable","15":"purchasable","16":"product-type-simple"},"acf":[],"yoast_head":"<!-- This site is optimized with the Yoast SEO plugin v27.0 - https:\/\/yoast.com\/product\/yoast-seo-wordpress\/ -->\n<title>Olijardas Luko\u0161evi\u010dius \u201ePalomen\u0117s istorija: XX am\u017eius\u201c - Skaitytaknyga<\/title>\n<meta name=\"description\" content=\"Knygoje pristatoma Palomen\u0117s apylinki\u0173 istorija XX am\u017eiuje, ypatingas d\u0117mesys skiriamas Palomen\u0117s parapijos susik\u016brimui 1915 m., tarpukario laikotarpiui, Antrajam pasauliniam karui ir pokariui, sovietme\u010diui bei permainoms atk\u016brus nepriklausomyb\u0119 1990 m. Knygos turinys grind\u017eiamas archyvine med\u017eiaga, prisiminimais, fotografijomis.\u00a0Knyga i\u0161leista pagal Palomen\u0117s kult\u016bros centro parengt\u0105 projekt\u0105.\" \/>\n<meta name=\"robots\" content=\"index, follow, max-snippet:-1, max-image-preview:large, max-video-preview:-1\" \/>\n<link rel=\"canonical\" href=\"https:\/\/skaitytaknyga.lt\/en\/produktas\/olijardas-lukosevicius-palomenes-istorija-xx-amzius\/\" \/>\n<meta property=\"og:locale\" content=\"en_GB\" \/>\n<meta property=\"og:locale:alternate\" content=\"lt_LT\" \/>\n<meta property=\"og:type\" content=\"article\" \/>\n<meta property=\"og:title\" content=\"Olijardas Luko\u0161evi\u010dius \u201ePalomen\u0117s istorija: XX am\u017eius\u201c - Skaitytaknyga\" \/>\n<meta property=\"og:description\" content=\"Knygoje pristatoma Palomen\u0117s apylinki\u0173 istorija XX am\u017eiuje, ypatingas d\u0117mesys skiriamas Palomen\u0117s parapijos susik\u016brimui 1915 m., tarpukario laikotarpiui, Antrajam pasauliniam karui ir pokariui, sovietme\u010diui bei permainoms atk\u016brus nepriklausomyb\u0119 1990 m. Knygos turinys grind\u017eiamas archyvine med\u017eiaga, prisiminimais, fotografijomis.\u00a0Knyga i\u0161leista pagal Palomen\u0117s kult\u016bros centro parengt\u0105 projekt\u0105.\" \/>\n<meta property=\"og:url\" content=\"https:\/\/skaitytaknyga.lt\/en\/produktas\/olijardas-lukosevicius-palomenes-istorija-xx-amzius\/\" \/>\n<meta property=\"og:site_name\" content=\"Skaitytaknyga\" \/>\n<meta property=\"article:publisher\" content=\"https:\/\/www.facebook.com\/skaitytaknyga\/\" \/>\n<meta property=\"article:modified_time\" content=\"2025-10-02T08:00:39+00:00\" \/>\n<meta property=\"og:image\" content=\"https:\/\/skaitytaknyga.lt\/wp-content\/uploads\/2024\/05\/Palomenes-istorija-3.jpg\" \/>\n\t<meta property=\"og:image:width\" content=\"726\" \/>\n\t<meta property=\"og:image:height\" content=\"1000\" \/>\n\t<meta property=\"og:image:type\" content=\"image\/jpeg\" \/>\n<meta name=\"twitter:card\" content=\"summary_large_image\" \/>\n<script type=\"application\/ld+json\" class=\"yoast-schema-graph\">{\"@context\":\"https:\/\/schema.org\",\"@graph\":[{\"@type\":\"WebPage\",\"@id\":\"https:\/\/skaitytaknyga.lt\/produktas\/olijardas-lukosevicius-palomenes-istorija-xx-amzius\/\",\"url\":\"https:\/\/skaitytaknyga.lt\/produktas\/olijardas-lukosevicius-palomenes-istorija-xx-amzius\/\",\"name\":\"Olijardas Luko\u0161evi\u010dius \u201ePalomen\u0117s istorija: XX am\u017eius\u201c - Skaitytaknyga\",\"isPartOf\":{\"@id\":\"https:\/\/skaitytaknyga.lt\/#website\"},\"primaryImageOfPage\":{\"@id\":\"https:\/\/skaitytaknyga.lt\/produktas\/olijardas-lukosevicius-palomenes-istorija-xx-amzius\/#primaryimage\"},\"image\":{\"@id\":\"https:\/\/skaitytaknyga.lt\/produktas\/olijardas-lukosevicius-palomenes-istorija-xx-amzius\/#primaryimage\"},\"thumbnailUrl\":\"https:\/\/skaitytaknyga.lt\/wp-content\/uploads\/2024\/05\/Palomenes-istorija-3.jpg\",\"datePublished\":\"2024-05-04T19:15:24+00:00\",\"dateModified\":\"2025-10-02T08:00:39+00:00\",\"description\":\"Knygoje pristatoma Palomen\u0117s apylinki\u0173 istorija XX am\u017eiuje, ypatingas d\u0117mesys skiriamas Palomen\u0117s parapijos susik\u016brimui 1915 m., tarpukario laikotarpiui, Antrajam pasauliniam karui ir pokariui, sovietme\u010diui bei permainoms atk\u016brus nepriklausomyb\u0119 1990 m. Knygos turinys grind\u017eiamas archyvine med\u017eiaga, prisiminimais, fotografijomis.\u00a0Knyga i\u0161leista pagal Palomen\u0117s kult\u016bros centro parengt\u0105 projekt\u0105.\",\"breadcrumb\":{\"@id\":\"https:\/\/skaitytaknyga.lt\/produktas\/olijardas-lukosevicius-palomenes-istorija-xx-amzius\/#breadcrumb\"},\"inLanguage\":\"en-GB\",\"potentialAction\":[{\"@type\":\"ReadAction\",\"target\":[\"https:\/\/skaitytaknyga.lt\/produktas\/olijardas-lukosevicius-palomenes-istorija-xx-amzius\/\"]}]},{\"@type\":\"ImageObject\",\"inLanguage\":\"en-GB\",\"@id\":\"https:\/\/skaitytaknyga.lt\/produktas\/olijardas-lukosevicius-palomenes-istorija-xx-amzius\/#primaryimage\",\"url\":\"https:\/\/skaitytaknyga.lt\/wp-content\/uploads\/2024\/05\/Palomenes-istorija-3.jpg\",\"contentUrl\":\"https:\/\/skaitytaknyga.lt\/wp-content\/uploads\/2024\/05\/Palomenes-istorija-3.jpg\",\"width\":726,\"height\":1000},{\"@type\":\"BreadcrumbList\",\"@id\":\"https:\/\/skaitytaknyga.lt\/produktas\/olijardas-lukosevicius-palomenes-istorija-xx-amzius\/#breadcrumb\",\"itemListElement\":[{\"@type\":\"ListItem\",\"position\":1,\"name\":\"Home\",\"item\":\"https:\/\/skaitytaknyga.lt\/\"},{\"@type\":\"ListItem\",\"position\":2,\"name\":\"Parduotuv\u0117\",\"item\":\"https:\/\/skaitytaknyga.lt\/knygu-parduotuve\/\"},{\"@type\":\"ListItem\",\"position\":3,\"name\":\"Olijardas Luko\u0161evi\u010dius \u201ePalomen\u0117s istorija: XX am\u017eius\u201c\"}]},{\"@type\":\"WebSite\",\"@id\":\"https:\/\/skaitytaknyga.lt\/#website\",\"url\":\"https:\/\/skaitytaknyga.lt\/\",\"name\":\"skaitytaknyga.lt\",\"description\":\"Skaitytaknyga.lt \u2013 tai ma\u017eas \u0161eimos verslas, kuris prasid\u0117jo nuo meil\u0117s knygoms ir siekio i\u0161gelb\u0117ti knygas nuo likimo prie konteinerio. Kas vienam nereikalingas daiktas \u2013 kitam lobis, o mes esame tarpininkai, kurie padeda abiems tapti laimingesniems ???? \u017dinome kaip nelengva i\u0161gyventi ma\u017eiems verslams, tad nuo \u0161iol, \u010dia rasite ir kit\u0173, ma\u017e\u0173 \u0161eim\u0173 versl\u0173, rank\u0173 darbo, dovan\u0173 sau ir artimiesiems.\",\"publisher\":{\"@id\":\"https:\/\/skaitytaknyga.lt\/#organization\"},\"potentialAction\":[{\"@type\":\"SearchAction\",\"target\":{\"@type\":\"EntryPoint\",\"urlTemplate\":\"https:\/\/skaitytaknyga.lt\/?s={search_term_string}\"},\"query-input\":{\"@type\":\"PropertyValueSpecification\",\"valueRequired\":true,\"valueName\":\"search_term_string\"}}],\"inLanguage\":\"en-GB\"},{\"@type\":\"Organization\",\"@id\":\"https:\/\/skaitytaknyga.lt\/#organization\",\"name\":\"skaitytaknyga.lt\",\"url\":\"https:\/\/skaitytaknyga.lt\/\",\"logo\":{\"@type\":\"ImageObject\",\"inLanguage\":\"en-GB\",\"@id\":\"https:\/\/skaitytaknyga.lt\/#\/schema\/logo\/image\/\",\"url\":\"https:\/\/skaitytaknyga.lt\/wp-content\/uploads\/2024\/05\/cropped-cropped-cropped-02_00843_jt3bggkj1j3HLc7SyY6rEUpg.jpeg\",\"contentUrl\":\"https:\/\/skaitytaknyga.lt\/wp-content\/uploads\/2024\/05\/cropped-cropped-cropped-02_00843_jt3bggkj1j3HLc7SyY6rEUpg.jpeg\",\"width\":1600,\"height\":1600,\"caption\":\"skaitytaknyga.lt\"},\"image\":{\"@id\":\"https:\/\/skaitytaknyga.lt\/#\/schema\/logo\/image\/\"},\"sameAs\":[\"https:\/\/www.facebook.com\/skaitytaknyga\/\"]}]}<\/script>\n<!-- \/ Yoast SEO plugin. -->","yoast_head_json":{"title":"Olijardas Luko\u0161evi\u010dius \u201ePalomen\u0117s istorija: XX am\u017eius\u201c - Skaitytaknyga","description":"Knygoje pristatoma Palomen\u0117s apylinki\u0173 istorija XX am\u017eiuje, ypatingas d\u0117mesys skiriamas Palomen\u0117s parapijos susik\u016brimui 1915 m., tarpukario laikotarpiui, Antrajam pasauliniam karui ir pokariui, sovietme\u010diui bei permainoms atk\u016brus nepriklausomyb\u0119 1990 m. Knygos turinys grind\u017eiamas archyvine med\u017eiaga, prisiminimais, fotografijomis.\u00a0Knyga i\u0161leista pagal Palomen\u0117s kult\u016bros centro parengt\u0105 projekt\u0105.","robots":{"index":"index","follow":"follow","max-snippet":"max-snippet:-1","max-image-preview":"max-image-preview:large","max-video-preview":"max-video-preview:-1"},"canonical":"https:\/\/skaitytaknyga.lt\/en\/produktas\/olijardas-lukosevicius-palomenes-istorija-xx-amzius\/","og_locale":"en_GB","og_type":"article","og_title":"Olijardas Luko\u0161evi\u010dius \u201ePalomen\u0117s istorija: XX am\u017eius\u201c - Skaitytaknyga","og_description":"Knygoje pristatoma Palomen\u0117s apylinki\u0173 istorija XX am\u017eiuje, ypatingas d\u0117mesys skiriamas Palomen\u0117s parapijos susik\u016brimui 1915 m., tarpukario laikotarpiui, Antrajam pasauliniam karui ir pokariui, sovietme\u010diui bei permainoms atk\u016brus nepriklausomyb\u0119 1990 m. Knygos turinys grind\u017eiamas archyvine med\u017eiaga, prisiminimais, fotografijomis.\u00a0Knyga i\u0161leista pagal Palomen\u0117s kult\u016bros centro parengt\u0105 projekt\u0105.","og_url":"https:\/\/skaitytaknyga.lt\/en\/produktas\/olijardas-lukosevicius-palomenes-istorija-xx-amzius\/","og_site_name":"Skaitytaknyga","article_publisher":"https:\/\/www.facebook.com\/skaitytaknyga\/","article_modified_time":"2025-10-02T08:00:39+00:00","og_image":[{"width":726,"height":1000,"url":"https:\/\/skaitytaknyga.lt\/wp-content\/uploads\/2024\/05\/Palomenes-istorija-3.jpg","type":"image\/jpeg"}],"twitter_card":"summary_large_image","schema":{"@context":"https:\/\/schema.org","@graph":[{"@type":"WebPage","@id":"https:\/\/skaitytaknyga.lt\/produktas\/olijardas-lukosevicius-palomenes-istorija-xx-amzius\/","url":"https:\/\/skaitytaknyga.lt\/produktas\/olijardas-lukosevicius-palomenes-istorija-xx-amzius\/","name":"Olijardas Luko\u0161evi\u010dius \u201ePalomen\u0117s istorija: XX am\u017eius\u201c - Skaitytaknyga","isPartOf":{"@id":"https:\/\/skaitytaknyga.lt\/#website"},"primaryImageOfPage":{"@id":"https:\/\/skaitytaknyga.lt\/produktas\/olijardas-lukosevicius-palomenes-istorija-xx-amzius\/#primaryimage"},"image":{"@id":"https:\/\/skaitytaknyga.lt\/produktas\/olijardas-lukosevicius-palomenes-istorija-xx-amzius\/#primaryimage"},"thumbnailUrl":"https:\/\/skaitytaknyga.lt\/wp-content\/uploads\/2024\/05\/Palomenes-istorija-3.jpg","datePublished":"2024-05-04T19:15:24+00:00","dateModified":"2025-10-02T08:00:39+00:00","description":"Knygoje pristatoma Palomen\u0117s apylinki\u0173 istorija XX am\u017eiuje, ypatingas d\u0117mesys skiriamas Palomen\u0117s parapijos susik\u016brimui 1915 m., tarpukario laikotarpiui, Antrajam pasauliniam karui ir pokariui, sovietme\u010diui bei permainoms atk\u016brus nepriklausomyb\u0119 1990 m. Knygos turinys grind\u017eiamas archyvine med\u017eiaga, prisiminimais, fotografijomis.\u00a0Knyga i\u0161leista pagal Palomen\u0117s kult\u016bros centro parengt\u0105 projekt\u0105.","breadcrumb":{"@id":"https:\/\/skaitytaknyga.lt\/produktas\/olijardas-lukosevicius-palomenes-istorija-xx-amzius\/#breadcrumb"},"inLanguage":"en-GB","potentialAction":[{"@type":"ReadAction","target":["https:\/\/skaitytaknyga.lt\/produktas\/olijardas-lukosevicius-palomenes-istorija-xx-amzius\/"]}]},{"@type":"ImageObject","inLanguage":"en-GB","@id":"https:\/\/skaitytaknyga.lt\/produktas\/olijardas-lukosevicius-palomenes-istorija-xx-amzius\/#primaryimage","url":"https:\/\/skaitytaknyga.lt\/wp-content\/uploads\/2024\/05\/Palomenes-istorija-3.jpg","contentUrl":"https:\/\/skaitytaknyga.lt\/wp-content\/uploads\/2024\/05\/Palomenes-istorija-3.jpg","width":726,"height":1000},{"@type":"BreadcrumbList","@id":"https:\/\/skaitytaknyga.lt\/produktas\/olijardas-lukosevicius-palomenes-istorija-xx-amzius\/#breadcrumb","itemListElement":[{"@type":"ListItem","position":1,"name":"Home","item":"https:\/\/skaitytaknyga.lt\/"},{"@type":"ListItem","position":2,"name":"Parduotuv\u0117","item":"https:\/\/skaitytaknyga.lt\/knygu-parduotuve\/"},{"@type":"ListItem","position":3,"name":"Olijardas Luko\u0161evi\u010dius \u201ePalomen\u0117s istorija: XX am\u017eius\u201c"}]},{"@type":"WebSite","@id":"https:\/\/skaitytaknyga.lt\/#website","url":"https:\/\/skaitytaknyga.lt\/","name":"skaitytaknyga.lt","description":"Skaitytaknyga.lt \u2013 tai ma\u017eas \u0161eimos verslas, kuris prasid\u0117jo nuo meil\u0117s knygoms ir siekio i\u0161gelb\u0117ti knygas nuo likimo prie konteinerio. Kas vienam nereikalingas daiktas \u2013 kitam lobis, o mes esame tarpininkai, kurie padeda abiems tapti laimingesniems ???? \u017dinome kaip nelengva i\u0161gyventi ma\u017eiems verslams, tad nuo \u0161iol, \u010dia rasite ir kit\u0173, ma\u017e\u0173 \u0161eim\u0173 versl\u0173, rank\u0173 darbo, dovan\u0173 sau ir artimiesiems.","publisher":{"@id":"https:\/\/skaitytaknyga.lt\/#organization"},"potentialAction":[{"@type":"SearchAction","target":{"@type":"EntryPoint","urlTemplate":"https:\/\/skaitytaknyga.lt\/?s={search_term_string}"},"query-input":{"@type":"PropertyValueSpecification","valueRequired":true,"valueName":"search_term_string"}}],"inLanguage":"en-GB"},{"@type":"Organization","@id":"https:\/\/skaitytaknyga.lt\/#organization","name":"skaitytaknyga.lt","url":"https:\/\/skaitytaknyga.lt\/","logo":{"@type":"ImageObject","inLanguage":"en-GB","@id":"https:\/\/skaitytaknyga.lt\/#\/schema\/logo\/image\/","url":"https:\/\/skaitytaknyga.lt\/wp-content\/uploads\/2024\/05\/cropped-cropped-cropped-02_00843_jt3bggkj1j3HLc7SyY6rEUpg.jpeg","contentUrl":"https:\/\/skaitytaknyga.lt\/wp-content\/uploads\/2024\/05\/cropped-cropped-cropped-02_00843_jt3bggkj1j3HLc7SyY6rEUpg.jpeg","width":1600,"height":1600,"caption":"skaitytaknyga.lt"},"image":{"@id":"https:\/\/skaitytaknyga.lt\/#\/schema\/logo\/image\/"},"sameAs":["https:\/\/www.facebook.com\/skaitytaknyga\/"]}]}},"_links":{"self":[{"href":"https:\/\/skaitytaknyga.lt\/en\/wp-json\/wp\/v2\/product\/10786","targetHints":{"allow":["GET"]}}],"collection":[{"href":"https:\/\/skaitytaknyga.lt\/en\/wp-json\/wp\/v2\/product"}],"about":[{"href":"https:\/\/skaitytaknyga.lt\/en\/wp-json\/wp\/v2\/types\/product"}],"replies":[{"embeddable":true,"href":"https:\/\/skaitytaknyga.lt\/en\/wp-json\/wp\/v2\/comments?post=10786"}],"wp:featuredmedia":[{"embeddable":true,"href":"https:\/\/skaitytaknyga.lt\/en\/wp-json\/wp\/v2\/media\/10819"}],"wp:attachment":[{"href":"https:\/\/skaitytaknyga.lt\/en\/wp-json\/wp\/v2\/media?parent=10786"}],"wp:term":[{"taxonomy":"product_brand","embeddable":true,"href":"https:\/\/skaitytaknyga.lt\/en\/wp-json\/wp\/v2\/product_brand?post=10786"},{"taxonomy":"product_cat","embeddable":true,"href":"https:\/\/skaitytaknyga.lt\/en\/wp-json\/wp\/v2\/product_cat?post=10786"},{"taxonomy":"product_tag","embeddable":true,"href":"https:\/\/skaitytaknyga.lt\/en\/wp-json\/wp\/v2\/product_tag?post=10786"}],"curies":[{"name":"wp","href":"https:\/\/api.w.org\/{rel}","templated":true}]}}