{"id":10780,"date":"2024-05-04T19:15:00","date_gmt":"2024-05-04T19:15:00","guid":{"rendered":"https:\/\/skaitytaknyga.lt\/?post_type=product&#038;p=10780"},"modified":"2026-03-18T14:59:57","modified_gmt":"2026-03-18T12:59:57","slug":"pranas-zagarys-jonavos-kaimas","status":"publish","type":"product","link":"https:\/\/skaitytaknyga.lt\/en\/produktas\/pranas-zagarys-jonavos-kaimas\/","title":{"rendered":"Pranas \u017dagarys \u201eJonavos kaimas\u201c"},"content":{"rendered":"<div>Dabartinio Roki\u0161kio rajono \u0161iaurin\u0117je dalyje, apie 3 km nuo Latvijos, iki baud\u017eiavos panaikinimo buvo \u010cedas\u0173 dvaro, valdomo graf\u0173 Komar\u0173, filialas \u2013 palivarkas, vadintas Jovov arba Janovo. Baud\u017eiavos naikinimo metu \u0161is palivarkas buvo i\u0161dalintas 1847\u20131857 m. laikotarpiu pon\u0173 i\u0161 \u016bki\u0173 i\u0161varytiems baud\u017eiauninkams po 3 de\u0161imtines \u017eem\u0117s kiekvienam. Taip vietoj palivarko buvo \u012fkurtas r\u0117\u017einis kaimas, kur\u012f vietiniai lietuviai vadino Jonava. Knygoje apra\u0161omi su \u0161iuo kaimu susij\u0119 \u012fvykiai nuo 1861 iki 1953 met\u0173.<\/div>\n<div><\/div>\n<div>Dauguma seniausi\u0173 \u012fvyki\u0173 apra\u0161yti remiantis dokumentais. Kiek siek\u0117 autoriaus t\u0117v\u0173 ir kit\u0173 sen\u0173 \u017emoni\u0173 atmintis, dokumentuose u\u017efiksuoti \u012fvykiai papildomi j\u0173 atsiminimais. Kaimo istorija baigiama paties autoriaus atsiminimais.<\/div>\n<div><\/div>\n<div>Jonavos kaimo istorija papildoma pora tem\u0173, susijusi\u0173 su visa Lietuva. Pirmoji \u2013 pokario Lietuvos kaimie\u010di\u0173 l\u016bkes\u010diai ir j\u0173 nei\u0161sipildymas. Antroji \u2013 Lietuvos vietovard\u017ei\u0173 nereikalingas darkymas dabartiniu metu.<\/div>\n","protected":false},"excerpt":{"rendered":"<div>Dabartinio Roki\u0161kio rajono \u0161iaurin\u0117je dalyje, apie 3 km nuo Latvijos, iki baud\u017eiavos panaikinimo buvo \u010cedas\u0173 dvaro, valdomo graf\u0173 Komar\u0173, filialas \u2013 palivarkas, vadintas Jovov arba Janovo. Baud\u017eiavos naikinimo metu \u0161is palivarkas buvo i\u0161dalintas 1847\u20131857 m. laikotarpiu pon\u0173 i\u0161 \u016bki\u0173 i\u0161varytiems baud\u017eiauninkams po 3 de\u0161imtines \u017eem\u0117s kiekvienam. Taip vietoj palivarko buvo \u012fkurtas r\u0117\u017einis kaimas, kur\u012f vietiniai lietuviai vadino Jonava. Knygoje apra\u0161omi su \u0161iuo kaimu susij\u0119 \u012fvykiai nuo 1861 iki 1953 met\u0173.<\/div>\n<div><\/div>\n<div>Dauguma seniausi\u0173 \u012fvyki\u0173 apra\u0161yti remiantis dokumentais. Kiek siek\u0117 autoriaus t\u0117v\u0173 ir kit\u0173 sen\u0173 \u017emoni\u0173 atmintis, dokumentuose u\u017efiksuoti \u012fvykiai papildomi j\u0173 atsiminimais. Kaimo istorija baigiama paties autoriaus atsiminimais.<\/div>\n<div><\/div>\n<div>Jonavos kaimo istorija papildoma pora tem\u0173, susijusi\u0173 su visa Lietuva. Pirmoji \u2013 pokario Lietuvos kaimie\u010di\u0173 l\u016bkes\u010diai ir j\u0173 nei\u0161sipildymas. Antroji \u2013 Lietuvos vietovard\u017ei\u0173 nereikalingas darkymas dabartiniu metu.<\/div>\n","protected":false},"featured_media":10808,"comment_status":"closed","ping_status":"closed","template":"","meta":{"_acf_changed":false,"site-sidebar-layout":"default","site-content-layout":"","ast-site-content-layout":"default","site-content-style":"default","site-sidebar-style":"default","ast-global-header-display":"","ast-banner-title-visibility":"","ast-main-header-display":"","ast-hfb-above-header-display":"","ast-hfb-below-header-display":"","ast-hfb-mobile-header-display":"","site-post-title":"","ast-breadcrumbs-content":"","ast-featured-img":"","footer-sml-layout":"","ast-disable-related-posts":"","theme-transparent-header-meta":"","adv-header-id-meta":"","stick-header-meta":"","header-above-stick-meta":"","header-main-stick-meta":"","header-below-stick-meta":"","astra-migrate-meta-layouts":"default","ast-page-background-enabled":"default","ast-page-background-meta":{"desktop":{"background-color":"","background-image":"","background-repeat":"repeat","background-position":"center center","background-size":"auto","background-attachment":"scroll","background-type":"","background-media":"","overlay-type":"","overlay-color":"","overlay-opacity":"","overlay-gradient":""},"tablet":{"background-color":"","background-image":"","background-repeat":"repeat","background-position":"center center","background-size":"auto","background-attachment":"scroll","background-type":"","background-media":"","overlay-type":"","overlay-color":"","overlay-opacity":"","overlay-gradient":""},"mobile":{"background-color":"","background-image":"","background-repeat":"repeat","background-position":"center center","background-size":"auto","background-attachment":"scroll","background-type":"","background-media":"","overlay-type":"","overlay-color":"","overlay-opacity":"","overlay-gradient":""}},"ast-content-background-meta":{"desktop":{"background-color":"var(--ast-global-color-4)","background-image":"","background-repeat":"repeat","background-position":"center center","background-size":"auto","background-attachment":"scroll","background-type":"","background-media":"","overlay-type":"","overlay-color":"","overlay-opacity":"","overlay-gradient":""},"tablet":{"background-color":"var(--ast-global-color-4)","background-image":"","background-repeat":"repeat","background-position":"center center","background-size":"auto","background-attachment":"scroll","background-type":"","background-media":"","overlay-type":"","overlay-color":"","overlay-opacity":"","overlay-gradient":""},"mobile":{"background-color":"var(--ast-global-color-4)","background-image":"","background-repeat":"repeat","background-position":"center center","background-size":"auto","background-attachment":"scroll","background-type":"","background-media":"","overlay-type":"","overlay-color":"","overlay-opacity":"","overlay-gradient":""}}},"product_brand":[],"product_cat":[9862,174],"product_tag":[],"class_list":{"0":"post-10780","1":"product","2":"type-product","3":"status-publish","4":"has-post-thumbnail","6":"product_cat-lietuvos-istorija","7":"product_cat-istorija-ir-politologija","8":"pa_leidimo-metai-93","9":"desktop-align-left","10":"tablet-align-left","11":"mobile-align-left","13":"first","14":"instock","15":"shipping-taxable","16":"purchasable","17":"product-type-simple"},"acf":[],"yoast_head":"<!-- This site is optimized with the Yoast SEO plugin v27.0 - https:\/\/yoast.com\/product\/yoast-seo-wordpress\/ -->\n<title>Pranas \u017dagarys \u201eJonavos kaimas\u201c<\/title>\n<meta name=\"description\" content=\"Dabartinio Roki\u0161kio rajono \u0161iaurin\u0117je dalyje, apie 3 km nuo Latvijos, iki baud\u017eiavos panaikinimo buvo \u010cedas\u0173 dvaro, valdomo graf\u0173 Komar\u0173, filialas \u2013 palivarkas, vadintas Jovov arba Janovo. Baud\u017eiavos naikinimo metu \u0161is palivarkas buvo i\u0161dalintas 1847\u20131857 m. laikotarpiu pon\u0173 i\u0161 \u016bki\u0173 i\u0161varytiems baud\u017eiauninkams po 3 de\u0161imtines \u017eem\u0117s kiekvienam. Taip vietoj palivarko buvo \u012fkurtas r\u0117\u017einis kaimas, kur\u012f vietiniai lietuviai vadino Jonava. Knygoje apra\u0161omi su \u0161iuo kaimu susij\u0119 \u012fvykiai nuo 1861 iki 1953 met\u0173.  Dauguma seniausi\u0173 \u012fvyki\u0173 apra\u0161yti remiantis dokumentais. Kiek siek\u0117 autoriaus t\u0117v\u0173 ir kit\u0173 sen\u0173 \u017emoni\u0173 atmintis, dokumentuose u\u017efiksuoti \u012fvykiai papildomi j\u0173 atsiminimais. Kaimo istorija baigiama paties autoriaus atsiminimais.  Jonavos kaimo istorija papildoma pora tem\u0173, susijusi\u0173 su visa Lietuva. Pirmoji \u2013 pokario Lietuvos kaimie\u010di\u0173 l\u016bkes\u010diai ir j\u0173 nei\u0161sipildymas. Antroji \u2013 Lietuvos vietovard\u017ei\u0173 nereikalingas darkymas dabartiniu metu.\" \/>\n<meta name=\"robots\" content=\"index, follow, max-snippet:-1, max-image-preview:large, max-video-preview:-1\" \/>\n<link rel=\"canonical\" href=\"https:\/\/skaitytaknyga.lt\/en\/produktas\/pranas-zagarys-jonavos-kaimas\/\" \/>\n<meta property=\"og:locale\" content=\"en_GB\" \/>\n<meta property=\"og:locale:alternate\" content=\"lt_LT\" \/>\n<meta property=\"og:type\" content=\"article\" \/>\n<meta property=\"og:title\" content=\"Pranas \u017dagarys \u201eJonavos kaimas\u201c\" \/>\n<meta property=\"og:description\" content=\"Dabartinio Roki\u0161kio rajono \u0161iaurin\u0117je dalyje, apie 3 km nuo Latvijos, iki baud\u017eiavos panaikinimo buvo \u010cedas\u0173 dvaro, valdomo graf\u0173 Komar\u0173, filialas \u2013 palivarkas, vadintas Jovov arba Janovo. Baud\u017eiavos naikinimo metu \u0161is palivarkas buvo i\u0161dalintas 1847\u20131857 m. laikotarpiu pon\u0173 i\u0161 \u016bki\u0173 i\u0161varytiems baud\u017eiauninkams po 3 de\u0161imtines \u017eem\u0117s kiekvienam. Taip vietoj palivarko buvo \u012fkurtas r\u0117\u017einis kaimas, kur\u012f vietiniai lietuviai vadino Jonava. Knygoje apra\u0161omi su \u0161iuo kaimu susij\u0119 \u012fvykiai nuo 1861 iki 1953 met\u0173.  Dauguma seniausi\u0173 \u012fvyki\u0173 apra\u0161yti remiantis dokumentais. Kiek siek\u0117 autoriaus t\u0117v\u0173 ir kit\u0173 sen\u0173 \u017emoni\u0173 atmintis, dokumentuose u\u017efiksuoti \u012fvykiai papildomi j\u0173 atsiminimais. Kaimo istorija baigiama paties autoriaus atsiminimais.  Jonavos kaimo istorija papildoma pora tem\u0173, susijusi\u0173 su visa Lietuva. Pirmoji \u2013 pokario Lietuvos kaimie\u010di\u0173 l\u016bkes\u010diai ir j\u0173 nei\u0161sipildymas. Antroji \u2013 Lietuvos vietovard\u017ei\u0173 nereikalingas darkymas dabartiniu metu.\" \/>\n<meta property=\"og:url\" content=\"https:\/\/skaitytaknyga.lt\/en\/produktas\/pranas-zagarys-jonavos-kaimas\/\" \/>\n<meta property=\"og:site_name\" content=\"Skaitytaknyga\" \/>\n<meta property=\"article:publisher\" content=\"https:\/\/www.facebook.com\/skaitytaknyga\/\" \/>\n<meta property=\"article:modified_time\" content=\"2026-03-18T12:59:57+00:00\" \/>\n<meta property=\"og:image\" content=\"https:\/\/skaitytaknyga.lt\/wp-content\/uploads\/2024\/05\/000000000002170094-59de869112223-asset-knyguklubas-cdb_jonavos-kaimas_p1.jpg\" \/>\n\t<meta property=\"og:image:width\" content=\"285\" \/>\n\t<meta property=\"og:image:height\" content=\"407\" \/>\n\t<meta property=\"og:image:type\" content=\"image\/jpeg\" \/>\n<meta name=\"twitter:card\" content=\"summary_large_image\" \/>\n<meta name=\"twitter:label1\" content=\"Estimated reading time\" \/>\n\t<meta name=\"twitter:data1\" content=\"1 minute\" \/>\n<script type=\"application\/ld+json\" class=\"yoast-schema-graph\">{\"@context\":\"https:\/\/schema.org\",\"@graph\":[{\"@type\":\"WebPage\",\"@id\":\"https:\/\/skaitytaknyga.lt\/produktas\/pranas-zagarys-jonavos-kaimas\/\",\"url\":\"https:\/\/skaitytaknyga.lt\/produktas\/pranas-zagarys-jonavos-kaimas\/\",\"name\":\"Pranas \u017dagarys \u201eJonavos kaimas\u201c\",\"isPartOf\":{\"@id\":\"https:\/\/skaitytaknyga.lt\/#website\"},\"primaryImageOfPage\":{\"@id\":\"https:\/\/skaitytaknyga.lt\/produktas\/pranas-zagarys-jonavos-kaimas\/#primaryimage\"},\"image\":{\"@id\":\"https:\/\/skaitytaknyga.lt\/produktas\/pranas-zagarys-jonavos-kaimas\/#primaryimage\"},\"thumbnailUrl\":\"https:\/\/skaitytaknyga.lt\/wp-content\/uploads\/2024\/05\/000000000002170094-59de869112223-asset-knyguklubas-cdb_jonavos-kaimas_p1.jpg\",\"datePublished\":\"2024-05-04T19:15:00+00:00\",\"dateModified\":\"2026-03-18T12:59:57+00:00\",\"description\":\"Dabartinio Roki\u0161kio rajono \u0161iaurin\u0117je dalyje, apie 3 km nuo Latvijos, iki baud\u017eiavos panaikinimo buvo \u010cedas\u0173 dvaro, valdomo graf\u0173 Komar\u0173, filialas \u2013 palivarkas, vadintas Jovov arba Janovo. Baud\u017eiavos naikinimo metu \u0161is palivarkas buvo i\u0161dalintas 1847\u20131857 m. laikotarpiu pon\u0173 i\u0161 \u016bki\u0173 i\u0161varytiems baud\u017eiauninkams po 3 de\u0161imtines \u017eem\u0117s kiekvienam. Taip vietoj palivarko buvo \u012fkurtas r\u0117\u017einis kaimas, kur\u012f vietiniai lietuviai vadino Jonava. Knygoje apra\u0161omi su \u0161iuo kaimu susij\u0119 \u012fvykiai nuo 1861 iki 1953 met\u0173. Dauguma seniausi\u0173 \u012fvyki\u0173 apra\u0161yti remiantis dokumentais. Kiek siek\u0117 autoriaus t\u0117v\u0173 ir kit\u0173 sen\u0173 \u017emoni\u0173 atmintis, dokumentuose u\u017efiksuoti \u012fvykiai papildomi j\u0173 atsiminimais. Kaimo istorija baigiama paties autoriaus atsiminimais. Jonavos kaimo istorija papildoma pora tem\u0173, susijusi\u0173 su visa Lietuva. Pirmoji \u2013 pokario Lietuvos kaimie\u010di\u0173 l\u016bkes\u010diai ir j\u0173 nei\u0161sipildymas. Antroji \u2013 Lietuvos vietovard\u017ei\u0173 nereikalingas darkymas dabartiniu metu.\",\"breadcrumb\":{\"@id\":\"https:\/\/skaitytaknyga.lt\/produktas\/pranas-zagarys-jonavos-kaimas\/#breadcrumb\"},\"inLanguage\":\"en-GB\",\"potentialAction\":[{\"@type\":\"ReadAction\",\"target\":[\"https:\/\/skaitytaknyga.lt\/produktas\/pranas-zagarys-jonavos-kaimas\/\"]}]},{\"@type\":\"ImageObject\",\"inLanguage\":\"en-GB\",\"@id\":\"https:\/\/skaitytaknyga.lt\/produktas\/pranas-zagarys-jonavos-kaimas\/#primaryimage\",\"url\":\"https:\/\/skaitytaknyga.lt\/wp-content\/uploads\/2024\/05\/000000000002170094-59de869112223-asset-knyguklubas-cdb_jonavos-kaimas_p1.jpg\",\"contentUrl\":\"https:\/\/skaitytaknyga.lt\/wp-content\/uploads\/2024\/05\/000000000002170094-59de869112223-asset-knyguklubas-cdb_jonavos-kaimas_p1.jpg\",\"width\":285,\"height\":407},{\"@type\":\"BreadcrumbList\",\"@id\":\"https:\/\/skaitytaknyga.lt\/produktas\/pranas-zagarys-jonavos-kaimas\/#breadcrumb\",\"itemListElement\":[{\"@type\":\"ListItem\",\"position\":1,\"name\":\"Home\",\"item\":\"https:\/\/skaitytaknyga.lt\/\"},{\"@type\":\"ListItem\",\"position\":2,\"name\":\"Parduotuv\u0117\",\"item\":\"https:\/\/skaitytaknyga.lt\/knygu-parduotuve\/\"},{\"@type\":\"ListItem\",\"position\":3,\"name\":\"Pranas \u017dagarys \u201eJonavos kaimas\u201c\"}]},{\"@type\":\"WebSite\",\"@id\":\"https:\/\/skaitytaknyga.lt\/#website\",\"url\":\"https:\/\/skaitytaknyga.lt\/\",\"name\":\"skaitytaknyga.lt\",\"description\":\"Skaitytaknyga.lt \u2013 tai ma\u017eas \u0161eimos verslas, kuris prasid\u0117jo nuo meil\u0117s knygoms ir siekio i\u0161gelb\u0117ti knygas nuo likimo prie konteinerio. Kas vienam nereikalingas daiktas \u2013 kitam lobis, o mes esame tarpininkai, kurie padeda abiems tapti laimingesniems ???? \u017dinome kaip nelengva i\u0161gyventi ma\u017eiems verslams, tad nuo \u0161iol, \u010dia rasite ir kit\u0173, ma\u017e\u0173 \u0161eim\u0173 versl\u0173, rank\u0173 darbo, dovan\u0173 sau ir artimiesiems.\",\"publisher\":{\"@id\":\"https:\/\/skaitytaknyga.lt\/#organization\"},\"potentialAction\":[{\"@type\":\"SearchAction\",\"target\":{\"@type\":\"EntryPoint\",\"urlTemplate\":\"https:\/\/skaitytaknyga.lt\/?s={search_term_string}\"},\"query-input\":{\"@type\":\"PropertyValueSpecification\",\"valueRequired\":true,\"valueName\":\"search_term_string\"}}],\"inLanguage\":\"en-GB\"},{\"@type\":\"Organization\",\"@id\":\"https:\/\/skaitytaknyga.lt\/#organization\",\"name\":\"skaitytaknyga.lt\",\"url\":\"https:\/\/skaitytaknyga.lt\/\",\"logo\":{\"@type\":\"ImageObject\",\"inLanguage\":\"en-GB\",\"@id\":\"https:\/\/skaitytaknyga.lt\/#\/schema\/logo\/image\/\",\"url\":\"https:\/\/skaitytaknyga.lt\/wp-content\/uploads\/2024\/05\/cropped-cropped-cropped-02_00843_jt3bggkj1j3HLc7SyY6rEUpg.jpeg\",\"contentUrl\":\"https:\/\/skaitytaknyga.lt\/wp-content\/uploads\/2024\/05\/cropped-cropped-cropped-02_00843_jt3bggkj1j3HLc7SyY6rEUpg.jpeg\",\"width\":1600,\"height\":1600,\"caption\":\"skaitytaknyga.lt\"},\"image\":{\"@id\":\"https:\/\/skaitytaknyga.lt\/#\/schema\/logo\/image\/\"},\"sameAs\":[\"https:\/\/www.facebook.com\/skaitytaknyga\/\"]}]}<\/script>\n<!-- \/ Yoast SEO plugin. -->","yoast_head_json":{"title":"Pranas \u017dagarys \u201eJonavos kaimas\u201c","description":"Dabartinio Roki\u0161kio rajono \u0161iaurin\u0117je dalyje, apie 3 km nuo Latvijos, iki baud\u017eiavos panaikinimo buvo \u010cedas\u0173 dvaro, valdomo graf\u0173 Komar\u0173, filialas \u2013 palivarkas, vadintas Jovov arba Janovo. Baud\u017eiavos naikinimo metu \u0161is palivarkas buvo i\u0161dalintas 1847\u20131857 m. laikotarpiu pon\u0173 i\u0161 \u016bki\u0173 i\u0161varytiems baud\u017eiauninkams po 3 de\u0161imtines \u017eem\u0117s kiekvienam. Taip vietoj palivarko buvo \u012fkurtas r\u0117\u017einis kaimas, kur\u012f vietiniai lietuviai vadino Jonava. Knygoje apra\u0161omi su \u0161iuo kaimu susij\u0119 \u012fvykiai nuo 1861 iki 1953 met\u0173.  Dauguma seniausi\u0173 \u012fvyki\u0173 apra\u0161yti remiantis dokumentais. Kiek siek\u0117 autoriaus t\u0117v\u0173 ir kit\u0173 sen\u0173 \u017emoni\u0173 atmintis, dokumentuose u\u017efiksuoti \u012fvykiai papildomi j\u0173 atsiminimais. Kaimo istorija baigiama paties autoriaus atsiminimais.  Jonavos kaimo istorija papildoma pora tem\u0173, susijusi\u0173 su visa Lietuva. Pirmoji \u2013 pokario Lietuvos kaimie\u010di\u0173 l\u016bkes\u010diai ir j\u0173 nei\u0161sipildymas. Antroji \u2013 Lietuvos vietovard\u017ei\u0173 nereikalingas darkymas dabartiniu metu.","robots":{"index":"index","follow":"follow","max-snippet":"max-snippet:-1","max-image-preview":"max-image-preview:large","max-video-preview":"max-video-preview:-1"},"canonical":"https:\/\/skaitytaknyga.lt\/en\/produktas\/pranas-zagarys-jonavos-kaimas\/","og_locale":"en_GB","og_type":"article","og_title":"[:lt]Pranas \u017dagarys \u201eJonavos kaimas\u201c[:] - Skaitytaknyga","og_description":"Dabartinio Roki\u0161kio rajono \u0161iaurin\u0117je dalyje, apie 3 km nuo Latvijos, iki baud\u017eiavos panaikinimo buvo \u010cedas\u0173 dvaro, valdomo graf\u0173 Komar\u0173, filialas \u2013 palivarkas, vadintas Jovov arba Janovo. Baud\u017eiavos naikinimo metu \u0161is palivarkas buvo i\u0161dalintas 1847\u20131857 m. laikotarpiu pon\u0173 i\u0161 \u016bki\u0173 i\u0161varytiems baud\u017eiauninkams po 3 de\u0161imtines \u017eem\u0117s kiekvienam. Taip vietoj palivarko buvo \u012fkurtas r\u0117\u017einis kaimas, kur\u012f vietiniai lietuviai vadino Jonava. Knygoje apra\u0161omi su \u0161iuo kaimu susij\u0119 \u012fvykiai nuo 1861 iki 1953 met\u0173.  Dauguma seniausi\u0173 \u012fvyki\u0173 apra\u0161yti remiantis dokumentais. Kiek siek\u0117 autoriaus t\u0117v\u0173 ir kit\u0173 sen\u0173 \u017emoni\u0173 atmintis, dokumentuose u\u017efiksuoti \u012fvykiai papildomi j\u0173 atsiminimais. Kaimo istorija baigiama paties autoriaus atsiminimais.  Jonavos kaimo istorija papildoma pora tem\u0173, susijusi\u0173 su visa Lietuva. Pirmoji \u2013 pokario Lietuvos kaimie\u010di\u0173 l\u016bkes\u010diai ir j\u0173 nei\u0161sipildymas. Antroji \u2013 Lietuvos vietovard\u017ei\u0173 nereikalingas darkymas dabartiniu metu.","og_url":"https:\/\/skaitytaknyga.lt\/en\/produktas\/pranas-zagarys-jonavos-kaimas\/","og_site_name":"Skaitytaknyga","article_publisher":"https:\/\/www.facebook.com\/skaitytaknyga\/","article_modified_time":"2026-03-18T12:59:57+00:00","og_image":[{"width":285,"height":407,"url":"https:\/\/skaitytaknyga.lt\/wp-content\/uploads\/2024\/05\/000000000002170094-59de869112223-asset-knyguklubas-cdb_jonavos-kaimas_p1.jpg","type":"image\/jpeg"}],"twitter_card":"summary_large_image","twitter_misc":{"Estimated reading time":"1 minute"},"schema":{"@context":"https:\/\/schema.org","@graph":[{"@type":"WebPage","@id":"https:\/\/skaitytaknyga.lt\/produktas\/pranas-zagarys-jonavos-kaimas\/","url":"https:\/\/skaitytaknyga.lt\/produktas\/pranas-zagarys-jonavos-kaimas\/","name":"Pranas \u017dagarys \u201eJonavos kaimas\u201c","isPartOf":{"@id":"https:\/\/skaitytaknyga.lt\/#website"},"primaryImageOfPage":{"@id":"https:\/\/skaitytaknyga.lt\/produktas\/pranas-zagarys-jonavos-kaimas\/#primaryimage"},"image":{"@id":"https:\/\/skaitytaknyga.lt\/produktas\/pranas-zagarys-jonavos-kaimas\/#primaryimage"},"thumbnailUrl":"https:\/\/skaitytaknyga.lt\/wp-content\/uploads\/2024\/05\/000000000002170094-59de869112223-asset-knyguklubas-cdb_jonavos-kaimas_p1.jpg","datePublished":"2024-05-04T19:15:00+00:00","dateModified":"2026-03-18T12:59:57+00:00","description":"Dabartinio Roki\u0161kio rajono \u0161iaurin\u0117je dalyje, apie 3 km nuo Latvijos, iki baud\u017eiavos panaikinimo buvo \u010cedas\u0173 dvaro, valdomo graf\u0173 Komar\u0173, filialas \u2013 palivarkas, vadintas Jovov arba Janovo. Baud\u017eiavos naikinimo metu \u0161is palivarkas buvo i\u0161dalintas 1847\u20131857 m. laikotarpiu pon\u0173 i\u0161 \u016bki\u0173 i\u0161varytiems baud\u017eiauninkams po 3 de\u0161imtines \u017eem\u0117s kiekvienam. Taip vietoj palivarko buvo \u012fkurtas r\u0117\u017einis kaimas, kur\u012f vietiniai lietuviai vadino Jonava. Knygoje apra\u0161omi su \u0161iuo kaimu susij\u0119 \u012fvykiai nuo 1861 iki 1953 met\u0173. Dauguma seniausi\u0173 \u012fvyki\u0173 apra\u0161yti remiantis dokumentais. Kiek siek\u0117 autoriaus t\u0117v\u0173 ir kit\u0173 sen\u0173 \u017emoni\u0173 atmintis, dokumentuose u\u017efiksuoti \u012fvykiai papildomi j\u0173 atsiminimais. Kaimo istorija baigiama paties autoriaus atsiminimais. Jonavos kaimo istorija papildoma pora tem\u0173, susijusi\u0173 su visa Lietuva. Pirmoji \u2013 pokario Lietuvos kaimie\u010di\u0173 l\u016bkes\u010diai ir j\u0173 nei\u0161sipildymas. Antroji \u2013 Lietuvos vietovard\u017ei\u0173 nereikalingas darkymas dabartiniu metu.","breadcrumb":{"@id":"https:\/\/skaitytaknyga.lt\/produktas\/pranas-zagarys-jonavos-kaimas\/#breadcrumb"},"inLanguage":"en-GB","potentialAction":[{"@type":"ReadAction","target":["https:\/\/skaitytaknyga.lt\/produktas\/pranas-zagarys-jonavos-kaimas\/"]}]},{"@type":"ImageObject","inLanguage":"en-GB","@id":"https:\/\/skaitytaknyga.lt\/produktas\/pranas-zagarys-jonavos-kaimas\/#primaryimage","url":"https:\/\/skaitytaknyga.lt\/wp-content\/uploads\/2024\/05\/000000000002170094-59de869112223-asset-knyguklubas-cdb_jonavos-kaimas_p1.jpg","contentUrl":"https:\/\/skaitytaknyga.lt\/wp-content\/uploads\/2024\/05\/000000000002170094-59de869112223-asset-knyguklubas-cdb_jonavos-kaimas_p1.jpg","width":285,"height":407},{"@type":"BreadcrumbList","@id":"https:\/\/skaitytaknyga.lt\/produktas\/pranas-zagarys-jonavos-kaimas\/#breadcrumb","itemListElement":[{"@type":"ListItem","position":1,"name":"Home","item":"https:\/\/skaitytaknyga.lt\/"},{"@type":"ListItem","position":2,"name":"Parduotuv\u0117","item":"https:\/\/skaitytaknyga.lt\/knygu-parduotuve\/"},{"@type":"ListItem","position":3,"name":"Pranas \u017dagarys \u201eJonavos kaimas\u201c"}]},{"@type":"WebSite","@id":"https:\/\/skaitytaknyga.lt\/#website","url":"https:\/\/skaitytaknyga.lt\/","name":"skaitytaknyga.lt","description":"Skaitytaknyga.lt \u2013 tai ma\u017eas \u0161eimos verslas, kuris prasid\u0117jo nuo meil\u0117s knygoms ir siekio i\u0161gelb\u0117ti knygas nuo likimo prie konteinerio. Kas vienam nereikalingas daiktas \u2013 kitam lobis, o mes esame tarpininkai, kurie padeda abiems tapti laimingesniems ???? \u017dinome kaip nelengva i\u0161gyventi ma\u017eiems verslams, tad nuo \u0161iol, \u010dia rasite ir kit\u0173, ma\u017e\u0173 \u0161eim\u0173 versl\u0173, rank\u0173 darbo, dovan\u0173 sau ir artimiesiems.","publisher":{"@id":"https:\/\/skaitytaknyga.lt\/#organization"},"potentialAction":[{"@type":"SearchAction","target":{"@type":"EntryPoint","urlTemplate":"https:\/\/skaitytaknyga.lt\/?s={search_term_string}"},"query-input":{"@type":"PropertyValueSpecification","valueRequired":true,"valueName":"search_term_string"}}],"inLanguage":"en-GB"},{"@type":"Organization","@id":"https:\/\/skaitytaknyga.lt\/#organization","name":"skaitytaknyga.lt","url":"https:\/\/skaitytaknyga.lt\/","logo":{"@type":"ImageObject","inLanguage":"en-GB","@id":"https:\/\/skaitytaknyga.lt\/#\/schema\/logo\/image\/","url":"https:\/\/skaitytaknyga.lt\/wp-content\/uploads\/2024\/05\/cropped-cropped-cropped-02_00843_jt3bggkj1j3HLc7SyY6rEUpg.jpeg","contentUrl":"https:\/\/skaitytaknyga.lt\/wp-content\/uploads\/2024\/05\/cropped-cropped-cropped-02_00843_jt3bggkj1j3HLc7SyY6rEUpg.jpeg","width":1600,"height":1600,"caption":"skaitytaknyga.lt"},"image":{"@id":"https:\/\/skaitytaknyga.lt\/#\/schema\/logo\/image\/"},"sameAs":["https:\/\/www.facebook.com\/skaitytaknyga\/"]}]}},"_links":{"self":[{"href":"https:\/\/skaitytaknyga.lt\/en\/wp-json\/wp\/v2\/product\/10780","targetHints":{"allow":["GET"]}}],"collection":[{"href":"https:\/\/skaitytaknyga.lt\/en\/wp-json\/wp\/v2\/product"}],"about":[{"href":"https:\/\/skaitytaknyga.lt\/en\/wp-json\/wp\/v2\/types\/product"}],"replies":[{"embeddable":true,"href":"https:\/\/skaitytaknyga.lt\/en\/wp-json\/wp\/v2\/comments?post=10780"}],"wp:featuredmedia":[{"embeddable":true,"href":"https:\/\/skaitytaknyga.lt\/en\/wp-json\/wp\/v2\/media\/10808"}],"wp:attachment":[{"href":"https:\/\/skaitytaknyga.lt\/en\/wp-json\/wp\/v2\/media?parent=10780"}],"wp:term":[{"taxonomy":"product_brand","embeddable":true,"href":"https:\/\/skaitytaknyga.lt\/en\/wp-json\/wp\/v2\/product_brand?post=10780"},{"taxonomy":"product_cat","embeddable":true,"href":"https:\/\/skaitytaknyga.lt\/en\/wp-json\/wp\/v2\/product_cat?post=10780"},{"taxonomy":"product_tag","embeddable":true,"href":"https:\/\/skaitytaknyga.lt\/en\/wp-json\/wp\/v2\/product_tag?post=10780"}],"curies":[{"name":"wp","href":"https:\/\/api.w.org\/{rel}","templated":true}]}}