{"id":10766,"date":"2024-05-04T19:14:13","date_gmt":"2024-05-04T19:14:13","guid":{"rendered":"https:\/\/skaitytaknyga.lt\/?post_type=product&#038;p=10766"},"modified":"2024-05-04T19:15:52","modified_gmt":"2024-05-04T19:15:52","slug":"jonas-mackonis-boruzes-odisejos","status":"publish","type":"product","link":"https:\/\/skaitytaknyga.lt\/en\/produktas\/jonas-mackonis-boruzes-odisejos\/","title":{"rendered":"Jonas Mackonis \u201eBoru\u017e\u0117s odis\u0117jos\u201c"},"content":{"rendered":"<p>Dailininko\u00a0<strong>Jono Mackonio<\/strong>\u00a0(1922\u20132002) atsiminimai \u2013 meninis dokumentas, atskleid\u017eiantis tiek jo paties, tiek sutikt\u0173 \u017emoni\u0173, Kauno ir Vilniaus dail\u0117s institut\u0173 d\u0117stytoj\u0173 ir student\u0173, charakterius ir gyvenimo peripetijas, kalbantis apie i\u0161likimo pokario ir sovietme\u010dio laikotarpiu galimyb\u0119 ir teis\u0119 b\u016bti savimi. \u0160i sud\u0117tinga kelion\u0117 praeities takais, laiko pieva, \u2013 tai jautrus \u012fsi\u017ei\u016br\u0117jimas \u012f kiekvien\u0105 i\u0161gyvent\u0105 \u012fvyk\u012f.<\/p>\n<p>I\u0161 j\u0173 nuosekliai d\u0117liojamas likimas, kuris u\u017era\u0161ytas tampa m\u016bs\u0173 kult\u016bros savastimi.<\/p>\n","protected":false},"excerpt":{"rendered":"<p>Dailininko\u00a0<strong>Jono Mackonio<\/strong>\u00a0(1922\u20132002) atsiminimai \u2013 meninis dokumentas, atskleid\u017eiantis tiek jo paties, tiek sutikt\u0173 \u017emoni\u0173, Kauno ir Vilniaus dail\u0117s institut\u0173 d\u0117stytoj\u0173 ir student\u0173, charakterius ir gyvenimo peripetijas, kalbantis apie i\u0161likimo pokario ir sovietme\u010dio laikotarpiu galimyb\u0119 ir teis\u0119 b\u016bti savimi. \u0160i sud\u0117tinga kelion\u0117 praeities takais, laiko pieva, \u2013 tai jautrus \u012fsi\u017ei\u016br\u0117jimas \u012f kiekvien\u0105 i\u0161gyvent\u0105 \u012fvyk\u012f.<\/p>\n<p>I\u0161 j\u0173 nuosekliai d\u0117liojamas likimas, kuris u\u017era\u0161ytas tampa m\u016bs\u0173 kult\u016bros savastimi.<\/p>\n","protected":false},"featured_media":10805,"comment_status":"closed","ping_status":"closed","template":"","meta":{"_acf_changed":false,"site-sidebar-layout":"default","site-content-layout":"","ast-site-content-layout":"default","site-content-style":"default","site-sidebar-style":"default","ast-global-header-display":"","ast-banner-title-visibility":"","ast-main-header-display":"","ast-hfb-above-header-display":"","ast-hfb-below-header-display":"","ast-hfb-mobile-header-display":"","site-post-title":"","ast-breadcrumbs-content":"","ast-featured-img":"","footer-sml-layout":"","ast-disable-related-posts":"","theme-transparent-header-meta":"","adv-header-id-meta":"","stick-header-meta":"","header-above-stick-meta":"","header-main-stick-meta":"","header-below-stick-meta":"","astra-migrate-meta-layouts":"default","ast-page-background-enabled":"default","ast-page-background-meta":{"desktop":{"background-color":"","background-image":"","background-repeat":"repeat","background-position":"center center","background-size":"auto","background-attachment":"scroll","background-type":"","background-media":"","overlay-type":"","overlay-color":"","overlay-opacity":"","overlay-gradient":""},"tablet":{"background-color":"","background-image":"","background-repeat":"repeat","background-position":"center center","background-size":"auto","background-attachment":"scroll","background-type":"","background-media":"","overlay-type":"","overlay-color":"","overlay-opacity":"","overlay-gradient":""},"mobile":{"background-color":"","background-image":"","background-repeat":"repeat","background-position":"center center","background-size":"auto","background-attachment":"scroll","background-type":"","background-media":"","overlay-type":"","overlay-color":"","overlay-opacity":"","overlay-gradient":""}},"ast-content-background-meta":{"desktop":{"background-color":"var(--ast-global-color-4)","background-image":"","background-repeat":"repeat","background-position":"center center","background-size":"auto","background-attachment":"scroll","background-type":"","background-media":"","overlay-type":"","overlay-color":"","overlay-opacity":"","overlay-gradient":""},"tablet":{"background-color":"var(--ast-global-color-4)","background-image":"","background-repeat":"repeat","background-position":"center center","background-size":"auto","background-attachment":"scroll","background-type":"","background-media":"","overlay-type":"","overlay-color":"","overlay-opacity":"","overlay-gradient":""},"mobile":{"background-color":"var(--ast-global-color-4)","background-image":"","background-repeat":"repeat","background-position":"center center","background-size":"auto","background-attachment":"scroll","background-type":"","background-media":"","overlay-type":"","overlay-color":"","overlay-opacity":"","overlay-gradient":""}}},"product_brand":[],"product_cat":[33,31],"product_tag":[],"class_list":{"0":"post-10766","1":"product","2":"type-product","3":"status-publish","4":"has-post-thumbnail","6":"product_cat-biografijos","7":"product_cat-grozine-literatura","8":"desktop-align-left","9":"tablet-align-left","10":"mobile-align-left","12":"first","13":"instock","14":"shipping-taxable","15":"purchasable","16":"product-type-simple"},"acf":[],"yoast_head":"<!-- This site is optimized with the Yoast SEO plugin v27.4 - https:\/\/yoast.com\/product\/yoast-seo-wordpress\/ -->\n<title>Jonas Mackonis \u201eBoru\u017e\u0117s odis\u0117jos\u201c - Skaitytaknyga<\/title>\n<meta name=\"description\" content=\"Dailininko\u00a0Jono Mackonio\u00a0(1922\u20132002) atsiminimai \u2013 meninis dokumentas, atskleid\u017eiantis tiek jo paties, tiek sutikt\u0173 \u017emoni\u0173, Kauno ir Vilniaus dail\u0117s institut\u0173 d\u0117stytoj\u0173 ir student\u0173, charakterius ir gyvenimo peripetijas, kalbantis apie i\u0161likimo pokario ir sovietme\u010dio laikotarpiu galimyb\u0119 ir teis\u0119 b\u016bti savimi. \u0160i sud\u0117tinga kelion\u0117 praeities takais, laiko pieva, \u2013 tai jautrus \u012fsi\u017ei\u016br\u0117jimas \u012f kiekvien\u0105 i\u0161gyvent\u0105 \u012fvyk\u012f.  I\u0161 j\u0173 nuosekliai d\u0117liojamas likimas, kuris u\u017era\u0161ytas tampa m\u016bs\u0173 kult\u016bros savastimi.\" \/>\n<meta name=\"robots\" content=\"index, follow, max-snippet:-1, max-image-preview:large, max-video-preview:-1\" \/>\n<link rel=\"canonical\" href=\"https:\/\/skaitytaknyga.lt\/en\/produktas\/jonas-mackonis-boruzes-odisejos\/\" \/>\n<meta property=\"og:locale\" content=\"en_GB\" \/>\n<meta property=\"og:locale:alternate\" content=\"lt_LT\" \/>\n<meta property=\"og:type\" content=\"article\" \/>\n<meta property=\"og:title\" content=\"Jonas Mackonis \u201eBoru\u017e\u0117s odis\u0117jos\u201c - Skaitytaknyga\" \/>\n<meta property=\"og:description\" content=\"Dailininko\u00a0Jono Mackonio\u00a0(1922\u20132002) atsiminimai \u2013 meninis dokumentas, atskleid\u017eiantis tiek jo paties, tiek sutikt\u0173 \u017emoni\u0173, Kauno ir Vilniaus dail\u0117s institut\u0173 d\u0117stytoj\u0173 ir student\u0173, charakterius ir gyvenimo peripetijas, kalbantis apie i\u0161likimo pokario ir sovietme\u010dio laikotarpiu galimyb\u0119 ir teis\u0119 b\u016bti savimi. \u0160i sud\u0117tinga kelion\u0117 praeities takais, laiko pieva, \u2013 tai jautrus \u012fsi\u017ei\u016br\u0117jimas \u012f kiekvien\u0105 i\u0161gyvent\u0105 \u012fvyk\u012f.  I\u0161 j\u0173 nuosekliai d\u0117liojamas likimas, kuris u\u017era\u0161ytas tampa m\u016bs\u0173 kult\u016bros savastimi.\" \/>\n<meta property=\"og:url\" content=\"https:\/\/skaitytaknyga.lt\/en\/produktas\/jonas-mackonis-boruzes-odisejos\/\" \/>\n<meta property=\"og:site_name\" content=\"Skaitytaknyga\" \/>\n<meta property=\"article:publisher\" content=\"https:\/\/www.facebook.com\/skaitytaknyga\/\" \/>\n<meta property=\"article:modified_time\" content=\"2024-05-04T19:15:52+00:00\" \/>\n<meta property=\"og:image\" content=\"https:\/\/skaitytaknyga.lt\/wp-content\/uploads\/2024\/05\/152802-16080388496912976923805095450952-e1676113178473.jpg\" \/>\n\t<meta property=\"og:image:width\" content=\"301\" \/>\n\t<meta property=\"og:image:height\" content=\"460\" \/>\n\t<meta property=\"og:image:type\" content=\"image\/jpeg\" \/>\n<meta name=\"twitter:card\" content=\"summary_large_image\" \/>\n<script type=\"application\/ld+json\" class=\"yoast-schema-graph\">{\"@context\":\"https:\\\/\\\/schema.org\",\"@graph\":[{\"@type\":\"WebPage\",\"@id\":\"https:\\\/\\\/skaitytaknyga.lt\\\/produktas\\\/jonas-mackonis-boruzes-odisejos\\\/\",\"url\":\"https:\\\/\\\/skaitytaknyga.lt\\\/produktas\\\/jonas-mackonis-boruzes-odisejos\\\/\",\"name\":\"Jonas Mackonis \u201eBoru\u017e\u0117s odis\u0117jos\u201c - Skaitytaknyga\",\"isPartOf\":{\"@id\":\"https:\\\/\\\/skaitytaknyga.lt\\\/#website\"},\"primaryImageOfPage\":{\"@id\":\"https:\\\/\\\/skaitytaknyga.lt\\\/produktas\\\/jonas-mackonis-boruzes-odisejos\\\/#primaryimage\"},\"image\":{\"@id\":\"https:\\\/\\\/skaitytaknyga.lt\\\/produktas\\\/jonas-mackonis-boruzes-odisejos\\\/#primaryimage\"},\"thumbnailUrl\":\"https:\\\/\\\/skaitytaknyga.lt\\\/wp-content\\\/uploads\\\/2024\\\/05\\\/152802-16080388496912976923805095450952-e1676113178473.jpg\",\"datePublished\":\"2024-05-04T19:14:13+00:00\",\"dateModified\":\"2024-05-04T19:15:52+00:00\",\"description\":\"Dailininko\u00a0Jono Mackonio\u00a0(1922\u20132002) atsiminimai \u2013 meninis dokumentas, atskleid\u017eiantis tiek jo paties, tiek sutikt\u0173 \u017emoni\u0173, Kauno ir Vilniaus dail\u0117s institut\u0173 d\u0117stytoj\u0173 ir student\u0173, charakterius ir gyvenimo peripetijas, kalbantis apie i\u0161likimo pokario ir sovietme\u010dio laikotarpiu galimyb\u0119 ir teis\u0119 b\u016bti savimi. \u0160i sud\u0117tinga kelion\u0117 praeities takais, laiko pieva, \u2013 tai jautrus \u012fsi\u017ei\u016br\u0117jimas \u012f kiekvien\u0105 i\u0161gyvent\u0105 \u012fvyk\u012f. I\u0161 j\u0173 nuosekliai d\u0117liojamas likimas, kuris u\u017era\u0161ytas tampa m\u016bs\u0173 kult\u016bros savastimi.\",\"breadcrumb\":{\"@id\":\"https:\\\/\\\/skaitytaknyga.lt\\\/produktas\\\/jonas-mackonis-boruzes-odisejos\\\/#breadcrumb\"},\"inLanguage\":\"en-GB\",\"potentialAction\":[{\"@type\":\"ReadAction\",\"target\":[\"https:\\\/\\\/skaitytaknyga.lt\\\/produktas\\\/jonas-mackonis-boruzes-odisejos\\\/\"]}]},{\"@type\":\"ImageObject\",\"inLanguage\":\"en-GB\",\"@id\":\"https:\\\/\\\/skaitytaknyga.lt\\\/produktas\\\/jonas-mackonis-boruzes-odisejos\\\/#primaryimage\",\"url\":\"https:\\\/\\\/skaitytaknyga.lt\\\/wp-content\\\/uploads\\\/2024\\\/05\\\/152802-16080388496912976923805095450952-e1676113178473.jpg\",\"contentUrl\":\"https:\\\/\\\/skaitytaknyga.lt\\\/wp-content\\\/uploads\\\/2024\\\/05\\\/152802-16080388496912976923805095450952-e1676113178473.jpg\",\"width\":301,\"height\":460},{\"@type\":\"BreadcrumbList\",\"@id\":\"https:\\\/\\\/skaitytaknyga.lt\\\/produktas\\\/jonas-mackonis-boruzes-odisejos\\\/#breadcrumb\",\"itemListElement\":[{\"@type\":\"ListItem\",\"position\":1,\"name\":\"Home\",\"item\":\"https:\\\/\\\/skaitytaknyga.lt\\\/\"},{\"@type\":\"ListItem\",\"position\":2,\"name\":\"Parduotuv\u0117\",\"item\":\"https:\\\/\\\/skaitytaknyga.lt\\\/knygu-parduotuve\\\/\"},{\"@type\":\"ListItem\",\"position\":3,\"name\":\"Jonas Mackonis \u201eBoru\u017e\u0117s odis\u0117jos\u201c\"}]},{\"@type\":\"WebSite\",\"@id\":\"https:\\\/\\\/skaitytaknyga.lt\\\/#website\",\"url\":\"https:\\\/\\\/skaitytaknyga.lt\\\/\",\"name\":\"skaitytaknyga.lt\",\"description\":\"Skaitytaknyga.lt \u2013 tai ma\u017eas \u0161eimos verslas, kuris prasid\u0117jo nuo meil\u0117s knygoms ir siekio i\u0161gelb\u0117ti knygas nuo likimo prie konteinerio. Kas vienam nereikalingas daiktas \u2013 kitam lobis, o mes esame tarpininkai, kurie padeda abiems tapti laimingesniems ???? \u017dinome kaip nelengva i\u0161gyventi ma\u017eiems verslams, tad nuo \u0161iol, \u010dia rasite ir kit\u0173, ma\u017e\u0173 \u0161eim\u0173 versl\u0173, rank\u0173 darbo, dovan\u0173 sau ir artimiesiems.\",\"publisher\":{\"@id\":\"https:\\\/\\\/skaitytaknyga.lt\\\/#organization\"},\"potentialAction\":[{\"@type\":\"SearchAction\",\"target\":{\"@type\":\"EntryPoint\",\"urlTemplate\":\"https:\\\/\\\/skaitytaknyga.lt\\\/?s={search_term_string}\"},\"query-input\":{\"@type\":\"PropertyValueSpecification\",\"valueRequired\":true,\"valueName\":\"search_term_string\"}}],\"inLanguage\":\"en-GB\"},{\"@type\":\"Organization\",\"@id\":\"https:\\\/\\\/skaitytaknyga.lt\\\/#organization\",\"name\":\"skaitytaknyga.lt\",\"url\":\"https:\\\/\\\/skaitytaknyga.lt\\\/\",\"logo\":{\"@type\":\"ImageObject\",\"inLanguage\":\"en-GB\",\"@id\":\"https:\\\/\\\/skaitytaknyga.lt\\\/#\\\/schema\\\/logo\\\/image\\\/\",\"url\":\"https:\\\/\\\/skaitytaknyga.lt\\\/wp-content\\\/uploads\\\/2024\\\/05\\\/cropped-cropped-cropped-02_00843_jt3bggkj1j3HLc7SyY6rEUpg.jpeg\",\"contentUrl\":\"https:\\\/\\\/skaitytaknyga.lt\\\/wp-content\\\/uploads\\\/2024\\\/05\\\/cropped-cropped-cropped-02_00843_jt3bggkj1j3HLc7SyY6rEUpg.jpeg\",\"width\":1600,\"height\":1600,\"caption\":\"skaitytaknyga.lt\"},\"image\":{\"@id\":\"https:\\\/\\\/skaitytaknyga.lt\\\/#\\\/schema\\\/logo\\\/image\\\/\"},\"sameAs\":[\"https:\\\/\\\/www.facebook.com\\\/skaitytaknyga\\\/\"]}]}<\/script>\n<!-- \/ Yoast SEO plugin. -->","yoast_head_json":{"title":"Jonas Mackonis \u201eBoru\u017e\u0117s odis\u0117jos\u201c - Skaitytaknyga","description":"Dailininko\u00a0Jono Mackonio\u00a0(1922\u20132002) atsiminimai \u2013 meninis dokumentas, atskleid\u017eiantis tiek jo paties, tiek sutikt\u0173 \u017emoni\u0173, Kauno ir Vilniaus dail\u0117s institut\u0173 d\u0117stytoj\u0173 ir student\u0173, charakterius ir gyvenimo peripetijas, kalbantis apie i\u0161likimo pokario ir sovietme\u010dio laikotarpiu galimyb\u0119 ir teis\u0119 b\u016bti savimi. \u0160i sud\u0117tinga kelion\u0117 praeities takais, laiko pieva, \u2013 tai jautrus \u012fsi\u017ei\u016br\u0117jimas \u012f kiekvien\u0105 i\u0161gyvent\u0105 \u012fvyk\u012f.  I\u0161 j\u0173 nuosekliai d\u0117liojamas likimas, kuris u\u017era\u0161ytas tampa m\u016bs\u0173 kult\u016bros savastimi.","robots":{"index":"index","follow":"follow","max-snippet":"max-snippet:-1","max-image-preview":"max-image-preview:large","max-video-preview":"max-video-preview:-1"},"canonical":"https:\/\/skaitytaknyga.lt\/en\/produktas\/jonas-mackonis-boruzes-odisejos\/","og_locale":"en_GB","og_type":"article","og_title":"Jonas Mackonis \u201eBoru\u017e\u0117s odis\u0117jos\u201c - Skaitytaknyga","og_description":"Dailininko\u00a0Jono Mackonio\u00a0(1922\u20132002) atsiminimai \u2013 meninis dokumentas, atskleid\u017eiantis tiek jo paties, tiek sutikt\u0173 \u017emoni\u0173, Kauno ir Vilniaus dail\u0117s institut\u0173 d\u0117stytoj\u0173 ir student\u0173, charakterius ir gyvenimo peripetijas, kalbantis apie i\u0161likimo pokario ir sovietme\u010dio laikotarpiu galimyb\u0119 ir teis\u0119 b\u016bti savimi. \u0160i sud\u0117tinga kelion\u0117 praeities takais, laiko pieva, \u2013 tai jautrus \u012fsi\u017ei\u016br\u0117jimas \u012f kiekvien\u0105 i\u0161gyvent\u0105 \u012fvyk\u012f.  I\u0161 j\u0173 nuosekliai d\u0117liojamas likimas, kuris u\u017era\u0161ytas tampa m\u016bs\u0173 kult\u016bros savastimi.","og_url":"https:\/\/skaitytaknyga.lt\/en\/produktas\/jonas-mackonis-boruzes-odisejos\/","og_site_name":"Skaitytaknyga","article_publisher":"https:\/\/www.facebook.com\/skaitytaknyga\/","article_modified_time":"2024-05-04T19:15:52+00:00","og_image":[{"width":301,"height":460,"url":"https:\/\/skaitytaknyga.lt\/wp-content\/uploads\/2024\/05\/152802-16080388496912976923805095450952-e1676113178473.jpg","type":"image\/jpeg"}],"twitter_card":"summary_large_image","schema":{"@context":"https:\/\/schema.org","@graph":[{"@type":"WebPage","@id":"https:\/\/skaitytaknyga.lt\/produktas\/jonas-mackonis-boruzes-odisejos\/","url":"https:\/\/skaitytaknyga.lt\/produktas\/jonas-mackonis-boruzes-odisejos\/","name":"Jonas Mackonis \u201eBoru\u017e\u0117s odis\u0117jos\u201c - Skaitytaknyga","isPartOf":{"@id":"https:\/\/skaitytaknyga.lt\/#website"},"primaryImageOfPage":{"@id":"https:\/\/skaitytaknyga.lt\/produktas\/jonas-mackonis-boruzes-odisejos\/#primaryimage"},"image":{"@id":"https:\/\/skaitytaknyga.lt\/produktas\/jonas-mackonis-boruzes-odisejos\/#primaryimage"},"thumbnailUrl":"https:\/\/skaitytaknyga.lt\/wp-content\/uploads\/2024\/05\/152802-16080388496912976923805095450952-e1676113178473.jpg","datePublished":"2024-05-04T19:14:13+00:00","dateModified":"2024-05-04T19:15:52+00:00","description":"Dailininko\u00a0Jono Mackonio\u00a0(1922\u20132002) atsiminimai \u2013 meninis dokumentas, atskleid\u017eiantis tiek jo paties, tiek sutikt\u0173 \u017emoni\u0173, Kauno ir Vilniaus dail\u0117s institut\u0173 d\u0117stytoj\u0173 ir student\u0173, charakterius ir gyvenimo peripetijas, kalbantis apie i\u0161likimo pokario ir sovietme\u010dio laikotarpiu galimyb\u0119 ir teis\u0119 b\u016bti savimi. \u0160i sud\u0117tinga kelion\u0117 praeities takais, laiko pieva, \u2013 tai jautrus \u012fsi\u017ei\u016br\u0117jimas \u012f kiekvien\u0105 i\u0161gyvent\u0105 \u012fvyk\u012f. I\u0161 j\u0173 nuosekliai d\u0117liojamas likimas, kuris u\u017era\u0161ytas tampa m\u016bs\u0173 kult\u016bros savastimi.","breadcrumb":{"@id":"https:\/\/skaitytaknyga.lt\/produktas\/jonas-mackonis-boruzes-odisejos\/#breadcrumb"},"inLanguage":"en-GB","potentialAction":[{"@type":"ReadAction","target":["https:\/\/skaitytaknyga.lt\/produktas\/jonas-mackonis-boruzes-odisejos\/"]}]},{"@type":"ImageObject","inLanguage":"en-GB","@id":"https:\/\/skaitytaknyga.lt\/produktas\/jonas-mackonis-boruzes-odisejos\/#primaryimage","url":"https:\/\/skaitytaknyga.lt\/wp-content\/uploads\/2024\/05\/152802-16080388496912976923805095450952-e1676113178473.jpg","contentUrl":"https:\/\/skaitytaknyga.lt\/wp-content\/uploads\/2024\/05\/152802-16080388496912976923805095450952-e1676113178473.jpg","width":301,"height":460},{"@type":"BreadcrumbList","@id":"https:\/\/skaitytaknyga.lt\/produktas\/jonas-mackonis-boruzes-odisejos\/#breadcrumb","itemListElement":[{"@type":"ListItem","position":1,"name":"Home","item":"https:\/\/skaitytaknyga.lt\/"},{"@type":"ListItem","position":2,"name":"Parduotuv\u0117","item":"https:\/\/skaitytaknyga.lt\/knygu-parduotuve\/"},{"@type":"ListItem","position":3,"name":"Jonas Mackonis \u201eBoru\u017e\u0117s odis\u0117jos\u201c"}]},{"@type":"WebSite","@id":"https:\/\/skaitytaknyga.lt\/#website","url":"https:\/\/skaitytaknyga.lt\/","name":"skaitytaknyga.lt","description":"Skaitytaknyga.lt \u2013 tai ma\u017eas \u0161eimos verslas, kuris prasid\u0117jo nuo meil\u0117s knygoms ir siekio i\u0161gelb\u0117ti knygas nuo likimo prie konteinerio. Kas vienam nereikalingas daiktas \u2013 kitam lobis, o mes esame tarpininkai, kurie padeda abiems tapti laimingesniems ???? \u017dinome kaip nelengva i\u0161gyventi ma\u017eiems verslams, tad nuo \u0161iol, \u010dia rasite ir kit\u0173, ma\u017e\u0173 \u0161eim\u0173 versl\u0173, rank\u0173 darbo, dovan\u0173 sau ir artimiesiems.","publisher":{"@id":"https:\/\/skaitytaknyga.lt\/#organization"},"potentialAction":[{"@type":"SearchAction","target":{"@type":"EntryPoint","urlTemplate":"https:\/\/skaitytaknyga.lt\/?s={search_term_string}"},"query-input":{"@type":"PropertyValueSpecification","valueRequired":true,"valueName":"search_term_string"}}],"inLanguage":"en-GB"},{"@type":"Organization","@id":"https:\/\/skaitytaknyga.lt\/#organization","name":"skaitytaknyga.lt","url":"https:\/\/skaitytaknyga.lt\/","logo":{"@type":"ImageObject","inLanguage":"en-GB","@id":"https:\/\/skaitytaknyga.lt\/#\/schema\/logo\/image\/","url":"https:\/\/skaitytaknyga.lt\/wp-content\/uploads\/2024\/05\/cropped-cropped-cropped-02_00843_jt3bggkj1j3HLc7SyY6rEUpg.jpeg","contentUrl":"https:\/\/skaitytaknyga.lt\/wp-content\/uploads\/2024\/05\/cropped-cropped-cropped-02_00843_jt3bggkj1j3HLc7SyY6rEUpg.jpeg","width":1600,"height":1600,"caption":"skaitytaknyga.lt"},"image":{"@id":"https:\/\/skaitytaknyga.lt\/#\/schema\/logo\/image\/"},"sameAs":["https:\/\/www.facebook.com\/skaitytaknyga\/"]}]}},"_links":{"self":[{"href":"https:\/\/skaitytaknyga.lt\/en\/wp-json\/wp\/v2\/product\/10766","targetHints":{"allow":["GET"]}}],"collection":[{"href":"https:\/\/skaitytaknyga.lt\/en\/wp-json\/wp\/v2\/product"}],"about":[{"href":"https:\/\/skaitytaknyga.lt\/en\/wp-json\/wp\/v2\/types\/product"}],"replies":[{"embeddable":true,"href":"https:\/\/skaitytaknyga.lt\/en\/wp-json\/wp\/v2\/comments?post=10766"}],"wp:featuredmedia":[{"embeddable":true,"href":"https:\/\/skaitytaknyga.lt\/en\/wp-json\/wp\/v2\/media\/10805"}],"wp:attachment":[{"href":"https:\/\/skaitytaknyga.lt\/en\/wp-json\/wp\/v2\/media?parent=10766"}],"wp:term":[{"taxonomy":"product_brand","embeddable":true,"href":"https:\/\/skaitytaknyga.lt\/en\/wp-json\/wp\/v2\/product_brand?post=10766"},{"taxonomy":"product_cat","embeddable":true,"href":"https:\/\/skaitytaknyga.lt\/en\/wp-json\/wp\/v2\/product_cat?post=10766"},{"taxonomy":"product_tag","embeddable":true,"href":"https:\/\/skaitytaknyga.lt\/en\/wp-json\/wp\/v2\/product_tag?post=10766"}],"curies":[{"name":"wp","href":"https:\/\/api.w.org\/{rel}","templated":true}]}}