{"id":10764,"date":"2024-05-04T19:13:47","date_gmt":"2024-05-04T19:13:47","guid":{"rendered":"https:\/\/skaitytaknyga.lt\/?post_type=product&#038;p=10764"},"modified":"2024-05-04T19:15:50","modified_gmt":"2024-05-04T19:15:50","slug":"apolinaras-cepulis-likimo-upe-i-dalis","status":"publish","type":"product","link":"https:\/\/skaitytaknyga.lt\/en\/produktas\/apolinaras-cepulis-likimo-upe-i-dalis\/","title":{"rendered":"Apolinaras \u010cepulis \u201eLikimo up\u0117. I dalis\u201c"},"content":{"rendered":"<p>Tai memuarine med\u017eiaga paremtas k\u016brinys apie moters dali\u0105 XIX a. pabaigos XX a. prad\u017eios Lietuvos kaime. Sodrus realizmas, ry\u0161k\u016bs charakteriai, gyvas kra\u0161to koloritas, dramatizmas, turtinga kalba i\u0161skiria \u0161\u012f roman\u0105 i\u0161 dabartin\u0117s anemi\u0161kos lietuvi\u0173 literat\u016bros ir nepalieka skaitytojo abejingo.<\/p>\n","protected":false},"excerpt":{"rendered":"<p>Tai memuarine med\u017eiaga paremtas k\u016brinys apie moters dali\u0105 XIX a. pabaigos XX a. prad\u017eios Lietuvos kaime. Sodrus realizmas, ry\u0161k\u016bs charakteriai, gyvas kra\u0161to koloritas, dramatizmas, turtinga kalba i\u0161skiria \u0161\u012f roman\u0105 i\u0161 dabartin\u0117s anemi\u0161kos lietuvi\u0173 literat\u016bros ir nepalieka skaitytojo abejingo.<\/p>\n","protected":false},"featured_media":10804,"comment_status":"closed","ping_status":"closed","template":"","meta":{"_acf_changed":false,"site-sidebar-layout":"default","site-content-layout":"","ast-site-content-layout":"default","site-content-style":"default","site-sidebar-style":"default","ast-global-header-display":"","ast-banner-title-visibility":"","ast-main-header-display":"","ast-hfb-above-header-display":"","ast-hfb-below-header-display":"","ast-hfb-mobile-header-display":"","site-post-title":"","ast-breadcrumbs-content":"","ast-featured-img":"","footer-sml-layout":"","ast-disable-related-posts":"","theme-transparent-header-meta":"","adv-header-id-meta":"","stick-header-meta":"","header-above-stick-meta":"","header-main-stick-meta":"","header-below-stick-meta":"","astra-migrate-meta-layouts":"default","ast-page-background-enabled":"default","ast-page-background-meta":{"desktop":{"background-color":"","background-image":"","background-repeat":"repeat","background-position":"center center","background-size":"auto","background-attachment":"scroll","background-type":"","background-media":"","overlay-type":"","overlay-color":"","overlay-opacity":"","overlay-gradient":""},"tablet":{"background-color":"","background-image":"","background-repeat":"repeat","background-position":"center center","background-size":"auto","background-attachment":"scroll","background-type":"","background-media":"","overlay-type":"","overlay-color":"","overlay-opacity":"","overlay-gradient":""},"mobile":{"background-color":"","background-image":"","background-repeat":"repeat","background-position":"center center","background-size":"auto","background-attachment":"scroll","background-type":"","background-media":"","overlay-type":"","overlay-color":"","overlay-opacity":"","overlay-gradient":""}},"ast-content-background-meta":{"desktop":{"background-color":"var(--ast-global-color-4)","background-image":"","background-repeat":"repeat","background-position":"center center","background-size":"auto","background-attachment":"scroll","background-type":"","background-media":"","overlay-type":"","overlay-color":"","overlay-opacity":"","overlay-gradient":""},"tablet":{"background-color":"var(--ast-global-color-4)","background-image":"","background-repeat":"repeat","background-position":"center center","background-size":"auto","background-attachment":"scroll","background-type":"","background-media":"","overlay-type":"","overlay-color":"","overlay-opacity":"","overlay-gradient":""},"mobile":{"background-color":"var(--ast-global-color-4)","background-image":"","background-repeat":"repeat","background-position":"center center","background-size":"auto","background-attachment":"scroll","background-type":"","background-media":"","overlay-type":"","overlay-color":"","overlay-opacity":"","overlay-gradient":""}}},"product_brand":[],"product_cat":[31],"product_tag":[],"class_list":{"0":"post-10764","1":"product","2":"type-product","3":"status-publish","4":"has-post-thumbnail","6":"product_cat-grozine-literatura","7":"desktop-align-left","8":"tablet-align-left","9":"mobile-align-left","11":"first","12":"outofstock","13":"shipping-taxable","14":"purchasable","15":"product-type-simple"},"acf":[],"yoast_head":"<!-- This site is optimized with the Yoast SEO plugin v27.4 - https:\/\/yoast.com\/product\/yoast-seo-wordpress\/ -->\n<title>Apolinaras \u010cepulis \u201eLikimo up\u0117. I dalis\u201c - Skaitytaknyga<\/title>\n<meta name=\"description\" content=\"Tai memuarine med\u017eiaga paremtas k\u016brinys apie moters dali\u0105 XIX a. pabaigos XX a. prad\u017eios Lietuvos kaime. Sodrus realizmas, ry\u0161k\u016bs charakteriai, gyvas kra\u0161to koloritas, dramatizmas, turtinga kalba i\u0161skiria \u0161\u012f roman\u0105 i\u0161 dabartin\u0117s anemi\u0161kos lietuvi\u0173 literat\u016bros ir nepalieka skaitytojo abejingo.\" \/>\n<meta name=\"robots\" content=\"index, follow, max-snippet:-1, max-image-preview:large, max-video-preview:-1\" \/>\n<link rel=\"canonical\" href=\"https:\/\/skaitytaknyga.lt\/en\/produktas\/apolinaras-cepulis-likimo-upe-i-dalis\/\" \/>\n<meta property=\"og:locale\" content=\"en_GB\" \/>\n<meta property=\"og:locale:alternate\" content=\"lt_LT\" \/>\n<meta property=\"og:type\" content=\"article\" \/>\n<meta property=\"og:title\" content=\"Apolinaras \u010cepulis \u201eLikimo up\u0117. I dalis\u201c - Skaitytaknyga\" \/>\n<meta property=\"og:description\" content=\"Tai memuarine med\u017eiaga paremtas k\u016brinys apie moters dali\u0105 XIX a. pabaigos XX a. prad\u017eios Lietuvos kaime. Sodrus realizmas, ry\u0161k\u016bs charakteriai, gyvas kra\u0161to koloritas, dramatizmas, turtinga kalba i\u0161skiria \u0161\u012f roman\u0105 i\u0161 dabartin\u0117s anemi\u0161kos lietuvi\u0173 literat\u016bros ir nepalieka skaitytojo abejingo.\" \/>\n<meta property=\"og:url\" content=\"https:\/\/skaitytaknyga.lt\/en\/produktas\/apolinaras-cepulis-likimo-upe-i-dalis\/\" \/>\n<meta property=\"og:site_name\" content=\"Skaitytaknyga\" \/>\n<meta property=\"article:publisher\" content=\"https:\/\/www.facebook.com\/skaitytaknyga\/\" \/>\n<meta property=\"article:modified_time\" content=\"2024-05-04T19:15:50+00:00\" \/>\n<meta property=\"og:image\" content=\"https:\/\/skaitytaknyga.lt\/wp-content\/uploads\/2024\/05\/000000000001100390-59de7f0d32bd0-asset-knyguklubas-cdb_sviesa_7b902a43bfb806605843fbe1d9d3feff_p1.jpg\" \/>\n\t<meta property=\"og:image:width\" content=\"265\" \/>\n\t<meta property=\"og:image:height\" content=\"265\" \/>\n\t<meta property=\"og:image:type\" content=\"image\/jpeg\" \/>\n<meta name=\"twitter:card\" content=\"summary_large_image\" \/>\n<script type=\"application\/ld+json\" class=\"yoast-schema-graph\">{\"@context\":\"https:\\\/\\\/schema.org\",\"@graph\":[{\"@type\":\"WebPage\",\"@id\":\"https:\\\/\\\/skaitytaknyga.lt\\\/en\\\/produktas\\\/apolinaras-cepulis-likimo-upe-i-dalis\\\/\",\"url\":\"https:\\\/\\\/skaitytaknyga.lt\\\/en\\\/produktas\\\/apolinaras-cepulis-likimo-upe-i-dalis\\\/\",\"name\":\"Apolinaras \u010cepulis \u201eLikimo up\u0117. I dalis\u201c - Skaitytaknyga\",\"isPartOf\":{\"@id\":\"https:\\\/\\\/skaitytaknyga.lt\\\/#website\"},\"primaryImageOfPage\":{\"@id\":\"https:\\\/\\\/skaitytaknyga.lt\\\/en\\\/produktas\\\/apolinaras-cepulis-likimo-upe-i-dalis\\\/#primaryimage\"},\"image\":{\"@id\":\"https:\\\/\\\/skaitytaknyga.lt\\\/en\\\/produktas\\\/apolinaras-cepulis-likimo-upe-i-dalis\\\/#primaryimage\"},\"thumbnailUrl\":\"https:\\\/\\\/skaitytaknyga.lt\\\/wp-content\\\/uploads\\\/2024\\\/05\\\/000000000001100390-59de7f0d32bd0-asset-knyguklubas-cdb_sviesa_7b902a43bfb806605843fbe1d9d3feff_p1.jpg\",\"datePublished\":\"2024-05-04T19:13:47+00:00\",\"dateModified\":\"2024-05-04T19:15:50+00:00\",\"description\":\"Tai memuarine med\u017eiaga paremtas k\u016brinys apie moters dali\u0105 XIX a. pabaigos XX a. prad\u017eios Lietuvos kaime. Sodrus realizmas, ry\u0161k\u016bs charakteriai, gyvas kra\u0161to koloritas, dramatizmas, turtinga kalba i\u0161skiria \u0161\u012f roman\u0105 i\u0161 dabartin\u0117s anemi\u0161kos lietuvi\u0173 literat\u016bros ir nepalieka skaitytojo abejingo.\",\"breadcrumb\":{\"@id\":\"https:\\\/\\\/skaitytaknyga.lt\\\/en\\\/produktas\\\/apolinaras-cepulis-likimo-upe-i-dalis\\\/#breadcrumb\"},\"inLanguage\":\"en-GB\",\"potentialAction\":[{\"@type\":\"ReadAction\",\"target\":[\"https:\\\/\\\/skaitytaknyga.lt\\\/en\\\/produktas\\\/apolinaras-cepulis-likimo-upe-i-dalis\\\/\"]}]},{\"@type\":\"ImageObject\",\"inLanguage\":\"en-GB\",\"@id\":\"https:\\\/\\\/skaitytaknyga.lt\\\/en\\\/produktas\\\/apolinaras-cepulis-likimo-upe-i-dalis\\\/#primaryimage\",\"url\":\"https:\\\/\\\/skaitytaknyga.lt\\\/wp-content\\\/uploads\\\/2024\\\/05\\\/000000000001100390-59de7f0d32bd0-asset-knyguklubas-cdb_sviesa_7b902a43bfb806605843fbe1d9d3feff_p1.jpg\",\"contentUrl\":\"https:\\\/\\\/skaitytaknyga.lt\\\/wp-content\\\/uploads\\\/2024\\\/05\\\/000000000001100390-59de7f0d32bd0-asset-knyguklubas-cdb_sviesa_7b902a43bfb806605843fbe1d9d3feff_p1.jpg\",\"width\":265,\"height\":265},{\"@type\":\"BreadcrumbList\",\"@id\":\"https:\\\/\\\/skaitytaknyga.lt\\\/en\\\/produktas\\\/apolinaras-cepulis-likimo-upe-i-dalis\\\/#breadcrumb\",\"itemListElement\":[{\"@type\":\"ListItem\",\"position\":1,\"name\":\"Home\",\"item\":\"https:\\\/\\\/skaitytaknyga.lt\\\/\"},{\"@type\":\"ListItem\",\"position\":2,\"name\":\"Parduotuv\u0117\",\"item\":\"https:\\\/\\\/skaitytaknyga.lt\\\/knygu-parduotuve\\\/\"},{\"@type\":\"ListItem\",\"position\":3,\"name\":\"Apolinaras \u010cepulis \u201eLikimo up\u0117. I dalis\u201c\"}]},{\"@type\":\"WebSite\",\"@id\":\"https:\\\/\\\/skaitytaknyga.lt\\\/#website\",\"url\":\"https:\\\/\\\/skaitytaknyga.lt\\\/\",\"name\":\"skaitytaknyga.lt\",\"description\":\"Skaitytaknyga.lt \u2013 tai ma\u017eas \u0161eimos verslas, kuris prasid\u0117jo nuo meil\u0117s knygoms ir siekio i\u0161gelb\u0117ti knygas nuo likimo prie konteinerio. Kas vienam nereikalingas daiktas \u2013 kitam lobis, o mes esame tarpininkai, kurie padeda abiems tapti laimingesniems ???? \u017dinome kaip nelengva i\u0161gyventi ma\u017eiems verslams, tad nuo \u0161iol, \u010dia rasite ir kit\u0173, ma\u017e\u0173 \u0161eim\u0173 versl\u0173, rank\u0173 darbo, dovan\u0173 sau ir artimiesiems.\",\"publisher\":{\"@id\":\"https:\\\/\\\/skaitytaknyga.lt\\\/#organization\"},\"potentialAction\":[{\"@type\":\"SearchAction\",\"target\":{\"@type\":\"EntryPoint\",\"urlTemplate\":\"https:\\\/\\\/skaitytaknyga.lt\\\/?s={search_term_string}\"},\"query-input\":{\"@type\":\"PropertyValueSpecification\",\"valueRequired\":true,\"valueName\":\"search_term_string\"}}],\"inLanguage\":\"en-GB\"},{\"@type\":\"Organization\",\"@id\":\"https:\\\/\\\/skaitytaknyga.lt\\\/#organization\",\"name\":\"skaitytaknyga.lt\",\"url\":\"https:\\\/\\\/skaitytaknyga.lt\\\/\",\"logo\":{\"@type\":\"ImageObject\",\"inLanguage\":\"en-GB\",\"@id\":\"https:\\\/\\\/skaitytaknyga.lt\\\/#\\\/schema\\\/logo\\\/image\\\/\",\"url\":\"https:\\\/\\\/skaitytaknyga.lt\\\/wp-content\\\/uploads\\\/2024\\\/05\\\/cropped-cropped-cropped-02_00843_jt3bggkj1j3HLc7SyY6rEUpg.jpeg\",\"contentUrl\":\"https:\\\/\\\/skaitytaknyga.lt\\\/wp-content\\\/uploads\\\/2024\\\/05\\\/cropped-cropped-cropped-02_00843_jt3bggkj1j3HLc7SyY6rEUpg.jpeg\",\"width\":1600,\"height\":1600,\"caption\":\"skaitytaknyga.lt\"},\"image\":{\"@id\":\"https:\\\/\\\/skaitytaknyga.lt\\\/#\\\/schema\\\/logo\\\/image\\\/\"},\"sameAs\":[\"https:\\\/\\\/www.facebook.com\\\/skaitytaknyga\\\/\"]}]}<\/script>\n<!-- \/ Yoast SEO plugin. -->","yoast_head_json":{"title":"Apolinaras \u010cepulis \u201eLikimo up\u0117. I dalis\u201c - Skaitytaknyga","description":"Tai memuarine med\u017eiaga paremtas k\u016brinys apie moters dali\u0105 XIX a. pabaigos XX a. prad\u017eios Lietuvos kaime. Sodrus realizmas, ry\u0161k\u016bs charakteriai, gyvas kra\u0161to koloritas, dramatizmas, turtinga kalba i\u0161skiria \u0161\u012f roman\u0105 i\u0161 dabartin\u0117s anemi\u0161kos lietuvi\u0173 literat\u016bros ir nepalieka skaitytojo abejingo.","robots":{"index":"index","follow":"follow","max-snippet":"max-snippet:-1","max-image-preview":"max-image-preview:large","max-video-preview":"max-video-preview:-1"},"canonical":"https:\/\/skaitytaknyga.lt\/en\/produktas\/apolinaras-cepulis-likimo-upe-i-dalis\/","og_locale":"en_GB","og_type":"article","og_title":"Apolinaras \u010cepulis \u201eLikimo up\u0117. I dalis\u201c - Skaitytaknyga","og_description":"Tai memuarine med\u017eiaga paremtas k\u016brinys apie moters dali\u0105 XIX a. pabaigos XX a. prad\u017eios Lietuvos kaime. Sodrus realizmas, ry\u0161k\u016bs charakteriai, gyvas kra\u0161to koloritas, dramatizmas, turtinga kalba i\u0161skiria \u0161\u012f roman\u0105 i\u0161 dabartin\u0117s anemi\u0161kos lietuvi\u0173 literat\u016bros ir nepalieka skaitytojo abejingo.","og_url":"https:\/\/skaitytaknyga.lt\/en\/produktas\/apolinaras-cepulis-likimo-upe-i-dalis\/","og_site_name":"Skaitytaknyga","article_publisher":"https:\/\/www.facebook.com\/skaitytaknyga\/","article_modified_time":"2024-05-04T19:15:50+00:00","og_image":[{"width":265,"height":265,"url":"https:\/\/skaitytaknyga.lt\/wp-content\/uploads\/2024\/05\/000000000001100390-59de7f0d32bd0-asset-knyguklubas-cdb_sviesa_7b902a43bfb806605843fbe1d9d3feff_p1.jpg","type":"image\/jpeg"}],"twitter_card":"summary_large_image","schema":{"@context":"https:\/\/schema.org","@graph":[{"@type":"WebPage","@id":"https:\/\/skaitytaknyga.lt\/en\/produktas\/apolinaras-cepulis-likimo-upe-i-dalis\/","url":"https:\/\/skaitytaknyga.lt\/en\/produktas\/apolinaras-cepulis-likimo-upe-i-dalis\/","name":"Apolinaras \u010cepulis \u201eLikimo up\u0117. I dalis\u201c - Skaitytaknyga","isPartOf":{"@id":"https:\/\/skaitytaknyga.lt\/#website"},"primaryImageOfPage":{"@id":"https:\/\/skaitytaknyga.lt\/en\/produktas\/apolinaras-cepulis-likimo-upe-i-dalis\/#primaryimage"},"image":{"@id":"https:\/\/skaitytaknyga.lt\/en\/produktas\/apolinaras-cepulis-likimo-upe-i-dalis\/#primaryimage"},"thumbnailUrl":"https:\/\/skaitytaknyga.lt\/wp-content\/uploads\/2024\/05\/000000000001100390-59de7f0d32bd0-asset-knyguklubas-cdb_sviesa_7b902a43bfb806605843fbe1d9d3feff_p1.jpg","datePublished":"2024-05-04T19:13:47+00:00","dateModified":"2024-05-04T19:15:50+00:00","description":"Tai memuarine med\u017eiaga paremtas k\u016brinys apie moters dali\u0105 XIX a. pabaigos XX a. prad\u017eios Lietuvos kaime. Sodrus realizmas, ry\u0161k\u016bs charakteriai, gyvas kra\u0161to koloritas, dramatizmas, turtinga kalba i\u0161skiria \u0161\u012f roman\u0105 i\u0161 dabartin\u0117s anemi\u0161kos lietuvi\u0173 literat\u016bros ir nepalieka skaitytojo abejingo.","breadcrumb":{"@id":"https:\/\/skaitytaknyga.lt\/en\/produktas\/apolinaras-cepulis-likimo-upe-i-dalis\/#breadcrumb"},"inLanguage":"en-GB","potentialAction":[{"@type":"ReadAction","target":["https:\/\/skaitytaknyga.lt\/en\/produktas\/apolinaras-cepulis-likimo-upe-i-dalis\/"]}]},{"@type":"ImageObject","inLanguage":"en-GB","@id":"https:\/\/skaitytaknyga.lt\/en\/produktas\/apolinaras-cepulis-likimo-upe-i-dalis\/#primaryimage","url":"https:\/\/skaitytaknyga.lt\/wp-content\/uploads\/2024\/05\/000000000001100390-59de7f0d32bd0-asset-knyguklubas-cdb_sviesa_7b902a43bfb806605843fbe1d9d3feff_p1.jpg","contentUrl":"https:\/\/skaitytaknyga.lt\/wp-content\/uploads\/2024\/05\/000000000001100390-59de7f0d32bd0-asset-knyguklubas-cdb_sviesa_7b902a43bfb806605843fbe1d9d3feff_p1.jpg","width":265,"height":265},{"@type":"BreadcrumbList","@id":"https:\/\/skaitytaknyga.lt\/en\/produktas\/apolinaras-cepulis-likimo-upe-i-dalis\/#breadcrumb","itemListElement":[{"@type":"ListItem","position":1,"name":"Home","item":"https:\/\/skaitytaknyga.lt\/"},{"@type":"ListItem","position":2,"name":"Parduotuv\u0117","item":"https:\/\/skaitytaknyga.lt\/knygu-parduotuve\/"},{"@type":"ListItem","position":3,"name":"Apolinaras \u010cepulis \u201eLikimo up\u0117. I dalis\u201c"}]},{"@type":"WebSite","@id":"https:\/\/skaitytaknyga.lt\/#website","url":"https:\/\/skaitytaknyga.lt\/","name":"skaitytaknyga.lt","description":"Skaitytaknyga.lt \u2013 tai ma\u017eas \u0161eimos verslas, kuris prasid\u0117jo nuo meil\u0117s knygoms ir siekio i\u0161gelb\u0117ti knygas nuo likimo prie konteinerio. Kas vienam nereikalingas daiktas \u2013 kitam lobis, o mes esame tarpininkai, kurie padeda abiems tapti laimingesniems ???? \u017dinome kaip nelengva i\u0161gyventi ma\u017eiems verslams, tad nuo \u0161iol, \u010dia rasite ir kit\u0173, ma\u017e\u0173 \u0161eim\u0173 versl\u0173, rank\u0173 darbo, dovan\u0173 sau ir artimiesiems.","publisher":{"@id":"https:\/\/skaitytaknyga.lt\/#organization"},"potentialAction":[{"@type":"SearchAction","target":{"@type":"EntryPoint","urlTemplate":"https:\/\/skaitytaknyga.lt\/?s={search_term_string}"},"query-input":{"@type":"PropertyValueSpecification","valueRequired":true,"valueName":"search_term_string"}}],"inLanguage":"en-GB"},{"@type":"Organization","@id":"https:\/\/skaitytaknyga.lt\/#organization","name":"skaitytaknyga.lt","url":"https:\/\/skaitytaknyga.lt\/","logo":{"@type":"ImageObject","inLanguage":"en-GB","@id":"https:\/\/skaitytaknyga.lt\/#\/schema\/logo\/image\/","url":"https:\/\/skaitytaknyga.lt\/wp-content\/uploads\/2024\/05\/cropped-cropped-cropped-02_00843_jt3bggkj1j3HLc7SyY6rEUpg.jpeg","contentUrl":"https:\/\/skaitytaknyga.lt\/wp-content\/uploads\/2024\/05\/cropped-cropped-cropped-02_00843_jt3bggkj1j3HLc7SyY6rEUpg.jpeg","width":1600,"height":1600,"caption":"skaitytaknyga.lt"},"image":{"@id":"https:\/\/skaitytaknyga.lt\/#\/schema\/logo\/image\/"},"sameAs":["https:\/\/www.facebook.com\/skaitytaknyga\/"]}]}},"_links":{"self":[{"href":"https:\/\/skaitytaknyga.lt\/en\/wp-json\/wp\/v2\/product\/10764","targetHints":{"allow":["GET"]}}],"collection":[{"href":"https:\/\/skaitytaknyga.lt\/en\/wp-json\/wp\/v2\/product"}],"about":[{"href":"https:\/\/skaitytaknyga.lt\/en\/wp-json\/wp\/v2\/types\/product"}],"replies":[{"embeddable":true,"href":"https:\/\/skaitytaknyga.lt\/en\/wp-json\/wp\/v2\/comments?post=10764"}],"wp:featuredmedia":[{"embeddable":true,"href":"https:\/\/skaitytaknyga.lt\/en\/wp-json\/wp\/v2\/media\/10804"}],"wp:attachment":[{"href":"https:\/\/skaitytaknyga.lt\/en\/wp-json\/wp\/v2\/media?parent=10764"}],"wp:term":[{"taxonomy":"product_brand","embeddable":true,"href":"https:\/\/skaitytaknyga.lt\/en\/wp-json\/wp\/v2\/product_brand?post=10764"},{"taxonomy":"product_cat","embeddable":true,"href":"https:\/\/skaitytaknyga.lt\/en\/wp-json\/wp\/v2\/product_cat?post=10764"},{"taxonomy":"product_tag","embeddable":true,"href":"https:\/\/skaitytaknyga.lt\/en\/wp-json\/wp\/v2\/product_tag?post=10764"}],"curies":[{"name":"wp","href":"https:\/\/api.w.org\/{rel}","templated":true}]}}