{"id":10762,"date":"2024-05-04T19:13:47","date_gmt":"2024-05-04T19:13:47","guid":{"rendered":"https:\/\/skaitytaknyga.lt\/?post_type=product&#038;p=10762"},"modified":"2026-03-11T10:55:21","modified_gmt":"2026-03-11T08:55:21","slug":"j-d-salinger-frane-ir-zujis","status":"publish","type":"product","link":"https:\/\/skaitytaknyga.lt\/en\/produktas\/j-d-salinger-frane-ir-zujis\/","title":{"rendered":"Fran\u0117 ir Zujis"},"content":{"rendered":"<p><strong>D\u017eeromas Deividas Selind\u017eeris<\/strong>\u00a0(1919\u20132010) \u2013 amerikie\u010di\u0173 ra\u0161ytojas, i\u0161gars\u0117j\u0119s romanu\u00a0\u201eRugiuose prie bedugn\u0117s&#8221;, jau laikomu literat\u016bros klasika.<strong>\u00a0\u201eFran\u0117s ir Zujo&#8221;<\/strong>\u00a0pasakojim\u0105 sudaro Glas\u0173 \u0161eimos jauniausio vaiko Fran\u0117s i\u0161gyvenimai ir dvasiniai ie\u0161kojimai. Ra\u0161ytojui svarb\u016bs autenti\u0161ki heroj\u0173 pokalbiai, j\u0173 gyvenamoji aplinka, jis \u012fsitikin\u0119s, kad ties\u0105 galima rasti pa\u010dioje kasdieni\u0161kiausioje situacijoje, kad gyvenimo paslaptis gali b\u016bti suvokta intuityviai ir ne i\u0161 karto.<\/p>\n","protected":false},"excerpt":{"rendered":"<p><strong>D\u017eeromas Deividas Selind\u017eeris<\/strong>\u00a0(1919\u20132010) \u2013 amerikie\u010di\u0173 ra\u0161ytojas, i\u0161gars\u0117j\u0119s romanu\u00a0\u201eRugiuose prie bedugn\u0117s&#8221;, jau laikomu literat\u016bros klasika.<strong>\u00a0\u201eFran\u0117s ir Zujo&#8221;<\/strong>\u00a0pasakojim\u0105 sudaro Glas\u0173 \u0161eimos jauniausio vaiko Fran\u0117s i\u0161gyvenimai ir dvasiniai ie\u0161kojimai. Ra\u0161ytojui svarb\u016bs autenti\u0161ki heroj\u0173 pokalbiai, j\u0173 gyvenamoji aplinka, jis \u012fsitikin\u0119s, kad ties\u0105 galima rasti pa\u010dioje kasdieni\u0161kiausioje situacijoje, kad gyvenimo paslaptis gali b\u016bti suvokta intuityviai ir ne i\u0161 karto.<\/p>\n","protected":false},"featured_media":10796,"comment_status":"closed","ping_status":"closed","template":"","meta":{"_acf_changed":false,"site-sidebar-layout":"default","site-content-layout":"","ast-site-content-layout":"default","site-content-style":"default","site-sidebar-style":"default","ast-global-header-display":"","ast-banner-title-visibility":"","ast-main-header-display":"","ast-hfb-above-header-display":"","ast-hfb-below-header-display":"","ast-hfb-mobile-header-display":"","site-post-title":"","ast-breadcrumbs-content":"","ast-featured-img":"","footer-sml-layout":"","ast-disable-related-posts":"","theme-transparent-header-meta":"","adv-header-id-meta":"","stick-header-meta":"","header-above-stick-meta":"","header-main-stick-meta":"","header-below-stick-meta":"","astra-migrate-meta-layouts":"default","ast-page-background-enabled":"default","ast-page-background-meta":{"desktop":{"background-color":"","background-image":"","background-repeat":"repeat","background-position":"center center","background-size":"auto","background-attachment":"scroll","background-type":"","background-media":"","overlay-type":"","overlay-color":"","overlay-opacity":"","overlay-gradient":""},"tablet":{"background-color":"","background-image":"","background-repeat":"repeat","background-position":"center center","background-size":"auto","background-attachment":"scroll","background-type":"","background-media":"","overlay-type":"","overlay-color":"","overlay-opacity":"","overlay-gradient":""},"mobile":{"background-color":"","background-image":"","background-repeat":"repeat","background-position":"center center","background-size":"auto","background-attachment":"scroll","background-type":"","background-media":"","overlay-type":"","overlay-color":"","overlay-opacity":"","overlay-gradient":""}},"ast-content-background-meta":{"desktop":{"background-color":"var(--ast-global-color-4)","background-image":"","background-repeat":"repeat","background-position":"center center","background-size":"auto","background-attachment":"scroll","background-type":"","background-media":"","overlay-type":"","overlay-color":"","overlay-opacity":"","overlay-gradient":""},"tablet":{"background-color":"var(--ast-global-color-4)","background-image":"","background-repeat":"repeat","background-position":"center center","background-size":"auto","background-attachment":"scroll","background-type":"","background-media":"","overlay-type":"","overlay-color":"","overlay-opacity":"","overlay-gradient":""},"mobile":{"background-color":"var(--ast-global-color-4)","background-image":"","background-repeat":"repeat","background-position":"center center","background-size":"auto","background-attachment":"scroll","background-type":"","background-media":"","overlay-type":"","overlay-color":"","overlay-opacity":"","overlay-gradient":""}}},"product_brand":[],"product_cat":[9676],"product_tag":[],"class_list":{"0":"post-10762","1":"product","2":"type-product","3":"status-publish","4":"has-post-thumbnail","6":"product_cat-paaugliams","7":"desktop-align-left","8":"tablet-align-left","9":"mobile-align-left","11":"first","12":"instock","13":"shipping-taxable","14":"purchasable","15":"product-type-simple"},"acf":[],"yoast_head":"<!-- This site is optimized with the Yoast SEO plugin v27.0 - https:\/\/yoast.com\/product\/yoast-seo-wordpress\/ -->\n<title>Fran\u0117 ir Zujis<\/title>\n<meta name=\"description\" content=\"D\u017eeromas Deividas Selind\u017eeris\u00a0(1919\u20132010) \u2013 amerikie\u010di\u0173 ra\u0161ytojas, i\u0161gars\u0117j\u0119s romanu\u00a0\u201eRugiuose prie bedugn\u0117s&quot;, jau laikomu literat\u016bros klasika.\u00a0\u201eFran\u0117s ir Zujo&quot;\u00a0pasakojim\u0105 sudaro Glas\u0173 \u0161eimos jauniausio vaiko Fran\u0117s i\u0161gyvenimai ir dvasiniai ie\u0161kojimai. Ra\u0161ytojui svarb\u016bs autenti\u0161ki heroj\u0173 pokalbiai, j\u0173 gyvenamoji aplinka, jis \u012fsitikin\u0119s, kad ties\u0105 galima rasti pa\u010dioje kasdieni\u0161kiausioje situacijoje, kad gyvenimo paslaptis gali b\u016bti suvokta intuityviai ir ne i\u0161 karto.\" \/>\n<meta name=\"robots\" content=\"index, follow, max-snippet:-1, max-image-preview:large, max-video-preview:-1\" \/>\n<link rel=\"canonical\" href=\"https:\/\/skaitytaknyga.lt\/en\/produktas\/j-d-salinger-frane-ir-zujis\/\" \/>\n<meta property=\"og:locale\" content=\"en_GB\" \/>\n<meta property=\"og:locale:alternate\" content=\"lt_LT\" \/>\n<meta property=\"og:type\" content=\"article\" \/>\n<meta property=\"og:title\" content=\"Fran\u0117 ir Zujis\" \/>\n<meta property=\"og:description\" content=\"D\u017eeromas Deividas Selind\u017eeris\u00a0(1919\u20132010) \u2013 amerikie\u010di\u0173 ra\u0161ytojas, i\u0161gars\u0117j\u0119s romanu\u00a0\u201eRugiuose prie bedugn\u0117s&quot;, jau laikomu literat\u016bros klasika.\u00a0\u201eFran\u0117s ir Zujo&quot;\u00a0pasakojim\u0105 sudaro Glas\u0173 \u0161eimos jauniausio vaiko Fran\u0117s i\u0161gyvenimai ir dvasiniai ie\u0161kojimai. Ra\u0161ytojui svarb\u016bs autenti\u0161ki heroj\u0173 pokalbiai, j\u0173 gyvenamoji aplinka, jis \u012fsitikin\u0119s, kad ties\u0105 galima rasti pa\u010dioje kasdieni\u0161kiausioje situacijoje, kad gyvenimo paslaptis gali b\u016bti suvokta intuityviai ir ne i\u0161 karto.\" \/>\n<meta property=\"og:url\" content=\"https:\/\/skaitytaknyga.lt\/en\/produktas\/j-d-salinger-frane-ir-zujis\/\" \/>\n<meta property=\"og:site_name\" content=\"Skaitytaknyga\" \/>\n<meta property=\"article:publisher\" content=\"https:\/\/www.facebook.com\/skaitytaknyga\/\" \/>\n<meta property=\"article:modified_time\" content=\"2026-03-11T08:55:21+00:00\" \/>\n<meta property=\"og:image\" content=\"https:\/\/skaitytaknyga.lt\/wp-content\/uploads\/2024\/05\/image_478.jpg\" \/>\n\t<meta property=\"og:image:width\" content=\"380\" \/>\n\t<meta property=\"og:image:height\" content=\"600\" \/>\n\t<meta property=\"og:image:type\" content=\"image\/jpeg\" \/>\n<meta name=\"twitter:card\" content=\"summary_large_image\" \/>\n<script type=\"application\/ld+json\" class=\"yoast-schema-graph\">{\"@context\":\"https:\/\/schema.org\",\"@graph\":[{\"@type\":\"WebPage\",\"@id\":\"https:\/\/skaitytaknyga.lt\/produktas\/j-d-salinger-frane-ir-zujis\/\",\"url\":\"https:\/\/skaitytaknyga.lt\/produktas\/j-d-salinger-frane-ir-zujis\/\",\"name\":\"Fran\u0117 ir Zujis\",\"isPartOf\":{\"@id\":\"https:\/\/skaitytaknyga.lt\/#website\"},\"primaryImageOfPage\":{\"@id\":\"https:\/\/skaitytaknyga.lt\/produktas\/j-d-salinger-frane-ir-zujis\/#primaryimage\"},\"image\":{\"@id\":\"https:\/\/skaitytaknyga.lt\/produktas\/j-d-salinger-frane-ir-zujis\/#primaryimage\"},\"thumbnailUrl\":\"https:\/\/skaitytaknyga.lt\/wp-content\/uploads\/2024\/05\/image_478.jpg\",\"datePublished\":\"2024-05-04T19:13:47+00:00\",\"dateModified\":\"2026-03-11T08:55:21+00:00\",\"description\":\"D\u017eeromas Deividas Selind\u017eeris\u00a0(1919\u20132010) \u2013 amerikie\u010di\u0173 ra\u0161ytojas, i\u0161gars\u0117j\u0119s romanu\u00a0\u201eRugiuose prie bedugn\u0117s\\\", jau laikomu literat\u016bros klasika.\u00a0\u201eFran\u0117s ir Zujo\\\"\u00a0pasakojim\u0105 sudaro Glas\u0173 \u0161eimos jauniausio vaiko Fran\u0117s i\u0161gyvenimai ir dvasiniai ie\u0161kojimai. Ra\u0161ytojui svarb\u016bs autenti\u0161ki heroj\u0173 pokalbiai, j\u0173 gyvenamoji aplinka, jis \u012fsitikin\u0119s, kad ties\u0105 galima rasti pa\u010dioje kasdieni\u0161kiausioje situacijoje, kad gyvenimo paslaptis gali b\u016bti suvokta intuityviai ir ne i\u0161 karto.\",\"breadcrumb\":{\"@id\":\"https:\/\/skaitytaknyga.lt\/produktas\/j-d-salinger-frane-ir-zujis\/#breadcrumb\"},\"inLanguage\":\"en-GB\",\"potentialAction\":[{\"@type\":\"ReadAction\",\"target\":[\"https:\/\/skaitytaknyga.lt\/produktas\/j-d-salinger-frane-ir-zujis\/\"]}]},{\"@type\":\"ImageObject\",\"inLanguage\":\"en-GB\",\"@id\":\"https:\/\/skaitytaknyga.lt\/produktas\/j-d-salinger-frane-ir-zujis\/#primaryimage\",\"url\":\"https:\/\/skaitytaknyga.lt\/wp-content\/uploads\/2024\/05\/image_478.jpg\",\"contentUrl\":\"https:\/\/skaitytaknyga.lt\/wp-content\/uploads\/2024\/05\/image_478.jpg\",\"width\":380,\"height\":600},{\"@type\":\"BreadcrumbList\",\"@id\":\"https:\/\/skaitytaknyga.lt\/produktas\/j-d-salinger-frane-ir-zujis\/#breadcrumb\",\"itemListElement\":[{\"@type\":\"ListItem\",\"position\":1,\"name\":\"Home\",\"item\":\"https:\/\/skaitytaknyga.lt\/\"},{\"@type\":\"ListItem\",\"position\":2,\"name\":\"Parduotuv\u0117\",\"item\":\"https:\/\/skaitytaknyga.lt\/knygu-parduotuve\/\"},{\"@type\":\"ListItem\",\"position\":3,\"name\":\"Fran\u0117 ir Zujis\"}]},{\"@type\":\"WebSite\",\"@id\":\"https:\/\/skaitytaknyga.lt\/#website\",\"url\":\"https:\/\/skaitytaknyga.lt\/\",\"name\":\"skaitytaknyga.lt\",\"description\":\"Skaitytaknyga.lt \u2013 tai ma\u017eas \u0161eimos verslas, kuris prasid\u0117jo nuo meil\u0117s knygoms ir siekio i\u0161gelb\u0117ti knygas nuo likimo prie konteinerio. Kas vienam nereikalingas daiktas \u2013 kitam lobis, o mes esame tarpininkai, kurie padeda abiems tapti laimingesniems ???? \u017dinome kaip nelengva i\u0161gyventi ma\u017eiems verslams, tad nuo \u0161iol, \u010dia rasite ir kit\u0173, ma\u017e\u0173 \u0161eim\u0173 versl\u0173, rank\u0173 darbo, dovan\u0173 sau ir artimiesiems.\",\"publisher\":{\"@id\":\"https:\/\/skaitytaknyga.lt\/#organization\"},\"potentialAction\":[{\"@type\":\"SearchAction\",\"target\":{\"@type\":\"EntryPoint\",\"urlTemplate\":\"https:\/\/skaitytaknyga.lt\/?s={search_term_string}\"},\"query-input\":{\"@type\":\"PropertyValueSpecification\",\"valueRequired\":true,\"valueName\":\"search_term_string\"}}],\"inLanguage\":\"en-GB\"},{\"@type\":\"Organization\",\"@id\":\"https:\/\/skaitytaknyga.lt\/#organization\",\"name\":\"skaitytaknyga.lt\",\"url\":\"https:\/\/skaitytaknyga.lt\/\",\"logo\":{\"@type\":\"ImageObject\",\"inLanguage\":\"en-GB\",\"@id\":\"https:\/\/skaitytaknyga.lt\/#\/schema\/logo\/image\/\",\"url\":\"https:\/\/skaitytaknyga.lt\/wp-content\/uploads\/2024\/05\/cropped-cropped-cropped-02_00843_jt3bggkj1j3HLc7SyY6rEUpg.jpeg\",\"contentUrl\":\"https:\/\/skaitytaknyga.lt\/wp-content\/uploads\/2024\/05\/cropped-cropped-cropped-02_00843_jt3bggkj1j3HLc7SyY6rEUpg.jpeg\",\"width\":1600,\"height\":1600,\"caption\":\"skaitytaknyga.lt\"},\"image\":{\"@id\":\"https:\/\/skaitytaknyga.lt\/#\/schema\/logo\/image\/\"},\"sameAs\":[\"https:\/\/www.facebook.com\/skaitytaknyga\/\"]}]}<\/script>\n<!-- \/ Yoast SEO plugin. -->","yoast_head_json":{"title":"Fran\u0117 ir Zujis","description":"D\u017eeromas Deividas Selind\u017eeris\u00a0(1919\u20132010) \u2013 amerikie\u010di\u0173 ra\u0161ytojas, i\u0161gars\u0117j\u0119s romanu\u00a0\u201eRugiuose prie bedugn\u0117s\", jau laikomu literat\u016bros klasika.\u00a0\u201eFran\u0117s ir Zujo\"\u00a0pasakojim\u0105 sudaro Glas\u0173 \u0161eimos jauniausio vaiko Fran\u0117s i\u0161gyvenimai ir dvasiniai ie\u0161kojimai. Ra\u0161ytojui svarb\u016bs autenti\u0161ki heroj\u0173 pokalbiai, j\u0173 gyvenamoji aplinka, jis \u012fsitikin\u0119s, kad ties\u0105 galima rasti pa\u010dioje kasdieni\u0161kiausioje situacijoje, kad gyvenimo paslaptis gali b\u016bti suvokta intuityviai ir ne i\u0161 karto.","robots":{"index":"index","follow":"follow","max-snippet":"max-snippet:-1","max-image-preview":"max-image-preview:large","max-video-preview":"max-video-preview:-1"},"canonical":"https:\/\/skaitytaknyga.lt\/en\/produktas\/j-d-salinger-frane-ir-zujis\/","og_locale":"en_GB","og_type":"article","og_title":"[:lt]Fran\u0117 ir Zujis[:] - Skaitytaknyga","og_description":"D\u017eeromas Deividas Selind\u017eeris\u00a0(1919\u20132010) \u2013 amerikie\u010di\u0173 ra\u0161ytojas, i\u0161gars\u0117j\u0119s romanu\u00a0\u201eRugiuose prie bedugn\u0117s\", jau laikomu literat\u016bros klasika.\u00a0\u201eFran\u0117s ir Zujo\"\u00a0pasakojim\u0105 sudaro Glas\u0173 \u0161eimos jauniausio vaiko Fran\u0117s i\u0161gyvenimai ir dvasiniai ie\u0161kojimai. Ra\u0161ytojui svarb\u016bs autenti\u0161ki heroj\u0173 pokalbiai, j\u0173 gyvenamoji aplinka, jis \u012fsitikin\u0119s, kad ties\u0105 galima rasti pa\u010dioje kasdieni\u0161kiausioje situacijoje, kad gyvenimo paslaptis gali b\u016bti suvokta intuityviai ir ne i\u0161 karto.","og_url":"https:\/\/skaitytaknyga.lt\/en\/produktas\/j-d-salinger-frane-ir-zujis\/","og_site_name":"Skaitytaknyga","article_publisher":"https:\/\/www.facebook.com\/skaitytaknyga\/","article_modified_time":"2026-03-11T08:55:21+00:00","og_image":[{"width":380,"height":600,"url":"https:\/\/skaitytaknyga.lt\/wp-content\/uploads\/2024\/05\/image_478.jpg","type":"image\/jpeg"}],"twitter_card":"summary_large_image","schema":{"@context":"https:\/\/schema.org","@graph":[{"@type":"WebPage","@id":"https:\/\/skaitytaknyga.lt\/produktas\/j-d-salinger-frane-ir-zujis\/","url":"https:\/\/skaitytaknyga.lt\/produktas\/j-d-salinger-frane-ir-zujis\/","name":"Fran\u0117 ir Zujis","isPartOf":{"@id":"https:\/\/skaitytaknyga.lt\/#website"},"primaryImageOfPage":{"@id":"https:\/\/skaitytaknyga.lt\/produktas\/j-d-salinger-frane-ir-zujis\/#primaryimage"},"image":{"@id":"https:\/\/skaitytaknyga.lt\/produktas\/j-d-salinger-frane-ir-zujis\/#primaryimage"},"thumbnailUrl":"https:\/\/skaitytaknyga.lt\/wp-content\/uploads\/2024\/05\/image_478.jpg","datePublished":"2024-05-04T19:13:47+00:00","dateModified":"2026-03-11T08:55:21+00:00","description":"D\u017eeromas Deividas Selind\u017eeris\u00a0(1919\u20132010) \u2013 amerikie\u010di\u0173 ra\u0161ytojas, i\u0161gars\u0117j\u0119s romanu\u00a0\u201eRugiuose prie bedugn\u0117s\", jau laikomu literat\u016bros klasika.\u00a0\u201eFran\u0117s ir Zujo\"\u00a0pasakojim\u0105 sudaro Glas\u0173 \u0161eimos jauniausio vaiko Fran\u0117s i\u0161gyvenimai ir dvasiniai ie\u0161kojimai. Ra\u0161ytojui svarb\u016bs autenti\u0161ki heroj\u0173 pokalbiai, j\u0173 gyvenamoji aplinka, jis \u012fsitikin\u0119s, kad ties\u0105 galima rasti pa\u010dioje kasdieni\u0161kiausioje situacijoje, kad gyvenimo paslaptis gali b\u016bti suvokta intuityviai ir ne i\u0161 karto.","breadcrumb":{"@id":"https:\/\/skaitytaknyga.lt\/produktas\/j-d-salinger-frane-ir-zujis\/#breadcrumb"},"inLanguage":"en-GB","potentialAction":[{"@type":"ReadAction","target":["https:\/\/skaitytaknyga.lt\/produktas\/j-d-salinger-frane-ir-zujis\/"]}]},{"@type":"ImageObject","inLanguage":"en-GB","@id":"https:\/\/skaitytaknyga.lt\/produktas\/j-d-salinger-frane-ir-zujis\/#primaryimage","url":"https:\/\/skaitytaknyga.lt\/wp-content\/uploads\/2024\/05\/image_478.jpg","contentUrl":"https:\/\/skaitytaknyga.lt\/wp-content\/uploads\/2024\/05\/image_478.jpg","width":380,"height":600},{"@type":"BreadcrumbList","@id":"https:\/\/skaitytaknyga.lt\/produktas\/j-d-salinger-frane-ir-zujis\/#breadcrumb","itemListElement":[{"@type":"ListItem","position":1,"name":"Home","item":"https:\/\/skaitytaknyga.lt\/"},{"@type":"ListItem","position":2,"name":"Parduotuv\u0117","item":"https:\/\/skaitytaknyga.lt\/knygu-parduotuve\/"},{"@type":"ListItem","position":3,"name":"Fran\u0117 ir Zujis"}]},{"@type":"WebSite","@id":"https:\/\/skaitytaknyga.lt\/#website","url":"https:\/\/skaitytaknyga.lt\/","name":"skaitytaknyga.lt","description":"Skaitytaknyga.lt \u2013 tai ma\u017eas \u0161eimos verslas, kuris prasid\u0117jo nuo meil\u0117s knygoms ir siekio i\u0161gelb\u0117ti knygas nuo likimo prie konteinerio. Kas vienam nereikalingas daiktas \u2013 kitam lobis, o mes esame tarpininkai, kurie padeda abiems tapti laimingesniems ???? \u017dinome kaip nelengva i\u0161gyventi ma\u017eiems verslams, tad nuo \u0161iol, \u010dia rasite ir kit\u0173, ma\u017e\u0173 \u0161eim\u0173 versl\u0173, rank\u0173 darbo, dovan\u0173 sau ir artimiesiems.","publisher":{"@id":"https:\/\/skaitytaknyga.lt\/#organization"},"potentialAction":[{"@type":"SearchAction","target":{"@type":"EntryPoint","urlTemplate":"https:\/\/skaitytaknyga.lt\/?s={search_term_string}"},"query-input":{"@type":"PropertyValueSpecification","valueRequired":true,"valueName":"search_term_string"}}],"inLanguage":"en-GB"},{"@type":"Organization","@id":"https:\/\/skaitytaknyga.lt\/#organization","name":"skaitytaknyga.lt","url":"https:\/\/skaitytaknyga.lt\/","logo":{"@type":"ImageObject","inLanguage":"en-GB","@id":"https:\/\/skaitytaknyga.lt\/#\/schema\/logo\/image\/","url":"https:\/\/skaitytaknyga.lt\/wp-content\/uploads\/2024\/05\/cropped-cropped-cropped-02_00843_jt3bggkj1j3HLc7SyY6rEUpg.jpeg","contentUrl":"https:\/\/skaitytaknyga.lt\/wp-content\/uploads\/2024\/05\/cropped-cropped-cropped-02_00843_jt3bggkj1j3HLc7SyY6rEUpg.jpeg","width":1600,"height":1600,"caption":"skaitytaknyga.lt"},"image":{"@id":"https:\/\/skaitytaknyga.lt\/#\/schema\/logo\/image\/"},"sameAs":["https:\/\/www.facebook.com\/skaitytaknyga\/"]}]}},"_links":{"self":[{"href":"https:\/\/skaitytaknyga.lt\/en\/wp-json\/wp\/v2\/product\/10762","targetHints":{"allow":["GET"]}}],"collection":[{"href":"https:\/\/skaitytaknyga.lt\/en\/wp-json\/wp\/v2\/product"}],"about":[{"href":"https:\/\/skaitytaknyga.lt\/en\/wp-json\/wp\/v2\/types\/product"}],"replies":[{"embeddable":true,"href":"https:\/\/skaitytaknyga.lt\/en\/wp-json\/wp\/v2\/comments?post=10762"}],"wp:featuredmedia":[{"embeddable":true,"href":"https:\/\/skaitytaknyga.lt\/en\/wp-json\/wp\/v2\/media\/10796"}],"wp:attachment":[{"href":"https:\/\/skaitytaknyga.lt\/en\/wp-json\/wp\/v2\/media?parent=10762"}],"wp:term":[{"taxonomy":"product_brand","embeddable":true,"href":"https:\/\/skaitytaknyga.lt\/en\/wp-json\/wp\/v2\/product_brand?post=10762"},{"taxonomy":"product_cat","embeddable":true,"href":"https:\/\/skaitytaknyga.lt\/en\/wp-json\/wp\/v2\/product_cat?post=10762"},{"taxonomy":"product_tag","embeddable":true,"href":"https:\/\/skaitytaknyga.lt\/en\/wp-json\/wp\/v2\/product_tag?post=10762"}],"curies":[{"name":"wp","href":"https:\/\/api.w.org\/{rel}","templated":true}]}}