{"id":10761,"date":"2024-05-04T19:13:47","date_gmt":"2024-05-04T19:13:47","guid":{"rendered":"https:\/\/skaitytaknyga.lt\/?post_type=product&#038;p=10761"},"modified":"2026-03-17T11:49:06","modified_gmt":"2026-03-17T09:49:06","slug":"klas-ostergren-gangsteriai","status":"publish","type":"product","link":"https:\/\/skaitytaknyga.lt\/en\/produktas\/klas-ostergren-gangsteriai\/","title":{"rendered":"Gangsteriai"},"content":{"rendered":"<p>Romanas \u201eD\u017eentelmenai\u201c, i\u0161leistas 1980-aisiais (liet. 2009 m.), tapo did\u017eiuoju ra\u0161ytojo prover\u017eiu. Jo naujasis romanas \u201eGangsteriai\u201c t\u0119sia istorij\u0105 ten, kur ji baig\u0117si \u201eD\u017eentelmenuose\u201c. Gimsta svaiginantis ir klaidus pasakojimas apie saviapgaul\u0119, kuri susieja ir i\u0161skiria du \u017emones, apie lemting\u0105 susitikim\u0105 Vienoje bei vietov\u0119, nepasiekiam\u0105 radijo bang\u0173, toli u\u017e elektros linij\u0173, apie nelegalius ginkl\u0173 sandorius bei apie ro\u017e\u0119, vadinam\u0105 Fleur du mal, kuri \u017eydi gausiai ir v\u0117lai.<\/p>\n<p>Pra\u0117jus dvide\u0161imt penkeriems metams \u0161is pasakojimas perkelia mus i\u0161 a\u0161tuntojo de\u0161imtme\u010dio pabaigos \u012f \u0161ias dienas, \u012f nauj\u0105 situacij\u0105, kurioje pasakotojas gali visk\u0105 ap\u017evelgti ir susidaryti perspektyv\u0105 apie tai, kas \u012fvyko i\u0161 tikr\u0173j\u0173. Taip u\u017ebaigiamos dvi istorijos apie keistus \u017emones, keist\u0105 meil\u0119 ir keist\u0105 ties\u0105.<\/p>\n","protected":false},"excerpt":{"rendered":"<p>Stadione, prie\u0161ais kiosk\u0105, kur Moet \u0161ampano taur\u0117 kainuoja 7,50 dolerio, \u0161altakrauji\u0161kai nu\u0161aunama jauna moteris. Ka\u017ekada ji buvo pasiekusi svaiginan\u010dias teniso auk\u0161tumas. Dabar, JAV atvir\u0173j\u0173 var\u017eyb\u0173 \u012fkar\u0161tyje, laikra\u0161\u010di\u0173 antra\u0161t\u0117s liaupsina kit\u0105 jaun\u0105 \u017eaid\u0117j\u0105 i\u0161 kitos barikad\u0173 pus\u0117s. Kai sporto agentas Mironas Bolitaras imasi tirti nu\u017eudym\u0105, jis atskleid\u017eia ry\u0161\u012f tarp \u0161i\u0173 dviej\u0173 \u017eaid\u0117j\u0173 ir prie\u0161 \u0161e\u0161erius metus \u012fvykdyt\u0105 \u017emog\u017eudyst\u0119 prabangiame klube.<\/p>\n<p>Greitai Mironas \u012fklimpsta susid\u016br\u0119s su nes\u0105\u017einingu JAV senatoriumi, pavyd\u017eia motina ir mafija. Jis supranta \u017eaid\u017ei\u0105s labai pavojing\u0105 \u017eaidim\u0105 \u2013 su \u017eudiku ir tiesa.<\/p>\n<p>\u201eEdgar\u201c, \u201eShamus\u201c ir \u201eAnthony\u201c premij\u0173 laim\u0117tojas\u00a0<strong>Harlan Coben\u00a0<\/strong>yra dvylikos roman\u0173 autorius. Jo knygos i\u0161verstos \u012f trisde\u0161imt dvi kalbas ir parduodamos visame pasaulyje.<\/p>\n","protected":false},"featured_media":10795,"comment_status":"closed","ping_status":"closed","template":"","meta":{"_acf_changed":false,"site-sidebar-layout":"default","site-content-layout":"","ast-site-content-layout":"default","site-content-style":"default","site-sidebar-style":"default","ast-global-header-display":"","ast-banner-title-visibility":"","ast-main-header-display":"","ast-hfb-above-header-display":"","ast-hfb-below-header-display":"","ast-hfb-mobile-header-display":"","site-post-title":"","ast-breadcrumbs-content":"","ast-featured-img":"","footer-sml-layout":"","ast-disable-related-posts":"","theme-transparent-header-meta":"","adv-header-id-meta":"","stick-header-meta":"","header-above-stick-meta":"","header-main-stick-meta":"","header-below-stick-meta":"","astra-migrate-meta-layouts":"default","ast-page-background-enabled":"default","ast-page-background-meta":{"desktop":{"background-color":"","background-image":"","background-repeat":"repeat","background-position":"center center","background-size":"auto","background-attachment":"scroll","background-type":"","background-media":"","overlay-type":"","overlay-color":"","overlay-opacity":"","overlay-gradient":""},"tablet":{"background-color":"","background-image":"","background-repeat":"repeat","background-position":"center center","background-size":"auto","background-attachment":"scroll","background-type":"","background-media":"","overlay-type":"","overlay-color":"","overlay-opacity":"","overlay-gradient":""},"mobile":{"background-color":"","background-image":"","background-repeat":"repeat","background-position":"center center","background-size":"auto","background-attachment":"scroll","background-type":"","background-media":"","overlay-type":"","overlay-color":"","overlay-opacity":"","overlay-gradient":""}},"ast-content-background-meta":{"desktop":{"background-color":"var(--ast-global-color-4)","background-image":"","background-repeat":"repeat","background-position":"center center","background-size":"auto","background-attachment":"scroll","background-type":"","background-media":"","overlay-type":"","overlay-color":"","overlay-opacity":"","overlay-gradient":""},"tablet":{"background-color":"var(--ast-global-color-4)","background-image":"","background-repeat":"repeat","background-position":"center center","background-size":"auto","background-attachment":"scroll","background-type":"","background-media":"","overlay-type":"","overlay-color":"","overlay-opacity":"","overlay-gradient":""},"mobile":{"background-color":"var(--ast-global-color-4)","background-image":"","background-repeat":"repeat","background-position":"center center","background-size":"auto","background-attachment":"scroll","background-type":"","background-media":"","overlay-type":"","overlay-color":"","overlay-opacity":"","overlay-gradient":""}}},"product_brand":[],"product_cat":[9734],"product_tag":[1245],"class_list":{"0":"post-10761","1":"product","2":"type-product","3":"status-publish","4":"has-post-thumbnail","6":"product_cat-romanai","7":"product_tag-klas-ostergren","8":"desktop-align-left","9":"tablet-align-left","10":"mobile-align-left","12":"first","13":"instock","14":"shipping-taxable","15":"purchasable","16":"product-type-simple"},"acf":[],"yoast_head":"<!-- This site is optimized with the Yoast SEO plugin v27.0 - https:\/\/yoast.com\/product\/yoast-seo-wordpress\/ -->\n<title>Gangsteriai<\/title>\n<meta name=\"description\" content=\"Stadione, prie\u0161ais kiosk\u0105, kur Moet \u0161ampano taur\u0117 kainuoja 7,50 dolerio, \u0161altakrauji\u0161kai nu\u0161aunama jauna moteris. Ka\u017ekada ji buvo pasiekusi svaiginan\u010dias teniso auk\u0161tumas. Dabar, JAV atvir\u0173j\u0173 var\u017eyb\u0173 \u012fkar\u0161tyje, laikra\u0161\u010di\u0173 antra\u0161t\u0117s liaupsina kit\u0105 jaun\u0105 \u017eaid\u0117j\u0105 i\u0161 kitos barikad\u0173 pus\u0117s. Kai sporto agentas Mironas Bolitaras imasi tirti nu\u017eudym\u0105, jis atskleid\u017eia ry\u0161\u012f tarp \u0161i\u0173 dviej\u0173 \u017eaid\u0117j\u0173 ir prie\u0161 \u0161e\u0161erius metus \u012fvykdyt\u0105 \u017emog\u017eudyst\u0119 prabangiame klube.  Greitai Mironas \u012fklimpsta susid\u016br\u0119s su nes\u0105\u017einingu JAV senatoriumi, pavyd\u017eia motina ir mafija. Jis supranta \u017eaid\u017ei\u0105s labai pavojing\u0105 \u017eaidim\u0105 \u2013 su \u017eudiku ir tiesa.  \u201eEdgar\u201c, \u201eShamus\u201c ir \u201eAnthony\u201c premij\u0173 laim\u0117tojas\u00a0Harlan Coben\u00a0yra dvylikos roman\u0173 autorius. Jo knygos i\u0161verstos \u012f trisde\u0161imt dvi kalbas ir parduodamos visame pasaulyje.\" \/>\n<meta name=\"robots\" content=\"index, follow, max-snippet:-1, max-image-preview:large, max-video-preview:-1\" \/>\n<link rel=\"canonical\" href=\"https:\/\/skaitytaknyga.lt\/en\/produktas\/klas-ostergren-gangsteriai\/\" \/>\n<meta property=\"og:locale\" content=\"en_GB\" \/>\n<meta property=\"og:locale:alternate\" content=\"lt_LT\" \/>\n<meta property=\"og:type\" content=\"article\" \/>\n<meta property=\"og:title\" content=\"Gangsteriai\" \/>\n<meta property=\"og:description\" content=\"Stadione, prie\u0161ais kiosk\u0105, kur Moet \u0161ampano taur\u0117 kainuoja 7,50 dolerio, \u0161altakrauji\u0161kai nu\u0161aunama jauna moteris. Ka\u017ekada ji buvo pasiekusi svaiginan\u010dias teniso auk\u0161tumas. Dabar, JAV atvir\u0173j\u0173 var\u017eyb\u0173 \u012fkar\u0161tyje, laikra\u0161\u010di\u0173 antra\u0161t\u0117s liaupsina kit\u0105 jaun\u0105 \u017eaid\u0117j\u0105 i\u0161 kitos barikad\u0173 pus\u0117s. Kai sporto agentas Mironas Bolitaras imasi tirti nu\u017eudym\u0105, jis atskleid\u017eia ry\u0161\u012f tarp \u0161i\u0173 dviej\u0173 \u017eaid\u0117j\u0173 ir prie\u0161 \u0161e\u0161erius metus \u012fvykdyt\u0105 \u017emog\u017eudyst\u0119 prabangiame klube.  Greitai Mironas \u012fklimpsta susid\u016br\u0119s su nes\u0105\u017einingu JAV senatoriumi, pavyd\u017eia motina ir mafija. Jis supranta \u017eaid\u017ei\u0105s labai pavojing\u0105 \u017eaidim\u0105 \u2013 su \u017eudiku ir tiesa.  \u201eEdgar\u201c, \u201eShamus\u201c ir \u201eAnthony\u201c premij\u0173 laim\u0117tojas\u00a0Harlan Coben\u00a0yra dvylikos roman\u0173 autorius. Jo knygos i\u0161verstos \u012f trisde\u0161imt dvi kalbas ir parduodamos visame pasaulyje.\" \/>\n<meta property=\"og:url\" content=\"https:\/\/skaitytaknyga.lt\/en\/produktas\/klas-ostergren-gangsteriai\/\" \/>\n<meta property=\"og:site_name\" content=\"Skaitytaknyga\" \/>\n<meta property=\"article:publisher\" content=\"https:\/\/www.facebook.com\/skaitytaknyga\/\" \/>\n<meta property=\"article:modified_time\" content=\"2026-03-17T09:49:06+00:00\" \/>\n<meta property=\"og:image\" content=\"https:\/\/skaitytaknyga.lt\/wp-content\/uploads\/2024\/05\/163717-1493818769116-e1676112585782.jpg\" \/>\n\t<meta property=\"og:image:width\" content=\"339\" \/>\n\t<meta property=\"og:image:height\" content=\"529\" \/>\n\t<meta property=\"og:image:type\" content=\"image\/jpeg\" \/>\n<meta name=\"twitter:card\" content=\"summary_large_image\" \/>\n<meta name=\"twitter:label1\" content=\"Estimated reading time\" \/>\n\t<meta name=\"twitter:data1\" content=\"1 minute\" \/>\n<script type=\"application\/ld+json\" class=\"yoast-schema-graph\">{\"@context\":\"https:\/\/schema.org\",\"@graph\":[{\"@type\":\"WebPage\",\"@id\":\"https:\/\/skaitytaknyga.lt\/produktas\/klas-ostergren-gangsteriai\/\",\"url\":\"https:\/\/skaitytaknyga.lt\/produktas\/klas-ostergren-gangsteriai\/\",\"name\":\"Gangsteriai\",\"isPartOf\":{\"@id\":\"https:\/\/skaitytaknyga.lt\/#website\"},\"primaryImageOfPage\":{\"@id\":\"https:\/\/skaitytaknyga.lt\/produktas\/klas-ostergren-gangsteriai\/#primaryimage\"},\"image\":{\"@id\":\"https:\/\/skaitytaknyga.lt\/produktas\/klas-ostergren-gangsteriai\/#primaryimage\"},\"thumbnailUrl\":\"https:\/\/skaitytaknyga.lt\/wp-content\/uploads\/2024\/05\/163717-1493818769116-e1676112585782.jpg\",\"datePublished\":\"2024-05-04T19:13:47+00:00\",\"dateModified\":\"2026-03-17T09:49:06+00:00\",\"description\":\"Stadione, prie\u0161ais kiosk\u0105, kur Moet \u0161ampano taur\u0117 kainuoja 7,50 dolerio, \u0161altakrauji\u0161kai nu\u0161aunama jauna moteris. Ka\u017ekada ji buvo pasiekusi svaiginan\u010dias teniso auk\u0161tumas. Dabar, JAV atvir\u0173j\u0173 var\u017eyb\u0173 \u012fkar\u0161tyje, laikra\u0161\u010di\u0173 antra\u0161t\u0117s liaupsina kit\u0105 jaun\u0105 \u017eaid\u0117j\u0105 i\u0161 kitos barikad\u0173 pus\u0117s. Kai sporto agentas Mironas Bolitaras imasi tirti nu\u017eudym\u0105, jis atskleid\u017eia ry\u0161\u012f tarp \u0161i\u0173 dviej\u0173 \u017eaid\u0117j\u0173 ir prie\u0161 \u0161e\u0161erius metus \u012fvykdyt\u0105 \u017emog\u017eudyst\u0119 prabangiame klube. Greitai Mironas \u012fklimpsta susid\u016br\u0119s su nes\u0105\u017einingu JAV senatoriumi, pavyd\u017eia motina ir mafija. Jis supranta \u017eaid\u017ei\u0105s labai pavojing\u0105 \u017eaidim\u0105 \u2013 su \u017eudiku ir tiesa. \u201eEdgar\u201c, \u201eShamus\u201c ir \u201eAnthony\u201c premij\u0173 laim\u0117tojas\u00a0Harlan Coben\u00a0yra dvylikos roman\u0173 autorius. Jo knygos i\u0161verstos \u012f trisde\u0161imt dvi kalbas ir parduodamos visame pasaulyje.\",\"breadcrumb\":{\"@id\":\"https:\/\/skaitytaknyga.lt\/produktas\/klas-ostergren-gangsteriai\/#breadcrumb\"},\"inLanguage\":\"en-GB\",\"potentialAction\":[{\"@type\":\"ReadAction\",\"target\":[\"https:\/\/skaitytaknyga.lt\/produktas\/klas-ostergren-gangsteriai\/\"]}]},{\"@type\":\"ImageObject\",\"inLanguage\":\"en-GB\",\"@id\":\"https:\/\/skaitytaknyga.lt\/produktas\/klas-ostergren-gangsteriai\/#primaryimage\",\"url\":\"https:\/\/skaitytaknyga.lt\/wp-content\/uploads\/2024\/05\/163717-1493818769116-e1676112585782.jpg\",\"contentUrl\":\"https:\/\/skaitytaknyga.lt\/wp-content\/uploads\/2024\/05\/163717-1493818769116-e1676112585782.jpg\",\"width\":339,\"height\":529},{\"@type\":\"BreadcrumbList\",\"@id\":\"https:\/\/skaitytaknyga.lt\/produktas\/klas-ostergren-gangsteriai\/#breadcrumb\",\"itemListElement\":[{\"@type\":\"ListItem\",\"position\":1,\"name\":\"Home\",\"item\":\"https:\/\/skaitytaknyga.lt\/\"},{\"@type\":\"ListItem\",\"position\":2,\"name\":\"Parduotuv\u0117\",\"item\":\"https:\/\/skaitytaknyga.lt\/knygu-parduotuve\/\"},{\"@type\":\"ListItem\",\"position\":3,\"name\":\"Gangsteriai\"}]},{\"@type\":\"WebSite\",\"@id\":\"https:\/\/skaitytaknyga.lt\/#website\",\"url\":\"https:\/\/skaitytaknyga.lt\/\",\"name\":\"skaitytaknyga.lt\",\"description\":\"Skaitytaknyga.lt \u2013 tai ma\u017eas \u0161eimos verslas, kuris prasid\u0117jo nuo meil\u0117s knygoms ir siekio i\u0161gelb\u0117ti knygas nuo likimo prie konteinerio. Kas vienam nereikalingas daiktas \u2013 kitam lobis, o mes esame tarpininkai, kurie padeda abiems tapti laimingesniems ???? \u017dinome kaip nelengva i\u0161gyventi ma\u017eiems verslams, tad nuo \u0161iol, \u010dia rasite ir kit\u0173, ma\u017e\u0173 \u0161eim\u0173 versl\u0173, rank\u0173 darbo, dovan\u0173 sau ir artimiesiems.\",\"publisher\":{\"@id\":\"https:\/\/skaitytaknyga.lt\/#organization\"},\"potentialAction\":[{\"@type\":\"SearchAction\",\"target\":{\"@type\":\"EntryPoint\",\"urlTemplate\":\"https:\/\/skaitytaknyga.lt\/?s={search_term_string}\"},\"query-input\":{\"@type\":\"PropertyValueSpecification\",\"valueRequired\":true,\"valueName\":\"search_term_string\"}}],\"inLanguage\":\"en-GB\"},{\"@type\":\"Organization\",\"@id\":\"https:\/\/skaitytaknyga.lt\/#organization\",\"name\":\"skaitytaknyga.lt\",\"url\":\"https:\/\/skaitytaknyga.lt\/\",\"logo\":{\"@type\":\"ImageObject\",\"inLanguage\":\"en-GB\",\"@id\":\"https:\/\/skaitytaknyga.lt\/#\/schema\/logo\/image\/\",\"url\":\"https:\/\/skaitytaknyga.lt\/wp-content\/uploads\/2024\/05\/cropped-cropped-cropped-02_00843_jt3bggkj1j3HLc7SyY6rEUpg.jpeg\",\"contentUrl\":\"https:\/\/skaitytaknyga.lt\/wp-content\/uploads\/2024\/05\/cropped-cropped-cropped-02_00843_jt3bggkj1j3HLc7SyY6rEUpg.jpeg\",\"width\":1600,\"height\":1600,\"caption\":\"skaitytaknyga.lt\"},\"image\":{\"@id\":\"https:\/\/skaitytaknyga.lt\/#\/schema\/logo\/image\/\"},\"sameAs\":[\"https:\/\/www.facebook.com\/skaitytaknyga\/\"]}]}<\/script>\n<!-- \/ Yoast SEO plugin. -->","yoast_head_json":{"title":"Gangsteriai","description":"Stadione, prie\u0161ais kiosk\u0105, kur Moet \u0161ampano taur\u0117 kainuoja 7,50 dolerio, \u0161altakrauji\u0161kai nu\u0161aunama jauna moteris. Ka\u017ekada ji buvo pasiekusi svaiginan\u010dias teniso auk\u0161tumas. Dabar, JAV atvir\u0173j\u0173 var\u017eyb\u0173 \u012fkar\u0161tyje, laikra\u0161\u010di\u0173 antra\u0161t\u0117s liaupsina kit\u0105 jaun\u0105 \u017eaid\u0117j\u0105 i\u0161 kitos barikad\u0173 pus\u0117s. Kai sporto agentas Mironas Bolitaras imasi tirti nu\u017eudym\u0105, jis atskleid\u017eia ry\u0161\u012f tarp \u0161i\u0173 dviej\u0173 \u017eaid\u0117j\u0173 ir prie\u0161 \u0161e\u0161erius metus \u012fvykdyt\u0105 \u017emog\u017eudyst\u0119 prabangiame klube.  Greitai Mironas \u012fklimpsta susid\u016br\u0119s su nes\u0105\u017einingu JAV senatoriumi, pavyd\u017eia motina ir mafija. Jis supranta \u017eaid\u017ei\u0105s labai pavojing\u0105 \u017eaidim\u0105 \u2013 su \u017eudiku ir tiesa.  \u201eEdgar\u201c, \u201eShamus\u201c ir \u201eAnthony\u201c premij\u0173 laim\u0117tojas\u00a0Harlan Coben\u00a0yra dvylikos roman\u0173 autorius. Jo knygos i\u0161verstos \u012f trisde\u0161imt dvi kalbas ir parduodamos visame pasaulyje.","robots":{"index":"index","follow":"follow","max-snippet":"max-snippet:-1","max-image-preview":"max-image-preview:large","max-video-preview":"max-video-preview:-1"},"canonical":"https:\/\/skaitytaknyga.lt\/en\/produktas\/klas-ostergren-gangsteriai\/","og_locale":"en_GB","og_type":"article","og_title":"[:lt]Gangsteriai[:] - Skaitytaknyga","og_description":"Stadione, prie\u0161ais kiosk\u0105, kur Moet \u0161ampano taur\u0117 kainuoja 7,50 dolerio, \u0161altakrauji\u0161kai nu\u0161aunama jauna moteris. Ka\u017ekada ji buvo pasiekusi svaiginan\u010dias teniso auk\u0161tumas. Dabar, JAV atvir\u0173j\u0173 var\u017eyb\u0173 \u012fkar\u0161tyje, laikra\u0161\u010di\u0173 antra\u0161t\u0117s liaupsina kit\u0105 jaun\u0105 \u017eaid\u0117j\u0105 i\u0161 kitos barikad\u0173 pus\u0117s. Kai sporto agentas Mironas Bolitaras imasi tirti nu\u017eudym\u0105, jis atskleid\u017eia ry\u0161\u012f tarp \u0161i\u0173 dviej\u0173 \u017eaid\u0117j\u0173 ir prie\u0161 \u0161e\u0161erius metus \u012fvykdyt\u0105 \u017emog\u017eudyst\u0119 prabangiame klube.  Greitai Mironas \u012fklimpsta susid\u016br\u0119s su nes\u0105\u017einingu JAV senatoriumi, pavyd\u017eia motina ir mafija. Jis supranta \u017eaid\u017ei\u0105s labai pavojing\u0105 \u017eaidim\u0105 \u2013 su \u017eudiku ir tiesa.  \u201eEdgar\u201c, \u201eShamus\u201c ir \u201eAnthony\u201c premij\u0173 laim\u0117tojas\u00a0Harlan Coben\u00a0yra dvylikos roman\u0173 autorius. Jo knygos i\u0161verstos \u012f trisde\u0161imt dvi kalbas ir parduodamos visame pasaulyje.","og_url":"https:\/\/skaitytaknyga.lt\/en\/produktas\/klas-ostergren-gangsteriai\/","og_site_name":"Skaitytaknyga","article_publisher":"https:\/\/www.facebook.com\/skaitytaknyga\/","article_modified_time":"2026-03-17T09:49:06+00:00","og_image":[{"width":339,"height":529,"url":"https:\/\/skaitytaknyga.lt\/wp-content\/uploads\/2024\/05\/163717-1493818769116-e1676112585782.jpg","type":"image\/jpeg"}],"twitter_card":"summary_large_image","twitter_misc":{"Estimated reading time":"1 minute"},"schema":{"@context":"https:\/\/schema.org","@graph":[{"@type":"WebPage","@id":"https:\/\/skaitytaknyga.lt\/produktas\/klas-ostergren-gangsteriai\/","url":"https:\/\/skaitytaknyga.lt\/produktas\/klas-ostergren-gangsteriai\/","name":"Gangsteriai","isPartOf":{"@id":"https:\/\/skaitytaknyga.lt\/#website"},"primaryImageOfPage":{"@id":"https:\/\/skaitytaknyga.lt\/produktas\/klas-ostergren-gangsteriai\/#primaryimage"},"image":{"@id":"https:\/\/skaitytaknyga.lt\/produktas\/klas-ostergren-gangsteriai\/#primaryimage"},"thumbnailUrl":"https:\/\/skaitytaknyga.lt\/wp-content\/uploads\/2024\/05\/163717-1493818769116-e1676112585782.jpg","datePublished":"2024-05-04T19:13:47+00:00","dateModified":"2026-03-17T09:49:06+00:00","description":"Stadione, prie\u0161ais kiosk\u0105, kur Moet \u0161ampano taur\u0117 kainuoja 7,50 dolerio, \u0161altakrauji\u0161kai nu\u0161aunama jauna moteris. Ka\u017ekada ji buvo pasiekusi svaiginan\u010dias teniso auk\u0161tumas. Dabar, JAV atvir\u0173j\u0173 var\u017eyb\u0173 \u012fkar\u0161tyje, laikra\u0161\u010di\u0173 antra\u0161t\u0117s liaupsina kit\u0105 jaun\u0105 \u017eaid\u0117j\u0105 i\u0161 kitos barikad\u0173 pus\u0117s. Kai sporto agentas Mironas Bolitaras imasi tirti nu\u017eudym\u0105, jis atskleid\u017eia ry\u0161\u012f tarp \u0161i\u0173 dviej\u0173 \u017eaid\u0117j\u0173 ir prie\u0161 \u0161e\u0161erius metus \u012fvykdyt\u0105 \u017emog\u017eudyst\u0119 prabangiame klube. Greitai Mironas \u012fklimpsta susid\u016br\u0119s su nes\u0105\u017einingu JAV senatoriumi, pavyd\u017eia motina ir mafija. Jis supranta \u017eaid\u017ei\u0105s labai pavojing\u0105 \u017eaidim\u0105 \u2013 su \u017eudiku ir tiesa. \u201eEdgar\u201c, \u201eShamus\u201c ir \u201eAnthony\u201c premij\u0173 laim\u0117tojas\u00a0Harlan Coben\u00a0yra dvylikos roman\u0173 autorius. Jo knygos i\u0161verstos \u012f trisde\u0161imt dvi kalbas ir parduodamos visame pasaulyje.","breadcrumb":{"@id":"https:\/\/skaitytaknyga.lt\/produktas\/klas-ostergren-gangsteriai\/#breadcrumb"},"inLanguage":"en-GB","potentialAction":[{"@type":"ReadAction","target":["https:\/\/skaitytaknyga.lt\/produktas\/klas-ostergren-gangsteriai\/"]}]},{"@type":"ImageObject","inLanguage":"en-GB","@id":"https:\/\/skaitytaknyga.lt\/produktas\/klas-ostergren-gangsteriai\/#primaryimage","url":"https:\/\/skaitytaknyga.lt\/wp-content\/uploads\/2024\/05\/163717-1493818769116-e1676112585782.jpg","contentUrl":"https:\/\/skaitytaknyga.lt\/wp-content\/uploads\/2024\/05\/163717-1493818769116-e1676112585782.jpg","width":339,"height":529},{"@type":"BreadcrumbList","@id":"https:\/\/skaitytaknyga.lt\/produktas\/klas-ostergren-gangsteriai\/#breadcrumb","itemListElement":[{"@type":"ListItem","position":1,"name":"Home","item":"https:\/\/skaitytaknyga.lt\/"},{"@type":"ListItem","position":2,"name":"Parduotuv\u0117","item":"https:\/\/skaitytaknyga.lt\/knygu-parduotuve\/"},{"@type":"ListItem","position":3,"name":"Gangsteriai"}]},{"@type":"WebSite","@id":"https:\/\/skaitytaknyga.lt\/#website","url":"https:\/\/skaitytaknyga.lt\/","name":"skaitytaknyga.lt","description":"Skaitytaknyga.lt \u2013 tai ma\u017eas \u0161eimos verslas, kuris prasid\u0117jo nuo meil\u0117s knygoms ir siekio i\u0161gelb\u0117ti knygas nuo likimo prie konteinerio. Kas vienam nereikalingas daiktas \u2013 kitam lobis, o mes esame tarpininkai, kurie padeda abiems tapti laimingesniems ???? \u017dinome kaip nelengva i\u0161gyventi ma\u017eiems verslams, tad nuo \u0161iol, \u010dia rasite ir kit\u0173, ma\u017e\u0173 \u0161eim\u0173 versl\u0173, rank\u0173 darbo, dovan\u0173 sau ir artimiesiems.","publisher":{"@id":"https:\/\/skaitytaknyga.lt\/#organization"},"potentialAction":[{"@type":"SearchAction","target":{"@type":"EntryPoint","urlTemplate":"https:\/\/skaitytaknyga.lt\/?s={search_term_string}"},"query-input":{"@type":"PropertyValueSpecification","valueRequired":true,"valueName":"search_term_string"}}],"inLanguage":"en-GB"},{"@type":"Organization","@id":"https:\/\/skaitytaknyga.lt\/#organization","name":"skaitytaknyga.lt","url":"https:\/\/skaitytaknyga.lt\/","logo":{"@type":"ImageObject","inLanguage":"en-GB","@id":"https:\/\/skaitytaknyga.lt\/#\/schema\/logo\/image\/","url":"https:\/\/skaitytaknyga.lt\/wp-content\/uploads\/2024\/05\/cropped-cropped-cropped-02_00843_jt3bggkj1j3HLc7SyY6rEUpg.jpeg","contentUrl":"https:\/\/skaitytaknyga.lt\/wp-content\/uploads\/2024\/05\/cropped-cropped-cropped-02_00843_jt3bggkj1j3HLc7SyY6rEUpg.jpeg","width":1600,"height":1600,"caption":"skaitytaknyga.lt"},"image":{"@id":"https:\/\/skaitytaknyga.lt\/#\/schema\/logo\/image\/"},"sameAs":["https:\/\/www.facebook.com\/skaitytaknyga\/"]}]}},"_links":{"self":[{"href":"https:\/\/skaitytaknyga.lt\/en\/wp-json\/wp\/v2\/product\/10761","targetHints":{"allow":["GET"]}}],"collection":[{"href":"https:\/\/skaitytaknyga.lt\/en\/wp-json\/wp\/v2\/product"}],"about":[{"href":"https:\/\/skaitytaknyga.lt\/en\/wp-json\/wp\/v2\/types\/product"}],"replies":[{"embeddable":true,"href":"https:\/\/skaitytaknyga.lt\/en\/wp-json\/wp\/v2\/comments?post=10761"}],"wp:featuredmedia":[{"embeddable":true,"href":"https:\/\/skaitytaknyga.lt\/en\/wp-json\/wp\/v2\/media\/10795"}],"wp:attachment":[{"href":"https:\/\/skaitytaknyga.lt\/en\/wp-json\/wp\/v2\/media?parent=10761"}],"wp:term":[{"taxonomy":"product_brand","embeddable":true,"href":"https:\/\/skaitytaknyga.lt\/en\/wp-json\/wp\/v2\/product_brand?post=10761"},{"taxonomy":"product_cat","embeddable":true,"href":"https:\/\/skaitytaknyga.lt\/en\/wp-json\/wp\/v2\/product_cat?post=10761"},{"taxonomy":"product_tag","embeddable":true,"href":"https:\/\/skaitytaknyga.lt\/en\/wp-json\/wp\/v2\/product_tag?post=10761"}],"curies":[{"name":"wp","href":"https:\/\/api.w.org\/{rel}","templated":true}]}}