{"id":10751,"date":"2024-05-04T19:13:18","date_gmt":"2024-05-04T19:13:18","guid":{"rendered":"https:\/\/skaitytaknyga.lt\/?post_type=product&#038;p=10751"},"modified":"2026-03-18T14:59:57","modified_gmt":"2026-03-18T12:59:57","slug":"pirmoji-vyriausybe-vizijos-ir-galimybes","status":"publish","type":"product","link":"https:\/\/skaitytaknyga.lt\/en\/produktas\/pirmoji-vyriausybe-vizijos-ir-galimybes\/","title":{"rendered":"Pirmoji vyriausyb\u0117 \u2013 vizijos ir galimyb\u0117s"},"content":{"rendered":"<p>Knygoje\u00a0<b>\u201ePirmoji vyriausyb\u0117 \u2013 vizijos ir galimyb\u0117s\u201c<\/b>\u00a0pasakojama apie Kazimieras Prunskien\u0117s vadovaujamos pirmosios Vyriausyb\u0117s veikl\u0105, atskleid\u017eiamos sud\u0117tingos vidaus ir tarptautin\u0117s politikos aplinkyb\u0117s, per\u0117jimo \u012f nauj\u0105 socialin\u012f bei ekonomin\u012f b\u016bv\u012f sunkumai, sovietin\u0117s kariuomen\u0117s siaut\u0117jimas, Kremliaus paskelbtos ekonomin\u0117s blokados padariniai. Pasiaukojamo ministr\u0173 darbo u\u017ekulisiai rodo, kaip buvo grind\u017eiamas pradinis kelio \u012f tikr\u0105j\u0105 Lietuvos nepriklausomyb\u0119, Europos S\u0105jung\u0105 ir NATO etapas. Politin\u0117s publicistikos knygoje atskleid\u017eiami sud\u0117tingi Vyriausyb\u0117s ir Auk\u0161\u010diausiosios Tarybos santykiai, pirmojo ministr\u0173 kabineto atsistatydinimo aplinkyb\u0117s. Remiamasi Vyriausyb\u0117s priimtais dokumentas, j\u0173 analize ir ministr\u0173 liudijimais<\/p>\n","protected":false},"excerpt":{"rendered":"<p>Knygoje\u00a0<b>\u201ePirmoji vyriausyb\u0117 \u2013 vizijos ir galimyb\u0117s\u201c<\/b>\u00a0pasakojama apie Kazimieras Prunskien\u0117s vadovaujamos pirmosios Vyriausyb\u0117s veikl\u0105, atskleid\u017eiamos sud\u0117tingos vidaus ir tarptautin\u0117s politikos aplinkyb\u0117s, per\u0117jimo \u012f nauj\u0105 socialin\u012f bei ekonomin\u012f b\u016bv\u012f sunkumai, sovietin\u0117s kariuomen\u0117s siaut\u0117jimas, Kremliaus paskelbtos ekonomin\u0117s blokados padariniai. Pasiaukojamo ministr\u0173 darbo u\u017ekulisiai rodo, kaip buvo grind\u017eiamas pradinis kelio \u012f tikr\u0105j\u0105 Lietuvos nepriklausomyb\u0119, Europos S\u0105jung\u0105 ir NATO etapas. Politin\u0117s publicistikos knygoje atskleid\u017eiami sud\u0117tingi Vyriausyb\u0117s ir Auk\u0161\u010diausiosios Tarybos santykiai, pirmojo ministr\u0173 kabineto atsistatydinimo aplinkyb\u0117s. Remiamasi Vyriausyb\u0117s priimtais dokumentas, j\u0173 analize ir ministr\u0173 liudijimais<\/p>\n","protected":false},"featured_media":10784,"comment_status":"closed","ping_status":"closed","template":"","meta":{"_acf_changed":false,"site-sidebar-layout":"default","site-content-layout":"","ast-site-content-layout":"default","site-content-style":"default","site-sidebar-style":"default","ast-global-header-display":"","ast-banner-title-visibility":"","ast-main-header-display":"","ast-hfb-above-header-display":"","ast-hfb-below-header-display":"","ast-hfb-mobile-header-display":"","site-post-title":"","ast-breadcrumbs-content":"","ast-featured-img":"","footer-sml-layout":"","ast-disable-related-posts":"","theme-transparent-header-meta":"","adv-header-id-meta":"","stick-header-meta":"","header-above-stick-meta":"","header-main-stick-meta":"","header-below-stick-meta":"","astra-migrate-meta-layouts":"default","ast-page-background-enabled":"default","ast-page-background-meta":{"desktop":{"background-color":"","background-image":"","background-repeat":"repeat","background-position":"center center","background-size":"auto","background-attachment":"scroll","background-type":"","background-media":"","overlay-type":"","overlay-color":"","overlay-opacity":"","overlay-gradient":""},"tablet":{"background-color":"","background-image":"","background-repeat":"repeat","background-position":"center center","background-size":"auto","background-attachment":"scroll","background-type":"","background-media":"","overlay-type":"","overlay-color":"","overlay-opacity":"","overlay-gradient":""},"mobile":{"background-color":"","background-image":"","background-repeat":"repeat","background-position":"center center","background-size":"auto","background-attachment":"scroll","background-type":"","background-media":"","overlay-type":"","overlay-color":"","overlay-opacity":"","overlay-gradient":""}},"ast-content-background-meta":{"desktop":{"background-color":"var(--ast-global-color-4)","background-image":"","background-repeat":"repeat","background-position":"center center","background-size":"auto","background-attachment":"scroll","background-type":"","background-media":"","overlay-type":"","overlay-color":"","overlay-opacity":"","overlay-gradient":""},"tablet":{"background-color":"var(--ast-global-color-4)","background-image":"","background-repeat":"repeat","background-position":"center center","background-size":"auto","background-attachment":"scroll","background-type":"","background-media":"","overlay-type":"","overlay-color":"","overlay-opacity":"","overlay-gradient":""},"mobile":{"background-color":"var(--ast-global-color-4)","background-image":"","background-repeat":"repeat","background-position":"center center","background-size":"auto","background-attachment":"scroll","background-type":"","background-media":"","overlay-type":"","overlay-color":"","overlay-opacity":"","overlay-gradient":""}}},"product_brand":[],"product_cat":[174,9862],"product_tag":[],"class_list":{"0":"post-10751","1":"product","2":"type-product","3":"status-publish","4":"has-post-thumbnail","6":"product_cat-istorija-ir-politologija","7":"product_cat-lietuvos-istorija","8":"desktop-align-left","9":"tablet-align-left","10":"mobile-align-left","12":"first","13":"instock","14":"shipping-taxable","15":"purchasable","16":"product-type-simple"},"acf":[],"yoast_head":"<!-- This site is optimized with the Yoast SEO plugin v27.4 - https:\/\/yoast.com\/product\/yoast-seo-wordpress\/ -->\n<title>Pirmoji vyriausyb\u0117 \u2013 vizijos ir galimyb\u0117s<\/title>\n<meta name=\"description\" content=\"Knygoje\u00a0\u201ePirmoji vyriausyb\u0117 \u2013 vizijos ir galimyb\u0117s\u201c\u00a0pasakojama apie Kazimieras Prunskien\u0117s vadovaujamos pirmosios Vyriausyb\u0117s veikl\u0105, atskleid\u017eiamos sud\u0117tingos vidaus ir tarptautin\u0117s politikos aplinkyb\u0117s, per\u0117jimo \u012f nauj\u0105 socialin\u012f bei ekonomin\u012f b\u016bv\u012f sunkumai, sovietin\u0117s kariuomen\u0117s siaut\u0117jimas, Kremliaus paskelbtos ekonomin\u0117s blokados padariniai. Pasiaukojamo ministr\u0173 darbo u\u017ekulisiai rodo, kaip buvo grind\u017eiamas pradinis kelio \u012f tikr\u0105j\u0105 Lietuvos nepriklausomyb\u0119, Europos S\u0105jung\u0105 ir NATO etapas. Politin\u0117s publicistikos knygoje atskleid\u017eiami sud\u0117tingi Vyriausyb\u0117s ir Auk\u0161\u010diausiosios Tarybos santykiai, pirmojo ministr\u0173 kabineto atsistatydinimo aplinkyb\u0117s. Remiamasi Vyriausyb\u0117s priimtais dokumentas, j\u0173 analize ir ministr\u0173 liudijimais\" \/>\n<meta name=\"robots\" content=\"index, follow, max-snippet:-1, max-image-preview:large, max-video-preview:-1\" \/>\n<link rel=\"canonical\" href=\"https:\/\/skaitytaknyga.lt\/en\/produktas\/pirmoji-vyriausybe-vizijos-ir-galimybes\/\" \/>\n<meta property=\"og:locale\" content=\"en_GB\" \/>\n<meta property=\"og:locale:alternate\" content=\"lt_LT\" \/>\n<meta property=\"og:type\" content=\"article\" \/>\n<meta property=\"og:title\" content=\"Pirmoji vyriausyb\u0117 \u2013 vizijos ir galimyb\u0117s\" \/>\n<meta property=\"og:description\" content=\"Knygoje\u00a0\u201ePirmoji vyriausyb\u0117 \u2013 vizijos ir galimyb\u0117s\u201c\u00a0pasakojama apie Kazimieras Prunskien\u0117s vadovaujamos pirmosios Vyriausyb\u0117s veikl\u0105, atskleid\u017eiamos sud\u0117tingos vidaus ir tarptautin\u0117s politikos aplinkyb\u0117s, per\u0117jimo \u012f nauj\u0105 socialin\u012f bei ekonomin\u012f b\u016bv\u012f sunkumai, sovietin\u0117s kariuomen\u0117s siaut\u0117jimas, Kremliaus paskelbtos ekonomin\u0117s blokados padariniai. Pasiaukojamo ministr\u0173 darbo u\u017ekulisiai rodo, kaip buvo grind\u017eiamas pradinis kelio \u012f tikr\u0105j\u0105 Lietuvos nepriklausomyb\u0119, Europos S\u0105jung\u0105 ir NATO etapas. Politin\u0117s publicistikos knygoje atskleid\u017eiami sud\u0117tingi Vyriausyb\u0117s ir Auk\u0161\u010diausiosios Tarybos santykiai, pirmojo ministr\u0173 kabineto atsistatydinimo aplinkyb\u0117s. Remiamasi Vyriausyb\u0117s priimtais dokumentas, j\u0173 analize ir ministr\u0173 liudijimais\" \/>\n<meta property=\"og:url\" content=\"https:\/\/skaitytaknyga.lt\/en\/produktas\/pirmoji-vyriausybe-vizijos-ir-galimybes\/\" \/>\n<meta property=\"og:site_name\" content=\"Skaitytaknyga\" \/>\n<meta property=\"article:publisher\" content=\"https:\/\/www.facebook.com\/skaitytaknyga\/\" \/>\n<meta property=\"article:modified_time\" content=\"2026-03-18T12:59:57+00:00\" \/>\n<meta property=\"og:image\" content=\"https:\/\/skaitytaknyga.lt\/wp-content\/uploads\/2024\/05\/pirmoji-vyriausybe-vizijos-ir-galimybes-1.jpg\" \/>\n\t<meta property=\"og:image:width\" content=\"600\" \/>\n\t<meta property=\"og:image:height\" content=\"854\" \/>\n\t<meta property=\"og:image:type\" content=\"image\/jpeg\" \/>\n<meta name=\"twitter:card\" content=\"summary_large_image\" \/>\n<meta name=\"twitter:label1\" content=\"Estimated reading time\" \/>\n\t<meta name=\"twitter:data1\" content=\"1 minute\" \/>\n<script type=\"application\/ld+json\" class=\"yoast-schema-graph\">{\"@context\":\"https:\\\/\\\/schema.org\",\"@graph\":[{\"@type\":\"WebPage\",\"@id\":\"https:\\\/\\\/skaitytaknyga.lt\\\/produktas\\\/pirmoji-vyriausybe-vizijos-ir-galimybes\\\/\",\"url\":\"https:\\\/\\\/skaitytaknyga.lt\\\/produktas\\\/pirmoji-vyriausybe-vizijos-ir-galimybes\\\/\",\"name\":\"Pirmoji vyriausyb\u0117 \u2013 vizijos ir galimyb\u0117s\",\"isPartOf\":{\"@id\":\"https:\\\/\\\/skaitytaknyga.lt\\\/#website\"},\"primaryImageOfPage\":{\"@id\":\"https:\\\/\\\/skaitytaknyga.lt\\\/produktas\\\/pirmoji-vyriausybe-vizijos-ir-galimybes\\\/#primaryimage\"},\"image\":{\"@id\":\"https:\\\/\\\/skaitytaknyga.lt\\\/produktas\\\/pirmoji-vyriausybe-vizijos-ir-galimybes\\\/#primaryimage\"},\"thumbnailUrl\":\"https:\\\/\\\/skaitytaknyga.lt\\\/wp-content\\\/uploads\\\/2024\\\/05\\\/pirmoji-vyriausybe-vizijos-ir-galimybes-1.jpg\",\"datePublished\":\"2024-05-04T19:13:18+00:00\",\"dateModified\":\"2026-03-18T12:59:57+00:00\",\"description\":\"Knygoje\u00a0\u201ePirmoji vyriausyb\u0117 \u2013 vizijos ir galimyb\u0117s\u201c\u00a0pasakojama apie Kazimieras Prunskien\u0117s vadovaujamos pirmosios Vyriausyb\u0117s veikl\u0105, atskleid\u017eiamos sud\u0117tingos vidaus ir tarptautin\u0117s politikos aplinkyb\u0117s, per\u0117jimo \u012f nauj\u0105 socialin\u012f bei ekonomin\u012f b\u016bv\u012f sunkumai, sovietin\u0117s kariuomen\u0117s siaut\u0117jimas, Kremliaus paskelbtos ekonomin\u0117s blokados padariniai. Pasiaukojamo ministr\u0173 darbo u\u017ekulisiai rodo, kaip buvo grind\u017eiamas pradinis kelio \u012f tikr\u0105j\u0105 Lietuvos nepriklausomyb\u0119, Europos S\u0105jung\u0105 ir NATO etapas. Politin\u0117s publicistikos knygoje atskleid\u017eiami sud\u0117tingi Vyriausyb\u0117s ir Auk\u0161\u010diausiosios Tarybos santykiai, pirmojo ministr\u0173 kabineto atsistatydinimo aplinkyb\u0117s. Remiamasi Vyriausyb\u0117s priimtais dokumentas, j\u0173 analize ir ministr\u0173 liudijimais\",\"breadcrumb\":{\"@id\":\"https:\\\/\\\/skaitytaknyga.lt\\\/produktas\\\/pirmoji-vyriausybe-vizijos-ir-galimybes\\\/#breadcrumb\"},\"inLanguage\":\"en-GB\",\"potentialAction\":[{\"@type\":\"ReadAction\",\"target\":[\"https:\\\/\\\/skaitytaknyga.lt\\\/produktas\\\/pirmoji-vyriausybe-vizijos-ir-galimybes\\\/\"]}]},{\"@type\":\"ImageObject\",\"inLanguage\":\"en-GB\",\"@id\":\"https:\\\/\\\/skaitytaknyga.lt\\\/produktas\\\/pirmoji-vyriausybe-vizijos-ir-galimybes\\\/#primaryimage\",\"url\":\"https:\\\/\\\/skaitytaknyga.lt\\\/wp-content\\\/uploads\\\/2024\\\/05\\\/pirmoji-vyriausybe-vizijos-ir-galimybes-1.jpg\",\"contentUrl\":\"https:\\\/\\\/skaitytaknyga.lt\\\/wp-content\\\/uploads\\\/2024\\\/05\\\/pirmoji-vyriausybe-vizijos-ir-galimybes-1.jpg\",\"width\":600,\"height\":854},{\"@type\":\"BreadcrumbList\",\"@id\":\"https:\\\/\\\/skaitytaknyga.lt\\\/produktas\\\/pirmoji-vyriausybe-vizijos-ir-galimybes\\\/#breadcrumb\",\"itemListElement\":[{\"@type\":\"ListItem\",\"position\":1,\"name\":\"Home\",\"item\":\"https:\\\/\\\/skaitytaknyga.lt\\\/\"},{\"@type\":\"ListItem\",\"position\":2,\"name\":\"Parduotuv\u0117\",\"item\":\"https:\\\/\\\/skaitytaknyga.lt\\\/knygu-parduotuve\\\/\"},{\"@type\":\"ListItem\",\"position\":3,\"name\":\"Pirmoji vyriausyb\u0117 \u2013 vizijos ir galimyb\u0117s\"}]},{\"@type\":\"WebSite\",\"@id\":\"https:\\\/\\\/skaitytaknyga.lt\\\/#website\",\"url\":\"https:\\\/\\\/skaitytaknyga.lt\\\/\",\"name\":\"skaitytaknyga.lt\",\"description\":\"Skaitytaknyga.lt \u2013 tai ma\u017eas \u0161eimos verslas, kuris prasid\u0117jo nuo meil\u0117s knygoms ir siekio i\u0161gelb\u0117ti knygas nuo likimo prie konteinerio. Kas vienam nereikalingas daiktas \u2013 kitam lobis, o mes esame tarpininkai, kurie padeda abiems tapti laimingesniems ???? \u017dinome kaip nelengva i\u0161gyventi ma\u017eiems verslams, tad nuo \u0161iol, \u010dia rasite ir kit\u0173, ma\u017e\u0173 \u0161eim\u0173 versl\u0173, rank\u0173 darbo, dovan\u0173 sau ir artimiesiems.\",\"publisher\":{\"@id\":\"https:\\\/\\\/skaitytaknyga.lt\\\/#organization\"},\"potentialAction\":[{\"@type\":\"SearchAction\",\"target\":{\"@type\":\"EntryPoint\",\"urlTemplate\":\"https:\\\/\\\/skaitytaknyga.lt\\\/?s={search_term_string}\"},\"query-input\":{\"@type\":\"PropertyValueSpecification\",\"valueRequired\":true,\"valueName\":\"search_term_string\"}}],\"inLanguage\":\"en-GB\"},{\"@type\":\"Organization\",\"@id\":\"https:\\\/\\\/skaitytaknyga.lt\\\/#organization\",\"name\":\"skaitytaknyga.lt\",\"url\":\"https:\\\/\\\/skaitytaknyga.lt\\\/\",\"logo\":{\"@type\":\"ImageObject\",\"inLanguage\":\"en-GB\",\"@id\":\"https:\\\/\\\/skaitytaknyga.lt\\\/#\\\/schema\\\/logo\\\/image\\\/\",\"url\":\"https:\\\/\\\/skaitytaknyga.lt\\\/wp-content\\\/uploads\\\/2024\\\/05\\\/cropped-cropped-cropped-02_00843_jt3bggkj1j3HLc7SyY6rEUpg.jpeg\",\"contentUrl\":\"https:\\\/\\\/skaitytaknyga.lt\\\/wp-content\\\/uploads\\\/2024\\\/05\\\/cropped-cropped-cropped-02_00843_jt3bggkj1j3HLc7SyY6rEUpg.jpeg\",\"width\":1600,\"height\":1600,\"caption\":\"skaitytaknyga.lt\"},\"image\":{\"@id\":\"https:\\\/\\\/skaitytaknyga.lt\\\/#\\\/schema\\\/logo\\\/image\\\/\"},\"sameAs\":[\"https:\\\/\\\/www.facebook.com\\\/skaitytaknyga\\\/\"]}]}<\/script>\n<!-- \/ Yoast SEO plugin. -->","yoast_head_json":{"title":"Pirmoji vyriausyb\u0117 \u2013 vizijos ir galimyb\u0117s","description":"Knygoje\u00a0\u201ePirmoji vyriausyb\u0117 \u2013 vizijos ir galimyb\u0117s\u201c\u00a0pasakojama apie Kazimieras Prunskien\u0117s vadovaujamos pirmosios Vyriausyb\u0117s veikl\u0105, atskleid\u017eiamos sud\u0117tingos vidaus ir tarptautin\u0117s politikos aplinkyb\u0117s, per\u0117jimo \u012f nauj\u0105 socialin\u012f bei ekonomin\u012f b\u016bv\u012f sunkumai, sovietin\u0117s kariuomen\u0117s siaut\u0117jimas, Kremliaus paskelbtos ekonomin\u0117s blokados padariniai. Pasiaukojamo ministr\u0173 darbo u\u017ekulisiai rodo, kaip buvo grind\u017eiamas pradinis kelio \u012f tikr\u0105j\u0105 Lietuvos nepriklausomyb\u0119, Europos S\u0105jung\u0105 ir NATO etapas. Politin\u0117s publicistikos knygoje atskleid\u017eiami sud\u0117tingi Vyriausyb\u0117s ir Auk\u0161\u010diausiosios Tarybos santykiai, pirmojo ministr\u0173 kabineto atsistatydinimo aplinkyb\u0117s. Remiamasi Vyriausyb\u0117s priimtais dokumentas, j\u0173 analize ir ministr\u0173 liudijimais","robots":{"index":"index","follow":"follow","max-snippet":"max-snippet:-1","max-image-preview":"max-image-preview:large","max-video-preview":"max-video-preview:-1"},"canonical":"https:\/\/skaitytaknyga.lt\/en\/produktas\/pirmoji-vyriausybe-vizijos-ir-galimybes\/","og_locale":"en_GB","og_type":"article","og_title":"[:lt]Pirmoji vyriausyb\u0117 \u2013 vizijos ir galimyb\u0117s[:] - Skaitytaknyga","og_description":"Knygoje\u00a0\u201ePirmoji vyriausyb\u0117 \u2013 vizijos ir galimyb\u0117s\u201c\u00a0pasakojama apie Kazimieras Prunskien\u0117s vadovaujamos pirmosios Vyriausyb\u0117s veikl\u0105, atskleid\u017eiamos sud\u0117tingos vidaus ir tarptautin\u0117s politikos aplinkyb\u0117s, per\u0117jimo \u012f nauj\u0105 socialin\u012f bei ekonomin\u012f b\u016bv\u012f sunkumai, sovietin\u0117s kariuomen\u0117s siaut\u0117jimas, Kremliaus paskelbtos ekonomin\u0117s blokados padariniai. Pasiaukojamo ministr\u0173 darbo u\u017ekulisiai rodo, kaip buvo grind\u017eiamas pradinis kelio \u012f tikr\u0105j\u0105 Lietuvos nepriklausomyb\u0119, Europos S\u0105jung\u0105 ir NATO etapas. Politin\u0117s publicistikos knygoje atskleid\u017eiami sud\u0117tingi Vyriausyb\u0117s ir Auk\u0161\u010diausiosios Tarybos santykiai, pirmojo ministr\u0173 kabineto atsistatydinimo aplinkyb\u0117s. Remiamasi Vyriausyb\u0117s priimtais dokumentas, j\u0173 analize ir ministr\u0173 liudijimais","og_url":"https:\/\/skaitytaknyga.lt\/en\/produktas\/pirmoji-vyriausybe-vizijos-ir-galimybes\/","og_site_name":"Skaitytaknyga","article_publisher":"https:\/\/www.facebook.com\/skaitytaknyga\/","article_modified_time":"2026-03-18T12:59:57+00:00","og_image":[{"width":600,"height":854,"url":"https:\/\/skaitytaknyga.lt\/wp-content\/uploads\/2024\/05\/pirmoji-vyriausybe-vizijos-ir-galimybes-1.jpg","type":"image\/jpeg"}],"twitter_card":"summary_large_image","twitter_misc":{"Estimated reading time":"1 minute"},"schema":{"@context":"https:\/\/schema.org","@graph":[{"@type":"WebPage","@id":"https:\/\/skaitytaknyga.lt\/produktas\/pirmoji-vyriausybe-vizijos-ir-galimybes\/","url":"https:\/\/skaitytaknyga.lt\/produktas\/pirmoji-vyriausybe-vizijos-ir-galimybes\/","name":"Pirmoji vyriausyb\u0117 \u2013 vizijos ir galimyb\u0117s","isPartOf":{"@id":"https:\/\/skaitytaknyga.lt\/#website"},"primaryImageOfPage":{"@id":"https:\/\/skaitytaknyga.lt\/produktas\/pirmoji-vyriausybe-vizijos-ir-galimybes\/#primaryimage"},"image":{"@id":"https:\/\/skaitytaknyga.lt\/produktas\/pirmoji-vyriausybe-vizijos-ir-galimybes\/#primaryimage"},"thumbnailUrl":"https:\/\/skaitytaknyga.lt\/wp-content\/uploads\/2024\/05\/pirmoji-vyriausybe-vizijos-ir-galimybes-1.jpg","datePublished":"2024-05-04T19:13:18+00:00","dateModified":"2026-03-18T12:59:57+00:00","description":"Knygoje\u00a0\u201ePirmoji vyriausyb\u0117 \u2013 vizijos ir galimyb\u0117s\u201c\u00a0pasakojama apie Kazimieras Prunskien\u0117s vadovaujamos pirmosios Vyriausyb\u0117s veikl\u0105, atskleid\u017eiamos sud\u0117tingos vidaus ir tarptautin\u0117s politikos aplinkyb\u0117s, per\u0117jimo \u012f nauj\u0105 socialin\u012f bei ekonomin\u012f b\u016bv\u012f sunkumai, sovietin\u0117s kariuomen\u0117s siaut\u0117jimas, Kremliaus paskelbtos ekonomin\u0117s blokados padariniai. Pasiaukojamo ministr\u0173 darbo u\u017ekulisiai rodo, kaip buvo grind\u017eiamas pradinis kelio \u012f tikr\u0105j\u0105 Lietuvos nepriklausomyb\u0119, Europos S\u0105jung\u0105 ir NATO etapas. Politin\u0117s publicistikos knygoje atskleid\u017eiami sud\u0117tingi Vyriausyb\u0117s ir Auk\u0161\u010diausiosios Tarybos santykiai, pirmojo ministr\u0173 kabineto atsistatydinimo aplinkyb\u0117s. Remiamasi Vyriausyb\u0117s priimtais dokumentas, j\u0173 analize ir ministr\u0173 liudijimais","breadcrumb":{"@id":"https:\/\/skaitytaknyga.lt\/produktas\/pirmoji-vyriausybe-vizijos-ir-galimybes\/#breadcrumb"},"inLanguage":"en-GB","potentialAction":[{"@type":"ReadAction","target":["https:\/\/skaitytaknyga.lt\/produktas\/pirmoji-vyriausybe-vizijos-ir-galimybes\/"]}]},{"@type":"ImageObject","inLanguage":"en-GB","@id":"https:\/\/skaitytaknyga.lt\/produktas\/pirmoji-vyriausybe-vizijos-ir-galimybes\/#primaryimage","url":"https:\/\/skaitytaknyga.lt\/wp-content\/uploads\/2024\/05\/pirmoji-vyriausybe-vizijos-ir-galimybes-1.jpg","contentUrl":"https:\/\/skaitytaknyga.lt\/wp-content\/uploads\/2024\/05\/pirmoji-vyriausybe-vizijos-ir-galimybes-1.jpg","width":600,"height":854},{"@type":"BreadcrumbList","@id":"https:\/\/skaitytaknyga.lt\/produktas\/pirmoji-vyriausybe-vizijos-ir-galimybes\/#breadcrumb","itemListElement":[{"@type":"ListItem","position":1,"name":"Home","item":"https:\/\/skaitytaknyga.lt\/"},{"@type":"ListItem","position":2,"name":"Parduotuv\u0117","item":"https:\/\/skaitytaknyga.lt\/knygu-parduotuve\/"},{"@type":"ListItem","position":3,"name":"Pirmoji vyriausyb\u0117 \u2013 vizijos ir galimyb\u0117s"}]},{"@type":"WebSite","@id":"https:\/\/skaitytaknyga.lt\/#website","url":"https:\/\/skaitytaknyga.lt\/","name":"skaitytaknyga.lt","description":"Skaitytaknyga.lt \u2013 tai ma\u017eas \u0161eimos verslas, kuris prasid\u0117jo nuo meil\u0117s knygoms ir siekio i\u0161gelb\u0117ti knygas nuo likimo prie konteinerio. Kas vienam nereikalingas daiktas \u2013 kitam lobis, o mes esame tarpininkai, kurie padeda abiems tapti laimingesniems ???? \u017dinome kaip nelengva i\u0161gyventi ma\u017eiems verslams, tad nuo \u0161iol, \u010dia rasite ir kit\u0173, ma\u017e\u0173 \u0161eim\u0173 versl\u0173, rank\u0173 darbo, dovan\u0173 sau ir artimiesiems.","publisher":{"@id":"https:\/\/skaitytaknyga.lt\/#organization"},"potentialAction":[{"@type":"SearchAction","target":{"@type":"EntryPoint","urlTemplate":"https:\/\/skaitytaknyga.lt\/?s={search_term_string}"},"query-input":{"@type":"PropertyValueSpecification","valueRequired":true,"valueName":"search_term_string"}}],"inLanguage":"en-GB"},{"@type":"Organization","@id":"https:\/\/skaitytaknyga.lt\/#organization","name":"skaitytaknyga.lt","url":"https:\/\/skaitytaknyga.lt\/","logo":{"@type":"ImageObject","inLanguage":"en-GB","@id":"https:\/\/skaitytaknyga.lt\/#\/schema\/logo\/image\/","url":"https:\/\/skaitytaknyga.lt\/wp-content\/uploads\/2024\/05\/cropped-cropped-cropped-02_00843_jt3bggkj1j3HLc7SyY6rEUpg.jpeg","contentUrl":"https:\/\/skaitytaknyga.lt\/wp-content\/uploads\/2024\/05\/cropped-cropped-cropped-02_00843_jt3bggkj1j3HLc7SyY6rEUpg.jpeg","width":1600,"height":1600,"caption":"skaitytaknyga.lt"},"image":{"@id":"https:\/\/skaitytaknyga.lt\/#\/schema\/logo\/image\/"},"sameAs":["https:\/\/www.facebook.com\/skaitytaknyga\/"]}]}},"_links":{"self":[{"href":"https:\/\/skaitytaknyga.lt\/en\/wp-json\/wp\/v2\/product\/10751","targetHints":{"allow":["GET"]}}],"collection":[{"href":"https:\/\/skaitytaknyga.lt\/en\/wp-json\/wp\/v2\/product"}],"about":[{"href":"https:\/\/skaitytaknyga.lt\/en\/wp-json\/wp\/v2\/types\/product"}],"replies":[{"embeddable":true,"href":"https:\/\/skaitytaknyga.lt\/en\/wp-json\/wp\/v2\/comments?post=10751"}],"wp:featuredmedia":[{"embeddable":true,"href":"https:\/\/skaitytaknyga.lt\/en\/wp-json\/wp\/v2\/media\/10784"}],"wp:attachment":[{"href":"https:\/\/skaitytaknyga.lt\/en\/wp-json\/wp\/v2\/media?parent=10751"}],"wp:term":[{"taxonomy":"product_brand","embeddable":true,"href":"https:\/\/skaitytaknyga.lt\/en\/wp-json\/wp\/v2\/product_brand?post=10751"},{"taxonomy":"product_cat","embeddable":true,"href":"https:\/\/skaitytaknyga.lt\/en\/wp-json\/wp\/v2\/product_cat?post=10751"},{"taxonomy":"product_tag","embeddable":true,"href":"https:\/\/skaitytaknyga.lt\/en\/wp-json\/wp\/v2\/product_tag?post=10751"}],"curies":[{"name":"wp","href":"https:\/\/api.w.org\/{rel}","templated":true}]}}