{"id":10750,"date":"2024-05-04T19:13:18","date_gmt":"2024-05-04T19:13:18","guid":{"rendered":"https:\/\/skaitytaknyga.lt\/?post_type=product&#038;p=10750"},"modified":"2025-04-25T22:43:30","modified_gmt":"2025-04-25T19:43:30","slug":"danielius-liutu-urve","status":"publish","type":"product","link":"https:\/\/skaitytaknyga.lt\/en\/produktas\/danielius-liutu-urve\/","title":{"rendered":"Danielius li\u016bt\u0173 urve"},"content":{"rendered":"<div>\n<p><b>\u201eDanielius li\u016bt\u0173 urve\u201c\u00a0<\/b>\u2013 \u017einomo animatoriaus\u00a0<b>Ilja Bereznicko<\/b>\u00a0iliustruota pasaka, paremta daugeliui gerai \u017einoma i\u0161trauka i\u0161 Biblijos. \u012edomiai pateikta Danieliaus gyvenimo istorija, skirta prad\u017eiuginti ir pamokyti ma\u017euosius skaitytojus. Tai gali b\u016bti \u012fdomi pa\u017eintis su religija arba paskatinti dom\u0117tis jos istorija. Pasakojimo kilm\u0117 atsekama net iki VI a. prie\u0161 Krist\u0173. Jame svarbiausia yra ne turinys, o perteikiama \u017einut\u0117 apie moralines vertybes, tik\u0117jim\u0105 ir dr\u0105s\u0105.<\/p>\n<\/div>\n","protected":false},"excerpt":{"rendered":"<div>\n<p><b>\u201eDanielius li\u016bt\u0173 urve\u201c\u00a0<\/b>\u2013 \u017einomo animatoriaus\u00a0<b>Ilja Bereznicko<\/b>\u00a0iliustruota pasaka, paremta daugeliui gerai \u017einoma i\u0161trauka i\u0161 Biblijos. \u012edomiai pateikta Danieliaus gyvenimo istorija, skirta prad\u017eiuginti ir pamokyti ma\u017euosius skaitytojus. Tai gali b\u016bti \u012fdomi pa\u017eintis su religija arba paskatinti dom\u0117tis jos istorija. Pasakojimo kilm\u0117 atsekama net iki VI a. prie\u0161 Krist\u0173. Jame svarbiausia yra ne turinys, o perteikiama \u017einut\u0117 apie moralines vertybes, tik\u0117jim\u0105 ir dr\u0105s\u0105.<\/p>\n<\/div>\n","protected":false},"featured_media":10783,"comment_status":"closed","ping_status":"closed","template":"","meta":{"_acf_changed":false,"site-sidebar-layout":"default","site-content-layout":"","ast-site-content-layout":"default","site-content-style":"default","site-sidebar-style":"default","ast-global-header-display":"","ast-banner-title-visibility":"","ast-main-header-display":"","ast-hfb-above-header-display":"","ast-hfb-below-header-display":"","ast-hfb-mobile-header-display":"","site-post-title":"","ast-breadcrumbs-content":"","ast-featured-img":"","footer-sml-layout":"","ast-disable-related-posts":"","theme-transparent-header-meta":"","adv-header-id-meta":"","stick-header-meta":"","header-above-stick-meta":"","header-main-stick-meta":"","header-below-stick-meta":"","astra-migrate-meta-layouts":"default","ast-page-background-enabled":"default","ast-page-background-meta":{"desktop":{"background-color":"","background-image":"","background-repeat":"repeat","background-position":"center center","background-size":"auto","background-attachment":"scroll","background-type":"","background-media":"","overlay-type":"","overlay-color":"","overlay-opacity":"","overlay-gradient":""},"tablet":{"background-color":"","background-image":"","background-repeat":"repeat","background-position":"center center","background-size":"auto","background-attachment":"scroll","background-type":"","background-media":"","overlay-type":"","overlay-color":"","overlay-opacity":"","overlay-gradient":""},"mobile":{"background-color":"","background-image":"","background-repeat":"repeat","background-position":"center center","background-size":"auto","background-attachment":"scroll","background-type":"","background-media":"","overlay-type":"","overlay-color":"","overlay-opacity":"","overlay-gradient":""}},"ast-content-background-meta":{"desktop":{"background-color":"var(--ast-global-color-4)","background-image":"","background-repeat":"repeat","background-position":"center center","background-size":"auto","background-attachment":"scroll","background-type":"","background-media":"","overlay-type":"","overlay-color":"","overlay-opacity":"","overlay-gradient":""},"tablet":{"background-color":"var(--ast-global-color-4)","background-image":"","background-repeat":"repeat","background-position":"center center","background-size":"auto","background-attachment":"scroll","background-type":"","background-media":"","overlay-type":"","overlay-color":"","overlay-opacity":"","overlay-gradient":""},"mobile":{"background-color":"var(--ast-global-color-4)","background-image":"","background-repeat":"repeat","background-position":"center center","background-size":"auto","background-attachment":"scroll","background-type":"","background-media":"","overlay-type":"","overlay-color":"","overlay-opacity":"","overlay-gradient":""}}},"product_brand":[],"product_cat":[165,35],"product_tag":[],"class_list":{"0":"post-10750","1":"product","2":"type-product","3":"status-publish","4":"has-post-thumbnail","6":"product_cat-religija-filosofija-ir-ezoterika","7":"product_cat-vaikams-ir-paaugliams","8":"desktop-align-left","9":"tablet-align-left","10":"mobile-align-left","12":"first","13":"outofstock","14":"shipping-taxable","15":"purchasable","16":"product-type-simple"},"acf":[],"yoast_head":"<!-- This site is optimized with the Yoast SEO plugin v27.4 - https:\/\/yoast.com\/product\/yoast-seo-wordpress\/ -->\n<title>Danielius li\u016bt\u0173 urve<\/title>\n<meta name=\"description\" content=\"\u201eDanielius li\u016bt\u0173 urve\u201c\u00a0\u2013 \u017einomo animatoriaus\u00a0Ilja Bereznicko\u00a0iliustruota pasaka, paremta daugeliui gerai \u017einoma i\u0161trauka i\u0161 Biblijos. \u012edomiai pateikta Danieliaus gyvenimo istorija, skirta prad\u017eiuginti ir pamokyti ma\u017euosius skaitytojus. Tai gali b\u016bti \u012fdomi pa\u017eintis su religija arba paskatinti dom\u0117tis jos istorija. Pasakojimo kilm\u0117 atsekama net iki VI a. prie\u0161 Krist\u0173. Jame svarbiausia yra ne turinys, o perteikiama \u017einut\u0117 apie moralines vertybes, tik\u0117jim\u0105 ir dr\u0105s\u0105.\" \/>\n<meta name=\"robots\" content=\"index, follow, max-snippet:-1, max-image-preview:large, max-video-preview:-1\" \/>\n<link rel=\"canonical\" href=\"https:\/\/skaitytaknyga.lt\/en\/produktas\/danielius-liutu-urve\/\" \/>\n<meta property=\"og:locale\" content=\"en_GB\" \/>\n<meta property=\"og:locale:alternate\" content=\"lt_LT\" \/>\n<meta property=\"og:type\" content=\"article\" \/>\n<meta property=\"og:title\" content=\"Danielius li\u016bt\u0173 urve\" \/>\n<meta property=\"og:description\" content=\"\u201eDanielius li\u016bt\u0173 urve\u201c\u00a0\u2013 \u017einomo animatoriaus\u00a0Ilja Bereznicko\u00a0iliustruota pasaka, paremta daugeliui gerai \u017einoma i\u0161trauka i\u0161 Biblijos. \u012edomiai pateikta Danieliaus gyvenimo istorija, skirta prad\u017eiuginti ir pamokyti ma\u017euosius skaitytojus. Tai gali b\u016bti \u012fdomi pa\u017eintis su religija arba paskatinti dom\u0117tis jos istorija. Pasakojimo kilm\u0117 atsekama net iki VI a. prie\u0161 Krist\u0173. Jame svarbiausia yra ne turinys, o perteikiama \u017einut\u0117 apie moralines vertybes, tik\u0117jim\u0105 ir dr\u0105s\u0105.\" \/>\n<meta property=\"og:url\" content=\"https:\/\/skaitytaknyga.lt\/en\/produktas\/danielius-liutu-urve\/\" \/>\n<meta property=\"og:site_name\" content=\"Skaitytaknyga\" \/>\n<meta property=\"article:publisher\" content=\"https:\/\/www.facebook.com\/skaitytaknyga\/\" \/>\n<meta property=\"article:modified_time\" content=\"2025-04-25T19:43:30+00:00\" \/>\n<meta property=\"og:image\" content=\"https:\/\/skaitytaknyga.lt\/wp-content\/uploads\/2024\/05\/danielius-liutu-urve.jpg\" \/>\n\t<meta property=\"og:image:width\" content=\"600\" \/>\n\t<meta property=\"og:image:height\" content=\"658\" \/>\n\t<meta property=\"og:image:type\" content=\"image\/jpeg\" \/>\n<meta name=\"twitter:card\" content=\"summary_large_image\" \/>\n<script type=\"application\/ld+json\" class=\"yoast-schema-graph\">{\"@context\":\"https:\\\/\\\/schema.org\",\"@graph\":[{\"@type\":\"WebPage\",\"@id\":\"https:\\\/\\\/skaitytaknyga.lt\\\/produktas\\\/danielius-liutu-urve\\\/\",\"url\":\"https:\\\/\\\/skaitytaknyga.lt\\\/produktas\\\/danielius-liutu-urve\\\/\",\"name\":\"Danielius li\u016bt\u0173 urve\",\"isPartOf\":{\"@id\":\"https:\\\/\\\/skaitytaknyga.lt\\\/#website\"},\"primaryImageOfPage\":{\"@id\":\"https:\\\/\\\/skaitytaknyga.lt\\\/produktas\\\/danielius-liutu-urve\\\/#primaryimage\"},\"image\":{\"@id\":\"https:\\\/\\\/skaitytaknyga.lt\\\/produktas\\\/danielius-liutu-urve\\\/#primaryimage\"},\"thumbnailUrl\":\"https:\\\/\\\/skaitytaknyga.lt\\\/wp-content\\\/uploads\\\/2024\\\/05\\\/danielius-liutu-urve.jpg\",\"datePublished\":\"2024-05-04T19:13:18+00:00\",\"dateModified\":\"2025-04-25T19:43:30+00:00\",\"description\":\"\u201eDanielius li\u016bt\u0173 urve\u201c\u00a0\u2013 \u017einomo animatoriaus\u00a0Ilja Bereznicko\u00a0iliustruota pasaka, paremta daugeliui gerai \u017einoma i\u0161trauka i\u0161 Biblijos. \u012edomiai pateikta Danieliaus gyvenimo istorija, skirta prad\u017eiuginti ir pamokyti ma\u017euosius skaitytojus. Tai gali b\u016bti \u012fdomi pa\u017eintis su religija arba paskatinti dom\u0117tis jos istorija. Pasakojimo kilm\u0117 atsekama net iki VI a. prie\u0161 Krist\u0173. Jame svarbiausia yra ne turinys, o perteikiama \u017einut\u0117 apie moralines vertybes, tik\u0117jim\u0105 ir dr\u0105s\u0105.\",\"breadcrumb\":{\"@id\":\"https:\\\/\\\/skaitytaknyga.lt\\\/produktas\\\/danielius-liutu-urve\\\/#breadcrumb\"},\"inLanguage\":\"en-GB\",\"potentialAction\":[{\"@type\":\"ReadAction\",\"target\":[\"https:\\\/\\\/skaitytaknyga.lt\\\/produktas\\\/danielius-liutu-urve\\\/\"]}]},{\"@type\":\"ImageObject\",\"inLanguage\":\"en-GB\",\"@id\":\"https:\\\/\\\/skaitytaknyga.lt\\\/produktas\\\/danielius-liutu-urve\\\/#primaryimage\",\"url\":\"https:\\\/\\\/skaitytaknyga.lt\\\/wp-content\\\/uploads\\\/2024\\\/05\\\/danielius-liutu-urve.jpg\",\"contentUrl\":\"https:\\\/\\\/skaitytaknyga.lt\\\/wp-content\\\/uploads\\\/2024\\\/05\\\/danielius-liutu-urve.jpg\",\"width\":600,\"height\":658},{\"@type\":\"BreadcrumbList\",\"@id\":\"https:\\\/\\\/skaitytaknyga.lt\\\/produktas\\\/danielius-liutu-urve\\\/#breadcrumb\",\"itemListElement\":[{\"@type\":\"ListItem\",\"position\":1,\"name\":\"Home\",\"item\":\"https:\\\/\\\/skaitytaknyga.lt\\\/\"},{\"@type\":\"ListItem\",\"position\":2,\"name\":\"Parduotuv\u0117\",\"item\":\"https:\\\/\\\/skaitytaknyga.lt\\\/knygu-parduotuve\\\/\"},{\"@type\":\"ListItem\",\"position\":3,\"name\":\"Danielius li\u016bt\u0173 urve\"}]},{\"@type\":\"WebSite\",\"@id\":\"https:\\\/\\\/skaitytaknyga.lt\\\/#website\",\"url\":\"https:\\\/\\\/skaitytaknyga.lt\\\/\",\"name\":\"skaitytaknyga.lt\",\"description\":\"Skaitytaknyga.lt \u2013 tai ma\u017eas \u0161eimos verslas, kuris prasid\u0117jo nuo meil\u0117s knygoms ir siekio i\u0161gelb\u0117ti knygas nuo likimo prie konteinerio. Kas vienam nereikalingas daiktas \u2013 kitam lobis, o mes esame tarpininkai, kurie padeda abiems tapti laimingesniems ???? \u017dinome kaip nelengva i\u0161gyventi ma\u017eiems verslams, tad nuo \u0161iol, \u010dia rasite ir kit\u0173, ma\u017e\u0173 \u0161eim\u0173 versl\u0173, rank\u0173 darbo, dovan\u0173 sau ir artimiesiems.\",\"publisher\":{\"@id\":\"https:\\\/\\\/skaitytaknyga.lt\\\/#organization\"},\"potentialAction\":[{\"@type\":\"SearchAction\",\"target\":{\"@type\":\"EntryPoint\",\"urlTemplate\":\"https:\\\/\\\/skaitytaknyga.lt\\\/?s={search_term_string}\"},\"query-input\":{\"@type\":\"PropertyValueSpecification\",\"valueRequired\":true,\"valueName\":\"search_term_string\"}}],\"inLanguage\":\"en-GB\"},{\"@type\":\"Organization\",\"@id\":\"https:\\\/\\\/skaitytaknyga.lt\\\/#organization\",\"name\":\"skaitytaknyga.lt\",\"url\":\"https:\\\/\\\/skaitytaknyga.lt\\\/\",\"logo\":{\"@type\":\"ImageObject\",\"inLanguage\":\"en-GB\",\"@id\":\"https:\\\/\\\/skaitytaknyga.lt\\\/#\\\/schema\\\/logo\\\/image\\\/\",\"url\":\"https:\\\/\\\/skaitytaknyga.lt\\\/wp-content\\\/uploads\\\/2024\\\/05\\\/cropped-cropped-cropped-02_00843_jt3bggkj1j3HLc7SyY6rEUpg.jpeg\",\"contentUrl\":\"https:\\\/\\\/skaitytaknyga.lt\\\/wp-content\\\/uploads\\\/2024\\\/05\\\/cropped-cropped-cropped-02_00843_jt3bggkj1j3HLc7SyY6rEUpg.jpeg\",\"width\":1600,\"height\":1600,\"caption\":\"skaitytaknyga.lt\"},\"image\":{\"@id\":\"https:\\\/\\\/skaitytaknyga.lt\\\/#\\\/schema\\\/logo\\\/image\\\/\"},\"sameAs\":[\"https:\\\/\\\/www.facebook.com\\\/skaitytaknyga\\\/\"]}]}<\/script>\n<!-- \/ Yoast SEO plugin. -->","yoast_head_json":{"title":"Danielius li\u016bt\u0173 urve","description":"\u201eDanielius li\u016bt\u0173 urve\u201c\u00a0\u2013 \u017einomo animatoriaus\u00a0Ilja Bereznicko\u00a0iliustruota pasaka, paremta daugeliui gerai \u017einoma i\u0161trauka i\u0161 Biblijos. \u012edomiai pateikta Danieliaus gyvenimo istorija, skirta prad\u017eiuginti ir pamokyti ma\u017euosius skaitytojus. Tai gali b\u016bti \u012fdomi pa\u017eintis su religija arba paskatinti dom\u0117tis jos istorija. Pasakojimo kilm\u0117 atsekama net iki VI a. prie\u0161 Krist\u0173. Jame svarbiausia yra ne turinys, o perteikiama \u017einut\u0117 apie moralines vertybes, tik\u0117jim\u0105 ir dr\u0105s\u0105.","robots":{"index":"index","follow":"follow","max-snippet":"max-snippet:-1","max-image-preview":"max-image-preview:large","max-video-preview":"max-video-preview:-1"},"canonical":"https:\/\/skaitytaknyga.lt\/en\/produktas\/danielius-liutu-urve\/","og_locale":"en_GB","og_type":"article","og_title":"[:lt]Danielius li\u016bt\u0173 urve[:] - Skaitytaknyga","og_description":"\u201eDanielius li\u016bt\u0173 urve\u201c\u00a0\u2013 \u017einomo animatoriaus\u00a0Ilja Bereznicko\u00a0iliustruota pasaka, paremta daugeliui gerai \u017einoma i\u0161trauka i\u0161 Biblijos. \u012edomiai pateikta Danieliaus gyvenimo istorija, skirta prad\u017eiuginti ir pamokyti ma\u017euosius skaitytojus. Tai gali b\u016bti \u012fdomi pa\u017eintis su religija arba paskatinti dom\u0117tis jos istorija. Pasakojimo kilm\u0117 atsekama net iki VI a. prie\u0161 Krist\u0173. Jame svarbiausia yra ne turinys, o perteikiama \u017einut\u0117 apie moralines vertybes, tik\u0117jim\u0105 ir dr\u0105s\u0105.","og_url":"https:\/\/skaitytaknyga.lt\/en\/produktas\/danielius-liutu-urve\/","og_site_name":"Skaitytaknyga","article_publisher":"https:\/\/www.facebook.com\/skaitytaknyga\/","article_modified_time":"2025-04-25T19:43:30+00:00","og_image":[{"width":600,"height":658,"url":"https:\/\/skaitytaknyga.lt\/wp-content\/uploads\/2024\/05\/danielius-liutu-urve.jpg","type":"image\/jpeg"}],"twitter_card":"summary_large_image","schema":{"@context":"https:\/\/schema.org","@graph":[{"@type":"WebPage","@id":"https:\/\/skaitytaknyga.lt\/produktas\/danielius-liutu-urve\/","url":"https:\/\/skaitytaknyga.lt\/produktas\/danielius-liutu-urve\/","name":"Danielius li\u016bt\u0173 urve","isPartOf":{"@id":"https:\/\/skaitytaknyga.lt\/#website"},"primaryImageOfPage":{"@id":"https:\/\/skaitytaknyga.lt\/produktas\/danielius-liutu-urve\/#primaryimage"},"image":{"@id":"https:\/\/skaitytaknyga.lt\/produktas\/danielius-liutu-urve\/#primaryimage"},"thumbnailUrl":"https:\/\/skaitytaknyga.lt\/wp-content\/uploads\/2024\/05\/danielius-liutu-urve.jpg","datePublished":"2024-05-04T19:13:18+00:00","dateModified":"2025-04-25T19:43:30+00:00","description":"\u201eDanielius li\u016bt\u0173 urve\u201c\u00a0\u2013 \u017einomo animatoriaus\u00a0Ilja Bereznicko\u00a0iliustruota pasaka, paremta daugeliui gerai \u017einoma i\u0161trauka i\u0161 Biblijos. \u012edomiai pateikta Danieliaus gyvenimo istorija, skirta prad\u017eiuginti ir pamokyti ma\u017euosius skaitytojus. Tai gali b\u016bti \u012fdomi pa\u017eintis su religija arba paskatinti dom\u0117tis jos istorija. Pasakojimo kilm\u0117 atsekama net iki VI a. prie\u0161 Krist\u0173. Jame svarbiausia yra ne turinys, o perteikiama \u017einut\u0117 apie moralines vertybes, tik\u0117jim\u0105 ir dr\u0105s\u0105.","breadcrumb":{"@id":"https:\/\/skaitytaknyga.lt\/produktas\/danielius-liutu-urve\/#breadcrumb"},"inLanguage":"en-GB","potentialAction":[{"@type":"ReadAction","target":["https:\/\/skaitytaknyga.lt\/produktas\/danielius-liutu-urve\/"]}]},{"@type":"ImageObject","inLanguage":"en-GB","@id":"https:\/\/skaitytaknyga.lt\/produktas\/danielius-liutu-urve\/#primaryimage","url":"https:\/\/skaitytaknyga.lt\/wp-content\/uploads\/2024\/05\/danielius-liutu-urve.jpg","contentUrl":"https:\/\/skaitytaknyga.lt\/wp-content\/uploads\/2024\/05\/danielius-liutu-urve.jpg","width":600,"height":658},{"@type":"BreadcrumbList","@id":"https:\/\/skaitytaknyga.lt\/produktas\/danielius-liutu-urve\/#breadcrumb","itemListElement":[{"@type":"ListItem","position":1,"name":"Home","item":"https:\/\/skaitytaknyga.lt\/"},{"@type":"ListItem","position":2,"name":"Parduotuv\u0117","item":"https:\/\/skaitytaknyga.lt\/knygu-parduotuve\/"},{"@type":"ListItem","position":3,"name":"Danielius li\u016bt\u0173 urve"}]},{"@type":"WebSite","@id":"https:\/\/skaitytaknyga.lt\/#website","url":"https:\/\/skaitytaknyga.lt\/","name":"skaitytaknyga.lt","description":"Skaitytaknyga.lt \u2013 tai ma\u017eas \u0161eimos verslas, kuris prasid\u0117jo nuo meil\u0117s knygoms ir siekio i\u0161gelb\u0117ti knygas nuo likimo prie konteinerio. Kas vienam nereikalingas daiktas \u2013 kitam lobis, o mes esame tarpininkai, kurie padeda abiems tapti laimingesniems ???? \u017dinome kaip nelengva i\u0161gyventi ma\u017eiems verslams, tad nuo \u0161iol, \u010dia rasite ir kit\u0173, ma\u017e\u0173 \u0161eim\u0173 versl\u0173, rank\u0173 darbo, dovan\u0173 sau ir artimiesiems.","publisher":{"@id":"https:\/\/skaitytaknyga.lt\/#organization"},"potentialAction":[{"@type":"SearchAction","target":{"@type":"EntryPoint","urlTemplate":"https:\/\/skaitytaknyga.lt\/?s={search_term_string}"},"query-input":{"@type":"PropertyValueSpecification","valueRequired":true,"valueName":"search_term_string"}}],"inLanguage":"en-GB"},{"@type":"Organization","@id":"https:\/\/skaitytaknyga.lt\/#organization","name":"skaitytaknyga.lt","url":"https:\/\/skaitytaknyga.lt\/","logo":{"@type":"ImageObject","inLanguage":"en-GB","@id":"https:\/\/skaitytaknyga.lt\/#\/schema\/logo\/image\/","url":"https:\/\/skaitytaknyga.lt\/wp-content\/uploads\/2024\/05\/cropped-cropped-cropped-02_00843_jt3bggkj1j3HLc7SyY6rEUpg.jpeg","contentUrl":"https:\/\/skaitytaknyga.lt\/wp-content\/uploads\/2024\/05\/cropped-cropped-cropped-02_00843_jt3bggkj1j3HLc7SyY6rEUpg.jpeg","width":1600,"height":1600,"caption":"skaitytaknyga.lt"},"image":{"@id":"https:\/\/skaitytaknyga.lt\/#\/schema\/logo\/image\/"},"sameAs":["https:\/\/www.facebook.com\/skaitytaknyga\/"]}]}},"_links":{"self":[{"href":"https:\/\/skaitytaknyga.lt\/en\/wp-json\/wp\/v2\/product\/10750","targetHints":{"allow":["GET"]}}],"collection":[{"href":"https:\/\/skaitytaknyga.lt\/en\/wp-json\/wp\/v2\/product"}],"about":[{"href":"https:\/\/skaitytaknyga.lt\/en\/wp-json\/wp\/v2\/types\/product"}],"replies":[{"embeddable":true,"href":"https:\/\/skaitytaknyga.lt\/en\/wp-json\/wp\/v2\/comments?post=10750"}],"wp:featuredmedia":[{"embeddable":true,"href":"https:\/\/skaitytaknyga.lt\/en\/wp-json\/wp\/v2\/media\/10783"}],"wp:attachment":[{"href":"https:\/\/skaitytaknyga.lt\/en\/wp-json\/wp\/v2\/media?parent=10750"}],"wp:term":[{"taxonomy":"product_brand","embeddable":true,"href":"https:\/\/skaitytaknyga.lt\/en\/wp-json\/wp\/v2\/product_brand?post=10750"},{"taxonomy":"product_cat","embeddable":true,"href":"https:\/\/skaitytaknyga.lt\/en\/wp-json\/wp\/v2\/product_cat?post=10750"},{"taxonomy":"product_tag","embeddable":true,"href":"https:\/\/skaitytaknyga.lt\/en\/wp-json\/wp\/v2\/product_tag?post=10750"}],"curies":[{"name":"wp","href":"https:\/\/api.w.org\/{rel}","templated":true}]}}