{"id":10749,"date":"2024-05-04T19:13:17","date_gmt":"2024-05-04T19:13:17","guid":{"rendered":"https:\/\/skaitytaknyga.lt\/?post_type=product&#038;p=10749"},"modified":"2026-03-05T10:49:40","modified_gmt":"2026-03-05T08:49:40","slug":"harlan-coben-dviveidis","status":"publish","type":"product","link":"https:\/\/skaitytaknyga.lt\/en\/produktas\/harlan-coben-dviveidis\/","title":{"rendered":"Dviveidis"},"content":{"rendered":"<p>Intriguojantis pasakojimas apie i\u0161davyst\u0119 ir \u0161eimos paslaptis, peraugantis \u012f stipriai jaudinan\u010di\u0105 ne\u017einomyb\u0119&#8230; Nekantrausite versti knygos puslapius&#8230; tiek kupinus \u012ftampos, tiek gausius s\u0105mojo.<br \/>\nPerspektyvus jaunas sportininkas Kristianas Stylas i\u0161gyvena skaud\u017ei\u0105 netekt\u012f \u2013 prie\u0161 pusantr\u0173 met\u0173 staiga dingo jo gra\u017euol\u0117 su\u017ead\u0117tin\u0117 Ket\u0117, ir jau ma\u017eai kas tik\u0117josi i\u0161vysti j\u0105 gyv\u0105&#8230; O visai neseniai gatv\u0117je apipl\u0117\u0161tas ir nu\u017eudytas Ket\u0117s t\u0117vas. Kai sielvartaujantys artimieji rengiasi gedulo pamaldoms, Kristianas gauna paslapting\u0105 siuntin\u012f ir dingusios mylimosios prane\u0161im\u0105.Sutrik\u0119s ir i\u0161sigand\u0119s Stylas skambina savo agentui, kadaise taip pat garsiai sporto \u017evaig\u017edei Mironui Bolitarui, ir pra\u0161o pad\u0117ti i\u0161siai\u0161kinti, k\u0105 visa tai rei\u0161kia&#8230;&#8221;<\/p>\n","protected":false},"excerpt":{"rendered":"<p>Intriguojantis pasakojimas apie i\u0161davyst\u0119 ir \u0161eimos paslaptis, peraugantis \u012f stipriai jaudinan\u010di\u0105 ne\u017einomyb\u0119&#8230; Nekantrausite versti knygos puslapius&#8230; tiek kupinus \u012ftampos, tiek gausius s\u0105mojo.<br \/>\nPerspektyvus jaunas sportininkas Kristianas Stylas i\u0161gyvena skaud\u017ei\u0105 netekt\u012f \u2013 prie\u0161 pusantr\u0173 met\u0173 staiga dingo jo gra\u017euol\u0117 su\u017ead\u0117tin\u0117 Ket\u0117, ir jau ma\u017eai kas tik\u0117josi i\u0161vysti j\u0105 gyv\u0105&#8230; O visai neseniai gatv\u0117je apipl\u0117\u0161tas ir nu\u017eudytas Ket\u0117s t\u0117vas. Kai sielvartaujantys artimieji rengiasi gedulo pamaldoms, Kristianas gauna paslapting\u0105 siuntin\u012f ir dingusios mylimosios prane\u0161im\u0105.Sutrik\u0119s ir i\u0161sigand\u0119s Stylas skambina savo agentui, kadaise taip pat garsiai sporto \u017evaig\u017edei Mironui Bolitarui, ir pra\u0161o pad\u0117ti i\u0161siai\u0161kinti, k\u0105 visa tai rei\u0161kia&#8230;&#8221;<\/p>\n","protected":false},"featured_media":10782,"comment_status":"closed","ping_status":"closed","template":"","meta":{"_acf_changed":false,"site-sidebar-layout":"default","site-content-layout":"","ast-site-content-layout":"default","site-content-style":"default","site-sidebar-style":"default","ast-global-header-display":"","ast-banner-title-visibility":"","ast-main-header-display":"","ast-hfb-above-header-display":"","ast-hfb-below-header-display":"","ast-hfb-mobile-header-display":"","site-post-title":"","ast-breadcrumbs-content":"","ast-featured-img":"","footer-sml-layout":"","ast-disable-related-posts":"","theme-transparent-header-meta":"","adv-header-id-meta":"","stick-header-meta":"","header-above-stick-meta":"","header-main-stick-meta":"","header-below-stick-meta":"","astra-migrate-meta-layouts":"default","ast-page-background-enabled":"default","ast-page-background-meta":{"desktop":{"background-color":"","background-image":"","background-repeat":"repeat","background-position":"center center","background-size":"auto","background-attachment":"scroll","background-type":"","background-media":"","overlay-type":"","overlay-color":"","overlay-opacity":"","overlay-gradient":""},"tablet":{"background-color":"","background-image":"","background-repeat":"repeat","background-position":"center center","background-size":"auto","background-attachment":"scroll","background-type":"","background-media":"","overlay-type":"","overlay-color":"","overlay-opacity":"","overlay-gradient":""},"mobile":{"background-color":"","background-image":"","background-repeat":"repeat","background-position":"center center","background-size":"auto","background-attachment":"scroll","background-type":"","background-media":"","overlay-type":"","overlay-color":"","overlay-opacity":"","overlay-gradient":""}},"ast-content-background-meta":{"desktop":{"background-color":"var(--ast-global-color-4)","background-image":"","background-repeat":"repeat","background-position":"center center","background-size":"auto","background-attachment":"scroll","background-type":"","background-media":"","overlay-type":"","overlay-color":"","overlay-opacity":"","overlay-gradient":""},"tablet":{"background-color":"var(--ast-global-color-4)","background-image":"","background-repeat":"repeat","background-position":"center center","background-size":"auto","background-attachment":"scroll","background-type":"","background-media":"","overlay-type":"","overlay-color":"","overlay-opacity":"","overlay-gradient":""},"mobile":{"background-color":"var(--ast-global-color-4)","background-image":"","background-repeat":"repeat","background-position":"center center","background-size":"auto","background-attachment":"scroll","background-type":"","background-media":"","overlay-type":"","overlay-color":"","overlay-opacity":"","overlay-gradient":""}}},"product_brand":[],"product_cat":[9580],"product_tag":[],"class_list":{"0":"post-10749","1":"product","2":"type-product","3":"status-publish","4":"has-post-thumbnail","6":"product_cat-psichologiniai-detektyvai","7":"desktop-align-left","8":"tablet-align-left","9":"mobile-align-left","11":"first","12":"outofstock","13":"shipping-taxable","14":"purchasable","15":"product-type-simple"},"acf":[],"yoast_head":"<!-- This site is optimized with the Yoast SEO plugin v27.4 - https:\/\/yoast.com\/product\/yoast-seo-wordpress\/ -->\n<title>Dviveidis<\/title>\n<meta name=\"description\" content=\"Intriguojantis pasakojimas apie i\u0161davyst\u0119 ir \u0161eimos paslaptis, peraugantis \u012f stipriai jaudinan\u010di\u0105 ne\u017einomyb\u0119... Nekantrausite versti knygos puslapius... tiek kupinus \u012ftampos, tiek gausius s\u0105mojo. Perspektyvus jaunas sportininkas Kristianas Stylas i\u0161gyvena skaud\u017ei\u0105 netekt\u012f \u2013 prie\u0161 pusantr\u0173 met\u0173 staiga dingo jo gra\u017euol\u0117 su\u017ead\u0117tin\u0117 Ket\u0117, ir jau ma\u017eai kas tik\u0117josi i\u0161vysti j\u0105 gyv\u0105... O visai neseniai gatv\u0117je apipl\u0117\u0161tas ir nu\u017eudytas Ket\u0117s t\u0117vas. Kai sielvartaujantys artimieji rengiasi gedulo pamaldoms, Kristianas gauna paslapting\u0105 siuntin\u012f ir dingusios mylimosios prane\u0161im\u0105.Sutrik\u0119s ir i\u0161sigand\u0119s Stylas skambina savo agentui, kadaise taip pat garsiai sporto \u017evaig\u017edei Mironui Bolitarui, ir pra\u0161o pad\u0117ti i\u0161siai\u0161kinti, k\u0105 visa tai rei\u0161kia...&quot;\" \/>\n<meta name=\"robots\" content=\"index, follow, max-snippet:-1, max-image-preview:large, max-video-preview:-1\" \/>\n<link rel=\"canonical\" href=\"https:\/\/skaitytaknyga.lt\/en\/produktas\/harlan-coben-dviveidis\/\" \/>\n<meta property=\"og:locale\" content=\"en_GB\" \/>\n<meta property=\"og:locale:alternate\" content=\"lt_LT\" \/>\n<meta property=\"og:type\" content=\"article\" \/>\n<meta property=\"og:title\" content=\"Dviveidis\" \/>\n<meta property=\"og:description\" content=\"Intriguojantis pasakojimas apie i\u0161davyst\u0119 ir \u0161eimos paslaptis, peraugantis \u012f stipriai jaudinan\u010di\u0105 ne\u017einomyb\u0119... Nekantrausite versti knygos puslapius... tiek kupinus \u012ftampos, tiek gausius s\u0105mojo. Perspektyvus jaunas sportininkas Kristianas Stylas i\u0161gyvena skaud\u017ei\u0105 netekt\u012f \u2013 prie\u0161 pusantr\u0173 met\u0173 staiga dingo jo gra\u017euol\u0117 su\u017ead\u0117tin\u0117 Ket\u0117, ir jau ma\u017eai kas tik\u0117josi i\u0161vysti j\u0105 gyv\u0105... O visai neseniai gatv\u0117je apipl\u0117\u0161tas ir nu\u017eudytas Ket\u0117s t\u0117vas. Kai sielvartaujantys artimieji rengiasi gedulo pamaldoms, Kristianas gauna paslapting\u0105 siuntin\u012f ir dingusios mylimosios prane\u0161im\u0105.Sutrik\u0119s ir i\u0161sigand\u0119s Stylas skambina savo agentui, kadaise taip pat garsiai sporto \u017evaig\u017edei Mironui Bolitarui, ir pra\u0161o pad\u0117ti i\u0161siai\u0161kinti, k\u0105 visa tai rei\u0161kia...&quot;\" \/>\n<meta property=\"og:url\" content=\"https:\/\/skaitytaknyga.lt\/en\/produktas\/harlan-coben-dviveidis\/\" \/>\n<meta property=\"og:site_name\" content=\"Skaitytaknyga\" \/>\n<meta property=\"article:publisher\" content=\"https:\/\/www.facebook.com\/skaitytaknyga\/\" \/>\n<meta property=\"article:modified_time\" content=\"2026-03-05T08:49:40+00:00\" \/>\n<meta property=\"og:image\" content=\"https:\/\/skaitytaknyga.lt\/wp-content\/uploads\/2024\/05\/dviveidis_1450425769.jpg\" \/>\n\t<meta property=\"og:image:width\" content=\"800\" \/>\n\t<meta property=\"og:image:height\" content=\"1206\" \/>\n\t<meta property=\"og:image:type\" content=\"image\/jpeg\" \/>\n<meta name=\"twitter:card\" content=\"summary_large_image\" \/>\n<meta name=\"twitter:label1\" content=\"Estimated reading time\" \/>\n\t<meta name=\"twitter:data1\" content=\"1 minute\" \/>\n<script type=\"application\/ld+json\" class=\"yoast-schema-graph\">{\"@context\":\"https:\\\/\\\/schema.org\",\"@graph\":[{\"@type\":\"WebPage\",\"@id\":\"https:\\\/\\\/skaitytaknyga.lt\\\/produktas\\\/harlan-coben-dviveidis\\\/\",\"url\":\"https:\\\/\\\/skaitytaknyga.lt\\\/produktas\\\/harlan-coben-dviveidis\\\/\",\"name\":\"Dviveidis\",\"isPartOf\":{\"@id\":\"https:\\\/\\\/skaitytaknyga.lt\\\/#website\"},\"primaryImageOfPage\":{\"@id\":\"https:\\\/\\\/skaitytaknyga.lt\\\/produktas\\\/harlan-coben-dviveidis\\\/#primaryimage\"},\"image\":{\"@id\":\"https:\\\/\\\/skaitytaknyga.lt\\\/produktas\\\/harlan-coben-dviveidis\\\/#primaryimage\"},\"thumbnailUrl\":\"https:\\\/\\\/skaitytaknyga.lt\\\/wp-content\\\/uploads\\\/2024\\\/05\\\/dviveidis_1450425769.jpg\",\"datePublished\":\"2024-05-04T19:13:17+00:00\",\"dateModified\":\"2026-03-05T08:49:40+00:00\",\"description\":\"Intriguojantis pasakojimas apie i\u0161davyst\u0119 ir \u0161eimos paslaptis, peraugantis \u012f stipriai jaudinan\u010di\u0105 ne\u017einomyb\u0119... Nekantrausite versti knygos puslapius... tiek kupinus \u012ftampos, tiek gausius s\u0105mojo. Perspektyvus jaunas sportininkas Kristianas Stylas i\u0161gyvena skaud\u017ei\u0105 netekt\u012f \u2013 prie\u0161 pusantr\u0173 met\u0173 staiga dingo jo gra\u017euol\u0117 su\u017ead\u0117tin\u0117 Ket\u0117, ir jau ma\u017eai kas tik\u0117josi i\u0161vysti j\u0105 gyv\u0105... O visai neseniai gatv\u0117je apipl\u0117\u0161tas ir nu\u017eudytas Ket\u0117s t\u0117vas. Kai sielvartaujantys artimieji rengiasi gedulo pamaldoms, Kristianas gauna paslapting\u0105 siuntin\u012f ir dingusios mylimosios prane\u0161im\u0105.Sutrik\u0119s ir i\u0161sigand\u0119s Stylas skambina savo agentui, kadaise taip pat garsiai sporto \u017evaig\u017edei Mironui Bolitarui, ir pra\u0161o pad\u0117ti i\u0161siai\u0161kinti, k\u0105 visa tai rei\u0161kia...\\\"\",\"breadcrumb\":{\"@id\":\"https:\\\/\\\/skaitytaknyga.lt\\\/produktas\\\/harlan-coben-dviveidis\\\/#breadcrumb\"},\"inLanguage\":\"en-GB\",\"potentialAction\":[{\"@type\":\"ReadAction\",\"target\":[\"https:\\\/\\\/skaitytaknyga.lt\\\/produktas\\\/harlan-coben-dviveidis\\\/\"]}]},{\"@type\":\"ImageObject\",\"inLanguage\":\"en-GB\",\"@id\":\"https:\\\/\\\/skaitytaknyga.lt\\\/produktas\\\/harlan-coben-dviveidis\\\/#primaryimage\",\"url\":\"https:\\\/\\\/skaitytaknyga.lt\\\/wp-content\\\/uploads\\\/2024\\\/05\\\/dviveidis_1450425769.jpg\",\"contentUrl\":\"https:\\\/\\\/skaitytaknyga.lt\\\/wp-content\\\/uploads\\\/2024\\\/05\\\/dviveidis_1450425769.jpg\",\"width\":800,\"height\":1206},{\"@type\":\"BreadcrumbList\",\"@id\":\"https:\\\/\\\/skaitytaknyga.lt\\\/produktas\\\/harlan-coben-dviveidis\\\/#breadcrumb\",\"itemListElement\":[{\"@type\":\"ListItem\",\"position\":1,\"name\":\"Home\",\"item\":\"https:\\\/\\\/skaitytaknyga.lt\\\/\"},{\"@type\":\"ListItem\",\"position\":2,\"name\":\"Parduotuv\u0117\",\"item\":\"https:\\\/\\\/skaitytaknyga.lt\\\/knygu-parduotuve\\\/\"},{\"@type\":\"ListItem\",\"position\":3,\"name\":\"Dviveidis\"}]},{\"@type\":\"WebSite\",\"@id\":\"https:\\\/\\\/skaitytaknyga.lt\\\/#website\",\"url\":\"https:\\\/\\\/skaitytaknyga.lt\\\/\",\"name\":\"skaitytaknyga.lt\",\"description\":\"Skaitytaknyga.lt \u2013 tai ma\u017eas \u0161eimos verslas, kuris prasid\u0117jo nuo meil\u0117s knygoms ir siekio i\u0161gelb\u0117ti knygas nuo likimo prie konteinerio. Kas vienam nereikalingas daiktas \u2013 kitam lobis, o mes esame tarpininkai, kurie padeda abiems tapti laimingesniems ???? \u017dinome kaip nelengva i\u0161gyventi ma\u017eiems verslams, tad nuo \u0161iol, \u010dia rasite ir kit\u0173, ma\u017e\u0173 \u0161eim\u0173 versl\u0173, rank\u0173 darbo, dovan\u0173 sau ir artimiesiems.\",\"publisher\":{\"@id\":\"https:\\\/\\\/skaitytaknyga.lt\\\/#organization\"},\"potentialAction\":[{\"@type\":\"SearchAction\",\"target\":{\"@type\":\"EntryPoint\",\"urlTemplate\":\"https:\\\/\\\/skaitytaknyga.lt\\\/?s={search_term_string}\"},\"query-input\":{\"@type\":\"PropertyValueSpecification\",\"valueRequired\":true,\"valueName\":\"search_term_string\"}}],\"inLanguage\":\"en-GB\"},{\"@type\":\"Organization\",\"@id\":\"https:\\\/\\\/skaitytaknyga.lt\\\/#organization\",\"name\":\"skaitytaknyga.lt\",\"url\":\"https:\\\/\\\/skaitytaknyga.lt\\\/\",\"logo\":{\"@type\":\"ImageObject\",\"inLanguage\":\"en-GB\",\"@id\":\"https:\\\/\\\/skaitytaknyga.lt\\\/#\\\/schema\\\/logo\\\/image\\\/\",\"url\":\"https:\\\/\\\/skaitytaknyga.lt\\\/wp-content\\\/uploads\\\/2024\\\/05\\\/cropped-cropped-cropped-02_00843_jt3bggkj1j3HLc7SyY6rEUpg.jpeg\",\"contentUrl\":\"https:\\\/\\\/skaitytaknyga.lt\\\/wp-content\\\/uploads\\\/2024\\\/05\\\/cropped-cropped-cropped-02_00843_jt3bggkj1j3HLc7SyY6rEUpg.jpeg\",\"width\":1600,\"height\":1600,\"caption\":\"skaitytaknyga.lt\"},\"image\":{\"@id\":\"https:\\\/\\\/skaitytaknyga.lt\\\/#\\\/schema\\\/logo\\\/image\\\/\"},\"sameAs\":[\"https:\\\/\\\/www.facebook.com\\\/skaitytaknyga\\\/\"]}]}<\/script>\n<!-- \/ Yoast SEO plugin. -->","yoast_head_json":{"title":"Dviveidis","description":"Intriguojantis pasakojimas apie i\u0161davyst\u0119 ir \u0161eimos paslaptis, peraugantis \u012f stipriai jaudinan\u010di\u0105 ne\u017einomyb\u0119... Nekantrausite versti knygos puslapius... tiek kupinus \u012ftampos, tiek gausius s\u0105mojo. Perspektyvus jaunas sportininkas Kristianas Stylas i\u0161gyvena skaud\u017ei\u0105 netekt\u012f \u2013 prie\u0161 pusantr\u0173 met\u0173 staiga dingo jo gra\u017euol\u0117 su\u017ead\u0117tin\u0117 Ket\u0117, ir jau ma\u017eai kas tik\u0117josi i\u0161vysti j\u0105 gyv\u0105... O visai neseniai gatv\u0117je apipl\u0117\u0161tas ir nu\u017eudytas Ket\u0117s t\u0117vas. Kai sielvartaujantys artimieji rengiasi gedulo pamaldoms, Kristianas gauna paslapting\u0105 siuntin\u012f ir dingusios mylimosios prane\u0161im\u0105.Sutrik\u0119s ir i\u0161sigand\u0119s Stylas skambina savo agentui, kadaise taip pat garsiai sporto \u017evaig\u017edei Mironui Bolitarui, ir pra\u0161o pad\u0117ti i\u0161siai\u0161kinti, k\u0105 visa tai rei\u0161kia...\"","robots":{"index":"index","follow":"follow","max-snippet":"max-snippet:-1","max-image-preview":"max-image-preview:large","max-video-preview":"max-video-preview:-1"},"canonical":"https:\/\/skaitytaknyga.lt\/en\/produktas\/harlan-coben-dviveidis\/","og_locale":"en_GB","og_type":"article","og_title":"[:lt]Dviveidis[:] - Skaitytaknyga","og_description":"Intriguojantis pasakojimas apie i\u0161davyst\u0119 ir \u0161eimos paslaptis, peraugantis \u012f stipriai jaudinan\u010di\u0105 ne\u017einomyb\u0119... Nekantrausite versti knygos puslapius... tiek kupinus \u012ftampos, tiek gausius s\u0105mojo. Perspektyvus jaunas sportininkas Kristianas Stylas i\u0161gyvena skaud\u017ei\u0105 netekt\u012f \u2013 prie\u0161 pusantr\u0173 met\u0173 staiga dingo jo gra\u017euol\u0117 su\u017ead\u0117tin\u0117 Ket\u0117, ir jau ma\u017eai kas tik\u0117josi i\u0161vysti j\u0105 gyv\u0105... O visai neseniai gatv\u0117je apipl\u0117\u0161tas ir nu\u017eudytas Ket\u0117s t\u0117vas. Kai sielvartaujantys artimieji rengiasi gedulo pamaldoms, Kristianas gauna paslapting\u0105 siuntin\u012f ir dingusios mylimosios prane\u0161im\u0105.Sutrik\u0119s ir i\u0161sigand\u0119s Stylas skambina savo agentui, kadaise taip pat garsiai sporto \u017evaig\u017edei Mironui Bolitarui, ir pra\u0161o pad\u0117ti i\u0161siai\u0161kinti, k\u0105 visa tai rei\u0161kia...\"","og_url":"https:\/\/skaitytaknyga.lt\/en\/produktas\/harlan-coben-dviveidis\/","og_site_name":"Skaitytaknyga","article_publisher":"https:\/\/www.facebook.com\/skaitytaknyga\/","article_modified_time":"2026-03-05T08:49:40+00:00","og_image":[{"width":800,"height":1206,"url":"https:\/\/skaitytaknyga.lt\/wp-content\/uploads\/2024\/05\/dviveidis_1450425769.jpg","type":"image\/jpeg"}],"twitter_card":"summary_large_image","twitter_misc":{"Estimated reading time":"1 minute"},"schema":{"@context":"https:\/\/schema.org","@graph":[{"@type":"WebPage","@id":"https:\/\/skaitytaknyga.lt\/produktas\/harlan-coben-dviveidis\/","url":"https:\/\/skaitytaknyga.lt\/produktas\/harlan-coben-dviveidis\/","name":"Dviveidis","isPartOf":{"@id":"https:\/\/skaitytaknyga.lt\/#website"},"primaryImageOfPage":{"@id":"https:\/\/skaitytaknyga.lt\/produktas\/harlan-coben-dviveidis\/#primaryimage"},"image":{"@id":"https:\/\/skaitytaknyga.lt\/produktas\/harlan-coben-dviveidis\/#primaryimage"},"thumbnailUrl":"https:\/\/skaitytaknyga.lt\/wp-content\/uploads\/2024\/05\/dviveidis_1450425769.jpg","datePublished":"2024-05-04T19:13:17+00:00","dateModified":"2026-03-05T08:49:40+00:00","description":"Intriguojantis pasakojimas apie i\u0161davyst\u0119 ir \u0161eimos paslaptis, peraugantis \u012f stipriai jaudinan\u010di\u0105 ne\u017einomyb\u0119... Nekantrausite versti knygos puslapius... tiek kupinus \u012ftampos, tiek gausius s\u0105mojo. Perspektyvus jaunas sportininkas Kristianas Stylas i\u0161gyvena skaud\u017ei\u0105 netekt\u012f \u2013 prie\u0161 pusantr\u0173 met\u0173 staiga dingo jo gra\u017euol\u0117 su\u017ead\u0117tin\u0117 Ket\u0117, ir jau ma\u017eai kas tik\u0117josi i\u0161vysti j\u0105 gyv\u0105... O visai neseniai gatv\u0117je apipl\u0117\u0161tas ir nu\u017eudytas Ket\u0117s t\u0117vas. Kai sielvartaujantys artimieji rengiasi gedulo pamaldoms, Kristianas gauna paslapting\u0105 siuntin\u012f ir dingusios mylimosios prane\u0161im\u0105.Sutrik\u0119s ir i\u0161sigand\u0119s Stylas skambina savo agentui, kadaise taip pat garsiai sporto \u017evaig\u017edei Mironui Bolitarui, ir pra\u0161o pad\u0117ti i\u0161siai\u0161kinti, k\u0105 visa tai rei\u0161kia...\"","breadcrumb":{"@id":"https:\/\/skaitytaknyga.lt\/produktas\/harlan-coben-dviveidis\/#breadcrumb"},"inLanguage":"en-GB","potentialAction":[{"@type":"ReadAction","target":["https:\/\/skaitytaknyga.lt\/produktas\/harlan-coben-dviveidis\/"]}]},{"@type":"ImageObject","inLanguage":"en-GB","@id":"https:\/\/skaitytaknyga.lt\/produktas\/harlan-coben-dviveidis\/#primaryimage","url":"https:\/\/skaitytaknyga.lt\/wp-content\/uploads\/2024\/05\/dviveidis_1450425769.jpg","contentUrl":"https:\/\/skaitytaknyga.lt\/wp-content\/uploads\/2024\/05\/dviveidis_1450425769.jpg","width":800,"height":1206},{"@type":"BreadcrumbList","@id":"https:\/\/skaitytaknyga.lt\/produktas\/harlan-coben-dviveidis\/#breadcrumb","itemListElement":[{"@type":"ListItem","position":1,"name":"Home","item":"https:\/\/skaitytaknyga.lt\/"},{"@type":"ListItem","position":2,"name":"Parduotuv\u0117","item":"https:\/\/skaitytaknyga.lt\/knygu-parduotuve\/"},{"@type":"ListItem","position":3,"name":"Dviveidis"}]},{"@type":"WebSite","@id":"https:\/\/skaitytaknyga.lt\/#website","url":"https:\/\/skaitytaknyga.lt\/","name":"skaitytaknyga.lt","description":"Skaitytaknyga.lt \u2013 tai ma\u017eas \u0161eimos verslas, kuris prasid\u0117jo nuo meil\u0117s knygoms ir siekio i\u0161gelb\u0117ti knygas nuo likimo prie konteinerio. Kas vienam nereikalingas daiktas \u2013 kitam lobis, o mes esame tarpininkai, kurie padeda abiems tapti laimingesniems ???? \u017dinome kaip nelengva i\u0161gyventi ma\u017eiems verslams, tad nuo \u0161iol, \u010dia rasite ir kit\u0173, ma\u017e\u0173 \u0161eim\u0173 versl\u0173, rank\u0173 darbo, dovan\u0173 sau ir artimiesiems.","publisher":{"@id":"https:\/\/skaitytaknyga.lt\/#organization"},"potentialAction":[{"@type":"SearchAction","target":{"@type":"EntryPoint","urlTemplate":"https:\/\/skaitytaknyga.lt\/?s={search_term_string}"},"query-input":{"@type":"PropertyValueSpecification","valueRequired":true,"valueName":"search_term_string"}}],"inLanguage":"en-GB"},{"@type":"Organization","@id":"https:\/\/skaitytaknyga.lt\/#organization","name":"skaitytaknyga.lt","url":"https:\/\/skaitytaknyga.lt\/","logo":{"@type":"ImageObject","inLanguage":"en-GB","@id":"https:\/\/skaitytaknyga.lt\/#\/schema\/logo\/image\/","url":"https:\/\/skaitytaknyga.lt\/wp-content\/uploads\/2024\/05\/cropped-cropped-cropped-02_00843_jt3bggkj1j3HLc7SyY6rEUpg.jpeg","contentUrl":"https:\/\/skaitytaknyga.lt\/wp-content\/uploads\/2024\/05\/cropped-cropped-cropped-02_00843_jt3bggkj1j3HLc7SyY6rEUpg.jpeg","width":1600,"height":1600,"caption":"skaitytaknyga.lt"},"image":{"@id":"https:\/\/skaitytaknyga.lt\/#\/schema\/logo\/image\/"},"sameAs":["https:\/\/www.facebook.com\/skaitytaknyga\/"]}]}},"_links":{"self":[{"href":"https:\/\/skaitytaknyga.lt\/en\/wp-json\/wp\/v2\/product\/10749","targetHints":{"allow":["GET"]}}],"collection":[{"href":"https:\/\/skaitytaknyga.lt\/en\/wp-json\/wp\/v2\/product"}],"about":[{"href":"https:\/\/skaitytaknyga.lt\/en\/wp-json\/wp\/v2\/types\/product"}],"replies":[{"embeddable":true,"href":"https:\/\/skaitytaknyga.lt\/en\/wp-json\/wp\/v2\/comments?post=10749"}],"wp:featuredmedia":[{"embeddable":true,"href":"https:\/\/skaitytaknyga.lt\/en\/wp-json\/wp\/v2\/media\/10782"}],"wp:attachment":[{"href":"https:\/\/skaitytaknyga.lt\/en\/wp-json\/wp\/v2\/media?parent=10749"}],"wp:term":[{"taxonomy":"product_brand","embeddable":true,"href":"https:\/\/skaitytaknyga.lt\/en\/wp-json\/wp\/v2\/product_brand?post=10749"},{"taxonomy":"product_cat","embeddable":true,"href":"https:\/\/skaitytaknyga.lt\/en\/wp-json\/wp\/v2\/product_cat?post=10749"},{"taxonomy":"product_tag","embeddable":true,"href":"https:\/\/skaitytaknyga.lt\/en\/wp-json\/wp\/v2\/product_tag?post=10749"}],"curies":[{"name":"wp","href":"https:\/\/api.w.org\/{rel}","templated":true}]}}