{"id":10742,"date":"2024-05-04T19:12:57","date_gmt":"2024-05-04T19:12:57","guid":{"rendered":"https:\/\/skaitytaknyga.lt\/?post_type=product&#038;p=10742"},"modified":"2026-03-05T10:49:40","modified_gmt":"2026-03-05T08:49:40","slug":"harlan-coben-netiketas-smugis","status":"publish","type":"product","link":"https:\/\/skaitytaknyga.lt\/en\/produktas\/harlan-coben-netiketas-smugis\/","title":{"rendered":"Netik\u0117tas sm\u016bgis\u201c"},"content":{"rendered":"<p>Stadione, prie\u0161ais kiosk\u0105, kur Moet \u0161ampano taur\u0117 kainuoja 7,50 dolerio, \u0161altakrauji\u0161kai nu\u0161aunama jauna moteris. Ka\u017ekada ji buvo pasiekusi svaiginan\u010dias teniso auk\u0161tumas. Dabar, JAV atvir\u0173j\u0173 var\u017eyb\u0173 \u012fkar\u0161tyje, laikra\u0161\u010di\u0173 antra\u0161t\u0117s liaupsina kit\u0105 jaun\u0105 \u017eaid\u0117j\u0105 i\u0161 kitos barikad\u0173 pus\u0117s. Kai sporto agentas Mironas Bolitaras imasi tirti nu\u017eudym\u0105, jis atskleid\u017eia ry\u0161\u012f tarp \u0161i\u0173 dviej\u0173 \u017eaid\u0117j\u0173 ir prie\u0161 \u0161e\u0161erius metus \u012fvykdyt\u0105 \u017emog\u017eudyst\u0119 prabangiame klube.<\/p>\n<p>Greitai Mironas \u012fklimpsta susid\u016br\u0119s su nes\u0105\u017einingu JAV senatoriumi, pavyd\u017eia motina ir mafija. Jis supranta \u017eaid\u017ei\u0105s labai pavojing\u0105 \u017eaidim\u0105 \u2013 su \u017eudiku ir tiesa.<\/p>\n<p>\u201eEdgar\u201c, \u201eShamus\u201c ir \u201eAnthony\u201c premij\u0173 laim\u0117tojas\u00a0<strong>Harlan Coben\u00a0<\/strong>yra dvylikos roman\u0173 autorius. Jo knygos i\u0161verstos \u012f trisde\u0161imt dvi kalbas ir parduodamos visame pasaulyje.<\/p>\n","protected":false},"excerpt":{"rendered":"<p>Stadione, prie\u0161ais kiosk\u0105, kur Moet \u0161ampano taur\u0117 kainuoja 7,50 dolerio, \u0161altakrauji\u0161kai nu\u0161aunama jauna moteris. Ka\u017ekada ji buvo pasiekusi svaiginan\u010dias teniso auk\u0161tumas. Dabar, JAV atvir\u0173j\u0173 var\u017eyb\u0173 \u012fkar\u0161tyje, laikra\u0161\u010di\u0173 antra\u0161t\u0117s liaupsina kit\u0105 jaun\u0105 \u017eaid\u0117j\u0105 i\u0161 kitos barikad\u0173 pus\u0117s. Kai sporto agentas Mironas Bolitaras imasi tirti nu\u017eudym\u0105, jis atskleid\u017eia ry\u0161\u012f tarp \u0161i\u0173 dviej\u0173 \u017eaid\u0117j\u0173 ir prie\u0161 \u0161e\u0161erius metus \u012fvykdyt\u0105 \u017emog\u017eudyst\u0119 prabangiame klube.<\/p>\n<p>Greitai Mironas \u012fklimpsta susid\u016br\u0119s su nes\u0105\u017einingu JAV senatoriumi, pavyd\u017eia motina ir mafija. Jis supranta \u017eaid\u017ei\u0105s labai pavojing\u0105 \u017eaidim\u0105 \u2013 su \u017eudiku ir tiesa.<\/p>\n<p>\u201eEdgar\u201c, \u201eShamus\u201c ir \u201eAnthony\u201c premij\u0173 laim\u0117tojas\u00a0<strong>Harlan Coben\u00a0<\/strong>yra dvylikos roman\u0173 autorius. Jo knygos i\u0161verstos \u012f trisde\u0161imt dvi kalbas ir parduodamos visame pasaulyje.<\/p>\n","protected":false},"featured_media":9859,"comment_status":"closed","ping_status":"closed","template":"","meta":{"_acf_changed":false,"site-sidebar-layout":"default","site-content-layout":"","ast-site-content-layout":"default","site-content-style":"default","site-sidebar-style":"default","ast-global-header-display":"","ast-banner-title-visibility":"","ast-main-header-display":"","ast-hfb-above-header-display":"","ast-hfb-below-header-display":"","ast-hfb-mobile-header-display":"","site-post-title":"","ast-breadcrumbs-content":"","ast-featured-img":"","footer-sml-layout":"","ast-disable-related-posts":"","theme-transparent-header-meta":"","adv-header-id-meta":"","stick-header-meta":"","header-above-stick-meta":"","header-main-stick-meta":"","header-below-stick-meta":"","astra-migrate-meta-layouts":"default","ast-page-background-enabled":"default","ast-page-background-meta":{"desktop":{"background-color":"","background-image":"","background-repeat":"repeat","background-position":"center center","background-size":"auto","background-attachment":"scroll","background-type":"","background-media":"","overlay-type":"","overlay-color":"","overlay-opacity":"","overlay-gradient":""},"tablet":{"background-color":"","background-image":"","background-repeat":"repeat","background-position":"center center","background-size":"auto","background-attachment":"scroll","background-type":"","background-media":"","overlay-type":"","overlay-color":"","overlay-opacity":"","overlay-gradient":""},"mobile":{"background-color":"","background-image":"","background-repeat":"repeat","background-position":"center center","background-size":"auto","background-attachment":"scroll","background-type":"","background-media":"","overlay-type":"","overlay-color":"","overlay-opacity":"","overlay-gradient":""}},"ast-content-background-meta":{"desktop":{"background-color":"var(--ast-global-color-4)","background-image":"","background-repeat":"repeat","background-position":"center center","background-size":"auto","background-attachment":"scroll","background-type":"","background-media":"","overlay-type":"","overlay-color":"","overlay-opacity":"","overlay-gradient":""},"tablet":{"background-color":"var(--ast-global-color-4)","background-image":"","background-repeat":"repeat","background-position":"center center","background-size":"auto","background-attachment":"scroll","background-type":"","background-media":"","overlay-type":"","overlay-color":"","overlay-opacity":"","overlay-gradient":""},"mobile":{"background-color":"var(--ast-global-color-4)","background-image":"","background-repeat":"repeat","background-position":"center center","background-size":"auto","background-attachment":"scroll","background-type":"","background-media":"","overlay-type":"","overlay-color":"","overlay-opacity":"","overlay-gradient":""}}},"product_brand":[],"product_cat":[9580],"product_tag":[],"class_list":{"0":"post-10742","1":"product","2":"type-product","3":"status-publish","4":"has-post-thumbnail","6":"product_cat-psichologiniai-detektyvai","7":"desktop-align-left","8":"tablet-align-left","9":"mobile-align-left","11":"first","12":"outofstock","13":"shipping-taxable","14":"purchasable","15":"product-type-simple"},"acf":[],"yoast_head":"<!-- This site is optimized with the Yoast SEO plugin v27.4 - https:\/\/yoast.com\/product\/yoast-seo-wordpress\/ -->\n<title>Netik\u0117tas sm\u016bgis\u201c<\/title>\n<meta name=\"description\" content=\"Stadione, prie\u0161ais kiosk\u0105, kur Moet \u0161ampano taur\u0117 kainuoja 7,50 dolerio, \u0161altakrauji\u0161kai nu\u0161aunama jauna moteris. Ka\u017ekada ji buvo pasiekusi svaiginan\u010dias teniso auk\u0161tumas. Dabar, JAV atvir\u0173j\u0173 var\u017eyb\u0173 \u012fkar\u0161tyje, laikra\u0161\u010di\u0173 antra\u0161t\u0117s liaupsina kit\u0105 jaun\u0105 \u017eaid\u0117j\u0105 i\u0161 kitos barikad\u0173 pus\u0117s. Kai sporto agentas Mironas Bolitaras imasi tirti nu\u017eudym\u0105, jis atskleid\u017eia ry\u0161\u012f tarp \u0161i\u0173 dviej\u0173 \u017eaid\u0117j\u0173 ir prie\u0161 \u0161e\u0161erius metus \u012fvykdyt\u0105 \u017emog\u017eudyst\u0119 prabangiame klube.  Greitai Mironas \u012fklimpsta susid\u016br\u0119s su nes\u0105\u017einingu JAV senatoriumi, pavyd\u017eia motina ir mafija. Jis supranta \u017eaid\u017ei\u0105s labai pavojing\u0105 \u017eaidim\u0105 \u2013 su \u017eudiku ir tiesa.  \u201eEdgar\u201c, \u201eShamus\u201c ir \u201eAnthony\u201c premij\u0173 laim\u0117tojas\u00a0Harlan Coben\u00a0yra dvylikos roman\u0173 autorius. Jo knygos i\u0161verstos \u012f trisde\u0161imt dvi kalbas ir parduodamos visame pasaulyje.\" \/>\n<meta name=\"robots\" content=\"index, follow, max-snippet:-1, max-image-preview:large, max-video-preview:-1\" \/>\n<link rel=\"canonical\" href=\"https:\/\/skaitytaknyga.lt\/en\/produktas\/harlan-coben-netiketas-smugis\/\" \/>\n<meta property=\"og:locale\" content=\"en_GB\" \/>\n<meta property=\"og:locale:alternate\" content=\"lt_LT\" \/>\n<meta property=\"og:type\" content=\"article\" \/>\n<meta property=\"og:title\" content=\"Netik\u0117tas sm\u016bgis\u201c\" \/>\n<meta property=\"og:description\" content=\"Stadione, prie\u0161ais kiosk\u0105, kur Moet \u0161ampano taur\u0117 kainuoja 7,50 dolerio, \u0161altakrauji\u0161kai nu\u0161aunama jauna moteris. Ka\u017ekada ji buvo pasiekusi svaiginan\u010dias teniso auk\u0161tumas. Dabar, JAV atvir\u0173j\u0173 var\u017eyb\u0173 \u012fkar\u0161tyje, laikra\u0161\u010di\u0173 antra\u0161t\u0117s liaupsina kit\u0105 jaun\u0105 \u017eaid\u0117j\u0105 i\u0161 kitos barikad\u0173 pus\u0117s. Kai sporto agentas Mironas Bolitaras imasi tirti nu\u017eudym\u0105, jis atskleid\u017eia ry\u0161\u012f tarp \u0161i\u0173 dviej\u0173 \u017eaid\u0117j\u0173 ir prie\u0161 \u0161e\u0161erius metus \u012fvykdyt\u0105 \u017emog\u017eudyst\u0119 prabangiame klube.  Greitai Mironas \u012fklimpsta susid\u016br\u0119s su nes\u0105\u017einingu JAV senatoriumi, pavyd\u017eia motina ir mafija. Jis supranta \u017eaid\u017ei\u0105s labai pavojing\u0105 \u017eaidim\u0105 \u2013 su \u017eudiku ir tiesa.  \u201eEdgar\u201c, \u201eShamus\u201c ir \u201eAnthony\u201c premij\u0173 laim\u0117tojas\u00a0Harlan Coben\u00a0yra dvylikos roman\u0173 autorius. Jo knygos i\u0161verstos \u012f trisde\u0161imt dvi kalbas ir parduodamos visame pasaulyje.\" \/>\n<meta property=\"og:url\" content=\"https:\/\/skaitytaknyga.lt\/en\/produktas\/harlan-coben-netiketas-smugis\/\" \/>\n<meta property=\"og:site_name\" content=\"Skaitytaknyga\" \/>\n<meta property=\"article:publisher\" content=\"https:\/\/www.facebook.com\/skaitytaknyga\/\" \/>\n<meta property=\"article:modified_time\" content=\"2026-03-05T08:49:40+00:00\" \/>\n<meta property=\"og:image\" content=\"https:\/\/skaitytaknyga.lt\/wp-content\/uploads\/2024\/05\/1462876544_netike.jpg\" \/>\n\t<meta property=\"og:image:width\" content=\"276\" \/>\n\t<meta property=\"og:image:height\" content=\"430\" \/>\n\t<meta property=\"og:image:type\" content=\"image\/jpeg\" \/>\n<meta name=\"twitter:card\" content=\"summary_large_image\" \/>\n<meta name=\"twitter:label1\" content=\"Estimated reading time\" \/>\n\t<meta name=\"twitter:data1\" content=\"1 minute\" \/>\n<script type=\"application\/ld+json\" class=\"yoast-schema-graph\">{\"@context\":\"https:\\\/\\\/schema.org\",\"@graph\":[{\"@type\":\"WebPage\",\"@id\":\"https:\\\/\\\/skaitytaknyga.lt\\\/produktas\\\/harlan-coben-netiketas-smugis\\\/\",\"url\":\"https:\\\/\\\/skaitytaknyga.lt\\\/produktas\\\/harlan-coben-netiketas-smugis\\\/\",\"name\":\"Netik\u0117tas sm\u016bgis\u201c\",\"isPartOf\":{\"@id\":\"https:\\\/\\\/skaitytaknyga.lt\\\/#website\"},\"primaryImageOfPage\":{\"@id\":\"https:\\\/\\\/skaitytaknyga.lt\\\/produktas\\\/harlan-coben-netiketas-smugis\\\/#primaryimage\"},\"image\":{\"@id\":\"https:\\\/\\\/skaitytaknyga.lt\\\/produktas\\\/harlan-coben-netiketas-smugis\\\/#primaryimage\"},\"thumbnailUrl\":\"https:\\\/\\\/skaitytaknyga.lt\\\/wp-content\\\/uploads\\\/2024\\\/05\\\/1462876544_netike.jpg\",\"datePublished\":\"2024-05-04T19:12:57+00:00\",\"dateModified\":\"2026-03-05T08:49:40+00:00\",\"description\":\"Stadione, prie\u0161ais kiosk\u0105, kur Moet \u0161ampano taur\u0117 kainuoja 7,50 dolerio, \u0161altakrauji\u0161kai nu\u0161aunama jauna moteris. Ka\u017ekada ji buvo pasiekusi svaiginan\u010dias teniso auk\u0161tumas. Dabar, JAV atvir\u0173j\u0173 var\u017eyb\u0173 \u012fkar\u0161tyje, laikra\u0161\u010di\u0173 antra\u0161t\u0117s liaupsina kit\u0105 jaun\u0105 \u017eaid\u0117j\u0105 i\u0161 kitos barikad\u0173 pus\u0117s. Kai sporto agentas Mironas Bolitaras imasi tirti nu\u017eudym\u0105, jis atskleid\u017eia ry\u0161\u012f tarp \u0161i\u0173 dviej\u0173 \u017eaid\u0117j\u0173 ir prie\u0161 \u0161e\u0161erius metus \u012fvykdyt\u0105 \u017emog\u017eudyst\u0119 prabangiame klube. Greitai Mironas \u012fklimpsta susid\u016br\u0119s su nes\u0105\u017einingu JAV senatoriumi, pavyd\u017eia motina ir mafija. Jis supranta \u017eaid\u017ei\u0105s labai pavojing\u0105 \u017eaidim\u0105 \u2013 su \u017eudiku ir tiesa. \u201eEdgar\u201c, \u201eShamus\u201c ir \u201eAnthony\u201c premij\u0173 laim\u0117tojas\u00a0Harlan Coben\u00a0yra dvylikos roman\u0173 autorius. Jo knygos i\u0161verstos \u012f trisde\u0161imt dvi kalbas ir parduodamos visame pasaulyje.\",\"breadcrumb\":{\"@id\":\"https:\\\/\\\/skaitytaknyga.lt\\\/produktas\\\/harlan-coben-netiketas-smugis\\\/#breadcrumb\"},\"inLanguage\":\"en-GB\",\"potentialAction\":[{\"@type\":\"ReadAction\",\"target\":[\"https:\\\/\\\/skaitytaknyga.lt\\\/produktas\\\/harlan-coben-netiketas-smugis\\\/\"]}]},{\"@type\":\"ImageObject\",\"inLanguage\":\"en-GB\",\"@id\":\"https:\\\/\\\/skaitytaknyga.lt\\\/produktas\\\/harlan-coben-netiketas-smugis\\\/#primaryimage\",\"url\":\"https:\\\/\\\/skaitytaknyga.lt\\\/wp-content\\\/uploads\\\/2024\\\/05\\\/1462876544_netike.jpg\",\"contentUrl\":\"https:\\\/\\\/skaitytaknyga.lt\\\/wp-content\\\/uploads\\\/2024\\\/05\\\/1462876544_netike.jpg\",\"width\":276,\"height\":430},{\"@type\":\"BreadcrumbList\",\"@id\":\"https:\\\/\\\/skaitytaknyga.lt\\\/produktas\\\/harlan-coben-netiketas-smugis\\\/#breadcrumb\",\"itemListElement\":[{\"@type\":\"ListItem\",\"position\":1,\"name\":\"Home\",\"item\":\"https:\\\/\\\/skaitytaknyga.lt\\\/\"},{\"@type\":\"ListItem\",\"position\":2,\"name\":\"Parduotuv\u0117\",\"item\":\"https:\\\/\\\/skaitytaknyga.lt\\\/knygu-parduotuve\\\/\"},{\"@type\":\"ListItem\",\"position\":3,\"name\":\"Netik\u0117tas sm\u016bgis\u201c\"}]},{\"@type\":\"WebSite\",\"@id\":\"https:\\\/\\\/skaitytaknyga.lt\\\/#website\",\"url\":\"https:\\\/\\\/skaitytaknyga.lt\\\/\",\"name\":\"skaitytaknyga.lt\",\"description\":\"Skaitytaknyga.lt \u2013 tai ma\u017eas \u0161eimos verslas, kuris prasid\u0117jo nuo meil\u0117s knygoms ir siekio i\u0161gelb\u0117ti knygas nuo likimo prie konteinerio. Kas vienam nereikalingas daiktas \u2013 kitam lobis, o mes esame tarpininkai, kurie padeda abiems tapti laimingesniems ???? \u017dinome kaip nelengva i\u0161gyventi ma\u017eiems verslams, tad nuo \u0161iol, \u010dia rasite ir kit\u0173, ma\u017e\u0173 \u0161eim\u0173 versl\u0173, rank\u0173 darbo, dovan\u0173 sau ir artimiesiems.\",\"publisher\":{\"@id\":\"https:\\\/\\\/skaitytaknyga.lt\\\/#organization\"},\"potentialAction\":[{\"@type\":\"SearchAction\",\"target\":{\"@type\":\"EntryPoint\",\"urlTemplate\":\"https:\\\/\\\/skaitytaknyga.lt\\\/?s={search_term_string}\"},\"query-input\":{\"@type\":\"PropertyValueSpecification\",\"valueRequired\":true,\"valueName\":\"search_term_string\"}}],\"inLanguage\":\"en-GB\"},{\"@type\":\"Organization\",\"@id\":\"https:\\\/\\\/skaitytaknyga.lt\\\/#organization\",\"name\":\"skaitytaknyga.lt\",\"url\":\"https:\\\/\\\/skaitytaknyga.lt\\\/\",\"logo\":{\"@type\":\"ImageObject\",\"inLanguage\":\"en-GB\",\"@id\":\"https:\\\/\\\/skaitytaknyga.lt\\\/#\\\/schema\\\/logo\\\/image\\\/\",\"url\":\"https:\\\/\\\/skaitytaknyga.lt\\\/wp-content\\\/uploads\\\/2024\\\/05\\\/cropped-cropped-cropped-02_00843_jt3bggkj1j3HLc7SyY6rEUpg.jpeg\",\"contentUrl\":\"https:\\\/\\\/skaitytaknyga.lt\\\/wp-content\\\/uploads\\\/2024\\\/05\\\/cropped-cropped-cropped-02_00843_jt3bggkj1j3HLc7SyY6rEUpg.jpeg\",\"width\":1600,\"height\":1600,\"caption\":\"skaitytaknyga.lt\"},\"image\":{\"@id\":\"https:\\\/\\\/skaitytaknyga.lt\\\/#\\\/schema\\\/logo\\\/image\\\/\"},\"sameAs\":[\"https:\\\/\\\/www.facebook.com\\\/skaitytaknyga\\\/\"]}]}<\/script>\n<!-- \/ Yoast SEO plugin. -->","yoast_head_json":{"title":"Netik\u0117tas sm\u016bgis\u201c","description":"Stadione, prie\u0161ais kiosk\u0105, kur Moet \u0161ampano taur\u0117 kainuoja 7,50 dolerio, \u0161altakrauji\u0161kai nu\u0161aunama jauna moteris. Ka\u017ekada ji buvo pasiekusi svaiginan\u010dias teniso auk\u0161tumas. Dabar, JAV atvir\u0173j\u0173 var\u017eyb\u0173 \u012fkar\u0161tyje, laikra\u0161\u010di\u0173 antra\u0161t\u0117s liaupsina kit\u0105 jaun\u0105 \u017eaid\u0117j\u0105 i\u0161 kitos barikad\u0173 pus\u0117s. Kai sporto agentas Mironas Bolitaras imasi tirti nu\u017eudym\u0105, jis atskleid\u017eia ry\u0161\u012f tarp \u0161i\u0173 dviej\u0173 \u017eaid\u0117j\u0173 ir prie\u0161 \u0161e\u0161erius metus \u012fvykdyt\u0105 \u017emog\u017eudyst\u0119 prabangiame klube.  Greitai Mironas \u012fklimpsta susid\u016br\u0119s su nes\u0105\u017einingu JAV senatoriumi, pavyd\u017eia motina ir mafija. Jis supranta \u017eaid\u017ei\u0105s labai pavojing\u0105 \u017eaidim\u0105 \u2013 su \u017eudiku ir tiesa.  \u201eEdgar\u201c, \u201eShamus\u201c ir \u201eAnthony\u201c premij\u0173 laim\u0117tojas\u00a0Harlan Coben\u00a0yra dvylikos roman\u0173 autorius. Jo knygos i\u0161verstos \u012f trisde\u0161imt dvi kalbas ir parduodamos visame pasaulyje.","robots":{"index":"index","follow":"follow","max-snippet":"max-snippet:-1","max-image-preview":"max-image-preview:large","max-video-preview":"max-video-preview:-1"},"canonical":"https:\/\/skaitytaknyga.lt\/en\/produktas\/harlan-coben-netiketas-smugis\/","og_locale":"en_GB","og_type":"article","og_title":"[:lt]Netik\u0117tas sm\u016bgis\u201c[:] - Skaitytaknyga","og_description":"Stadione, prie\u0161ais kiosk\u0105, kur Moet \u0161ampano taur\u0117 kainuoja 7,50 dolerio, \u0161altakrauji\u0161kai nu\u0161aunama jauna moteris. Ka\u017ekada ji buvo pasiekusi svaiginan\u010dias teniso auk\u0161tumas. Dabar, JAV atvir\u0173j\u0173 var\u017eyb\u0173 \u012fkar\u0161tyje, laikra\u0161\u010di\u0173 antra\u0161t\u0117s liaupsina kit\u0105 jaun\u0105 \u017eaid\u0117j\u0105 i\u0161 kitos barikad\u0173 pus\u0117s. Kai sporto agentas Mironas Bolitaras imasi tirti nu\u017eudym\u0105, jis atskleid\u017eia ry\u0161\u012f tarp \u0161i\u0173 dviej\u0173 \u017eaid\u0117j\u0173 ir prie\u0161 \u0161e\u0161erius metus \u012fvykdyt\u0105 \u017emog\u017eudyst\u0119 prabangiame klube.  Greitai Mironas \u012fklimpsta susid\u016br\u0119s su nes\u0105\u017einingu JAV senatoriumi, pavyd\u017eia motina ir mafija. Jis supranta \u017eaid\u017ei\u0105s labai pavojing\u0105 \u017eaidim\u0105 \u2013 su \u017eudiku ir tiesa.  \u201eEdgar\u201c, \u201eShamus\u201c ir \u201eAnthony\u201c premij\u0173 laim\u0117tojas\u00a0Harlan Coben\u00a0yra dvylikos roman\u0173 autorius. Jo knygos i\u0161verstos \u012f trisde\u0161imt dvi kalbas ir parduodamos visame pasaulyje.","og_url":"https:\/\/skaitytaknyga.lt\/en\/produktas\/harlan-coben-netiketas-smugis\/","og_site_name":"Skaitytaknyga","article_publisher":"https:\/\/www.facebook.com\/skaitytaknyga\/","article_modified_time":"2026-03-05T08:49:40+00:00","og_image":[{"width":276,"height":430,"url":"https:\/\/skaitytaknyga.lt\/wp-content\/uploads\/2024\/05\/1462876544_netike.jpg","type":"image\/jpeg"}],"twitter_card":"summary_large_image","twitter_misc":{"Estimated reading time":"1 minute"},"schema":{"@context":"https:\/\/schema.org","@graph":[{"@type":"WebPage","@id":"https:\/\/skaitytaknyga.lt\/produktas\/harlan-coben-netiketas-smugis\/","url":"https:\/\/skaitytaknyga.lt\/produktas\/harlan-coben-netiketas-smugis\/","name":"Netik\u0117tas sm\u016bgis\u201c","isPartOf":{"@id":"https:\/\/skaitytaknyga.lt\/#website"},"primaryImageOfPage":{"@id":"https:\/\/skaitytaknyga.lt\/produktas\/harlan-coben-netiketas-smugis\/#primaryimage"},"image":{"@id":"https:\/\/skaitytaknyga.lt\/produktas\/harlan-coben-netiketas-smugis\/#primaryimage"},"thumbnailUrl":"https:\/\/skaitytaknyga.lt\/wp-content\/uploads\/2024\/05\/1462876544_netike.jpg","datePublished":"2024-05-04T19:12:57+00:00","dateModified":"2026-03-05T08:49:40+00:00","description":"Stadione, prie\u0161ais kiosk\u0105, kur Moet \u0161ampano taur\u0117 kainuoja 7,50 dolerio, \u0161altakrauji\u0161kai nu\u0161aunama jauna moteris. Ka\u017ekada ji buvo pasiekusi svaiginan\u010dias teniso auk\u0161tumas. Dabar, JAV atvir\u0173j\u0173 var\u017eyb\u0173 \u012fkar\u0161tyje, laikra\u0161\u010di\u0173 antra\u0161t\u0117s liaupsina kit\u0105 jaun\u0105 \u017eaid\u0117j\u0105 i\u0161 kitos barikad\u0173 pus\u0117s. Kai sporto agentas Mironas Bolitaras imasi tirti nu\u017eudym\u0105, jis atskleid\u017eia ry\u0161\u012f tarp \u0161i\u0173 dviej\u0173 \u017eaid\u0117j\u0173 ir prie\u0161 \u0161e\u0161erius metus \u012fvykdyt\u0105 \u017emog\u017eudyst\u0119 prabangiame klube. Greitai Mironas \u012fklimpsta susid\u016br\u0119s su nes\u0105\u017einingu JAV senatoriumi, pavyd\u017eia motina ir mafija. Jis supranta \u017eaid\u017ei\u0105s labai pavojing\u0105 \u017eaidim\u0105 \u2013 su \u017eudiku ir tiesa. \u201eEdgar\u201c, \u201eShamus\u201c ir \u201eAnthony\u201c premij\u0173 laim\u0117tojas\u00a0Harlan Coben\u00a0yra dvylikos roman\u0173 autorius. Jo knygos i\u0161verstos \u012f trisde\u0161imt dvi kalbas ir parduodamos visame pasaulyje.","breadcrumb":{"@id":"https:\/\/skaitytaknyga.lt\/produktas\/harlan-coben-netiketas-smugis\/#breadcrumb"},"inLanguage":"en-GB","potentialAction":[{"@type":"ReadAction","target":["https:\/\/skaitytaknyga.lt\/produktas\/harlan-coben-netiketas-smugis\/"]}]},{"@type":"ImageObject","inLanguage":"en-GB","@id":"https:\/\/skaitytaknyga.lt\/produktas\/harlan-coben-netiketas-smugis\/#primaryimage","url":"https:\/\/skaitytaknyga.lt\/wp-content\/uploads\/2024\/05\/1462876544_netike.jpg","contentUrl":"https:\/\/skaitytaknyga.lt\/wp-content\/uploads\/2024\/05\/1462876544_netike.jpg","width":276,"height":430},{"@type":"BreadcrumbList","@id":"https:\/\/skaitytaknyga.lt\/produktas\/harlan-coben-netiketas-smugis\/#breadcrumb","itemListElement":[{"@type":"ListItem","position":1,"name":"Home","item":"https:\/\/skaitytaknyga.lt\/"},{"@type":"ListItem","position":2,"name":"Parduotuv\u0117","item":"https:\/\/skaitytaknyga.lt\/knygu-parduotuve\/"},{"@type":"ListItem","position":3,"name":"Netik\u0117tas sm\u016bgis\u201c"}]},{"@type":"WebSite","@id":"https:\/\/skaitytaknyga.lt\/#website","url":"https:\/\/skaitytaknyga.lt\/","name":"skaitytaknyga.lt","description":"Skaitytaknyga.lt \u2013 tai ma\u017eas \u0161eimos verslas, kuris prasid\u0117jo nuo meil\u0117s knygoms ir siekio i\u0161gelb\u0117ti knygas nuo likimo prie konteinerio. Kas vienam nereikalingas daiktas \u2013 kitam lobis, o mes esame tarpininkai, kurie padeda abiems tapti laimingesniems ???? \u017dinome kaip nelengva i\u0161gyventi ma\u017eiems verslams, tad nuo \u0161iol, \u010dia rasite ir kit\u0173, ma\u017e\u0173 \u0161eim\u0173 versl\u0173, rank\u0173 darbo, dovan\u0173 sau ir artimiesiems.","publisher":{"@id":"https:\/\/skaitytaknyga.lt\/#organization"},"potentialAction":[{"@type":"SearchAction","target":{"@type":"EntryPoint","urlTemplate":"https:\/\/skaitytaknyga.lt\/?s={search_term_string}"},"query-input":{"@type":"PropertyValueSpecification","valueRequired":true,"valueName":"search_term_string"}}],"inLanguage":"en-GB"},{"@type":"Organization","@id":"https:\/\/skaitytaknyga.lt\/#organization","name":"skaitytaknyga.lt","url":"https:\/\/skaitytaknyga.lt\/","logo":{"@type":"ImageObject","inLanguage":"en-GB","@id":"https:\/\/skaitytaknyga.lt\/#\/schema\/logo\/image\/","url":"https:\/\/skaitytaknyga.lt\/wp-content\/uploads\/2024\/05\/cropped-cropped-cropped-02_00843_jt3bggkj1j3HLc7SyY6rEUpg.jpeg","contentUrl":"https:\/\/skaitytaknyga.lt\/wp-content\/uploads\/2024\/05\/cropped-cropped-cropped-02_00843_jt3bggkj1j3HLc7SyY6rEUpg.jpeg","width":1600,"height":1600,"caption":"skaitytaknyga.lt"},"image":{"@id":"https:\/\/skaitytaknyga.lt\/#\/schema\/logo\/image\/"},"sameAs":["https:\/\/www.facebook.com\/skaitytaknyga\/"]}]}},"_links":{"self":[{"href":"https:\/\/skaitytaknyga.lt\/en\/wp-json\/wp\/v2\/product\/10742","targetHints":{"allow":["GET"]}}],"collection":[{"href":"https:\/\/skaitytaknyga.lt\/en\/wp-json\/wp\/v2\/product"}],"about":[{"href":"https:\/\/skaitytaknyga.lt\/en\/wp-json\/wp\/v2\/types\/product"}],"replies":[{"embeddable":true,"href":"https:\/\/skaitytaknyga.lt\/en\/wp-json\/wp\/v2\/comments?post=10742"}],"wp:featuredmedia":[{"embeddable":true,"href":"https:\/\/skaitytaknyga.lt\/en\/wp-json\/wp\/v2\/media\/9859"}],"wp:attachment":[{"href":"https:\/\/skaitytaknyga.lt\/en\/wp-json\/wp\/v2\/media?parent=10742"}],"wp:term":[{"taxonomy":"product_brand","embeddable":true,"href":"https:\/\/skaitytaknyga.lt\/en\/wp-json\/wp\/v2\/product_brand?post=10742"},{"taxonomy":"product_cat","embeddable":true,"href":"https:\/\/skaitytaknyga.lt\/en\/wp-json\/wp\/v2\/product_cat?post=10742"},{"taxonomy":"product_tag","embeddable":true,"href":"https:\/\/skaitytaknyga.lt\/en\/wp-json\/wp\/v2\/product_tag?post=10742"}],"curies":[{"name":"wp","href":"https:\/\/api.w.org\/{rel}","templated":true}]}}