{"id":10739,"date":"2024-05-04T19:12:56","date_gmt":"2024-05-04T19:12:56","guid":{"rendered":"https:\/\/skaitytaknyga.lt\/?post_type=product&#038;p=10739"},"modified":"2024-05-04T19:14:52","modified_gmt":"2024-05-04T19:14:52","slug":"erika-umbrasaite-prancuzija-mon-amour","status":"publish","type":"product","link":"https:\/\/skaitytaknyga.lt\/en\/produktas\/erika-umbrasaite-prancuzija-mon-amour\/","title":{"rendered":"Erika Umbrasait\u0117 \u201ePranc\u016bzija Mon amour\u201c"},"content":{"rendered":"<p><strong>Erikos Umbrasait\u0117s<\/strong>\u00a0Pranc\u016bzija \u2013 u\u017eburianti, bet tikra, be ro\u017einio pudros sluoksnio. Tai gerai suplaktas kokteilis, kuriame dera ir snobi\u0161ka pary\u017eieti\u0161ka elegancija su lengvu bohemos ir dekadanso prieskoniu, ir \u016bsuotas kaimietis ant dvira\u010dio su bagete ir berete.<\/p>\n<p>Kuo rizikuojate skaitydami?<\/p>\n<p>\u2022 Imsite galvoti, kad neverta gyventi tausojant jausmus ar skanesn\u012f gyvenimo gurk\u0161n\u012f atid\u0117liojant rytojui.<\/p>\n<p>\u2022 I\u0161moksite m\u0117gautis gyvenimu kaip pranc\u016bzai ir perprasti did\u017ei\u0105j\u0105 j\u0173 gyvenimo d\u017eiaugsmo paslapt\u012f \u2013 art de vivre \u00e0 la fran\u00e7aise.<\/p>\n<p>\u2022 Pagaliau nusiraminsite suprat\u0119, kad \u0161okoladas, ekleras, nauja suknel\u0117, gundantys apatiniai ar jaunas meilu\u017eis \u2013 ne nuod\u0117m\u0117, o tiesiog gyvenimas.<\/p>\n<p>Su\u017einosite, kod\u0117l svarbu ne tik skaityti M. Proust\u0105, bet ir mok\u0117ti atsipjauti s\u016brio.<\/p>\n<p>\u012esisavinsite pranc\u016bz\u0173 meil\u0117s taisykles ir i\u0161girsite, kada nei\u0161tikimyb\u0117 yra atleistina, o kada \u2013 ne.<\/p>\n<p>Perprasite pranc\u016bz\u0173 t\u0117v\u0173 aukl\u0117jimo paslaptis \u2013 kod\u0117l j\u0173 ma\u017ei velniukai greitai virsta puikiai i\u0161aukl\u0117tais angeliukais.<\/p>\n<p>D\u0116MESIO: b\u016bkite pasireng\u0119 daug juoktis! Knyga nerimta, kaip ir patys pranc\u016bzai, sklidina humoro, tikr\u0173 istorij\u0173, paskaninta receptais.<\/p>\n","protected":false},"excerpt":{"rendered":"<p><strong>Erikos Umbrasait\u0117s<\/strong>\u00a0Pranc\u016bzija \u2013 u\u017eburianti, bet tikra, be ro\u017einio pudros sluoksnio. Tai gerai suplaktas kokteilis, kuriame dera ir snobi\u0161ka pary\u017eieti\u0161ka elegancija su lengvu bohemos ir dekadanso prieskoniu, ir \u016bsuotas kaimietis ant dvira\u010dio su bagete ir berete.<\/p>\n<p>Kuo rizikuojate skaitydami?<\/p>\n<p>\u2022 Imsite galvoti, kad neverta gyventi tausojant jausmus ar skanesn\u012f gyvenimo gurk\u0161n\u012f atid\u0117liojant rytojui.<\/p>\n<p>\u2022 I\u0161moksite m\u0117gautis gyvenimu kaip pranc\u016bzai ir perprasti did\u017ei\u0105j\u0105 j\u0173 gyvenimo d\u017eiaugsmo paslapt\u012f \u2013 art de vivre \u00e0 la fran\u00e7aise.<\/p>\n<p>\u2022 Pagaliau nusiraminsite suprat\u0119, kad \u0161okoladas, ekleras, nauja suknel\u0117, gundantys apatiniai ar jaunas meilu\u017eis \u2013 ne nuod\u0117m\u0117, o tiesiog gyvenimas.<\/p>\n<p>Su\u017einosite, kod\u0117l svarbu ne tik skaityti M. Proust\u0105, bet ir mok\u0117ti atsipjauti s\u016brio.<\/p>\n<p>\u012esisavinsite pranc\u016bz\u0173 meil\u0117s taisykles ir i\u0161girsite, kada nei\u0161tikimyb\u0117 yra atleistina, o kada \u2013 ne.<\/p>\n<p>Perprasite pranc\u016bz\u0173 t\u0117v\u0173 aukl\u0117jimo paslaptis \u2013 kod\u0117l j\u0173 ma\u017ei velniukai greitai virsta puikiai i\u0161aukl\u0117tais angeliukais.<\/p>\n<p>D\u0116MESIO: b\u016bkite pasireng\u0119 daug juoktis! Knyga nerimta, kaip ir patys pranc\u016bzai, sklidina humoro, tikr\u0173 istorij\u0173, paskaninta receptais.<\/p>\n","protected":false},"featured_media":10773,"comment_status":"closed","ping_status":"closed","template":"","meta":{"_acf_changed":false,"site-sidebar-layout":"default","site-content-layout":"","ast-site-content-layout":"default","site-content-style":"default","site-sidebar-style":"default","ast-global-header-display":"","ast-banner-title-visibility":"","ast-main-header-display":"","ast-hfb-above-header-display":"","ast-hfb-below-header-display":"","ast-hfb-mobile-header-display":"","site-post-title":"","ast-breadcrumbs-content":"","ast-featured-img":"","footer-sml-layout":"","ast-disable-related-posts":"","theme-transparent-header-meta":"","adv-header-id-meta":"","stick-header-meta":"","header-above-stick-meta":"","header-main-stick-meta":"","header-below-stick-meta":"","astra-migrate-meta-layouts":"default","ast-page-background-enabled":"default","ast-page-background-meta":{"desktop":{"background-color":"","background-image":"","background-repeat":"repeat","background-position":"center center","background-size":"auto","background-attachment":"scroll","background-type":"","background-media":"","overlay-type":"","overlay-color":"","overlay-opacity":"","overlay-gradient":""},"tablet":{"background-color":"","background-image":"","background-repeat":"repeat","background-position":"center center","background-size":"auto","background-attachment":"scroll","background-type":"","background-media":"","overlay-type":"","overlay-color":"","overlay-opacity":"","overlay-gradient":""},"mobile":{"background-color":"","background-image":"","background-repeat":"repeat","background-position":"center center","background-size":"auto","background-attachment":"scroll","background-type":"","background-media":"","overlay-type":"","overlay-color":"","overlay-opacity":"","overlay-gradient":""}},"ast-content-background-meta":{"desktop":{"background-color":"var(--ast-global-color-4)","background-image":"","background-repeat":"repeat","background-position":"center center","background-size":"auto","background-attachment":"scroll","background-type":"","background-media":"","overlay-type":"","overlay-color":"","overlay-opacity":"","overlay-gradient":""},"tablet":{"background-color":"var(--ast-global-color-4)","background-image":"","background-repeat":"repeat","background-position":"center center","background-size":"auto","background-attachment":"scroll","background-type":"","background-media":"","overlay-type":"","overlay-color":"","overlay-opacity":"","overlay-gradient":""},"mobile":{"background-color":"var(--ast-global-color-4)","background-image":"","background-repeat":"repeat","background-position":"center center","background-size":"auto","background-attachment":"scroll","background-type":"","background-media":"","overlay-type":"","overlay-color":"","overlay-opacity":"","overlay-gradient":""}}},"product_brand":[],"product_cat":[31],"product_tag":[],"class_list":{"0":"post-10739","1":"product","2":"type-product","3":"status-publish","4":"has-post-thumbnail","6":"product_cat-grozine-literatura","7":"desktop-align-left","8":"tablet-align-left","9":"mobile-align-left","11":"first","12":"outofstock","13":"shipping-taxable","14":"purchasable","15":"product-type-simple"},"acf":[],"yoast_head":"<!-- This site is optimized with the Yoast SEO plugin v27.4 - https:\/\/yoast.com\/product\/yoast-seo-wordpress\/ -->\n<title>Erika Umbrasait\u0117 \u201ePranc\u016bzija Mon amour\u201c - Skaitytaknyga<\/title>\n<meta name=\"description\" content=\"Erikos Umbrasait\u0117s\u00a0Pranc\u016bzija \u2013 u\u017eburianti, bet tikra, be ro\u017einio pudros sluoksnio. Tai gerai suplaktas kokteilis, kuriame dera ir snobi\u0161ka pary\u017eieti\u0161ka elegancija su lengvu bohemos ir dekadanso prieskoniu, ir \u016bsuotas kaimietis ant dvira\u010dio su bagete ir berete.  Kuo rizikuojate skaitydami?  \u2022 Imsite galvoti, kad neverta gyventi tausojant jausmus ar skanesn\u012f gyvenimo gurk\u0161n\u012f atid\u0117liojant rytojui.  \u2022 I\u0161moksite m\u0117gautis gyvenimu kaip pranc\u016bzai ir perprasti did\u017ei\u0105j\u0105 j\u0173 gyvenimo d\u017eiaugsmo paslapt\u012f \u2013 art de vivre \u00e0 la fran\u00e7aise.  \u2022 Pagaliau nusiraminsite suprat\u0119, kad \u0161okoladas, ekleras, nauja suknel\u0117, gundantys apatiniai ar jaunas meilu\u017eis \u2013 ne nuod\u0117m\u0117, o tiesiog gyvenimas.  Su\u017einosite, kod\u0117l svarbu ne tik skaityti M. Proust\u0105, bet ir mok\u0117ti atsipjauti s\u016brio.  \u012esisavinsite pranc\u016bz\u0173 meil\u0117s taisykles ir i\u0161girsite, kada nei\u0161tikimyb\u0117 yra atleistina, o kada \u2013 ne.  Perprasite pranc\u016bz\u0173 t\u0117v\u0173 aukl\u0117jimo paslaptis \u2013 kod\u0117l j\u0173 ma\u017ei velniukai greitai virsta puikiai i\u0161aukl\u0117tais angeliukais.  D\u0116MESIO: b\u016bkite pasireng\u0119 daug juoktis! Knyga nerimta, kaip ir patys pranc\u016bzai, sklidina humoro, tikr\u0173 istorij\u0173, paskaninta receptais.\" \/>\n<meta name=\"robots\" content=\"index, follow, max-snippet:-1, max-image-preview:large, max-video-preview:-1\" \/>\n<link rel=\"canonical\" href=\"https:\/\/skaitytaknyga.lt\/en\/produktas\/erika-umbrasaite-prancuzija-mon-amour\/\" \/>\n<meta property=\"og:locale\" content=\"en_GB\" \/>\n<meta property=\"og:locale:alternate\" content=\"lt_LT\" \/>\n<meta property=\"og:type\" content=\"article\" \/>\n<meta property=\"og:title\" content=\"Erika Umbrasait\u0117 \u201ePranc\u016bzija Mon amour\u201c - Skaitytaknyga\" \/>\n<meta property=\"og:description\" content=\"Erikos Umbrasait\u0117s\u00a0Pranc\u016bzija \u2013 u\u017eburianti, bet tikra, be ro\u017einio pudros sluoksnio. Tai gerai suplaktas kokteilis, kuriame dera ir snobi\u0161ka pary\u017eieti\u0161ka elegancija su lengvu bohemos ir dekadanso prieskoniu, ir \u016bsuotas kaimietis ant dvira\u010dio su bagete ir berete.  Kuo rizikuojate skaitydami?  \u2022 Imsite galvoti, kad neverta gyventi tausojant jausmus ar skanesn\u012f gyvenimo gurk\u0161n\u012f atid\u0117liojant rytojui.  \u2022 I\u0161moksite m\u0117gautis gyvenimu kaip pranc\u016bzai ir perprasti did\u017ei\u0105j\u0105 j\u0173 gyvenimo d\u017eiaugsmo paslapt\u012f \u2013 art de vivre \u00e0 la fran\u00e7aise.  \u2022 Pagaliau nusiraminsite suprat\u0119, kad \u0161okoladas, ekleras, nauja suknel\u0117, gundantys apatiniai ar jaunas meilu\u017eis \u2013 ne nuod\u0117m\u0117, o tiesiog gyvenimas.  Su\u017einosite, kod\u0117l svarbu ne tik skaityti M. Proust\u0105, bet ir mok\u0117ti atsipjauti s\u016brio.  \u012esisavinsite pranc\u016bz\u0173 meil\u0117s taisykles ir i\u0161girsite, kada nei\u0161tikimyb\u0117 yra atleistina, o kada \u2013 ne.  Perprasite pranc\u016bz\u0173 t\u0117v\u0173 aukl\u0117jimo paslaptis \u2013 kod\u0117l j\u0173 ma\u017ei velniukai greitai virsta puikiai i\u0161aukl\u0117tais angeliukais.  D\u0116MESIO: b\u016bkite pasireng\u0119 daug juoktis! Knyga nerimta, kaip ir patys pranc\u016bzai, sklidina humoro, tikr\u0173 istorij\u0173, paskaninta receptais.\" \/>\n<meta property=\"og:url\" content=\"https:\/\/skaitytaknyga.lt\/en\/produktas\/erika-umbrasaite-prancuzija-mon-amour\/\" \/>\n<meta property=\"og:site_name\" content=\"Skaitytaknyga\" \/>\n<meta property=\"article:publisher\" content=\"https:\/\/www.facebook.com\/skaitytaknyga\/\" \/>\n<meta property=\"article:modified_time\" content=\"2024-05-04T19:14:52+00:00\" \/>\n<meta property=\"og:image\" content=\"https:\/\/skaitytaknyga.lt\/wp-content\/uploads\/2024\/05\/prancuzija-mon-amour.jpg\" \/>\n\t<meta property=\"og:image:width\" content=\"496\" \/>\n\t<meta property=\"og:image:height\" content=\"816\" \/>\n\t<meta property=\"og:image:type\" content=\"image\/jpeg\" \/>\n<meta name=\"twitter:card\" content=\"summary_large_image\" \/>\n<meta name=\"twitter:label1\" content=\"Estimated reading time\" \/>\n\t<meta name=\"twitter:data1\" content=\"1 minute\" \/>\n<script type=\"application\/ld+json\" class=\"yoast-schema-graph\">{\"@context\":\"https:\\\/\\\/schema.org\",\"@graph\":[{\"@type\":\"WebPage\",\"@id\":\"https:\\\/\\\/skaitytaknyga.lt\\\/produktas\\\/erika-umbrasaite-prancuzija-mon-amour\\\/\",\"url\":\"https:\\\/\\\/skaitytaknyga.lt\\\/produktas\\\/erika-umbrasaite-prancuzija-mon-amour\\\/\",\"name\":\"Erika Umbrasait\u0117 \u201ePranc\u016bzija Mon amour\u201c - Skaitytaknyga\",\"isPartOf\":{\"@id\":\"https:\\\/\\\/skaitytaknyga.lt\\\/#website\"},\"primaryImageOfPage\":{\"@id\":\"https:\\\/\\\/skaitytaknyga.lt\\\/produktas\\\/erika-umbrasaite-prancuzija-mon-amour\\\/#primaryimage\"},\"image\":{\"@id\":\"https:\\\/\\\/skaitytaknyga.lt\\\/produktas\\\/erika-umbrasaite-prancuzija-mon-amour\\\/#primaryimage\"},\"thumbnailUrl\":\"https:\\\/\\\/skaitytaknyga.lt\\\/wp-content\\\/uploads\\\/2024\\\/05\\\/prancuzija-mon-amour.jpg\",\"datePublished\":\"2024-05-04T19:12:56+00:00\",\"dateModified\":\"2024-05-04T19:14:52+00:00\",\"description\":\"Erikos Umbrasait\u0117s\u00a0Pranc\u016bzija \u2013 u\u017eburianti, bet tikra, be ro\u017einio pudros sluoksnio. Tai gerai suplaktas kokteilis, kuriame dera ir snobi\u0161ka pary\u017eieti\u0161ka elegancija su lengvu bohemos ir dekadanso prieskoniu, ir \u016bsuotas kaimietis ant dvira\u010dio su bagete ir berete. Kuo rizikuojate skaitydami? \u2022 Imsite galvoti, kad neverta gyventi tausojant jausmus ar skanesn\u012f gyvenimo gurk\u0161n\u012f atid\u0117liojant rytojui. \u2022 I\u0161moksite m\u0117gautis gyvenimu kaip pranc\u016bzai ir perprasti did\u017ei\u0105j\u0105 j\u0173 gyvenimo d\u017eiaugsmo paslapt\u012f \u2013 art de vivre \u00e0 la fran\u00e7aise. \u2022 Pagaliau nusiraminsite suprat\u0119, kad \u0161okoladas, ekleras, nauja suknel\u0117, gundantys apatiniai ar jaunas meilu\u017eis \u2013 ne nuod\u0117m\u0117, o tiesiog gyvenimas. Su\u017einosite, kod\u0117l svarbu ne tik skaityti M. Proust\u0105, bet ir mok\u0117ti atsipjauti s\u016brio. \u012esisavinsite pranc\u016bz\u0173 meil\u0117s taisykles ir i\u0161girsite, kada nei\u0161tikimyb\u0117 yra atleistina, o kada \u2013 ne. Perprasite pranc\u016bz\u0173 t\u0117v\u0173 aukl\u0117jimo paslaptis \u2013 kod\u0117l j\u0173 ma\u017ei velniukai greitai virsta puikiai i\u0161aukl\u0117tais angeliukais. D\u0116MESIO: b\u016bkite pasireng\u0119 daug juoktis! Knyga nerimta, kaip ir patys pranc\u016bzai, sklidina humoro, tikr\u0173 istorij\u0173, paskaninta receptais.\",\"breadcrumb\":{\"@id\":\"https:\\\/\\\/skaitytaknyga.lt\\\/produktas\\\/erika-umbrasaite-prancuzija-mon-amour\\\/#breadcrumb\"},\"inLanguage\":\"en-GB\",\"potentialAction\":[{\"@type\":\"ReadAction\",\"target\":[\"https:\\\/\\\/skaitytaknyga.lt\\\/produktas\\\/erika-umbrasaite-prancuzija-mon-amour\\\/\"]}]},{\"@type\":\"ImageObject\",\"inLanguage\":\"en-GB\",\"@id\":\"https:\\\/\\\/skaitytaknyga.lt\\\/produktas\\\/erika-umbrasaite-prancuzija-mon-amour\\\/#primaryimage\",\"url\":\"https:\\\/\\\/skaitytaknyga.lt\\\/wp-content\\\/uploads\\\/2024\\\/05\\\/prancuzija-mon-amour.jpg\",\"contentUrl\":\"https:\\\/\\\/skaitytaknyga.lt\\\/wp-content\\\/uploads\\\/2024\\\/05\\\/prancuzija-mon-amour.jpg\",\"width\":496,\"height\":816},{\"@type\":\"BreadcrumbList\",\"@id\":\"https:\\\/\\\/skaitytaknyga.lt\\\/produktas\\\/erika-umbrasaite-prancuzija-mon-amour\\\/#breadcrumb\",\"itemListElement\":[{\"@type\":\"ListItem\",\"position\":1,\"name\":\"Home\",\"item\":\"https:\\\/\\\/skaitytaknyga.lt\\\/\"},{\"@type\":\"ListItem\",\"position\":2,\"name\":\"Parduotuv\u0117\",\"item\":\"https:\\\/\\\/skaitytaknyga.lt\\\/knygu-parduotuve\\\/\"},{\"@type\":\"ListItem\",\"position\":3,\"name\":\"Erika Umbrasait\u0117 \u201ePranc\u016bzija Mon amour\u201c\"}]},{\"@type\":\"WebSite\",\"@id\":\"https:\\\/\\\/skaitytaknyga.lt\\\/#website\",\"url\":\"https:\\\/\\\/skaitytaknyga.lt\\\/\",\"name\":\"skaitytaknyga.lt\",\"description\":\"Skaitytaknyga.lt \u2013 tai ma\u017eas \u0161eimos verslas, kuris prasid\u0117jo nuo meil\u0117s knygoms ir siekio i\u0161gelb\u0117ti knygas nuo likimo prie konteinerio. Kas vienam nereikalingas daiktas \u2013 kitam lobis, o mes esame tarpininkai, kurie padeda abiems tapti laimingesniems ???? \u017dinome kaip nelengva i\u0161gyventi ma\u017eiems verslams, tad nuo \u0161iol, \u010dia rasite ir kit\u0173, ma\u017e\u0173 \u0161eim\u0173 versl\u0173, rank\u0173 darbo, dovan\u0173 sau ir artimiesiems.\",\"publisher\":{\"@id\":\"https:\\\/\\\/skaitytaknyga.lt\\\/#organization\"},\"potentialAction\":[{\"@type\":\"SearchAction\",\"target\":{\"@type\":\"EntryPoint\",\"urlTemplate\":\"https:\\\/\\\/skaitytaknyga.lt\\\/?s={search_term_string}\"},\"query-input\":{\"@type\":\"PropertyValueSpecification\",\"valueRequired\":true,\"valueName\":\"search_term_string\"}}],\"inLanguage\":\"en-GB\"},{\"@type\":\"Organization\",\"@id\":\"https:\\\/\\\/skaitytaknyga.lt\\\/#organization\",\"name\":\"skaitytaknyga.lt\",\"url\":\"https:\\\/\\\/skaitytaknyga.lt\\\/\",\"logo\":{\"@type\":\"ImageObject\",\"inLanguage\":\"en-GB\",\"@id\":\"https:\\\/\\\/skaitytaknyga.lt\\\/#\\\/schema\\\/logo\\\/image\\\/\",\"url\":\"https:\\\/\\\/skaitytaknyga.lt\\\/wp-content\\\/uploads\\\/2024\\\/05\\\/cropped-cropped-cropped-02_00843_jt3bggkj1j3HLc7SyY6rEUpg.jpeg\",\"contentUrl\":\"https:\\\/\\\/skaitytaknyga.lt\\\/wp-content\\\/uploads\\\/2024\\\/05\\\/cropped-cropped-cropped-02_00843_jt3bggkj1j3HLc7SyY6rEUpg.jpeg\",\"width\":1600,\"height\":1600,\"caption\":\"skaitytaknyga.lt\"},\"image\":{\"@id\":\"https:\\\/\\\/skaitytaknyga.lt\\\/#\\\/schema\\\/logo\\\/image\\\/\"},\"sameAs\":[\"https:\\\/\\\/www.facebook.com\\\/skaitytaknyga\\\/\"]}]}<\/script>\n<!-- \/ Yoast SEO plugin. -->","yoast_head_json":{"title":"Erika Umbrasait\u0117 \u201ePranc\u016bzija Mon amour\u201c - Skaitytaknyga","description":"Erikos Umbrasait\u0117s\u00a0Pranc\u016bzija \u2013 u\u017eburianti, bet tikra, be ro\u017einio pudros sluoksnio. Tai gerai suplaktas kokteilis, kuriame dera ir snobi\u0161ka pary\u017eieti\u0161ka elegancija su lengvu bohemos ir dekadanso prieskoniu, ir \u016bsuotas kaimietis ant dvira\u010dio su bagete ir berete.  Kuo rizikuojate skaitydami?  \u2022 Imsite galvoti, kad neverta gyventi tausojant jausmus ar skanesn\u012f gyvenimo gurk\u0161n\u012f atid\u0117liojant rytojui.  \u2022 I\u0161moksite m\u0117gautis gyvenimu kaip pranc\u016bzai ir perprasti did\u017ei\u0105j\u0105 j\u0173 gyvenimo d\u017eiaugsmo paslapt\u012f \u2013 art de vivre \u00e0 la fran\u00e7aise.  \u2022 Pagaliau nusiraminsite suprat\u0119, kad \u0161okoladas, ekleras, nauja suknel\u0117, gundantys apatiniai ar jaunas meilu\u017eis \u2013 ne nuod\u0117m\u0117, o tiesiog gyvenimas.  Su\u017einosite, kod\u0117l svarbu ne tik skaityti M. Proust\u0105, bet ir mok\u0117ti atsipjauti s\u016brio.  \u012esisavinsite pranc\u016bz\u0173 meil\u0117s taisykles ir i\u0161girsite, kada nei\u0161tikimyb\u0117 yra atleistina, o kada \u2013 ne.  Perprasite pranc\u016bz\u0173 t\u0117v\u0173 aukl\u0117jimo paslaptis \u2013 kod\u0117l j\u0173 ma\u017ei velniukai greitai virsta puikiai i\u0161aukl\u0117tais angeliukais.  D\u0116MESIO: b\u016bkite pasireng\u0119 daug juoktis! Knyga nerimta, kaip ir patys pranc\u016bzai, sklidina humoro, tikr\u0173 istorij\u0173, paskaninta receptais.","robots":{"index":"index","follow":"follow","max-snippet":"max-snippet:-1","max-image-preview":"max-image-preview:large","max-video-preview":"max-video-preview:-1"},"canonical":"https:\/\/skaitytaknyga.lt\/en\/produktas\/erika-umbrasaite-prancuzija-mon-amour\/","og_locale":"en_GB","og_type":"article","og_title":"Erika Umbrasait\u0117 \u201ePranc\u016bzija Mon amour\u201c - Skaitytaknyga","og_description":"Erikos Umbrasait\u0117s\u00a0Pranc\u016bzija \u2013 u\u017eburianti, bet tikra, be ro\u017einio pudros sluoksnio. Tai gerai suplaktas kokteilis, kuriame dera ir snobi\u0161ka pary\u017eieti\u0161ka elegancija su lengvu bohemos ir dekadanso prieskoniu, ir \u016bsuotas kaimietis ant dvira\u010dio su bagete ir berete.  Kuo rizikuojate skaitydami?  \u2022 Imsite galvoti, kad neverta gyventi tausojant jausmus ar skanesn\u012f gyvenimo gurk\u0161n\u012f atid\u0117liojant rytojui.  \u2022 I\u0161moksite m\u0117gautis gyvenimu kaip pranc\u016bzai ir perprasti did\u017ei\u0105j\u0105 j\u0173 gyvenimo d\u017eiaugsmo paslapt\u012f \u2013 art de vivre \u00e0 la fran\u00e7aise.  \u2022 Pagaliau nusiraminsite suprat\u0119, kad \u0161okoladas, ekleras, nauja suknel\u0117, gundantys apatiniai ar jaunas meilu\u017eis \u2013 ne nuod\u0117m\u0117, o tiesiog gyvenimas.  Su\u017einosite, kod\u0117l svarbu ne tik skaityti M. Proust\u0105, bet ir mok\u0117ti atsipjauti s\u016brio.  \u012esisavinsite pranc\u016bz\u0173 meil\u0117s taisykles ir i\u0161girsite, kada nei\u0161tikimyb\u0117 yra atleistina, o kada \u2013 ne.  Perprasite pranc\u016bz\u0173 t\u0117v\u0173 aukl\u0117jimo paslaptis \u2013 kod\u0117l j\u0173 ma\u017ei velniukai greitai virsta puikiai i\u0161aukl\u0117tais angeliukais.  D\u0116MESIO: b\u016bkite pasireng\u0119 daug juoktis! Knyga nerimta, kaip ir patys pranc\u016bzai, sklidina humoro, tikr\u0173 istorij\u0173, paskaninta receptais.","og_url":"https:\/\/skaitytaknyga.lt\/en\/produktas\/erika-umbrasaite-prancuzija-mon-amour\/","og_site_name":"Skaitytaknyga","article_publisher":"https:\/\/www.facebook.com\/skaitytaknyga\/","article_modified_time":"2024-05-04T19:14:52+00:00","og_image":[{"width":496,"height":816,"url":"https:\/\/skaitytaknyga.lt\/wp-content\/uploads\/2024\/05\/prancuzija-mon-amour.jpg","type":"image\/jpeg"}],"twitter_card":"summary_large_image","twitter_misc":{"Estimated reading time":"1 minute"},"schema":{"@context":"https:\/\/schema.org","@graph":[{"@type":"WebPage","@id":"https:\/\/skaitytaknyga.lt\/produktas\/erika-umbrasaite-prancuzija-mon-amour\/","url":"https:\/\/skaitytaknyga.lt\/produktas\/erika-umbrasaite-prancuzija-mon-amour\/","name":"Erika Umbrasait\u0117 \u201ePranc\u016bzija Mon amour\u201c - Skaitytaknyga","isPartOf":{"@id":"https:\/\/skaitytaknyga.lt\/#website"},"primaryImageOfPage":{"@id":"https:\/\/skaitytaknyga.lt\/produktas\/erika-umbrasaite-prancuzija-mon-amour\/#primaryimage"},"image":{"@id":"https:\/\/skaitytaknyga.lt\/produktas\/erika-umbrasaite-prancuzija-mon-amour\/#primaryimage"},"thumbnailUrl":"https:\/\/skaitytaknyga.lt\/wp-content\/uploads\/2024\/05\/prancuzija-mon-amour.jpg","datePublished":"2024-05-04T19:12:56+00:00","dateModified":"2024-05-04T19:14:52+00:00","description":"Erikos Umbrasait\u0117s\u00a0Pranc\u016bzija \u2013 u\u017eburianti, bet tikra, be ro\u017einio pudros sluoksnio. Tai gerai suplaktas kokteilis, kuriame dera ir snobi\u0161ka pary\u017eieti\u0161ka elegancija su lengvu bohemos ir dekadanso prieskoniu, ir \u016bsuotas kaimietis ant dvira\u010dio su bagete ir berete. Kuo rizikuojate skaitydami? \u2022 Imsite galvoti, kad neverta gyventi tausojant jausmus ar skanesn\u012f gyvenimo gurk\u0161n\u012f atid\u0117liojant rytojui. \u2022 I\u0161moksite m\u0117gautis gyvenimu kaip pranc\u016bzai ir perprasti did\u017ei\u0105j\u0105 j\u0173 gyvenimo d\u017eiaugsmo paslapt\u012f \u2013 art de vivre \u00e0 la fran\u00e7aise. \u2022 Pagaliau nusiraminsite suprat\u0119, kad \u0161okoladas, ekleras, nauja suknel\u0117, gundantys apatiniai ar jaunas meilu\u017eis \u2013 ne nuod\u0117m\u0117, o tiesiog gyvenimas. Su\u017einosite, kod\u0117l svarbu ne tik skaityti M. Proust\u0105, bet ir mok\u0117ti atsipjauti s\u016brio. \u012esisavinsite pranc\u016bz\u0173 meil\u0117s taisykles ir i\u0161girsite, kada nei\u0161tikimyb\u0117 yra atleistina, o kada \u2013 ne. Perprasite pranc\u016bz\u0173 t\u0117v\u0173 aukl\u0117jimo paslaptis \u2013 kod\u0117l j\u0173 ma\u017ei velniukai greitai virsta puikiai i\u0161aukl\u0117tais angeliukais. D\u0116MESIO: b\u016bkite pasireng\u0119 daug juoktis! Knyga nerimta, kaip ir patys pranc\u016bzai, sklidina humoro, tikr\u0173 istorij\u0173, paskaninta receptais.","breadcrumb":{"@id":"https:\/\/skaitytaknyga.lt\/produktas\/erika-umbrasaite-prancuzija-mon-amour\/#breadcrumb"},"inLanguage":"en-GB","potentialAction":[{"@type":"ReadAction","target":["https:\/\/skaitytaknyga.lt\/produktas\/erika-umbrasaite-prancuzija-mon-amour\/"]}]},{"@type":"ImageObject","inLanguage":"en-GB","@id":"https:\/\/skaitytaknyga.lt\/produktas\/erika-umbrasaite-prancuzija-mon-amour\/#primaryimage","url":"https:\/\/skaitytaknyga.lt\/wp-content\/uploads\/2024\/05\/prancuzija-mon-amour.jpg","contentUrl":"https:\/\/skaitytaknyga.lt\/wp-content\/uploads\/2024\/05\/prancuzija-mon-amour.jpg","width":496,"height":816},{"@type":"BreadcrumbList","@id":"https:\/\/skaitytaknyga.lt\/produktas\/erika-umbrasaite-prancuzija-mon-amour\/#breadcrumb","itemListElement":[{"@type":"ListItem","position":1,"name":"Home","item":"https:\/\/skaitytaknyga.lt\/"},{"@type":"ListItem","position":2,"name":"Parduotuv\u0117","item":"https:\/\/skaitytaknyga.lt\/knygu-parduotuve\/"},{"@type":"ListItem","position":3,"name":"Erika Umbrasait\u0117 \u201ePranc\u016bzija Mon amour\u201c"}]},{"@type":"WebSite","@id":"https:\/\/skaitytaknyga.lt\/#website","url":"https:\/\/skaitytaknyga.lt\/","name":"skaitytaknyga.lt","description":"Skaitytaknyga.lt \u2013 tai ma\u017eas \u0161eimos verslas, kuris prasid\u0117jo nuo meil\u0117s knygoms ir siekio i\u0161gelb\u0117ti knygas nuo likimo prie konteinerio. Kas vienam nereikalingas daiktas \u2013 kitam lobis, o mes esame tarpininkai, kurie padeda abiems tapti laimingesniems ???? \u017dinome kaip nelengva i\u0161gyventi ma\u017eiems verslams, tad nuo \u0161iol, \u010dia rasite ir kit\u0173, ma\u017e\u0173 \u0161eim\u0173 versl\u0173, rank\u0173 darbo, dovan\u0173 sau ir artimiesiems.","publisher":{"@id":"https:\/\/skaitytaknyga.lt\/#organization"},"potentialAction":[{"@type":"SearchAction","target":{"@type":"EntryPoint","urlTemplate":"https:\/\/skaitytaknyga.lt\/?s={search_term_string}"},"query-input":{"@type":"PropertyValueSpecification","valueRequired":true,"valueName":"search_term_string"}}],"inLanguage":"en-GB"},{"@type":"Organization","@id":"https:\/\/skaitytaknyga.lt\/#organization","name":"skaitytaknyga.lt","url":"https:\/\/skaitytaknyga.lt\/","logo":{"@type":"ImageObject","inLanguage":"en-GB","@id":"https:\/\/skaitytaknyga.lt\/#\/schema\/logo\/image\/","url":"https:\/\/skaitytaknyga.lt\/wp-content\/uploads\/2024\/05\/cropped-cropped-cropped-02_00843_jt3bggkj1j3HLc7SyY6rEUpg.jpeg","contentUrl":"https:\/\/skaitytaknyga.lt\/wp-content\/uploads\/2024\/05\/cropped-cropped-cropped-02_00843_jt3bggkj1j3HLc7SyY6rEUpg.jpeg","width":1600,"height":1600,"caption":"skaitytaknyga.lt"},"image":{"@id":"https:\/\/skaitytaknyga.lt\/#\/schema\/logo\/image\/"},"sameAs":["https:\/\/www.facebook.com\/skaitytaknyga\/"]}]}},"_links":{"self":[{"href":"https:\/\/skaitytaknyga.lt\/en\/wp-json\/wp\/v2\/product\/10739","targetHints":{"allow":["GET"]}}],"collection":[{"href":"https:\/\/skaitytaknyga.lt\/en\/wp-json\/wp\/v2\/product"}],"about":[{"href":"https:\/\/skaitytaknyga.lt\/en\/wp-json\/wp\/v2\/types\/product"}],"replies":[{"embeddable":true,"href":"https:\/\/skaitytaknyga.lt\/en\/wp-json\/wp\/v2\/comments?post=10739"}],"wp:featuredmedia":[{"embeddable":true,"href":"https:\/\/skaitytaknyga.lt\/en\/wp-json\/wp\/v2\/media\/10773"}],"wp:attachment":[{"href":"https:\/\/skaitytaknyga.lt\/en\/wp-json\/wp\/v2\/media?parent=10739"}],"wp:term":[{"taxonomy":"product_brand","embeddable":true,"href":"https:\/\/skaitytaknyga.lt\/en\/wp-json\/wp\/v2\/product_brand?post=10739"},{"taxonomy":"product_cat","embeddable":true,"href":"https:\/\/skaitytaknyga.lt\/en\/wp-json\/wp\/v2\/product_cat?post=10739"},{"taxonomy":"product_tag","embeddable":true,"href":"https:\/\/skaitytaknyga.lt\/en\/wp-json\/wp\/v2\/product_tag?post=10739"}],"curies":[{"name":"wp","href":"https:\/\/api.w.org\/{rel}","templated":true}]}}