{"id":10737,"date":"2024-05-04T19:12:56","date_gmt":"2024-05-04T19:12:56","guid":{"rendered":"https:\/\/skaitytaknyga.lt\/?post_type=product&#038;p=10737"},"modified":"2025-10-07T11:42:39","modified_gmt":"2025-10-07T08:42:39","slug":"michelle-moran-nefertite","status":"publish","type":"product","link":"https:\/\/skaitytaknyga.lt\/en\/produktas\/michelle-moran-nefertite\/","title":{"rendered":"Nefertit\u0117"},"content":{"rendered":"<p>\u201eNefertit\u0117\u201c \u2013 istoriniais faktais paremtas romanas apie garsi\u0105j\u0105 Senov\u0117s Egipto valdov\u0119, gro\u017eiu, protu ir valios j\u0117ga \u017eav\u0117jusi\u0105 ne tik am\u017eininkus; garsusis jos skulpt\u016brinis portretas ir \u0161iandien laikomas vienu i\u0161 did\u017eiausi\u0173 vis\u0173 laik\u0173 meno k\u016brini\u0173. Knygoje vaizduojama Nefertit\u0117 \u2013 \u017emogi\u0161ka, gyva, mylinti ir neken\u010dianti. Trok\u0161tanti vald\u017eios ir atsiduodanti aistroms. Besipuikuojanti savo neprilygstamu gro\u017eiu.<\/p>\n<p>Senasis Egiptas \u017eai\u017earuoja visomis spalvomis \u2013 prabanga, didingi faraon\u0173 u\u017emojai, intrigos mil\u017eini\u0161k\u0173 kolon\u0173 \u0161e\u0161\u0117lyje priver\u010dia i\u0161gyventi trumpo valdov\u0117s gyvenimo saul\u0117tek\u012f ir saul\u0117lyd\u012f, regim\u0105 jaunesniosios Nefertit\u0117s sesers Mutnod\u017emet\u0117s akimis. Dvi dukterys, dvi seserys, du likimai&#8230;<\/p>\n<p>Romano veiksmas prasideda 1352 m. pr. Kr. Did\u017eiaisiais Egipto faraonais jau buvo Cheopsas, Chefrenas ir Ha\u010depsuta, o Ramzis ir Kleopatra dar prie\u0161aky. Nefertitei \u2013 penkiolika met\u0173, jos seseriai \u2013 trylika, ir atrodo, kad joms prie koj\u0173 visas Egiptas&#8230;<\/p>\n","protected":false},"excerpt":{"rendered":"<p>\u201eNefertit\u0117\u201c \u2013 istoriniais faktais paremtas romanas apie garsi\u0105j\u0105 Senov\u0117s Egipto valdov\u0119, gro\u017eiu, protu ir valios j\u0117ga \u017eav\u0117jusi\u0105 ne tik am\u017eininkus; garsusis jos skulpt\u016brinis portretas ir \u0161iandien laikomas vienu i\u0161 did\u017eiausi\u0173 vis\u0173 laik\u0173 meno k\u016brini\u0173. Knygoje vaizduojama Nefertit\u0117 \u2013 \u017emogi\u0161ka, gyva, mylinti ir neken\u010dianti. Trok\u0161tanti vald\u017eios ir atsiduodanti aistroms. Besipuikuojanti savo neprilygstamu gro\u017eiu.<\/p>\n<p>Senasis Egiptas \u017eai\u017earuoja visomis spalvomis \u2013 prabanga, didingi faraon\u0173 u\u017emojai, intrigos mil\u017eini\u0161k\u0173 kolon\u0173 \u0161e\u0161\u0117lyje priver\u010dia i\u0161gyventi trumpo valdov\u0117s gyvenimo saul\u0117tek\u012f ir saul\u0117lyd\u012f, regim\u0105 jaunesniosios Nefertit\u0117s sesers Mutnod\u017emet\u0117s akimis. Dvi dukterys, dvi seserys, du likimai&#8230;<\/p>\n<p>Romano veiksmas prasideda 1352 m. pr. Kr. Did\u017eiaisiais Egipto faraonais jau buvo Cheopsas, Chefrenas ir Ha\u010depsuta, o Ramzis ir Kleopatra dar prie\u0161aky. Nefertitei \u2013 penkiolika met\u0173, jos seseriai \u2013 trylika, ir atrodo, kad joms prie koj\u0173 visas Egiptas&#8230;<\/p>\n","protected":false},"featured_media":21367,"comment_status":"closed","ping_status":"closed","template":"","meta":{"_acf_changed":false,"site-sidebar-layout":"default","site-content-layout":"","ast-site-content-layout":"default","site-content-style":"default","site-sidebar-style":"default","ast-global-header-display":"","ast-banner-title-visibility":"","ast-main-header-display":"","ast-hfb-above-header-display":"","ast-hfb-below-header-display":"","ast-hfb-mobile-header-display":"","site-post-title":"","ast-breadcrumbs-content":"","ast-featured-img":"","footer-sml-layout":"","ast-disable-related-posts":"","theme-transparent-header-meta":"","adv-header-id-meta":"","stick-header-meta":"","header-above-stick-meta":"","header-main-stick-meta":"","header-below-stick-meta":"","astra-migrate-meta-layouts":"default","ast-page-background-enabled":"default","ast-page-background-meta":{"desktop":{"background-color":"","background-image":"","background-repeat":"repeat","background-position":"center center","background-size":"auto","background-attachment":"scroll","background-type":"","background-media":"","overlay-type":"","overlay-color":"","overlay-opacity":"","overlay-gradient":""},"tablet":{"background-color":"","background-image":"","background-repeat":"repeat","background-position":"center center","background-size":"auto","background-attachment":"scroll","background-type":"","background-media":"","overlay-type":"","overlay-color":"","overlay-opacity":"","overlay-gradient":""},"mobile":{"background-color":"","background-image":"","background-repeat":"repeat","background-position":"center center","background-size":"auto","background-attachment":"scroll","background-type":"","background-media":"","overlay-type":"","overlay-color":"","overlay-opacity":"","overlay-gradient":""}},"ast-content-background-meta":{"desktop":{"background-color":"var(--ast-global-color-4)","background-image":"","background-repeat":"repeat","background-position":"center center","background-size":"auto","background-attachment":"scroll","background-type":"","background-media":"","overlay-type":"","overlay-color":"","overlay-opacity":"","overlay-gradient":""},"tablet":{"background-color":"var(--ast-global-color-4)","background-image":"","background-repeat":"repeat","background-position":"center center","background-size":"auto","background-attachment":"scroll","background-type":"","background-media":"","overlay-type":"","overlay-color":"","overlay-opacity":"","overlay-gradient":""},"mobile":{"background-color":"var(--ast-global-color-4)","background-image":"","background-repeat":"repeat","background-position":"center center","background-size":"auto","background-attachment":"scroll","background-type":"","background-media":"","overlay-type":"","overlay-color":"","overlay-opacity":"","overlay-gradient":""}}},"product_brand":[],"product_cat":[31],"product_tag":[],"class_list":{"0":"post-10737","1":"product","2":"type-product","3":"status-publish","4":"has-post-thumbnail","6":"product_cat-grozine-literatura","7":"desktop-align-left","8":"tablet-align-left","9":"mobile-align-left","11":"first","12":"instock","13":"shipping-taxable","14":"purchasable","15":"product-type-simple"},"acf":[],"yoast_head":"<!-- This site is optimized with the Yoast SEO plugin v27.4 - https:\/\/yoast.com\/product\/yoast-seo-wordpress\/ -->\n<title>Nefertit\u0117<\/title>\n<meta name=\"description\" content=\"\u201eNefertit\u0117\u201c \u2013 istoriniais faktais paremtas romanas apie garsi\u0105j\u0105 Senov\u0117s Egipto valdov\u0119, gro\u017eiu, protu ir valios j\u0117ga \u017eav\u0117jusi\u0105 ne tik am\u017eininkus; garsusis jos skulpt\u016brinis portretas ir \u0161iandien laikomas vienu i\u0161 did\u017eiausi\u0173 vis\u0173 laik\u0173 meno k\u016brini\u0173. Knygoje vaizduojama Nefertit\u0117 \u2013 \u017emogi\u0161ka, gyva, mylinti ir neken\u010dianti. Trok\u0161tanti vald\u017eios ir atsiduodanti aistroms. Besipuikuojanti savo neprilygstamu gro\u017eiu.  Senasis Egiptas \u017eai\u017earuoja visomis spalvomis \u2013 prabanga, didingi faraon\u0173 u\u017emojai, intrigos mil\u017eini\u0161k\u0173 kolon\u0173 \u0161e\u0161\u0117lyje priver\u010dia i\u0161gyventi trumpo valdov\u0117s gyvenimo saul\u0117tek\u012f ir saul\u0117lyd\u012f, regim\u0105 jaunesniosios Nefertit\u0117s sesers Mutnod\u017emet\u0117s akimis. Dvi dukterys, dvi seserys, du likimai...  Romano veiksmas prasideda 1352 m. pr. Kr. Did\u017eiaisiais Egipto faraonais jau buvo Cheopsas, Chefrenas ir Ha\u010depsuta, o Ramzis ir Kleopatra dar prie\u0161aky. Nefertitei \u2013 penkiolika met\u0173, jos seseriai \u2013 trylika, ir atrodo, kad joms prie koj\u0173 visas Egiptas...\" \/>\n<meta name=\"robots\" content=\"index, follow, max-snippet:-1, max-image-preview:large, max-video-preview:-1\" \/>\n<link rel=\"canonical\" href=\"https:\/\/skaitytaknyga.lt\/en\/produktas\/michelle-moran-nefertite\/\" \/>\n<meta property=\"og:locale\" content=\"en_GB\" \/>\n<meta property=\"og:locale:alternate\" content=\"lt_LT\" \/>\n<meta property=\"og:type\" content=\"article\" \/>\n<meta property=\"og:title\" content=\"Nefertit\u0117\" \/>\n<meta property=\"og:description\" content=\"\u201eNefertit\u0117\u201c \u2013 istoriniais faktais paremtas romanas apie garsi\u0105j\u0105 Senov\u0117s Egipto valdov\u0119, gro\u017eiu, protu ir valios j\u0117ga \u017eav\u0117jusi\u0105 ne tik am\u017eininkus; garsusis jos skulpt\u016brinis portretas ir \u0161iandien laikomas vienu i\u0161 did\u017eiausi\u0173 vis\u0173 laik\u0173 meno k\u016brini\u0173. Knygoje vaizduojama Nefertit\u0117 \u2013 \u017emogi\u0161ka, gyva, mylinti ir neken\u010dianti. Trok\u0161tanti vald\u017eios ir atsiduodanti aistroms. Besipuikuojanti savo neprilygstamu gro\u017eiu.  Senasis Egiptas \u017eai\u017earuoja visomis spalvomis \u2013 prabanga, didingi faraon\u0173 u\u017emojai, intrigos mil\u017eini\u0161k\u0173 kolon\u0173 \u0161e\u0161\u0117lyje priver\u010dia i\u0161gyventi trumpo valdov\u0117s gyvenimo saul\u0117tek\u012f ir saul\u0117lyd\u012f, regim\u0105 jaunesniosios Nefertit\u0117s sesers Mutnod\u017emet\u0117s akimis. Dvi dukterys, dvi seserys, du likimai...  Romano veiksmas prasideda 1352 m. pr. Kr. Did\u017eiaisiais Egipto faraonais jau buvo Cheopsas, Chefrenas ir Ha\u010depsuta, o Ramzis ir Kleopatra dar prie\u0161aky. Nefertitei \u2013 penkiolika met\u0173, jos seseriai \u2013 trylika, ir atrodo, kad joms prie koj\u0173 visas Egiptas...\" \/>\n<meta property=\"og:url\" content=\"https:\/\/skaitytaknyga.lt\/en\/produktas\/michelle-moran-nefertite\/\" \/>\n<meta property=\"og:site_name\" content=\"Skaitytaknyga\" \/>\n<meta property=\"article:publisher\" content=\"https:\/\/www.facebook.com\/skaitytaknyga\/\" \/>\n<meta property=\"article:modified_time\" content=\"2025-10-07T08:42:39+00:00\" \/>\n<meta property=\"og:image\" content=\"https:\/\/skaitytaknyga.lt\/wp-content\/uploads\/2024\/05\/57577013_1208750825966775_9127905604038295552_n.jpg\" \/>\n\t<meta property=\"og:image:width\" content=\"526\" \/>\n\t<meta property=\"og:image:height\" content=\"701\" \/>\n\t<meta property=\"og:image:type\" content=\"image\/jpeg\" \/>\n<meta name=\"twitter:card\" content=\"summary_large_image\" \/>\n<meta name=\"twitter:label1\" content=\"Estimated reading time\" \/>\n\t<meta name=\"twitter:data1\" content=\"1 minute\" \/>\n<script type=\"application\/ld+json\" class=\"yoast-schema-graph\">{\"@context\":\"https:\\\/\\\/schema.org\",\"@graph\":[{\"@type\":\"WebPage\",\"@id\":\"https:\\\/\\\/skaitytaknyga.lt\\\/produktas\\\/michelle-moran-nefertite\\\/\",\"url\":\"https:\\\/\\\/skaitytaknyga.lt\\\/produktas\\\/michelle-moran-nefertite\\\/\",\"name\":\"Nefertit\u0117\",\"isPartOf\":{\"@id\":\"https:\\\/\\\/skaitytaknyga.lt\\\/#website\"},\"primaryImageOfPage\":{\"@id\":\"https:\\\/\\\/skaitytaknyga.lt\\\/produktas\\\/michelle-moran-nefertite\\\/#primaryimage\"},\"image\":{\"@id\":\"https:\\\/\\\/skaitytaknyga.lt\\\/produktas\\\/michelle-moran-nefertite\\\/#primaryimage\"},\"thumbnailUrl\":\"https:\\\/\\\/skaitytaknyga.lt\\\/wp-content\\\/uploads\\\/2025\\\/10\\\/Nefertite-1.webp\",\"datePublished\":\"2024-05-04T19:12:56+00:00\",\"dateModified\":\"2025-10-07T08:42:39+00:00\",\"description\":\"\u201eNefertit\u0117\u201c \u2013 istoriniais faktais paremtas romanas apie garsi\u0105j\u0105 Senov\u0117s Egipto valdov\u0119, gro\u017eiu, protu ir valios j\u0117ga \u017eav\u0117jusi\u0105 ne tik am\u017eininkus; garsusis jos skulpt\u016brinis portretas ir \u0161iandien laikomas vienu i\u0161 did\u017eiausi\u0173 vis\u0173 laik\u0173 meno k\u016brini\u0173. Knygoje vaizduojama Nefertit\u0117 \u2013 \u017emogi\u0161ka, gyva, mylinti ir neken\u010dianti. Trok\u0161tanti vald\u017eios ir atsiduodanti aistroms. Besipuikuojanti savo neprilygstamu gro\u017eiu. Senasis Egiptas \u017eai\u017earuoja visomis spalvomis \u2013 prabanga, didingi faraon\u0173 u\u017emojai, intrigos mil\u017eini\u0161k\u0173 kolon\u0173 \u0161e\u0161\u0117lyje priver\u010dia i\u0161gyventi trumpo valdov\u0117s gyvenimo saul\u0117tek\u012f ir saul\u0117lyd\u012f, regim\u0105 jaunesniosios Nefertit\u0117s sesers Mutnod\u017emet\u0117s akimis. Dvi dukterys, dvi seserys, du likimai... Romano veiksmas prasideda 1352 m. pr. Kr. Did\u017eiaisiais Egipto faraonais jau buvo Cheopsas, Chefrenas ir Ha\u010depsuta, o Ramzis ir Kleopatra dar prie\u0161aky. Nefertitei \u2013 penkiolika met\u0173, jos seseriai \u2013 trylika, ir atrodo, kad joms prie koj\u0173 visas Egiptas...\",\"breadcrumb\":{\"@id\":\"https:\\\/\\\/skaitytaknyga.lt\\\/produktas\\\/michelle-moran-nefertite\\\/#breadcrumb\"},\"inLanguage\":\"en-GB\",\"potentialAction\":[{\"@type\":\"ReadAction\",\"target\":[\"https:\\\/\\\/skaitytaknyga.lt\\\/produktas\\\/michelle-moran-nefertite\\\/\"]}]},{\"@type\":\"ImageObject\",\"inLanguage\":\"en-GB\",\"@id\":\"https:\\\/\\\/skaitytaknyga.lt\\\/produktas\\\/michelle-moran-nefertite\\\/#primaryimage\",\"url\":\"https:\\\/\\\/skaitytaknyga.lt\\\/wp-content\\\/uploads\\\/2025\\\/10\\\/Nefertite-1.webp\",\"contentUrl\":\"https:\\\/\\\/skaitytaknyga.lt\\\/wp-content\\\/uploads\\\/2025\\\/10\\\/Nefertite-1.webp\",\"width\":300,\"height\":461,\"caption\":\"nefertit\u0117\"},{\"@type\":\"BreadcrumbList\",\"@id\":\"https:\\\/\\\/skaitytaknyga.lt\\\/produktas\\\/michelle-moran-nefertite\\\/#breadcrumb\",\"itemListElement\":[{\"@type\":\"ListItem\",\"position\":1,\"name\":\"Home\",\"item\":\"https:\\\/\\\/skaitytaknyga.lt\\\/\"},{\"@type\":\"ListItem\",\"position\":2,\"name\":\"Parduotuv\u0117\",\"item\":\"https:\\\/\\\/skaitytaknyga.lt\\\/knygu-parduotuve\\\/\"},{\"@type\":\"ListItem\",\"position\":3,\"name\":\"Nefertit\u0117\"}]},{\"@type\":\"WebSite\",\"@id\":\"https:\\\/\\\/skaitytaknyga.lt\\\/#website\",\"url\":\"https:\\\/\\\/skaitytaknyga.lt\\\/\",\"name\":\"skaitytaknyga.lt\",\"description\":\"Skaitytaknyga.lt \u2013 tai ma\u017eas \u0161eimos verslas, kuris prasid\u0117jo nuo meil\u0117s knygoms ir siekio i\u0161gelb\u0117ti knygas nuo likimo prie konteinerio. Kas vienam nereikalingas daiktas \u2013 kitam lobis, o mes esame tarpininkai, kurie padeda abiems tapti laimingesniems ???? \u017dinome kaip nelengva i\u0161gyventi ma\u017eiems verslams, tad nuo \u0161iol, \u010dia rasite ir kit\u0173, ma\u017e\u0173 \u0161eim\u0173 versl\u0173, rank\u0173 darbo, dovan\u0173 sau ir artimiesiems.\",\"publisher\":{\"@id\":\"https:\\\/\\\/skaitytaknyga.lt\\\/#organization\"},\"potentialAction\":[{\"@type\":\"SearchAction\",\"target\":{\"@type\":\"EntryPoint\",\"urlTemplate\":\"https:\\\/\\\/skaitytaknyga.lt\\\/?s={search_term_string}\"},\"query-input\":{\"@type\":\"PropertyValueSpecification\",\"valueRequired\":true,\"valueName\":\"search_term_string\"}}],\"inLanguage\":\"en-GB\"},{\"@type\":\"Organization\",\"@id\":\"https:\\\/\\\/skaitytaknyga.lt\\\/#organization\",\"name\":\"skaitytaknyga.lt\",\"url\":\"https:\\\/\\\/skaitytaknyga.lt\\\/\",\"logo\":{\"@type\":\"ImageObject\",\"inLanguage\":\"en-GB\",\"@id\":\"https:\\\/\\\/skaitytaknyga.lt\\\/#\\\/schema\\\/logo\\\/image\\\/\",\"url\":\"https:\\\/\\\/skaitytaknyga.lt\\\/wp-content\\\/uploads\\\/2024\\\/05\\\/cropped-cropped-cropped-02_00843_jt3bggkj1j3HLc7SyY6rEUpg.jpeg\",\"contentUrl\":\"https:\\\/\\\/skaitytaknyga.lt\\\/wp-content\\\/uploads\\\/2024\\\/05\\\/cropped-cropped-cropped-02_00843_jt3bggkj1j3HLc7SyY6rEUpg.jpeg\",\"width\":1600,\"height\":1600,\"caption\":\"skaitytaknyga.lt\"},\"image\":{\"@id\":\"https:\\\/\\\/skaitytaknyga.lt\\\/#\\\/schema\\\/logo\\\/image\\\/\"},\"sameAs\":[\"https:\\\/\\\/www.facebook.com\\\/skaitytaknyga\\\/\"]}]}<\/script>\n<!-- \/ Yoast SEO plugin. -->","yoast_head_json":{"title":"Nefertit\u0117","description":"\u201eNefertit\u0117\u201c \u2013 istoriniais faktais paremtas romanas apie garsi\u0105j\u0105 Senov\u0117s Egipto valdov\u0119, gro\u017eiu, protu ir valios j\u0117ga \u017eav\u0117jusi\u0105 ne tik am\u017eininkus; garsusis jos skulpt\u016brinis portretas ir \u0161iandien laikomas vienu i\u0161 did\u017eiausi\u0173 vis\u0173 laik\u0173 meno k\u016brini\u0173. Knygoje vaizduojama Nefertit\u0117 \u2013 \u017emogi\u0161ka, gyva, mylinti ir neken\u010dianti. Trok\u0161tanti vald\u017eios ir atsiduodanti aistroms. Besipuikuojanti savo neprilygstamu gro\u017eiu.  Senasis Egiptas \u017eai\u017earuoja visomis spalvomis \u2013 prabanga, didingi faraon\u0173 u\u017emojai, intrigos mil\u017eini\u0161k\u0173 kolon\u0173 \u0161e\u0161\u0117lyje priver\u010dia i\u0161gyventi trumpo valdov\u0117s gyvenimo saul\u0117tek\u012f ir saul\u0117lyd\u012f, regim\u0105 jaunesniosios Nefertit\u0117s sesers Mutnod\u017emet\u0117s akimis. Dvi dukterys, dvi seserys, du likimai...  Romano veiksmas prasideda 1352 m. pr. Kr. Did\u017eiaisiais Egipto faraonais jau buvo Cheopsas, Chefrenas ir Ha\u010depsuta, o Ramzis ir Kleopatra dar prie\u0161aky. Nefertitei \u2013 penkiolika met\u0173, jos seseriai \u2013 trylika, ir atrodo, kad joms prie koj\u0173 visas Egiptas...","robots":{"index":"index","follow":"follow","max-snippet":"max-snippet:-1","max-image-preview":"max-image-preview:large","max-video-preview":"max-video-preview:-1"},"canonical":"https:\/\/skaitytaknyga.lt\/en\/produktas\/michelle-moran-nefertite\/","og_locale":"en_GB","og_type":"article","og_title":"[:lt]Nefertit\u0117[:] - Skaitytaknyga","og_description":"\u201eNefertit\u0117\u201c \u2013 istoriniais faktais paremtas romanas apie garsi\u0105j\u0105 Senov\u0117s Egipto valdov\u0119, gro\u017eiu, protu ir valios j\u0117ga \u017eav\u0117jusi\u0105 ne tik am\u017eininkus; garsusis jos skulpt\u016brinis portretas ir \u0161iandien laikomas vienu i\u0161 did\u017eiausi\u0173 vis\u0173 laik\u0173 meno k\u016brini\u0173. Knygoje vaizduojama Nefertit\u0117 \u2013 \u017emogi\u0161ka, gyva, mylinti ir neken\u010dianti. Trok\u0161tanti vald\u017eios ir atsiduodanti aistroms. Besipuikuojanti savo neprilygstamu gro\u017eiu.  Senasis Egiptas \u017eai\u017earuoja visomis spalvomis \u2013 prabanga, didingi faraon\u0173 u\u017emojai, intrigos mil\u017eini\u0161k\u0173 kolon\u0173 \u0161e\u0161\u0117lyje priver\u010dia i\u0161gyventi trumpo valdov\u0117s gyvenimo saul\u0117tek\u012f ir saul\u0117lyd\u012f, regim\u0105 jaunesniosios Nefertit\u0117s sesers Mutnod\u017emet\u0117s akimis. Dvi dukterys, dvi seserys, du likimai...  Romano veiksmas prasideda 1352 m. pr. Kr. Did\u017eiaisiais Egipto faraonais jau buvo Cheopsas, Chefrenas ir Ha\u010depsuta, o Ramzis ir Kleopatra dar prie\u0161aky. Nefertitei \u2013 penkiolika met\u0173, jos seseriai \u2013 trylika, ir atrodo, kad joms prie koj\u0173 visas Egiptas...","og_url":"https:\/\/skaitytaknyga.lt\/en\/produktas\/michelle-moran-nefertite\/","og_site_name":"Skaitytaknyga","article_publisher":"https:\/\/www.facebook.com\/skaitytaknyga\/","article_modified_time":"2025-10-07T08:42:39+00:00","og_image":[{"width":526,"height":701,"url":"https:\/\/skaitytaknyga.lt\/wp-content\/uploads\/2024\/05\/57577013_1208750825966775_9127905604038295552_n.jpg","type":"image\/jpeg"}],"twitter_card":"summary_large_image","twitter_misc":{"Estimated reading time":"1 minute"},"schema":{"@context":"https:\/\/schema.org","@graph":[{"@type":"WebPage","@id":"https:\/\/skaitytaknyga.lt\/produktas\/michelle-moran-nefertite\/","url":"https:\/\/skaitytaknyga.lt\/produktas\/michelle-moran-nefertite\/","name":"Nefertit\u0117","isPartOf":{"@id":"https:\/\/skaitytaknyga.lt\/#website"},"primaryImageOfPage":{"@id":"https:\/\/skaitytaknyga.lt\/produktas\/michelle-moran-nefertite\/#primaryimage"},"image":{"@id":"https:\/\/skaitytaknyga.lt\/produktas\/michelle-moran-nefertite\/#primaryimage"},"thumbnailUrl":"https:\/\/skaitytaknyga.lt\/wp-content\/uploads\/2025\/10\/Nefertite-1.webp","datePublished":"2024-05-04T19:12:56+00:00","dateModified":"2025-10-07T08:42:39+00:00","description":"\u201eNefertit\u0117\u201c \u2013 istoriniais faktais paremtas romanas apie garsi\u0105j\u0105 Senov\u0117s Egipto valdov\u0119, gro\u017eiu, protu ir valios j\u0117ga \u017eav\u0117jusi\u0105 ne tik am\u017eininkus; garsusis jos skulpt\u016brinis portretas ir \u0161iandien laikomas vienu i\u0161 did\u017eiausi\u0173 vis\u0173 laik\u0173 meno k\u016brini\u0173. Knygoje vaizduojama Nefertit\u0117 \u2013 \u017emogi\u0161ka, gyva, mylinti ir neken\u010dianti. Trok\u0161tanti vald\u017eios ir atsiduodanti aistroms. Besipuikuojanti savo neprilygstamu gro\u017eiu. Senasis Egiptas \u017eai\u017earuoja visomis spalvomis \u2013 prabanga, didingi faraon\u0173 u\u017emojai, intrigos mil\u017eini\u0161k\u0173 kolon\u0173 \u0161e\u0161\u0117lyje priver\u010dia i\u0161gyventi trumpo valdov\u0117s gyvenimo saul\u0117tek\u012f ir saul\u0117lyd\u012f, regim\u0105 jaunesniosios Nefertit\u0117s sesers Mutnod\u017emet\u0117s akimis. Dvi dukterys, dvi seserys, du likimai... Romano veiksmas prasideda 1352 m. pr. Kr. Did\u017eiaisiais Egipto faraonais jau buvo Cheopsas, Chefrenas ir Ha\u010depsuta, o Ramzis ir Kleopatra dar prie\u0161aky. Nefertitei \u2013 penkiolika met\u0173, jos seseriai \u2013 trylika, ir atrodo, kad joms prie koj\u0173 visas Egiptas...","breadcrumb":{"@id":"https:\/\/skaitytaknyga.lt\/produktas\/michelle-moran-nefertite\/#breadcrumb"},"inLanguage":"en-GB","potentialAction":[{"@type":"ReadAction","target":["https:\/\/skaitytaknyga.lt\/produktas\/michelle-moran-nefertite\/"]}]},{"@type":"ImageObject","inLanguage":"en-GB","@id":"https:\/\/skaitytaknyga.lt\/produktas\/michelle-moran-nefertite\/#primaryimage","url":"https:\/\/skaitytaknyga.lt\/wp-content\/uploads\/2025\/10\/Nefertite-1.webp","contentUrl":"https:\/\/skaitytaknyga.lt\/wp-content\/uploads\/2025\/10\/Nefertite-1.webp","width":300,"height":461,"caption":"nefertit\u0117"},{"@type":"BreadcrumbList","@id":"https:\/\/skaitytaknyga.lt\/produktas\/michelle-moran-nefertite\/#breadcrumb","itemListElement":[{"@type":"ListItem","position":1,"name":"Home","item":"https:\/\/skaitytaknyga.lt\/"},{"@type":"ListItem","position":2,"name":"Parduotuv\u0117","item":"https:\/\/skaitytaknyga.lt\/knygu-parduotuve\/"},{"@type":"ListItem","position":3,"name":"Nefertit\u0117"}]},{"@type":"WebSite","@id":"https:\/\/skaitytaknyga.lt\/#website","url":"https:\/\/skaitytaknyga.lt\/","name":"skaitytaknyga.lt","description":"Skaitytaknyga.lt \u2013 tai ma\u017eas \u0161eimos verslas, kuris prasid\u0117jo nuo meil\u0117s knygoms ir siekio i\u0161gelb\u0117ti knygas nuo likimo prie konteinerio. Kas vienam nereikalingas daiktas \u2013 kitam lobis, o mes esame tarpininkai, kurie padeda abiems tapti laimingesniems ???? \u017dinome kaip nelengva i\u0161gyventi ma\u017eiems verslams, tad nuo \u0161iol, \u010dia rasite ir kit\u0173, ma\u017e\u0173 \u0161eim\u0173 versl\u0173, rank\u0173 darbo, dovan\u0173 sau ir artimiesiems.","publisher":{"@id":"https:\/\/skaitytaknyga.lt\/#organization"},"potentialAction":[{"@type":"SearchAction","target":{"@type":"EntryPoint","urlTemplate":"https:\/\/skaitytaknyga.lt\/?s={search_term_string}"},"query-input":{"@type":"PropertyValueSpecification","valueRequired":true,"valueName":"search_term_string"}}],"inLanguage":"en-GB"},{"@type":"Organization","@id":"https:\/\/skaitytaknyga.lt\/#organization","name":"skaitytaknyga.lt","url":"https:\/\/skaitytaknyga.lt\/","logo":{"@type":"ImageObject","inLanguage":"en-GB","@id":"https:\/\/skaitytaknyga.lt\/#\/schema\/logo\/image\/","url":"https:\/\/skaitytaknyga.lt\/wp-content\/uploads\/2024\/05\/cropped-cropped-cropped-02_00843_jt3bggkj1j3HLc7SyY6rEUpg.jpeg","contentUrl":"https:\/\/skaitytaknyga.lt\/wp-content\/uploads\/2024\/05\/cropped-cropped-cropped-02_00843_jt3bggkj1j3HLc7SyY6rEUpg.jpeg","width":1600,"height":1600,"caption":"skaitytaknyga.lt"},"image":{"@id":"https:\/\/skaitytaknyga.lt\/#\/schema\/logo\/image\/"},"sameAs":["https:\/\/www.facebook.com\/skaitytaknyga\/"]}]}},"_links":{"self":[{"href":"https:\/\/skaitytaknyga.lt\/en\/wp-json\/wp\/v2\/product\/10737","targetHints":{"allow":["GET"]}}],"collection":[{"href":"https:\/\/skaitytaknyga.lt\/en\/wp-json\/wp\/v2\/product"}],"about":[{"href":"https:\/\/skaitytaknyga.lt\/en\/wp-json\/wp\/v2\/types\/product"}],"replies":[{"embeddable":true,"href":"https:\/\/skaitytaknyga.lt\/en\/wp-json\/wp\/v2\/comments?post=10737"}],"wp:featuredmedia":[{"embeddable":true,"href":"https:\/\/skaitytaknyga.lt\/en\/wp-json\/wp\/v2\/media\/21367"}],"wp:attachment":[{"href":"https:\/\/skaitytaknyga.lt\/en\/wp-json\/wp\/v2\/media?parent=10737"}],"wp:term":[{"taxonomy":"product_brand","embeddable":true,"href":"https:\/\/skaitytaknyga.lt\/en\/wp-json\/wp\/v2\/product_brand?post=10737"},{"taxonomy":"product_cat","embeddable":true,"href":"https:\/\/skaitytaknyga.lt\/en\/wp-json\/wp\/v2\/product_cat?post=10737"},{"taxonomy":"product_tag","embeddable":true,"href":"https:\/\/skaitytaknyga.lt\/en\/wp-json\/wp\/v2\/product_tag?post=10737"}],"curies":[{"name":"wp","href":"https:\/\/api.w.org\/{rel}","templated":true}]}}