{"id":10730,"date":"2024-05-04T19:12:30","date_gmt":"2024-05-04T19:12:30","guid":{"rendered":"https:\/\/skaitytaknyga.lt\/?post_type=product&#038;p=10730"},"modified":"2025-05-15T09:37:05","modified_gmt":"2025-05-15T06:37:05","slug":"teresa-driscoll-drauge-gelstelejes-virsus","status":"publish","type":"product","link":"https:\/\/skaitytaknyga.lt\/en\/produktas\/teresa-driscoll-drauge-gelstelejes-virsus\/","title":{"rendered":"Draug\u0117"},"content":{"rendered":"<div>Sofija jau\u010diasi pakliuvusi \u012f pa\u010dios sau pasp\u0119stus ramaus gyvenimo sp\u0105stus. Prie\u0161 kelet\u0105 met\u0173 ji tro\u0161ko pab\u0117gti i\u0161 triuk\u0161mingo Londono ir ma\u017eame miestelyje saugiai auginti vaikus, ta\u010diau dabar jau\u010diasi apimta nepakeliamo nuobodulio ir nusivylimo. Ji r\u016bpinasi ketveri\u0173 s\u016bnumi, laukia tik savaitgaliais gr\u012f\u017etan\u010dio vyro, desperati\u0161kai bando dar kart\u0105 pastoti ir ilgisi darbo reklamos agent\u016broje.<\/div>\n<div><\/div>\n<div>Triuk\u0161mingai \u012f miestel\u012f atsikraus\u010diusi Ema taip pat turi pana\u0161aus am\u017eiaus s\u016bnel\u012f ir \u012fk\u016bnija tai, ko taip tr\u016bksta Sofijai. Ema gra\u017ei, paslaptinga ir kupina \u012fdomiausi\u0173 id\u0117j\u0173. Ji priver\u010dia Sofij\u0105 v\u0117l jaustis gyv\u0105 ir patik\u0117ti, kad jos gali tapti geriausiomis draug\u0117mis. Nesvarbu, kad miestelyje apie nauj\u0105j\u0105 gyventoj\u0105 sklando \u012fvairiausi\u0173 gand\u0173&#8230;<\/div>\n<div><\/div>\n<div>Bet \u0161tai Sofija i\u0161tikta panikos traukinyje \u012f London\u0105 \u2013 ji k\u0105 tik sulauk\u0117 skambu\u010dio i\u0161 ligonin\u0117s. \u010cia po avarijos atve\u017eti du berniukai. Vienas \u2013 jos s\u016bnus.<\/div>\n<div>Ar ji tikrai gal\u0117jo pasitik\u0117ti Ema?<\/div>\n","protected":false},"excerpt":{"rendered":"<div>Sofija jau\u010diasi pakliuvusi \u012f pa\u010dios sau pasp\u0119stus ramaus gyvenimo sp\u0105stus. Prie\u0161 kelet\u0105 met\u0173 ji tro\u0161ko pab\u0117gti i\u0161 triuk\u0161mingo Londono ir ma\u017eame miestelyje saugiai auginti vaikus, ta\u010diau dabar jau\u010diasi apimta nepakeliamo nuobodulio ir nusivylimo. Ji r\u016bpinasi ketveri\u0173 s\u016bnumi, laukia tik savaitgaliais gr\u012f\u017etan\u010dio vyro, desperati\u0161kai bando dar kart\u0105 pastoti ir ilgisi darbo reklamos agent\u016broje.<\/div>\n<div><\/div>\n<div>Triuk\u0161mingai \u012f miestel\u012f atsikraus\u010diusi Ema taip pat turi pana\u0161aus am\u017eiaus s\u016bnel\u012f ir \u012fk\u016bnija tai, ko taip tr\u016bksta Sofijai. Ema gra\u017ei, paslaptinga ir kupina \u012fdomiausi\u0173 id\u0117j\u0173. Ji priver\u010dia Sofij\u0105 v\u0117l jaustis gyv\u0105 ir patik\u0117ti, kad jos gali tapti geriausiomis draug\u0117mis. Nesvarbu, kad miestelyje apie nauj\u0105j\u0105 gyventoj\u0105 sklando \u012fvairiausi\u0173 gand\u0173&#8230;<\/div>\n<div><\/div>\n<div>Bet \u0161tai Sofija i\u0161tikta panikos traukinyje \u012f London\u0105 \u2013 ji k\u0105 tik sulauk\u0117 skambu\u010dio i\u0161 ligonin\u0117s. \u010cia po avarijos atve\u017eti du berniukai. Vienas \u2013 jos s\u016bnus.<\/div>\n<div>Ar ji tikrai gal\u0117jo pasitik\u0117ti Ema?<\/div>\n","protected":false},"featured_media":10770,"comment_status":"closed","ping_status":"closed","template":"","meta":{"_acf_changed":false,"site-sidebar-layout":"default","site-content-layout":"","ast-site-content-layout":"default","site-content-style":"default","site-sidebar-style":"default","ast-global-header-display":"","ast-banner-title-visibility":"","ast-main-header-display":"","ast-hfb-above-header-display":"","ast-hfb-below-header-display":"","ast-hfb-mobile-header-display":"","site-post-title":"","ast-breadcrumbs-content":"","ast-featured-img":"","footer-sml-layout":"","ast-disable-related-posts":"","theme-transparent-header-meta":"","adv-header-id-meta":"","stick-header-meta":"","header-above-stick-meta":"","header-main-stick-meta":"","header-below-stick-meta":"","astra-migrate-meta-layouts":"default","ast-page-background-enabled":"default","ast-page-background-meta":{"desktop":{"background-color":"","background-image":"","background-repeat":"repeat","background-position":"center center","background-size":"auto","background-attachment":"scroll","background-type":"","background-media":"","overlay-type":"","overlay-color":"","overlay-opacity":"","overlay-gradient":""},"tablet":{"background-color":"","background-image":"","background-repeat":"repeat","background-position":"center center","background-size":"auto","background-attachment":"scroll","background-type":"","background-media":"","overlay-type":"","overlay-color":"","overlay-opacity":"","overlay-gradient":""},"mobile":{"background-color":"","background-image":"","background-repeat":"repeat","background-position":"center center","background-size":"auto","background-attachment":"scroll","background-type":"","background-media":"","overlay-type":"","overlay-color":"","overlay-opacity":"","overlay-gradient":""}},"ast-content-background-meta":{"desktop":{"background-color":"var(--ast-global-color-4)","background-image":"","background-repeat":"repeat","background-position":"center center","background-size":"auto","background-attachment":"scroll","background-type":"","background-media":"","overlay-type":"","overlay-color":"","overlay-opacity":"","overlay-gradient":""},"tablet":{"background-color":"var(--ast-global-color-4)","background-image":"","background-repeat":"repeat","background-position":"center center","background-size":"auto","background-attachment":"scroll","background-type":"","background-media":"","overlay-type":"","overlay-color":"","overlay-opacity":"","overlay-gradient":""},"mobile":{"background-color":"var(--ast-global-color-4)","background-image":"","background-repeat":"repeat","background-position":"center center","background-size":"auto","background-attachment":"scroll","background-type":"","background-media":"","overlay-type":"","overlay-color":"","overlay-opacity":"","overlay-gradient":""}}},"product_brand":[],"product_cat":[31],"product_tag":[1647,1590,1703,2312,1478,1712,2743,1587],"class_list":{"0":"post-10730","1":"product","2":"type-product","3":"status-publish","4":"has-post-thumbnail","6":"product_cat-grozine-literatura","7":"product_tag-draugyste","8":"product_tag-itampa","9":"product_tag-moteru-literatura","10":"product_tag-nusikaltimas","11":"product_tag-paslaptys","12":"product_tag-psichologinis-romanas","13":"product_tag-teresa-driscoll","14":"product_tag-trileris","15":"desktop-align-left","16":"tablet-align-left","17":"mobile-align-left","19":"first","20":"outofstock","21":"shipping-taxable","22":"purchasable","23":"product-type-simple"},"acf":[],"yoast_head":"<!-- This site is optimized with the Yoast SEO plugin v27.4 - https:\/\/yoast.com\/product\/yoast-seo-wordpress\/ -->\n<title>Draug\u0117<\/title>\n<meta name=\"description\" content=\"Sofija jau\u010diasi pakliuvusi \u012f pa\u010dios sau pasp\u0119stus ramaus gyvenimo sp\u0105stus. Prie\u0161 kelet\u0105 met\u0173 ji tro\u0161ko pab\u0117gti i\u0161 triuk\u0161mingo Londono ir ma\u017eame miestelyje saugiai auginti vaikus, ta\u010diau dabar jau\u010diasi apimta nepakeliamo nuobodulio ir nusivylimo. Ji r\u016bpinasi ketveri\u0173 s\u016bnumi, laukia tik savaitgaliais gr\u012f\u017etan\u010dio vyro, desperati\u0161kai bando dar kart\u0105 pastoti ir ilgisi darbo reklamos agent\u016broje.  Triuk\u0161mingai \u012f miestel\u012f atsikraus\u010diusi Ema taip pat turi pana\u0161aus am\u017eiaus s\u016bnel\u012f ir \u012fk\u016bnija tai, ko taip tr\u016bksta Sofijai. Ema gra\u017ei, paslaptinga ir kupina \u012fdomiausi\u0173 id\u0117j\u0173. Ji priver\u010dia Sofij\u0105 v\u0117l jaustis gyv\u0105 ir patik\u0117ti, kad jos gali tapti geriausiomis draug\u0117mis. Nesvarbu, kad miestelyje apie nauj\u0105j\u0105 gyventoj\u0105 sklando \u012fvairiausi\u0173 gand\u0173...  Bet \u0161tai Sofija i\u0161tikta panikos traukinyje \u012f London\u0105 \u2013 ji k\u0105 tik sulauk\u0117 skambu\u010dio i\u0161 ligonin\u0117s. \u010cia po avarijos atve\u017eti du berniukai. Vienas \u2013 jos s\u016bnus. Ar ji tikrai gal\u0117jo pasitik\u0117ti Ema?\" \/>\n<meta name=\"robots\" content=\"index, follow, max-snippet:-1, max-image-preview:large, max-video-preview:-1\" \/>\n<link rel=\"canonical\" href=\"https:\/\/skaitytaknyga.lt\/en\/produktas\/teresa-driscoll-drauge-gelstelejes-virsus\/\" \/>\n<meta property=\"og:locale\" content=\"en_GB\" \/>\n<meta property=\"og:locale:alternate\" content=\"lt_LT\" \/>\n<meta property=\"og:type\" content=\"article\" \/>\n<meta property=\"og:title\" content=\"Draug\u0117\" \/>\n<meta property=\"og:description\" content=\"Sofija jau\u010diasi pakliuvusi \u012f pa\u010dios sau pasp\u0119stus ramaus gyvenimo sp\u0105stus. Prie\u0161 kelet\u0105 met\u0173 ji tro\u0161ko pab\u0117gti i\u0161 triuk\u0161mingo Londono ir ma\u017eame miestelyje saugiai auginti vaikus, ta\u010diau dabar jau\u010diasi apimta nepakeliamo nuobodulio ir nusivylimo. Ji r\u016bpinasi ketveri\u0173 s\u016bnumi, laukia tik savaitgaliais gr\u012f\u017etan\u010dio vyro, desperati\u0161kai bando dar kart\u0105 pastoti ir ilgisi darbo reklamos agent\u016broje.  Triuk\u0161mingai \u012f miestel\u012f atsikraus\u010diusi Ema taip pat turi pana\u0161aus am\u017eiaus s\u016bnel\u012f ir \u012fk\u016bnija tai, ko taip tr\u016bksta Sofijai. Ema gra\u017ei, paslaptinga ir kupina \u012fdomiausi\u0173 id\u0117j\u0173. Ji priver\u010dia Sofij\u0105 v\u0117l jaustis gyv\u0105 ir patik\u0117ti, kad jos gali tapti geriausiomis draug\u0117mis. Nesvarbu, kad miestelyje apie nauj\u0105j\u0105 gyventoj\u0105 sklando \u012fvairiausi\u0173 gand\u0173...  Bet \u0161tai Sofija i\u0161tikta panikos traukinyje \u012f London\u0105 \u2013 ji k\u0105 tik sulauk\u0117 skambu\u010dio i\u0161 ligonin\u0117s. \u010cia po avarijos atve\u017eti du berniukai. Vienas \u2013 jos s\u016bnus. Ar ji tikrai gal\u0117jo pasitik\u0117ti Ema?\" \/>\n<meta property=\"og:url\" content=\"https:\/\/skaitytaknyga.lt\/en\/produktas\/teresa-driscoll-drauge-gelstelejes-virsus\/\" \/>\n<meta property=\"og:site_name\" content=\"Skaitytaknyga\" \/>\n<meta property=\"article:publisher\" content=\"https:\/\/www.facebook.com\/skaitytaknyga\/\" \/>\n<meta property=\"article:modified_time\" content=\"2025-05-15T06:37:05+00:00\" \/>\n<meta property=\"og:image\" content=\"https:\/\/skaitytaknyga.lt\/wp-content\/uploads\/2024\/05\/000000000002181764-5d9c88b9d9011-asset-knyguklubas-9786098233742_drauge.jpg\" \/>\n\t<meta property=\"og:image:width\" content=\"470\" \/>\n\t<meta property=\"og:image:height\" content=\"700\" \/>\n\t<meta property=\"og:image:type\" content=\"image\/jpeg\" \/>\n<meta name=\"twitter:card\" content=\"summary_large_image\" \/>\n<meta name=\"twitter:label1\" content=\"Estimated reading time\" \/>\n\t<meta name=\"twitter:data1\" content=\"1 minute\" \/>\n<script type=\"application\/ld+json\" class=\"yoast-schema-graph\">{\"@context\":\"https:\\\/\\\/schema.org\",\"@graph\":[{\"@type\":\"WebPage\",\"@id\":\"https:\\\/\\\/skaitytaknyga.lt\\\/produktas\\\/teresa-driscoll-drauge-gelstelejes-virsus\\\/\",\"url\":\"https:\\\/\\\/skaitytaknyga.lt\\\/produktas\\\/teresa-driscoll-drauge-gelstelejes-virsus\\\/\",\"name\":\"Draug\u0117\",\"isPartOf\":{\"@id\":\"https:\\\/\\\/skaitytaknyga.lt\\\/#website\"},\"primaryImageOfPage\":{\"@id\":\"https:\\\/\\\/skaitytaknyga.lt\\\/produktas\\\/teresa-driscoll-drauge-gelstelejes-virsus\\\/#primaryimage\"},\"image\":{\"@id\":\"https:\\\/\\\/skaitytaknyga.lt\\\/produktas\\\/teresa-driscoll-drauge-gelstelejes-virsus\\\/#primaryimage\"},\"thumbnailUrl\":\"https:\\\/\\\/skaitytaknyga.lt\\\/wp-content\\\/uploads\\\/2024\\\/05\\\/000000000002181764-5d9c88b9d9011-asset-knyguklubas-9786098233742_drauge.jpg\",\"datePublished\":\"2024-05-04T19:12:30+00:00\",\"dateModified\":\"2025-05-15T06:37:05+00:00\",\"description\":\"Sofija jau\u010diasi pakliuvusi \u012f pa\u010dios sau pasp\u0119stus ramaus gyvenimo sp\u0105stus. Prie\u0161 kelet\u0105 met\u0173 ji tro\u0161ko pab\u0117gti i\u0161 triuk\u0161mingo Londono ir ma\u017eame miestelyje saugiai auginti vaikus, ta\u010diau dabar jau\u010diasi apimta nepakeliamo nuobodulio ir nusivylimo. Ji r\u016bpinasi ketveri\u0173 s\u016bnumi, laukia tik savaitgaliais gr\u012f\u017etan\u010dio vyro, desperati\u0161kai bando dar kart\u0105 pastoti ir ilgisi darbo reklamos agent\u016broje. Triuk\u0161mingai \u012f miestel\u012f atsikraus\u010diusi Ema taip pat turi pana\u0161aus am\u017eiaus s\u016bnel\u012f ir \u012fk\u016bnija tai, ko taip tr\u016bksta Sofijai. Ema gra\u017ei, paslaptinga ir kupina \u012fdomiausi\u0173 id\u0117j\u0173. Ji priver\u010dia Sofij\u0105 v\u0117l jaustis gyv\u0105 ir patik\u0117ti, kad jos gali tapti geriausiomis draug\u0117mis. Nesvarbu, kad miestelyje apie nauj\u0105j\u0105 gyventoj\u0105 sklando \u012fvairiausi\u0173 gand\u0173... Bet \u0161tai Sofija i\u0161tikta panikos traukinyje \u012f London\u0105 \u2013 ji k\u0105 tik sulauk\u0117 skambu\u010dio i\u0161 ligonin\u0117s. \u010cia po avarijos atve\u017eti du berniukai. Vienas \u2013 jos s\u016bnus. Ar ji tikrai gal\u0117jo pasitik\u0117ti Ema?\",\"breadcrumb\":{\"@id\":\"https:\\\/\\\/skaitytaknyga.lt\\\/produktas\\\/teresa-driscoll-drauge-gelstelejes-virsus\\\/#breadcrumb\"},\"inLanguage\":\"en-GB\",\"potentialAction\":[{\"@type\":\"ReadAction\",\"target\":[\"https:\\\/\\\/skaitytaknyga.lt\\\/produktas\\\/teresa-driscoll-drauge-gelstelejes-virsus\\\/\"]}]},{\"@type\":\"ImageObject\",\"inLanguage\":\"en-GB\",\"@id\":\"https:\\\/\\\/skaitytaknyga.lt\\\/produktas\\\/teresa-driscoll-drauge-gelstelejes-virsus\\\/#primaryimage\",\"url\":\"https:\\\/\\\/skaitytaknyga.lt\\\/wp-content\\\/uploads\\\/2024\\\/05\\\/000000000002181764-5d9c88b9d9011-asset-knyguklubas-9786098233742_drauge.jpg\",\"contentUrl\":\"https:\\\/\\\/skaitytaknyga.lt\\\/wp-content\\\/uploads\\\/2024\\\/05\\\/000000000002181764-5d9c88b9d9011-asset-knyguklubas-9786098233742_drauge.jpg\",\"width\":470,\"height\":700},{\"@type\":\"BreadcrumbList\",\"@id\":\"https:\\\/\\\/skaitytaknyga.lt\\\/produktas\\\/teresa-driscoll-drauge-gelstelejes-virsus\\\/#breadcrumb\",\"itemListElement\":[{\"@type\":\"ListItem\",\"position\":1,\"name\":\"Home\",\"item\":\"https:\\\/\\\/skaitytaknyga.lt\\\/\"},{\"@type\":\"ListItem\",\"position\":2,\"name\":\"Parduotuv\u0117\",\"item\":\"https:\\\/\\\/skaitytaknyga.lt\\\/knygu-parduotuve\\\/\"},{\"@type\":\"ListItem\",\"position\":3,\"name\":\"Draug\u0117\"}]},{\"@type\":\"WebSite\",\"@id\":\"https:\\\/\\\/skaitytaknyga.lt\\\/#website\",\"url\":\"https:\\\/\\\/skaitytaknyga.lt\\\/\",\"name\":\"skaitytaknyga.lt\",\"description\":\"Skaitytaknyga.lt \u2013 tai ma\u017eas \u0161eimos verslas, kuris prasid\u0117jo nuo meil\u0117s knygoms ir siekio i\u0161gelb\u0117ti knygas nuo likimo prie konteinerio. Kas vienam nereikalingas daiktas \u2013 kitam lobis, o mes esame tarpininkai, kurie padeda abiems tapti laimingesniems ???? \u017dinome kaip nelengva i\u0161gyventi ma\u017eiems verslams, tad nuo \u0161iol, \u010dia rasite ir kit\u0173, ma\u017e\u0173 \u0161eim\u0173 versl\u0173, rank\u0173 darbo, dovan\u0173 sau ir artimiesiems.\",\"publisher\":{\"@id\":\"https:\\\/\\\/skaitytaknyga.lt\\\/#organization\"},\"potentialAction\":[{\"@type\":\"SearchAction\",\"target\":{\"@type\":\"EntryPoint\",\"urlTemplate\":\"https:\\\/\\\/skaitytaknyga.lt\\\/?s={search_term_string}\"},\"query-input\":{\"@type\":\"PropertyValueSpecification\",\"valueRequired\":true,\"valueName\":\"search_term_string\"}}],\"inLanguage\":\"en-GB\"},{\"@type\":\"Organization\",\"@id\":\"https:\\\/\\\/skaitytaknyga.lt\\\/#organization\",\"name\":\"skaitytaknyga.lt\",\"url\":\"https:\\\/\\\/skaitytaknyga.lt\\\/\",\"logo\":{\"@type\":\"ImageObject\",\"inLanguage\":\"en-GB\",\"@id\":\"https:\\\/\\\/skaitytaknyga.lt\\\/#\\\/schema\\\/logo\\\/image\\\/\",\"url\":\"https:\\\/\\\/skaitytaknyga.lt\\\/wp-content\\\/uploads\\\/2024\\\/05\\\/cropped-cropped-cropped-02_00843_jt3bggkj1j3HLc7SyY6rEUpg.jpeg\",\"contentUrl\":\"https:\\\/\\\/skaitytaknyga.lt\\\/wp-content\\\/uploads\\\/2024\\\/05\\\/cropped-cropped-cropped-02_00843_jt3bggkj1j3HLc7SyY6rEUpg.jpeg\",\"width\":1600,\"height\":1600,\"caption\":\"skaitytaknyga.lt\"},\"image\":{\"@id\":\"https:\\\/\\\/skaitytaknyga.lt\\\/#\\\/schema\\\/logo\\\/image\\\/\"},\"sameAs\":[\"https:\\\/\\\/www.facebook.com\\\/skaitytaknyga\\\/\"]}]}<\/script>\n<!-- \/ Yoast SEO plugin. -->","yoast_head_json":{"title":"Draug\u0117","description":"Sofija jau\u010diasi pakliuvusi \u012f pa\u010dios sau pasp\u0119stus ramaus gyvenimo sp\u0105stus. Prie\u0161 kelet\u0105 met\u0173 ji tro\u0161ko pab\u0117gti i\u0161 triuk\u0161mingo Londono ir ma\u017eame miestelyje saugiai auginti vaikus, ta\u010diau dabar jau\u010diasi apimta nepakeliamo nuobodulio ir nusivylimo. Ji r\u016bpinasi ketveri\u0173 s\u016bnumi, laukia tik savaitgaliais gr\u012f\u017etan\u010dio vyro, desperati\u0161kai bando dar kart\u0105 pastoti ir ilgisi darbo reklamos agent\u016broje.  Triuk\u0161mingai \u012f miestel\u012f atsikraus\u010diusi Ema taip pat turi pana\u0161aus am\u017eiaus s\u016bnel\u012f ir \u012fk\u016bnija tai, ko taip tr\u016bksta Sofijai. Ema gra\u017ei, paslaptinga ir kupina \u012fdomiausi\u0173 id\u0117j\u0173. Ji priver\u010dia Sofij\u0105 v\u0117l jaustis gyv\u0105 ir patik\u0117ti, kad jos gali tapti geriausiomis draug\u0117mis. Nesvarbu, kad miestelyje apie nauj\u0105j\u0105 gyventoj\u0105 sklando \u012fvairiausi\u0173 gand\u0173...  Bet \u0161tai Sofija i\u0161tikta panikos traukinyje \u012f London\u0105 \u2013 ji k\u0105 tik sulauk\u0117 skambu\u010dio i\u0161 ligonin\u0117s. \u010cia po avarijos atve\u017eti du berniukai. Vienas \u2013 jos s\u016bnus. Ar ji tikrai gal\u0117jo pasitik\u0117ti Ema?","robots":{"index":"index","follow":"follow","max-snippet":"max-snippet:-1","max-image-preview":"max-image-preview:large","max-video-preview":"max-video-preview:-1"},"canonical":"https:\/\/skaitytaknyga.lt\/en\/produktas\/teresa-driscoll-drauge-gelstelejes-virsus\/","og_locale":"en_GB","og_type":"article","og_title":"[:lt]Draug\u0117[:] - Skaitytaknyga","og_description":"Sofija jau\u010diasi pakliuvusi \u012f pa\u010dios sau pasp\u0119stus ramaus gyvenimo sp\u0105stus. Prie\u0161 kelet\u0105 met\u0173 ji tro\u0161ko pab\u0117gti i\u0161 triuk\u0161mingo Londono ir ma\u017eame miestelyje saugiai auginti vaikus, ta\u010diau dabar jau\u010diasi apimta nepakeliamo nuobodulio ir nusivylimo. Ji r\u016bpinasi ketveri\u0173 s\u016bnumi, laukia tik savaitgaliais gr\u012f\u017etan\u010dio vyro, desperati\u0161kai bando dar kart\u0105 pastoti ir ilgisi darbo reklamos agent\u016broje.  Triuk\u0161mingai \u012f miestel\u012f atsikraus\u010diusi Ema taip pat turi pana\u0161aus am\u017eiaus s\u016bnel\u012f ir \u012fk\u016bnija tai, ko taip tr\u016bksta Sofijai. Ema gra\u017ei, paslaptinga ir kupina \u012fdomiausi\u0173 id\u0117j\u0173. Ji priver\u010dia Sofij\u0105 v\u0117l jaustis gyv\u0105 ir patik\u0117ti, kad jos gali tapti geriausiomis draug\u0117mis. Nesvarbu, kad miestelyje apie nauj\u0105j\u0105 gyventoj\u0105 sklando \u012fvairiausi\u0173 gand\u0173...  Bet \u0161tai Sofija i\u0161tikta panikos traukinyje \u012f London\u0105 \u2013 ji k\u0105 tik sulauk\u0117 skambu\u010dio i\u0161 ligonin\u0117s. \u010cia po avarijos atve\u017eti du berniukai. Vienas \u2013 jos s\u016bnus. Ar ji tikrai gal\u0117jo pasitik\u0117ti Ema?","og_url":"https:\/\/skaitytaknyga.lt\/en\/produktas\/teresa-driscoll-drauge-gelstelejes-virsus\/","og_site_name":"Skaitytaknyga","article_publisher":"https:\/\/www.facebook.com\/skaitytaknyga\/","article_modified_time":"2025-05-15T06:37:05+00:00","og_image":[{"width":470,"height":700,"url":"https:\/\/skaitytaknyga.lt\/wp-content\/uploads\/2024\/05\/000000000002181764-5d9c88b9d9011-asset-knyguklubas-9786098233742_drauge.jpg","type":"image\/jpeg"}],"twitter_card":"summary_large_image","twitter_misc":{"Estimated reading time":"1 minute"},"schema":{"@context":"https:\/\/schema.org","@graph":[{"@type":"WebPage","@id":"https:\/\/skaitytaknyga.lt\/produktas\/teresa-driscoll-drauge-gelstelejes-virsus\/","url":"https:\/\/skaitytaknyga.lt\/produktas\/teresa-driscoll-drauge-gelstelejes-virsus\/","name":"Draug\u0117","isPartOf":{"@id":"https:\/\/skaitytaknyga.lt\/#website"},"primaryImageOfPage":{"@id":"https:\/\/skaitytaknyga.lt\/produktas\/teresa-driscoll-drauge-gelstelejes-virsus\/#primaryimage"},"image":{"@id":"https:\/\/skaitytaknyga.lt\/produktas\/teresa-driscoll-drauge-gelstelejes-virsus\/#primaryimage"},"thumbnailUrl":"https:\/\/skaitytaknyga.lt\/wp-content\/uploads\/2024\/05\/000000000002181764-5d9c88b9d9011-asset-knyguklubas-9786098233742_drauge.jpg","datePublished":"2024-05-04T19:12:30+00:00","dateModified":"2025-05-15T06:37:05+00:00","description":"Sofija jau\u010diasi pakliuvusi \u012f pa\u010dios sau pasp\u0119stus ramaus gyvenimo sp\u0105stus. Prie\u0161 kelet\u0105 met\u0173 ji tro\u0161ko pab\u0117gti i\u0161 triuk\u0161mingo Londono ir ma\u017eame miestelyje saugiai auginti vaikus, ta\u010diau dabar jau\u010diasi apimta nepakeliamo nuobodulio ir nusivylimo. Ji r\u016bpinasi ketveri\u0173 s\u016bnumi, laukia tik savaitgaliais gr\u012f\u017etan\u010dio vyro, desperati\u0161kai bando dar kart\u0105 pastoti ir ilgisi darbo reklamos agent\u016broje. Triuk\u0161mingai \u012f miestel\u012f atsikraus\u010diusi Ema taip pat turi pana\u0161aus am\u017eiaus s\u016bnel\u012f ir \u012fk\u016bnija tai, ko taip tr\u016bksta Sofijai. Ema gra\u017ei, paslaptinga ir kupina \u012fdomiausi\u0173 id\u0117j\u0173. Ji priver\u010dia Sofij\u0105 v\u0117l jaustis gyv\u0105 ir patik\u0117ti, kad jos gali tapti geriausiomis draug\u0117mis. Nesvarbu, kad miestelyje apie nauj\u0105j\u0105 gyventoj\u0105 sklando \u012fvairiausi\u0173 gand\u0173... Bet \u0161tai Sofija i\u0161tikta panikos traukinyje \u012f London\u0105 \u2013 ji k\u0105 tik sulauk\u0117 skambu\u010dio i\u0161 ligonin\u0117s. \u010cia po avarijos atve\u017eti du berniukai. Vienas \u2013 jos s\u016bnus. Ar ji tikrai gal\u0117jo pasitik\u0117ti Ema?","breadcrumb":{"@id":"https:\/\/skaitytaknyga.lt\/produktas\/teresa-driscoll-drauge-gelstelejes-virsus\/#breadcrumb"},"inLanguage":"en-GB","potentialAction":[{"@type":"ReadAction","target":["https:\/\/skaitytaknyga.lt\/produktas\/teresa-driscoll-drauge-gelstelejes-virsus\/"]}]},{"@type":"ImageObject","inLanguage":"en-GB","@id":"https:\/\/skaitytaknyga.lt\/produktas\/teresa-driscoll-drauge-gelstelejes-virsus\/#primaryimage","url":"https:\/\/skaitytaknyga.lt\/wp-content\/uploads\/2024\/05\/000000000002181764-5d9c88b9d9011-asset-knyguklubas-9786098233742_drauge.jpg","contentUrl":"https:\/\/skaitytaknyga.lt\/wp-content\/uploads\/2024\/05\/000000000002181764-5d9c88b9d9011-asset-knyguklubas-9786098233742_drauge.jpg","width":470,"height":700},{"@type":"BreadcrumbList","@id":"https:\/\/skaitytaknyga.lt\/produktas\/teresa-driscoll-drauge-gelstelejes-virsus\/#breadcrumb","itemListElement":[{"@type":"ListItem","position":1,"name":"Home","item":"https:\/\/skaitytaknyga.lt\/"},{"@type":"ListItem","position":2,"name":"Parduotuv\u0117","item":"https:\/\/skaitytaknyga.lt\/knygu-parduotuve\/"},{"@type":"ListItem","position":3,"name":"Draug\u0117"}]},{"@type":"WebSite","@id":"https:\/\/skaitytaknyga.lt\/#website","url":"https:\/\/skaitytaknyga.lt\/","name":"skaitytaknyga.lt","description":"Skaitytaknyga.lt \u2013 tai ma\u017eas \u0161eimos verslas, kuris prasid\u0117jo nuo meil\u0117s knygoms ir siekio i\u0161gelb\u0117ti knygas nuo likimo prie konteinerio. Kas vienam nereikalingas daiktas \u2013 kitam lobis, o mes esame tarpininkai, kurie padeda abiems tapti laimingesniems ???? \u017dinome kaip nelengva i\u0161gyventi ma\u017eiems verslams, tad nuo \u0161iol, \u010dia rasite ir kit\u0173, ma\u017e\u0173 \u0161eim\u0173 versl\u0173, rank\u0173 darbo, dovan\u0173 sau ir artimiesiems.","publisher":{"@id":"https:\/\/skaitytaknyga.lt\/#organization"},"potentialAction":[{"@type":"SearchAction","target":{"@type":"EntryPoint","urlTemplate":"https:\/\/skaitytaknyga.lt\/?s={search_term_string}"},"query-input":{"@type":"PropertyValueSpecification","valueRequired":true,"valueName":"search_term_string"}}],"inLanguage":"en-GB"},{"@type":"Organization","@id":"https:\/\/skaitytaknyga.lt\/#organization","name":"skaitytaknyga.lt","url":"https:\/\/skaitytaknyga.lt\/","logo":{"@type":"ImageObject","inLanguage":"en-GB","@id":"https:\/\/skaitytaknyga.lt\/#\/schema\/logo\/image\/","url":"https:\/\/skaitytaknyga.lt\/wp-content\/uploads\/2024\/05\/cropped-cropped-cropped-02_00843_jt3bggkj1j3HLc7SyY6rEUpg.jpeg","contentUrl":"https:\/\/skaitytaknyga.lt\/wp-content\/uploads\/2024\/05\/cropped-cropped-cropped-02_00843_jt3bggkj1j3HLc7SyY6rEUpg.jpeg","width":1600,"height":1600,"caption":"skaitytaknyga.lt"},"image":{"@id":"https:\/\/skaitytaknyga.lt\/#\/schema\/logo\/image\/"},"sameAs":["https:\/\/www.facebook.com\/skaitytaknyga\/"]}]}},"_links":{"self":[{"href":"https:\/\/skaitytaknyga.lt\/en\/wp-json\/wp\/v2\/product\/10730","targetHints":{"allow":["GET"]}}],"collection":[{"href":"https:\/\/skaitytaknyga.lt\/en\/wp-json\/wp\/v2\/product"}],"about":[{"href":"https:\/\/skaitytaknyga.lt\/en\/wp-json\/wp\/v2\/types\/product"}],"replies":[{"embeddable":true,"href":"https:\/\/skaitytaknyga.lt\/en\/wp-json\/wp\/v2\/comments?post=10730"}],"wp:featuredmedia":[{"embeddable":true,"href":"https:\/\/skaitytaknyga.lt\/en\/wp-json\/wp\/v2\/media\/10770"}],"wp:attachment":[{"href":"https:\/\/skaitytaknyga.lt\/en\/wp-json\/wp\/v2\/media?parent=10730"}],"wp:term":[{"taxonomy":"product_brand","embeddable":true,"href":"https:\/\/skaitytaknyga.lt\/en\/wp-json\/wp\/v2\/product_brand?post=10730"},{"taxonomy":"product_cat","embeddable":true,"href":"https:\/\/skaitytaknyga.lt\/en\/wp-json\/wp\/v2\/product_cat?post=10730"},{"taxonomy":"product_tag","embeddable":true,"href":"https:\/\/skaitytaknyga.lt\/en\/wp-json\/wp\/v2\/product_tag?post=10730"}],"curies":[{"name":"wp","href":"https:\/\/api.w.org\/{rel}","templated":true}]}}