{"id":10729,"date":"2024-05-04T19:12:30","date_gmt":"2024-05-04T19:12:30","guid":{"rendered":"https:\/\/skaitytaknyga.lt\/?post_type=product&#038;p=10729"},"modified":"2024-05-04T19:14:37","modified_gmt":"2024-05-04T19:14:37","slug":"emily-griffin-myleti-ta-kuris-salia","status":"publish","type":"product","link":"https:\/\/skaitytaknyga.lt\/en\/produktas\/emily-griffin-myleti-ta-kuris-salia\/","title":{"rendered":"Emily Griffin \u201eMyl\u0117ti t\u0105, kuris \u0161alia?\u201c"},"content":{"rendered":"<p>Jei negali pamir\u0161ti to, kuris pasipust\u0117 padus, ar gali myl\u0117ti t\u0105, kuris \u0161alia?<\/p>\n<p>Elen Dempsi yra laimingai i\u0161tek\u0117jusi u\u017e linksmuolio m\u0117lynakio End\u017eio. Nuo pat pirm\u0173 dien\u0173 j\u0173 santuoka ne tik atrodo tobula \u2013 ji yra tobula. Ta\u010diau vien\u0105 lemting\u0105 dien\u0105 Elen sankry\u017eoje susitinka Leo \u2013 vaikin\u0105, kuris ka\u017ekada sudau\u017e\u0117 jai \u0161ird\u012f ir paliko nieko dorai nepaai\u0161kin\u0119s. Susitikimas su juo suk\u0117l\u0117 seniai u\u017eslopintus jausmus ir Elen kilo klausimas, ar jos idealus gyvenimas yra tikrai tai, ko ji trok\u0161ta. Galiausiai Elen bauginamai suvokia, kad ateina diena, kai privalo pasirinkti t\u0105, kur\u012f myli i\u0161 ties\u0173.<\/p>\n","protected":false},"excerpt":{"rendered":"<p>Jei negali pamir\u0161ti to, kuris pasipust\u0117 padus, ar gali myl\u0117ti t\u0105, kuris \u0161alia?<\/p>\n<p>Elen Dempsi yra laimingai i\u0161tek\u0117jusi u\u017e linksmuolio m\u0117lynakio End\u017eio. Nuo pat pirm\u0173 dien\u0173 j\u0173 santuoka ne tik atrodo tobula \u2013 ji yra tobula. Ta\u010diau vien\u0105 lemting\u0105 dien\u0105 Elen sankry\u017eoje susitinka Leo \u2013 vaikin\u0105, kuris ka\u017ekada sudau\u017e\u0117 jai \u0161ird\u012f ir paliko nieko dorai nepaai\u0161kin\u0119s. Susitikimas su juo suk\u0117l\u0117 seniai u\u017eslopintus jausmus ir Elen kilo klausimas, ar jos idealus gyvenimas yra tikrai tai, ko ji trok\u0161ta. Galiausiai Elen bauginamai suvokia, kad ateina diena, kai privalo pasirinkti t\u0105, kur\u012f myli i\u0161 ties\u0173.<\/p>\n","protected":false},"featured_media":10769,"comment_status":"closed","ping_status":"closed","template":"","meta":{"_acf_changed":false,"site-sidebar-layout":"default","site-content-layout":"","ast-site-content-layout":"default","site-content-style":"default","site-sidebar-style":"default","ast-global-header-display":"","ast-banner-title-visibility":"","ast-main-header-display":"","ast-hfb-above-header-display":"","ast-hfb-below-header-display":"","ast-hfb-mobile-header-display":"","site-post-title":"","ast-breadcrumbs-content":"","ast-featured-img":"","footer-sml-layout":"","ast-disable-related-posts":"","theme-transparent-header-meta":"","adv-header-id-meta":"","stick-header-meta":"","header-above-stick-meta":"","header-main-stick-meta":"","header-below-stick-meta":"","astra-migrate-meta-layouts":"default","ast-page-background-enabled":"default","ast-page-background-meta":{"desktop":{"background-color":"","background-image":"","background-repeat":"repeat","background-position":"center center","background-size":"auto","background-attachment":"scroll","background-type":"","background-media":"","overlay-type":"","overlay-color":"","overlay-opacity":"","overlay-gradient":""},"tablet":{"background-color":"","background-image":"","background-repeat":"repeat","background-position":"center center","background-size":"auto","background-attachment":"scroll","background-type":"","background-media":"","overlay-type":"","overlay-color":"","overlay-opacity":"","overlay-gradient":""},"mobile":{"background-color":"","background-image":"","background-repeat":"repeat","background-position":"center center","background-size":"auto","background-attachment":"scroll","background-type":"","background-media":"","overlay-type":"","overlay-color":"","overlay-opacity":"","overlay-gradient":""}},"ast-content-background-meta":{"desktop":{"background-color":"var(--ast-global-color-4)","background-image":"","background-repeat":"repeat","background-position":"center center","background-size":"auto","background-attachment":"scroll","background-type":"","background-media":"","overlay-type":"","overlay-color":"","overlay-opacity":"","overlay-gradient":""},"tablet":{"background-color":"var(--ast-global-color-4)","background-image":"","background-repeat":"repeat","background-position":"center center","background-size":"auto","background-attachment":"scroll","background-type":"","background-media":"","overlay-type":"","overlay-color":"","overlay-opacity":"","overlay-gradient":""},"mobile":{"background-color":"var(--ast-global-color-4)","background-image":"","background-repeat":"repeat","background-position":"center center","background-size":"auto","background-attachment":"scroll","background-type":"","background-media":"","overlay-type":"","overlay-color":"","overlay-opacity":"","overlay-gradient":""}}},"product_brand":[],"product_cat":[31],"product_tag":[],"class_list":{"0":"post-10729","1":"product","2":"type-product","3":"status-publish","4":"has-post-thumbnail","6":"product_cat-grozine-literatura","7":"desktop-align-left","8":"tablet-align-left","9":"mobile-align-left","11":"first","12":"instock","13":"shipping-taxable","14":"purchasable","15":"product-type-simple"},"acf":[],"yoast_head":"<!-- This site is optimized with the Yoast SEO plugin v27.4 - https:\/\/yoast.com\/product\/yoast-seo-wordpress\/ -->\n<title>Emily Griffin \u201eMyl\u0117ti t\u0105, kuris \u0161alia?\u201c - Skaitytaknyga<\/title>\n<meta name=\"description\" content=\"Jei negali pamir\u0161ti to, kuris pasipust\u0117 padus, ar gali myl\u0117ti t\u0105, kuris \u0161alia?  Elen Dempsi yra laimingai i\u0161tek\u0117jusi u\u017e linksmuolio m\u0117lynakio End\u017eio. Nuo pat pirm\u0173 dien\u0173 j\u0173 santuoka ne tik atrodo tobula \u2013 ji yra tobula. Ta\u010diau vien\u0105 lemting\u0105 dien\u0105 Elen sankry\u017eoje susitinka Leo \u2013 vaikin\u0105, kuris ka\u017ekada sudau\u017e\u0117 jai \u0161ird\u012f ir paliko nieko dorai nepaai\u0161kin\u0119s. Susitikimas su juo suk\u0117l\u0117 seniai u\u017eslopintus jausmus ir Elen kilo klausimas, ar jos idealus gyvenimas yra tikrai tai, ko ji trok\u0161ta. Galiausiai Elen bauginamai suvokia, kad ateina diena, kai privalo pasirinkti t\u0105, kur\u012f myli i\u0161 ties\u0173.\" \/>\n<meta name=\"robots\" content=\"index, follow, max-snippet:-1, max-image-preview:large, max-video-preview:-1\" \/>\n<link rel=\"canonical\" href=\"https:\/\/skaitytaknyga.lt\/en\/produktas\/emily-griffin-myleti-ta-kuris-salia\/\" \/>\n<meta property=\"og:locale\" content=\"en_GB\" \/>\n<meta property=\"og:locale:alternate\" content=\"lt_LT\" \/>\n<meta property=\"og:type\" content=\"article\" \/>\n<meta property=\"og:title\" content=\"Emily Griffin \u201eMyl\u0117ti t\u0105, kuris \u0161alia?\u201c - Skaitytaknyga\" \/>\n<meta property=\"og:description\" content=\"Jei negali pamir\u0161ti to, kuris pasipust\u0117 padus, ar gali myl\u0117ti t\u0105, kuris \u0161alia?  Elen Dempsi yra laimingai i\u0161tek\u0117jusi u\u017e linksmuolio m\u0117lynakio End\u017eio. Nuo pat pirm\u0173 dien\u0173 j\u0173 santuoka ne tik atrodo tobula \u2013 ji yra tobula. Ta\u010diau vien\u0105 lemting\u0105 dien\u0105 Elen sankry\u017eoje susitinka Leo \u2013 vaikin\u0105, kuris ka\u017ekada sudau\u017e\u0117 jai \u0161ird\u012f ir paliko nieko dorai nepaai\u0161kin\u0119s. Susitikimas su juo suk\u0117l\u0117 seniai u\u017eslopintus jausmus ir Elen kilo klausimas, ar jos idealus gyvenimas yra tikrai tai, ko ji trok\u0161ta. Galiausiai Elen bauginamai suvokia, kad ateina diena, kai privalo pasirinkti t\u0105, kur\u012f myli i\u0161 ties\u0173.\" \/>\n<meta property=\"og:url\" content=\"https:\/\/skaitytaknyga.lt\/en\/produktas\/emily-griffin-myleti-ta-kuris-salia\/\" \/>\n<meta property=\"og:site_name\" content=\"Skaitytaknyga\" \/>\n<meta property=\"article:publisher\" content=\"https:\/\/www.facebook.com\/skaitytaknyga\/\" \/>\n<meta property=\"article:modified_time\" content=\"2024-05-04T19:14:37+00:00\" \/>\n<meta property=\"og:image\" content=\"https:\/\/skaitytaknyga.lt\/wp-content\/uploads\/2024\/05\/000000000002141649-59de8449ec624-asset-knyguklubas-cdb_myleti-ta-kuris-salia_p1.jpg\" \/>\n\t<meta property=\"og:image:width\" content=\"285\" \/>\n\t<meta property=\"og:image:height\" content=\"450\" \/>\n\t<meta property=\"og:image:type\" content=\"image\/jpeg\" \/>\n<meta name=\"twitter:card\" content=\"summary_large_image\" \/>\n<meta name=\"twitter:label1\" content=\"Estimated reading time\" \/>\n\t<meta name=\"twitter:data1\" content=\"1 minute\" \/>\n<script type=\"application\/ld+json\" class=\"yoast-schema-graph\">{\"@context\":\"https:\\\/\\\/schema.org\",\"@graph\":[{\"@type\":\"WebPage\",\"@id\":\"https:\\\/\\\/skaitytaknyga.lt\\\/produktas\\\/emily-griffin-myleti-ta-kuris-salia\\\/\",\"url\":\"https:\\\/\\\/skaitytaknyga.lt\\\/produktas\\\/emily-griffin-myleti-ta-kuris-salia\\\/\",\"name\":\"Emily Griffin \u201eMyl\u0117ti t\u0105, kuris \u0161alia?\u201c - Skaitytaknyga\",\"isPartOf\":{\"@id\":\"https:\\\/\\\/skaitytaknyga.lt\\\/#website\"},\"primaryImageOfPage\":{\"@id\":\"https:\\\/\\\/skaitytaknyga.lt\\\/produktas\\\/emily-griffin-myleti-ta-kuris-salia\\\/#primaryimage\"},\"image\":{\"@id\":\"https:\\\/\\\/skaitytaknyga.lt\\\/produktas\\\/emily-griffin-myleti-ta-kuris-salia\\\/#primaryimage\"},\"thumbnailUrl\":\"https:\\\/\\\/skaitytaknyga.lt\\\/wp-content\\\/uploads\\\/2024\\\/05\\\/000000000002141649-59de8449ec624-asset-knyguklubas-cdb_myleti-ta-kuris-salia_p1.jpg\",\"datePublished\":\"2024-05-04T19:12:30+00:00\",\"dateModified\":\"2024-05-04T19:14:37+00:00\",\"description\":\"Jei negali pamir\u0161ti to, kuris pasipust\u0117 padus, ar gali myl\u0117ti t\u0105, kuris \u0161alia? Elen Dempsi yra laimingai i\u0161tek\u0117jusi u\u017e linksmuolio m\u0117lynakio End\u017eio. Nuo pat pirm\u0173 dien\u0173 j\u0173 santuoka ne tik atrodo tobula \u2013 ji yra tobula. Ta\u010diau vien\u0105 lemting\u0105 dien\u0105 Elen sankry\u017eoje susitinka Leo \u2013 vaikin\u0105, kuris ka\u017ekada sudau\u017e\u0117 jai \u0161ird\u012f ir paliko nieko dorai nepaai\u0161kin\u0119s. Susitikimas su juo suk\u0117l\u0117 seniai u\u017eslopintus jausmus ir Elen kilo klausimas, ar jos idealus gyvenimas yra tikrai tai, ko ji trok\u0161ta. Galiausiai Elen bauginamai suvokia, kad ateina diena, kai privalo pasirinkti t\u0105, kur\u012f myli i\u0161 ties\u0173.\",\"breadcrumb\":{\"@id\":\"https:\\\/\\\/skaitytaknyga.lt\\\/produktas\\\/emily-griffin-myleti-ta-kuris-salia\\\/#breadcrumb\"},\"inLanguage\":\"en-GB\",\"potentialAction\":[{\"@type\":\"ReadAction\",\"target\":[\"https:\\\/\\\/skaitytaknyga.lt\\\/produktas\\\/emily-griffin-myleti-ta-kuris-salia\\\/\"]}]},{\"@type\":\"ImageObject\",\"inLanguage\":\"en-GB\",\"@id\":\"https:\\\/\\\/skaitytaknyga.lt\\\/produktas\\\/emily-griffin-myleti-ta-kuris-salia\\\/#primaryimage\",\"url\":\"https:\\\/\\\/skaitytaknyga.lt\\\/wp-content\\\/uploads\\\/2024\\\/05\\\/000000000002141649-59de8449ec624-asset-knyguklubas-cdb_myleti-ta-kuris-salia_p1.jpg\",\"contentUrl\":\"https:\\\/\\\/skaitytaknyga.lt\\\/wp-content\\\/uploads\\\/2024\\\/05\\\/000000000002141649-59de8449ec624-asset-knyguklubas-cdb_myleti-ta-kuris-salia_p1.jpg\",\"width\":285,\"height\":450},{\"@type\":\"BreadcrumbList\",\"@id\":\"https:\\\/\\\/skaitytaknyga.lt\\\/produktas\\\/emily-griffin-myleti-ta-kuris-salia\\\/#breadcrumb\",\"itemListElement\":[{\"@type\":\"ListItem\",\"position\":1,\"name\":\"Home\",\"item\":\"https:\\\/\\\/skaitytaknyga.lt\\\/\"},{\"@type\":\"ListItem\",\"position\":2,\"name\":\"Parduotuv\u0117\",\"item\":\"https:\\\/\\\/skaitytaknyga.lt\\\/knygu-parduotuve\\\/\"},{\"@type\":\"ListItem\",\"position\":3,\"name\":\"Emily Griffin \u201eMyl\u0117ti t\u0105, kuris \u0161alia?\u201c\"}]},{\"@type\":\"WebSite\",\"@id\":\"https:\\\/\\\/skaitytaknyga.lt\\\/#website\",\"url\":\"https:\\\/\\\/skaitytaknyga.lt\\\/\",\"name\":\"skaitytaknyga.lt\",\"description\":\"Skaitytaknyga.lt \u2013 tai ma\u017eas \u0161eimos verslas, kuris prasid\u0117jo nuo meil\u0117s knygoms ir siekio i\u0161gelb\u0117ti knygas nuo likimo prie konteinerio. Kas vienam nereikalingas daiktas \u2013 kitam lobis, o mes esame tarpininkai, kurie padeda abiems tapti laimingesniems ???? \u017dinome kaip nelengva i\u0161gyventi ma\u017eiems verslams, tad nuo \u0161iol, \u010dia rasite ir kit\u0173, ma\u017e\u0173 \u0161eim\u0173 versl\u0173, rank\u0173 darbo, dovan\u0173 sau ir artimiesiems.\",\"publisher\":{\"@id\":\"https:\\\/\\\/skaitytaknyga.lt\\\/#organization\"},\"potentialAction\":[{\"@type\":\"SearchAction\",\"target\":{\"@type\":\"EntryPoint\",\"urlTemplate\":\"https:\\\/\\\/skaitytaknyga.lt\\\/?s={search_term_string}\"},\"query-input\":{\"@type\":\"PropertyValueSpecification\",\"valueRequired\":true,\"valueName\":\"search_term_string\"}}],\"inLanguage\":\"en-GB\"},{\"@type\":\"Organization\",\"@id\":\"https:\\\/\\\/skaitytaknyga.lt\\\/#organization\",\"name\":\"skaitytaknyga.lt\",\"url\":\"https:\\\/\\\/skaitytaknyga.lt\\\/\",\"logo\":{\"@type\":\"ImageObject\",\"inLanguage\":\"en-GB\",\"@id\":\"https:\\\/\\\/skaitytaknyga.lt\\\/#\\\/schema\\\/logo\\\/image\\\/\",\"url\":\"https:\\\/\\\/skaitytaknyga.lt\\\/wp-content\\\/uploads\\\/2024\\\/05\\\/cropped-cropped-cropped-02_00843_jt3bggkj1j3HLc7SyY6rEUpg.jpeg\",\"contentUrl\":\"https:\\\/\\\/skaitytaknyga.lt\\\/wp-content\\\/uploads\\\/2024\\\/05\\\/cropped-cropped-cropped-02_00843_jt3bggkj1j3HLc7SyY6rEUpg.jpeg\",\"width\":1600,\"height\":1600,\"caption\":\"skaitytaknyga.lt\"},\"image\":{\"@id\":\"https:\\\/\\\/skaitytaknyga.lt\\\/#\\\/schema\\\/logo\\\/image\\\/\"},\"sameAs\":[\"https:\\\/\\\/www.facebook.com\\\/skaitytaknyga\\\/\"]}]}<\/script>\n<!-- \/ Yoast SEO plugin. -->","yoast_head_json":{"title":"Emily Griffin \u201eMyl\u0117ti t\u0105, kuris \u0161alia?\u201c - Skaitytaknyga","description":"Jei negali pamir\u0161ti to, kuris pasipust\u0117 padus, ar gali myl\u0117ti t\u0105, kuris \u0161alia?  Elen Dempsi yra laimingai i\u0161tek\u0117jusi u\u017e linksmuolio m\u0117lynakio End\u017eio. Nuo pat pirm\u0173 dien\u0173 j\u0173 santuoka ne tik atrodo tobula \u2013 ji yra tobula. Ta\u010diau vien\u0105 lemting\u0105 dien\u0105 Elen sankry\u017eoje susitinka Leo \u2013 vaikin\u0105, kuris ka\u017ekada sudau\u017e\u0117 jai \u0161ird\u012f ir paliko nieko dorai nepaai\u0161kin\u0119s. Susitikimas su juo suk\u0117l\u0117 seniai u\u017eslopintus jausmus ir Elen kilo klausimas, ar jos idealus gyvenimas yra tikrai tai, ko ji trok\u0161ta. Galiausiai Elen bauginamai suvokia, kad ateina diena, kai privalo pasirinkti t\u0105, kur\u012f myli i\u0161 ties\u0173.","robots":{"index":"index","follow":"follow","max-snippet":"max-snippet:-1","max-image-preview":"max-image-preview:large","max-video-preview":"max-video-preview:-1"},"canonical":"https:\/\/skaitytaknyga.lt\/en\/produktas\/emily-griffin-myleti-ta-kuris-salia\/","og_locale":"en_GB","og_type":"article","og_title":"Emily Griffin \u201eMyl\u0117ti t\u0105, kuris \u0161alia?\u201c - Skaitytaknyga","og_description":"Jei negali pamir\u0161ti to, kuris pasipust\u0117 padus, ar gali myl\u0117ti t\u0105, kuris \u0161alia?  Elen Dempsi yra laimingai i\u0161tek\u0117jusi u\u017e linksmuolio m\u0117lynakio End\u017eio. Nuo pat pirm\u0173 dien\u0173 j\u0173 santuoka ne tik atrodo tobula \u2013 ji yra tobula. Ta\u010diau vien\u0105 lemting\u0105 dien\u0105 Elen sankry\u017eoje susitinka Leo \u2013 vaikin\u0105, kuris ka\u017ekada sudau\u017e\u0117 jai \u0161ird\u012f ir paliko nieko dorai nepaai\u0161kin\u0119s. Susitikimas su juo suk\u0117l\u0117 seniai u\u017eslopintus jausmus ir Elen kilo klausimas, ar jos idealus gyvenimas yra tikrai tai, ko ji trok\u0161ta. Galiausiai Elen bauginamai suvokia, kad ateina diena, kai privalo pasirinkti t\u0105, kur\u012f myli i\u0161 ties\u0173.","og_url":"https:\/\/skaitytaknyga.lt\/en\/produktas\/emily-griffin-myleti-ta-kuris-salia\/","og_site_name":"Skaitytaknyga","article_publisher":"https:\/\/www.facebook.com\/skaitytaknyga\/","article_modified_time":"2024-05-04T19:14:37+00:00","og_image":[{"width":285,"height":450,"url":"https:\/\/skaitytaknyga.lt\/wp-content\/uploads\/2024\/05\/000000000002141649-59de8449ec624-asset-knyguklubas-cdb_myleti-ta-kuris-salia_p1.jpg","type":"image\/jpeg"}],"twitter_card":"summary_large_image","twitter_misc":{"Estimated reading time":"1 minute"},"schema":{"@context":"https:\/\/schema.org","@graph":[{"@type":"WebPage","@id":"https:\/\/skaitytaknyga.lt\/produktas\/emily-griffin-myleti-ta-kuris-salia\/","url":"https:\/\/skaitytaknyga.lt\/produktas\/emily-griffin-myleti-ta-kuris-salia\/","name":"Emily Griffin \u201eMyl\u0117ti t\u0105, kuris \u0161alia?\u201c - Skaitytaknyga","isPartOf":{"@id":"https:\/\/skaitytaknyga.lt\/#website"},"primaryImageOfPage":{"@id":"https:\/\/skaitytaknyga.lt\/produktas\/emily-griffin-myleti-ta-kuris-salia\/#primaryimage"},"image":{"@id":"https:\/\/skaitytaknyga.lt\/produktas\/emily-griffin-myleti-ta-kuris-salia\/#primaryimage"},"thumbnailUrl":"https:\/\/skaitytaknyga.lt\/wp-content\/uploads\/2024\/05\/000000000002141649-59de8449ec624-asset-knyguklubas-cdb_myleti-ta-kuris-salia_p1.jpg","datePublished":"2024-05-04T19:12:30+00:00","dateModified":"2024-05-04T19:14:37+00:00","description":"Jei negali pamir\u0161ti to, kuris pasipust\u0117 padus, ar gali myl\u0117ti t\u0105, kuris \u0161alia? Elen Dempsi yra laimingai i\u0161tek\u0117jusi u\u017e linksmuolio m\u0117lynakio End\u017eio. Nuo pat pirm\u0173 dien\u0173 j\u0173 santuoka ne tik atrodo tobula \u2013 ji yra tobula. Ta\u010diau vien\u0105 lemting\u0105 dien\u0105 Elen sankry\u017eoje susitinka Leo \u2013 vaikin\u0105, kuris ka\u017ekada sudau\u017e\u0117 jai \u0161ird\u012f ir paliko nieko dorai nepaai\u0161kin\u0119s. Susitikimas su juo suk\u0117l\u0117 seniai u\u017eslopintus jausmus ir Elen kilo klausimas, ar jos idealus gyvenimas yra tikrai tai, ko ji trok\u0161ta. Galiausiai Elen bauginamai suvokia, kad ateina diena, kai privalo pasirinkti t\u0105, kur\u012f myli i\u0161 ties\u0173.","breadcrumb":{"@id":"https:\/\/skaitytaknyga.lt\/produktas\/emily-griffin-myleti-ta-kuris-salia\/#breadcrumb"},"inLanguage":"en-GB","potentialAction":[{"@type":"ReadAction","target":["https:\/\/skaitytaknyga.lt\/produktas\/emily-griffin-myleti-ta-kuris-salia\/"]}]},{"@type":"ImageObject","inLanguage":"en-GB","@id":"https:\/\/skaitytaknyga.lt\/produktas\/emily-griffin-myleti-ta-kuris-salia\/#primaryimage","url":"https:\/\/skaitytaknyga.lt\/wp-content\/uploads\/2024\/05\/000000000002141649-59de8449ec624-asset-knyguklubas-cdb_myleti-ta-kuris-salia_p1.jpg","contentUrl":"https:\/\/skaitytaknyga.lt\/wp-content\/uploads\/2024\/05\/000000000002141649-59de8449ec624-asset-knyguklubas-cdb_myleti-ta-kuris-salia_p1.jpg","width":285,"height":450},{"@type":"BreadcrumbList","@id":"https:\/\/skaitytaknyga.lt\/produktas\/emily-griffin-myleti-ta-kuris-salia\/#breadcrumb","itemListElement":[{"@type":"ListItem","position":1,"name":"Home","item":"https:\/\/skaitytaknyga.lt\/"},{"@type":"ListItem","position":2,"name":"Parduotuv\u0117","item":"https:\/\/skaitytaknyga.lt\/knygu-parduotuve\/"},{"@type":"ListItem","position":3,"name":"Emily Griffin \u201eMyl\u0117ti t\u0105, kuris \u0161alia?\u201c"}]},{"@type":"WebSite","@id":"https:\/\/skaitytaknyga.lt\/#website","url":"https:\/\/skaitytaknyga.lt\/","name":"skaitytaknyga.lt","description":"Skaitytaknyga.lt \u2013 tai ma\u017eas \u0161eimos verslas, kuris prasid\u0117jo nuo meil\u0117s knygoms ir siekio i\u0161gelb\u0117ti knygas nuo likimo prie konteinerio. Kas vienam nereikalingas daiktas \u2013 kitam lobis, o mes esame tarpininkai, kurie padeda abiems tapti laimingesniems ???? \u017dinome kaip nelengva i\u0161gyventi ma\u017eiems verslams, tad nuo \u0161iol, \u010dia rasite ir kit\u0173, ma\u017e\u0173 \u0161eim\u0173 versl\u0173, rank\u0173 darbo, dovan\u0173 sau ir artimiesiems.","publisher":{"@id":"https:\/\/skaitytaknyga.lt\/#organization"},"potentialAction":[{"@type":"SearchAction","target":{"@type":"EntryPoint","urlTemplate":"https:\/\/skaitytaknyga.lt\/?s={search_term_string}"},"query-input":{"@type":"PropertyValueSpecification","valueRequired":true,"valueName":"search_term_string"}}],"inLanguage":"en-GB"},{"@type":"Organization","@id":"https:\/\/skaitytaknyga.lt\/#organization","name":"skaitytaknyga.lt","url":"https:\/\/skaitytaknyga.lt\/","logo":{"@type":"ImageObject","inLanguage":"en-GB","@id":"https:\/\/skaitytaknyga.lt\/#\/schema\/logo\/image\/","url":"https:\/\/skaitytaknyga.lt\/wp-content\/uploads\/2024\/05\/cropped-cropped-cropped-02_00843_jt3bggkj1j3HLc7SyY6rEUpg.jpeg","contentUrl":"https:\/\/skaitytaknyga.lt\/wp-content\/uploads\/2024\/05\/cropped-cropped-cropped-02_00843_jt3bggkj1j3HLc7SyY6rEUpg.jpeg","width":1600,"height":1600,"caption":"skaitytaknyga.lt"},"image":{"@id":"https:\/\/skaitytaknyga.lt\/#\/schema\/logo\/image\/"},"sameAs":["https:\/\/www.facebook.com\/skaitytaknyga\/"]}]}},"_links":{"self":[{"href":"https:\/\/skaitytaknyga.lt\/en\/wp-json\/wp\/v2\/product\/10729","targetHints":{"allow":["GET"]}}],"collection":[{"href":"https:\/\/skaitytaknyga.lt\/en\/wp-json\/wp\/v2\/product"}],"about":[{"href":"https:\/\/skaitytaknyga.lt\/en\/wp-json\/wp\/v2\/types\/product"}],"replies":[{"embeddable":true,"href":"https:\/\/skaitytaknyga.lt\/en\/wp-json\/wp\/v2\/comments?post=10729"}],"wp:featuredmedia":[{"embeddable":true,"href":"https:\/\/skaitytaknyga.lt\/en\/wp-json\/wp\/v2\/media\/10769"}],"wp:attachment":[{"href":"https:\/\/skaitytaknyga.lt\/en\/wp-json\/wp\/v2\/media?parent=10729"}],"wp:term":[{"taxonomy":"product_brand","embeddable":true,"href":"https:\/\/skaitytaknyga.lt\/en\/wp-json\/wp\/v2\/product_brand?post=10729"},{"taxonomy":"product_cat","embeddable":true,"href":"https:\/\/skaitytaknyga.lt\/en\/wp-json\/wp\/v2\/product_cat?post=10729"},{"taxonomy":"product_tag","embeddable":true,"href":"https:\/\/skaitytaknyga.lt\/en\/wp-json\/wp\/v2\/product_tag?post=10729"}],"curies":[{"name":"wp","href":"https:\/\/api.w.org\/{rel}","templated":true}]}}