{"id":10728,"date":"2024-05-04T19:12:30","date_gmt":"2024-05-04T19:12:30","guid":{"rendered":"https:\/\/skaitytaknyga.lt\/?post_type=product&#038;p=10728"},"modified":"2024-05-04T19:14:34","modified_gmt":"2024-05-04T19:14:34","slug":"galutine-stotis-ausvicas-pageltes-virsus","status":"publish","type":"product","link":"https:\/\/skaitytaknyga.lt\/en\/produktas\/galutine-stotis-ausvicas-pageltes-virsus\/","title":{"rendered":"\u201eGalutin\u0117 stotis \u2013 Au\u0161vicas&#8221; (pagelt\u0119s vir\u0161us)"},"content":{"rendered":"<p>\u201eAu\u0161vicas visuomet s\u0117d\u0117jo prie m\u016bs\u0173 virtuv\u0117s stalo.&#8221; Taip pasak\u0117 mano mama, i\u0161 m\u016bs\u0173 i\u0161girdusi \u017eini\u0105, kad planuojame nauj\u0105 knygos \u201eGalutin\u0117 stotis \u2013 Au\u0161vicas&#8221; leidim\u0105. Ji buvo teisi. Au\u0161vicas gyveno su mumis. Da\u017eniausiai jis buvo matomas, vis i\u0161nyrantis t\u0117vo pasakojimuose ir sugr\u012f\u017etantis jo, kaip psichiatro, profesin\u0117je veikloje. Arba jis b\u016bdavo plika akimi nematomas, bet lyg vaiduoklis bla\u0161kydavosi po m\u016bs\u0173 namus, keldamas baim\u0119. Au\u0161vicas neturi pasikartoti \u2013 \u0161is tro\u0161kimas, atsirad\u0119s t\u0117vo \u0161irdyje, vokie\u010diams palikus lager\u012f, tapo varom\u0105ja jo gyvenimo j\u0117ga, savo istorij\u0105 paskatinusia ant popieriaus u\u017era\u0161yti. D\u0117l \u0161ios prie\u017easties \u201eGalutin\u0117 stotis \u2013 Au\u0161vicas&#8221; yra daugiau nei asmeninis liudijimas: tai \u017evilgsnis \u012f siaubo pasaul\u012f, iki \u0161iolei daugeliui m\u016bs\u0173 nematyt\u0105 ir nepa\u017eint\u0105<\/p>\n","protected":false},"excerpt":{"rendered":"<p>\u201eAu\u0161vicas visuomet s\u0117d\u0117jo prie m\u016bs\u0173 virtuv\u0117s stalo.&#8221; Taip pasak\u0117 mano mama, i\u0161 m\u016bs\u0173 i\u0161girdusi \u017eini\u0105, kad planuojame nauj\u0105 knygos \u201eGalutin\u0117 stotis \u2013 Au\u0161vicas&#8221; leidim\u0105. Ji buvo teisi. Au\u0161vicas gyveno su mumis. Da\u017eniausiai jis buvo matomas, vis i\u0161nyrantis t\u0117vo pasakojimuose ir sugr\u012f\u017etantis jo, kaip psichiatro, profesin\u0117je veikloje. Arba jis b\u016bdavo plika akimi nematomas, bet lyg vaiduoklis bla\u0161kydavosi po m\u016bs\u0173 namus, keldamas baim\u0119. Au\u0161vicas neturi pasikartoti \u2013 \u0161is tro\u0161kimas, atsirad\u0119s t\u0117vo \u0161irdyje, vokie\u010diams palikus lager\u012f, tapo varom\u0105ja jo gyvenimo j\u0117ga, savo istorij\u0105 paskatinusia ant popieriaus u\u017era\u0161yti. D\u0117l \u0161ios prie\u017easties \u201eGalutin\u0117 stotis \u2013 Au\u0161vicas&#8221; yra daugiau nei asmeninis liudijimas: tai \u017evilgsnis \u012f siaubo pasaul\u012f, iki \u0161iolei daugeliui m\u016bs\u0173 nematyt\u0105 ir nepa\u017eint\u0105<\/p>\n","protected":false},"featured_media":10767,"comment_status":"open","ping_status":"closed","template":"","meta":{"_acf_changed":false,"site-sidebar-layout":"default","site-content-layout":"","ast-site-content-layout":"default","site-content-style":"default","site-sidebar-style":"default","ast-global-header-display":"","ast-banner-title-visibility":"","ast-main-header-display":"","ast-hfb-above-header-display":"","ast-hfb-below-header-display":"","ast-hfb-mobile-header-display":"","site-post-title":"","ast-breadcrumbs-content":"","ast-featured-img":"","footer-sml-layout":"","ast-disable-related-posts":"","theme-transparent-header-meta":"","adv-header-id-meta":"","stick-header-meta":"","header-above-stick-meta":"","header-main-stick-meta":"","header-below-stick-meta":"","astra-migrate-meta-layouts":"default","ast-page-background-enabled":"default","ast-page-background-meta":{"desktop":{"background-color":"","background-image":"","background-repeat":"repeat","background-position":"center center","background-size":"auto","background-attachment":"scroll","background-type":"","background-media":"","overlay-type":"","overlay-color":"","overlay-opacity":"","overlay-gradient":""},"tablet":{"background-color":"","background-image":"","background-repeat":"repeat","background-position":"center center","background-size":"auto","background-attachment":"scroll","background-type":"","background-media":"","overlay-type":"","overlay-color":"","overlay-opacity":"","overlay-gradient":""},"mobile":{"background-color":"","background-image":"","background-repeat":"repeat","background-position":"center center","background-size":"auto","background-attachment":"scroll","background-type":"","background-media":"","overlay-type":"","overlay-color":"","overlay-opacity":"","overlay-gradient":""}},"ast-content-background-meta":{"desktop":{"background-color":"var(--ast-global-color-4)","background-image":"","background-repeat":"repeat","background-position":"center center","background-size":"auto","background-attachment":"scroll","background-type":"","background-media":"","overlay-type":"","overlay-color":"","overlay-opacity":"","overlay-gradient":""},"tablet":{"background-color":"var(--ast-global-color-4)","background-image":"","background-repeat":"repeat","background-position":"center center","background-size":"auto","background-attachment":"scroll","background-type":"","background-media":"","overlay-type":"","overlay-color":"","overlay-opacity":"","overlay-gradient":""},"mobile":{"background-color":"var(--ast-global-color-4)","background-image":"","background-repeat":"repeat","background-position":"center center","background-size":"auto","background-attachment":"scroll","background-type":"","background-media":"","overlay-type":"","overlay-color":"","overlay-opacity":"","overlay-gradient":""}}},"product_brand":[],"product_cat":[33,31,174],"product_tag":[],"class_list":{"0":"post-10728","1":"product","2":"type-product","3":"status-publish","4":"has-post-thumbnail","6":"product_cat-biografijos","7":"product_cat-grozine-literatura","8":"product_cat-istorija-ir-politologija","9":"desktop-align-left","10":"tablet-align-left","11":"mobile-align-left","13":"first","14":"outofstock","15":"shipping-taxable","16":"purchasable","17":"product-type-simple"},"acf":[],"yoast_head":"<!-- This site is optimized with the Yoast SEO plugin v27.4 - https:\/\/yoast.com\/product\/yoast-seo-wordpress\/ -->\n<title>\u201eGalutin\u0117 stotis \u2013 Au\u0161vicas&quot; (pagelt\u0119s vir\u0161us) - Skaitytaknyga<\/title>\n<meta name=\"description\" content=\"\u201eAu\u0161vicas visuomet s\u0117d\u0117jo prie m\u016bs\u0173 virtuv\u0117s stalo.&quot; Taip pasak\u0117 mano mama, i\u0161 m\u016bs\u0173 i\u0161girdusi \u017eini\u0105, kad planuojame nauj\u0105 knygos \u201eGalutin\u0117 stotis \u2013\" \/>\n<meta name=\"robots\" content=\"index, follow, max-snippet:-1, max-image-preview:large, max-video-preview:-1\" \/>\n<link rel=\"canonical\" href=\"https:\/\/skaitytaknyga.lt\/en\/produktas\/galutine-stotis-ausvicas-pageltes-virsus\/\" \/>\n<meta property=\"og:locale\" content=\"en_GB\" \/>\n<meta property=\"og:locale:alternate\" content=\"lt_LT\" \/>\n<meta property=\"og:type\" content=\"article\" \/>\n<meta property=\"og:title\" content=\"\u201eGalutin\u0117 stotis \u2013 Au\u0161vicas&quot; (pagelt\u0119s vir\u0161us) - Skaitytaknyga\" \/>\n<meta property=\"og:description\" content=\"\u201eAu\u0161vicas visuomet s\u0117d\u0117jo prie m\u016bs\u0173 virtuv\u0117s stalo.&quot; Taip pasak\u0117 mano mama, i\u0161 m\u016bs\u0173 i\u0161girdusi \u017eini\u0105, kad planuojame nauj\u0105 knygos \u201eGalutin\u0117 stotis \u2013\" \/>\n<meta property=\"og:url\" content=\"https:\/\/skaitytaknyga.lt\/en\/produktas\/galutine-stotis-ausvicas-pageltes-virsus\/\" \/>\n<meta property=\"og:site_name\" content=\"Skaitytaknyga\" \/>\n<meta property=\"article:publisher\" content=\"https:\/\/www.facebook.com\/skaitytaknyga\/\" \/>\n<meta property=\"article:modified_time\" content=\"2024-05-04T19:14:34+00:00\" \/>\n<meta property=\"og:image\" content=\"https:\/\/skaitytaknyga.lt\/wp-content\/uploads\/2024\/05\/1000002585-scaled-1.jpg\" \/>\n\t<meta property=\"og:image:width\" content=\"1627\" \/>\n\t<meta property=\"og:image:height\" content=\"2560\" \/>\n\t<meta property=\"og:image:type\" content=\"image\/jpeg\" \/>\n<meta name=\"twitter:card\" content=\"summary_large_image\" \/>\n<meta name=\"twitter:label1\" content=\"Estimated reading time\" \/>\n\t<meta name=\"twitter:data1\" content=\"1 minute\" \/>\n<script type=\"application\/ld+json\" class=\"yoast-schema-graph\">{\"@context\":\"https:\\\/\\\/schema.org\",\"@graph\":[{\"@type\":\"WebPage\",\"@id\":\"https:\\\/\\\/skaitytaknyga.lt\\\/produktas\\\/galutine-stotis-ausvicas-pageltes-virsus\\\/\",\"url\":\"https:\\\/\\\/skaitytaknyga.lt\\\/produktas\\\/galutine-stotis-ausvicas-pageltes-virsus\\\/\",\"name\":\"\u201eGalutin\u0117 stotis \u2013 Au\u0161vicas\\\" (pagelt\u0119s vir\u0161us) - Skaitytaknyga\",\"isPartOf\":{\"@id\":\"https:\\\/\\\/skaitytaknyga.lt\\\/#website\"},\"primaryImageOfPage\":{\"@id\":\"https:\\\/\\\/skaitytaknyga.lt\\\/produktas\\\/galutine-stotis-ausvicas-pageltes-virsus\\\/#primaryimage\"},\"image\":{\"@id\":\"https:\\\/\\\/skaitytaknyga.lt\\\/produktas\\\/galutine-stotis-ausvicas-pageltes-virsus\\\/#primaryimage\"},\"thumbnailUrl\":\"https:\\\/\\\/skaitytaknyga.lt\\\/wp-content\\\/uploads\\\/2024\\\/05\\\/1000002585-scaled-1.jpg\",\"datePublished\":\"2024-05-04T19:12:30+00:00\",\"dateModified\":\"2024-05-04T19:14:34+00:00\",\"description\":\"\u201eAu\u0161vicas visuomet s\u0117d\u0117jo prie m\u016bs\u0173 virtuv\u0117s stalo.\\\" Taip pasak\u0117 mano mama, i\u0161 m\u016bs\u0173 i\u0161girdusi \u017eini\u0105, kad planuojame nauj\u0105 knygos \u201eGalutin\u0117 stotis \u2013\",\"breadcrumb\":{\"@id\":\"https:\\\/\\\/skaitytaknyga.lt\\\/produktas\\\/galutine-stotis-ausvicas-pageltes-virsus\\\/#breadcrumb\"},\"inLanguage\":\"en-GB\",\"potentialAction\":[{\"@type\":\"ReadAction\",\"target\":[\"https:\\\/\\\/skaitytaknyga.lt\\\/produktas\\\/galutine-stotis-ausvicas-pageltes-virsus\\\/\"]}]},{\"@type\":\"ImageObject\",\"inLanguage\":\"en-GB\",\"@id\":\"https:\\\/\\\/skaitytaknyga.lt\\\/produktas\\\/galutine-stotis-ausvicas-pageltes-virsus\\\/#primaryimage\",\"url\":\"https:\\\/\\\/skaitytaknyga.lt\\\/wp-content\\\/uploads\\\/2024\\\/05\\\/1000002585-scaled-1.jpg\",\"contentUrl\":\"https:\\\/\\\/skaitytaknyga.lt\\\/wp-content\\\/uploads\\\/2024\\\/05\\\/1000002585-scaled-1.jpg\",\"width\":1627,\"height\":2560},{\"@type\":\"BreadcrumbList\",\"@id\":\"https:\\\/\\\/skaitytaknyga.lt\\\/produktas\\\/galutine-stotis-ausvicas-pageltes-virsus\\\/#breadcrumb\",\"itemListElement\":[{\"@type\":\"ListItem\",\"position\":1,\"name\":\"Home\",\"item\":\"https:\\\/\\\/skaitytaknyga.lt\\\/\"},{\"@type\":\"ListItem\",\"position\":2,\"name\":\"Parduotuv\u0117\",\"item\":\"https:\\\/\\\/skaitytaknyga.lt\\\/knygu-parduotuve\\\/\"},{\"@type\":\"ListItem\",\"position\":3,\"name\":\"\u201eGalutin\u0117 stotis \u2013 Au\u0161vicas&#8221; (pagelt\u0119s vir\u0161us)\"}]},{\"@type\":\"WebSite\",\"@id\":\"https:\\\/\\\/skaitytaknyga.lt\\\/#website\",\"url\":\"https:\\\/\\\/skaitytaknyga.lt\\\/\",\"name\":\"skaitytaknyga.lt\",\"description\":\"Skaitytaknyga.lt \u2013 tai ma\u017eas \u0161eimos verslas, kuris prasid\u0117jo nuo meil\u0117s knygoms ir siekio i\u0161gelb\u0117ti knygas nuo likimo prie konteinerio. Kas vienam nereikalingas daiktas \u2013 kitam lobis, o mes esame tarpininkai, kurie padeda abiems tapti laimingesniems ???? \u017dinome kaip nelengva i\u0161gyventi ma\u017eiems verslams, tad nuo \u0161iol, \u010dia rasite ir kit\u0173, ma\u017e\u0173 \u0161eim\u0173 versl\u0173, rank\u0173 darbo, dovan\u0173 sau ir artimiesiems.\",\"publisher\":{\"@id\":\"https:\\\/\\\/skaitytaknyga.lt\\\/#organization\"},\"potentialAction\":[{\"@type\":\"SearchAction\",\"target\":{\"@type\":\"EntryPoint\",\"urlTemplate\":\"https:\\\/\\\/skaitytaknyga.lt\\\/?s={search_term_string}\"},\"query-input\":{\"@type\":\"PropertyValueSpecification\",\"valueRequired\":true,\"valueName\":\"search_term_string\"}}],\"inLanguage\":\"en-GB\"},{\"@type\":\"Organization\",\"@id\":\"https:\\\/\\\/skaitytaknyga.lt\\\/#organization\",\"name\":\"skaitytaknyga.lt\",\"url\":\"https:\\\/\\\/skaitytaknyga.lt\\\/\",\"logo\":{\"@type\":\"ImageObject\",\"inLanguage\":\"en-GB\",\"@id\":\"https:\\\/\\\/skaitytaknyga.lt\\\/#\\\/schema\\\/logo\\\/image\\\/\",\"url\":\"https:\\\/\\\/skaitytaknyga.lt\\\/wp-content\\\/uploads\\\/2024\\\/05\\\/cropped-cropped-cropped-02_00843_jt3bggkj1j3HLc7SyY6rEUpg.jpeg\",\"contentUrl\":\"https:\\\/\\\/skaitytaknyga.lt\\\/wp-content\\\/uploads\\\/2024\\\/05\\\/cropped-cropped-cropped-02_00843_jt3bggkj1j3HLc7SyY6rEUpg.jpeg\",\"width\":1600,\"height\":1600,\"caption\":\"skaitytaknyga.lt\"},\"image\":{\"@id\":\"https:\\\/\\\/skaitytaknyga.lt\\\/#\\\/schema\\\/logo\\\/image\\\/\"},\"sameAs\":[\"https:\\\/\\\/www.facebook.com\\\/skaitytaknyga\\\/\"]}]}<\/script>\n<!-- \/ Yoast SEO plugin. -->","yoast_head_json":{"title":"\u201eGalutin\u0117 stotis \u2013 Au\u0161vicas\" (pagelt\u0119s vir\u0161us) - Skaitytaknyga","description":"\u201eAu\u0161vicas visuomet s\u0117d\u0117jo prie m\u016bs\u0173 virtuv\u0117s stalo.\" Taip pasak\u0117 mano mama, i\u0161 m\u016bs\u0173 i\u0161girdusi \u017eini\u0105, kad planuojame nauj\u0105 knygos \u201eGalutin\u0117 stotis \u2013","robots":{"index":"index","follow":"follow","max-snippet":"max-snippet:-1","max-image-preview":"max-image-preview:large","max-video-preview":"max-video-preview:-1"},"canonical":"https:\/\/skaitytaknyga.lt\/en\/produktas\/galutine-stotis-ausvicas-pageltes-virsus\/","og_locale":"en_GB","og_type":"article","og_title":"\u201eGalutin\u0117 stotis \u2013 Au\u0161vicas\" (pagelt\u0119s vir\u0161us) - Skaitytaknyga","og_description":"\u201eAu\u0161vicas visuomet s\u0117d\u0117jo prie m\u016bs\u0173 virtuv\u0117s stalo.\" Taip pasak\u0117 mano mama, i\u0161 m\u016bs\u0173 i\u0161girdusi \u017eini\u0105, kad planuojame nauj\u0105 knygos \u201eGalutin\u0117 stotis \u2013","og_url":"https:\/\/skaitytaknyga.lt\/en\/produktas\/galutine-stotis-ausvicas-pageltes-virsus\/","og_site_name":"Skaitytaknyga","article_publisher":"https:\/\/www.facebook.com\/skaitytaknyga\/","article_modified_time":"2024-05-04T19:14:34+00:00","og_image":[{"width":1627,"height":2560,"url":"https:\/\/skaitytaknyga.lt\/wp-content\/uploads\/2024\/05\/1000002585-scaled-1.jpg","type":"image\/jpeg"}],"twitter_card":"summary_large_image","twitter_misc":{"Estimated reading time":"1 minute"},"schema":{"@context":"https:\/\/schema.org","@graph":[{"@type":"WebPage","@id":"https:\/\/skaitytaknyga.lt\/produktas\/galutine-stotis-ausvicas-pageltes-virsus\/","url":"https:\/\/skaitytaknyga.lt\/produktas\/galutine-stotis-ausvicas-pageltes-virsus\/","name":"\u201eGalutin\u0117 stotis \u2013 Au\u0161vicas\" (pagelt\u0119s vir\u0161us) - Skaitytaknyga","isPartOf":{"@id":"https:\/\/skaitytaknyga.lt\/#website"},"primaryImageOfPage":{"@id":"https:\/\/skaitytaknyga.lt\/produktas\/galutine-stotis-ausvicas-pageltes-virsus\/#primaryimage"},"image":{"@id":"https:\/\/skaitytaknyga.lt\/produktas\/galutine-stotis-ausvicas-pageltes-virsus\/#primaryimage"},"thumbnailUrl":"https:\/\/skaitytaknyga.lt\/wp-content\/uploads\/2024\/05\/1000002585-scaled-1.jpg","datePublished":"2024-05-04T19:12:30+00:00","dateModified":"2024-05-04T19:14:34+00:00","description":"\u201eAu\u0161vicas visuomet s\u0117d\u0117jo prie m\u016bs\u0173 virtuv\u0117s stalo.\" Taip pasak\u0117 mano mama, i\u0161 m\u016bs\u0173 i\u0161girdusi \u017eini\u0105, kad planuojame nauj\u0105 knygos \u201eGalutin\u0117 stotis \u2013","breadcrumb":{"@id":"https:\/\/skaitytaknyga.lt\/produktas\/galutine-stotis-ausvicas-pageltes-virsus\/#breadcrumb"},"inLanguage":"en-GB","potentialAction":[{"@type":"ReadAction","target":["https:\/\/skaitytaknyga.lt\/produktas\/galutine-stotis-ausvicas-pageltes-virsus\/"]}]},{"@type":"ImageObject","inLanguage":"en-GB","@id":"https:\/\/skaitytaknyga.lt\/produktas\/galutine-stotis-ausvicas-pageltes-virsus\/#primaryimage","url":"https:\/\/skaitytaknyga.lt\/wp-content\/uploads\/2024\/05\/1000002585-scaled-1.jpg","contentUrl":"https:\/\/skaitytaknyga.lt\/wp-content\/uploads\/2024\/05\/1000002585-scaled-1.jpg","width":1627,"height":2560},{"@type":"BreadcrumbList","@id":"https:\/\/skaitytaknyga.lt\/produktas\/galutine-stotis-ausvicas-pageltes-virsus\/#breadcrumb","itemListElement":[{"@type":"ListItem","position":1,"name":"Home","item":"https:\/\/skaitytaknyga.lt\/"},{"@type":"ListItem","position":2,"name":"Parduotuv\u0117","item":"https:\/\/skaitytaknyga.lt\/knygu-parduotuve\/"},{"@type":"ListItem","position":3,"name":"\u201eGalutin\u0117 stotis \u2013 Au\u0161vicas&#8221; (pagelt\u0119s vir\u0161us)"}]},{"@type":"WebSite","@id":"https:\/\/skaitytaknyga.lt\/#website","url":"https:\/\/skaitytaknyga.lt\/","name":"skaitytaknyga.lt","description":"Skaitytaknyga.lt \u2013 tai ma\u017eas \u0161eimos verslas, kuris prasid\u0117jo nuo meil\u0117s knygoms ir siekio i\u0161gelb\u0117ti knygas nuo likimo prie konteinerio. Kas vienam nereikalingas daiktas \u2013 kitam lobis, o mes esame tarpininkai, kurie padeda abiems tapti laimingesniems ???? \u017dinome kaip nelengva i\u0161gyventi ma\u017eiems verslams, tad nuo \u0161iol, \u010dia rasite ir kit\u0173, ma\u017e\u0173 \u0161eim\u0173 versl\u0173, rank\u0173 darbo, dovan\u0173 sau ir artimiesiems.","publisher":{"@id":"https:\/\/skaitytaknyga.lt\/#organization"},"potentialAction":[{"@type":"SearchAction","target":{"@type":"EntryPoint","urlTemplate":"https:\/\/skaitytaknyga.lt\/?s={search_term_string}"},"query-input":{"@type":"PropertyValueSpecification","valueRequired":true,"valueName":"search_term_string"}}],"inLanguage":"en-GB"},{"@type":"Organization","@id":"https:\/\/skaitytaknyga.lt\/#organization","name":"skaitytaknyga.lt","url":"https:\/\/skaitytaknyga.lt\/","logo":{"@type":"ImageObject","inLanguage":"en-GB","@id":"https:\/\/skaitytaknyga.lt\/#\/schema\/logo\/image\/","url":"https:\/\/skaitytaknyga.lt\/wp-content\/uploads\/2024\/05\/cropped-cropped-cropped-02_00843_jt3bggkj1j3HLc7SyY6rEUpg.jpeg","contentUrl":"https:\/\/skaitytaknyga.lt\/wp-content\/uploads\/2024\/05\/cropped-cropped-cropped-02_00843_jt3bggkj1j3HLc7SyY6rEUpg.jpeg","width":1600,"height":1600,"caption":"skaitytaknyga.lt"},"image":{"@id":"https:\/\/skaitytaknyga.lt\/#\/schema\/logo\/image\/"},"sameAs":["https:\/\/www.facebook.com\/skaitytaknyga\/"]}]}},"_links":{"self":[{"href":"https:\/\/skaitytaknyga.lt\/en\/wp-json\/wp\/v2\/product\/10728","targetHints":{"allow":["GET"]}}],"collection":[{"href":"https:\/\/skaitytaknyga.lt\/en\/wp-json\/wp\/v2\/product"}],"about":[{"href":"https:\/\/skaitytaknyga.lt\/en\/wp-json\/wp\/v2\/types\/product"}],"replies":[{"embeddable":true,"href":"https:\/\/skaitytaknyga.lt\/en\/wp-json\/wp\/v2\/comments?post=10728"}],"wp:featuredmedia":[{"embeddable":true,"href":"https:\/\/skaitytaknyga.lt\/en\/wp-json\/wp\/v2\/media\/10767"}],"wp:attachment":[{"href":"https:\/\/skaitytaknyga.lt\/en\/wp-json\/wp\/v2\/media?parent=10728"}],"wp:term":[{"taxonomy":"product_brand","embeddable":true,"href":"https:\/\/skaitytaknyga.lt\/en\/wp-json\/wp\/v2\/product_brand?post=10728"},{"taxonomy":"product_cat","embeddable":true,"href":"https:\/\/skaitytaknyga.lt\/en\/wp-json\/wp\/v2\/product_cat?post=10728"},{"taxonomy":"product_tag","embeddable":true,"href":"https:\/\/skaitytaknyga.lt\/en\/wp-json\/wp\/v2\/product_tag?post=10728"}],"curies":[{"name":"wp","href":"https:\/\/api.w.org\/{rel}","templated":true}]}}