{"id":10725,"date":"2024-05-04T19:12:29","date_gmt":"2024-05-04T19:12:29","guid":{"rendered":"https:\/\/skaitytaknyga.lt\/?post_type=product&#038;p=10725"},"modified":"2025-05-15T09:39:31","modified_gmt":"2025-05-15T06:39:31","slug":"ko-laukti-kai-laukiesi","status":"publish","type":"product","link":"https:\/\/skaitytaknyga.lt\/en\/produktas\/ko-laukti-kai-laukiesi\/","title":{"rendered":"Ko laukti, kai laukiesi"},"content":{"rendered":"<p>Naujasis \u201en\u0117\u0161tumo biblija\u201c tituluojamos knygos leidimas yra pritaikytas \u0161iuolaikiniams b\u016bsimiems t\u0117vams, pradedant nuo naujausi\u0173 medicinos \u017eini\u0173, baigiant atsakymais \u012f kiekvien\u0105 galint\u012f i\u0161kilti klausim\u0105 apie n\u0117\u0161tum\u0105, gyvenimo poky\u010dius, jaun\u0173j\u0173 t\u0117v\u0173 savijaut\u0105 ir pirmuosius m\u0117nesius po naujo \u017emogu\u010dio at\u0117jimo \u012f pasul\u012f. Ypatingas d\u0117mesys atkreipiamas \u012f daugiavais\u012f n\u0117\u0161tum\u0105, laikotarp\u012f prie\u0161 pastojim\u0105 ir n\u0117\u0161\u010diosios diet\u0105, kuri leis jaustis sveikai ir be vargo susigr\u0105\u017einti buvusi\u0105 fig\u016br\u0105.<\/p>\n","protected":false},"excerpt":{"rendered":"<p>Naujasis \u201en\u0117\u0161tumo biblija\u201c tituluojamos knygos leidimas yra pritaikytas \u0161iuolaikiniams b\u016bsimiems t\u0117vams, pradedant nuo naujausi\u0173 medicinos \u017eini\u0173, baigiant atsakymais \u012f kiekvien\u0105 galint\u012f i\u0161kilti klausim\u0105 apie n\u0117\u0161tum\u0105, gyvenimo poky\u010dius, jaun\u0173j\u0173 t\u0117v\u0173 savijaut\u0105 ir pirmuosius m\u0117nesius po naujo \u017emogu\u010dio at\u0117jimo \u012f pasul\u012f. Ypatingas d\u0117mesys atkreipiamas \u012f daugiavais\u012f n\u0117\u0161tum\u0105, laikotarp\u012f prie\u0161 pastojim\u0105 ir n\u0117\u0161\u010diosios diet\u0105, kuri leis jaustis sveikai ir be vargo susigr\u0105\u017einti buvusi\u0105 fig\u016br\u0105.<\/p>\n","protected":false},"featured_media":10758,"comment_status":"closed","ping_status":"closed","template":"","meta":{"_acf_changed":false,"site-sidebar-layout":"default","site-content-layout":"","ast-site-content-layout":"default","site-content-style":"default","site-sidebar-style":"default","ast-global-header-display":"","ast-banner-title-visibility":"","ast-main-header-display":"","ast-hfb-above-header-display":"","ast-hfb-below-header-display":"","ast-hfb-mobile-header-display":"","site-post-title":"","ast-breadcrumbs-content":"","ast-featured-img":"","footer-sml-layout":"","ast-disable-related-posts":"","theme-transparent-header-meta":"","adv-header-id-meta":"","stick-header-meta":"","header-above-stick-meta":"","header-main-stick-meta":"","header-below-stick-meta":"","astra-migrate-meta-layouts":"default","ast-page-background-enabled":"default","ast-page-background-meta":{"desktop":{"background-color":"","background-image":"","background-repeat":"repeat","background-position":"center center","background-size":"auto","background-attachment":"scroll","background-type":"","background-media":"","overlay-type":"","overlay-color":"","overlay-opacity":"","overlay-gradient":""},"tablet":{"background-color":"","background-image":"","background-repeat":"repeat","background-position":"center center","background-size":"auto","background-attachment":"scroll","background-type":"","background-media":"","overlay-type":"","overlay-color":"","overlay-opacity":"","overlay-gradient":""},"mobile":{"background-color":"","background-image":"","background-repeat":"repeat","background-position":"center center","background-size":"auto","background-attachment":"scroll","background-type":"","background-media":"","overlay-type":"","overlay-color":"","overlay-opacity":"","overlay-gradient":""}},"ast-content-background-meta":{"desktop":{"background-color":"var(--ast-global-color-4)","background-image":"","background-repeat":"repeat","background-position":"center center","background-size":"auto","background-attachment":"scroll","background-type":"","background-media":"","overlay-type":"","overlay-color":"","overlay-opacity":"","overlay-gradient":""},"tablet":{"background-color":"var(--ast-global-color-4)","background-image":"","background-repeat":"repeat","background-position":"center center","background-size":"auto","background-attachment":"scroll","background-type":"","background-media":"","overlay-type":"","overlay-color":"","overlay-opacity":"","overlay-gradient":""},"mobile":{"background-color":"var(--ast-global-color-4)","background-image":"","background-repeat":"repeat","background-position":"center center","background-size":"auto","background-attachment":"scroll","background-type":"","background-media":"","overlay-type":"","overlay-color":"","overlay-opacity":"","overlay-gradient":""}}},"product_brand":[],"product_cat":[37],"product_tag":[2791,2789,2790,1818,1740,2792,1646,1680],"class_list":{"0":"post-10725","1":"product","2":"type-product","3":"status-publish","4":"has-post-thumbnail","6":"product_cat-nestumas-ir-vaiku-prieziura-bei-auklejimas","7":"product_tag-busimos-mamos-gidas","8":"product_tag-heidi-murkoff","9":"product_tag-kudikio-laukimas","10":"product_tag-motinyste","11":"product_tag-nestumas","12":"product_tag-prenataline-prieziura","13":"product_tag-seima","14":"product_tag-sveikata","15":"desktop-align-left","16":"tablet-align-left","17":"mobile-align-left","19":"first","20":"outofstock","21":"shipping-taxable","22":"purchasable","23":"product-type-simple"},"acf":[],"yoast_head":"<!-- This site is optimized with the Yoast SEO plugin v27.0 - https:\/\/yoast.com\/product\/yoast-seo-wordpress\/ -->\n<title>Ko laukti, kai laukiesi - Skaitytaknyga<\/title>\n<meta name=\"description\" content=\"Naujasis \u201en\u0117\u0161tumo biblija\u201c tituluojamos knygos leidimas yra pritaikytas \u0161iuolaikiniams b\u016bsimiems t\u0117vams, pradedant nuo naujausi\u0173 medicinos \u017eini\u0173, baigiant atsakymais \u012f kiekvien\u0105 galint\u012f i\u0161kilti klausim\u0105 apie n\u0117\u0161tum\u0105, gyvenimo poky\u010dius, jaun\u0173j\u0173 t\u0117v\u0173 savijaut\u0105 ir pirmuosius m\u0117nesius po naujo \u017emogu\u010dio at\u0117jimo \u012f pasul\u012f. Ypatingas d\u0117mesys atkreipiamas \u012f daugiavais\u012f n\u0117\u0161tum\u0105, laikotarp\u012f prie\u0161 pastojim\u0105 ir n\u0117\u0161\u010diosios diet\u0105, kuri leis jaustis sveikai ir be vargo susigr\u0105\u017einti buvusi\u0105 fig\u016br\u0105.\" \/>\n<meta name=\"robots\" content=\"index, follow, max-snippet:-1, max-image-preview:large, max-video-preview:-1\" \/>\n<link rel=\"canonical\" href=\"https:\/\/skaitytaknyga.lt\/en\/produktas\/ko-laukti-kai-laukiesi\/\" \/>\n<meta property=\"og:locale\" content=\"en_GB\" \/>\n<meta property=\"og:locale:alternate\" content=\"lt_LT\" \/>\n<meta property=\"og:type\" content=\"article\" \/>\n<meta property=\"og:title\" content=\"Ko laukti, kai laukiesi - Skaitytaknyga\" \/>\n<meta property=\"og:description\" content=\"Naujasis \u201en\u0117\u0161tumo biblija\u201c tituluojamos knygos leidimas yra pritaikytas \u0161iuolaikiniams b\u016bsimiems t\u0117vams, pradedant nuo naujausi\u0173 medicinos \u017eini\u0173, baigiant atsakymais \u012f kiekvien\u0105 galint\u012f i\u0161kilti klausim\u0105 apie n\u0117\u0161tum\u0105, gyvenimo poky\u010dius, jaun\u0173j\u0173 t\u0117v\u0173 savijaut\u0105 ir pirmuosius m\u0117nesius po naujo \u017emogu\u010dio at\u0117jimo \u012f pasul\u012f. Ypatingas d\u0117mesys atkreipiamas \u012f daugiavais\u012f n\u0117\u0161tum\u0105, laikotarp\u012f prie\u0161 pastojim\u0105 ir n\u0117\u0161\u010diosios diet\u0105, kuri leis jaustis sveikai ir be vargo susigr\u0105\u017einti buvusi\u0105 fig\u016br\u0105.\" \/>\n<meta property=\"og:url\" content=\"https:\/\/skaitytaknyga.lt\/en\/produktas\/ko-laukti-kai-laukiesi\/\" \/>\n<meta property=\"og:site_name\" content=\"Skaitytaknyga\" \/>\n<meta property=\"article:publisher\" content=\"https:\/\/www.facebook.com\/skaitytaknyga\/\" \/>\n<meta property=\"article:modified_time\" content=\"2025-05-15T06:39:31+00:00\" \/>\n<meta property=\"og:image\" content=\"https:\/\/skaitytaknyga.lt\/wp-content\/uploads\/2024\/05\/000000000002162036-59de83e2d5279-asset-knyguklubas-cdb_9786094037887_ko_laukti_kai_laukiesi_p1.webp\" \/>\n\t<meta property=\"og:image:width\" content=\"285\" \/>\n\t<meta property=\"og:image:height\" content=\"393\" \/>\n\t<meta property=\"og:image:type\" content=\"image\/webp\" \/>\n<meta name=\"twitter:card\" content=\"summary_large_image\" \/>\n<script type=\"application\/ld+json\" class=\"yoast-schema-graph\">{\"@context\":\"https:\/\/schema.org\",\"@graph\":[{\"@type\":\"WebPage\",\"@id\":\"https:\/\/skaitytaknyga.lt\/produktas\/ko-laukti-kai-laukiesi\/\",\"url\":\"https:\/\/skaitytaknyga.lt\/produktas\/ko-laukti-kai-laukiesi\/\",\"name\":\"Ko laukti, kai laukiesi - Skaitytaknyga\",\"isPartOf\":{\"@id\":\"https:\/\/skaitytaknyga.lt\/#website\"},\"primaryImageOfPage\":{\"@id\":\"https:\/\/skaitytaknyga.lt\/produktas\/ko-laukti-kai-laukiesi\/#primaryimage\"},\"image\":{\"@id\":\"https:\/\/skaitytaknyga.lt\/produktas\/ko-laukti-kai-laukiesi\/#primaryimage\"},\"thumbnailUrl\":\"https:\/\/skaitytaknyga.lt\/wp-content\/uploads\/2024\/05\/000000000002162036-59de83e2d5279-asset-knyguklubas-cdb_9786094037887_ko_laukti_kai_laukiesi_p1.webp\",\"datePublished\":\"2024-05-04T19:12:29+00:00\",\"dateModified\":\"2025-05-15T06:39:31+00:00\",\"description\":\"Naujasis \u201en\u0117\u0161tumo biblija\u201c tituluojamos knygos leidimas yra pritaikytas \u0161iuolaikiniams b\u016bsimiems t\u0117vams, pradedant nuo naujausi\u0173 medicinos \u017eini\u0173, baigiant atsakymais \u012f kiekvien\u0105 galint\u012f i\u0161kilti klausim\u0105 apie n\u0117\u0161tum\u0105, gyvenimo poky\u010dius, jaun\u0173j\u0173 t\u0117v\u0173 savijaut\u0105 ir pirmuosius m\u0117nesius po naujo \u017emogu\u010dio at\u0117jimo \u012f pasul\u012f. Ypatingas d\u0117mesys atkreipiamas \u012f daugiavais\u012f n\u0117\u0161tum\u0105, laikotarp\u012f prie\u0161 pastojim\u0105 ir n\u0117\u0161\u010diosios diet\u0105, kuri leis jaustis sveikai ir be vargo susigr\u0105\u017einti buvusi\u0105 fig\u016br\u0105.\",\"breadcrumb\":{\"@id\":\"https:\/\/skaitytaknyga.lt\/produktas\/ko-laukti-kai-laukiesi\/#breadcrumb\"},\"inLanguage\":\"en-GB\",\"potentialAction\":[{\"@type\":\"ReadAction\",\"target\":[\"https:\/\/skaitytaknyga.lt\/produktas\/ko-laukti-kai-laukiesi\/\"]}]},{\"@type\":\"ImageObject\",\"inLanguage\":\"en-GB\",\"@id\":\"https:\/\/skaitytaknyga.lt\/produktas\/ko-laukti-kai-laukiesi\/#primaryimage\",\"url\":\"https:\/\/skaitytaknyga.lt\/wp-content\/uploads\/2024\/05\/000000000002162036-59de83e2d5279-asset-knyguklubas-cdb_9786094037887_ko_laukti_kai_laukiesi_p1.webp\",\"contentUrl\":\"https:\/\/skaitytaknyga.lt\/wp-content\/uploads\/2024\/05\/000000000002162036-59de83e2d5279-asset-knyguklubas-cdb_9786094037887_ko_laukti_kai_laukiesi_p1.webp\",\"width\":285,\"height\":393},{\"@type\":\"BreadcrumbList\",\"@id\":\"https:\/\/skaitytaknyga.lt\/produktas\/ko-laukti-kai-laukiesi\/#breadcrumb\",\"itemListElement\":[{\"@type\":\"ListItem\",\"position\":1,\"name\":\"Home\",\"item\":\"https:\/\/skaitytaknyga.lt\/\"},{\"@type\":\"ListItem\",\"position\":2,\"name\":\"Parduotuv\u0117\",\"item\":\"https:\/\/skaitytaknyga.lt\/knygu-parduotuve\/\"},{\"@type\":\"ListItem\",\"position\":3,\"name\":\"Ko laukti, kai laukiesi\"}]},{\"@type\":\"WebSite\",\"@id\":\"https:\/\/skaitytaknyga.lt\/#website\",\"url\":\"https:\/\/skaitytaknyga.lt\/\",\"name\":\"skaitytaknyga.lt\",\"description\":\"Skaitytaknyga.lt \u2013 tai ma\u017eas \u0161eimos verslas, kuris prasid\u0117jo nuo meil\u0117s knygoms ir siekio i\u0161gelb\u0117ti knygas nuo likimo prie konteinerio. Kas vienam nereikalingas daiktas \u2013 kitam lobis, o mes esame tarpininkai, kurie padeda abiems tapti laimingesniems ???? \u017dinome kaip nelengva i\u0161gyventi ma\u017eiems verslams, tad nuo \u0161iol, \u010dia rasite ir kit\u0173, ma\u017e\u0173 \u0161eim\u0173 versl\u0173, rank\u0173 darbo, dovan\u0173 sau ir artimiesiems.\",\"publisher\":{\"@id\":\"https:\/\/skaitytaknyga.lt\/#organization\"},\"potentialAction\":[{\"@type\":\"SearchAction\",\"target\":{\"@type\":\"EntryPoint\",\"urlTemplate\":\"https:\/\/skaitytaknyga.lt\/?s={search_term_string}\"},\"query-input\":{\"@type\":\"PropertyValueSpecification\",\"valueRequired\":true,\"valueName\":\"search_term_string\"}}],\"inLanguage\":\"en-GB\"},{\"@type\":\"Organization\",\"@id\":\"https:\/\/skaitytaknyga.lt\/#organization\",\"name\":\"skaitytaknyga.lt\",\"url\":\"https:\/\/skaitytaknyga.lt\/\",\"logo\":{\"@type\":\"ImageObject\",\"inLanguage\":\"en-GB\",\"@id\":\"https:\/\/skaitytaknyga.lt\/#\/schema\/logo\/image\/\",\"url\":\"https:\/\/skaitytaknyga.lt\/wp-content\/uploads\/2024\/05\/cropped-cropped-cropped-02_00843_jt3bggkj1j3HLc7SyY6rEUpg.jpeg\",\"contentUrl\":\"https:\/\/skaitytaknyga.lt\/wp-content\/uploads\/2024\/05\/cropped-cropped-cropped-02_00843_jt3bggkj1j3HLc7SyY6rEUpg.jpeg\",\"width\":1600,\"height\":1600,\"caption\":\"skaitytaknyga.lt\"},\"image\":{\"@id\":\"https:\/\/skaitytaknyga.lt\/#\/schema\/logo\/image\/\"},\"sameAs\":[\"https:\/\/www.facebook.com\/skaitytaknyga\/\"]}]}<\/script>\n<!-- \/ Yoast SEO plugin. -->","yoast_head_json":{"title":"Ko laukti, kai laukiesi - Skaitytaknyga","description":"Naujasis \u201en\u0117\u0161tumo biblija\u201c tituluojamos knygos leidimas yra pritaikytas \u0161iuolaikiniams b\u016bsimiems t\u0117vams, pradedant nuo naujausi\u0173 medicinos \u017eini\u0173, baigiant atsakymais \u012f kiekvien\u0105 galint\u012f i\u0161kilti klausim\u0105 apie n\u0117\u0161tum\u0105, gyvenimo poky\u010dius, jaun\u0173j\u0173 t\u0117v\u0173 savijaut\u0105 ir pirmuosius m\u0117nesius po naujo \u017emogu\u010dio at\u0117jimo \u012f pasul\u012f. Ypatingas d\u0117mesys atkreipiamas \u012f daugiavais\u012f n\u0117\u0161tum\u0105, laikotarp\u012f prie\u0161 pastojim\u0105 ir n\u0117\u0161\u010diosios diet\u0105, kuri leis jaustis sveikai ir be vargo susigr\u0105\u017einti buvusi\u0105 fig\u016br\u0105.","robots":{"index":"index","follow":"follow","max-snippet":"max-snippet:-1","max-image-preview":"max-image-preview:large","max-video-preview":"max-video-preview:-1"},"canonical":"https:\/\/skaitytaknyga.lt\/en\/produktas\/ko-laukti-kai-laukiesi\/","og_locale":"en_GB","og_type":"article","og_title":"Ko laukti, kai laukiesi - Skaitytaknyga","og_description":"Naujasis \u201en\u0117\u0161tumo biblija\u201c tituluojamos knygos leidimas yra pritaikytas \u0161iuolaikiniams b\u016bsimiems t\u0117vams, pradedant nuo naujausi\u0173 medicinos \u017eini\u0173, baigiant atsakymais \u012f kiekvien\u0105 galint\u012f i\u0161kilti klausim\u0105 apie n\u0117\u0161tum\u0105, gyvenimo poky\u010dius, jaun\u0173j\u0173 t\u0117v\u0173 savijaut\u0105 ir pirmuosius m\u0117nesius po naujo \u017emogu\u010dio at\u0117jimo \u012f pasul\u012f. Ypatingas d\u0117mesys atkreipiamas \u012f daugiavais\u012f n\u0117\u0161tum\u0105, laikotarp\u012f prie\u0161 pastojim\u0105 ir n\u0117\u0161\u010diosios diet\u0105, kuri leis jaustis sveikai ir be vargo susigr\u0105\u017einti buvusi\u0105 fig\u016br\u0105.","og_url":"https:\/\/skaitytaknyga.lt\/en\/produktas\/ko-laukti-kai-laukiesi\/","og_site_name":"Skaitytaknyga","article_publisher":"https:\/\/www.facebook.com\/skaitytaknyga\/","article_modified_time":"2025-05-15T06:39:31+00:00","og_image":[{"width":285,"height":393,"url":"https:\/\/skaitytaknyga.lt\/wp-content\/uploads\/2024\/05\/000000000002162036-59de83e2d5279-asset-knyguklubas-cdb_9786094037887_ko_laukti_kai_laukiesi_p1.webp","type":"image\/webp"}],"twitter_card":"summary_large_image","schema":{"@context":"https:\/\/schema.org","@graph":[{"@type":"WebPage","@id":"https:\/\/skaitytaknyga.lt\/produktas\/ko-laukti-kai-laukiesi\/","url":"https:\/\/skaitytaknyga.lt\/produktas\/ko-laukti-kai-laukiesi\/","name":"Ko laukti, kai laukiesi - Skaitytaknyga","isPartOf":{"@id":"https:\/\/skaitytaknyga.lt\/#website"},"primaryImageOfPage":{"@id":"https:\/\/skaitytaknyga.lt\/produktas\/ko-laukti-kai-laukiesi\/#primaryimage"},"image":{"@id":"https:\/\/skaitytaknyga.lt\/produktas\/ko-laukti-kai-laukiesi\/#primaryimage"},"thumbnailUrl":"https:\/\/skaitytaknyga.lt\/wp-content\/uploads\/2024\/05\/000000000002162036-59de83e2d5279-asset-knyguklubas-cdb_9786094037887_ko_laukti_kai_laukiesi_p1.webp","datePublished":"2024-05-04T19:12:29+00:00","dateModified":"2025-05-15T06:39:31+00:00","description":"Naujasis \u201en\u0117\u0161tumo biblija\u201c tituluojamos knygos leidimas yra pritaikytas \u0161iuolaikiniams b\u016bsimiems t\u0117vams, pradedant nuo naujausi\u0173 medicinos \u017eini\u0173, baigiant atsakymais \u012f kiekvien\u0105 galint\u012f i\u0161kilti klausim\u0105 apie n\u0117\u0161tum\u0105, gyvenimo poky\u010dius, jaun\u0173j\u0173 t\u0117v\u0173 savijaut\u0105 ir pirmuosius m\u0117nesius po naujo \u017emogu\u010dio at\u0117jimo \u012f pasul\u012f. Ypatingas d\u0117mesys atkreipiamas \u012f daugiavais\u012f n\u0117\u0161tum\u0105, laikotarp\u012f prie\u0161 pastojim\u0105 ir n\u0117\u0161\u010diosios diet\u0105, kuri leis jaustis sveikai ir be vargo susigr\u0105\u017einti buvusi\u0105 fig\u016br\u0105.","breadcrumb":{"@id":"https:\/\/skaitytaknyga.lt\/produktas\/ko-laukti-kai-laukiesi\/#breadcrumb"},"inLanguage":"en-GB","potentialAction":[{"@type":"ReadAction","target":["https:\/\/skaitytaknyga.lt\/produktas\/ko-laukti-kai-laukiesi\/"]}]},{"@type":"ImageObject","inLanguage":"en-GB","@id":"https:\/\/skaitytaknyga.lt\/produktas\/ko-laukti-kai-laukiesi\/#primaryimage","url":"https:\/\/skaitytaknyga.lt\/wp-content\/uploads\/2024\/05\/000000000002162036-59de83e2d5279-asset-knyguklubas-cdb_9786094037887_ko_laukti_kai_laukiesi_p1.webp","contentUrl":"https:\/\/skaitytaknyga.lt\/wp-content\/uploads\/2024\/05\/000000000002162036-59de83e2d5279-asset-knyguklubas-cdb_9786094037887_ko_laukti_kai_laukiesi_p1.webp","width":285,"height":393},{"@type":"BreadcrumbList","@id":"https:\/\/skaitytaknyga.lt\/produktas\/ko-laukti-kai-laukiesi\/#breadcrumb","itemListElement":[{"@type":"ListItem","position":1,"name":"Home","item":"https:\/\/skaitytaknyga.lt\/"},{"@type":"ListItem","position":2,"name":"Parduotuv\u0117","item":"https:\/\/skaitytaknyga.lt\/knygu-parduotuve\/"},{"@type":"ListItem","position":3,"name":"Ko laukti, kai laukiesi"}]},{"@type":"WebSite","@id":"https:\/\/skaitytaknyga.lt\/#website","url":"https:\/\/skaitytaknyga.lt\/","name":"skaitytaknyga.lt","description":"Skaitytaknyga.lt \u2013 tai ma\u017eas \u0161eimos verslas, kuris prasid\u0117jo nuo meil\u0117s knygoms ir siekio i\u0161gelb\u0117ti knygas nuo likimo prie konteinerio. Kas vienam nereikalingas daiktas \u2013 kitam lobis, o mes esame tarpininkai, kurie padeda abiems tapti laimingesniems ???? \u017dinome kaip nelengva i\u0161gyventi ma\u017eiems verslams, tad nuo \u0161iol, \u010dia rasite ir kit\u0173, ma\u017e\u0173 \u0161eim\u0173 versl\u0173, rank\u0173 darbo, dovan\u0173 sau ir artimiesiems.","publisher":{"@id":"https:\/\/skaitytaknyga.lt\/#organization"},"potentialAction":[{"@type":"SearchAction","target":{"@type":"EntryPoint","urlTemplate":"https:\/\/skaitytaknyga.lt\/?s={search_term_string}"},"query-input":{"@type":"PropertyValueSpecification","valueRequired":true,"valueName":"search_term_string"}}],"inLanguage":"en-GB"},{"@type":"Organization","@id":"https:\/\/skaitytaknyga.lt\/#organization","name":"skaitytaknyga.lt","url":"https:\/\/skaitytaknyga.lt\/","logo":{"@type":"ImageObject","inLanguage":"en-GB","@id":"https:\/\/skaitytaknyga.lt\/#\/schema\/logo\/image\/","url":"https:\/\/skaitytaknyga.lt\/wp-content\/uploads\/2024\/05\/cropped-cropped-cropped-02_00843_jt3bggkj1j3HLc7SyY6rEUpg.jpeg","contentUrl":"https:\/\/skaitytaknyga.lt\/wp-content\/uploads\/2024\/05\/cropped-cropped-cropped-02_00843_jt3bggkj1j3HLc7SyY6rEUpg.jpeg","width":1600,"height":1600,"caption":"skaitytaknyga.lt"},"image":{"@id":"https:\/\/skaitytaknyga.lt\/#\/schema\/logo\/image\/"},"sameAs":["https:\/\/www.facebook.com\/skaitytaknyga\/"]}]}},"_links":{"self":[{"href":"https:\/\/skaitytaknyga.lt\/en\/wp-json\/wp\/v2\/product\/10725","targetHints":{"allow":["GET"]}}],"collection":[{"href":"https:\/\/skaitytaknyga.lt\/en\/wp-json\/wp\/v2\/product"}],"about":[{"href":"https:\/\/skaitytaknyga.lt\/en\/wp-json\/wp\/v2\/types\/product"}],"replies":[{"embeddable":true,"href":"https:\/\/skaitytaknyga.lt\/en\/wp-json\/wp\/v2\/comments?post=10725"}],"wp:featuredmedia":[{"embeddable":true,"href":"https:\/\/skaitytaknyga.lt\/en\/wp-json\/wp\/v2\/media\/10758"}],"wp:attachment":[{"href":"https:\/\/skaitytaknyga.lt\/en\/wp-json\/wp\/v2\/media?parent=10725"}],"wp:term":[{"taxonomy":"product_brand","embeddable":true,"href":"https:\/\/skaitytaknyga.lt\/en\/wp-json\/wp\/v2\/product_brand?post=10725"},{"taxonomy":"product_cat","embeddable":true,"href":"https:\/\/skaitytaknyga.lt\/en\/wp-json\/wp\/v2\/product_cat?post=10725"},{"taxonomy":"product_tag","embeddable":true,"href":"https:\/\/skaitytaknyga.lt\/en\/wp-json\/wp\/v2\/product_tag?post=10725"}],"curies":[{"name":"wp","href":"https:\/\/api.w.org\/{rel}","templated":true}]}}