{"id":10724,"date":"2024-05-04T19:12:29","date_gmt":"2024-05-04T19:12:29","guid":{"rendered":"https:\/\/skaitytaknyga.lt\/?post_type=product&#038;p=10724"},"modified":"2025-05-13T14:43:10","modified_gmt":"2025-05-13T11:43:10","slug":"hal-urban-pasirinkimai-kurie-keicia-gyvenimus-pagelte-lapai","status":"publish","type":"product","link":"https:\/\/skaitytaknyga.lt\/en\/produktas\/hal-urban-pasirinkimai-kurie-keicia-gyvenimus-pagelte-lapai\/","title":{"rendered":"Pasirinkimai, kurie kei\u010dia gyvenimus"},"content":{"rendered":"<p>Hal Urban, itin m\u0117giam\u0173 bestseleri\u0173 \u201eDid\u017eiosios gyvenimo pamokos\u201c ir \u00e4\u017dod\u017ei\u0173 galia\u201c autorius, dovanoja savo tre\u010di\u0105j\u0105 knyg\u0105, kupin\u0105 \u012fkvepian\u010dios bei praki\u0161kos i\u0161minties apie tai, kaip galima prad\u0117ti gyventi prasmingiau ir laimingiau. \u0160ioje knygoje ra\u0161ytojas primena, jog gyvenimas yra \u017emogaus pasirinkim\u0173 rezultatas, ir parodo, kad patys svarbiausi pasirinkimai tampa m\u016bs\u0173 charakterio savyb\u0117mis, laiduojan\u010diomis dvasin\u012f pasitenkinim\u0105 ir vidin\u0119 ramyb\u0119.<\/p>\n<p>Autorius nuodugniai nagrin\u0117ja penkiolika charakterio savybi\u0173, kurios padeda realizuoti \u017emogaus geb\u0117jim\u0105 kurti pilnakrauj\u012f ir d\u017eiaugsm\u0105 teikiant\u012f gyvenim\u0105. Jis mus \u012ftikin\u0117ja, jog niekada n\u0117ra v\u0117lu keistis tam, kad i\u0161sivaduotume i\u0161 pragai\u0161ting\u0173 nuostat\u0173 bei \u012fpro\u010di\u0173 vergov\u0117s, ir ragina uoliau puosel\u0117ti tokias vidines vertybes, kaip kuklumas, kantrumas, \u012fsijautimas, dr\u0105sa \u2013 ir kasdien save atnaujinti.<\/p>\n","protected":false},"excerpt":{"rendered":"<p>Hal Urban, itin m\u0117giam\u0173 bestseleri\u0173 \u201eDid\u017eiosios gyvenimo pamokos\u201c ir \u00e4\u017dod\u017ei\u0173 galia\u201c autorius, dovanoja savo tre\u010di\u0105j\u0105 knyg\u0105, kupin\u0105 \u012fkvepian\u010dios bei praki\u0161kos i\u0161minties apie tai, kaip galima prad\u0117ti gyventi prasmingiau ir laimingiau. \u0160ioje knygoje ra\u0161ytojas primena, jog gyvenimas yra \u017emogaus pasirinkim\u0173 rezultatas, ir parodo, kad patys svarbiausi pasirinkimai tampa m\u016bs\u0173 charakterio savyb\u0117mis, laiduojan\u010diomis dvasin\u012f pasitenkinim\u0105 ir vidin\u0119 ramyb\u0119.<\/p>\n<p>Autorius nuodugniai nagrin\u0117ja penkiolika charakterio savybi\u0173, kurios padeda realizuoti \u017emogaus geb\u0117jim\u0105 kurti pilnakrauj\u012f ir d\u017eiaugsm\u0105 teikiant\u012f gyvenim\u0105. Jis mus \u012ftikin\u0117ja, jog niekada n\u0117ra v\u0117lu keistis tam, kad i\u0161sivaduotume i\u0161 pragai\u0161ting\u0173 nuostat\u0173 bei \u012fpro\u010di\u0173 vergov\u0117s, ir ragina uoliau puosel\u0117ti tokias vidines vertybes, kaip kuklumas, kantrumas, \u012fsijautimas, dr\u0105sa \u2013 ir kasdien save atnaujinti.<\/p>\n","protected":false},"featured_media":10757,"comment_status":"closed","ping_status":"closed","template":"","meta":{"_acf_changed":false,"site-sidebar-layout":"default","site-content-layout":"","ast-site-content-layout":"default","site-content-style":"default","site-sidebar-style":"default","ast-global-header-display":"","ast-banner-title-visibility":"","ast-main-header-display":"","ast-hfb-above-header-display":"","ast-hfb-below-header-display":"","ast-hfb-mobile-header-display":"","site-post-title":"","ast-breadcrumbs-content":"","ast-featured-img":"","footer-sml-layout":"","ast-disable-related-posts":"","theme-transparent-header-meta":"","adv-header-id-meta":"","stick-header-meta":"","header-above-stick-meta":"","header-main-stick-meta":"","header-below-stick-meta":"","astra-migrate-meta-layouts":"default","ast-page-background-enabled":"default","ast-page-background-meta":{"desktop":{"background-color":"","background-image":"","background-repeat":"repeat","background-position":"center center","background-size":"auto","background-attachment":"scroll","background-type":"","background-media":"","overlay-type":"","overlay-color":"","overlay-opacity":"","overlay-gradient":""},"tablet":{"background-color":"","background-image":"","background-repeat":"repeat","background-position":"center center","background-size":"auto","background-attachment":"scroll","background-type":"","background-media":"","overlay-type":"","overlay-color":"","overlay-opacity":"","overlay-gradient":""},"mobile":{"background-color":"","background-image":"","background-repeat":"repeat","background-position":"center center","background-size":"auto","background-attachment":"scroll","background-type":"","background-media":"","overlay-type":"","overlay-color":"","overlay-opacity":"","overlay-gradient":""}},"ast-content-background-meta":{"desktop":{"background-color":"var(--ast-global-color-4)","background-image":"","background-repeat":"repeat","background-position":"center center","background-size":"auto","background-attachment":"scroll","background-type":"","background-media":"","overlay-type":"","overlay-color":"","overlay-opacity":"","overlay-gradient":""},"tablet":{"background-color":"var(--ast-global-color-4)","background-image":"","background-repeat":"repeat","background-position":"center center","background-size":"auto","background-attachment":"scroll","background-type":"","background-media":"","overlay-type":"","overlay-color":"","overlay-opacity":"","overlay-gradient":""},"mobile":{"background-color":"var(--ast-global-color-4)","background-image":"","background-repeat":"repeat","background-position":"center center","background-size":"auto","background-attachment":"scroll","background-type":"","background-media":"","overlay-type":"","overlay-color":"","overlay-opacity":"","overlay-gradient":""}}},"product_brand":[],"product_cat":[30,165],"product_tag":[2316,2320,2318,2319,2317,1396],"class_list":{"0":"post-10724","1":"product","2":"type-product","3":"status-publish","4":"has-post-thumbnail","6":"product_cat-psichologija-ir-saviugda","7":"product_cat-religija-filosofija-ir-ezoterika","8":"product_tag-gyvenimo-pasirinkimai","9":"product_tag-hal-urban","10":"product_tag-ikvepimas","11":"product_tag-pasirinkimai-kurie-keicia-gyvenimus","12":"product_tag-prasmingas-gyvenimas","13":"product_tag-saviugda","14":"desktop-align-left","15":"tablet-align-left","16":"mobile-align-left","18":"first","19":"outofstock","20":"shipping-taxable","21":"purchasable","22":"product-type-simple"},"acf":[],"yoast_head":"<!-- This site is optimized with the Yoast SEO plugin v27.0 - https:\/\/yoast.com\/product\/yoast-seo-wordpress\/ -->\n<title>Pasirinkimai, kurie kei\u010dia gyvenimus<\/title>\n<meta name=\"description\" content=\"Hal Urban, itin m\u0117giam\u0173 bestseleri\u0173 \u201eDid\u017eiosios gyvenimo pamokos\u201c ir \u00e4\u017dod\u017ei\u0173 galia\u201c autorius, dovanoja savo tre\u010di\u0105j\u0105 knyg\u0105, kupin\u0105 \u012fkvepian\u010dios bei praki\u0161kos i\u0161minties apie tai, kaip galima prad\u0117ti gyventi prasmingiau ir laimingiau. \u0160ioje knygoje ra\u0161ytojas primena, jog gyvenimas yra \u017emogaus pasirinkim\u0173 rezultatas, ir parodo, kad patys svarbiausi pasirinkimai tampa m\u016bs\u0173 charakterio savyb\u0117mis, laiduojan\u010diomis dvasin\u012f pasitenkinim\u0105 ir vidin\u0119 ramyb\u0119.  Autorius nuodugniai nagrin\u0117ja penkiolika charakterio savybi\u0173, kurios padeda realizuoti \u017emogaus geb\u0117jim\u0105 kurti pilnakrauj\u012f ir d\u017eiaugsm\u0105 teikiant\u012f gyvenim\u0105. Jis mus \u012ftikin\u0117ja, jog niekada n\u0117ra v\u0117lu keistis tam, kad i\u0161sivaduotume i\u0161 pragai\u0161ting\u0173 nuostat\u0173 bei \u012fpro\u010di\u0173 vergov\u0117s, ir ragina uoliau puosel\u0117ti tokias vidines vertybes, kaip kuklumas, kantrumas, \u012fsijautimas, dr\u0105sa \u2013 ir kasdien save atnaujinti.\" \/>\n<meta name=\"robots\" content=\"index, follow, max-snippet:-1, max-image-preview:large, max-video-preview:-1\" \/>\n<link rel=\"canonical\" href=\"https:\/\/skaitytaknyga.lt\/en\/produktas\/hal-urban-pasirinkimai-kurie-keicia-gyvenimus-pagelte-lapai\/\" \/>\n<meta property=\"og:locale\" content=\"en_GB\" \/>\n<meta property=\"og:locale:alternate\" content=\"lt_LT\" \/>\n<meta property=\"og:type\" content=\"article\" \/>\n<meta property=\"og:title\" content=\"Pasirinkimai, kurie kei\u010dia gyvenimus\" \/>\n<meta property=\"og:description\" content=\"Hal Urban, itin m\u0117giam\u0173 bestseleri\u0173 \u201eDid\u017eiosios gyvenimo pamokos\u201c ir \u00e4\u017dod\u017ei\u0173 galia\u201c autorius, dovanoja savo tre\u010di\u0105j\u0105 knyg\u0105, kupin\u0105 \u012fkvepian\u010dios bei praki\u0161kos i\u0161minties apie tai, kaip galima prad\u0117ti gyventi prasmingiau ir laimingiau. \u0160ioje knygoje ra\u0161ytojas primena, jog gyvenimas yra \u017emogaus pasirinkim\u0173 rezultatas, ir parodo, kad patys svarbiausi pasirinkimai tampa m\u016bs\u0173 charakterio savyb\u0117mis, laiduojan\u010diomis dvasin\u012f pasitenkinim\u0105 ir vidin\u0119 ramyb\u0119.  Autorius nuodugniai nagrin\u0117ja penkiolika charakterio savybi\u0173, kurios padeda realizuoti \u017emogaus geb\u0117jim\u0105 kurti pilnakrauj\u012f ir d\u017eiaugsm\u0105 teikiant\u012f gyvenim\u0105. Jis mus \u012ftikin\u0117ja, jog niekada n\u0117ra v\u0117lu keistis tam, kad i\u0161sivaduotume i\u0161 pragai\u0161ting\u0173 nuostat\u0173 bei \u012fpro\u010di\u0173 vergov\u0117s, ir ragina uoliau puosel\u0117ti tokias vidines vertybes, kaip kuklumas, kantrumas, \u012fsijautimas, dr\u0105sa \u2013 ir kasdien save atnaujinti.\" \/>\n<meta property=\"og:url\" content=\"https:\/\/skaitytaknyga.lt\/en\/produktas\/hal-urban-pasirinkimai-kurie-keicia-gyvenimus-pagelte-lapai\/\" \/>\n<meta property=\"og:site_name\" content=\"Skaitytaknyga\" \/>\n<meta property=\"article:publisher\" content=\"https:\/\/www.facebook.com\/skaitytaknyga\/\" \/>\n<meta property=\"article:modified_time\" content=\"2025-05-13T11:43:10+00:00\" \/>\n<meta property=\"og:image\" content=\"https:\/\/skaitytaknyga.lt\/wp-content\/uploads\/2024\/05\/Be-pavadinimo-7-1.png\" \/>\n\t<meta property=\"og:image:width\" content=\"415\" \/>\n\t<meta property=\"og:image:height\" content=\"607\" \/>\n\t<meta property=\"og:image:type\" content=\"image\/png\" \/>\n<meta name=\"twitter:card\" content=\"summary_large_image\" \/>\n<meta name=\"twitter:label1\" content=\"Estimated reading time\" \/>\n\t<meta name=\"twitter:data1\" content=\"1 minute\" \/>\n<script type=\"application\/ld+json\" class=\"yoast-schema-graph\">{\"@context\":\"https:\/\/schema.org\",\"@graph\":[{\"@type\":\"WebPage\",\"@id\":\"https:\/\/skaitytaknyga.lt\/produktas\/hal-urban-pasirinkimai-kurie-keicia-gyvenimus-pagelte-lapai\/\",\"url\":\"https:\/\/skaitytaknyga.lt\/produktas\/hal-urban-pasirinkimai-kurie-keicia-gyvenimus-pagelte-lapai\/\",\"name\":\"Pasirinkimai, kurie kei\u010dia gyvenimus\",\"isPartOf\":{\"@id\":\"https:\/\/skaitytaknyga.lt\/#website\"},\"primaryImageOfPage\":{\"@id\":\"https:\/\/skaitytaknyga.lt\/produktas\/hal-urban-pasirinkimai-kurie-keicia-gyvenimus-pagelte-lapai\/#primaryimage\"},\"image\":{\"@id\":\"https:\/\/skaitytaknyga.lt\/produktas\/hal-urban-pasirinkimai-kurie-keicia-gyvenimus-pagelte-lapai\/#primaryimage\"},\"thumbnailUrl\":\"https:\/\/skaitytaknyga.lt\/wp-content\/uploads\/2024\/05\/Be-pavadinimo-7-1.png\",\"datePublished\":\"2024-05-04T19:12:29+00:00\",\"dateModified\":\"2025-05-13T11:43:10+00:00\",\"description\":\"Hal Urban, itin m\u0117giam\u0173 bestseleri\u0173 \u201eDid\u017eiosios gyvenimo pamokos\u201c ir \u00e4\u017dod\u017ei\u0173 galia\u201c autorius, dovanoja savo tre\u010di\u0105j\u0105 knyg\u0105, kupin\u0105 \u012fkvepian\u010dios bei praki\u0161kos i\u0161minties apie tai, kaip galima prad\u0117ti gyventi prasmingiau ir laimingiau. \u0160ioje knygoje ra\u0161ytojas primena, jog gyvenimas yra \u017emogaus pasirinkim\u0173 rezultatas, ir parodo, kad patys svarbiausi pasirinkimai tampa m\u016bs\u0173 charakterio savyb\u0117mis, laiduojan\u010diomis dvasin\u012f pasitenkinim\u0105 ir vidin\u0119 ramyb\u0119. Autorius nuodugniai nagrin\u0117ja penkiolika charakterio savybi\u0173, kurios padeda realizuoti \u017emogaus geb\u0117jim\u0105 kurti pilnakrauj\u012f ir d\u017eiaugsm\u0105 teikiant\u012f gyvenim\u0105. Jis mus \u012ftikin\u0117ja, jog niekada n\u0117ra v\u0117lu keistis tam, kad i\u0161sivaduotume i\u0161 pragai\u0161ting\u0173 nuostat\u0173 bei \u012fpro\u010di\u0173 vergov\u0117s, ir ragina uoliau puosel\u0117ti tokias vidines vertybes, kaip kuklumas, kantrumas, \u012fsijautimas, dr\u0105sa \u2013 ir kasdien save atnaujinti.\",\"breadcrumb\":{\"@id\":\"https:\/\/skaitytaknyga.lt\/produktas\/hal-urban-pasirinkimai-kurie-keicia-gyvenimus-pagelte-lapai\/#breadcrumb\"},\"inLanguage\":\"en-GB\",\"potentialAction\":[{\"@type\":\"ReadAction\",\"target\":[\"https:\/\/skaitytaknyga.lt\/produktas\/hal-urban-pasirinkimai-kurie-keicia-gyvenimus-pagelte-lapai\/\"]}]},{\"@type\":\"ImageObject\",\"inLanguage\":\"en-GB\",\"@id\":\"https:\/\/skaitytaknyga.lt\/produktas\/hal-urban-pasirinkimai-kurie-keicia-gyvenimus-pagelte-lapai\/#primaryimage\",\"url\":\"https:\/\/skaitytaknyga.lt\/wp-content\/uploads\/2024\/05\/Be-pavadinimo-7-1.png\",\"contentUrl\":\"https:\/\/skaitytaknyga.lt\/wp-content\/uploads\/2024\/05\/Be-pavadinimo-7-1.png\",\"width\":415,\"height\":607},{\"@type\":\"BreadcrumbList\",\"@id\":\"https:\/\/skaitytaknyga.lt\/produktas\/hal-urban-pasirinkimai-kurie-keicia-gyvenimus-pagelte-lapai\/#breadcrumb\",\"itemListElement\":[{\"@type\":\"ListItem\",\"position\":1,\"name\":\"Home\",\"item\":\"https:\/\/skaitytaknyga.lt\/\"},{\"@type\":\"ListItem\",\"position\":2,\"name\":\"Parduotuv\u0117\",\"item\":\"https:\/\/skaitytaknyga.lt\/knygu-parduotuve\/\"},{\"@type\":\"ListItem\",\"position\":3,\"name\":\"Pasirinkimai, kurie kei\u010dia gyvenimus\"}]},{\"@type\":\"WebSite\",\"@id\":\"https:\/\/skaitytaknyga.lt\/#website\",\"url\":\"https:\/\/skaitytaknyga.lt\/\",\"name\":\"skaitytaknyga.lt\",\"description\":\"Skaitytaknyga.lt \u2013 tai ma\u017eas \u0161eimos verslas, kuris prasid\u0117jo nuo meil\u0117s knygoms ir siekio i\u0161gelb\u0117ti knygas nuo likimo prie konteinerio. Kas vienam nereikalingas daiktas \u2013 kitam lobis, o mes esame tarpininkai, kurie padeda abiems tapti laimingesniems ???? \u017dinome kaip nelengva i\u0161gyventi ma\u017eiems verslams, tad nuo \u0161iol, \u010dia rasite ir kit\u0173, ma\u017e\u0173 \u0161eim\u0173 versl\u0173, rank\u0173 darbo, dovan\u0173 sau ir artimiesiems.\",\"publisher\":{\"@id\":\"https:\/\/skaitytaknyga.lt\/#organization\"},\"potentialAction\":[{\"@type\":\"SearchAction\",\"target\":{\"@type\":\"EntryPoint\",\"urlTemplate\":\"https:\/\/skaitytaknyga.lt\/?s={search_term_string}\"},\"query-input\":{\"@type\":\"PropertyValueSpecification\",\"valueRequired\":true,\"valueName\":\"search_term_string\"}}],\"inLanguage\":\"en-GB\"},{\"@type\":\"Organization\",\"@id\":\"https:\/\/skaitytaknyga.lt\/#organization\",\"name\":\"skaitytaknyga.lt\",\"url\":\"https:\/\/skaitytaknyga.lt\/\",\"logo\":{\"@type\":\"ImageObject\",\"inLanguage\":\"en-GB\",\"@id\":\"https:\/\/skaitytaknyga.lt\/#\/schema\/logo\/image\/\",\"url\":\"https:\/\/skaitytaknyga.lt\/wp-content\/uploads\/2024\/05\/cropped-cropped-cropped-02_00843_jt3bggkj1j3HLc7SyY6rEUpg.jpeg\",\"contentUrl\":\"https:\/\/skaitytaknyga.lt\/wp-content\/uploads\/2024\/05\/cropped-cropped-cropped-02_00843_jt3bggkj1j3HLc7SyY6rEUpg.jpeg\",\"width\":1600,\"height\":1600,\"caption\":\"skaitytaknyga.lt\"},\"image\":{\"@id\":\"https:\/\/skaitytaknyga.lt\/#\/schema\/logo\/image\/\"},\"sameAs\":[\"https:\/\/www.facebook.com\/skaitytaknyga\/\"]}]}<\/script>\n<!-- \/ Yoast SEO plugin. -->","yoast_head_json":{"title":"Pasirinkimai, kurie kei\u010dia gyvenimus","description":"Hal Urban, itin m\u0117giam\u0173 bestseleri\u0173 \u201eDid\u017eiosios gyvenimo pamokos\u201c ir \u00e4\u017dod\u017ei\u0173 galia\u201c autorius, dovanoja savo tre\u010di\u0105j\u0105 knyg\u0105, kupin\u0105 \u012fkvepian\u010dios bei praki\u0161kos i\u0161minties apie tai, kaip galima prad\u0117ti gyventi prasmingiau ir laimingiau. \u0160ioje knygoje ra\u0161ytojas primena, jog gyvenimas yra \u017emogaus pasirinkim\u0173 rezultatas, ir parodo, kad patys svarbiausi pasirinkimai tampa m\u016bs\u0173 charakterio savyb\u0117mis, laiduojan\u010diomis dvasin\u012f pasitenkinim\u0105 ir vidin\u0119 ramyb\u0119.  Autorius nuodugniai nagrin\u0117ja penkiolika charakterio savybi\u0173, kurios padeda realizuoti \u017emogaus geb\u0117jim\u0105 kurti pilnakrauj\u012f ir d\u017eiaugsm\u0105 teikiant\u012f gyvenim\u0105. Jis mus \u012ftikin\u0117ja, jog niekada n\u0117ra v\u0117lu keistis tam, kad i\u0161sivaduotume i\u0161 pragai\u0161ting\u0173 nuostat\u0173 bei \u012fpro\u010di\u0173 vergov\u0117s, ir ragina uoliau puosel\u0117ti tokias vidines vertybes, kaip kuklumas, kantrumas, \u012fsijautimas, dr\u0105sa \u2013 ir kasdien save atnaujinti.","robots":{"index":"index","follow":"follow","max-snippet":"max-snippet:-1","max-image-preview":"max-image-preview:large","max-video-preview":"max-video-preview:-1"},"canonical":"https:\/\/skaitytaknyga.lt\/en\/produktas\/hal-urban-pasirinkimai-kurie-keicia-gyvenimus-pagelte-lapai\/","og_locale":"en_GB","og_type":"article","og_title":"[:lt]Pasirinkimai, kurie kei\u010dia gyvenimus[:] - Skaitytaknyga","og_description":"Hal Urban, itin m\u0117giam\u0173 bestseleri\u0173 \u201eDid\u017eiosios gyvenimo pamokos\u201c ir \u00e4\u017dod\u017ei\u0173 galia\u201c autorius, dovanoja savo tre\u010di\u0105j\u0105 knyg\u0105, kupin\u0105 \u012fkvepian\u010dios bei praki\u0161kos i\u0161minties apie tai, kaip galima prad\u0117ti gyventi prasmingiau ir laimingiau. \u0160ioje knygoje ra\u0161ytojas primena, jog gyvenimas yra \u017emogaus pasirinkim\u0173 rezultatas, ir parodo, kad patys svarbiausi pasirinkimai tampa m\u016bs\u0173 charakterio savyb\u0117mis, laiduojan\u010diomis dvasin\u012f pasitenkinim\u0105 ir vidin\u0119 ramyb\u0119.  Autorius nuodugniai nagrin\u0117ja penkiolika charakterio savybi\u0173, kurios padeda realizuoti \u017emogaus geb\u0117jim\u0105 kurti pilnakrauj\u012f ir d\u017eiaugsm\u0105 teikiant\u012f gyvenim\u0105. Jis mus \u012ftikin\u0117ja, jog niekada n\u0117ra v\u0117lu keistis tam, kad i\u0161sivaduotume i\u0161 pragai\u0161ting\u0173 nuostat\u0173 bei \u012fpro\u010di\u0173 vergov\u0117s, ir ragina uoliau puosel\u0117ti tokias vidines vertybes, kaip kuklumas, kantrumas, \u012fsijautimas, dr\u0105sa \u2013 ir kasdien save atnaujinti.","og_url":"https:\/\/skaitytaknyga.lt\/en\/produktas\/hal-urban-pasirinkimai-kurie-keicia-gyvenimus-pagelte-lapai\/","og_site_name":"Skaitytaknyga","article_publisher":"https:\/\/www.facebook.com\/skaitytaknyga\/","article_modified_time":"2025-05-13T11:43:10+00:00","og_image":[{"width":415,"height":607,"url":"https:\/\/skaitytaknyga.lt\/wp-content\/uploads\/2024\/05\/Be-pavadinimo-7-1.png","type":"image\/png"}],"twitter_card":"summary_large_image","twitter_misc":{"Estimated reading time":"1 minute"},"schema":{"@context":"https:\/\/schema.org","@graph":[{"@type":"WebPage","@id":"https:\/\/skaitytaknyga.lt\/produktas\/hal-urban-pasirinkimai-kurie-keicia-gyvenimus-pagelte-lapai\/","url":"https:\/\/skaitytaknyga.lt\/produktas\/hal-urban-pasirinkimai-kurie-keicia-gyvenimus-pagelte-lapai\/","name":"Pasirinkimai, kurie kei\u010dia gyvenimus","isPartOf":{"@id":"https:\/\/skaitytaknyga.lt\/#website"},"primaryImageOfPage":{"@id":"https:\/\/skaitytaknyga.lt\/produktas\/hal-urban-pasirinkimai-kurie-keicia-gyvenimus-pagelte-lapai\/#primaryimage"},"image":{"@id":"https:\/\/skaitytaknyga.lt\/produktas\/hal-urban-pasirinkimai-kurie-keicia-gyvenimus-pagelte-lapai\/#primaryimage"},"thumbnailUrl":"https:\/\/skaitytaknyga.lt\/wp-content\/uploads\/2024\/05\/Be-pavadinimo-7-1.png","datePublished":"2024-05-04T19:12:29+00:00","dateModified":"2025-05-13T11:43:10+00:00","description":"Hal Urban, itin m\u0117giam\u0173 bestseleri\u0173 \u201eDid\u017eiosios gyvenimo pamokos\u201c ir \u00e4\u017dod\u017ei\u0173 galia\u201c autorius, dovanoja savo tre\u010di\u0105j\u0105 knyg\u0105, kupin\u0105 \u012fkvepian\u010dios bei praki\u0161kos i\u0161minties apie tai, kaip galima prad\u0117ti gyventi prasmingiau ir laimingiau. \u0160ioje knygoje ra\u0161ytojas primena, jog gyvenimas yra \u017emogaus pasirinkim\u0173 rezultatas, ir parodo, kad patys svarbiausi pasirinkimai tampa m\u016bs\u0173 charakterio savyb\u0117mis, laiduojan\u010diomis dvasin\u012f pasitenkinim\u0105 ir vidin\u0119 ramyb\u0119. Autorius nuodugniai nagrin\u0117ja penkiolika charakterio savybi\u0173, kurios padeda realizuoti \u017emogaus geb\u0117jim\u0105 kurti pilnakrauj\u012f ir d\u017eiaugsm\u0105 teikiant\u012f gyvenim\u0105. Jis mus \u012ftikin\u0117ja, jog niekada n\u0117ra v\u0117lu keistis tam, kad i\u0161sivaduotume i\u0161 pragai\u0161ting\u0173 nuostat\u0173 bei \u012fpro\u010di\u0173 vergov\u0117s, ir ragina uoliau puosel\u0117ti tokias vidines vertybes, kaip kuklumas, kantrumas, \u012fsijautimas, dr\u0105sa \u2013 ir kasdien save atnaujinti.","breadcrumb":{"@id":"https:\/\/skaitytaknyga.lt\/produktas\/hal-urban-pasirinkimai-kurie-keicia-gyvenimus-pagelte-lapai\/#breadcrumb"},"inLanguage":"en-GB","potentialAction":[{"@type":"ReadAction","target":["https:\/\/skaitytaknyga.lt\/produktas\/hal-urban-pasirinkimai-kurie-keicia-gyvenimus-pagelte-lapai\/"]}]},{"@type":"ImageObject","inLanguage":"en-GB","@id":"https:\/\/skaitytaknyga.lt\/produktas\/hal-urban-pasirinkimai-kurie-keicia-gyvenimus-pagelte-lapai\/#primaryimage","url":"https:\/\/skaitytaknyga.lt\/wp-content\/uploads\/2024\/05\/Be-pavadinimo-7-1.png","contentUrl":"https:\/\/skaitytaknyga.lt\/wp-content\/uploads\/2024\/05\/Be-pavadinimo-7-1.png","width":415,"height":607},{"@type":"BreadcrumbList","@id":"https:\/\/skaitytaknyga.lt\/produktas\/hal-urban-pasirinkimai-kurie-keicia-gyvenimus-pagelte-lapai\/#breadcrumb","itemListElement":[{"@type":"ListItem","position":1,"name":"Home","item":"https:\/\/skaitytaknyga.lt\/"},{"@type":"ListItem","position":2,"name":"Parduotuv\u0117","item":"https:\/\/skaitytaknyga.lt\/knygu-parduotuve\/"},{"@type":"ListItem","position":3,"name":"Pasirinkimai, kurie kei\u010dia gyvenimus"}]},{"@type":"WebSite","@id":"https:\/\/skaitytaknyga.lt\/#website","url":"https:\/\/skaitytaknyga.lt\/","name":"skaitytaknyga.lt","description":"Skaitytaknyga.lt \u2013 tai ma\u017eas \u0161eimos verslas, kuris prasid\u0117jo nuo meil\u0117s knygoms ir siekio i\u0161gelb\u0117ti knygas nuo likimo prie konteinerio. Kas vienam nereikalingas daiktas \u2013 kitam lobis, o mes esame tarpininkai, kurie padeda abiems tapti laimingesniems ???? \u017dinome kaip nelengva i\u0161gyventi ma\u017eiems verslams, tad nuo \u0161iol, \u010dia rasite ir kit\u0173, ma\u017e\u0173 \u0161eim\u0173 versl\u0173, rank\u0173 darbo, dovan\u0173 sau ir artimiesiems.","publisher":{"@id":"https:\/\/skaitytaknyga.lt\/#organization"},"potentialAction":[{"@type":"SearchAction","target":{"@type":"EntryPoint","urlTemplate":"https:\/\/skaitytaknyga.lt\/?s={search_term_string}"},"query-input":{"@type":"PropertyValueSpecification","valueRequired":true,"valueName":"search_term_string"}}],"inLanguage":"en-GB"},{"@type":"Organization","@id":"https:\/\/skaitytaknyga.lt\/#organization","name":"skaitytaknyga.lt","url":"https:\/\/skaitytaknyga.lt\/","logo":{"@type":"ImageObject","inLanguage":"en-GB","@id":"https:\/\/skaitytaknyga.lt\/#\/schema\/logo\/image\/","url":"https:\/\/skaitytaknyga.lt\/wp-content\/uploads\/2024\/05\/cropped-cropped-cropped-02_00843_jt3bggkj1j3HLc7SyY6rEUpg.jpeg","contentUrl":"https:\/\/skaitytaknyga.lt\/wp-content\/uploads\/2024\/05\/cropped-cropped-cropped-02_00843_jt3bggkj1j3HLc7SyY6rEUpg.jpeg","width":1600,"height":1600,"caption":"skaitytaknyga.lt"},"image":{"@id":"https:\/\/skaitytaknyga.lt\/#\/schema\/logo\/image\/"},"sameAs":["https:\/\/www.facebook.com\/skaitytaknyga\/"]}]}},"_links":{"self":[{"href":"https:\/\/skaitytaknyga.lt\/en\/wp-json\/wp\/v2\/product\/10724","targetHints":{"allow":["GET"]}}],"collection":[{"href":"https:\/\/skaitytaknyga.lt\/en\/wp-json\/wp\/v2\/product"}],"about":[{"href":"https:\/\/skaitytaknyga.lt\/en\/wp-json\/wp\/v2\/types\/product"}],"replies":[{"embeddable":true,"href":"https:\/\/skaitytaknyga.lt\/en\/wp-json\/wp\/v2\/comments?post=10724"}],"wp:featuredmedia":[{"embeddable":true,"href":"https:\/\/skaitytaknyga.lt\/en\/wp-json\/wp\/v2\/media\/10757"}],"wp:attachment":[{"href":"https:\/\/skaitytaknyga.lt\/en\/wp-json\/wp\/v2\/media?parent=10724"}],"wp:term":[{"taxonomy":"product_brand","embeddable":true,"href":"https:\/\/skaitytaknyga.lt\/en\/wp-json\/wp\/v2\/product_brand?post=10724"},{"taxonomy":"product_cat","embeddable":true,"href":"https:\/\/skaitytaknyga.lt\/en\/wp-json\/wp\/v2\/product_cat?post=10724"},{"taxonomy":"product_tag","embeddable":true,"href":"https:\/\/skaitytaknyga.lt\/en\/wp-json\/wp\/v2\/product_tag?post=10724"}],"curies":[{"name":"wp","href":"https:\/\/api.w.org\/{rel}","templated":true}]}}