{"id":10716,"date":"2024-05-04T19:12:07","date_gmt":"2024-05-04T19:12:07","guid":{"rendered":"https:\/\/skaitytaknyga.lt\/?post_type=product&#038;p=10716"},"modified":"2024-05-04T19:13:24","modified_gmt":"2024-05-04T19:13:24","slug":"susanne-frohlich-seimyninis-krepsys","status":"publish","type":"product","link":"https:\/\/skaitytaknyga.lt\/en\/produktas\/susanne-frohlich-seimyninis-krepsys\/","title":{"rendered":"Susanne Frohlich \u201e\u0160eimyninis krep\u0161ys\u201c"},"content":{"rendered":"<p>Kaip suderinti vaikus, virtuv\u0119 ir karjer\u0105 su malonumu, puikia fig\u016bra ir aistringu seksu? Susanne Fr\u00f6hlich \u017eino atsakym\u0105 \u2013 niekaip! Nebent nestokotum\u0117te \u0161maik\u0161taus humoro ir didel\u0117s porcijos autoironijos! Andr\u0117jos \u0160nit gyvenimas, ties\u0105 sakant, yra toks, apie kok\u012f ir svajojo. Ji \u2013 dviej\u0173 savimi pasitikin\u010di\u0173 vaik\u0173 mama, i\u0161didi nediduko sublokuoto namo \u0161eiminink\u0117, susituokusi (kad nuramint\u0173 gimines) su savo vaik\u0173 t\u0117vu Kristofu. Puiku! Bet tada, kai ponas Bartsas, komunalinio \u016bkio darbuotojas, j\u0105 visi\u0161kai i\u0161mu\u0161a i\u0161 v\u0117\u017ei\u0173 ir sukelia pasiu\u010diausias erotines fantazijas, ji supranta, kad netrukus ka\u017ekas atsitiks&#8230;<\/p>\n","protected":false},"excerpt":{"rendered":"<p>Kaip suderinti vaikus, virtuv\u0119 ir karjer\u0105 su malonumu, puikia fig\u016bra ir aistringu seksu? Susanne Fr\u00f6hlich \u017eino atsakym\u0105 \u2013 niekaip! Nebent nestokotum\u0117te \u0161maik\u0161taus humoro ir didel\u0117s porcijos autoironijos! Andr\u0117jos \u0160nit gyvenimas, ties\u0105 sakant, yra toks, apie kok\u012f ir svajojo. Ji \u2013 dviej\u0173 savimi pasitikin\u010di\u0173 vaik\u0173 mama, i\u0161didi nediduko sublokuoto namo \u0161eiminink\u0117, susituokusi (kad nuramint\u0173 gimines) su savo vaik\u0173 t\u0117vu Kristofu. Puiku! Bet tada, kai ponas Bartsas, komunalinio \u016bkio darbuotojas, j\u0105 visi\u0161kai i\u0161mu\u0161a i\u0161 v\u0117\u017ei\u0173 ir sukelia pasiu\u010diausias erotines fantazijas, ji supranta, kad netrukus ka\u017ekas atsitiks&#8230;<\/p>\n","protected":false},"featured_media":10756,"comment_status":"closed","ping_status":"closed","template":"","meta":{"_acf_changed":false,"site-sidebar-layout":"default","site-content-layout":"","ast-site-content-layout":"default","site-content-style":"default","site-sidebar-style":"default","ast-global-header-display":"","ast-banner-title-visibility":"","ast-main-header-display":"","ast-hfb-above-header-display":"","ast-hfb-below-header-display":"","ast-hfb-mobile-header-display":"","site-post-title":"","ast-breadcrumbs-content":"","ast-featured-img":"","footer-sml-layout":"","ast-disable-related-posts":"","theme-transparent-header-meta":"","adv-header-id-meta":"","stick-header-meta":"","header-above-stick-meta":"","header-main-stick-meta":"","header-below-stick-meta":"","astra-migrate-meta-layouts":"default","ast-page-background-enabled":"default","ast-page-background-meta":{"desktop":{"background-color":"","background-image":"","background-repeat":"repeat","background-position":"center center","background-size":"auto","background-attachment":"scroll","background-type":"","background-media":"","overlay-type":"","overlay-color":"","overlay-opacity":"","overlay-gradient":""},"tablet":{"background-color":"","background-image":"","background-repeat":"repeat","background-position":"center center","background-size":"auto","background-attachment":"scroll","background-type":"","background-media":"","overlay-type":"","overlay-color":"","overlay-opacity":"","overlay-gradient":""},"mobile":{"background-color":"","background-image":"","background-repeat":"repeat","background-position":"center center","background-size":"auto","background-attachment":"scroll","background-type":"","background-media":"","overlay-type":"","overlay-color":"","overlay-opacity":"","overlay-gradient":""}},"ast-content-background-meta":{"desktop":{"background-color":"var(--ast-global-color-4)","background-image":"","background-repeat":"repeat","background-position":"center center","background-size":"auto","background-attachment":"scroll","background-type":"","background-media":"","overlay-type":"","overlay-color":"","overlay-opacity":"","overlay-gradient":""},"tablet":{"background-color":"var(--ast-global-color-4)","background-image":"","background-repeat":"repeat","background-position":"center center","background-size":"auto","background-attachment":"scroll","background-type":"","background-media":"","overlay-type":"","overlay-color":"","overlay-opacity":"","overlay-gradient":""},"mobile":{"background-color":"var(--ast-global-color-4)","background-image":"","background-repeat":"repeat","background-position":"center center","background-size":"auto","background-attachment":"scroll","background-type":"","background-media":"","overlay-type":"","overlay-color":"","overlay-opacity":"","overlay-gradient":""}}},"product_brand":[],"product_cat":[31],"product_tag":[],"class_list":{"0":"post-10716","1":"product","2":"type-product","3":"status-publish","4":"has-post-thumbnail","6":"product_cat-grozine-literatura","7":"desktop-align-left","8":"tablet-align-left","9":"mobile-align-left","11":"first","12":"instock","13":"shipping-taxable","14":"purchasable","15":"product-type-simple"},"acf":[],"yoast_head":"<!-- This site is optimized with the Yoast SEO plugin v27.4 - https:\/\/yoast.com\/product\/yoast-seo-wordpress\/ -->\n<title>Susanne Frohlich \u201e\u0160eimyninis krep\u0161ys\u201c - Skaitytaknyga<\/title>\n<meta name=\"description\" content=\"Kaip suderinti vaikus, virtuv\u0119 ir karjer\u0105 su malonumu, puikia fig\u016bra ir aistringu seksu? Susanne Fr\u00f6hlich \u017eino atsakym\u0105 \u2013 niekaip! Nebent nestokotum\u0117te \u0161maik\u0161taus humoro ir didel\u0117s porcijos autoironijos! Andr\u0117jos \u0160nit gyvenimas, ties\u0105 sakant, yra toks, apie kok\u012f ir svajojo. Ji \u2013 dviej\u0173 savimi pasitikin\u010di\u0173 vaik\u0173 mama, i\u0161didi nediduko sublokuoto namo \u0161eiminink\u0117, susituokusi (kad nuramint\u0173 gimines) su savo vaik\u0173 t\u0117vu Kristofu. Puiku! Bet tada, kai ponas Bartsas, komunalinio \u016bkio darbuotojas, j\u0105 visi\u0161kai i\u0161mu\u0161a i\u0161 v\u0117\u017ei\u0173 ir sukelia pasiu\u010diausias erotines fantazijas, ji supranta, kad netrukus ka\u017ekas atsitiks...\" \/>\n<meta name=\"robots\" content=\"index, follow, max-snippet:-1, max-image-preview:large, max-video-preview:-1\" \/>\n<link rel=\"canonical\" href=\"https:\/\/skaitytaknyga.lt\/en\/produktas\/susanne-frohlich-seimyninis-krepsys\/\" \/>\n<meta property=\"og:locale\" content=\"en_GB\" \/>\n<meta property=\"og:locale:alternate\" content=\"lt_LT\" \/>\n<meta property=\"og:type\" content=\"article\" \/>\n<meta property=\"og:title\" content=\"Susanne Frohlich \u201e\u0160eimyninis krep\u0161ys\u201c - Skaitytaknyga\" \/>\n<meta property=\"og:description\" content=\"Kaip suderinti vaikus, virtuv\u0119 ir karjer\u0105 su malonumu, puikia fig\u016bra ir aistringu seksu? Susanne Fr\u00f6hlich \u017eino atsakym\u0105 \u2013 niekaip! Nebent nestokotum\u0117te \u0161maik\u0161taus humoro ir didel\u0117s porcijos autoironijos! Andr\u0117jos \u0160nit gyvenimas, ties\u0105 sakant, yra toks, apie kok\u012f ir svajojo. Ji \u2013 dviej\u0173 savimi pasitikin\u010di\u0173 vaik\u0173 mama, i\u0161didi nediduko sublokuoto namo \u0161eiminink\u0117, susituokusi (kad nuramint\u0173 gimines) su savo vaik\u0173 t\u0117vu Kristofu. Puiku! Bet tada, kai ponas Bartsas, komunalinio \u016bkio darbuotojas, j\u0105 visi\u0161kai i\u0161mu\u0161a i\u0161 v\u0117\u017ei\u0173 ir sukelia pasiu\u010diausias erotines fantazijas, ji supranta, kad netrukus ka\u017ekas atsitiks...\" \/>\n<meta property=\"og:url\" content=\"https:\/\/skaitytaknyga.lt\/en\/produktas\/susanne-frohlich-seimyninis-krepsys\/\" \/>\n<meta property=\"og:site_name\" content=\"Skaitytaknyga\" \/>\n<meta property=\"article:publisher\" content=\"https:\/\/www.facebook.com\/skaitytaknyga\/\" \/>\n<meta property=\"article:modified_time\" content=\"2024-05-04T19:13:24+00:00\" \/>\n<meta property=\"og:image\" content=\"https:\/\/skaitytaknyga.lt\/wp-content\/uploads\/2024\/05\/165539-20180328-162050-e1665927562483.jpg\" \/>\n\t<meta property=\"og:image:width\" content=\"325\" \/>\n\t<meta property=\"og:image:height\" content=\"510\" \/>\n\t<meta property=\"og:image:type\" content=\"image\/jpeg\" \/>\n<meta name=\"twitter:card\" content=\"summary_large_image\" \/>\n<script type=\"application\/ld+json\" class=\"yoast-schema-graph\">{\"@context\":\"https:\\\/\\\/schema.org\",\"@graph\":[{\"@type\":\"WebPage\",\"@id\":\"https:\\\/\\\/skaitytaknyga.lt\\\/produktas\\\/susanne-frohlich-seimyninis-krepsys\\\/\",\"url\":\"https:\\\/\\\/skaitytaknyga.lt\\\/produktas\\\/susanne-frohlich-seimyninis-krepsys\\\/\",\"name\":\"Susanne Frohlich \u201e\u0160eimyninis krep\u0161ys\u201c - Skaitytaknyga\",\"isPartOf\":{\"@id\":\"https:\\\/\\\/skaitytaknyga.lt\\\/#website\"},\"primaryImageOfPage\":{\"@id\":\"https:\\\/\\\/skaitytaknyga.lt\\\/produktas\\\/susanne-frohlich-seimyninis-krepsys\\\/#primaryimage\"},\"image\":{\"@id\":\"https:\\\/\\\/skaitytaknyga.lt\\\/produktas\\\/susanne-frohlich-seimyninis-krepsys\\\/#primaryimage\"},\"thumbnailUrl\":\"https:\\\/\\\/skaitytaknyga.lt\\\/wp-content\\\/uploads\\\/2024\\\/05\\\/165539-20180328-162050-e1665927562483.jpg\",\"datePublished\":\"2024-05-04T19:12:07+00:00\",\"dateModified\":\"2024-05-04T19:13:24+00:00\",\"description\":\"Kaip suderinti vaikus, virtuv\u0119 ir karjer\u0105 su malonumu, puikia fig\u016bra ir aistringu seksu? Susanne Fr\u00f6hlich \u017eino atsakym\u0105 \u2013 niekaip! Nebent nestokotum\u0117te \u0161maik\u0161taus humoro ir didel\u0117s porcijos autoironijos! Andr\u0117jos \u0160nit gyvenimas, ties\u0105 sakant, yra toks, apie kok\u012f ir svajojo. Ji \u2013 dviej\u0173 savimi pasitikin\u010di\u0173 vaik\u0173 mama, i\u0161didi nediduko sublokuoto namo \u0161eiminink\u0117, susituokusi (kad nuramint\u0173 gimines) su savo vaik\u0173 t\u0117vu Kristofu. Puiku! Bet tada, kai ponas Bartsas, komunalinio \u016bkio darbuotojas, j\u0105 visi\u0161kai i\u0161mu\u0161a i\u0161 v\u0117\u017ei\u0173 ir sukelia pasiu\u010diausias erotines fantazijas, ji supranta, kad netrukus ka\u017ekas atsitiks...\",\"breadcrumb\":{\"@id\":\"https:\\\/\\\/skaitytaknyga.lt\\\/produktas\\\/susanne-frohlich-seimyninis-krepsys\\\/#breadcrumb\"},\"inLanguage\":\"en-GB\",\"potentialAction\":[{\"@type\":\"ReadAction\",\"target\":[\"https:\\\/\\\/skaitytaknyga.lt\\\/produktas\\\/susanne-frohlich-seimyninis-krepsys\\\/\"]}]},{\"@type\":\"ImageObject\",\"inLanguage\":\"en-GB\",\"@id\":\"https:\\\/\\\/skaitytaknyga.lt\\\/produktas\\\/susanne-frohlich-seimyninis-krepsys\\\/#primaryimage\",\"url\":\"https:\\\/\\\/skaitytaknyga.lt\\\/wp-content\\\/uploads\\\/2024\\\/05\\\/165539-20180328-162050-e1665927562483.jpg\",\"contentUrl\":\"https:\\\/\\\/skaitytaknyga.lt\\\/wp-content\\\/uploads\\\/2024\\\/05\\\/165539-20180328-162050-e1665927562483.jpg\",\"width\":325,\"height\":510},{\"@type\":\"BreadcrumbList\",\"@id\":\"https:\\\/\\\/skaitytaknyga.lt\\\/produktas\\\/susanne-frohlich-seimyninis-krepsys\\\/#breadcrumb\",\"itemListElement\":[{\"@type\":\"ListItem\",\"position\":1,\"name\":\"Home\",\"item\":\"https:\\\/\\\/skaitytaknyga.lt\\\/\"},{\"@type\":\"ListItem\",\"position\":2,\"name\":\"Parduotuv\u0117\",\"item\":\"https:\\\/\\\/skaitytaknyga.lt\\\/knygu-parduotuve\\\/\"},{\"@type\":\"ListItem\",\"position\":3,\"name\":\"Susanne Frohlich \u201e\u0160eimyninis krep\u0161ys\u201c\"}]},{\"@type\":\"WebSite\",\"@id\":\"https:\\\/\\\/skaitytaknyga.lt\\\/#website\",\"url\":\"https:\\\/\\\/skaitytaknyga.lt\\\/\",\"name\":\"skaitytaknyga.lt\",\"description\":\"Skaitytaknyga.lt \u2013 tai ma\u017eas \u0161eimos verslas, kuris prasid\u0117jo nuo meil\u0117s knygoms ir siekio i\u0161gelb\u0117ti knygas nuo likimo prie konteinerio. Kas vienam nereikalingas daiktas \u2013 kitam lobis, o mes esame tarpininkai, kurie padeda abiems tapti laimingesniems ???? \u017dinome kaip nelengva i\u0161gyventi ma\u017eiems verslams, tad nuo \u0161iol, \u010dia rasite ir kit\u0173, ma\u017e\u0173 \u0161eim\u0173 versl\u0173, rank\u0173 darbo, dovan\u0173 sau ir artimiesiems.\",\"publisher\":{\"@id\":\"https:\\\/\\\/skaitytaknyga.lt\\\/#organization\"},\"potentialAction\":[{\"@type\":\"SearchAction\",\"target\":{\"@type\":\"EntryPoint\",\"urlTemplate\":\"https:\\\/\\\/skaitytaknyga.lt\\\/?s={search_term_string}\"},\"query-input\":{\"@type\":\"PropertyValueSpecification\",\"valueRequired\":true,\"valueName\":\"search_term_string\"}}],\"inLanguage\":\"en-GB\"},{\"@type\":\"Organization\",\"@id\":\"https:\\\/\\\/skaitytaknyga.lt\\\/#organization\",\"name\":\"skaitytaknyga.lt\",\"url\":\"https:\\\/\\\/skaitytaknyga.lt\\\/\",\"logo\":{\"@type\":\"ImageObject\",\"inLanguage\":\"en-GB\",\"@id\":\"https:\\\/\\\/skaitytaknyga.lt\\\/#\\\/schema\\\/logo\\\/image\\\/\",\"url\":\"https:\\\/\\\/skaitytaknyga.lt\\\/wp-content\\\/uploads\\\/2024\\\/05\\\/cropped-cropped-cropped-02_00843_jt3bggkj1j3HLc7SyY6rEUpg.jpeg\",\"contentUrl\":\"https:\\\/\\\/skaitytaknyga.lt\\\/wp-content\\\/uploads\\\/2024\\\/05\\\/cropped-cropped-cropped-02_00843_jt3bggkj1j3HLc7SyY6rEUpg.jpeg\",\"width\":1600,\"height\":1600,\"caption\":\"skaitytaknyga.lt\"},\"image\":{\"@id\":\"https:\\\/\\\/skaitytaknyga.lt\\\/#\\\/schema\\\/logo\\\/image\\\/\"},\"sameAs\":[\"https:\\\/\\\/www.facebook.com\\\/skaitytaknyga\\\/\"]}]}<\/script>\n<!-- \/ Yoast SEO plugin. -->","yoast_head_json":{"title":"Susanne Frohlich \u201e\u0160eimyninis krep\u0161ys\u201c - Skaitytaknyga","description":"Kaip suderinti vaikus, virtuv\u0119 ir karjer\u0105 su malonumu, puikia fig\u016bra ir aistringu seksu? Susanne Fr\u00f6hlich \u017eino atsakym\u0105 \u2013 niekaip! Nebent nestokotum\u0117te \u0161maik\u0161taus humoro ir didel\u0117s porcijos autoironijos! Andr\u0117jos \u0160nit gyvenimas, ties\u0105 sakant, yra toks, apie kok\u012f ir svajojo. Ji \u2013 dviej\u0173 savimi pasitikin\u010di\u0173 vaik\u0173 mama, i\u0161didi nediduko sublokuoto namo \u0161eiminink\u0117, susituokusi (kad nuramint\u0173 gimines) su savo vaik\u0173 t\u0117vu Kristofu. Puiku! Bet tada, kai ponas Bartsas, komunalinio \u016bkio darbuotojas, j\u0105 visi\u0161kai i\u0161mu\u0161a i\u0161 v\u0117\u017ei\u0173 ir sukelia pasiu\u010diausias erotines fantazijas, ji supranta, kad netrukus ka\u017ekas atsitiks...","robots":{"index":"index","follow":"follow","max-snippet":"max-snippet:-1","max-image-preview":"max-image-preview:large","max-video-preview":"max-video-preview:-1"},"canonical":"https:\/\/skaitytaknyga.lt\/en\/produktas\/susanne-frohlich-seimyninis-krepsys\/","og_locale":"en_GB","og_type":"article","og_title":"Susanne Frohlich \u201e\u0160eimyninis krep\u0161ys\u201c - Skaitytaknyga","og_description":"Kaip suderinti vaikus, virtuv\u0119 ir karjer\u0105 su malonumu, puikia fig\u016bra ir aistringu seksu? Susanne Fr\u00f6hlich \u017eino atsakym\u0105 \u2013 niekaip! Nebent nestokotum\u0117te \u0161maik\u0161taus humoro ir didel\u0117s porcijos autoironijos! Andr\u0117jos \u0160nit gyvenimas, ties\u0105 sakant, yra toks, apie kok\u012f ir svajojo. Ji \u2013 dviej\u0173 savimi pasitikin\u010di\u0173 vaik\u0173 mama, i\u0161didi nediduko sublokuoto namo \u0161eiminink\u0117, susituokusi (kad nuramint\u0173 gimines) su savo vaik\u0173 t\u0117vu Kristofu. Puiku! Bet tada, kai ponas Bartsas, komunalinio \u016bkio darbuotojas, j\u0105 visi\u0161kai i\u0161mu\u0161a i\u0161 v\u0117\u017ei\u0173 ir sukelia pasiu\u010diausias erotines fantazijas, ji supranta, kad netrukus ka\u017ekas atsitiks...","og_url":"https:\/\/skaitytaknyga.lt\/en\/produktas\/susanne-frohlich-seimyninis-krepsys\/","og_site_name":"Skaitytaknyga","article_publisher":"https:\/\/www.facebook.com\/skaitytaknyga\/","article_modified_time":"2024-05-04T19:13:24+00:00","og_image":[{"width":325,"height":510,"url":"https:\/\/skaitytaknyga.lt\/wp-content\/uploads\/2024\/05\/165539-20180328-162050-e1665927562483.jpg","type":"image\/jpeg"}],"twitter_card":"summary_large_image","schema":{"@context":"https:\/\/schema.org","@graph":[{"@type":"WebPage","@id":"https:\/\/skaitytaknyga.lt\/produktas\/susanne-frohlich-seimyninis-krepsys\/","url":"https:\/\/skaitytaknyga.lt\/produktas\/susanne-frohlich-seimyninis-krepsys\/","name":"Susanne Frohlich \u201e\u0160eimyninis krep\u0161ys\u201c - Skaitytaknyga","isPartOf":{"@id":"https:\/\/skaitytaknyga.lt\/#website"},"primaryImageOfPage":{"@id":"https:\/\/skaitytaknyga.lt\/produktas\/susanne-frohlich-seimyninis-krepsys\/#primaryimage"},"image":{"@id":"https:\/\/skaitytaknyga.lt\/produktas\/susanne-frohlich-seimyninis-krepsys\/#primaryimage"},"thumbnailUrl":"https:\/\/skaitytaknyga.lt\/wp-content\/uploads\/2024\/05\/165539-20180328-162050-e1665927562483.jpg","datePublished":"2024-05-04T19:12:07+00:00","dateModified":"2024-05-04T19:13:24+00:00","description":"Kaip suderinti vaikus, virtuv\u0119 ir karjer\u0105 su malonumu, puikia fig\u016bra ir aistringu seksu? Susanne Fr\u00f6hlich \u017eino atsakym\u0105 \u2013 niekaip! Nebent nestokotum\u0117te \u0161maik\u0161taus humoro ir didel\u0117s porcijos autoironijos! Andr\u0117jos \u0160nit gyvenimas, ties\u0105 sakant, yra toks, apie kok\u012f ir svajojo. Ji \u2013 dviej\u0173 savimi pasitikin\u010di\u0173 vaik\u0173 mama, i\u0161didi nediduko sublokuoto namo \u0161eiminink\u0117, susituokusi (kad nuramint\u0173 gimines) su savo vaik\u0173 t\u0117vu Kristofu. Puiku! Bet tada, kai ponas Bartsas, komunalinio \u016bkio darbuotojas, j\u0105 visi\u0161kai i\u0161mu\u0161a i\u0161 v\u0117\u017ei\u0173 ir sukelia pasiu\u010diausias erotines fantazijas, ji supranta, kad netrukus ka\u017ekas atsitiks...","breadcrumb":{"@id":"https:\/\/skaitytaknyga.lt\/produktas\/susanne-frohlich-seimyninis-krepsys\/#breadcrumb"},"inLanguage":"en-GB","potentialAction":[{"@type":"ReadAction","target":["https:\/\/skaitytaknyga.lt\/produktas\/susanne-frohlich-seimyninis-krepsys\/"]}]},{"@type":"ImageObject","inLanguage":"en-GB","@id":"https:\/\/skaitytaknyga.lt\/produktas\/susanne-frohlich-seimyninis-krepsys\/#primaryimage","url":"https:\/\/skaitytaknyga.lt\/wp-content\/uploads\/2024\/05\/165539-20180328-162050-e1665927562483.jpg","contentUrl":"https:\/\/skaitytaknyga.lt\/wp-content\/uploads\/2024\/05\/165539-20180328-162050-e1665927562483.jpg","width":325,"height":510},{"@type":"BreadcrumbList","@id":"https:\/\/skaitytaknyga.lt\/produktas\/susanne-frohlich-seimyninis-krepsys\/#breadcrumb","itemListElement":[{"@type":"ListItem","position":1,"name":"Home","item":"https:\/\/skaitytaknyga.lt\/"},{"@type":"ListItem","position":2,"name":"Parduotuv\u0117","item":"https:\/\/skaitytaknyga.lt\/knygu-parduotuve\/"},{"@type":"ListItem","position":3,"name":"Susanne Frohlich \u201e\u0160eimyninis krep\u0161ys\u201c"}]},{"@type":"WebSite","@id":"https:\/\/skaitytaknyga.lt\/#website","url":"https:\/\/skaitytaknyga.lt\/","name":"skaitytaknyga.lt","description":"Skaitytaknyga.lt \u2013 tai ma\u017eas \u0161eimos verslas, kuris prasid\u0117jo nuo meil\u0117s knygoms ir siekio i\u0161gelb\u0117ti knygas nuo likimo prie konteinerio. Kas vienam nereikalingas daiktas \u2013 kitam lobis, o mes esame tarpininkai, kurie padeda abiems tapti laimingesniems ???? \u017dinome kaip nelengva i\u0161gyventi ma\u017eiems verslams, tad nuo \u0161iol, \u010dia rasite ir kit\u0173, ma\u017e\u0173 \u0161eim\u0173 versl\u0173, rank\u0173 darbo, dovan\u0173 sau ir artimiesiems.","publisher":{"@id":"https:\/\/skaitytaknyga.lt\/#organization"},"potentialAction":[{"@type":"SearchAction","target":{"@type":"EntryPoint","urlTemplate":"https:\/\/skaitytaknyga.lt\/?s={search_term_string}"},"query-input":{"@type":"PropertyValueSpecification","valueRequired":true,"valueName":"search_term_string"}}],"inLanguage":"en-GB"},{"@type":"Organization","@id":"https:\/\/skaitytaknyga.lt\/#organization","name":"skaitytaknyga.lt","url":"https:\/\/skaitytaknyga.lt\/","logo":{"@type":"ImageObject","inLanguage":"en-GB","@id":"https:\/\/skaitytaknyga.lt\/#\/schema\/logo\/image\/","url":"https:\/\/skaitytaknyga.lt\/wp-content\/uploads\/2024\/05\/cropped-cropped-cropped-02_00843_jt3bggkj1j3HLc7SyY6rEUpg.jpeg","contentUrl":"https:\/\/skaitytaknyga.lt\/wp-content\/uploads\/2024\/05\/cropped-cropped-cropped-02_00843_jt3bggkj1j3HLc7SyY6rEUpg.jpeg","width":1600,"height":1600,"caption":"skaitytaknyga.lt"},"image":{"@id":"https:\/\/skaitytaknyga.lt\/#\/schema\/logo\/image\/"},"sameAs":["https:\/\/www.facebook.com\/skaitytaknyga\/"]}]}},"_links":{"self":[{"href":"https:\/\/skaitytaknyga.lt\/en\/wp-json\/wp\/v2\/product\/10716","targetHints":{"allow":["GET"]}}],"collection":[{"href":"https:\/\/skaitytaknyga.lt\/en\/wp-json\/wp\/v2\/product"}],"about":[{"href":"https:\/\/skaitytaknyga.lt\/en\/wp-json\/wp\/v2\/types\/product"}],"replies":[{"embeddable":true,"href":"https:\/\/skaitytaknyga.lt\/en\/wp-json\/wp\/v2\/comments?post=10716"}],"wp:featuredmedia":[{"embeddable":true,"href":"https:\/\/skaitytaknyga.lt\/en\/wp-json\/wp\/v2\/media\/10756"}],"wp:attachment":[{"href":"https:\/\/skaitytaknyga.lt\/en\/wp-json\/wp\/v2\/media?parent=10716"}],"wp:term":[{"taxonomy":"product_brand","embeddable":true,"href":"https:\/\/skaitytaknyga.lt\/en\/wp-json\/wp\/v2\/product_brand?post=10716"},{"taxonomy":"product_cat","embeddable":true,"href":"https:\/\/skaitytaknyga.lt\/en\/wp-json\/wp\/v2\/product_cat?post=10716"},{"taxonomy":"product_tag","embeddable":true,"href":"https:\/\/skaitytaknyga.lt\/en\/wp-json\/wp\/v2\/product_tag?post=10716"}],"curies":[{"name":"wp","href":"https:\/\/api.w.org\/{rel}","templated":true}]}}