{"id":10714,"date":"2024-05-04T19:12:07","date_gmt":"2024-05-04T19:12:07","guid":{"rendered":"https:\/\/skaitytaknyga.lt\/?post_type=product&#038;p=10714"},"modified":"2024-05-04T19:13:16","modified_gmt":"2024-05-04T19:13:16","slug":"renata-serelyte-laukiniai-menesiai","status":"publish","type":"product","link":"https:\/\/skaitytaknyga.lt\/en\/produktas\/renata-serelyte-laukiniai-menesiai\/","title":{"rendered":"Renata \u0160erelyt\u0117 \u201eLaukiniai m\u0117nesiai\u201c"},"content":{"rendered":"<p>\u017dinomos lietuvi\u0173 ra\u0161ytojos eseistika, sujungianti praeit\u012f ir dabart\u012f, kartais pereinanti \u012f kand\u017ei\u0105 satyr\u0105, nestokojanti \u0161maik\u0161taus humoro.<\/p>\n<p><em>Pasaulis toks baisus ir bukas, kad net juokina; garsi prozinink\u0117 Renata \u0160erelyt\u0117 su savo juokinga eseistika priver\u010dia pamatyti depresij\u0173 apimto pasaulio juoking\u0105j\u0105 pus\u0119. \u201eLaukiniai m\u0117nesiai\u201c \u2013 tai \u0161maik\u0161tus ra\u0161ytojo kirtis kasdienyb\u0117s ni\u016brumui. Ir \u0161iaudas mums, \u010dia besimurdantiems.<\/em><\/p>\n<p><em>Moteris, kuri nekompleksuoja, kad ji moteris, \u2013 retas literat\u016broje atvejis; pasaulis atsiveria netik\u0117tu rakursu, su \u0161velnia ironija ir simpatija, pie\u0161iama viskas \u2013 nuo Gagarino iki Donelai\u010dio, nuo Arteko iki psichoanaliz\u0117s, nuo tautini\u0173 televizij\u0173 marazmo iki teisini\u0173 absurd\u0173.<\/em><\/p>\n<p><em>I\u0161moningai \u017eaid\u017eiama istorijos ir literat\u016bros tradicijomis, smagiai juokiamasi, gal kartais pro a\u0161aras, bet tai jau m\u016bs\u0173 dien\u0173 humoras \u2013 kitaip nei\u0161eina.<\/em><\/p>\n<p><em>Lengva pikanti\u0161kumo doz\u0117, \u0161velni erotika, kas be ko, miela ir lengva skaityti.<\/em><\/p>\n<p>Gintaras Beresnevi\u010dius<\/p>\n","protected":false},"excerpt":{"rendered":"<p>\u017dinomos lietuvi\u0173 ra\u0161ytojos eseistika, sujungianti praeit\u012f ir dabart\u012f, kartais pereinanti \u012f kand\u017ei\u0105 satyr\u0105, nestokojanti \u0161maik\u0161taus humoro.<\/p>\n<p><em>Pasaulis toks baisus ir bukas, kad net juokina; garsi prozinink\u0117 Renata \u0160erelyt\u0117 su savo juokinga eseistika priver\u010dia pamatyti depresij\u0173 apimto pasaulio juoking\u0105j\u0105 pus\u0119. \u201eLaukiniai m\u0117nesiai\u201c \u2013 tai \u0161maik\u0161tus ra\u0161ytojo kirtis kasdienyb\u0117s ni\u016brumui. Ir \u0161iaudas mums, \u010dia besimurdantiems.<\/em><\/p>\n<p><em>Moteris, kuri nekompleksuoja, kad ji moteris, \u2013 retas literat\u016broje atvejis; pasaulis atsiveria netik\u0117tu rakursu, su \u0161velnia ironija ir simpatija, pie\u0161iama viskas \u2013 nuo Gagarino iki Donelai\u010dio, nuo Arteko iki psichoanaliz\u0117s, nuo tautini\u0173 televizij\u0173 marazmo iki teisini\u0173 absurd\u0173.<\/em><\/p>\n<p><em>I\u0161moningai \u017eaid\u017eiama istorijos ir literat\u016bros tradicijomis, smagiai juokiamasi, gal kartais pro a\u0161aras, bet tai jau m\u016bs\u0173 dien\u0173 humoras \u2013 kitaip nei\u0161eina.<\/em><\/p>\n<p><em>Lengva pikanti\u0161kumo doz\u0117, \u0161velni erotika, kas be ko, miela ir lengva skaityti.<\/em><\/p>\n<p>Gintaras Beresnevi\u010dius<\/p>\n","protected":false},"featured_media":10748,"comment_status":"closed","ping_status":"closed","template":"","meta":{"_acf_changed":false,"site-sidebar-layout":"default","site-content-layout":"","ast-site-content-layout":"default","site-content-style":"default","site-sidebar-style":"default","ast-global-header-display":"","ast-banner-title-visibility":"","ast-main-header-display":"","ast-hfb-above-header-display":"","ast-hfb-below-header-display":"","ast-hfb-mobile-header-display":"","site-post-title":"","ast-breadcrumbs-content":"","ast-featured-img":"","footer-sml-layout":"","ast-disable-related-posts":"","theme-transparent-header-meta":"","adv-header-id-meta":"","stick-header-meta":"","header-above-stick-meta":"","header-main-stick-meta":"","header-below-stick-meta":"","astra-migrate-meta-layouts":"default","ast-page-background-enabled":"default","ast-page-background-meta":{"desktop":{"background-color":"","background-image":"","background-repeat":"repeat","background-position":"center center","background-size":"auto","background-attachment":"scroll","background-type":"","background-media":"","overlay-type":"","overlay-color":"","overlay-opacity":"","overlay-gradient":""},"tablet":{"background-color":"","background-image":"","background-repeat":"repeat","background-position":"center center","background-size":"auto","background-attachment":"scroll","background-type":"","background-media":"","overlay-type":"","overlay-color":"","overlay-opacity":"","overlay-gradient":""},"mobile":{"background-color":"","background-image":"","background-repeat":"repeat","background-position":"center center","background-size":"auto","background-attachment":"scroll","background-type":"","background-media":"","overlay-type":"","overlay-color":"","overlay-opacity":"","overlay-gradient":""}},"ast-content-background-meta":{"desktop":{"background-color":"var(--ast-global-color-4)","background-image":"","background-repeat":"repeat","background-position":"center center","background-size":"auto","background-attachment":"scroll","background-type":"","background-media":"","overlay-type":"","overlay-color":"","overlay-opacity":"","overlay-gradient":""},"tablet":{"background-color":"var(--ast-global-color-4)","background-image":"","background-repeat":"repeat","background-position":"center center","background-size":"auto","background-attachment":"scroll","background-type":"","background-media":"","overlay-type":"","overlay-color":"","overlay-opacity":"","overlay-gradient":""},"mobile":{"background-color":"var(--ast-global-color-4)","background-image":"","background-repeat":"repeat","background-position":"center center","background-size":"auto","background-attachment":"scroll","background-type":"","background-media":"","overlay-type":"","overlay-color":"","overlay-opacity":"","overlay-gradient":""}}},"product_brand":[],"product_cat":[31],"product_tag":[],"class_list":{"0":"post-10714","1":"product","2":"type-product","3":"status-publish","4":"has-post-thumbnail","6":"product_cat-grozine-literatura","7":"desktop-align-left","8":"tablet-align-left","9":"mobile-align-left","11":"first","12":"instock","13":"shipping-taxable","14":"purchasable","15":"product-type-simple"},"acf":[],"yoast_head":"<!-- This site is optimized with the Yoast SEO plugin v27.4 - https:\/\/yoast.com\/product\/yoast-seo-wordpress\/ -->\n<title>Renata \u0160erelyt\u0117 \u201eLaukiniai m\u0117nesiai\u201c - Skaitytaknyga<\/title>\n<meta name=\"description\" content=\"\u017dinomos lietuvi\u0173 ra\u0161ytojos eseistika, sujungianti praeit\u012f ir dabart\u012f, kartais pereinanti \u012f kand\u017ei\u0105 satyr\u0105, nestokojanti \u0161maik\u0161taus humoro.  Pasaulis toks baisus ir bukas, kad net juokina; garsi prozinink\u0117 Renata \u0160erelyt\u0117 su savo juokinga eseistika priver\u010dia pamatyti depresij\u0173 apimto pasaulio juoking\u0105j\u0105 pus\u0119. \u201eLaukiniai m\u0117nesiai\u201c \u2013 tai \u0161maik\u0161tus ra\u0161ytojo kirtis kasdienyb\u0117s ni\u016brumui. Ir \u0161iaudas mums, \u010dia besimurdantiems.  Moteris, kuri nekompleksuoja, kad ji moteris, \u2013 retas literat\u016broje atvejis; pasaulis atsiveria netik\u0117tu rakursu, su \u0161velnia ironija ir simpatija, pie\u0161iama viskas \u2013 nuo Gagarino iki Donelai\u010dio, nuo Arteko iki psichoanaliz\u0117s, nuo tautini\u0173 televizij\u0173 marazmo iki teisini\u0173 absurd\u0173.  I\u0161moningai \u017eaid\u017eiama istorijos ir literat\u016bros tradicijomis, smagiai juokiamasi, gal kartais pro a\u0161aras, bet tai jau m\u016bs\u0173 dien\u0173 humoras \u2013 kitaip nei\u0161eina.  Lengva pikanti\u0161kumo doz\u0117, \u0161velni erotika, kas be ko, miela ir lengva skaityti.  Gintaras Beresnevi\u010dius\" \/>\n<meta name=\"robots\" content=\"index, follow, max-snippet:-1, max-image-preview:large, max-video-preview:-1\" \/>\n<link rel=\"canonical\" href=\"https:\/\/skaitytaknyga.lt\/en\/produktas\/renata-serelyte-laukiniai-menesiai\/\" \/>\n<meta property=\"og:locale\" content=\"en_GB\" \/>\n<meta property=\"og:locale:alternate\" content=\"lt_LT\" \/>\n<meta property=\"og:type\" content=\"article\" \/>\n<meta property=\"og:title\" content=\"Renata \u0160erelyt\u0117 \u201eLaukiniai m\u0117nesiai\u201c - Skaitytaknyga\" \/>\n<meta property=\"og:description\" content=\"\u017dinomos lietuvi\u0173 ra\u0161ytojos eseistika, sujungianti praeit\u012f ir dabart\u012f, kartais pereinanti \u012f kand\u017ei\u0105 satyr\u0105, nestokojanti \u0161maik\u0161taus humoro.  Pasaulis toks baisus ir bukas, kad net juokina; garsi prozinink\u0117 Renata \u0160erelyt\u0117 su savo juokinga eseistika priver\u010dia pamatyti depresij\u0173 apimto pasaulio juoking\u0105j\u0105 pus\u0119. \u201eLaukiniai m\u0117nesiai\u201c \u2013 tai \u0161maik\u0161tus ra\u0161ytojo kirtis kasdienyb\u0117s ni\u016brumui. Ir \u0161iaudas mums, \u010dia besimurdantiems.  Moteris, kuri nekompleksuoja, kad ji moteris, \u2013 retas literat\u016broje atvejis; pasaulis atsiveria netik\u0117tu rakursu, su \u0161velnia ironija ir simpatija, pie\u0161iama viskas \u2013 nuo Gagarino iki Donelai\u010dio, nuo Arteko iki psichoanaliz\u0117s, nuo tautini\u0173 televizij\u0173 marazmo iki teisini\u0173 absurd\u0173.  I\u0161moningai \u017eaid\u017eiama istorijos ir literat\u016bros tradicijomis, smagiai juokiamasi, gal kartais pro a\u0161aras, bet tai jau m\u016bs\u0173 dien\u0173 humoras \u2013 kitaip nei\u0161eina.  Lengva pikanti\u0161kumo doz\u0117, \u0161velni erotika, kas be ko, miela ir lengva skaityti.  Gintaras Beresnevi\u010dius\" \/>\n<meta property=\"og:url\" content=\"https:\/\/skaitytaknyga.lt\/en\/produktas\/renata-serelyte-laukiniai-menesiai\/\" \/>\n<meta property=\"og:site_name\" content=\"Skaitytaknyga\" \/>\n<meta property=\"article:publisher\" content=\"https:\/\/www.facebook.com\/skaitytaknyga\/\" \/>\n<meta property=\"article:modified_time\" content=\"2024-05-04T19:13:16+00:00\" \/>\n<meta property=\"og:image\" content=\"https:\/\/skaitytaknyga.lt\/wp-content\/uploads\/2024\/05\/17368484._UY630_SR1200630_-e1665927338372.jpg\" \/>\n\t<meta property=\"og:image:width\" content=\"378\" \/>\n\t<meta property=\"og:image:height\" content=\"609\" \/>\n\t<meta property=\"og:image:type\" content=\"image\/jpeg\" \/>\n<meta name=\"twitter:card\" content=\"summary_large_image\" \/>\n<meta name=\"twitter:label1\" content=\"Estimated reading time\" \/>\n\t<meta name=\"twitter:data1\" content=\"1 minute\" \/>\n<script type=\"application\/ld+json\" class=\"yoast-schema-graph\">{\"@context\":\"https:\\\/\\\/schema.org\",\"@graph\":[{\"@type\":\"WebPage\",\"@id\":\"https:\\\/\\\/skaitytaknyga.lt\\\/produktas\\\/renata-serelyte-laukiniai-menesiai\\\/\",\"url\":\"https:\\\/\\\/skaitytaknyga.lt\\\/produktas\\\/renata-serelyte-laukiniai-menesiai\\\/\",\"name\":\"Renata \u0160erelyt\u0117 \u201eLaukiniai m\u0117nesiai\u201c - Skaitytaknyga\",\"isPartOf\":{\"@id\":\"https:\\\/\\\/skaitytaknyga.lt\\\/#website\"},\"primaryImageOfPage\":{\"@id\":\"https:\\\/\\\/skaitytaknyga.lt\\\/produktas\\\/renata-serelyte-laukiniai-menesiai\\\/#primaryimage\"},\"image\":{\"@id\":\"https:\\\/\\\/skaitytaknyga.lt\\\/produktas\\\/renata-serelyte-laukiniai-menesiai\\\/#primaryimage\"},\"thumbnailUrl\":\"https:\\\/\\\/skaitytaknyga.lt\\\/wp-content\\\/uploads\\\/2024\\\/05\\\/17368484._UY630_SR1200630_-e1665927338372.jpg\",\"datePublished\":\"2024-05-04T19:12:07+00:00\",\"dateModified\":\"2024-05-04T19:13:16+00:00\",\"description\":\"\u017dinomos lietuvi\u0173 ra\u0161ytojos eseistika, sujungianti praeit\u012f ir dabart\u012f, kartais pereinanti \u012f kand\u017ei\u0105 satyr\u0105, nestokojanti \u0161maik\u0161taus humoro. Pasaulis toks baisus ir bukas, kad net juokina; garsi prozinink\u0117 Renata \u0160erelyt\u0117 su savo juokinga eseistika priver\u010dia pamatyti depresij\u0173 apimto pasaulio juoking\u0105j\u0105 pus\u0119. \u201eLaukiniai m\u0117nesiai\u201c \u2013 tai \u0161maik\u0161tus ra\u0161ytojo kirtis kasdienyb\u0117s ni\u016brumui. Ir \u0161iaudas mums, \u010dia besimurdantiems. Moteris, kuri nekompleksuoja, kad ji moteris, \u2013 retas literat\u016broje atvejis; pasaulis atsiveria netik\u0117tu rakursu, su \u0161velnia ironija ir simpatija, pie\u0161iama viskas \u2013 nuo Gagarino iki Donelai\u010dio, nuo Arteko iki psichoanaliz\u0117s, nuo tautini\u0173 televizij\u0173 marazmo iki teisini\u0173 absurd\u0173. I\u0161moningai \u017eaid\u017eiama istorijos ir literat\u016bros tradicijomis, smagiai juokiamasi, gal kartais pro a\u0161aras, bet tai jau m\u016bs\u0173 dien\u0173 humoras \u2013 kitaip nei\u0161eina. Lengva pikanti\u0161kumo doz\u0117, \u0161velni erotika, kas be ko, miela ir lengva skaityti. Gintaras Beresnevi\u010dius\",\"breadcrumb\":{\"@id\":\"https:\\\/\\\/skaitytaknyga.lt\\\/produktas\\\/renata-serelyte-laukiniai-menesiai\\\/#breadcrumb\"},\"inLanguage\":\"en-GB\",\"potentialAction\":[{\"@type\":\"ReadAction\",\"target\":[\"https:\\\/\\\/skaitytaknyga.lt\\\/produktas\\\/renata-serelyte-laukiniai-menesiai\\\/\"]}]},{\"@type\":\"ImageObject\",\"inLanguage\":\"en-GB\",\"@id\":\"https:\\\/\\\/skaitytaknyga.lt\\\/produktas\\\/renata-serelyte-laukiniai-menesiai\\\/#primaryimage\",\"url\":\"https:\\\/\\\/skaitytaknyga.lt\\\/wp-content\\\/uploads\\\/2024\\\/05\\\/17368484._UY630_SR1200630_-e1665927338372.jpg\",\"contentUrl\":\"https:\\\/\\\/skaitytaknyga.lt\\\/wp-content\\\/uploads\\\/2024\\\/05\\\/17368484._UY630_SR1200630_-e1665927338372.jpg\",\"width\":378,\"height\":609},{\"@type\":\"BreadcrumbList\",\"@id\":\"https:\\\/\\\/skaitytaknyga.lt\\\/produktas\\\/renata-serelyte-laukiniai-menesiai\\\/#breadcrumb\",\"itemListElement\":[{\"@type\":\"ListItem\",\"position\":1,\"name\":\"Home\",\"item\":\"https:\\\/\\\/skaitytaknyga.lt\\\/\"},{\"@type\":\"ListItem\",\"position\":2,\"name\":\"Parduotuv\u0117\",\"item\":\"https:\\\/\\\/skaitytaknyga.lt\\\/knygu-parduotuve\\\/\"},{\"@type\":\"ListItem\",\"position\":3,\"name\":\"Renata \u0160erelyt\u0117 \u201eLaukiniai m\u0117nesiai\u201c\"}]},{\"@type\":\"WebSite\",\"@id\":\"https:\\\/\\\/skaitytaknyga.lt\\\/#website\",\"url\":\"https:\\\/\\\/skaitytaknyga.lt\\\/\",\"name\":\"skaitytaknyga.lt\",\"description\":\"Skaitytaknyga.lt \u2013 tai ma\u017eas \u0161eimos verslas, kuris prasid\u0117jo nuo meil\u0117s knygoms ir siekio i\u0161gelb\u0117ti knygas nuo likimo prie konteinerio. Kas vienam nereikalingas daiktas \u2013 kitam lobis, o mes esame tarpininkai, kurie padeda abiems tapti laimingesniems ???? \u017dinome kaip nelengva i\u0161gyventi ma\u017eiems verslams, tad nuo \u0161iol, \u010dia rasite ir kit\u0173, ma\u017e\u0173 \u0161eim\u0173 versl\u0173, rank\u0173 darbo, dovan\u0173 sau ir artimiesiems.\",\"publisher\":{\"@id\":\"https:\\\/\\\/skaitytaknyga.lt\\\/#organization\"},\"potentialAction\":[{\"@type\":\"SearchAction\",\"target\":{\"@type\":\"EntryPoint\",\"urlTemplate\":\"https:\\\/\\\/skaitytaknyga.lt\\\/?s={search_term_string}\"},\"query-input\":{\"@type\":\"PropertyValueSpecification\",\"valueRequired\":true,\"valueName\":\"search_term_string\"}}],\"inLanguage\":\"en-GB\"},{\"@type\":\"Organization\",\"@id\":\"https:\\\/\\\/skaitytaknyga.lt\\\/#organization\",\"name\":\"skaitytaknyga.lt\",\"url\":\"https:\\\/\\\/skaitytaknyga.lt\\\/\",\"logo\":{\"@type\":\"ImageObject\",\"inLanguage\":\"en-GB\",\"@id\":\"https:\\\/\\\/skaitytaknyga.lt\\\/#\\\/schema\\\/logo\\\/image\\\/\",\"url\":\"https:\\\/\\\/skaitytaknyga.lt\\\/wp-content\\\/uploads\\\/2024\\\/05\\\/cropped-cropped-cropped-02_00843_jt3bggkj1j3HLc7SyY6rEUpg.jpeg\",\"contentUrl\":\"https:\\\/\\\/skaitytaknyga.lt\\\/wp-content\\\/uploads\\\/2024\\\/05\\\/cropped-cropped-cropped-02_00843_jt3bggkj1j3HLc7SyY6rEUpg.jpeg\",\"width\":1600,\"height\":1600,\"caption\":\"skaitytaknyga.lt\"},\"image\":{\"@id\":\"https:\\\/\\\/skaitytaknyga.lt\\\/#\\\/schema\\\/logo\\\/image\\\/\"},\"sameAs\":[\"https:\\\/\\\/www.facebook.com\\\/skaitytaknyga\\\/\"]}]}<\/script>\n<!-- \/ Yoast SEO plugin. -->","yoast_head_json":{"title":"Renata \u0160erelyt\u0117 \u201eLaukiniai m\u0117nesiai\u201c - Skaitytaknyga","description":"\u017dinomos lietuvi\u0173 ra\u0161ytojos eseistika, sujungianti praeit\u012f ir dabart\u012f, kartais pereinanti \u012f kand\u017ei\u0105 satyr\u0105, nestokojanti \u0161maik\u0161taus humoro.  Pasaulis toks baisus ir bukas, kad net juokina; garsi prozinink\u0117 Renata \u0160erelyt\u0117 su savo juokinga eseistika priver\u010dia pamatyti depresij\u0173 apimto pasaulio juoking\u0105j\u0105 pus\u0119. \u201eLaukiniai m\u0117nesiai\u201c \u2013 tai \u0161maik\u0161tus ra\u0161ytojo kirtis kasdienyb\u0117s ni\u016brumui. Ir \u0161iaudas mums, \u010dia besimurdantiems.  Moteris, kuri nekompleksuoja, kad ji moteris, \u2013 retas literat\u016broje atvejis; pasaulis atsiveria netik\u0117tu rakursu, su \u0161velnia ironija ir simpatija, pie\u0161iama viskas \u2013 nuo Gagarino iki Donelai\u010dio, nuo Arteko iki psichoanaliz\u0117s, nuo tautini\u0173 televizij\u0173 marazmo iki teisini\u0173 absurd\u0173.  I\u0161moningai \u017eaid\u017eiama istorijos ir literat\u016bros tradicijomis, smagiai juokiamasi, gal kartais pro a\u0161aras, bet tai jau m\u016bs\u0173 dien\u0173 humoras \u2013 kitaip nei\u0161eina.  Lengva pikanti\u0161kumo doz\u0117, \u0161velni erotika, kas be ko, miela ir lengva skaityti.  Gintaras Beresnevi\u010dius","robots":{"index":"index","follow":"follow","max-snippet":"max-snippet:-1","max-image-preview":"max-image-preview:large","max-video-preview":"max-video-preview:-1"},"canonical":"https:\/\/skaitytaknyga.lt\/en\/produktas\/renata-serelyte-laukiniai-menesiai\/","og_locale":"en_GB","og_type":"article","og_title":"Renata \u0160erelyt\u0117 \u201eLaukiniai m\u0117nesiai\u201c - Skaitytaknyga","og_description":"\u017dinomos lietuvi\u0173 ra\u0161ytojos eseistika, sujungianti praeit\u012f ir dabart\u012f, kartais pereinanti \u012f kand\u017ei\u0105 satyr\u0105, nestokojanti \u0161maik\u0161taus humoro.  Pasaulis toks baisus ir bukas, kad net juokina; garsi prozinink\u0117 Renata \u0160erelyt\u0117 su savo juokinga eseistika priver\u010dia pamatyti depresij\u0173 apimto pasaulio juoking\u0105j\u0105 pus\u0119. \u201eLaukiniai m\u0117nesiai\u201c \u2013 tai \u0161maik\u0161tus ra\u0161ytojo kirtis kasdienyb\u0117s ni\u016brumui. Ir \u0161iaudas mums, \u010dia besimurdantiems.  Moteris, kuri nekompleksuoja, kad ji moteris, \u2013 retas literat\u016broje atvejis; pasaulis atsiveria netik\u0117tu rakursu, su \u0161velnia ironija ir simpatija, pie\u0161iama viskas \u2013 nuo Gagarino iki Donelai\u010dio, nuo Arteko iki psichoanaliz\u0117s, nuo tautini\u0173 televizij\u0173 marazmo iki teisini\u0173 absurd\u0173.  I\u0161moningai \u017eaid\u017eiama istorijos ir literat\u016bros tradicijomis, smagiai juokiamasi, gal kartais pro a\u0161aras, bet tai jau m\u016bs\u0173 dien\u0173 humoras \u2013 kitaip nei\u0161eina.  Lengva pikanti\u0161kumo doz\u0117, \u0161velni erotika, kas be ko, miela ir lengva skaityti.  Gintaras Beresnevi\u010dius","og_url":"https:\/\/skaitytaknyga.lt\/en\/produktas\/renata-serelyte-laukiniai-menesiai\/","og_site_name":"Skaitytaknyga","article_publisher":"https:\/\/www.facebook.com\/skaitytaknyga\/","article_modified_time":"2024-05-04T19:13:16+00:00","og_image":[{"width":378,"height":609,"url":"https:\/\/skaitytaknyga.lt\/wp-content\/uploads\/2024\/05\/17368484._UY630_SR1200630_-e1665927338372.jpg","type":"image\/jpeg"}],"twitter_card":"summary_large_image","twitter_misc":{"Estimated reading time":"1 minute"},"schema":{"@context":"https:\/\/schema.org","@graph":[{"@type":"WebPage","@id":"https:\/\/skaitytaknyga.lt\/produktas\/renata-serelyte-laukiniai-menesiai\/","url":"https:\/\/skaitytaknyga.lt\/produktas\/renata-serelyte-laukiniai-menesiai\/","name":"Renata \u0160erelyt\u0117 \u201eLaukiniai m\u0117nesiai\u201c - Skaitytaknyga","isPartOf":{"@id":"https:\/\/skaitytaknyga.lt\/#website"},"primaryImageOfPage":{"@id":"https:\/\/skaitytaknyga.lt\/produktas\/renata-serelyte-laukiniai-menesiai\/#primaryimage"},"image":{"@id":"https:\/\/skaitytaknyga.lt\/produktas\/renata-serelyte-laukiniai-menesiai\/#primaryimage"},"thumbnailUrl":"https:\/\/skaitytaknyga.lt\/wp-content\/uploads\/2024\/05\/17368484._UY630_SR1200630_-e1665927338372.jpg","datePublished":"2024-05-04T19:12:07+00:00","dateModified":"2024-05-04T19:13:16+00:00","description":"\u017dinomos lietuvi\u0173 ra\u0161ytojos eseistika, sujungianti praeit\u012f ir dabart\u012f, kartais pereinanti \u012f kand\u017ei\u0105 satyr\u0105, nestokojanti \u0161maik\u0161taus humoro. Pasaulis toks baisus ir bukas, kad net juokina; garsi prozinink\u0117 Renata \u0160erelyt\u0117 su savo juokinga eseistika priver\u010dia pamatyti depresij\u0173 apimto pasaulio juoking\u0105j\u0105 pus\u0119. \u201eLaukiniai m\u0117nesiai\u201c \u2013 tai \u0161maik\u0161tus ra\u0161ytojo kirtis kasdienyb\u0117s ni\u016brumui. Ir \u0161iaudas mums, \u010dia besimurdantiems. Moteris, kuri nekompleksuoja, kad ji moteris, \u2013 retas literat\u016broje atvejis; pasaulis atsiveria netik\u0117tu rakursu, su \u0161velnia ironija ir simpatija, pie\u0161iama viskas \u2013 nuo Gagarino iki Donelai\u010dio, nuo Arteko iki psichoanaliz\u0117s, nuo tautini\u0173 televizij\u0173 marazmo iki teisini\u0173 absurd\u0173. I\u0161moningai \u017eaid\u017eiama istorijos ir literat\u016bros tradicijomis, smagiai juokiamasi, gal kartais pro a\u0161aras, bet tai jau m\u016bs\u0173 dien\u0173 humoras \u2013 kitaip nei\u0161eina. Lengva pikanti\u0161kumo doz\u0117, \u0161velni erotika, kas be ko, miela ir lengva skaityti. Gintaras Beresnevi\u010dius","breadcrumb":{"@id":"https:\/\/skaitytaknyga.lt\/produktas\/renata-serelyte-laukiniai-menesiai\/#breadcrumb"},"inLanguage":"en-GB","potentialAction":[{"@type":"ReadAction","target":["https:\/\/skaitytaknyga.lt\/produktas\/renata-serelyte-laukiniai-menesiai\/"]}]},{"@type":"ImageObject","inLanguage":"en-GB","@id":"https:\/\/skaitytaknyga.lt\/produktas\/renata-serelyte-laukiniai-menesiai\/#primaryimage","url":"https:\/\/skaitytaknyga.lt\/wp-content\/uploads\/2024\/05\/17368484._UY630_SR1200630_-e1665927338372.jpg","contentUrl":"https:\/\/skaitytaknyga.lt\/wp-content\/uploads\/2024\/05\/17368484._UY630_SR1200630_-e1665927338372.jpg","width":378,"height":609},{"@type":"BreadcrumbList","@id":"https:\/\/skaitytaknyga.lt\/produktas\/renata-serelyte-laukiniai-menesiai\/#breadcrumb","itemListElement":[{"@type":"ListItem","position":1,"name":"Home","item":"https:\/\/skaitytaknyga.lt\/"},{"@type":"ListItem","position":2,"name":"Parduotuv\u0117","item":"https:\/\/skaitytaknyga.lt\/knygu-parduotuve\/"},{"@type":"ListItem","position":3,"name":"Renata \u0160erelyt\u0117 \u201eLaukiniai m\u0117nesiai\u201c"}]},{"@type":"WebSite","@id":"https:\/\/skaitytaknyga.lt\/#website","url":"https:\/\/skaitytaknyga.lt\/","name":"skaitytaknyga.lt","description":"Skaitytaknyga.lt \u2013 tai ma\u017eas \u0161eimos verslas, kuris prasid\u0117jo nuo meil\u0117s knygoms ir siekio i\u0161gelb\u0117ti knygas nuo likimo prie konteinerio. Kas vienam nereikalingas daiktas \u2013 kitam lobis, o mes esame tarpininkai, kurie padeda abiems tapti laimingesniems ???? \u017dinome kaip nelengva i\u0161gyventi ma\u017eiems verslams, tad nuo \u0161iol, \u010dia rasite ir kit\u0173, ma\u017e\u0173 \u0161eim\u0173 versl\u0173, rank\u0173 darbo, dovan\u0173 sau ir artimiesiems.","publisher":{"@id":"https:\/\/skaitytaknyga.lt\/#organization"},"potentialAction":[{"@type":"SearchAction","target":{"@type":"EntryPoint","urlTemplate":"https:\/\/skaitytaknyga.lt\/?s={search_term_string}"},"query-input":{"@type":"PropertyValueSpecification","valueRequired":true,"valueName":"search_term_string"}}],"inLanguage":"en-GB"},{"@type":"Organization","@id":"https:\/\/skaitytaknyga.lt\/#organization","name":"skaitytaknyga.lt","url":"https:\/\/skaitytaknyga.lt\/","logo":{"@type":"ImageObject","inLanguage":"en-GB","@id":"https:\/\/skaitytaknyga.lt\/#\/schema\/logo\/image\/","url":"https:\/\/skaitytaknyga.lt\/wp-content\/uploads\/2024\/05\/cropped-cropped-cropped-02_00843_jt3bggkj1j3HLc7SyY6rEUpg.jpeg","contentUrl":"https:\/\/skaitytaknyga.lt\/wp-content\/uploads\/2024\/05\/cropped-cropped-cropped-02_00843_jt3bggkj1j3HLc7SyY6rEUpg.jpeg","width":1600,"height":1600,"caption":"skaitytaknyga.lt"},"image":{"@id":"https:\/\/skaitytaknyga.lt\/#\/schema\/logo\/image\/"},"sameAs":["https:\/\/www.facebook.com\/skaitytaknyga\/"]}]}},"_links":{"self":[{"href":"https:\/\/skaitytaknyga.lt\/en\/wp-json\/wp\/v2\/product\/10714","targetHints":{"allow":["GET"]}}],"collection":[{"href":"https:\/\/skaitytaknyga.lt\/en\/wp-json\/wp\/v2\/product"}],"about":[{"href":"https:\/\/skaitytaknyga.lt\/en\/wp-json\/wp\/v2\/types\/product"}],"replies":[{"embeddable":true,"href":"https:\/\/skaitytaknyga.lt\/en\/wp-json\/wp\/v2\/comments?post=10714"}],"wp:featuredmedia":[{"embeddable":true,"href":"https:\/\/skaitytaknyga.lt\/en\/wp-json\/wp\/v2\/media\/10748"}],"wp:attachment":[{"href":"https:\/\/skaitytaknyga.lt\/en\/wp-json\/wp\/v2\/media?parent=10714"}],"wp:term":[{"taxonomy":"product_brand","embeddable":true,"href":"https:\/\/skaitytaknyga.lt\/en\/wp-json\/wp\/v2\/product_brand?post=10714"},{"taxonomy":"product_cat","embeddable":true,"href":"https:\/\/skaitytaknyga.lt\/en\/wp-json\/wp\/v2\/product_cat?post=10714"},{"taxonomy":"product_tag","embeddable":true,"href":"https:\/\/skaitytaknyga.lt\/en\/wp-json\/wp\/v2\/product_tag?post=10714"}],"curies":[{"name":"wp","href":"https:\/\/api.w.org\/{rel}","templated":true}]}}