{"id":10702,"date":"2024-05-04T19:11:40","date_gmt":"2024-05-04T19:11:40","guid":{"rendered":"https:\/\/skaitytaknyga.lt\/?post_type=product&#038;p=10702"},"modified":"2025-06-11T07:48:46","modified_gmt":"2025-06-11T04:48:46","slug":"onute-alksninyte-garbstiene-sibiretremtiniu-zeme","status":"publish","type":"product","link":"https:\/\/skaitytaknyga.lt\/en\/produktas\/onute-alksninyte-garbstiene-sibiretremtiniu-zeme\/","title":{"rendered":"Sibire\u2026tremtini\u0173 \u017eeme"},"content":{"rendered":"<p>\u0160is dienora\u0161tis ra\u0161ytas Sibire 1941-1956 m. Pirmasis variantas \u2013 ant ber\u017eo to\u0161ies, \u012fvairaus dyd\u017eio popieriaus skiauteli\u0173 per pertrauk\u0117les taigos kirtaviet\u0117se, kitose katorginio darbo vietose. Tai yra skaidrus meno k\u016brinys, \u012fprasminantis vis\u0173 m\u016bs\u0173 varg\u0105 ir kan\u010di\u0105.<\/p>\n","protected":false},"excerpt":{"rendered":"<p>\u0160is dienora\u0161tis ra\u0161ytas Sibire 1941-1956 m. Pirmasis variantas \u2013 ant ber\u017eo to\u0161ies, \u012fvairaus dyd\u017eio popieriaus skiauteli\u0173 per pertrauk\u0117les taigos kirtaviet\u0117se, kitose katorginio darbo vietose. Tai yra skaidrus meno k\u016brinys, \u012fprasminantis vis\u0173 m\u016bs\u0173 varg\u0105 ir kan\u010di\u0105.<\/p>\n","protected":false},"featured_media":10736,"comment_status":"closed","ping_status":"closed","template":"","meta":{"_acf_changed":false,"site-sidebar-layout":"default","site-content-layout":"","ast-site-content-layout":"default","site-content-style":"default","site-sidebar-style":"default","ast-global-header-display":"","ast-banner-title-visibility":"","ast-main-header-display":"","ast-hfb-above-header-display":"","ast-hfb-below-header-display":"","ast-hfb-mobile-header-display":"","site-post-title":"","ast-breadcrumbs-content":"","ast-featured-img":"","footer-sml-layout":"","ast-disable-related-posts":"","theme-transparent-header-meta":"","adv-header-id-meta":"","stick-header-meta":"","header-above-stick-meta":"","header-main-stick-meta":"","header-below-stick-meta":"","astra-migrate-meta-layouts":"default","ast-page-background-enabled":"default","ast-page-background-meta":{"desktop":{"background-color":"","background-image":"","background-repeat":"repeat","background-position":"center center","background-size":"auto","background-attachment":"scroll","background-type":"","background-media":"","overlay-type":"","overlay-color":"","overlay-opacity":"","overlay-gradient":""},"tablet":{"background-color":"","background-image":"","background-repeat":"repeat","background-position":"center center","background-size":"auto","background-attachment":"scroll","background-type":"","background-media":"","overlay-type":"","overlay-color":"","overlay-opacity":"","overlay-gradient":""},"mobile":{"background-color":"","background-image":"","background-repeat":"repeat","background-position":"center center","background-size":"auto","background-attachment":"scroll","background-type":"","background-media":"","overlay-type":"","overlay-color":"","overlay-opacity":"","overlay-gradient":""}},"ast-content-background-meta":{"desktop":{"background-color":"var(--ast-global-color-4)","background-image":"","background-repeat":"repeat","background-position":"center center","background-size":"auto","background-attachment":"scroll","background-type":"","background-media":"","overlay-type":"","overlay-color":"","overlay-opacity":"","overlay-gradient":""},"tablet":{"background-color":"var(--ast-global-color-4)","background-image":"","background-repeat":"repeat","background-position":"center center","background-size":"auto","background-attachment":"scroll","background-type":"","background-media":"","overlay-type":"","overlay-color":"","overlay-opacity":"","overlay-gradient":""},"mobile":{"background-color":"var(--ast-global-color-4)","background-image":"","background-repeat":"repeat","background-position":"center center","background-size":"auto","background-attachment":"scroll","background-type":"","background-media":"","overlay-type":"","overlay-color":"","overlay-opacity":"","overlay-gradient":""}}},"product_brand":[],"product_cat":[174],"product_tag":[1349,3916,4766,3047],"class_list":{"0":"post-10702","1":"product","2":"type-product","3":"status-publish","4":"has-post-thumbnail","6":"product_cat-istorija-ir-politologija","7":"product_tag-atsiminimai","8":"product_tag-dienorastis","9":"product_tag-onute-alksninyte-garbstiene","10":"product_tag-sibiras","11":"desktop-align-left","12":"tablet-align-left","13":"mobile-align-left","15":"first","16":"instock","17":"shipping-taxable","18":"purchasable","19":"product-type-simple"},"acf":[],"yoast_head":"<!-- This site is optimized with the Yoast SEO plugin v27.4 - https:\/\/yoast.com\/product\/yoast-seo-wordpress\/ -->\n<title>Sibire\u2026tremtini\u0173 \u017eeme<\/title>\n<meta name=\"description\" content=\"\u0160is dienora\u0161tis ra\u0161ytas Sibire 1941-1956 m. Pirmasis variantas \u2013 ant ber\u017eo to\u0161ies, \u012fvairaus dyd\u017eio popieriaus skiauteli\u0173 per pertrauk\u0117les taigos kirtaviet\u0117se, kitose katorginio darbo vietose. Tai yra skaidrus meno k\u016brinys, \u012fprasminantis vis\u0173 m\u016bs\u0173 varg\u0105 ir kan\u010di\u0105.\" \/>\n<meta name=\"robots\" content=\"index, follow, max-snippet:-1, max-image-preview:large, max-video-preview:-1\" \/>\n<link rel=\"canonical\" href=\"https:\/\/skaitytaknyga.lt\/en\/produktas\/onute-alksninyte-garbstiene-sibiretremtiniu-zeme\/\" \/>\n<meta property=\"og:locale\" content=\"en_GB\" \/>\n<meta property=\"og:locale:alternate\" content=\"lt_LT\" \/>\n<meta property=\"og:type\" content=\"article\" \/>\n<meta property=\"og:title\" content=\"Sibire\u2026tremtini\u0173 \u017eeme\" \/>\n<meta property=\"og:description\" content=\"\u0160is dienora\u0161tis ra\u0161ytas Sibire 1941-1956 m. Pirmasis variantas \u2013 ant ber\u017eo to\u0161ies, \u012fvairaus dyd\u017eio popieriaus skiauteli\u0173 per pertrauk\u0117les taigos kirtaviet\u0117se, kitose katorginio darbo vietose. Tai yra skaidrus meno k\u016brinys, \u012fprasminantis vis\u0173 m\u016bs\u0173 varg\u0105 ir kan\u010di\u0105.\" \/>\n<meta property=\"og:url\" content=\"https:\/\/skaitytaknyga.lt\/en\/produktas\/onute-alksninyte-garbstiene-sibiretremtiniu-zeme\/\" \/>\n<meta property=\"og:site_name\" content=\"Skaitytaknyga\" \/>\n<meta property=\"article:publisher\" content=\"https:\/\/www.facebook.com\/skaitytaknyga\/\" \/>\n<meta property=\"article:modified_time\" content=\"2025-06-11T04:48:46+00:00\" \/>\n<meta property=\"og:image\" content=\"https:\/\/skaitytaknyga.lt\/wp-content\/uploads\/2024\/05\/170155-sibire.png\" \/>\n\t<meta property=\"og:image:width\" content=\"768\" \/>\n\t<meta property=\"og:image:height\" content=\"1213\" \/>\n\t<meta property=\"og:image:type\" content=\"image\/png\" \/>\n<meta name=\"twitter:card\" content=\"summary_large_image\" \/>\n<script type=\"application\/ld+json\" class=\"yoast-schema-graph\">{\"@context\":\"https:\\\/\\\/schema.org\",\"@graph\":[{\"@type\":\"WebPage\",\"@id\":\"https:\\\/\\\/skaitytaknyga.lt\\\/produktas\\\/onute-alksninyte-garbstiene-sibiretremtiniu-zeme\\\/\",\"url\":\"https:\\\/\\\/skaitytaknyga.lt\\\/produktas\\\/onute-alksninyte-garbstiene-sibiretremtiniu-zeme\\\/\",\"name\":\"Sibire\u2026tremtini\u0173 \u017eeme\",\"isPartOf\":{\"@id\":\"https:\\\/\\\/skaitytaknyga.lt\\\/#website\"},\"primaryImageOfPage\":{\"@id\":\"https:\\\/\\\/skaitytaknyga.lt\\\/produktas\\\/onute-alksninyte-garbstiene-sibiretremtiniu-zeme\\\/#primaryimage\"},\"image\":{\"@id\":\"https:\\\/\\\/skaitytaknyga.lt\\\/produktas\\\/onute-alksninyte-garbstiene-sibiretremtiniu-zeme\\\/#primaryimage\"},\"thumbnailUrl\":\"https:\\\/\\\/skaitytaknyga.lt\\\/wp-content\\\/uploads\\\/2024\\\/05\\\/170155-sibire.png\",\"datePublished\":\"2024-05-04T19:11:40+00:00\",\"dateModified\":\"2025-06-11T04:48:46+00:00\",\"description\":\"\u0160is dienora\u0161tis ra\u0161ytas Sibire 1941-1956 m. Pirmasis variantas \u2013 ant ber\u017eo to\u0161ies, \u012fvairaus dyd\u017eio popieriaus skiauteli\u0173 per pertrauk\u0117les taigos kirtaviet\u0117se, kitose katorginio darbo vietose. Tai yra skaidrus meno k\u016brinys, \u012fprasminantis vis\u0173 m\u016bs\u0173 varg\u0105 ir kan\u010di\u0105.\",\"breadcrumb\":{\"@id\":\"https:\\\/\\\/skaitytaknyga.lt\\\/produktas\\\/onute-alksninyte-garbstiene-sibiretremtiniu-zeme\\\/#breadcrumb\"},\"inLanguage\":\"en-GB\",\"potentialAction\":[{\"@type\":\"ReadAction\",\"target\":[\"https:\\\/\\\/skaitytaknyga.lt\\\/produktas\\\/onute-alksninyte-garbstiene-sibiretremtiniu-zeme\\\/\"]}]},{\"@type\":\"ImageObject\",\"inLanguage\":\"en-GB\",\"@id\":\"https:\\\/\\\/skaitytaknyga.lt\\\/produktas\\\/onute-alksninyte-garbstiene-sibiretremtiniu-zeme\\\/#primaryimage\",\"url\":\"https:\\\/\\\/skaitytaknyga.lt\\\/wp-content\\\/uploads\\\/2024\\\/05\\\/170155-sibire.png\",\"contentUrl\":\"https:\\\/\\\/skaitytaknyga.lt\\\/wp-content\\\/uploads\\\/2024\\\/05\\\/170155-sibire.png\",\"width\":768,\"height\":1213},{\"@type\":\"BreadcrumbList\",\"@id\":\"https:\\\/\\\/skaitytaknyga.lt\\\/produktas\\\/onute-alksninyte-garbstiene-sibiretremtiniu-zeme\\\/#breadcrumb\",\"itemListElement\":[{\"@type\":\"ListItem\",\"position\":1,\"name\":\"Home\",\"item\":\"https:\\\/\\\/skaitytaknyga.lt\\\/\"},{\"@type\":\"ListItem\",\"position\":2,\"name\":\"Parduotuv\u0117\",\"item\":\"https:\\\/\\\/skaitytaknyga.lt\\\/knygu-parduotuve\\\/\"},{\"@type\":\"ListItem\",\"position\":3,\"name\":\"Sibire\u2026tremtini\u0173 \u017eeme\"}]},{\"@type\":\"WebSite\",\"@id\":\"https:\\\/\\\/skaitytaknyga.lt\\\/#website\",\"url\":\"https:\\\/\\\/skaitytaknyga.lt\\\/\",\"name\":\"skaitytaknyga.lt\",\"description\":\"Skaitytaknyga.lt \u2013 tai ma\u017eas \u0161eimos verslas, kuris prasid\u0117jo nuo meil\u0117s knygoms ir siekio i\u0161gelb\u0117ti knygas nuo likimo prie konteinerio. Kas vienam nereikalingas daiktas \u2013 kitam lobis, o mes esame tarpininkai, kurie padeda abiems tapti laimingesniems ???? \u017dinome kaip nelengva i\u0161gyventi ma\u017eiems verslams, tad nuo \u0161iol, \u010dia rasite ir kit\u0173, ma\u017e\u0173 \u0161eim\u0173 versl\u0173, rank\u0173 darbo, dovan\u0173 sau ir artimiesiems.\",\"publisher\":{\"@id\":\"https:\\\/\\\/skaitytaknyga.lt\\\/#organization\"},\"potentialAction\":[{\"@type\":\"SearchAction\",\"target\":{\"@type\":\"EntryPoint\",\"urlTemplate\":\"https:\\\/\\\/skaitytaknyga.lt\\\/?s={search_term_string}\"},\"query-input\":{\"@type\":\"PropertyValueSpecification\",\"valueRequired\":true,\"valueName\":\"search_term_string\"}}],\"inLanguage\":\"en-GB\"},{\"@type\":\"Organization\",\"@id\":\"https:\\\/\\\/skaitytaknyga.lt\\\/#organization\",\"name\":\"skaitytaknyga.lt\",\"url\":\"https:\\\/\\\/skaitytaknyga.lt\\\/\",\"logo\":{\"@type\":\"ImageObject\",\"inLanguage\":\"en-GB\",\"@id\":\"https:\\\/\\\/skaitytaknyga.lt\\\/#\\\/schema\\\/logo\\\/image\\\/\",\"url\":\"https:\\\/\\\/skaitytaknyga.lt\\\/wp-content\\\/uploads\\\/2024\\\/05\\\/cropped-cropped-cropped-02_00843_jt3bggkj1j3HLc7SyY6rEUpg.jpeg\",\"contentUrl\":\"https:\\\/\\\/skaitytaknyga.lt\\\/wp-content\\\/uploads\\\/2024\\\/05\\\/cropped-cropped-cropped-02_00843_jt3bggkj1j3HLc7SyY6rEUpg.jpeg\",\"width\":1600,\"height\":1600,\"caption\":\"skaitytaknyga.lt\"},\"image\":{\"@id\":\"https:\\\/\\\/skaitytaknyga.lt\\\/#\\\/schema\\\/logo\\\/image\\\/\"},\"sameAs\":[\"https:\\\/\\\/www.facebook.com\\\/skaitytaknyga\\\/\"]}]}<\/script>\n<!-- \/ Yoast SEO plugin. -->","yoast_head_json":{"title":"Sibire\u2026tremtini\u0173 \u017eeme","description":"\u0160is dienora\u0161tis ra\u0161ytas Sibire 1941-1956 m. Pirmasis variantas \u2013 ant ber\u017eo to\u0161ies, \u012fvairaus dyd\u017eio popieriaus skiauteli\u0173 per pertrauk\u0117les taigos kirtaviet\u0117se, kitose katorginio darbo vietose. Tai yra skaidrus meno k\u016brinys, \u012fprasminantis vis\u0173 m\u016bs\u0173 varg\u0105 ir kan\u010di\u0105.","robots":{"index":"index","follow":"follow","max-snippet":"max-snippet:-1","max-image-preview":"max-image-preview:large","max-video-preview":"max-video-preview:-1"},"canonical":"https:\/\/skaitytaknyga.lt\/en\/produktas\/onute-alksninyte-garbstiene-sibiretremtiniu-zeme\/","og_locale":"en_GB","og_type":"article","og_title":"[:lt]Sibire\u2026tremtini\u0173 \u017eeme[:] - Skaitytaknyga","og_description":"\u0160is dienora\u0161tis ra\u0161ytas Sibire 1941-1956 m. Pirmasis variantas \u2013 ant ber\u017eo to\u0161ies, \u012fvairaus dyd\u017eio popieriaus skiauteli\u0173 per pertrauk\u0117les taigos kirtaviet\u0117se, kitose katorginio darbo vietose. Tai yra skaidrus meno k\u016brinys, \u012fprasminantis vis\u0173 m\u016bs\u0173 varg\u0105 ir kan\u010di\u0105.","og_url":"https:\/\/skaitytaknyga.lt\/en\/produktas\/onute-alksninyte-garbstiene-sibiretremtiniu-zeme\/","og_site_name":"Skaitytaknyga","article_publisher":"https:\/\/www.facebook.com\/skaitytaknyga\/","article_modified_time":"2025-06-11T04:48:46+00:00","og_image":[{"width":768,"height":1213,"url":"https:\/\/skaitytaknyga.lt\/wp-content\/uploads\/2024\/05\/170155-sibire.png","type":"image\/png"}],"twitter_card":"summary_large_image","schema":{"@context":"https:\/\/schema.org","@graph":[{"@type":"WebPage","@id":"https:\/\/skaitytaknyga.lt\/produktas\/onute-alksninyte-garbstiene-sibiretremtiniu-zeme\/","url":"https:\/\/skaitytaknyga.lt\/produktas\/onute-alksninyte-garbstiene-sibiretremtiniu-zeme\/","name":"Sibire\u2026tremtini\u0173 \u017eeme","isPartOf":{"@id":"https:\/\/skaitytaknyga.lt\/#website"},"primaryImageOfPage":{"@id":"https:\/\/skaitytaknyga.lt\/produktas\/onute-alksninyte-garbstiene-sibiretremtiniu-zeme\/#primaryimage"},"image":{"@id":"https:\/\/skaitytaknyga.lt\/produktas\/onute-alksninyte-garbstiene-sibiretremtiniu-zeme\/#primaryimage"},"thumbnailUrl":"https:\/\/skaitytaknyga.lt\/wp-content\/uploads\/2024\/05\/170155-sibire.png","datePublished":"2024-05-04T19:11:40+00:00","dateModified":"2025-06-11T04:48:46+00:00","description":"\u0160is dienora\u0161tis ra\u0161ytas Sibire 1941-1956 m. Pirmasis variantas \u2013 ant ber\u017eo to\u0161ies, \u012fvairaus dyd\u017eio popieriaus skiauteli\u0173 per pertrauk\u0117les taigos kirtaviet\u0117se, kitose katorginio darbo vietose. Tai yra skaidrus meno k\u016brinys, \u012fprasminantis vis\u0173 m\u016bs\u0173 varg\u0105 ir kan\u010di\u0105.","breadcrumb":{"@id":"https:\/\/skaitytaknyga.lt\/produktas\/onute-alksninyte-garbstiene-sibiretremtiniu-zeme\/#breadcrumb"},"inLanguage":"en-GB","potentialAction":[{"@type":"ReadAction","target":["https:\/\/skaitytaknyga.lt\/produktas\/onute-alksninyte-garbstiene-sibiretremtiniu-zeme\/"]}]},{"@type":"ImageObject","inLanguage":"en-GB","@id":"https:\/\/skaitytaknyga.lt\/produktas\/onute-alksninyte-garbstiene-sibiretremtiniu-zeme\/#primaryimage","url":"https:\/\/skaitytaknyga.lt\/wp-content\/uploads\/2024\/05\/170155-sibire.png","contentUrl":"https:\/\/skaitytaknyga.lt\/wp-content\/uploads\/2024\/05\/170155-sibire.png","width":768,"height":1213},{"@type":"BreadcrumbList","@id":"https:\/\/skaitytaknyga.lt\/produktas\/onute-alksninyte-garbstiene-sibiretremtiniu-zeme\/#breadcrumb","itemListElement":[{"@type":"ListItem","position":1,"name":"Home","item":"https:\/\/skaitytaknyga.lt\/"},{"@type":"ListItem","position":2,"name":"Parduotuv\u0117","item":"https:\/\/skaitytaknyga.lt\/knygu-parduotuve\/"},{"@type":"ListItem","position":3,"name":"Sibire\u2026tremtini\u0173 \u017eeme"}]},{"@type":"WebSite","@id":"https:\/\/skaitytaknyga.lt\/#website","url":"https:\/\/skaitytaknyga.lt\/","name":"skaitytaknyga.lt","description":"Skaitytaknyga.lt \u2013 tai ma\u017eas \u0161eimos verslas, kuris prasid\u0117jo nuo meil\u0117s knygoms ir siekio i\u0161gelb\u0117ti knygas nuo likimo prie konteinerio. Kas vienam nereikalingas daiktas \u2013 kitam lobis, o mes esame tarpininkai, kurie padeda abiems tapti laimingesniems ???? \u017dinome kaip nelengva i\u0161gyventi ma\u017eiems verslams, tad nuo \u0161iol, \u010dia rasite ir kit\u0173, ma\u017e\u0173 \u0161eim\u0173 versl\u0173, rank\u0173 darbo, dovan\u0173 sau ir artimiesiems.","publisher":{"@id":"https:\/\/skaitytaknyga.lt\/#organization"},"potentialAction":[{"@type":"SearchAction","target":{"@type":"EntryPoint","urlTemplate":"https:\/\/skaitytaknyga.lt\/?s={search_term_string}"},"query-input":{"@type":"PropertyValueSpecification","valueRequired":true,"valueName":"search_term_string"}}],"inLanguage":"en-GB"},{"@type":"Organization","@id":"https:\/\/skaitytaknyga.lt\/#organization","name":"skaitytaknyga.lt","url":"https:\/\/skaitytaknyga.lt\/","logo":{"@type":"ImageObject","inLanguage":"en-GB","@id":"https:\/\/skaitytaknyga.lt\/#\/schema\/logo\/image\/","url":"https:\/\/skaitytaknyga.lt\/wp-content\/uploads\/2024\/05\/cropped-cropped-cropped-02_00843_jt3bggkj1j3HLc7SyY6rEUpg.jpeg","contentUrl":"https:\/\/skaitytaknyga.lt\/wp-content\/uploads\/2024\/05\/cropped-cropped-cropped-02_00843_jt3bggkj1j3HLc7SyY6rEUpg.jpeg","width":1600,"height":1600,"caption":"skaitytaknyga.lt"},"image":{"@id":"https:\/\/skaitytaknyga.lt\/#\/schema\/logo\/image\/"},"sameAs":["https:\/\/www.facebook.com\/skaitytaknyga\/"]}]}},"_links":{"self":[{"href":"https:\/\/skaitytaknyga.lt\/en\/wp-json\/wp\/v2\/product\/10702","targetHints":{"allow":["GET"]}}],"collection":[{"href":"https:\/\/skaitytaknyga.lt\/en\/wp-json\/wp\/v2\/product"}],"about":[{"href":"https:\/\/skaitytaknyga.lt\/en\/wp-json\/wp\/v2\/types\/product"}],"replies":[{"embeddable":true,"href":"https:\/\/skaitytaknyga.lt\/en\/wp-json\/wp\/v2\/comments?post=10702"}],"wp:featuredmedia":[{"embeddable":true,"href":"https:\/\/skaitytaknyga.lt\/en\/wp-json\/wp\/v2\/media\/10736"}],"wp:attachment":[{"href":"https:\/\/skaitytaknyga.lt\/en\/wp-json\/wp\/v2\/media?parent=10702"}],"wp:term":[{"taxonomy":"product_brand","embeddable":true,"href":"https:\/\/skaitytaknyga.lt\/en\/wp-json\/wp\/v2\/product_brand?post=10702"},{"taxonomy":"product_cat","embeddable":true,"href":"https:\/\/skaitytaknyga.lt\/en\/wp-json\/wp\/v2\/product_cat?post=10702"},{"taxonomy":"product_tag","embeddable":true,"href":"https:\/\/skaitytaknyga.lt\/en\/wp-json\/wp\/v2\/product_tag?post=10702"}],"curies":[{"name":"wp","href":"https:\/\/api.w.org\/{rel}","templated":true}]}}