{"id":10701,"date":"2024-05-04T19:11:40","date_gmt":"2024-05-04T19:11:40","guid":{"rendered":"https:\/\/skaitytaknyga.lt\/?post_type=product&#038;p=10701"},"modified":"2024-05-04T19:12:44","modified_gmt":"2024-05-04T19:12:44","slug":"logikos-pagrindai-yra-nedidele-demele-nuo-dulkiu","status":"publish","type":"product","link":"https:\/\/skaitytaknyga.lt\/en\/produktas\/logikos-pagrindai-yra-nedidele-demele-nuo-dulkiu\/","title":{"rendered":"Logikos pagrindai (yra nedidel\u0117 d\u0117m\u0117l\u0117 nuo dulki\u0173)"},"content":{"rendered":"<div>\n<p><strong>&#8220;<\/strong><a class=\"listitem4\"><strong>Logikos pagrindai&#8221;<\/strong><\/a>&#8211; studij\u0173 vadovas, pateikiantis \u0161iuolaikin\u0117s logikos pagrindus.<\/p>\n<p>Knygoje ai\u0161kinamos pamatin\u0117s logikos teorijos: teigini\u0173, predikat\u0173, klasi\u0173 logika, apibr\u0117\u017eimo t eorija, daugiareik\u0161m\u0117, modalin\u0117, deontin\u0117 logika ir kt. Pla\u010diai d\u0117stoma login\u0117 semantika. Ai\u0161kinama dedukcinis metodas ir tikimybiniai samprotavimai. Logikos istorijos apybrai\u017eoje pasakojama apie svarbiausius \u0161io mokslo raidos tarpsnius ir \u0161iuolaikin\u0117s logikos susiformavim\u0105.<\/p>\n<p>Knyga &#8220;Logikos pagrindai&#8221; skiriama \u012fvairi\u0173 specialybi\u0173 studentams.<\/p>\n<p>\u0160iuolaikin\u0117 logika knygoje i\u0161d\u0117styta taip, kad j\u0105 be specialaus pasirengimo gali studijuoti kiekvienas, norintis susipa\u017einti su jos pagrindais.<\/p>\n<\/div>\n","protected":false},"excerpt":{"rendered":"<div>\n<p><strong>&#8220;<\/strong><a class=\"listitem4\"><strong>Logikos pagrindai&#8221;<\/strong><\/a>&#8211; studij\u0173 vadovas, pateikiantis \u0161iuolaikin\u0117s logikos pagrindus.<\/p>\n<p>Knygoje ai\u0161kinamos pamatin\u0117s logikos teorijos: teigini\u0173, predikat\u0173, klasi\u0173 logika, apibr\u0117\u017eimo t eorija, daugiareik\u0161m\u0117, modalin\u0117, deontin\u0117 logika ir kt. Pla\u010diai d\u0117stoma login\u0117 semantika. Ai\u0161kinama dedukcinis metodas ir tikimybiniai samprotavimai. Logikos istorijos apybrai\u017eoje pasakojama apie svarbiausius \u0161io mokslo raidos tarpsnius ir \u0161iuolaikin\u0117s logikos susiformavim\u0105.<\/p>\n<p>Knyga &#8220;Logikos pagrindai&#8221; skiriama \u012fvairi\u0173 specialybi\u0173 studentams.<\/p>\n<p>\u0160iuolaikin\u0117 logika knygoje i\u0161d\u0117styta taip, kad j\u0105 be specialaus pasirengimo gali studijuoti kiekvienas, norintis susipa\u017einti su jos pagrindais.<\/p>\n<\/div>\n","protected":false},"featured_media":10735,"comment_status":"closed","ping_status":"closed","template":"","meta":{"_acf_changed":false,"site-sidebar-layout":"default","site-content-layout":"","ast-site-content-layout":"default","site-content-style":"default","site-sidebar-style":"default","ast-global-header-display":"","ast-banner-title-visibility":"","ast-main-header-display":"","ast-hfb-above-header-display":"","ast-hfb-below-header-display":"","ast-hfb-mobile-header-display":"","site-post-title":"","ast-breadcrumbs-content":"","ast-featured-img":"","footer-sml-layout":"","ast-disable-related-posts":"","theme-transparent-header-meta":"","adv-header-id-meta":"","stick-header-meta":"","header-above-stick-meta":"","header-main-stick-meta":"","header-below-stick-meta":"","astra-migrate-meta-layouts":"default","ast-page-background-enabled":"default","ast-page-background-meta":{"desktop":{"background-color":"","background-image":"","background-repeat":"repeat","background-position":"center center","background-size":"auto","background-attachment":"scroll","background-type":"","background-media":"","overlay-type":"","overlay-color":"","overlay-opacity":"","overlay-gradient":""},"tablet":{"background-color":"","background-image":"","background-repeat":"repeat","background-position":"center center","background-size":"auto","background-attachment":"scroll","background-type":"","background-media":"","overlay-type":"","overlay-color":"","overlay-opacity":"","overlay-gradient":""},"mobile":{"background-color":"","background-image":"","background-repeat":"repeat","background-position":"center center","background-size":"auto","background-attachment":"scroll","background-type":"","background-media":"","overlay-type":"","overlay-color":"","overlay-opacity":"","overlay-gradient":""}},"ast-content-background-meta":{"desktop":{"background-color":"var(--ast-global-color-4)","background-image":"","background-repeat":"repeat","background-position":"center center","background-size":"auto","background-attachment":"scroll","background-type":"","background-media":"","overlay-type":"","overlay-color":"","overlay-opacity":"","overlay-gradient":""},"tablet":{"background-color":"var(--ast-global-color-4)","background-image":"","background-repeat":"repeat","background-position":"center center","background-size":"auto","background-attachment":"scroll","background-type":"","background-media":"","overlay-type":"","overlay-color":"","overlay-opacity":"","overlay-gradient":""},"mobile":{"background-color":"var(--ast-global-color-4)","background-image":"","background-repeat":"repeat","background-position":"center center","background-size":"auto","background-attachment":"scroll","background-type":"","background-media":"","overlay-type":"","overlay-color":"","overlay-opacity":"","overlay-gradient":""}}},"product_brand":[],"product_cat":[15],"product_tag":[],"class_list":{"0":"post-10701","1":"product","2":"type-product","3":"status-publish","4":"has-post-thumbnail","6":"product_cat-uncategorized","7":"desktop-align-left","8":"tablet-align-left","9":"mobile-align-left","11":"first","12":"outofstock","13":"shipping-taxable","14":"purchasable","15":"product-type-simple"},"acf":[],"yoast_head":"<!-- This site is optimized with the Yoast SEO plugin v27.4 - https:\/\/yoast.com\/product\/yoast-seo-wordpress\/ -->\n<title>Logikos pagrindai (yra nedidel\u0117 d\u0117m\u0117l\u0117 nuo dulki\u0173) - Skaitytaknyga<\/title>\n<meta name=\"description\" content=\"&quot;Logikos pagrindai&quot;- studij\u0173 vadovas, pateikiantis \u0161iuolaikin\u0117s logikos pagrindus.  Knygoje ai\u0161kinamos pamatin\u0117s logikos teorijos: teigini\u0173, predikat\u0173, klasi\u0173 logika, apibr\u0117\u017eimo t eorija, daugiareik\u0161m\u0117, modalin\u0117, deontin\u0117 logika ir kt. Pla\u010diai d\u0117stoma login\u0117 semantika. Ai\u0161kinama dedukcinis metodas ir tikimybiniai samprotavimai. Logikos istorijos apybrai\u017eoje pasakojama apie svarbiausius \u0161io mokslo raidos tarpsnius ir \u0161iuolaikin\u0117s logikos susiformavim\u0105.  Knyga &quot;Logikos pagrindai&quot; skiriama \u012fvairi\u0173 specialybi\u0173 studentams.  \u0160iuolaikin\u0117 logika knygoje i\u0161d\u0117styta taip, kad j\u0105 be specialaus pasirengimo gali studijuoti kiekvienas, norintis susipa\u017einti su jos pagrindais.\" \/>\n<meta name=\"robots\" content=\"index, follow, max-snippet:-1, max-image-preview:large, max-video-preview:-1\" \/>\n<link rel=\"canonical\" href=\"https:\/\/skaitytaknyga.lt\/en\/produktas\/logikos-pagrindai-yra-nedidele-demele-nuo-dulkiu\/\" \/>\n<meta property=\"og:locale\" content=\"en_GB\" \/>\n<meta property=\"og:locale:alternate\" content=\"lt_LT\" \/>\n<meta property=\"og:type\" content=\"article\" \/>\n<meta property=\"og:title\" content=\"Logikos pagrindai (yra nedidel\u0117 d\u0117m\u0117l\u0117 nuo dulki\u0173) - Skaitytaknyga\" \/>\n<meta property=\"og:description\" content=\"&quot;Logikos pagrindai&quot;- studij\u0173 vadovas, pateikiantis \u0161iuolaikin\u0117s logikos pagrindus.  Knygoje ai\u0161kinamos pamatin\u0117s logikos teorijos: teigini\u0173, predikat\u0173, klasi\u0173 logika, apibr\u0117\u017eimo t eorija, daugiareik\u0161m\u0117, modalin\u0117, deontin\u0117 logika ir kt. Pla\u010diai d\u0117stoma login\u0117 semantika. Ai\u0161kinama dedukcinis metodas ir tikimybiniai samprotavimai. Logikos istorijos apybrai\u017eoje pasakojama apie svarbiausius \u0161io mokslo raidos tarpsnius ir \u0161iuolaikin\u0117s logikos susiformavim\u0105.  Knyga &quot;Logikos pagrindai&quot; skiriama \u012fvairi\u0173 specialybi\u0173 studentams.  \u0160iuolaikin\u0117 logika knygoje i\u0161d\u0117styta taip, kad j\u0105 be specialaus pasirengimo gali studijuoti kiekvienas, norintis susipa\u017einti su jos pagrindais.\" \/>\n<meta property=\"og:url\" content=\"https:\/\/skaitytaknyga.lt\/en\/produktas\/logikos-pagrindai-yra-nedidele-demele-nuo-dulkiu\/\" \/>\n<meta property=\"og:site_name\" content=\"Skaitytaknyga\" \/>\n<meta property=\"article:publisher\" content=\"https:\/\/www.facebook.com\/skaitytaknyga\/\" \/>\n<meta property=\"article:modified_time\" content=\"2024-05-04T19:12:44+00:00\" \/>\n<meta property=\"og:image\" content=\"https:\/\/skaitytaknyga.lt\/wp-content\/uploads\/2024\/05\/logikos-pagrindai-romanas-pleckaitis.jpg\" \/>\n\t<meta property=\"og:image:width\" content=\"284\" \/>\n\t<meta property=\"og:image:height\" content=\"450\" \/>\n\t<meta property=\"og:image:type\" content=\"image\/jpeg\" \/>\n<meta name=\"twitter:card\" content=\"summary_large_image\" \/>\n<script type=\"application\/ld+json\" class=\"yoast-schema-graph\">{\"@context\":\"https:\\\/\\\/schema.org\",\"@graph\":[{\"@type\":\"WebPage\",\"@id\":\"https:\\\/\\\/skaitytaknyga.lt\\\/produktas\\\/logikos-pagrindai-yra-nedidele-demele-nuo-dulkiu\\\/\",\"url\":\"https:\\\/\\\/skaitytaknyga.lt\\\/produktas\\\/logikos-pagrindai-yra-nedidele-demele-nuo-dulkiu\\\/\",\"name\":\"Logikos pagrindai (yra nedidel\u0117 d\u0117m\u0117l\u0117 nuo dulki\u0173) - Skaitytaknyga\",\"isPartOf\":{\"@id\":\"https:\\\/\\\/skaitytaknyga.lt\\\/#website\"},\"primaryImageOfPage\":{\"@id\":\"https:\\\/\\\/skaitytaknyga.lt\\\/produktas\\\/logikos-pagrindai-yra-nedidele-demele-nuo-dulkiu\\\/#primaryimage\"},\"image\":{\"@id\":\"https:\\\/\\\/skaitytaknyga.lt\\\/produktas\\\/logikos-pagrindai-yra-nedidele-demele-nuo-dulkiu\\\/#primaryimage\"},\"thumbnailUrl\":\"https:\\\/\\\/skaitytaknyga.lt\\\/wp-content\\\/uploads\\\/2024\\\/05\\\/logikos-pagrindai-romanas-pleckaitis.jpg\",\"datePublished\":\"2024-05-04T19:11:40+00:00\",\"dateModified\":\"2024-05-04T19:12:44+00:00\",\"description\":\"\\\"Logikos pagrindai\\\"- studij\u0173 vadovas, pateikiantis \u0161iuolaikin\u0117s logikos pagrindus. Knygoje ai\u0161kinamos pamatin\u0117s logikos teorijos: teigini\u0173, predikat\u0173, klasi\u0173 logika, apibr\u0117\u017eimo t eorija, daugiareik\u0161m\u0117, modalin\u0117, deontin\u0117 logika ir kt. Pla\u010diai d\u0117stoma login\u0117 semantika. Ai\u0161kinama dedukcinis metodas ir tikimybiniai samprotavimai. Logikos istorijos apybrai\u017eoje pasakojama apie svarbiausius \u0161io mokslo raidos tarpsnius ir \u0161iuolaikin\u0117s logikos susiformavim\u0105. Knyga \\\"Logikos pagrindai\\\" skiriama \u012fvairi\u0173 specialybi\u0173 studentams. \u0160iuolaikin\u0117 logika knygoje i\u0161d\u0117styta taip, kad j\u0105 be specialaus pasirengimo gali studijuoti kiekvienas, norintis susipa\u017einti su jos pagrindais.\",\"breadcrumb\":{\"@id\":\"https:\\\/\\\/skaitytaknyga.lt\\\/produktas\\\/logikos-pagrindai-yra-nedidele-demele-nuo-dulkiu\\\/#breadcrumb\"},\"inLanguage\":\"en-GB\",\"potentialAction\":[{\"@type\":\"ReadAction\",\"target\":[\"https:\\\/\\\/skaitytaknyga.lt\\\/produktas\\\/logikos-pagrindai-yra-nedidele-demele-nuo-dulkiu\\\/\"]}]},{\"@type\":\"ImageObject\",\"inLanguage\":\"en-GB\",\"@id\":\"https:\\\/\\\/skaitytaknyga.lt\\\/produktas\\\/logikos-pagrindai-yra-nedidele-demele-nuo-dulkiu\\\/#primaryimage\",\"url\":\"https:\\\/\\\/skaitytaknyga.lt\\\/wp-content\\\/uploads\\\/2024\\\/05\\\/logikos-pagrindai-romanas-pleckaitis.jpg\",\"contentUrl\":\"https:\\\/\\\/skaitytaknyga.lt\\\/wp-content\\\/uploads\\\/2024\\\/05\\\/logikos-pagrindai-romanas-pleckaitis.jpg\",\"width\":284,\"height\":450},{\"@type\":\"BreadcrumbList\",\"@id\":\"https:\\\/\\\/skaitytaknyga.lt\\\/produktas\\\/logikos-pagrindai-yra-nedidele-demele-nuo-dulkiu\\\/#breadcrumb\",\"itemListElement\":[{\"@type\":\"ListItem\",\"position\":1,\"name\":\"Home\",\"item\":\"https:\\\/\\\/skaitytaknyga.lt\\\/\"},{\"@type\":\"ListItem\",\"position\":2,\"name\":\"Parduotuv\u0117\",\"item\":\"https:\\\/\\\/skaitytaknyga.lt\\\/knygu-parduotuve\\\/\"},{\"@type\":\"ListItem\",\"position\":3,\"name\":\"Logikos pagrindai (yra nedidel\u0117 d\u0117m\u0117l\u0117 nuo dulki\u0173)\"}]},{\"@type\":\"WebSite\",\"@id\":\"https:\\\/\\\/skaitytaknyga.lt\\\/#website\",\"url\":\"https:\\\/\\\/skaitytaknyga.lt\\\/\",\"name\":\"skaitytaknyga.lt\",\"description\":\"Skaitytaknyga.lt \u2013 tai ma\u017eas \u0161eimos verslas, kuris prasid\u0117jo nuo meil\u0117s knygoms ir siekio i\u0161gelb\u0117ti knygas nuo likimo prie konteinerio. Kas vienam nereikalingas daiktas \u2013 kitam lobis, o mes esame tarpininkai, kurie padeda abiems tapti laimingesniems ???? \u017dinome kaip nelengva i\u0161gyventi ma\u017eiems verslams, tad nuo \u0161iol, \u010dia rasite ir kit\u0173, ma\u017e\u0173 \u0161eim\u0173 versl\u0173, rank\u0173 darbo, dovan\u0173 sau ir artimiesiems.\",\"publisher\":{\"@id\":\"https:\\\/\\\/skaitytaknyga.lt\\\/#organization\"},\"potentialAction\":[{\"@type\":\"SearchAction\",\"target\":{\"@type\":\"EntryPoint\",\"urlTemplate\":\"https:\\\/\\\/skaitytaknyga.lt\\\/?s={search_term_string}\"},\"query-input\":{\"@type\":\"PropertyValueSpecification\",\"valueRequired\":true,\"valueName\":\"search_term_string\"}}],\"inLanguage\":\"en-GB\"},{\"@type\":\"Organization\",\"@id\":\"https:\\\/\\\/skaitytaknyga.lt\\\/#organization\",\"name\":\"skaitytaknyga.lt\",\"url\":\"https:\\\/\\\/skaitytaknyga.lt\\\/\",\"logo\":{\"@type\":\"ImageObject\",\"inLanguage\":\"en-GB\",\"@id\":\"https:\\\/\\\/skaitytaknyga.lt\\\/#\\\/schema\\\/logo\\\/image\\\/\",\"url\":\"https:\\\/\\\/skaitytaknyga.lt\\\/wp-content\\\/uploads\\\/2024\\\/05\\\/cropped-cropped-cropped-02_00843_jt3bggkj1j3HLc7SyY6rEUpg.jpeg\",\"contentUrl\":\"https:\\\/\\\/skaitytaknyga.lt\\\/wp-content\\\/uploads\\\/2024\\\/05\\\/cropped-cropped-cropped-02_00843_jt3bggkj1j3HLc7SyY6rEUpg.jpeg\",\"width\":1600,\"height\":1600,\"caption\":\"skaitytaknyga.lt\"},\"image\":{\"@id\":\"https:\\\/\\\/skaitytaknyga.lt\\\/#\\\/schema\\\/logo\\\/image\\\/\"},\"sameAs\":[\"https:\\\/\\\/www.facebook.com\\\/skaitytaknyga\\\/\"]}]}<\/script>\n<!-- \/ Yoast SEO plugin. -->","yoast_head_json":{"title":"Logikos pagrindai (yra nedidel\u0117 d\u0117m\u0117l\u0117 nuo dulki\u0173) - Skaitytaknyga","description":"\"Logikos pagrindai\"- studij\u0173 vadovas, pateikiantis \u0161iuolaikin\u0117s logikos pagrindus.  Knygoje ai\u0161kinamos pamatin\u0117s logikos teorijos: teigini\u0173, predikat\u0173, klasi\u0173 logika, apibr\u0117\u017eimo t eorija, daugiareik\u0161m\u0117, modalin\u0117, deontin\u0117 logika ir kt. Pla\u010diai d\u0117stoma login\u0117 semantika. Ai\u0161kinama dedukcinis metodas ir tikimybiniai samprotavimai. Logikos istorijos apybrai\u017eoje pasakojama apie svarbiausius \u0161io mokslo raidos tarpsnius ir \u0161iuolaikin\u0117s logikos susiformavim\u0105.  Knyga \"Logikos pagrindai\" skiriama \u012fvairi\u0173 specialybi\u0173 studentams.  \u0160iuolaikin\u0117 logika knygoje i\u0161d\u0117styta taip, kad j\u0105 be specialaus pasirengimo gali studijuoti kiekvienas, norintis susipa\u017einti su jos pagrindais.","robots":{"index":"index","follow":"follow","max-snippet":"max-snippet:-1","max-image-preview":"max-image-preview:large","max-video-preview":"max-video-preview:-1"},"canonical":"https:\/\/skaitytaknyga.lt\/en\/produktas\/logikos-pagrindai-yra-nedidele-demele-nuo-dulkiu\/","og_locale":"en_GB","og_type":"article","og_title":"Logikos pagrindai (yra nedidel\u0117 d\u0117m\u0117l\u0117 nuo dulki\u0173) - Skaitytaknyga","og_description":"\"Logikos pagrindai\"- studij\u0173 vadovas, pateikiantis \u0161iuolaikin\u0117s logikos pagrindus.  Knygoje ai\u0161kinamos pamatin\u0117s logikos teorijos: teigini\u0173, predikat\u0173, klasi\u0173 logika, apibr\u0117\u017eimo t eorija, daugiareik\u0161m\u0117, modalin\u0117, deontin\u0117 logika ir kt. Pla\u010diai d\u0117stoma login\u0117 semantika. Ai\u0161kinama dedukcinis metodas ir tikimybiniai samprotavimai. Logikos istorijos apybrai\u017eoje pasakojama apie svarbiausius \u0161io mokslo raidos tarpsnius ir \u0161iuolaikin\u0117s logikos susiformavim\u0105.  Knyga \"Logikos pagrindai\" skiriama \u012fvairi\u0173 specialybi\u0173 studentams.  \u0160iuolaikin\u0117 logika knygoje i\u0161d\u0117styta taip, kad j\u0105 be specialaus pasirengimo gali studijuoti kiekvienas, norintis susipa\u017einti su jos pagrindais.","og_url":"https:\/\/skaitytaknyga.lt\/en\/produktas\/logikos-pagrindai-yra-nedidele-demele-nuo-dulkiu\/","og_site_name":"Skaitytaknyga","article_publisher":"https:\/\/www.facebook.com\/skaitytaknyga\/","article_modified_time":"2024-05-04T19:12:44+00:00","og_image":[{"width":284,"height":450,"url":"https:\/\/skaitytaknyga.lt\/wp-content\/uploads\/2024\/05\/logikos-pagrindai-romanas-pleckaitis.jpg","type":"image\/jpeg"}],"twitter_card":"summary_large_image","schema":{"@context":"https:\/\/schema.org","@graph":[{"@type":"WebPage","@id":"https:\/\/skaitytaknyga.lt\/produktas\/logikos-pagrindai-yra-nedidele-demele-nuo-dulkiu\/","url":"https:\/\/skaitytaknyga.lt\/produktas\/logikos-pagrindai-yra-nedidele-demele-nuo-dulkiu\/","name":"Logikos pagrindai (yra nedidel\u0117 d\u0117m\u0117l\u0117 nuo dulki\u0173) - Skaitytaknyga","isPartOf":{"@id":"https:\/\/skaitytaknyga.lt\/#website"},"primaryImageOfPage":{"@id":"https:\/\/skaitytaknyga.lt\/produktas\/logikos-pagrindai-yra-nedidele-demele-nuo-dulkiu\/#primaryimage"},"image":{"@id":"https:\/\/skaitytaknyga.lt\/produktas\/logikos-pagrindai-yra-nedidele-demele-nuo-dulkiu\/#primaryimage"},"thumbnailUrl":"https:\/\/skaitytaknyga.lt\/wp-content\/uploads\/2024\/05\/logikos-pagrindai-romanas-pleckaitis.jpg","datePublished":"2024-05-04T19:11:40+00:00","dateModified":"2024-05-04T19:12:44+00:00","description":"\"Logikos pagrindai\"- studij\u0173 vadovas, pateikiantis \u0161iuolaikin\u0117s logikos pagrindus. Knygoje ai\u0161kinamos pamatin\u0117s logikos teorijos: teigini\u0173, predikat\u0173, klasi\u0173 logika, apibr\u0117\u017eimo t eorija, daugiareik\u0161m\u0117, modalin\u0117, deontin\u0117 logika ir kt. Pla\u010diai d\u0117stoma login\u0117 semantika. Ai\u0161kinama dedukcinis metodas ir tikimybiniai samprotavimai. Logikos istorijos apybrai\u017eoje pasakojama apie svarbiausius \u0161io mokslo raidos tarpsnius ir \u0161iuolaikin\u0117s logikos susiformavim\u0105. Knyga \"Logikos pagrindai\" skiriama \u012fvairi\u0173 specialybi\u0173 studentams. \u0160iuolaikin\u0117 logika knygoje i\u0161d\u0117styta taip, kad j\u0105 be specialaus pasirengimo gali studijuoti kiekvienas, norintis susipa\u017einti su jos pagrindais.","breadcrumb":{"@id":"https:\/\/skaitytaknyga.lt\/produktas\/logikos-pagrindai-yra-nedidele-demele-nuo-dulkiu\/#breadcrumb"},"inLanguage":"en-GB","potentialAction":[{"@type":"ReadAction","target":["https:\/\/skaitytaknyga.lt\/produktas\/logikos-pagrindai-yra-nedidele-demele-nuo-dulkiu\/"]}]},{"@type":"ImageObject","inLanguage":"en-GB","@id":"https:\/\/skaitytaknyga.lt\/produktas\/logikos-pagrindai-yra-nedidele-demele-nuo-dulkiu\/#primaryimage","url":"https:\/\/skaitytaknyga.lt\/wp-content\/uploads\/2024\/05\/logikos-pagrindai-romanas-pleckaitis.jpg","contentUrl":"https:\/\/skaitytaknyga.lt\/wp-content\/uploads\/2024\/05\/logikos-pagrindai-romanas-pleckaitis.jpg","width":284,"height":450},{"@type":"BreadcrumbList","@id":"https:\/\/skaitytaknyga.lt\/produktas\/logikos-pagrindai-yra-nedidele-demele-nuo-dulkiu\/#breadcrumb","itemListElement":[{"@type":"ListItem","position":1,"name":"Home","item":"https:\/\/skaitytaknyga.lt\/"},{"@type":"ListItem","position":2,"name":"Parduotuv\u0117","item":"https:\/\/skaitytaknyga.lt\/knygu-parduotuve\/"},{"@type":"ListItem","position":3,"name":"Logikos pagrindai (yra nedidel\u0117 d\u0117m\u0117l\u0117 nuo dulki\u0173)"}]},{"@type":"WebSite","@id":"https:\/\/skaitytaknyga.lt\/#website","url":"https:\/\/skaitytaknyga.lt\/","name":"skaitytaknyga.lt","description":"Skaitytaknyga.lt \u2013 tai ma\u017eas \u0161eimos verslas, kuris prasid\u0117jo nuo meil\u0117s knygoms ir siekio i\u0161gelb\u0117ti knygas nuo likimo prie konteinerio. Kas vienam nereikalingas daiktas \u2013 kitam lobis, o mes esame tarpininkai, kurie padeda abiems tapti laimingesniems ???? \u017dinome kaip nelengva i\u0161gyventi ma\u017eiems verslams, tad nuo \u0161iol, \u010dia rasite ir kit\u0173, ma\u017e\u0173 \u0161eim\u0173 versl\u0173, rank\u0173 darbo, dovan\u0173 sau ir artimiesiems.","publisher":{"@id":"https:\/\/skaitytaknyga.lt\/#organization"},"potentialAction":[{"@type":"SearchAction","target":{"@type":"EntryPoint","urlTemplate":"https:\/\/skaitytaknyga.lt\/?s={search_term_string}"},"query-input":{"@type":"PropertyValueSpecification","valueRequired":true,"valueName":"search_term_string"}}],"inLanguage":"en-GB"},{"@type":"Organization","@id":"https:\/\/skaitytaknyga.lt\/#organization","name":"skaitytaknyga.lt","url":"https:\/\/skaitytaknyga.lt\/","logo":{"@type":"ImageObject","inLanguage":"en-GB","@id":"https:\/\/skaitytaknyga.lt\/#\/schema\/logo\/image\/","url":"https:\/\/skaitytaknyga.lt\/wp-content\/uploads\/2024\/05\/cropped-cropped-cropped-02_00843_jt3bggkj1j3HLc7SyY6rEUpg.jpeg","contentUrl":"https:\/\/skaitytaknyga.lt\/wp-content\/uploads\/2024\/05\/cropped-cropped-cropped-02_00843_jt3bggkj1j3HLc7SyY6rEUpg.jpeg","width":1600,"height":1600,"caption":"skaitytaknyga.lt"},"image":{"@id":"https:\/\/skaitytaknyga.lt\/#\/schema\/logo\/image\/"},"sameAs":["https:\/\/www.facebook.com\/skaitytaknyga\/"]}]}},"_links":{"self":[{"href":"https:\/\/skaitytaknyga.lt\/en\/wp-json\/wp\/v2\/product\/10701","targetHints":{"allow":["GET"]}}],"collection":[{"href":"https:\/\/skaitytaknyga.lt\/en\/wp-json\/wp\/v2\/product"}],"about":[{"href":"https:\/\/skaitytaknyga.lt\/en\/wp-json\/wp\/v2\/types\/product"}],"replies":[{"embeddable":true,"href":"https:\/\/skaitytaknyga.lt\/en\/wp-json\/wp\/v2\/comments?post=10701"}],"wp:featuredmedia":[{"embeddable":true,"href":"https:\/\/skaitytaknyga.lt\/en\/wp-json\/wp\/v2\/media\/10735"}],"wp:attachment":[{"href":"https:\/\/skaitytaknyga.lt\/en\/wp-json\/wp\/v2\/media?parent=10701"}],"wp:term":[{"taxonomy":"product_brand","embeddable":true,"href":"https:\/\/skaitytaknyga.lt\/en\/wp-json\/wp\/v2\/product_brand?post=10701"},{"taxonomy":"product_cat","embeddable":true,"href":"https:\/\/skaitytaknyga.lt\/en\/wp-json\/wp\/v2\/product_cat?post=10701"},{"taxonomy":"product_tag","embeddable":true,"href":"https:\/\/skaitytaknyga.lt\/en\/wp-json\/wp\/v2\/product_tag?post=10701"}],"curies":[{"name":"wp","href":"https:\/\/api.w.org\/{rel}","templated":true}]}}