{"id":10692,"date":"2024-05-04T19:11:19","date_gmt":"2024-05-04T19:11:19","guid":{"rendered":"https:\/\/skaitytaknyga.lt\/?post_type=product&#038;p=10692"},"modified":"2024-05-04T19:12:35","modified_gmt":"2024-05-04T19:12:35","slug":"nikki-highmore-sims-kaip-surengti-seminara","status":"publish","type":"product","link":"https:\/\/skaitytaknyga.lt\/en\/produktas\/nikki-highmore-sims-kaip-surengti-seminara\/","title":{"rendered":"Nikki Highmore Sims \u201eKaip surengti seminar\u0105\u201c"},"content":{"rendered":"<p>Prireik\u0117 surengti seminar\u0105 ar susirinkim\u0105? Kankina r\u016bpestis, kaip j\u012f padaryti nenuobod\u0173 ir kartu informatyv\u0173? \u0160i knyga supa\u017eindina su pagrindiniais \u012fvairi\u0173 u\u017esi\u0117mim\u0173 rengimo etapais: planavimu, med\u017eiagos parinkimu, temos pristatymu bei d\u0117stymu ir kt.<\/p>\n<p>Perprat\u0119 apra\u0161ytus u\u017esi\u0117mim\u0173 rengimo b\u016bdus, mok\u0117site:<\/p>\n<ul>\n<li>rasti savit\u0105 d\u0117stymo stili\u0173;<\/li>\n<li>per u\u017esi\u0117mim\u0105 pasiekti optimali\u0173 rezultat\u0173;<\/li>\n<li>\u012fdomiai ir \u012fsimintinai pateikti saus\u0105 teorij\u0105;<\/li>\n<li>rengti ne tik nuobod\u017eias skaidres, bet ir kitas dalyvi\u0173 poreikius atitinkan\u010dias priemones;<\/li>\n<li>tinkamai naudoti laik\u0105 ir l\u0117\u0161as;<\/li>\n<li>sudominti auditorij\u0105 ir i\u0161laikyti jos d\u0117mes\u012f;<\/li>\n<li>galutin\u012f vertinim\u0105 padaryti \u201eneskausming\u0105&#8221; ir netgi malon\u0173.<\/li>\n<\/ul>\n<p>\u0160is veiksming\u0173 ir \u012fdomi\u0173 u\u017esi\u0117mim\u0173 rengimo vadovas pravers \u012fvairi\u0173 sri\u010di\u0173 vadybininkams, pardavimo, rinkodaros specialistams bei visiems, dirbantiems organizacin\u012f darb\u0105.<\/p>\n","protected":false},"excerpt":{"rendered":"<p>Prireik\u0117 surengti seminar\u0105 ar susirinkim\u0105? Kankina r\u016bpestis, kaip j\u012f padaryti nenuobod\u0173 ir kartu informatyv\u0173? \u0160i knyga supa\u017eindina su pagrindiniais \u012fvairi\u0173 u\u017esi\u0117mim\u0173 rengimo etapais: planavimu, med\u017eiagos parinkimu, temos pristatymu bei d\u0117stymu ir kt.<\/p>\n<p>Perprat\u0119 apra\u0161ytus u\u017esi\u0117mim\u0173 rengimo b\u016bdus, mok\u0117site:<\/p>\n<ul>\n<li>rasti savit\u0105 d\u0117stymo stili\u0173;<\/li>\n<li>per u\u017esi\u0117mim\u0105 pasiekti optimali\u0173 rezultat\u0173;<\/li>\n<li>\u012fdomiai ir \u012fsimintinai pateikti saus\u0105 teorij\u0105;<\/li>\n<li>rengti ne tik nuobod\u017eias skaidres, bet ir kitas dalyvi\u0173 poreikius atitinkan\u010dias priemones;<\/li>\n<li>tinkamai naudoti laik\u0105 ir l\u0117\u0161as;<\/li>\n<li>sudominti auditorij\u0105 ir i\u0161laikyti jos d\u0117mes\u012f;<\/li>\n<li>galutin\u012f vertinim\u0105 padaryti \u201eneskausming\u0105&#8221; ir netgi malon\u0173.<\/li>\n<\/ul>\n<p>\u0160is veiksming\u0173 ir \u012fdomi\u0173 u\u017esi\u0117mim\u0173 rengimo vadovas pravers \u012fvairi\u0173 sri\u010di\u0173 vadybininkams, pardavimo, rinkodaros specialistams bei visiems, dirbantiems organizacin\u012f darb\u0105.<\/p>\n","protected":false},"featured_media":10732,"comment_status":"closed","ping_status":"closed","template":"","meta":{"_acf_changed":false,"site-sidebar-layout":"default","site-content-layout":"","ast-site-content-layout":"default","site-content-style":"default","site-sidebar-style":"default","ast-global-header-display":"","ast-banner-title-visibility":"","ast-main-header-display":"","ast-hfb-above-header-display":"","ast-hfb-below-header-display":"","ast-hfb-mobile-header-display":"","site-post-title":"","ast-breadcrumbs-content":"","ast-featured-img":"","footer-sml-layout":"","ast-disable-related-posts":"","theme-transparent-header-meta":"","adv-header-id-meta":"","stick-header-meta":"","header-above-stick-meta":"","header-main-stick-meta":"","header-below-stick-meta":"","astra-migrate-meta-layouts":"default","ast-page-background-enabled":"default","ast-page-background-meta":{"desktop":{"background-color":"","background-image":"","background-repeat":"repeat","background-position":"center center","background-size":"auto","background-attachment":"scroll","background-type":"","background-media":"","overlay-type":"","overlay-color":"","overlay-opacity":"","overlay-gradient":""},"tablet":{"background-color":"","background-image":"","background-repeat":"repeat","background-position":"center center","background-size":"auto","background-attachment":"scroll","background-type":"","background-media":"","overlay-type":"","overlay-color":"","overlay-opacity":"","overlay-gradient":""},"mobile":{"background-color":"","background-image":"","background-repeat":"repeat","background-position":"center center","background-size":"auto","background-attachment":"scroll","background-type":"","background-media":"","overlay-type":"","overlay-color":"","overlay-opacity":"","overlay-gradient":""}},"ast-content-background-meta":{"desktop":{"background-color":"var(--ast-global-color-4)","background-image":"","background-repeat":"repeat","background-position":"center center","background-size":"auto","background-attachment":"scroll","background-type":"","background-media":"","overlay-type":"","overlay-color":"","overlay-opacity":"","overlay-gradient":""},"tablet":{"background-color":"var(--ast-global-color-4)","background-image":"","background-repeat":"repeat","background-position":"center center","background-size":"auto","background-attachment":"scroll","background-type":"","background-media":"","overlay-type":"","overlay-color":"","overlay-opacity":"","overlay-gradient":""},"mobile":{"background-color":"var(--ast-global-color-4)","background-image":"","background-repeat":"repeat","background-position":"center center","background-size":"auto","background-attachment":"scroll","background-type":"","background-media":"","overlay-type":"","overlay-color":"","overlay-opacity":"","overlay-gradient":""}}},"product_brand":[],"product_cat":[26],"product_tag":[],"class_list":{"0":"post-10692","1":"product","2":"type-product","3":"status-publish","4":"has-post-thumbnail","6":"product_cat-verslas-vadyba-ir-finansai","7":"desktop-align-left","8":"tablet-align-left","9":"mobile-align-left","11":"first","12":"instock","13":"shipping-taxable","14":"purchasable","15":"product-type-simple"},"acf":[],"yoast_head":"<!-- This site is optimized with the Yoast SEO plugin v27.4 - https:\/\/yoast.com\/product\/yoast-seo-wordpress\/ -->\n<title>Nikki Highmore Sims \u201eKaip surengti seminar\u0105\u201c - Skaitytaknyga<\/title>\n<meta name=\"description\" content=\"Prireik\u0117 surengti seminar\u0105 ar susirinkim\u0105? Kankina r\u016bpestis, kaip j\u012f padaryti nenuobod\u0173 ir kartu informatyv\u0173? \u0160i knyga supa\u017eindina su pagrindiniais \u012fvairi\u0173 u\u017esi\u0117mim\u0173 rengimo etapais: planavimu, med\u017eiagos parinkimu, temos pristatymu bei d\u0117stymu ir kt.  Perprat\u0119 apra\u0161ytus u\u017esi\u0117mim\u0173 rengimo b\u016bdus, mok\u0117site:   rasti savit\u0105 d\u0117stymo stili\u0173;  per u\u017esi\u0117mim\u0105 pasiekti optimali\u0173 rezultat\u0173;  \u012fdomiai ir \u012fsimintinai pateikti saus\u0105 teorij\u0105;  rengti ne tik nuobod\u017eias skaidres, bet ir kitas dalyvi\u0173 poreikius atitinkan\u010dias priemones;  tinkamai naudoti laik\u0105 ir l\u0117\u0161as;  sudominti auditorij\u0105 ir i\u0161laikyti jos d\u0117mes\u012f;  galutin\u012f vertinim\u0105 padaryti \u201eneskausming\u0105&quot; ir netgi malon\u0173.  \u0160is veiksming\u0173 ir \u012fdomi\u0173 u\u017esi\u0117mim\u0173 rengimo vadovas pravers \u012fvairi\u0173 sri\u010di\u0173 vadybininkams, pardavimo, rinkodaros specialistams bei visiems, dirbantiems organizacin\u012f darb\u0105.\" \/>\n<meta name=\"robots\" content=\"index, follow, max-snippet:-1, max-image-preview:large, max-video-preview:-1\" \/>\n<link rel=\"canonical\" href=\"https:\/\/skaitytaknyga.lt\/en\/produktas\/nikki-highmore-sims-kaip-surengti-seminara\/\" \/>\n<meta property=\"og:locale\" content=\"en_GB\" \/>\n<meta property=\"og:locale:alternate\" content=\"lt_LT\" \/>\n<meta property=\"og:type\" content=\"article\" \/>\n<meta property=\"og:title\" content=\"Nikki Highmore Sims \u201eKaip surengti seminar\u0105\u201c - Skaitytaknyga\" \/>\n<meta property=\"og:description\" content=\"Prireik\u0117 surengti seminar\u0105 ar susirinkim\u0105? Kankina r\u016bpestis, kaip j\u012f padaryti nenuobod\u0173 ir kartu informatyv\u0173? \u0160i knyga supa\u017eindina su pagrindiniais \u012fvairi\u0173 u\u017esi\u0117mim\u0173 rengimo etapais: planavimu, med\u017eiagos parinkimu, temos pristatymu bei d\u0117stymu ir kt.  Perprat\u0119 apra\u0161ytus u\u017esi\u0117mim\u0173 rengimo b\u016bdus, mok\u0117site:   rasti savit\u0105 d\u0117stymo stili\u0173;  per u\u017esi\u0117mim\u0105 pasiekti optimali\u0173 rezultat\u0173;  \u012fdomiai ir \u012fsimintinai pateikti saus\u0105 teorij\u0105;  rengti ne tik nuobod\u017eias skaidres, bet ir kitas dalyvi\u0173 poreikius atitinkan\u010dias priemones;  tinkamai naudoti laik\u0105 ir l\u0117\u0161as;  sudominti auditorij\u0105 ir i\u0161laikyti jos d\u0117mes\u012f;  galutin\u012f vertinim\u0105 padaryti \u201eneskausming\u0105&quot; ir netgi malon\u0173.  \u0160is veiksming\u0173 ir \u012fdomi\u0173 u\u017esi\u0117mim\u0173 rengimo vadovas pravers \u012fvairi\u0173 sri\u010di\u0173 vadybininkams, pardavimo, rinkodaros specialistams bei visiems, dirbantiems organizacin\u012f darb\u0105.\" \/>\n<meta property=\"og:url\" content=\"https:\/\/skaitytaknyga.lt\/en\/produktas\/nikki-highmore-sims-kaip-surengti-seminara\/\" \/>\n<meta property=\"og:site_name\" content=\"Skaitytaknyga\" \/>\n<meta property=\"article:publisher\" content=\"https:\/\/www.facebook.com\/skaitytaknyga\/\" \/>\n<meta property=\"article:modified_time\" content=\"2024-05-04T19:12:35+00:00\" \/>\n<meta property=\"og:image\" content=\"https:\/\/skaitytaknyga.lt\/wp-content\/uploads\/2024\/05\/af4ff4a4391019719c78bf0cd873d1e9666080e2_cdb_Verslo_gaires_Kaip_surengti_seminara_p1.jpg\" \/>\n\t<meta property=\"og:image:width\" content=\"230\" \/>\n\t<meta property=\"og:image:height\" content=\"338\" \/>\n\t<meta property=\"og:image:type\" content=\"image\/jpeg\" \/>\n<meta name=\"twitter:card\" content=\"summary_large_image\" \/>\n<meta name=\"twitter:label1\" content=\"Estimated reading time\" \/>\n\t<meta name=\"twitter:data1\" content=\"1 minute\" \/>\n<script type=\"application\/ld+json\" class=\"yoast-schema-graph\">{\"@context\":\"https:\\\/\\\/schema.org\",\"@graph\":[{\"@type\":\"WebPage\",\"@id\":\"https:\\\/\\\/skaitytaknyga.lt\\\/produktas\\\/nikki-highmore-sims-kaip-surengti-seminara\\\/\",\"url\":\"https:\\\/\\\/skaitytaknyga.lt\\\/produktas\\\/nikki-highmore-sims-kaip-surengti-seminara\\\/\",\"name\":\"Nikki Highmore Sims \u201eKaip surengti seminar\u0105\u201c - Skaitytaknyga\",\"isPartOf\":{\"@id\":\"https:\\\/\\\/skaitytaknyga.lt\\\/#website\"},\"primaryImageOfPage\":{\"@id\":\"https:\\\/\\\/skaitytaknyga.lt\\\/produktas\\\/nikki-highmore-sims-kaip-surengti-seminara\\\/#primaryimage\"},\"image\":{\"@id\":\"https:\\\/\\\/skaitytaknyga.lt\\\/produktas\\\/nikki-highmore-sims-kaip-surengti-seminara\\\/#primaryimage\"},\"thumbnailUrl\":\"https:\\\/\\\/skaitytaknyga.lt\\\/wp-content\\\/uploads\\\/2024\\\/05\\\/af4ff4a4391019719c78bf0cd873d1e9666080e2_cdb_Verslo_gaires_Kaip_surengti_seminara_p1.jpg\",\"datePublished\":\"2024-05-04T19:11:19+00:00\",\"dateModified\":\"2024-05-04T19:12:35+00:00\",\"description\":\"Prireik\u0117 surengti seminar\u0105 ar susirinkim\u0105? Kankina r\u016bpestis, kaip j\u012f padaryti nenuobod\u0173 ir kartu informatyv\u0173? \u0160i knyga supa\u017eindina su pagrindiniais \u012fvairi\u0173 u\u017esi\u0117mim\u0173 rengimo etapais: planavimu, med\u017eiagos parinkimu, temos pristatymu bei d\u0117stymu ir kt. Perprat\u0119 apra\u0161ytus u\u017esi\u0117mim\u0173 rengimo b\u016bdus, mok\u0117site: rasti savit\u0105 d\u0117stymo stili\u0173; per u\u017esi\u0117mim\u0105 pasiekti optimali\u0173 rezultat\u0173; \u012fdomiai ir \u012fsimintinai pateikti saus\u0105 teorij\u0105; rengti ne tik nuobod\u017eias skaidres, bet ir kitas dalyvi\u0173 poreikius atitinkan\u010dias priemones; tinkamai naudoti laik\u0105 ir l\u0117\u0161as; sudominti auditorij\u0105 ir i\u0161laikyti jos d\u0117mes\u012f; galutin\u012f vertinim\u0105 padaryti \u201eneskausming\u0105\\\" ir netgi malon\u0173. \u0160is veiksming\u0173 ir \u012fdomi\u0173 u\u017esi\u0117mim\u0173 rengimo vadovas pravers \u012fvairi\u0173 sri\u010di\u0173 vadybininkams, pardavimo, rinkodaros specialistams bei visiems, dirbantiems organizacin\u012f darb\u0105.\",\"breadcrumb\":{\"@id\":\"https:\\\/\\\/skaitytaknyga.lt\\\/produktas\\\/nikki-highmore-sims-kaip-surengti-seminara\\\/#breadcrumb\"},\"inLanguage\":\"en-GB\",\"potentialAction\":[{\"@type\":\"ReadAction\",\"target\":[\"https:\\\/\\\/skaitytaknyga.lt\\\/produktas\\\/nikki-highmore-sims-kaip-surengti-seminara\\\/\"]}]},{\"@type\":\"ImageObject\",\"inLanguage\":\"en-GB\",\"@id\":\"https:\\\/\\\/skaitytaknyga.lt\\\/produktas\\\/nikki-highmore-sims-kaip-surengti-seminara\\\/#primaryimage\",\"url\":\"https:\\\/\\\/skaitytaknyga.lt\\\/wp-content\\\/uploads\\\/2024\\\/05\\\/af4ff4a4391019719c78bf0cd873d1e9666080e2_cdb_Verslo_gaires_Kaip_surengti_seminara_p1.jpg\",\"contentUrl\":\"https:\\\/\\\/skaitytaknyga.lt\\\/wp-content\\\/uploads\\\/2024\\\/05\\\/af4ff4a4391019719c78bf0cd873d1e9666080e2_cdb_Verslo_gaires_Kaip_surengti_seminara_p1.jpg\",\"width\":230,\"height\":338},{\"@type\":\"BreadcrumbList\",\"@id\":\"https:\\\/\\\/skaitytaknyga.lt\\\/produktas\\\/nikki-highmore-sims-kaip-surengti-seminara\\\/#breadcrumb\",\"itemListElement\":[{\"@type\":\"ListItem\",\"position\":1,\"name\":\"Home\",\"item\":\"https:\\\/\\\/skaitytaknyga.lt\\\/\"},{\"@type\":\"ListItem\",\"position\":2,\"name\":\"Parduotuv\u0117\",\"item\":\"https:\\\/\\\/skaitytaknyga.lt\\\/knygu-parduotuve\\\/\"},{\"@type\":\"ListItem\",\"position\":3,\"name\":\"Nikki Highmore Sims \u201eKaip surengti seminar\u0105\u201c\"}]},{\"@type\":\"WebSite\",\"@id\":\"https:\\\/\\\/skaitytaknyga.lt\\\/#website\",\"url\":\"https:\\\/\\\/skaitytaknyga.lt\\\/\",\"name\":\"skaitytaknyga.lt\",\"description\":\"Skaitytaknyga.lt \u2013 tai ma\u017eas \u0161eimos verslas, kuris prasid\u0117jo nuo meil\u0117s knygoms ir siekio i\u0161gelb\u0117ti knygas nuo likimo prie konteinerio. Kas vienam nereikalingas daiktas \u2013 kitam lobis, o mes esame tarpininkai, kurie padeda abiems tapti laimingesniems ???? \u017dinome kaip nelengva i\u0161gyventi ma\u017eiems verslams, tad nuo \u0161iol, \u010dia rasite ir kit\u0173, ma\u017e\u0173 \u0161eim\u0173 versl\u0173, rank\u0173 darbo, dovan\u0173 sau ir artimiesiems.\",\"publisher\":{\"@id\":\"https:\\\/\\\/skaitytaknyga.lt\\\/#organization\"},\"potentialAction\":[{\"@type\":\"SearchAction\",\"target\":{\"@type\":\"EntryPoint\",\"urlTemplate\":\"https:\\\/\\\/skaitytaknyga.lt\\\/?s={search_term_string}\"},\"query-input\":{\"@type\":\"PropertyValueSpecification\",\"valueRequired\":true,\"valueName\":\"search_term_string\"}}],\"inLanguage\":\"en-GB\"},{\"@type\":\"Organization\",\"@id\":\"https:\\\/\\\/skaitytaknyga.lt\\\/#organization\",\"name\":\"skaitytaknyga.lt\",\"url\":\"https:\\\/\\\/skaitytaknyga.lt\\\/\",\"logo\":{\"@type\":\"ImageObject\",\"inLanguage\":\"en-GB\",\"@id\":\"https:\\\/\\\/skaitytaknyga.lt\\\/#\\\/schema\\\/logo\\\/image\\\/\",\"url\":\"https:\\\/\\\/skaitytaknyga.lt\\\/wp-content\\\/uploads\\\/2024\\\/05\\\/cropped-cropped-cropped-02_00843_jt3bggkj1j3HLc7SyY6rEUpg.jpeg\",\"contentUrl\":\"https:\\\/\\\/skaitytaknyga.lt\\\/wp-content\\\/uploads\\\/2024\\\/05\\\/cropped-cropped-cropped-02_00843_jt3bggkj1j3HLc7SyY6rEUpg.jpeg\",\"width\":1600,\"height\":1600,\"caption\":\"skaitytaknyga.lt\"},\"image\":{\"@id\":\"https:\\\/\\\/skaitytaknyga.lt\\\/#\\\/schema\\\/logo\\\/image\\\/\"},\"sameAs\":[\"https:\\\/\\\/www.facebook.com\\\/skaitytaknyga\\\/\"]}]}<\/script>\n<!-- \/ Yoast SEO plugin. -->","yoast_head_json":{"title":"Nikki Highmore Sims \u201eKaip surengti seminar\u0105\u201c - Skaitytaknyga","description":"Prireik\u0117 surengti seminar\u0105 ar susirinkim\u0105? Kankina r\u016bpestis, kaip j\u012f padaryti nenuobod\u0173 ir kartu informatyv\u0173? \u0160i knyga supa\u017eindina su pagrindiniais \u012fvairi\u0173 u\u017esi\u0117mim\u0173 rengimo etapais: planavimu, med\u017eiagos parinkimu, temos pristatymu bei d\u0117stymu ir kt.  Perprat\u0119 apra\u0161ytus u\u017esi\u0117mim\u0173 rengimo b\u016bdus, mok\u0117site:   rasti savit\u0105 d\u0117stymo stili\u0173;  per u\u017esi\u0117mim\u0105 pasiekti optimali\u0173 rezultat\u0173;  \u012fdomiai ir \u012fsimintinai pateikti saus\u0105 teorij\u0105;  rengti ne tik nuobod\u017eias skaidres, bet ir kitas dalyvi\u0173 poreikius atitinkan\u010dias priemones;  tinkamai naudoti laik\u0105 ir l\u0117\u0161as;  sudominti auditorij\u0105 ir i\u0161laikyti jos d\u0117mes\u012f;  galutin\u012f vertinim\u0105 padaryti \u201eneskausming\u0105\" ir netgi malon\u0173.  \u0160is veiksming\u0173 ir \u012fdomi\u0173 u\u017esi\u0117mim\u0173 rengimo vadovas pravers \u012fvairi\u0173 sri\u010di\u0173 vadybininkams, pardavimo, rinkodaros specialistams bei visiems, dirbantiems organizacin\u012f darb\u0105.","robots":{"index":"index","follow":"follow","max-snippet":"max-snippet:-1","max-image-preview":"max-image-preview:large","max-video-preview":"max-video-preview:-1"},"canonical":"https:\/\/skaitytaknyga.lt\/en\/produktas\/nikki-highmore-sims-kaip-surengti-seminara\/","og_locale":"en_GB","og_type":"article","og_title":"Nikki Highmore Sims \u201eKaip surengti seminar\u0105\u201c - Skaitytaknyga","og_description":"Prireik\u0117 surengti seminar\u0105 ar susirinkim\u0105? Kankina r\u016bpestis, kaip j\u012f padaryti nenuobod\u0173 ir kartu informatyv\u0173? \u0160i knyga supa\u017eindina su pagrindiniais \u012fvairi\u0173 u\u017esi\u0117mim\u0173 rengimo etapais: planavimu, med\u017eiagos parinkimu, temos pristatymu bei d\u0117stymu ir kt.  Perprat\u0119 apra\u0161ytus u\u017esi\u0117mim\u0173 rengimo b\u016bdus, mok\u0117site:   rasti savit\u0105 d\u0117stymo stili\u0173;  per u\u017esi\u0117mim\u0105 pasiekti optimali\u0173 rezultat\u0173;  \u012fdomiai ir \u012fsimintinai pateikti saus\u0105 teorij\u0105;  rengti ne tik nuobod\u017eias skaidres, bet ir kitas dalyvi\u0173 poreikius atitinkan\u010dias priemones;  tinkamai naudoti laik\u0105 ir l\u0117\u0161as;  sudominti auditorij\u0105 ir i\u0161laikyti jos d\u0117mes\u012f;  galutin\u012f vertinim\u0105 padaryti \u201eneskausming\u0105\" ir netgi malon\u0173.  \u0160is veiksming\u0173 ir \u012fdomi\u0173 u\u017esi\u0117mim\u0173 rengimo vadovas pravers \u012fvairi\u0173 sri\u010di\u0173 vadybininkams, pardavimo, rinkodaros specialistams bei visiems, dirbantiems organizacin\u012f darb\u0105.","og_url":"https:\/\/skaitytaknyga.lt\/en\/produktas\/nikki-highmore-sims-kaip-surengti-seminara\/","og_site_name":"Skaitytaknyga","article_publisher":"https:\/\/www.facebook.com\/skaitytaknyga\/","article_modified_time":"2024-05-04T19:12:35+00:00","og_image":[{"width":230,"height":338,"url":"https:\/\/skaitytaknyga.lt\/wp-content\/uploads\/2024\/05\/af4ff4a4391019719c78bf0cd873d1e9666080e2_cdb_Verslo_gaires_Kaip_surengti_seminara_p1.jpg","type":"image\/jpeg"}],"twitter_card":"summary_large_image","twitter_misc":{"Estimated reading time":"1 minute"},"schema":{"@context":"https:\/\/schema.org","@graph":[{"@type":"WebPage","@id":"https:\/\/skaitytaknyga.lt\/produktas\/nikki-highmore-sims-kaip-surengti-seminara\/","url":"https:\/\/skaitytaknyga.lt\/produktas\/nikki-highmore-sims-kaip-surengti-seminara\/","name":"Nikki Highmore Sims \u201eKaip surengti seminar\u0105\u201c - Skaitytaknyga","isPartOf":{"@id":"https:\/\/skaitytaknyga.lt\/#website"},"primaryImageOfPage":{"@id":"https:\/\/skaitytaknyga.lt\/produktas\/nikki-highmore-sims-kaip-surengti-seminara\/#primaryimage"},"image":{"@id":"https:\/\/skaitytaknyga.lt\/produktas\/nikki-highmore-sims-kaip-surengti-seminara\/#primaryimage"},"thumbnailUrl":"https:\/\/skaitytaknyga.lt\/wp-content\/uploads\/2024\/05\/af4ff4a4391019719c78bf0cd873d1e9666080e2_cdb_Verslo_gaires_Kaip_surengti_seminara_p1.jpg","datePublished":"2024-05-04T19:11:19+00:00","dateModified":"2024-05-04T19:12:35+00:00","description":"Prireik\u0117 surengti seminar\u0105 ar susirinkim\u0105? Kankina r\u016bpestis, kaip j\u012f padaryti nenuobod\u0173 ir kartu informatyv\u0173? \u0160i knyga supa\u017eindina su pagrindiniais \u012fvairi\u0173 u\u017esi\u0117mim\u0173 rengimo etapais: planavimu, med\u017eiagos parinkimu, temos pristatymu bei d\u0117stymu ir kt. Perprat\u0119 apra\u0161ytus u\u017esi\u0117mim\u0173 rengimo b\u016bdus, mok\u0117site: rasti savit\u0105 d\u0117stymo stili\u0173; per u\u017esi\u0117mim\u0105 pasiekti optimali\u0173 rezultat\u0173; \u012fdomiai ir \u012fsimintinai pateikti saus\u0105 teorij\u0105; rengti ne tik nuobod\u017eias skaidres, bet ir kitas dalyvi\u0173 poreikius atitinkan\u010dias priemones; tinkamai naudoti laik\u0105 ir l\u0117\u0161as; sudominti auditorij\u0105 ir i\u0161laikyti jos d\u0117mes\u012f; galutin\u012f vertinim\u0105 padaryti \u201eneskausming\u0105\" ir netgi malon\u0173. \u0160is veiksming\u0173 ir \u012fdomi\u0173 u\u017esi\u0117mim\u0173 rengimo vadovas pravers \u012fvairi\u0173 sri\u010di\u0173 vadybininkams, pardavimo, rinkodaros specialistams bei visiems, dirbantiems organizacin\u012f darb\u0105.","breadcrumb":{"@id":"https:\/\/skaitytaknyga.lt\/produktas\/nikki-highmore-sims-kaip-surengti-seminara\/#breadcrumb"},"inLanguage":"en-GB","potentialAction":[{"@type":"ReadAction","target":["https:\/\/skaitytaknyga.lt\/produktas\/nikki-highmore-sims-kaip-surengti-seminara\/"]}]},{"@type":"ImageObject","inLanguage":"en-GB","@id":"https:\/\/skaitytaknyga.lt\/produktas\/nikki-highmore-sims-kaip-surengti-seminara\/#primaryimage","url":"https:\/\/skaitytaknyga.lt\/wp-content\/uploads\/2024\/05\/af4ff4a4391019719c78bf0cd873d1e9666080e2_cdb_Verslo_gaires_Kaip_surengti_seminara_p1.jpg","contentUrl":"https:\/\/skaitytaknyga.lt\/wp-content\/uploads\/2024\/05\/af4ff4a4391019719c78bf0cd873d1e9666080e2_cdb_Verslo_gaires_Kaip_surengti_seminara_p1.jpg","width":230,"height":338},{"@type":"BreadcrumbList","@id":"https:\/\/skaitytaknyga.lt\/produktas\/nikki-highmore-sims-kaip-surengti-seminara\/#breadcrumb","itemListElement":[{"@type":"ListItem","position":1,"name":"Home","item":"https:\/\/skaitytaknyga.lt\/"},{"@type":"ListItem","position":2,"name":"Parduotuv\u0117","item":"https:\/\/skaitytaknyga.lt\/knygu-parduotuve\/"},{"@type":"ListItem","position":3,"name":"Nikki Highmore Sims \u201eKaip surengti seminar\u0105\u201c"}]},{"@type":"WebSite","@id":"https:\/\/skaitytaknyga.lt\/#website","url":"https:\/\/skaitytaknyga.lt\/","name":"skaitytaknyga.lt","description":"Skaitytaknyga.lt \u2013 tai ma\u017eas \u0161eimos verslas, kuris prasid\u0117jo nuo meil\u0117s knygoms ir siekio i\u0161gelb\u0117ti knygas nuo likimo prie konteinerio. Kas vienam nereikalingas daiktas \u2013 kitam lobis, o mes esame tarpininkai, kurie padeda abiems tapti laimingesniems ???? \u017dinome kaip nelengva i\u0161gyventi ma\u017eiems verslams, tad nuo \u0161iol, \u010dia rasite ir kit\u0173, ma\u017e\u0173 \u0161eim\u0173 versl\u0173, rank\u0173 darbo, dovan\u0173 sau ir artimiesiems.","publisher":{"@id":"https:\/\/skaitytaknyga.lt\/#organization"},"potentialAction":[{"@type":"SearchAction","target":{"@type":"EntryPoint","urlTemplate":"https:\/\/skaitytaknyga.lt\/?s={search_term_string}"},"query-input":{"@type":"PropertyValueSpecification","valueRequired":true,"valueName":"search_term_string"}}],"inLanguage":"en-GB"},{"@type":"Organization","@id":"https:\/\/skaitytaknyga.lt\/#organization","name":"skaitytaknyga.lt","url":"https:\/\/skaitytaknyga.lt\/","logo":{"@type":"ImageObject","inLanguage":"en-GB","@id":"https:\/\/skaitytaknyga.lt\/#\/schema\/logo\/image\/","url":"https:\/\/skaitytaknyga.lt\/wp-content\/uploads\/2024\/05\/cropped-cropped-cropped-02_00843_jt3bggkj1j3HLc7SyY6rEUpg.jpeg","contentUrl":"https:\/\/skaitytaknyga.lt\/wp-content\/uploads\/2024\/05\/cropped-cropped-cropped-02_00843_jt3bggkj1j3HLc7SyY6rEUpg.jpeg","width":1600,"height":1600,"caption":"skaitytaknyga.lt"},"image":{"@id":"https:\/\/skaitytaknyga.lt\/#\/schema\/logo\/image\/"},"sameAs":["https:\/\/www.facebook.com\/skaitytaknyga\/"]}]}},"_links":{"self":[{"href":"https:\/\/skaitytaknyga.lt\/en\/wp-json\/wp\/v2\/product\/10692","targetHints":{"allow":["GET"]}}],"collection":[{"href":"https:\/\/skaitytaknyga.lt\/en\/wp-json\/wp\/v2\/product"}],"about":[{"href":"https:\/\/skaitytaknyga.lt\/en\/wp-json\/wp\/v2\/types\/product"}],"replies":[{"embeddable":true,"href":"https:\/\/skaitytaknyga.lt\/en\/wp-json\/wp\/v2\/comments?post=10692"}],"wp:featuredmedia":[{"embeddable":true,"href":"https:\/\/skaitytaknyga.lt\/en\/wp-json\/wp\/v2\/media\/10732"}],"wp:attachment":[{"href":"https:\/\/skaitytaknyga.lt\/en\/wp-json\/wp\/v2\/media?parent=10692"}],"wp:term":[{"taxonomy":"product_brand","embeddable":true,"href":"https:\/\/skaitytaknyga.lt\/en\/wp-json\/wp\/v2\/product_brand?post=10692"},{"taxonomy":"product_cat","embeddable":true,"href":"https:\/\/skaitytaknyga.lt\/en\/wp-json\/wp\/v2\/product_cat?post=10692"},{"taxonomy":"product_tag","embeddable":true,"href":"https:\/\/skaitytaknyga.lt\/en\/wp-json\/wp\/v2\/product_tag?post=10692"}],"curies":[{"name":"wp","href":"https:\/\/api.w.org\/{rel}","templated":true}]}}