{"id":10691,"date":"2024-05-04T19:11:19","date_gmt":"2024-05-04T19:11:19","guid":{"rendered":"https:\/\/skaitytaknyga.lt\/?post_type=product&#038;p=10691"},"modified":"2024-10-28T20:51:05","modified_gmt":"2024-10-28T18:51:05","slug":"alenka-rebula-simtas-vidines-galios-veidu","status":"publish","type":"product","link":"https:\/\/skaitytaknyga.lt\/en\/produktas\/alenka-rebula-simtas-vidines-galios-veidu\/","title":{"rendered":"Alenka Rebula \u201e\u0160imtas vidin\u0117s galios veid\u0173\u201c"},"content":{"rendered":"<p><span style=\"color: #000000; font-family: Calibri; font-size: medium;\">Atversk knyg\u0105, perskaityk likim\u0105 ir paleisk j\u012f.\u00a0<\/span><\/p>\n<p><span style=\"color: #000000; font-family: Calibri; font-size: medium;\">Kada pasijunti kaip atitr\u016bkstantis nuo \u0161akel\u0117s lapas? O kada imi puosel\u0117ti savo vidin\u0119 pabais\u0105 ir ketini tapti jos sargu? Kod\u0117l, vandenyno i\u0161mestas \u012f krant\u0105, v\u0117l atkakliai brendi gilyn? Ar \u017einai, k\u0105 daryti, kad nebetur\u0117tum laiko brautis \u012f svetimas \u0161alis? \u0160ie ir daugyb\u0117 kit\u0173 visiems mums r\u016bpin\u010di\u0173 klausim\u0173 tikrai turi atsakymus, kartais stulbinamai paprastus, kartais visai nelauktus ar i\u0161 pirmo \u017evilgsnio pernelyg poeti\u0161kus, bet visada i\u0161tartus \u012ftaigiu balsu ir kupinus i\u0161minties.<\/span><\/p>\n","protected":false},"excerpt":{"rendered":"<p><span style=\"color: #000000; font-family: Calibri; font-size: medium;\">Atversk knyg\u0105, perskaityk likim\u0105 ir paleisk j\u012f.\u00a0<\/span><\/p>\n<p><span style=\"color: #000000; font-family: Calibri; font-size: medium;\">Kada pasijunti kaip atitr\u016bkstantis nuo \u0161akel\u0117s lapas? O kada imi puosel\u0117ti savo vidin\u0119 pabais\u0105 ir ketini tapti jos sargu? Kod\u0117l, vandenyno i\u0161mestas \u012f krant\u0105, v\u0117l atkakliai brendi gilyn? Ar \u017einai, k\u0105 daryti, kad nebetur\u0117tum laiko brautis \u012f svetimas \u0161alis? \u0160ie ir daugyb\u0117 kit\u0173 visiems mums r\u016bpin\u010di\u0173 klausim\u0173 tikrai turi atsakymus, kartais stulbinamai paprastus, kartais visai nelauktus ar i\u0161 pirmo \u017evilgsnio pernelyg poeti\u0161kus, bet visada i\u0161tartus \u012ftaigiu balsu ir kupinus i\u0161minties.<\/span><\/p>\n","protected":false},"featured_media":10731,"comment_status":"closed","ping_status":"closed","template":"","meta":{"_acf_changed":false,"site-sidebar-layout":"default","site-content-layout":"","ast-site-content-layout":"default","site-content-style":"default","site-sidebar-style":"default","ast-global-header-display":"","ast-banner-title-visibility":"","ast-main-header-display":"","ast-hfb-above-header-display":"","ast-hfb-below-header-display":"","ast-hfb-mobile-header-display":"","site-post-title":"","ast-breadcrumbs-content":"","ast-featured-img":"","footer-sml-layout":"","ast-disable-related-posts":"","theme-transparent-header-meta":"","adv-header-id-meta":"","stick-header-meta":"","header-above-stick-meta":"","header-main-stick-meta":"","header-below-stick-meta":"","astra-migrate-meta-layouts":"default","ast-page-background-enabled":"default","ast-page-background-meta":{"desktop":{"background-color":"","background-image":"","background-repeat":"repeat","background-position":"center center","background-size":"auto","background-attachment":"scroll","background-type":"","background-media":"","overlay-type":"","overlay-color":"","overlay-opacity":"","overlay-gradient":""},"tablet":{"background-color":"","background-image":"","background-repeat":"repeat","background-position":"center center","background-size":"auto","background-attachment":"scroll","background-type":"","background-media":"","overlay-type":"","overlay-color":"","overlay-opacity":"","overlay-gradient":""},"mobile":{"background-color":"","background-image":"","background-repeat":"repeat","background-position":"center center","background-size":"auto","background-attachment":"scroll","background-type":"","background-media":"","overlay-type":"","overlay-color":"","overlay-opacity":"","overlay-gradient":""}},"ast-content-background-meta":{"desktop":{"background-color":"var(--ast-global-color-4)","background-image":"","background-repeat":"repeat","background-position":"center center","background-size":"auto","background-attachment":"scroll","background-type":"","background-media":"","overlay-type":"","overlay-color":"","overlay-opacity":"","overlay-gradient":""},"tablet":{"background-color":"var(--ast-global-color-4)","background-image":"","background-repeat":"repeat","background-position":"center center","background-size":"auto","background-attachment":"scroll","background-type":"","background-media":"","overlay-type":"","overlay-color":"","overlay-opacity":"","overlay-gradient":""},"mobile":{"background-color":"var(--ast-global-color-4)","background-image":"","background-repeat":"repeat","background-position":"center center","background-size":"auto","background-attachment":"scroll","background-type":"","background-media":"","overlay-type":"","overlay-color":"","overlay-opacity":"","overlay-gradient":""}}},"product_brand":[],"product_cat":[30,165],"product_tag":[],"class_list":{"0":"post-10691","1":"product","2":"type-product","3":"status-publish","4":"has-post-thumbnail","6":"product_cat-psichologija-ir-saviugda","7":"product_cat-religija-filosofija-ir-ezoterika","8":"desktop-align-left","9":"tablet-align-left","10":"mobile-align-left","12":"first","13":"outofstock","14":"shipping-taxable","15":"purchasable","16":"product-type-simple"},"acf":[],"yoast_head":"<!-- This site is optimized with the Yoast SEO plugin v27.4 - https:\/\/yoast.com\/product\/yoast-seo-wordpress\/ -->\n<title>Alenka Rebula \u201e\u0160imtas vidin\u0117s galios veid\u0173\u201c - Skaitytaknyga<\/title>\n<meta name=\"description\" content=\"Atversk knyg\u0105, perskaityk likim\u0105 ir paleisk j\u012f.\u00a0  Kada pasijunti kaip atitr\u016bkstantis nuo \u0161akel\u0117s lapas? O kada imi puosel\u0117ti savo vidin\u0119 pabais\u0105 ir ketini tapti jos sargu? Kod\u0117l, vandenyno i\u0161mestas \u012f krant\u0105, v\u0117l atkakliai brendi gilyn? Ar \u017einai, k\u0105 daryti, kad nebetur\u0117tum laiko brautis \u012f svetimas \u0161alis? \u0160ie ir daugyb\u0117 kit\u0173 visiems mums r\u016bpin\u010di\u0173 klausim\u0173 tikrai turi atsakymus, kartais stulbinamai paprastus, kartais visai nelauktus ar i\u0161 pirmo \u017evilgsnio pernelyg poeti\u0161kus, bet visada i\u0161tartus \u012ftaigiu balsu ir kupinus i\u0161minties.\" \/>\n<meta name=\"robots\" content=\"index, follow, max-snippet:-1, max-image-preview:large, max-video-preview:-1\" \/>\n<link rel=\"canonical\" href=\"https:\/\/skaitytaknyga.lt\/en\/produktas\/alenka-rebula-simtas-vidines-galios-veidu\/\" \/>\n<meta property=\"og:locale\" content=\"en_GB\" \/>\n<meta property=\"og:locale:alternate\" content=\"lt_LT\" \/>\n<meta property=\"og:type\" content=\"article\" \/>\n<meta property=\"og:title\" content=\"Alenka Rebula \u201e\u0160imtas vidin\u0117s galios veid\u0173\u201c - Skaitytaknyga\" \/>\n<meta property=\"og:description\" content=\"Atversk knyg\u0105, perskaityk likim\u0105 ir paleisk j\u012f.\u00a0  Kada pasijunti kaip atitr\u016bkstantis nuo \u0161akel\u0117s lapas? O kada imi puosel\u0117ti savo vidin\u0119 pabais\u0105 ir ketini tapti jos sargu? Kod\u0117l, vandenyno i\u0161mestas \u012f krant\u0105, v\u0117l atkakliai brendi gilyn? Ar \u017einai, k\u0105 daryti, kad nebetur\u0117tum laiko brautis \u012f svetimas \u0161alis? \u0160ie ir daugyb\u0117 kit\u0173 visiems mums r\u016bpin\u010di\u0173 klausim\u0173 tikrai turi atsakymus, kartais stulbinamai paprastus, kartais visai nelauktus ar i\u0161 pirmo \u017evilgsnio pernelyg poeti\u0161kus, bet visada i\u0161tartus \u012ftaigiu balsu ir kupinus i\u0161minties.\" \/>\n<meta property=\"og:url\" content=\"https:\/\/skaitytaknyga.lt\/en\/produktas\/alenka-rebula-simtas-vidines-galios-veidu\/\" \/>\n<meta property=\"og:site_name\" content=\"Skaitytaknyga\" \/>\n<meta property=\"article:publisher\" content=\"https:\/\/www.facebook.com\/skaitytaknyga\/\" \/>\n<meta property=\"article:modified_time\" content=\"2024-10-28T18:51:05+00:00\" \/>\n<meta property=\"og:image\" content=\"https:\/\/skaitytaknyga.lt\/wp-content\/uploads\/2024\/05\/000000000001111230-5a02e1a6a36c0-asset-knyguklubas-simtas-vidines-galios-veidu.png\" \/>\n\t<meta property=\"og:image:width\" content=\"400\" \/>\n\t<meta property=\"og:image:height\" content=\"600\" \/>\n\t<meta property=\"og:image:type\" content=\"image\/png\" \/>\n<meta name=\"twitter:card\" content=\"summary_large_image\" \/>\n<script type=\"application\/ld+json\" class=\"yoast-schema-graph\">{\"@context\":\"https:\\\/\\\/schema.org\",\"@graph\":[{\"@type\":\"WebPage\",\"@id\":\"https:\\\/\\\/skaitytaknyga.lt\\\/produktas\\\/alenka-rebula-simtas-vidines-galios-veidu\\\/\",\"url\":\"https:\\\/\\\/skaitytaknyga.lt\\\/produktas\\\/alenka-rebula-simtas-vidines-galios-veidu\\\/\",\"name\":\"Alenka Rebula \u201e\u0160imtas vidin\u0117s galios veid\u0173\u201c - Skaitytaknyga\",\"isPartOf\":{\"@id\":\"https:\\\/\\\/skaitytaknyga.lt\\\/#website\"},\"primaryImageOfPage\":{\"@id\":\"https:\\\/\\\/skaitytaknyga.lt\\\/produktas\\\/alenka-rebula-simtas-vidines-galios-veidu\\\/#primaryimage\"},\"image\":{\"@id\":\"https:\\\/\\\/skaitytaknyga.lt\\\/produktas\\\/alenka-rebula-simtas-vidines-galios-veidu\\\/#primaryimage\"},\"thumbnailUrl\":\"https:\\\/\\\/skaitytaknyga.lt\\\/wp-content\\\/uploads\\\/2024\\\/05\\\/000000000001111230-5a02e1a6a36c0-asset-knyguklubas-simtas-vidines-galios-veidu.png\",\"datePublished\":\"2024-05-04T19:11:19+00:00\",\"dateModified\":\"2024-10-28T18:51:05+00:00\",\"description\":\"Atversk knyg\u0105, perskaityk likim\u0105 ir paleisk j\u012f.\u00a0 Kada pasijunti kaip atitr\u016bkstantis nuo \u0161akel\u0117s lapas? O kada imi puosel\u0117ti savo vidin\u0119 pabais\u0105 ir ketini tapti jos sargu? Kod\u0117l, vandenyno i\u0161mestas \u012f krant\u0105, v\u0117l atkakliai brendi gilyn? Ar \u017einai, k\u0105 daryti, kad nebetur\u0117tum laiko brautis \u012f svetimas \u0161alis? \u0160ie ir daugyb\u0117 kit\u0173 visiems mums r\u016bpin\u010di\u0173 klausim\u0173 tikrai turi atsakymus, kartais stulbinamai paprastus, kartais visai nelauktus ar i\u0161 pirmo \u017evilgsnio pernelyg poeti\u0161kus, bet visada i\u0161tartus \u012ftaigiu balsu ir kupinus i\u0161minties.\",\"breadcrumb\":{\"@id\":\"https:\\\/\\\/skaitytaknyga.lt\\\/produktas\\\/alenka-rebula-simtas-vidines-galios-veidu\\\/#breadcrumb\"},\"inLanguage\":\"en-GB\",\"potentialAction\":[{\"@type\":\"ReadAction\",\"target\":[\"https:\\\/\\\/skaitytaknyga.lt\\\/produktas\\\/alenka-rebula-simtas-vidines-galios-veidu\\\/\"]}]},{\"@type\":\"ImageObject\",\"inLanguage\":\"en-GB\",\"@id\":\"https:\\\/\\\/skaitytaknyga.lt\\\/produktas\\\/alenka-rebula-simtas-vidines-galios-veidu\\\/#primaryimage\",\"url\":\"https:\\\/\\\/skaitytaknyga.lt\\\/wp-content\\\/uploads\\\/2024\\\/05\\\/000000000001111230-5a02e1a6a36c0-asset-knyguklubas-simtas-vidines-galios-veidu.png\",\"contentUrl\":\"https:\\\/\\\/skaitytaknyga.lt\\\/wp-content\\\/uploads\\\/2024\\\/05\\\/000000000001111230-5a02e1a6a36c0-asset-knyguklubas-simtas-vidines-galios-veidu.png\",\"width\":400,\"height\":600},{\"@type\":\"BreadcrumbList\",\"@id\":\"https:\\\/\\\/skaitytaknyga.lt\\\/produktas\\\/alenka-rebula-simtas-vidines-galios-veidu\\\/#breadcrumb\",\"itemListElement\":[{\"@type\":\"ListItem\",\"position\":1,\"name\":\"Home\",\"item\":\"https:\\\/\\\/skaitytaknyga.lt\\\/\"},{\"@type\":\"ListItem\",\"position\":2,\"name\":\"Parduotuv\u0117\",\"item\":\"https:\\\/\\\/skaitytaknyga.lt\\\/knygu-parduotuve\\\/\"},{\"@type\":\"ListItem\",\"position\":3,\"name\":\"Alenka Rebula \u201e\u0160imtas vidin\u0117s galios veid\u0173\u201c\"}]},{\"@type\":\"WebSite\",\"@id\":\"https:\\\/\\\/skaitytaknyga.lt\\\/#website\",\"url\":\"https:\\\/\\\/skaitytaknyga.lt\\\/\",\"name\":\"skaitytaknyga.lt\",\"description\":\"Skaitytaknyga.lt \u2013 tai ma\u017eas \u0161eimos verslas, kuris prasid\u0117jo nuo meil\u0117s knygoms ir siekio i\u0161gelb\u0117ti knygas nuo likimo prie konteinerio. Kas vienam nereikalingas daiktas \u2013 kitam lobis, o mes esame tarpininkai, kurie padeda abiems tapti laimingesniems ???? \u017dinome kaip nelengva i\u0161gyventi ma\u017eiems verslams, tad nuo \u0161iol, \u010dia rasite ir kit\u0173, ma\u017e\u0173 \u0161eim\u0173 versl\u0173, rank\u0173 darbo, dovan\u0173 sau ir artimiesiems.\",\"publisher\":{\"@id\":\"https:\\\/\\\/skaitytaknyga.lt\\\/#organization\"},\"potentialAction\":[{\"@type\":\"SearchAction\",\"target\":{\"@type\":\"EntryPoint\",\"urlTemplate\":\"https:\\\/\\\/skaitytaknyga.lt\\\/?s={search_term_string}\"},\"query-input\":{\"@type\":\"PropertyValueSpecification\",\"valueRequired\":true,\"valueName\":\"search_term_string\"}}],\"inLanguage\":\"en-GB\"},{\"@type\":\"Organization\",\"@id\":\"https:\\\/\\\/skaitytaknyga.lt\\\/#organization\",\"name\":\"skaitytaknyga.lt\",\"url\":\"https:\\\/\\\/skaitytaknyga.lt\\\/\",\"logo\":{\"@type\":\"ImageObject\",\"inLanguage\":\"en-GB\",\"@id\":\"https:\\\/\\\/skaitytaknyga.lt\\\/#\\\/schema\\\/logo\\\/image\\\/\",\"url\":\"https:\\\/\\\/skaitytaknyga.lt\\\/wp-content\\\/uploads\\\/2024\\\/05\\\/cropped-cropped-cropped-02_00843_jt3bggkj1j3HLc7SyY6rEUpg.jpeg\",\"contentUrl\":\"https:\\\/\\\/skaitytaknyga.lt\\\/wp-content\\\/uploads\\\/2024\\\/05\\\/cropped-cropped-cropped-02_00843_jt3bggkj1j3HLc7SyY6rEUpg.jpeg\",\"width\":1600,\"height\":1600,\"caption\":\"skaitytaknyga.lt\"},\"image\":{\"@id\":\"https:\\\/\\\/skaitytaknyga.lt\\\/#\\\/schema\\\/logo\\\/image\\\/\"},\"sameAs\":[\"https:\\\/\\\/www.facebook.com\\\/skaitytaknyga\\\/\"]}]}<\/script>\n<!-- \/ Yoast SEO plugin. -->","yoast_head_json":{"title":"Alenka Rebula \u201e\u0160imtas vidin\u0117s galios veid\u0173\u201c - Skaitytaknyga","description":"Atversk knyg\u0105, perskaityk likim\u0105 ir paleisk j\u012f.\u00a0  Kada pasijunti kaip atitr\u016bkstantis nuo \u0161akel\u0117s lapas? O kada imi puosel\u0117ti savo vidin\u0119 pabais\u0105 ir ketini tapti jos sargu? Kod\u0117l, vandenyno i\u0161mestas \u012f krant\u0105, v\u0117l atkakliai brendi gilyn? Ar \u017einai, k\u0105 daryti, kad nebetur\u0117tum laiko brautis \u012f svetimas \u0161alis? \u0160ie ir daugyb\u0117 kit\u0173 visiems mums r\u016bpin\u010di\u0173 klausim\u0173 tikrai turi atsakymus, kartais stulbinamai paprastus, kartais visai nelauktus ar i\u0161 pirmo \u017evilgsnio pernelyg poeti\u0161kus, bet visada i\u0161tartus \u012ftaigiu balsu ir kupinus i\u0161minties.","robots":{"index":"index","follow":"follow","max-snippet":"max-snippet:-1","max-image-preview":"max-image-preview:large","max-video-preview":"max-video-preview:-1"},"canonical":"https:\/\/skaitytaknyga.lt\/en\/produktas\/alenka-rebula-simtas-vidines-galios-veidu\/","og_locale":"en_GB","og_type":"article","og_title":"Alenka Rebula \u201e\u0160imtas vidin\u0117s galios veid\u0173\u201c - Skaitytaknyga","og_description":"Atversk knyg\u0105, perskaityk likim\u0105 ir paleisk j\u012f.\u00a0  Kada pasijunti kaip atitr\u016bkstantis nuo \u0161akel\u0117s lapas? O kada imi puosel\u0117ti savo vidin\u0119 pabais\u0105 ir ketini tapti jos sargu? Kod\u0117l, vandenyno i\u0161mestas \u012f krant\u0105, v\u0117l atkakliai brendi gilyn? Ar \u017einai, k\u0105 daryti, kad nebetur\u0117tum laiko brautis \u012f svetimas \u0161alis? \u0160ie ir daugyb\u0117 kit\u0173 visiems mums r\u016bpin\u010di\u0173 klausim\u0173 tikrai turi atsakymus, kartais stulbinamai paprastus, kartais visai nelauktus ar i\u0161 pirmo \u017evilgsnio pernelyg poeti\u0161kus, bet visada i\u0161tartus \u012ftaigiu balsu ir kupinus i\u0161minties.","og_url":"https:\/\/skaitytaknyga.lt\/en\/produktas\/alenka-rebula-simtas-vidines-galios-veidu\/","og_site_name":"Skaitytaknyga","article_publisher":"https:\/\/www.facebook.com\/skaitytaknyga\/","article_modified_time":"2024-10-28T18:51:05+00:00","og_image":[{"width":400,"height":600,"url":"https:\/\/skaitytaknyga.lt\/wp-content\/uploads\/2024\/05\/000000000001111230-5a02e1a6a36c0-asset-knyguklubas-simtas-vidines-galios-veidu.png","type":"image\/png"}],"twitter_card":"summary_large_image","schema":{"@context":"https:\/\/schema.org","@graph":[{"@type":"WebPage","@id":"https:\/\/skaitytaknyga.lt\/produktas\/alenka-rebula-simtas-vidines-galios-veidu\/","url":"https:\/\/skaitytaknyga.lt\/produktas\/alenka-rebula-simtas-vidines-galios-veidu\/","name":"Alenka Rebula \u201e\u0160imtas vidin\u0117s galios veid\u0173\u201c - Skaitytaknyga","isPartOf":{"@id":"https:\/\/skaitytaknyga.lt\/#website"},"primaryImageOfPage":{"@id":"https:\/\/skaitytaknyga.lt\/produktas\/alenka-rebula-simtas-vidines-galios-veidu\/#primaryimage"},"image":{"@id":"https:\/\/skaitytaknyga.lt\/produktas\/alenka-rebula-simtas-vidines-galios-veidu\/#primaryimage"},"thumbnailUrl":"https:\/\/skaitytaknyga.lt\/wp-content\/uploads\/2024\/05\/000000000001111230-5a02e1a6a36c0-asset-knyguklubas-simtas-vidines-galios-veidu.png","datePublished":"2024-05-04T19:11:19+00:00","dateModified":"2024-10-28T18:51:05+00:00","description":"Atversk knyg\u0105, perskaityk likim\u0105 ir paleisk j\u012f.\u00a0 Kada pasijunti kaip atitr\u016bkstantis nuo \u0161akel\u0117s lapas? O kada imi puosel\u0117ti savo vidin\u0119 pabais\u0105 ir ketini tapti jos sargu? Kod\u0117l, vandenyno i\u0161mestas \u012f krant\u0105, v\u0117l atkakliai brendi gilyn? Ar \u017einai, k\u0105 daryti, kad nebetur\u0117tum laiko brautis \u012f svetimas \u0161alis? \u0160ie ir daugyb\u0117 kit\u0173 visiems mums r\u016bpin\u010di\u0173 klausim\u0173 tikrai turi atsakymus, kartais stulbinamai paprastus, kartais visai nelauktus ar i\u0161 pirmo \u017evilgsnio pernelyg poeti\u0161kus, bet visada i\u0161tartus \u012ftaigiu balsu ir kupinus i\u0161minties.","breadcrumb":{"@id":"https:\/\/skaitytaknyga.lt\/produktas\/alenka-rebula-simtas-vidines-galios-veidu\/#breadcrumb"},"inLanguage":"en-GB","potentialAction":[{"@type":"ReadAction","target":["https:\/\/skaitytaknyga.lt\/produktas\/alenka-rebula-simtas-vidines-galios-veidu\/"]}]},{"@type":"ImageObject","inLanguage":"en-GB","@id":"https:\/\/skaitytaknyga.lt\/produktas\/alenka-rebula-simtas-vidines-galios-veidu\/#primaryimage","url":"https:\/\/skaitytaknyga.lt\/wp-content\/uploads\/2024\/05\/000000000001111230-5a02e1a6a36c0-asset-knyguklubas-simtas-vidines-galios-veidu.png","contentUrl":"https:\/\/skaitytaknyga.lt\/wp-content\/uploads\/2024\/05\/000000000001111230-5a02e1a6a36c0-asset-knyguklubas-simtas-vidines-galios-veidu.png","width":400,"height":600},{"@type":"BreadcrumbList","@id":"https:\/\/skaitytaknyga.lt\/produktas\/alenka-rebula-simtas-vidines-galios-veidu\/#breadcrumb","itemListElement":[{"@type":"ListItem","position":1,"name":"Home","item":"https:\/\/skaitytaknyga.lt\/"},{"@type":"ListItem","position":2,"name":"Parduotuv\u0117","item":"https:\/\/skaitytaknyga.lt\/knygu-parduotuve\/"},{"@type":"ListItem","position":3,"name":"Alenka Rebula \u201e\u0160imtas vidin\u0117s galios veid\u0173\u201c"}]},{"@type":"WebSite","@id":"https:\/\/skaitytaknyga.lt\/#website","url":"https:\/\/skaitytaknyga.lt\/","name":"skaitytaknyga.lt","description":"Skaitytaknyga.lt \u2013 tai ma\u017eas \u0161eimos verslas, kuris prasid\u0117jo nuo meil\u0117s knygoms ir siekio i\u0161gelb\u0117ti knygas nuo likimo prie konteinerio. Kas vienam nereikalingas daiktas \u2013 kitam lobis, o mes esame tarpininkai, kurie padeda abiems tapti laimingesniems ???? \u017dinome kaip nelengva i\u0161gyventi ma\u017eiems verslams, tad nuo \u0161iol, \u010dia rasite ir kit\u0173, ma\u017e\u0173 \u0161eim\u0173 versl\u0173, rank\u0173 darbo, dovan\u0173 sau ir artimiesiems.","publisher":{"@id":"https:\/\/skaitytaknyga.lt\/#organization"},"potentialAction":[{"@type":"SearchAction","target":{"@type":"EntryPoint","urlTemplate":"https:\/\/skaitytaknyga.lt\/?s={search_term_string}"},"query-input":{"@type":"PropertyValueSpecification","valueRequired":true,"valueName":"search_term_string"}}],"inLanguage":"en-GB"},{"@type":"Organization","@id":"https:\/\/skaitytaknyga.lt\/#organization","name":"skaitytaknyga.lt","url":"https:\/\/skaitytaknyga.lt\/","logo":{"@type":"ImageObject","inLanguage":"en-GB","@id":"https:\/\/skaitytaknyga.lt\/#\/schema\/logo\/image\/","url":"https:\/\/skaitytaknyga.lt\/wp-content\/uploads\/2024\/05\/cropped-cropped-cropped-02_00843_jt3bggkj1j3HLc7SyY6rEUpg.jpeg","contentUrl":"https:\/\/skaitytaknyga.lt\/wp-content\/uploads\/2024\/05\/cropped-cropped-cropped-02_00843_jt3bggkj1j3HLc7SyY6rEUpg.jpeg","width":1600,"height":1600,"caption":"skaitytaknyga.lt"},"image":{"@id":"https:\/\/skaitytaknyga.lt\/#\/schema\/logo\/image\/"},"sameAs":["https:\/\/www.facebook.com\/skaitytaknyga\/"]}]}},"_links":{"self":[{"href":"https:\/\/skaitytaknyga.lt\/en\/wp-json\/wp\/v2\/product\/10691","targetHints":{"allow":["GET"]}}],"collection":[{"href":"https:\/\/skaitytaknyga.lt\/en\/wp-json\/wp\/v2\/product"}],"about":[{"href":"https:\/\/skaitytaknyga.lt\/en\/wp-json\/wp\/v2\/types\/product"}],"replies":[{"embeddable":true,"href":"https:\/\/skaitytaknyga.lt\/en\/wp-json\/wp\/v2\/comments?post=10691"}],"wp:featuredmedia":[{"embeddable":true,"href":"https:\/\/skaitytaknyga.lt\/en\/wp-json\/wp\/v2\/media\/10731"}],"wp:attachment":[{"href":"https:\/\/skaitytaknyga.lt\/en\/wp-json\/wp\/v2\/media?parent=10691"}],"wp:term":[{"taxonomy":"product_brand","embeddable":true,"href":"https:\/\/skaitytaknyga.lt\/en\/wp-json\/wp\/v2\/product_brand?post=10691"},{"taxonomy":"product_cat","embeddable":true,"href":"https:\/\/skaitytaknyga.lt\/en\/wp-json\/wp\/v2\/product_cat?post=10691"},{"taxonomy":"product_tag","embeddable":true,"href":"https:\/\/skaitytaknyga.lt\/en\/wp-json\/wp\/v2\/product_tag?post=10691"}],"curies":[{"name":"wp","href":"https:\/\/api.w.org\/{rel}","templated":true}]}}