{"id":10690,"date":"2024-05-04T19:11:19","date_gmt":"2024-05-04T19:11:19","guid":{"rendered":"https:\/\/skaitytaknyga.lt\/?post_type=product&#038;p=10690"},"modified":"2025-02-02T16:09:41","modified_gmt":"2025-02-02T14:09:41","slug":"susanne-hiuhn-kas-mums-suteikia-stiprybes","status":"publish","type":"product","link":"https:\/\/skaitytaknyga.lt\/en\/produktas\/susanne-hiuhn-kas-mums-suteikia-stiprybes\/","title":{"rendered":"Susanne Hiuhn \u201eKas mums suteikia stipryb\u0117s\u201c"},"content":{"rendered":"<p>\u0160i\u0105 savait\u0119 v\u0117l patyr\u0117te stres\u0105? V\u0117l paskutinius nervus i\u0161tamp\u0117 vir\u0161ininkas, o jei pats esate vir\u0161ininkas \u2013 j\u016bs\u0173 bendradarbis, mylimoji ar mylimasis \u012fsitrauk\u0117 \u012f begalin\u0119 diskusij\u0105 ir niekaip nesiliauja tauk\u0161ti? Susipykote su mama, gavote nemalon\u0173 lai\u0161k\u0105 i\u0161 mokes\u010di\u0173 inspekcijos, o gal j\u016bs\u0173 atvejis intelektualesnis: kai kas taip ilgai steng\u0117si jums \u012fkalti savo be galo proting\u0105 nuomon\u0119, kad dabar pats sau atrodote kaip tu\u0161\u010dias balionas? Ar kartais nekyla mintis, kad pasaulis siurbia i\u0161 j\u016bs\u0173 energij\u0105, kad kiekvienas \u017emogus, esantis \u0161alia, tampo jus u\u017e skvern\u0173 reikalaudamas j\u016bs\u0173 d\u0117mesio, laiko ir pinig\u0173? Ir dar j\u016bs stebit\u0117s, kad esate visi\u0161kai i\u0161sek\u0119? Ar dar ilgai \u0161itai k\u0119site? I\u0161mokite susigr\u0105\u017einti energij\u0105, nes j\u016bs\u0173 gyvybin\u0117 energija yra dovana, ir niekas neturi teis\u0117s \u012f j\u0105 k\u0117sintis.<\/p>\n","protected":false},"excerpt":{"rendered":"<p>\u0160i\u0105 savait\u0119 v\u0117l patyr\u0117te stres\u0105? V\u0117l paskutinius nervus i\u0161tamp\u0117 vir\u0161ininkas, o jei pats esate vir\u0161ininkas \u2013 j\u016bs\u0173 bendradarbis, mylimoji ar mylimasis \u012fsitrauk\u0117 \u012f begalin\u0119 diskusij\u0105 ir niekaip nesiliauja tauk\u0161ti? Susipykote su mama, gavote nemalon\u0173 lai\u0161k\u0105 i\u0161 mokes\u010di\u0173 inspekcijos, o gal j\u016bs\u0173 atvejis intelektualesnis: kai kas taip ilgai steng\u0117si jums \u012fkalti savo be galo proting\u0105 nuomon\u0119, kad dabar pats sau atrodote kaip tu\u0161\u010dias balionas? Ar kartais nekyla mintis, kad pasaulis siurbia i\u0161 j\u016bs\u0173 energij\u0105, kad kiekvienas \u017emogus, esantis \u0161alia, tampo jus u\u017e skvern\u0173 reikalaudamas j\u016bs\u0173 d\u0117mesio, laiko ir pinig\u0173? Ir dar j\u016bs stebit\u0117s, kad esate visi\u0161kai i\u0161sek\u0119? Ar dar ilgai \u0161itai k\u0119site? I\u0161mokite susigr\u0105\u017einti energij\u0105, nes j\u016bs\u0173 gyvybin\u0117 energija yra dovana, ir niekas neturi teis\u0117s \u012f j\u0105 k\u0117sintis.<\/p>\n","protected":false},"featured_media":10723,"comment_status":"closed","ping_status":"closed","template":"","meta":{"_acf_changed":false,"site-sidebar-layout":"default","site-content-layout":"","ast-site-content-layout":"default","site-content-style":"default","site-sidebar-style":"default","ast-global-header-display":"","ast-banner-title-visibility":"","ast-main-header-display":"","ast-hfb-above-header-display":"","ast-hfb-below-header-display":"","ast-hfb-mobile-header-display":"","site-post-title":"","ast-breadcrumbs-content":"","ast-featured-img":"","footer-sml-layout":"","ast-disable-related-posts":"","theme-transparent-header-meta":"","adv-header-id-meta":"","stick-header-meta":"","header-above-stick-meta":"","header-main-stick-meta":"","header-below-stick-meta":"","astra-migrate-meta-layouts":"default","ast-page-background-enabled":"default","ast-page-background-meta":{"desktop":{"background-color":"","background-image":"","background-repeat":"repeat","background-position":"center center","background-size":"auto","background-attachment":"scroll","background-type":"","background-media":"","overlay-type":"","overlay-color":"","overlay-opacity":"","overlay-gradient":""},"tablet":{"background-color":"","background-image":"","background-repeat":"repeat","background-position":"center center","background-size":"auto","background-attachment":"scroll","background-type":"","background-media":"","overlay-type":"","overlay-color":"","overlay-opacity":"","overlay-gradient":""},"mobile":{"background-color":"","background-image":"","background-repeat":"repeat","background-position":"center center","background-size":"auto","background-attachment":"scroll","background-type":"","background-media":"","overlay-type":"","overlay-color":"","overlay-opacity":"","overlay-gradient":""}},"ast-content-background-meta":{"desktop":{"background-color":"var(--ast-global-color-4)","background-image":"","background-repeat":"repeat","background-position":"center center","background-size":"auto","background-attachment":"scroll","background-type":"","background-media":"","overlay-type":"","overlay-color":"","overlay-opacity":"","overlay-gradient":""},"tablet":{"background-color":"var(--ast-global-color-4)","background-image":"","background-repeat":"repeat","background-position":"center center","background-size":"auto","background-attachment":"scroll","background-type":"","background-media":"","overlay-type":"","overlay-color":"","overlay-opacity":"","overlay-gradient":""},"mobile":{"background-color":"var(--ast-global-color-4)","background-image":"","background-repeat":"repeat","background-position":"center center","background-size":"auto","background-attachment":"scroll","background-type":"","background-media":"","overlay-type":"","overlay-color":"","overlay-opacity":"","overlay-gradient":""}}},"product_brand":[],"product_cat":[30,165],"product_tag":[],"class_list":{"0":"post-10690","1":"product","2":"type-product","3":"status-publish","4":"has-post-thumbnail","6":"product_cat-psichologija-ir-saviugda","7":"product_cat-religija-filosofija-ir-ezoterika","8":"desktop-align-left","9":"tablet-align-left","10":"mobile-align-left","12":"first","13":"instock","14":"shipping-taxable","15":"purchasable","16":"product-type-simple"},"acf":[],"yoast_head":"<!-- This site is optimized with the Yoast SEO plugin v27.4 - https:\/\/yoast.com\/product\/yoast-seo-wordpress\/ -->\n<title>Susanne Hiuhn \u201eKas mums suteikia stipryb\u0117s\u201c - Skaitytaknyga<\/title>\n<meta name=\"description\" content=\"\u0160i\u0105 savait\u0119 v\u0117l patyr\u0117te stres\u0105? V\u0117l paskutinius nervus i\u0161tamp\u0117 vir\u0161ininkas, o jei pats esate vir\u0161ininkas \u2013 j\u016bs\u0173 bendradarbis, mylimoji ar mylimasis \u012fsitrauk\u0117 \u012f begalin\u0119 diskusij\u0105 ir niekaip nesiliauja tauk\u0161ti? Susipykote su mama, gavote nemalon\u0173 lai\u0161k\u0105 i\u0161 mokes\u010di\u0173 inspekcijos, o gal j\u016bs\u0173 atvejis intelektualesnis: kai kas taip ilgai steng\u0117si jums \u012fkalti savo be galo proting\u0105 nuomon\u0119, kad dabar pats sau atrodote kaip tu\u0161\u010dias balionas? Ar kartais nekyla mintis, kad pasaulis siurbia i\u0161 j\u016bs\u0173 energij\u0105, kad kiekvienas \u017emogus, esantis \u0161alia, tampo jus u\u017e skvern\u0173 reikalaudamas j\u016bs\u0173 d\u0117mesio, laiko ir pinig\u0173? Ir dar j\u016bs stebit\u0117s, kad esate visi\u0161kai i\u0161sek\u0119? Ar dar ilgai \u0161itai k\u0119site? I\u0161mokite susigr\u0105\u017einti energij\u0105, nes j\u016bs\u0173 gyvybin\u0117 energija yra dovana, ir niekas neturi teis\u0117s \u012f j\u0105 k\u0117sintis.\" \/>\n<meta name=\"robots\" content=\"index, follow, max-snippet:-1, max-image-preview:large, max-video-preview:-1\" \/>\n<link rel=\"canonical\" href=\"https:\/\/skaitytaknyga.lt\/en\/produktas\/susanne-hiuhn-kas-mums-suteikia-stiprybes\/\" \/>\n<meta property=\"og:locale\" content=\"en_GB\" \/>\n<meta property=\"og:locale:alternate\" content=\"lt_LT\" \/>\n<meta property=\"og:type\" content=\"article\" \/>\n<meta property=\"og:title\" content=\"Susanne Hiuhn \u201eKas mums suteikia stipryb\u0117s\u201c - Skaitytaknyga\" \/>\n<meta property=\"og:description\" content=\"\u0160i\u0105 savait\u0119 v\u0117l patyr\u0117te stres\u0105? V\u0117l paskutinius nervus i\u0161tamp\u0117 vir\u0161ininkas, o jei pats esate vir\u0161ininkas \u2013 j\u016bs\u0173 bendradarbis, mylimoji ar mylimasis \u012fsitrauk\u0117 \u012f begalin\u0119 diskusij\u0105 ir niekaip nesiliauja tauk\u0161ti? Susipykote su mama, gavote nemalon\u0173 lai\u0161k\u0105 i\u0161 mokes\u010di\u0173 inspekcijos, o gal j\u016bs\u0173 atvejis intelektualesnis: kai kas taip ilgai steng\u0117si jums \u012fkalti savo be galo proting\u0105 nuomon\u0119, kad dabar pats sau atrodote kaip tu\u0161\u010dias balionas? Ar kartais nekyla mintis, kad pasaulis siurbia i\u0161 j\u016bs\u0173 energij\u0105, kad kiekvienas \u017emogus, esantis \u0161alia, tampo jus u\u017e skvern\u0173 reikalaudamas j\u016bs\u0173 d\u0117mesio, laiko ir pinig\u0173? Ir dar j\u016bs stebit\u0117s, kad esate visi\u0161kai i\u0161sek\u0119? Ar dar ilgai \u0161itai k\u0119site? I\u0161mokite susigr\u0105\u017einti energij\u0105, nes j\u016bs\u0173 gyvybin\u0117 energija yra dovana, ir niekas neturi teis\u0117s \u012f j\u0105 k\u0117sintis.\" \/>\n<meta property=\"og:url\" content=\"https:\/\/skaitytaknyga.lt\/en\/produktas\/susanne-hiuhn-kas-mums-suteikia-stiprybes\/\" \/>\n<meta property=\"og:site_name\" content=\"Skaitytaknyga\" \/>\n<meta property=\"article:publisher\" content=\"https:\/\/www.facebook.com\/skaitytaknyga\/\" \/>\n<meta property=\"article:modified_time\" content=\"2025-02-02T14:09:41+00:00\" \/>\n<meta property=\"og:image\" content=\"https:\/\/skaitytaknyga.lt\/wp-content\/uploads\/2024\/05\/144842-020.jpg\" \/>\n\t<meta property=\"og:image:width\" content=\"395\" \/>\n\t<meta property=\"og:image:height\" content=\"600\" \/>\n\t<meta property=\"og:image:type\" content=\"image\/jpeg\" \/>\n<meta name=\"twitter:card\" content=\"summary_large_image\" \/>\n<meta name=\"twitter:label1\" content=\"Estimated reading time\" \/>\n\t<meta name=\"twitter:data1\" content=\"1 minute\" \/>\n<script type=\"application\/ld+json\" class=\"yoast-schema-graph\">{\"@context\":\"https:\\\/\\\/schema.org\",\"@graph\":[{\"@type\":\"WebPage\",\"@id\":\"https:\\\/\\\/skaitytaknyga.lt\\\/produktas\\\/susanne-hiuhn-kas-mums-suteikia-stiprybes\\\/\",\"url\":\"https:\\\/\\\/skaitytaknyga.lt\\\/produktas\\\/susanne-hiuhn-kas-mums-suteikia-stiprybes\\\/\",\"name\":\"Susanne Hiuhn \u201eKas mums suteikia stipryb\u0117s\u201c - Skaitytaknyga\",\"isPartOf\":{\"@id\":\"https:\\\/\\\/skaitytaknyga.lt\\\/#website\"},\"primaryImageOfPage\":{\"@id\":\"https:\\\/\\\/skaitytaknyga.lt\\\/produktas\\\/susanne-hiuhn-kas-mums-suteikia-stiprybes\\\/#primaryimage\"},\"image\":{\"@id\":\"https:\\\/\\\/skaitytaknyga.lt\\\/produktas\\\/susanne-hiuhn-kas-mums-suteikia-stiprybes\\\/#primaryimage\"},\"thumbnailUrl\":\"https:\\\/\\\/skaitytaknyga.lt\\\/wp-content\\\/uploads\\\/2024\\\/05\\\/144842-020.jpg\",\"datePublished\":\"2024-05-04T19:11:19+00:00\",\"dateModified\":\"2025-02-02T14:09:41+00:00\",\"description\":\"\u0160i\u0105 savait\u0119 v\u0117l patyr\u0117te stres\u0105? V\u0117l paskutinius nervus i\u0161tamp\u0117 vir\u0161ininkas, o jei pats esate vir\u0161ininkas \u2013 j\u016bs\u0173 bendradarbis, mylimoji ar mylimasis \u012fsitrauk\u0117 \u012f begalin\u0119 diskusij\u0105 ir niekaip nesiliauja tauk\u0161ti? Susipykote su mama, gavote nemalon\u0173 lai\u0161k\u0105 i\u0161 mokes\u010di\u0173 inspekcijos, o gal j\u016bs\u0173 atvejis intelektualesnis: kai kas taip ilgai steng\u0117si jums \u012fkalti savo be galo proting\u0105 nuomon\u0119, kad dabar pats sau atrodote kaip tu\u0161\u010dias balionas? Ar kartais nekyla mintis, kad pasaulis siurbia i\u0161 j\u016bs\u0173 energij\u0105, kad kiekvienas \u017emogus, esantis \u0161alia, tampo jus u\u017e skvern\u0173 reikalaudamas j\u016bs\u0173 d\u0117mesio, laiko ir pinig\u0173? Ir dar j\u016bs stebit\u0117s, kad esate visi\u0161kai i\u0161sek\u0119? Ar dar ilgai \u0161itai k\u0119site? I\u0161mokite susigr\u0105\u017einti energij\u0105, nes j\u016bs\u0173 gyvybin\u0117 energija yra dovana, ir niekas neturi teis\u0117s \u012f j\u0105 k\u0117sintis.\",\"breadcrumb\":{\"@id\":\"https:\\\/\\\/skaitytaknyga.lt\\\/produktas\\\/susanne-hiuhn-kas-mums-suteikia-stiprybes\\\/#breadcrumb\"},\"inLanguage\":\"en-GB\",\"potentialAction\":[{\"@type\":\"ReadAction\",\"target\":[\"https:\\\/\\\/skaitytaknyga.lt\\\/produktas\\\/susanne-hiuhn-kas-mums-suteikia-stiprybes\\\/\"]}]},{\"@type\":\"ImageObject\",\"inLanguage\":\"en-GB\",\"@id\":\"https:\\\/\\\/skaitytaknyga.lt\\\/produktas\\\/susanne-hiuhn-kas-mums-suteikia-stiprybes\\\/#primaryimage\",\"url\":\"https:\\\/\\\/skaitytaknyga.lt\\\/wp-content\\\/uploads\\\/2024\\\/05\\\/144842-020.jpg\",\"contentUrl\":\"https:\\\/\\\/skaitytaknyga.lt\\\/wp-content\\\/uploads\\\/2024\\\/05\\\/144842-020.jpg\",\"width\":395,\"height\":600},{\"@type\":\"BreadcrumbList\",\"@id\":\"https:\\\/\\\/skaitytaknyga.lt\\\/produktas\\\/susanne-hiuhn-kas-mums-suteikia-stiprybes\\\/#breadcrumb\",\"itemListElement\":[{\"@type\":\"ListItem\",\"position\":1,\"name\":\"Home\",\"item\":\"https:\\\/\\\/skaitytaknyga.lt\\\/\"},{\"@type\":\"ListItem\",\"position\":2,\"name\":\"Parduotuv\u0117\",\"item\":\"https:\\\/\\\/skaitytaknyga.lt\\\/knygu-parduotuve\\\/\"},{\"@type\":\"ListItem\",\"position\":3,\"name\":\"Susanne Hiuhn \u201eKas mums suteikia stipryb\u0117s\u201c\"}]},{\"@type\":\"WebSite\",\"@id\":\"https:\\\/\\\/skaitytaknyga.lt\\\/#website\",\"url\":\"https:\\\/\\\/skaitytaknyga.lt\\\/\",\"name\":\"skaitytaknyga.lt\",\"description\":\"Skaitytaknyga.lt \u2013 tai ma\u017eas \u0161eimos verslas, kuris prasid\u0117jo nuo meil\u0117s knygoms ir siekio i\u0161gelb\u0117ti knygas nuo likimo prie konteinerio. Kas vienam nereikalingas daiktas \u2013 kitam lobis, o mes esame tarpininkai, kurie padeda abiems tapti laimingesniems ???? \u017dinome kaip nelengva i\u0161gyventi ma\u017eiems verslams, tad nuo \u0161iol, \u010dia rasite ir kit\u0173, ma\u017e\u0173 \u0161eim\u0173 versl\u0173, rank\u0173 darbo, dovan\u0173 sau ir artimiesiems.\",\"publisher\":{\"@id\":\"https:\\\/\\\/skaitytaknyga.lt\\\/#organization\"},\"potentialAction\":[{\"@type\":\"SearchAction\",\"target\":{\"@type\":\"EntryPoint\",\"urlTemplate\":\"https:\\\/\\\/skaitytaknyga.lt\\\/?s={search_term_string}\"},\"query-input\":{\"@type\":\"PropertyValueSpecification\",\"valueRequired\":true,\"valueName\":\"search_term_string\"}}],\"inLanguage\":\"en-GB\"},{\"@type\":\"Organization\",\"@id\":\"https:\\\/\\\/skaitytaknyga.lt\\\/#organization\",\"name\":\"skaitytaknyga.lt\",\"url\":\"https:\\\/\\\/skaitytaknyga.lt\\\/\",\"logo\":{\"@type\":\"ImageObject\",\"inLanguage\":\"en-GB\",\"@id\":\"https:\\\/\\\/skaitytaknyga.lt\\\/#\\\/schema\\\/logo\\\/image\\\/\",\"url\":\"https:\\\/\\\/skaitytaknyga.lt\\\/wp-content\\\/uploads\\\/2024\\\/05\\\/cropped-cropped-cropped-02_00843_jt3bggkj1j3HLc7SyY6rEUpg.jpeg\",\"contentUrl\":\"https:\\\/\\\/skaitytaknyga.lt\\\/wp-content\\\/uploads\\\/2024\\\/05\\\/cropped-cropped-cropped-02_00843_jt3bggkj1j3HLc7SyY6rEUpg.jpeg\",\"width\":1600,\"height\":1600,\"caption\":\"skaitytaknyga.lt\"},\"image\":{\"@id\":\"https:\\\/\\\/skaitytaknyga.lt\\\/#\\\/schema\\\/logo\\\/image\\\/\"},\"sameAs\":[\"https:\\\/\\\/www.facebook.com\\\/skaitytaknyga\\\/\"]}]}<\/script>\n<!-- \/ Yoast SEO plugin. -->","yoast_head_json":{"title":"Susanne Hiuhn \u201eKas mums suteikia stipryb\u0117s\u201c - Skaitytaknyga","description":"\u0160i\u0105 savait\u0119 v\u0117l patyr\u0117te stres\u0105? V\u0117l paskutinius nervus i\u0161tamp\u0117 vir\u0161ininkas, o jei pats esate vir\u0161ininkas \u2013 j\u016bs\u0173 bendradarbis, mylimoji ar mylimasis \u012fsitrauk\u0117 \u012f begalin\u0119 diskusij\u0105 ir niekaip nesiliauja tauk\u0161ti? Susipykote su mama, gavote nemalon\u0173 lai\u0161k\u0105 i\u0161 mokes\u010di\u0173 inspekcijos, o gal j\u016bs\u0173 atvejis intelektualesnis: kai kas taip ilgai steng\u0117si jums \u012fkalti savo be galo proting\u0105 nuomon\u0119, kad dabar pats sau atrodote kaip tu\u0161\u010dias balionas? Ar kartais nekyla mintis, kad pasaulis siurbia i\u0161 j\u016bs\u0173 energij\u0105, kad kiekvienas \u017emogus, esantis \u0161alia, tampo jus u\u017e skvern\u0173 reikalaudamas j\u016bs\u0173 d\u0117mesio, laiko ir pinig\u0173? Ir dar j\u016bs stebit\u0117s, kad esate visi\u0161kai i\u0161sek\u0119? Ar dar ilgai \u0161itai k\u0119site? I\u0161mokite susigr\u0105\u017einti energij\u0105, nes j\u016bs\u0173 gyvybin\u0117 energija yra dovana, ir niekas neturi teis\u0117s \u012f j\u0105 k\u0117sintis.","robots":{"index":"index","follow":"follow","max-snippet":"max-snippet:-1","max-image-preview":"max-image-preview:large","max-video-preview":"max-video-preview:-1"},"canonical":"https:\/\/skaitytaknyga.lt\/en\/produktas\/susanne-hiuhn-kas-mums-suteikia-stiprybes\/","og_locale":"en_GB","og_type":"article","og_title":"Susanne Hiuhn \u201eKas mums suteikia stipryb\u0117s\u201c - Skaitytaknyga","og_description":"\u0160i\u0105 savait\u0119 v\u0117l patyr\u0117te stres\u0105? V\u0117l paskutinius nervus i\u0161tamp\u0117 vir\u0161ininkas, o jei pats esate vir\u0161ininkas \u2013 j\u016bs\u0173 bendradarbis, mylimoji ar mylimasis \u012fsitrauk\u0117 \u012f begalin\u0119 diskusij\u0105 ir niekaip nesiliauja tauk\u0161ti? Susipykote su mama, gavote nemalon\u0173 lai\u0161k\u0105 i\u0161 mokes\u010di\u0173 inspekcijos, o gal j\u016bs\u0173 atvejis intelektualesnis: kai kas taip ilgai steng\u0117si jums \u012fkalti savo be galo proting\u0105 nuomon\u0119, kad dabar pats sau atrodote kaip tu\u0161\u010dias balionas? Ar kartais nekyla mintis, kad pasaulis siurbia i\u0161 j\u016bs\u0173 energij\u0105, kad kiekvienas \u017emogus, esantis \u0161alia, tampo jus u\u017e skvern\u0173 reikalaudamas j\u016bs\u0173 d\u0117mesio, laiko ir pinig\u0173? Ir dar j\u016bs stebit\u0117s, kad esate visi\u0161kai i\u0161sek\u0119? Ar dar ilgai \u0161itai k\u0119site? I\u0161mokite susigr\u0105\u017einti energij\u0105, nes j\u016bs\u0173 gyvybin\u0117 energija yra dovana, ir niekas neturi teis\u0117s \u012f j\u0105 k\u0117sintis.","og_url":"https:\/\/skaitytaknyga.lt\/en\/produktas\/susanne-hiuhn-kas-mums-suteikia-stiprybes\/","og_site_name":"Skaitytaknyga","article_publisher":"https:\/\/www.facebook.com\/skaitytaknyga\/","article_modified_time":"2025-02-02T14:09:41+00:00","og_image":[{"width":395,"height":600,"url":"https:\/\/skaitytaknyga.lt\/wp-content\/uploads\/2024\/05\/144842-020.jpg","type":"image\/jpeg"}],"twitter_card":"summary_large_image","twitter_misc":{"Estimated reading time":"1 minute"},"schema":{"@context":"https:\/\/schema.org","@graph":[{"@type":"WebPage","@id":"https:\/\/skaitytaknyga.lt\/produktas\/susanne-hiuhn-kas-mums-suteikia-stiprybes\/","url":"https:\/\/skaitytaknyga.lt\/produktas\/susanne-hiuhn-kas-mums-suteikia-stiprybes\/","name":"Susanne Hiuhn \u201eKas mums suteikia stipryb\u0117s\u201c - Skaitytaknyga","isPartOf":{"@id":"https:\/\/skaitytaknyga.lt\/#website"},"primaryImageOfPage":{"@id":"https:\/\/skaitytaknyga.lt\/produktas\/susanne-hiuhn-kas-mums-suteikia-stiprybes\/#primaryimage"},"image":{"@id":"https:\/\/skaitytaknyga.lt\/produktas\/susanne-hiuhn-kas-mums-suteikia-stiprybes\/#primaryimage"},"thumbnailUrl":"https:\/\/skaitytaknyga.lt\/wp-content\/uploads\/2024\/05\/144842-020.jpg","datePublished":"2024-05-04T19:11:19+00:00","dateModified":"2025-02-02T14:09:41+00:00","description":"\u0160i\u0105 savait\u0119 v\u0117l patyr\u0117te stres\u0105? V\u0117l paskutinius nervus i\u0161tamp\u0117 vir\u0161ininkas, o jei pats esate vir\u0161ininkas \u2013 j\u016bs\u0173 bendradarbis, mylimoji ar mylimasis \u012fsitrauk\u0117 \u012f begalin\u0119 diskusij\u0105 ir niekaip nesiliauja tauk\u0161ti? Susipykote su mama, gavote nemalon\u0173 lai\u0161k\u0105 i\u0161 mokes\u010di\u0173 inspekcijos, o gal j\u016bs\u0173 atvejis intelektualesnis: kai kas taip ilgai steng\u0117si jums \u012fkalti savo be galo proting\u0105 nuomon\u0119, kad dabar pats sau atrodote kaip tu\u0161\u010dias balionas? Ar kartais nekyla mintis, kad pasaulis siurbia i\u0161 j\u016bs\u0173 energij\u0105, kad kiekvienas \u017emogus, esantis \u0161alia, tampo jus u\u017e skvern\u0173 reikalaudamas j\u016bs\u0173 d\u0117mesio, laiko ir pinig\u0173? Ir dar j\u016bs stebit\u0117s, kad esate visi\u0161kai i\u0161sek\u0119? Ar dar ilgai \u0161itai k\u0119site? I\u0161mokite susigr\u0105\u017einti energij\u0105, nes j\u016bs\u0173 gyvybin\u0117 energija yra dovana, ir niekas neturi teis\u0117s \u012f j\u0105 k\u0117sintis.","breadcrumb":{"@id":"https:\/\/skaitytaknyga.lt\/produktas\/susanne-hiuhn-kas-mums-suteikia-stiprybes\/#breadcrumb"},"inLanguage":"en-GB","potentialAction":[{"@type":"ReadAction","target":["https:\/\/skaitytaknyga.lt\/produktas\/susanne-hiuhn-kas-mums-suteikia-stiprybes\/"]}]},{"@type":"ImageObject","inLanguage":"en-GB","@id":"https:\/\/skaitytaknyga.lt\/produktas\/susanne-hiuhn-kas-mums-suteikia-stiprybes\/#primaryimage","url":"https:\/\/skaitytaknyga.lt\/wp-content\/uploads\/2024\/05\/144842-020.jpg","contentUrl":"https:\/\/skaitytaknyga.lt\/wp-content\/uploads\/2024\/05\/144842-020.jpg","width":395,"height":600},{"@type":"BreadcrumbList","@id":"https:\/\/skaitytaknyga.lt\/produktas\/susanne-hiuhn-kas-mums-suteikia-stiprybes\/#breadcrumb","itemListElement":[{"@type":"ListItem","position":1,"name":"Home","item":"https:\/\/skaitytaknyga.lt\/"},{"@type":"ListItem","position":2,"name":"Parduotuv\u0117","item":"https:\/\/skaitytaknyga.lt\/knygu-parduotuve\/"},{"@type":"ListItem","position":3,"name":"Susanne Hiuhn \u201eKas mums suteikia stipryb\u0117s\u201c"}]},{"@type":"WebSite","@id":"https:\/\/skaitytaknyga.lt\/#website","url":"https:\/\/skaitytaknyga.lt\/","name":"skaitytaknyga.lt","description":"Skaitytaknyga.lt \u2013 tai ma\u017eas \u0161eimos verslas, kuris prasid\u0117jo nuo meil\u0117s knygoms ir siekio i\u0161gelb\u0117ti knygas nuo likimo prie konteinerio. Kas vienam nereikalingas daiktas \u2013 kitam lobis, o mes esame tarpininkai, kurie padeda abiems tapti laimingesniems ???? \u017dinome kaip nelengva i\u0161gyventi ma\u017eiems verslams, tad nuo \u0161iol, \u010dia rasite ir kit\u0173, ma\u017e\u0173 \u0161eim\u0173 versl\u0173, rank\u0173 darbo, dovan\u0173 sau ir artimiesiems.","publisher":{"@id":"https:\/\/skaitytaknyga.lt\/#organization"},"potentialAction":[{"@type":"SearchAction","target":{"@type":"EntryPoint","urlTemplate":"https:\/\/skaitytaknyga.lt\/?s={search_term_string}"},"query-input":{"@type":"PropertyValueSpecification","valueRequired":true,"valueName":"search_term_string"}}],"inLanguage":"en-GB"},{"@type":"Organization","@id":"https:\/\/skaitytaknyga.lt\/#organization","name":"skaitytaknyga.lt","url":"https:\/\/skaitytaknyga.lt\/","logo":{"@type":"ImageObject","inLanguage":"en-GB","@id":"https:\/\/skaitytaknyga.lt\/#\/schema\/logo\/image\/","url":"https:\/\/skaitytaknyga.lt\/wp-content\/uploads\/2024\/05\/cropped-cropped-cropped-02_00843_jt3bggkj1j3HLc7SyY6rEUpg.jpeg","contentUrl":"https:\/\/skaitytaknyga.lt\/wp-content\/uploads\/2024\/05\/cropped-cropped-cropped-02_00843_jt3bggkj1j3HLc7SyY6rEUpg.jpeg","width":1600,"height":1600,"caption":"skaitytaknyga.lt"},"image":{"@id":"https:\/\/skaitytaknyga.lt\/#\/schema\/logo\/image\/"},"sameAs":["https:\/\/www.facebook.com\/skaitytaknyga\/"]}]}},"_links":{"self":[{"href":"https:\/\/skaitytaknyga.lt\/en\/wp-json\/wp\/v2\/product\/10690","targetHints":{"allow":["GET"]}}],"collection":[{"href":"https:\/\/skaitytaknyga.lt\/en\/wp-json\/wp\/v2\/product"}],"about":[{"href":"https:\/\/skaitytaknyga.lt\/en\/wp-json\/wp\/v2\/types\/product"}],"replies":[{"embeddable":true,"href":"https:\/\/skaitytaknyga.lt\/en\/wp-json\/wp\/v2\/comments?post=10690"}],"wp:featuredmedia":[{"embeddable":true,"href":"https:\/\/skaitytaknyga.lt\/en\/wp-json\/wp\/v2\/media\/10723"}],"wp:attachment":[{"href":"https:\/\/skaitytaknyga.lt\/en\/wp-json\/wp\/v2\/media?parent=10690"}],"wp:term":[{"taxonomy":"product_brand","embeddable":true,"href":"https:\/\/skaitytaknyga.lt\/en\/wp-json\/wp\/v2\/product_brand?post=10690"},{"taxonomy":"product_cat","embeddable":true,"href":"https:\/\/skaitytaknyga.lt\/en\/wp-json\/wp\/v2\/product_cat?post=10690"},{"taxonomy":"product_tag","embeddable":true,"href":"https:\/\/skaitytaknyga.lt\/en\/wp-json\/wp\/v2\/product_tag?post=10690"}],"curies":[{"name":"wp","href":"https:\/\/api.w.org\/{rel}","templated":true}]}}