{"id":10689,"date":"2024-05-04T19:11:19","date_gmt":"2024-05-04T19:11:19","guid":{"rendered":"https:\/\/skaitytaknyga.lt\/?post_type=product&#038;p=10689"},"modified":"2024-10-31T16:32:00","modified_gmt":"2024-10-31T14:32:00","slug":"jonas-markunas-zmogaus-gyvenimo-nesekmiu-bei-susirgimu-priezastys-ir-galimybes-ju-isvengti","status":"publish","type":"product","link":"https:\/\/skaitytaknyga.lt\/en\/produktas\/jonas-markunas-zmogaus-gyvenimo-nesekmiu-bei-susirgimu-priezastys-ir-galimybes-ju-isvengti\/","title":{"rendered":"Jonas Mark\u016bnas \u201e\u017dmogaus gyvenimo nes\u0117kmi\u0173 bei susirgim\u0173 prie\u017eastys ir galimyb\u0117s j\u0173 i\u0161vengti\u201c"},"content":{"rendered":"<p>Knygoje autorius apra\u0161o unikalius savo praktini\u0173 steb\u0117jim\u0173 rezultatus ir susistemintas i\u0161vadas, gautas, padedant \u017emon\u0117ms, j\u0173 vaikams bei tolimesniems palikuonims pasvekti nuo dvasini\u0173 ir fizinio k\u016bno lig\u0173. Per savo fiziologines, ai\u0161kiagirdyst\u0117s galimybes jis atskleid\u017eia toki\u0173 faktori\u0173, kaip sukaupto pyk\u010dio, neapykantos, nuoskaud\u0173, nusivylim\u0173 ir pan. agresyvi\u0173 emocij\u0173, kar\u0173, abort\u0173 ir kitoki\u0173 \u017eudyni\u0173 naikinant\u012f poveik\u012f sveikatai. Parodoma Krik\u0161to, nuod\u0117m\u0117s, atgailos, maldos ir dvasin\u0117s ramyb\u0117s praktin\u0117 vert\u0117 ir ypatinga reik\u0161m\u0117 \u017emogaus sveikatai. Knygoje analizuojamos nesveik\u0173 vaik\u0173 gimimo, nes\u0117kmingo verslo, bedarbyst\u0117s, pasmerkto likimo ir kit\u0173 gyvenimo negand\u0173 pagrindin\u0117s prie\u017eastys, galimyb\u0117s j\u0173 i\u0161vengti bei jas panaikinti. Pateikti pavyzd\u017eiai &#8211; tikros istorijos, kurios rodo metodo veiksmingum\u0105 ir i\u0161vad\u0173 vientisum\u0105. Skiriama pla\u010diam skaitytoj\u0173 ratui.<\/p>\n","protected":false},"excerpt":{"rendered":"<p>Knygoje autorius apra\u0161o unikalius savo praktini\u0173 steb\u0117jim\u0173 rezultatus ir susistemintas i\u0161vadas, gautas, padedant \u017emon\u0117ms, j\u0173 vaikams bei tolimesniems palikuonims pasvekti nuo dvasini\u0173 ir fizinio k\u016bno lig\u0173. Per savo fiziologines, ai\u0161kiagirdyst\u0117s galimybes jis atskleid\u017eia toki\u0173 faktori\u0173, kaip sukaupto pyk\u010dio, neapykantos, nuoskaud\u0173, nusivylim\u0173 ir pan. agresyvi\u0173 emocij\u0173, kar\u0173, abort\u0173 ir kitoki\u0173 \u017eudyni\u0173 naikinant\u012f poveik\u012f sveikatai. Parodoma Krik\u0161to, nuod\u0117m\u0117s, atgailos, maldos ir dvasin\u0117s ramyb\u0117s praktin\u0117 vert\u0117 ir ypatinga reik\u0161m\u0117 \u017emogaus sveikatai. Knygoje analizuojamos nesveik\u0173 vaik\u0173 gimimo, nes\u0117kmingo verslo, bedarbyst\u0117s, pasmerkto likimo ir kit\u0173 gyvenimo negand\u0173 pagrindin\u0117s prie\u017eastys, galimyb\u0117s j\u0173 i\u0161vengti bei jas panaikinti. Pateikti pavyzd\u017eiai &#8211; tikros istorijos, kurios rodo metodo veiksmingum\u0105 ir i\u0161vad\u0173 vientisum\u0105. Skiriama pla\u010diam skaitytoj\u0173 ratui.<\/p>\n","protected":false},"featured_media":10722,"comment_status":"closed","ping_status":"closed","template":"","meta":{"_acf_changed":false,"site-sidebar-layout":"default","site-content-layout":"","ast-site-content-layout":"default","site-content-style":"default","site-sidebar-style":"default","ast-global-header-display":"","ast-banner-title-visibility":"","ast-main-header-display":"","ast-hfb-above-header-display":"","ast-hfb-below-header-display":"","ast-hfb-mobile-header-display":"","site-post-title":"","ast-breadcrumbs-content":"","ast-featured-img":"","footer-sml-layout":"","ast-disable-related-posts":"","theme-transparent-header-meta":"","adv-header-id-meta":"","stick-header-meta":"","header-above-stick-meta":"","header-main-stick-meta":"","header-below-stick-meta":"","astra-migrate-meta-layouts":"default","ast-page-background-enabled":"default","ast-page-background-meta":{"desktop":{"background-color":"","background-image":"","background-repeat":"repeat","background-position":"center center","background-size":"auto","background-attachment":"scroll","background-type":"","background-media":"","overlay-type":"","overlay-color":"","overlay-opacity":"","overlay-gradient":""},"tablet":{"background-color":"","background-image":"","background-repeat":"repeat","background-position":"center center","background-size":"auto","background-attachment":"scroll","background-type":"","background-media":"","overlay-type":"","overlay-color":"","overlay-opacity":"","overlay-gradient":""},"mobile":{"background-color":"","background-image":"","background-repeat":"repeat","background-position":"center center","background-size":"auto","background-attachment":"scroll","background-type":"","background-media":"","overlay-type":"","overlay-color":"","overlay-opacity":"","overlay-gradient":""}},"ast-content-background-meta":{"desktop":{"background-color":"var(--ast-global-color-4)","background-image":"","background-repeat":"repeat","background-position":"center center","background-size":"auto","background-attachment":"scroll","background-type":"","background-media":"","overlay-type":"","overlay-color":"","overlay-opacity":"","overlay-gradient":""},"tablet":{"background-color":"var(--ast-global-color-4)","background-image":"","background-repeat":"repeat","background-position":"center center","background-size":"auto","background-attachment":"scroll","background-type":"","background-media":"","overlay-type":"","overlay-color":"","overlay-opacity":"","overlay-gradient":""},"mobile":{"background-color":"var(--ast-global-color-4)","background-image":"","background-repeat":"repeat","background-position":"center center","background-size":"auto","background-attachment":"scroll","background-type":"","background-media":"","overlay-type":"","overlay-color":"","overlay-opacity":"","overlay-gradient":""}}},"product_brand":[],"product_cat":[30,55],"product_tag":[],"class_list":{"0":"post-10689","1":"product","2":"type-product","3":"status-publish","4":"has-post-thumbnail","6":"product_cat-psichologija-ir-saviugda","7":"product_cat-sveikata-ir-sveika-mityba","8":"desktop-align-left","9":"tablet-align-left","10":"mobile-align-left","12":"first","13":"instock","14":"shipping-taxable","15":"purchasable","16":"product-type-simple"},"acf":[],"yoast_head":"<!-- This site is optimized with the Yoast SEO plugin v27.4 - https:\/\/yoast.com\/product\/yoast-seo-wordpress\/ -->\n<title>Jonas Mark\u016bnas \u201e\u017dmogaus gyvenimo nes\u0117kmi\u0173 bei susirgim\u0173 prie\u017eastys ir galimyb\u0117s j\u0173 i\u0161vengti\u201c - Skaitytaknyga<\/title>\n<meta name=\"description\" content=\"Knygoje autorius apra\u0161o unikalius savo praktini\u0173 steb\u0117jim\u0173 rezultatus ir susistemintas i\u0161vadas, gautas, padedant \u017emon\u0117ms, j\u0173 vaikams bei tolimesniems palikuonims pasvekti nuo dvasini\u0173 ir fizinio k\u016bno lig\u0173. Per savo fiziologines, ai\u0161kiagirdyst\u0117s galimybes jis atskleid\u017eia toki\u0173 faktori\u0173, kaip sukaupto pyk\u010dio, neapykantos, nuoskaud\u0173, nusivylim\u0173 ir pan. agresyvi\u0173 emocij\u0173, kar\u0173, abort\u0173 ir kitoki\u0173 \u017eudyni\u0173 naikinant\u012f poveik\u012f sveikatai. Parodoma Krik\u0161to, nuod\u0117m\u0117s, atgailos, maldos ir dvasin\u0117s ramyb\u0117s praktin\u0117 vert\u0117 ir ypatinga reik\u0161m\u0117 \u017emogaus sveikatai. Knygoje analizuojamos nesveik\u0173 vaik\u0173 gimimo, nes\u0117kmingo verslo, bedarbyst\u0117s, pasmerkto likimo ir kit\u0173 gyvenimo negand\u0173 pagrindin\u0117s prie\u017eastys, galimyb\u0117s j\u0173 i\u0161vengti bei jas panaikinti. Pateikti pavyzd\u017eiai - tikros istorijos, kurios rodo metodo veiksmingum\u0105 ir i\u0161vad\u0173 vientisum\u0105. Skiriama pla\u010diam skaitytoj\u0173 ratui.\" \/>\n<meta name=\"robots\" content=\"index, follow, max-snippet:-1, max-image-preview:large, max-video-preview:-1\" \/>\n<link rel=\"canonical\" href=\"https:\/\/skaitytaknyga.lt\/en\/produktas\/jonas-markunas-zmogaus-gyvenimo-nesekmiu-bei-susirgimu-priezastys-ir-galimybes-ju-isvengti\/\" \/>\n<meta property=\"og:locale\" content=\"en_GB\" \/>\n<meta property=\"og:locale:alternate\" content=\"lt_LT\" \/>\n<meta property=\"og:type\" content=\"article\" \/>\n<meta property=\"og:title\" content=\"Jonas Mark\u016bnas \u201e\u017dmogaus gyvenimo nes\u0117kmi\u0173 bei susirgim\u0173 prie\u017eastys ir galimyb\u0117s j\u0173 i\u0161vengti\u201c - Skaitytaknyga\" \/>\n<meta property=\"og:description\" content=\"Knygoje autorius apra\u0161o unikalius savo praktini\u0173 steb\u0117jim\u0173 rezultatus ir susistemintas i\u0161vadas, gautas, padedant \u017emon\u0117ms, j\u0173 vaikams bei tolimesniems palikuonims pasvekti nuo dvasini\u0173 ir fizinio k\u016bno lig\u0173. Per savo fiziologines, ai\u0161kiagirdyst\u0117s galimybes jis atskleid\u017eia toki\u0173 faktori\u0173, kaip sukaupto pyk\u010dio, neapykantos, nuoskaud\u0173, nusivylim\u0173 ir pan. agresyvi\u0173 emocij\u0173, kar\u0173, abort\u0173 ir kitoki\u0173 \u017eudyni\u0173 naikinant\u012f poveik\u012f sveikatai. Parodoma Krik\u0161to, nuod\u0117m\u0117s, atgailos, maldos ir dvasin\u0117s ramyb\u0117s praktin\u0117 vert\u0117 ir ypatinga reik\u0161m\u0117 \u017emogaus sveikatai. Knygoje analizuojamos nesveik\u0173 vaik\u0173 gimimo, nes\u0117kmingo verslo, bedarbyst\u0117s, pasmerkto likimo ir kit\u0173 gyvenimo negand\u0173 pagrindin\u0117s prie\u017eastys, galimyb\u0117s j\u0173 i\u0161vengti bei jas panaikinti. Pateikti pavyzd\u017eiai - tikros istorijos, kurios rodo metodo veiksmingum\u0105 ir i\u0161vad\u0173 vientisum\u0105. Skiriama pla\u010diam skaitytoj\u0173 ratui.\" \/>\n<meta property=\"og:url\" content=\"https:\/\/skaitytaknyga.lt\/en\/produktas\/jonas-markunas-zmogaus-gyvenimo-nesekmiu-bei-susirgimu-priezastys-ir-galimybes-ju-isvengti\/\" \/>\n<meta property=\"og:site_name\" content=\"Skaitytaknyga\" \/>\n<meta property=\"article:publisher\" content=\"https:\/\/www.facebook.com\/skaitytaknyga\/\" \/>\n<meta property=\"article:modified_time\" content=\"2024-10-31T14:32:00+00:00\" \/>\n<meta property=\"og:image\" content=\"https:\/\/skaitytaknyga.lt\/wp-content\/uploads\/2024\/05\/zmogaus-gyvenimo-nesekmio-bei-susirgimo-priezastys-ir-galimybes-jo-isvengti.jpg\" \/>\n\t<meta property=\"og:image:width\" content=\"571\" \/>\n\t<meta property=\"og:image:height\" content=\"800\" \/>\n\t<meta property=\"og:image:type\" content=\"image\/jpeg\" \/>\n<meta name=\"twitter:card\" content=\"summary_large_image\" \/>\n<meta name=\"twitter:label1\" content=\"Estimated reading time\" \/>\n\t<meta name=\"twitter:data1\" content=\"1 minute\" \/>\n<script type=\"application\/ld+json\" class=\"yoast-schema-graph\">{\"@context\":\"https:\\\/\\\/schema.org\",\"@graph\":[{\"@type\":\"WebPage\",\"@id\":\"https:\\\/\\\/skaitytaknyga.lt\\\/produktas\\\/jonas-markunas-zmogaus-gyvenimo-nesekmiu-bei-susirgimu-priezastys-ir-galimybes-ju-isvengti\\\/\",\"url\":\"https:\\\/\\\/skaitytaknyga.lt\\\/produktas\\\/jonas-markunas-zmogaus-gyvenimo-nesekmiu-bei-susirgimu-priezastys-ir-galimybes-ju-isvengti\\\/\",\"name\":\"Jonas Mark\u016bnas \u201e\u017dmogaus gyvenimo nes\u0117kmi\u0173 bei susirgim\u0173 prie\u017eastys ir galimyb\u0117s j\u0173 i\u0161vengti\u201c - Skaitytaknyga\",\"isPartOf\":{\"@id\":\"https:\\\/\\\/skaitytaknyga.lt\\\/#website\"},\"primaryImageOfPage\":{\"@id\":\"https:\\\/\\\/skaitytaknyga.lt\\\/produktas\\\/jonas-markunas-zmogaus-gyvenimo-nesekmiu-bei-susirgimu-priezastys-ir-galimybes-ju-isvengti\\\/#primaryimage\"},\"image\":{\"@id\":\"https:\\\/\\\/skaitytaknyga.lt\\\/produktas\\\/jonas-markunas-zmogaus-gyvenimo-nesekmiu-bei-susirgimu-priezastys-ir-galimybes-ju-isvengti\\\/#primaryimage\"},\"thumbnailUrl\":\"https:\\\/\\\/skaitytaknyga.lt\\\/wp-content\\\/uploads\\\/2024\\\/05\\\/zmogaus-gyvenimo-nesekmio-bei-susirgimo-priezastys-ir-galimybes-jo-isvengti.jpg\",\"datePublished\":\"2024-05-04T19:11:19+00:00\",\"dateModified\":\"2024-10-31T14:32:00+00:00\",\"description\":\"Knygoje autorius apra\u0161o unikalius savo praktini\u0173 steb\u0117jim\u0173 rezultatus ir susistemintas i\u0161vadas, gautas, padedant \u017emon\u0117ms, j\u0173 vaikams bei tolimesniems palikuonims pasvekti nuo dvasini\u0173 ir fizinio k\u016bno lig\u0173. Per savo fiziologines, ai\u0161kiagirdyst\u0117s galimybes jis atskleid\u017eia toki\u0173 faktori\u0173, kaip sukaupto pyk\u010dio, neapykantos, nuoskaud\u0173, nusivylim\u0173 ir pan. agresyvi\u0173 emocij\u0173, kar\u0173, abort\u0173 ir kitoki\u0173 \u017eudyni\u0173 naikinant\u012f poveik\u012f sveikatai. Parodoma Krik\u0161to, nuod\u0117m\u0117s, atgailos, maldos ir dvasin\u0117s ramyb\u0117s praktin\u0117 vert\u0117 ir ypatinga reik\u0161m\u0117 \u017emogaus sveikatai. Knygoje analizuojamos nesveik\u0173 vaik\u0173 gimimo, nes\u0117kmingo verslo, bedarbyst\u0117s, pasmerkto likimo ir kit\u0173 gyvenimo negand\u0173 pagrindin\u0117s prie\u017eastys, galimyb\u0117s j\u0173 i\u0161vengti bei jas panaikinti. Pateikti pavyzd\u017eiai - tikros istorijos, kurios rodo metodo veiksmingum\u0105 ir i\u0161vad\u0173 vientisum\u0105. Skiriama pla\u010diam skaitytoj\u0173 ratui.\",\"breadcrumb\":{\"@id\":\"https:\\\/\\\/skaitytaknyga.lt\\\/produktas\\\/jonas-markunas-zmogaus-gyvenimo-nesekmiu-bei-susirgimu-priezastys-ir-galimybes-ju-isvengti\\\/#breadcrumb\"},\"inLanguage\":\"en-GB\",\"potentialAction\":[{\"@type\":\"ReadAction\",\"target\":[\"https:\\\/\\\/skaitytaknyga.lt\\\/produktas\\\/jonas-markunas-zmogaus-gyvenimo-nesekmiu-bei-susirgimu-priezastys-ir-galimybes-ju-isvengti\\\/\"]}]},{\"@type\":\"ImageObject\",\"inLanguage\":\"en-GB\",\"@id\":\"https:\\\/\\\/skaitytaknyga.lt\\\/produktas\\\/jonas-markunas-zmogaus-gyvenimo-nesekmiu-bei-susirgimu-priezastys-ir-galimybes-ju-isvengti\\\/#primaryimage\",\"url\":\"https:\\\/\\\/skaitytaknyga.lt\\\/wp-content\\\/uploads\\\/2024\\\/05\\\/zmogaus-gyvenimo-nesekmio-bei-susirgimo-priezastys-ir-galimybes-jo-isvengti.jpg\",\"contentUrl\":\"https:\\\/\\\/skaitytaknyga.lt\\\/wp-content\\\/uploads\\\/2024\\\/05\\\/zmogaus-gyvenimo-nesekmio-bei-susirgimo-priezastys-ir-galimybes-jo-isvengti.jpg\",\"width\":571,\"height\":800},{\"@type\":\"BreadcrumbList\",\"@id\":\"https:\\\/\\\/skaitytaknyga.lt\\\/produktas\\\/jonas-markunas-zmogaus-gyvenimo-nesekmiu-bei-susirgimu-priezastys-ir-galimybes-ju-isvengti\\\/#breadcrumb\",\"itemListElement\":[{\"@type\":\"ListItem\",\"position\":1,\"name\":\"Home\",\"item\":\"https:\\\/\\\/skaitytaknyga.lt\\\/\"},{\"@type\":\"ListItem\",\"position\":2,\"name\":\"Parduotuv\u0117\",\"item\":\"https:\\\/\\\/skaitytaknyga.lt\\\/knygu-parduotuve\\\/\"},{\"@type\":\"ListItem\",\"position\":3,\"name\":\"Jonas Mark\u016bnas \u201e\u017dmogaus gyvenimo nes\u0117kmi\u0173 bei susirgim\u0173 prie\u017eastys ir galimyb\u0117s j\u0173 i\u0161vengti\u201c\"}]},{\"@type\":\"WebSite\",\"@id\":\"https:\\\/\\\/skaitytaknyga.lt\\\/#website\",\"url\":\"https:\\\/\\\/skaitytaknyga.lt\\\/\",\"name\":\"skaitytaknyga.lt\",\"description\":\"Skaitytaknyga.lt \u2013 tai ma\u017eas \u0161eimos verslas, kuris prasid\u0117jo nuo meil\u0117s knygoms ir siekio i\u0161gelb\u0117ti knygas nuo likimo prie konteinerio. Kas vienam nereikalingas daiktas \u2013 kitam lobis, o mes esame tarpininkai, kurie padeda abiems tapti laimingesniems ???? \u017dinome kaip nelengva i\u0161gyventi ma\u017eiems verslams, tad nuo \u0161iol, \u010dia rasite ir kit\u0173, ma\u017e\u0173 \u0161eim\u0173 versl\u0173, rank\u0173 darbo, dovan\u0173 sau ir artimiesiems.\",\"publisher\":{\"@id\":\"https:\\\/\\\/skaitytaknyga.lt\\\/#organization\"},\"potentialAction\":[{\"@type\":\"SearchAction\",\"target\":{\"@type\":\"EntryPoint\",\"urlTemplate\":\"https:\\\/\\\/skaitytaknyga.lt\\\/?s={search_term_string}\"},\"query-input\":{\"@type\":\"PropertyValueSpecification\",\"valueRequired\":true,\"valueName\":\"search_term_string\"}}],\"inLanguage\":\"en-GB\"},{\"@type\":\"Organization\",\"@id\":\"https:\\\/\\\/skaitytaknyga.lt\\\/#organization\",\"name\":\"skaitytaknyga.lt\",\"url\":\"https:\\\/\\\/skaitytaknyga.lt\\\/\",\"logo\":{\"@type\":\"ImageObject\",\"inLanguage\":\"en-GB\",\"@id\":\"https:\\\/\\\/skaitytaknyga.lt\\\/#\\\/schema\\\/logo\\\/image\\\/\",\"url\":\"https:\\\/\\\/skaitytaknyga.lt\\\/wp-content\\\/uploads\\\/2024\\\/05\\\/cropped-cropped-cropped-02_00843_jt3bggkj1j3HLc7SyY6rEUpg.jpeg\",\"contentUrl\":\"https:\\\/\\\/skaitytaknyga.lt\\\/wp-content\\\/uploads\\\/2024\\\/05\\\/cropped-cropped-cropped-02_00843_jt3bggkj1j3HLc7SyY6rEUpg.jpeg\",\"width\":1600,\"height\":1600,\"caption\":\"skaitytaknyga.lt\"},\"image\":{\"@id\":\"https:\\\/\\\/skaitytaknyga.lt\\\/#\\\/schema\\\/logo\\\/image\\\/\"},\"sameAs\":[\"https:\\\/\\\/www.facebook.com\\\/skaitytaknyga\\\/\"]}]}<\/script>\n<!-- \/ Yoast SEO plugin. -->","yoast_head_json":{"title":"Jonas Mark\u016bnas \u201e\u017dmogaus gyvenimo nes\u0117kmi\u0173 bei susirgim\u0173 prie\u017eastys ir galimyb\u0117s j\u0173 i\u0161vengti\u201c - Skaitytaknyga","description":"Knygoje autorius apra\u0161o unikalius savo praktini\u0173 steb\u0117jim\u0173 rezultatus ir susistemintas i\u0161vadas, gautas, padedant \u017emon\u0117ms, j\u0173 vaikams bei tolimesniems palikuonims pasvekti nuo dvasini\u0173 ir fizinio k\u016bno lig\u0173. Per savo fiziologines, ai\u0161kiagirdyst\u0117s galimybes jis atskleid\u017eia toki\u0173 faktori\u0173, kaip sukaupto pyk\u010dio, neapykantos, nuoskaud\u0173, nusivylim\u0173 ir pan. agresyvi\u0173 emocij\u0173, kar\u0173, abort\u0173 ir kitoki\u0173 \u017eudyni\u0173 naikinant\u012f poveik\u012f sveikatai. Parodoma Krik\u0161to, nuod\u0117m\u0117s, atgailos, maldos ir dvasin\u0117s ramyb\u0117s praktin\u0117 vert\u0117 ir ypatinga reik\u0161m\u0117 \u017emogaus sveikatai. Knygoje analizuojamos nesveik\u0173 vaik\u0173 gimimo, nes\u0117kmingo verslo, bedarbyst\u0117s, pasmerkto likimo ir kit\u0173 gyvenimo negand\u0173 pagrindin\u0117s prie\u017eastys, galimyb\u0117s j\u0173 i\u0161vengti bei jas panaikinti. Pateikti pavyzd\u017eiai - tikros istorijos, kurios rodo metodo veiksmingum\u0105 ir i\u0161vad\u0173 vientisum\u0105. Skiriama pla\u010diam skaitytoj\u0173 ratui.","robots":{"index":"index","follow":"follow","max-snippet":"max-snippet:-1","max-image-preview":"max-image-preview:large","max-video-preview":"max-video-preview:-1"},"canonical":"https:\/\/skaitytaknyga.lt\/en\/produktas\/jonas-markunas-zmogaus-gyvenimo-nesekmiu-bei-susirgimu-priezastys-ir-galimybes-ju-isvengti\/","og_locale":"en_GB","og_type":"article","og_title":"Jonas Mark\u016bnas \u201e\u017dmogaus gyvenimo nes\u0117kmi\u0173 bei susirgim\u0173 prie\u017eastys ir galimyb\u0117s j\u0173 i\u0161vengti\u201c - Skaitytaknyga","og_description":"Knygoje autorius apra\u0161o unikalius savo praktini\u0173 steb\u0117jim\u0173 rezultatus ir susistemintas i\u0161vadas, gautas, padedant \u017emon\u0117ms, j\u0173 vaikams bei tolimesniems palikuonims pasvekti nuo dvasini\u0173 ir fizinio k\u016bno lig\u0173. Per savo fiziologines, ai\u0161kiagirdyst\u0117s galimybes jis atskleid\u017eia toki\u0173 faktori\u0173, kaip sukaupto pyk\u010dio, neapykantos, nuoskaud\u0173, nusivylim\u0173 ir pan. agresyvi\u0173 emocij\u0173, kar\u0173, abort\u0173 ir kitoki\u0173 \u017eudyni\u0173 naikinant\u012f poveik\u012f sveikatai. Parodoma Krik\u0161to, nuod\u0117m\u0117s, atgailos, maldos ir dvasin\u0117s ramyb\u0117s praktin\u0117 vert\u0117 ir ypatinga reik\u0161m\u0117 \u017emogaus sveikatai. Knygoje analizuojamos nesveik\u0173 vaik\u0173 gimimo, nes\u0117kmingo verslo, bedarbyst\u0117s, pasmerkto likimo ir kit\u0173 gyvenimo negand\u0173 pagrindin\u0117s prie\u017eastys, galimyb\u0117s j\u0173 i\u0161vengti bei jas panaikinti. Pateikti pavyzd\u017eiai - tikros istorijos, kurios rodo metodo veiksmingum\u0105 ir i\u0161vad\u0173 vientisum\u0105. Skiriama pla\u010diam skaitytoj\u0173 ratui.","og_url":"https:\/\/skaitytaknyga.lt\/en\/produktas\/jonas-markunas-zmogaus-gyvenimo-nesekmiu-bei-susirgimu-priezastys-ir-galimybes-ju-isvengti\/","og_site_name":"Skaitytaknyga","article_publisher":"https:\/\/www.facebook.com\/skaitytaknyga\/","article_modified_time":"2024-10-31T14:32:00+00:00","og_image":[{"width":571,"height":800,"url":"https:\/\/skaitytaknyga.lt\/wp-content\/uploads\/2024\/05\/zmogaus-gyvenimo-nesekmio-bei-susirgimo-priezastys-ir-galimybes-jo-isvengti.jpg","type":"image\/jpeg"}],"twitter_card":"summary_large_image","twitter_misc":{"Estimated reading time":"1 minute"},"schema":{"@context":"https:\/\/schema.org","@graph":[{"@type":"WebPage","@id":"https:\/\/skaitytaknyga.lt\/produktas\/jonas-markunas-zmogaus-gyvenimo-nesekmiu-bei-susirgimu-priezastys-ir-galimybes-ju-isvengti\/","url":"https:\/\/skaitytaknyga.lt\/produktas\/jonas-markunas-zmogaus-gyvenimo-nesekmiu-bei-susirgimu-priezastys-ir-galimybes-ju-isvengti\/","name":"Jonas Mark\u016bnas \u201e\u017dmogaus gyvenimo nes\u0117kmi\u0173 bei susirgim\u0173 prie\u017eastys ir galimyb\u0117s j\u0173 i\u0161vengti\u201c - Skaitytaknyga","isPartOf":{"@id":"https:\/\/skaitytaknyga.lt\/#website"},"primaryImageOfPage":{"@id":"https:\/\/skaitytaknyga.lt\/produktas\/jonas-markunas-zmogaus-gyvenimo-nesekmiu-bei-susirgimu-priezastys-ir-galimybes-ju-isvengti\/#primaryimage"},"image":{"@id":"https:\/\/skaitytaknyga.lt\/produktas\/jonas-markunas-zmogaus-gyvenimo-nesekmiu-bei-susirgimu-priezastys-ir-galimybes-ju-isvengti\/#primaryimage"},"thumbnailUrl":"https:\/\/skaitytaknyga.lt\/wp-content\/uploads\/2024\/05\/zmogaus-gyvenimo-nesekmio-bei-susirgimo-priezastys-ir-galimybes-jo-isvengti.jpg","datePublished":"2024-05-04T19:11:19+00:00","dateModified":"2024-10-31T14:32:00+00:00","description":"Knygoje autorius apra\u0161o unikalius savo praktini\u0173 steb\u0117jim\u0173 rezultatus ir susistemintas i\u0161vadas, gautas, padedant \u017emon\u0117ms, j\u0173 vaikams bei tolimesniems palikuonims pasvekti nuo dvasini\u0173 ir fizinio k\u016bno lig\u0173. Per savo fiziologines, ai\u0161kiagirdyst\u0117s galimybes jis atskleid\u017eia toki\u0173 faktori\u0173, kaip sukaupto pyk\u010dio, neapykantos, nuoskaud\u0173, nusivylim\u0173 ir pan. agresyvi\u0173 emocij\u0173, kar\u0173, abort\u0173 ir kitoki\u0173 \u017eudyni\u0173 naikinant\u012f poveik\u012f sveikatai. Parodoma Krik\u0161to, nuod\u0117m\u0117s, atgailos, maldos ir dvasin\u0117s ramyb\u0117s praktin\u0117 vert\u0117 ir ypatinga reik\u0161m\u0117 \u017emogaus sveikatai. Knygoje analizuojamos nesveik\u0173 vaik\u0173 gimimo, nes\u0117kmingo verslo, bedarbyst\u0117s, pasmerkto likimo ir kit\u0173 gyvenimo negand\u0173 pagrindin\u0117s prie\u017eastys, galimyb\u0117s j\u0173 i\u0161vengti bei jas panaikinti. Pateikti pavyzd\u017eiai - tikros istorijos, kurios rodo metodo veiksmingum\u0105 ir i\u0161vad\u0173 vientisum\u0105. Skiriama pla\u010diam skaitytoj\u0173 ratui.","breadcrumb":{"@id":"https:\/\/skaitytaknyga.lt\/produktas\/jonas-markunas-zmogaus-gyvenimo-nesekmiu-bei-susirgimu-priezastys-ir-galimybes-ju-isvengti\/#breadcrumb"},"inLanguage":"en-GB","potentialAction":[{"@type":"ReadAction","target":["https:\/\/skaitytaknyga.lt\/produktas\/jonas-markunas-zmogaus-gyvenimo-nesekmiu-bei-susirgimu-priezastys-ir-galimybes-ju-isvengti\/"]}]},{"@type":"ImageObject","inLanguage":"en-GB","@id":"https:\/\/skaitytaknyga.lt\/produktas\/jonas-markunas-zmogaus-gyvenimo-nesekmiu-bei-susirgimu-priezastys-ir-galimybes-ju-isvengti\/#primaryimage","url":"https:\/\/skaitytaknyga.lt\/wp-content\/uploads\/2024\/05\/zmogaus-gyvenimo-nesekmio-bei-susirgimo-priezastys-ir-galimybes-jo-isvengti.jpg","contentUrl":"https:\/\/skaitytaknyga.lt\/wp-content\/uploads\/2024\/05\/zmogaus-gyvenimo-nesekmio-bei-susirgimo-priezastys-ir-galimybes-jo-isvengti.jpg","width":571,"height":800},{"@type":"BreadcrumbList","@id":"https:\/\/skaitytaknyga.lt\/produktas\/jonas-markunas-zmogaus-gyvenimo-nesekmiu-bei-susirgimu-priezastys-ir-galimybes-ju-isvengti\/#breadcrumb","itemListElement":[{"@type":"ListItem","position":1,"name":"Home","item":"https:\/\/skaitytaknyga.lt\/"},{"@type":"ListItem","position":2,"name":"Parduotuv\u0117","item":"https:\/\/skaitytaknyga.lt\/knygu-parduotuve\/"},{"@type":"ListItem","position":3,"name":"Jonas Mark\u016bnas \u201e\u017dmogaus gyvenimo nes\u0117kmi\u0173 bei susirgim\u0173 prie\u017eastys ir galimyb\u0117s j\u0173 i\u0161vengti\u201c"}]},{"@type":"WebSite","@id":"https:\/\/skaitytaknyga.lt\/#website","url":"https:\/\/skaitytaknyga.lt\/","name":"skaitytaknyga.lt","description":"Skaitytaknyga.lt \u2013 tai ma\u017eas \u0161eimos verslas, kuris prasid\u0117jo nuo meil\u0117s knygoms ir siekio i\u0161gelb\u0117ti knygas nuo likimo prie konteinerio. Kas vienam nereikalingas daiktas \u2013 kitam lobis, o mes esame tarpininkai, kurie padeda abiems tapti laimingesniems ???? \u017dinome kaip nelengva i\u0161gyventi ma\u017eiems verslams, tad nuo \u0161iol, \u010dia rasite ir kit\u0173, ma\u017e\u0173 \u0161eim\u0173 versl\u0173, rank\u0173 darbo, dovan\u0173 sau ir artimiesiems.","publisher":{"@id":"https:\/\/skaitytaknyga.lt\/#organization"},"potentialAction":[{"@type":"SearchAction","target":{"@type":"EntryPoint","urlTemplate":"https:\/\/skaitytaknyga.lt\/?s={search_term_string}"},"query-input":{"@type":"PropertyValueSpecification","valueRequired":true,"valueName":"search_term_string"}}],"inLanguage":"en-GB"},{"@type":"Organization","@id":"https:\/\/skaitytaknyga.lt\/#organization","name":"skaitytaknyga.lt","url":"https:\/\/skaitytaknyga.lt\/","logo":{"@type":"ImageObject","inLanguage":"en-GB","@id":"https:\/\/skaitytaknyga.lt\/#\/schema\/logo\/image\/","url":"https:\/\/skaitytaknyga.lt\/wp-content\/uploads\/2024\/05\/cropped-cropped-cropped-02_00843_jt3bggkj1j3HLc7SyY6rEUpg.jpeg","contentUrl":"https:\/\/skaitytaknyga.lt\/wp-content\/uploads\/2024\/05\/cropped-cropped-cropped-02_00843_jt3bggkj1j3HLc7SyY6rEUpg.jpeg","width":1600,"height":1600,"caption":"skaitytaknyga.lt"},"image":{"@id":"https:\/\/skaitytaknyga.lt\/#\/schema\/logo\/image\/"},"sameAs":["https:\/\/www.facebook.com\/skaitytaknyga\/"]}]}},"_links":{"self":[{"href":"https:\/\/skaitytaknyga.lt\/en\/wp-json\/wp\/v2\/product\/10689","targetHints":{"allow":["GET"]}}],"collection":[{"href":"https:\/\/skaitytaknyga.lt\/en\/wp-json\/wp\/v2\/product"}],"about":[{"href":"https:\/\/skaitytaknyga.lt\/en\/wp-json\/wp\/v2\/types\/product"}],"replies":[{"embeddable":true,"href":"https:\/\/skaitytaknyga.lt\/en\/wp-json\/wp\/v2\/comments?post=10689"}],"wp:featuredmedia":[{"embeddable":true,"href":"https:\/\/skaitytaknyga.lt\/en\/wp-json\/wp\/v2\/media\/10722"}],"wp:attachment":[{"href":"https:\/\/skaitytaknyga.lt\/en\/wp-json\/wp\/v2\/media?parent=10689"}],"wp:term":[{"taxonomy":"product_brand","embeddable":true,"href":"https:\/\/skaitytaknyga.lt\/en\/wp-json\/wp\/v2\/product_brand?post=10689"},{"taxonomy":"product_cat","embeddable":true,"href":"https:\/\/skaitytaknyga.lt\/en\/wp-json\/wp\/v2\/product_cat?post=10689"},{"taxonomy":"product_tag","embeddable":true,"href":"https:\/\/skaitytaknyga.lt\/en\/wp-json\/wp\/v2\/product_tag?post=10689"}],"curies":[{"name":"wp","href":"https:\/\/api.w.org\/{rel}","templated":true}]}}