{"id":10687,"date":"2024-05-04T19:11:19","date_gmt":"2024-05-04T19:11:19","guid":{"rendered":"https:\/\/skaitytaknyga.lt\/?post_type=product&#038;p=10687"},"modified":"2026-02-12T11:41:33","modified_gmt":"2026-02-12T09:41:33","slug":"c-bukowski-moterys-pagelte-lapai-ir-demele","status":"publish","type":"product","link":"https:\/\/skaitytaknyga.lt\/en\/produktas\/c-bukowski-moterys-pagelte-lapai-ir-demele\/","title":{"rendered":"Moterys (su defektu)"},"content":{"rendered":"<p>\u201eDor\u0173 moter\u0173 bijojau, nes jos geid\u0117 mano sielos, o t\u0105 man dar likus\u012f truput\u012f nor\u0117jau pasilaikyti. Da\u017eniausiai tro\u0161kau prostitu\u010di\u0173 ar moter\u0173 i\u0161 \u017eemiausi\u0173 sluoksni\u0173, nes jos i\u0161man\u0117 reikal\u0105, buvo kietos ir netur\u0117jo joki\u0173 asmenini\u0173 pretenzij\u0173. Joms i\u0161\u0117jus nieko neprarasdavau. Ta\u010diau tuo pat metu tik\u0117jausi sutikti \u0161velni\u0105, ger\u0105 moter\u012f, nors ir kokia did\u017eiul\u0117 b\u016bt\u0173 to kaina. Visais at\u017evilgiais buvau pra\u017euv\u0119s. Stiprus vyras b\u016bt\u0173 atsi\u017ead\u0117j\u0119s j\u0173 abiej\u0173. A\u0161 nebuvau stiprus. Tod\u0117l vis\u0105 laik\u0105 kovojau su moterimis, su moters id\u0117ja.&#8221;<\/p>\n<p>Charles Bukowski, \u201eMoterys&#8221;<\/p>\n<p>Politi\u0161kai nekorekti\u0161kos situacijos ir iki absurdo nusiritantys \u017emoni\u0173 santykiai \u010dia perteikti s\u0105\u017einingai ir atvirai \u2013\u00a0<strong>Charlesui Bukowski<\/strong>\u00a0b\u016bdingu emoci\u0161kai precizi\u0161ku, kand\u017eiu, saviironijos kupinu stiliumi.<\/p>\n","protected":false},"excerpt":{"rendered":"<p>\u201eDor\u0173 moter\u0173 bijojau, nes jos geid\u0117 mano sielos, o t\u0105 man dar likus\u012f truput\u012f nor\u0117jau pasilaikyti. Da\u017eniausiai tro\u0161kau prostitu\u010di\u0173 ar moter\u0173 i\u0161 \u017eemiausi\u0173 sluoksni\u0173, nes jos i\u0161man\u0117 reikal\u0105, buvo kietos ir netur\u0117jo joki\u0173 asmenini\u0173 pretenzij\u0173. Joms i\u0161\u0117jus nieko neprarasdavau. Ta\u010diau tuo pat metu tik\u0117jausi sutikti \u0161velni\u0105, ger\u0105 moter\u012f, nors ir kokia did\u017eiul\u0117 b\u016bt\u0173 to kaina. Visais at\u017evilgiais buvau pra\u017euv\u0119s. Stiprus vyras b\u016bt\u0173 atsi\u017ead\u0117j\u0119s j\u0173 abiej\u0173. A\u0161 nebuvau stiprus. Tod\u0117l vis\u0105 laik\u0105 kovojau su moterimis, su moters id\u0117ja.&#8221;<\/p>\n<p>Charles Bukowski, \u201eMoterys&#8221;<\/p>\n<p>Politi\u0161kai nekorekti\u0161kos situacijos ir iki absurdo nusiritantys \u017emoni\u0173 santykiai \u010dia perteikti s\u0105\u017einingai ir atvirai \u2013\u00a0<strong>Charlesui Bukowski<\/strong>\u00a0b\u016bdingu emoci\u0161kai precizi\u0161ku, kand\u017eiu, saviironijos kupinu stiliumi.<\/p>\n","protected":false},"featured_media":10720,"comment_status":"closed","ping_status":"closed","template":"","meta":{"_acf_changed":false,"site-sidebar-layout":"default","site-content-layout":"","ast-site-content-layout":"default","site-content-style":"default","site-sidebar-style":"default","ast-global-header-display":"","ast-banner-title-visibility":"","ast-main-header-display":"","ast-hfb-above-header-display":"","ast-hfb-below-header-display":"","ast-hfb-mobile-header-display":"","site-post-title":"","ast-breadcrumbs-content":"","ast-featured-img":"","footer-sml-layout":"","ast-disable-related-posts":"","theme-transparent-header-meta":"","adv-header-id-meta":"","stick-header-meta":"","header-above-stick-meta":"","header-main-stick-meta":"","header-below-stick-meta":"","astra-migrate-meta-layouts":"default","ast-page-background-enabled":"default","ast-page-background-meta":{"desktop":{"background-color":"","background-image":"","background-repeat":"repeat","background-position":"center center","background-size":"auto","background-attachment":"scroll","background-type":"","background-media":"","overlay-type":"","overlay-color":"","overlay-opacity":"","overlay-gradient":""},"tablet":{"background-color":"","background-image":"","background-repeat":"repeat","background-position":"center center","background-size":"auto","background-attachment":"scroll","background-type":"","background-media":"","overlay-type":"","overlay-color":"","overlay-opacity":"","overlay-gradient":""},"mobile":{"background-color":"","background-image":"","background-repeat":"repeat","background-position":"center center","background-size":"auto","background-attachment":"scroll","background-type":"","background-media":"","overlay-type":"","overlay-color":"","overlay-opacity":"","overlay-gradient":""}},"ast-content-background-meta":{"desktop":{"background-color":"var(--ast-global-color-4)","background-image":"","background-repeat":"repeat","background-position":"center center","background-size":"auto","background-attachment":"scroll","background-type":"","background-media":"","overlay-type":"","overlay-color":"","overlay-opacity":"","overlay-gradient":""},"tablet":{"background-color":"var(--ast-global-color-4)","background-image":"","background-repeat":"repeat","background-position":"center center","background-size":"auto","background-attachment":"scroll","background-type":"","background-media":"","overlay-type":"","overlay-color":"","overlay-opacity":"","overlay-gradient":""},"mobile":{"background-color":"var(--ast-global-color-4)","background-image":"","background-repeat":"repeat","background-position":"center center","background-size":"auto","background-attachment":"scroll","background-type":"","background-media":"","overlay-type":"","overlay-color":"","overlay-opacity":"","overlay-gradient":""}}},"product_brand":[],"product_cat":[31],"product_tag":[3024,2853,3027,1417,3025,3026,2305],"class_list":{"0":"post-10687","1":"product","2":"type-product","3":"status-publish","4":"has-post-thumbnail","6":"product_cat-grozine-literatura","7":"product_tag-c-bukowski","8":"product_tag-erotika","9":"product_tag-niuri-kasdienybe","10":"product_tag-santykiai","11":"product_tag-socialinis-dugnas","12":"product_tag-tiesmukiska-kalba","13":"product_tag-vyras-ir-moteris","14":"desktop-align-left","15":"tablet-align-left","16":"mobile-align-left","18":"first","19":"instock","20":"shipping-taxable","21":"purchasable","22":"product-type-simple"},"acf":[],"yoast_head":"<!-- This site is optimized with the Yoast SEO plugin v27.0 - https:\/\/yoast.com\/product\/yoast-seo-wordpress\/ -->\n<title>Moterys (su defektu)<\/title>\n<meta name=\"description\" content=\"\u201eDor\u0173 moter\u0173 bijojau, nes jos geid\u0117 mano sielos, o t\u0105 man dar likus\u012f truput\u012f nor\u0117jau pasilaikyti. Da\u017eniausiai tro\u0161kau prostitu\u010di\u0173 ar moter\u0173 i\u0161 \u017eemiausi\u0173 sluoksni\u0173, nes jos i\u0161man\u0117 reikal\u0105, buvo kietos ir netur\u0117jo joki\u0173 asmenini\u0173 pretenzij\u0173. Joms i\u0161\u0117jus nieko neprarasdavau. Ta\u010diau tuo pat metu tik\u0117jausi sutikti \u0161velni\u0105, ger\u0105 moter\u012f, nors ir kokia did\u017eiul\u0117 b\u016bt\u0173 to kaina. Visais at\u017evilgiais buvau pra\u017euv\u0119s. Stiprus vyras b\u016bt\u0173 atsi\u017ead\u0117j\u0119s j\u0173 abiej\u0173. A\u0161 nebuvau stiprus. Tod\u0117l vis\u0105 laik\u0105 kovojau su moterimis, su moters id\u0117ja.&quot;  Charles Bukowski, \u201eMoterys&quot;  Politi\u0161kai nekorekti\u0161kos situacijos ir iki absurdo nusiritantys \u017emoni\u0173 santykiai \u010dia perteikti s\u0105\u017einingai ir atvirai \u2013\u00a0Charlesui Bukowski\u00a0b\u016bdingu emoci\u0161kai precizi\u0161ku, kand\u017eiu, saviironijos kupinu stiliumi.\" \/>\n<meta name=\"robots\" content=\"index, follow, max-snippet:-1, max-image-preview:large, max-video-preview:-1\" \/>\n<link rel=\"canonical\" href=\"https:\/\/skaitytaknyga.lt\/en\/produktas\/c-bukowski-moterys-pagelte-lapai-ir-demele\/\" \/>\n<meta property=\"og:locale\" content=\"en_GB\" \/>\n<meta property=\"og:locale:alternate\" content=\"lt_LT\" \/>\n<meta property=\"og:type\" content=\"article\" \/>\n<meta property=\"og:title\" content=\"Moterys (su defektu)\" \/>\n<meta property=\"og:description\" content=\"\u201eDor\u0173 moter\u0173 bijojau, nes jos geid\u0117 mano sielos, o t\u0105 man dar likus\u012f truput\u012f nor\u0117jau pasilaikyti. Da\u017eniausiai tro\u0161kau prostitu\u010di\u0173 ar moter\u0173 i\u0161 \u017eemiausi\u0173 sluoksni\u0173, nes jos i\u0161man\u0117 reikal\u0105, buvo kietos ir netur\u0117jo joki\u0173 asmenini\u0173 pretenzij\u0173. Joms i\u0161\u0117jus nieko neprarasdavau. Ta\u010diau tuo pat metu tik\u0117jausi sutikti \u0161velni\u0105, ger\u0105 moter\u012f, nors ir kokia did\u017eiul\u0117 b\u016bt\u0173 to kaina. Visais at\u017evilgiais buvau pra\u017euv\u0119s. Stiprus vyras b\u016bt\u0173 atsi\u017ead\u0117j\u0119s j\u0173 abiej\u0173. A\u0161 nebuvau stiprus. Tod\u0117l vis\u0105 laik\u0105 kovojau su moterimis, su moters id\u0117ja.&quot;  Charles Bukowski, \u201eMoterys&quot;  Politi\u0161kai nekorekti\u0161kos situacijos ir iki absurdo nusiritantys \u017emoni\u0173 santykiai \u010dia perteikti s\u0105\u017einingai ir atvirai \u2013\u00a0Charlesui Bukowski\u00a0b\u016bdingu emoci\u0161kai precizi\u0161ku, kand\u017eiu, saviironijos kupinu stiliumi.\" \/>\n<meta property=\"og:url\" content=\"https:\/\/skaitytaknyga.lt\/en\/produktas\/c-bukowski-moterys-pagelte-lapai-ir-demele\/\" \/>\n<meta property=\"og:site_name\" content=\"Skaitytaknyga\" \/>\n<meta property=\"article:publisher\" content=\"https:\/\/www.facebook.com\/skaitytaknyga\/\" \/>\n<meta property=\"article:modified_time\" content=\"2026-02-12T09:41:33+00:00\" \/>\n<meta property=\"og:image\" content=\"https:\/\/skaitytaknyga.lt\/wp-content\/uploads\/2024\/05\/moterys-3-oji-laida.jpg\" \/>\n\t<meta property=\"og:image:width\" content=\"600\" \/>\n\t<meta property=\"og:image:height\" content=\"847\" \/>\n\t<meta property=\"og:image:type\" content=\"image\/jpeg\" \/>\n<meta name=\"twitter:card\" content=\"summary_large_image\" \/>\n<meta name=\"twitter:label1\" content=\"Estimated reading time\" \/>\n\t<meta name=\"twitter:data1\" content=\"1 minute\" \/>\n<script type=\"application\/ld+json\" class=\"yoast-schema-graph\">{\"@context\":\"https:\/\/schema.org\",\"@graph\":[{\"@type\":\"WebPage\",\"@id\":\"https:\/\/skaitytaknyga.lt\/produktas\/c-bukowski-moterys-pagelte-lapai-ir-demele\/\",\"url\":\"https:\/\/skaitytaknyga.lt\/produktas\/c-bukowski-moterys-pagelte-lapai-ir-demele\/\",\"name\":\"Moterys (su defektu)\",\"isPartOf\":{\"@id\":\"https:\/\/skaitytaknyga.lt\/#website\"},\"primaryImageOfPage\":{\"@id\":\"https:\/\/skaitytaknyga.lt\/produktas\/c-bukowski-moterys-pagelte-lapai-ir-demele\/#primaryimage\"},\"image\":{\"@id\":\"https:\/\/skaitytaknyga.lt\/produktas\/c-bukowski-moterys-pagelte-lapai-ir-demele\/#primaryimage\"},\"thumbnailUrl\":\"https:\/\/skaitytaknyga.lt\/wp-content\/uploads\/2024\/05\/moterys-3-oji-laida.jpg\",\"datePublished\":\"2024-05-04T19:11:19+00:00\",\"dateModified\":\"2026-02-12T09:41:33+00:00\",\"description\":\"\u201eDor\u0173 moter\u0173 bijojau, nes jos geid\u0117 mano sielos, o t\u0105 man dar likus\u012f truput\u012f nor\u0117jau pasilaikyti. Da\u017eniausiai tro\u0161kau prostitu\u010di\u0173 ar moter\u0173 i\u0161 \u017eemiausi\u0173 sluoksni\u0173, nes jos i\u0161man\u0117 reikal\u0105, buvo kietos ir netur\u0117jo joki\u0173 asmenini\u0173 pretenzij\u0173. Joms i\u0161\u0117jus nieko neprarasdavau. Ta\u010diau tuo pat metu tik\u0117jausi sutikti \u0161velni\u0105, ger\u0105 moter\u012f, nors ir kokia did\u017eiul\u0117 b\u016bt\u0173 to kaina. Visais at\u017evilgiais buvau pra\u017euv\u0119s. Stiprus vyras b\u016bt\u0173 atsi\u017ead\u0117j\u0119s j\u0173 abiej\u0173. A\u0161 nebuvau stiprus. Tod\u0117l vis\u0105 laik\u0105 kovojau su moterimis, su moters id\u0117ja.\\\" Charles Bukowski, \u201eMoterys\\\" Politi\u0161kai nekorekti\u0161kos situacijos ir iki absurdo nusiritantys \u017emoni\u0173 santykiai \u010dia perteikti s\u0105\u017einingai ir atvirai \u2013\u00a0Charlesui Bukowski\u00a0b\u016bdingu emoci\u0161kai precizi\u0161ku, kand\u017eiu, saviironijos kupinu stiliumi.\",\"breadcrumb\":{\"@id\":\"https:\/\/skaitytaknyga.lt\/produktas\/c-bukowski-moterys-pagelte-lapai-ir-demele\/#breadcrumb\"},\"inLanguage\":\"en-GB\",\"potentialAction\":[{\"@type\":\"ReadAction\",\"target\":[\"https:\/\/skaitytaknyga.lt\/produktas\/c-bukowski-moterys-pagelte-lapai-ir-demele\/\"]}]},{\"@type\":\"ImageObject\",\"inLanguage\":\"en-GB\",\"@id\":\"https:\/\/skaitytaknyga.lt\/produktas\/c-bukowski-moterys-pagelte-lapai-ir-demele\/#primaryimage\",\"url\":\"https:\/\/skaitytaknyga.lt\/wp-content\/uploads\/2024\/05\/moterys-3-oji-laida.jpg\",\"contentUrl\":\"https:\/\/skaitytaknyga.lt\/wp-content\/uploads\/2024\/05\/moterys-3-oji-laida.jpg\",\"width\":600,\"height\":847},{\"@type\":\"BreadcrumbList\",\"@id\":\"https:\/\/skaitytaknyga.lt\/produktas\/c-bukowski-moterys-pagelte-lapai-ir-demele\/#breadcrumb\",\"itemListElement\":[{\"@type\":\"ListItem\",\"position\":1,\"name\":\"Home\",\"item\":\"https:\/\/skaitytaknyga.lt\/\"},{\"@type\":\"ListItem\",\"position\":2,\"name\":\"Parduotuv\u0117\",\"item\":\"https:\/\/skaitytaknyga.lt\/knygu-parduotuve\/\"},{\"@type\":\"ListItem\",\"position\":3,\"name\":\"Moterys (su defektu)\"}]},{\"@type\":\"WebSite\",\"@id\":\"https:\/\/skaitytaknyga.lt\/#website\",\"url\":\"https:\/\/skaitytaknyga.lt\/\",\"name\":\"skaitytaknyga.lt\",\"description\":\"Skaitytaknyga.lt \u2013 tai ma\u017eas \u0161eimos verslas, kuris prasid\u0117jo nuo meil\u0117s knygoms ir siekio i\u0161gelb\u0117ti knygas nuo likimo prie konteinerio. Kas vienam nereikalingas daiktas \u2013 kitam lobis, o mes esame tarpininkai, kurie padeda abiems tapti laimingesniems ???? \u017dinome kaip nelengva i\u0161gyventi ma\u017eiems verslams, tad nuo \u0161iol, \u010dia rasite ir kit\u0173, ma\u017e\u0173 \u0161eim\u0173 versl\u0173, rank\u0173 darbo, dovan\u0173 sau ir artimiesiems.\",\"publisher\":{\"@id\":\"https:\/\/skaitytaknyga.lt\/#organization\"},\"potentialAction\":[{\"@type\":\"SearchAction\",\"target\":{\"@type\":\"EntryPoint\",\"urlTemplate\":\"https:\/\/skaitytaknyga.lt\/?s={search_term_string}\"},\"query-input\":{\"@type\":\"PropertyValueSpecification\",\"valueRequired\":true,\"valueName\":\"search_term_string\"}}],\"inLanguage\":\"en-GB\"},{\"@type\":\"Organization\",\"@id\":\"https:\/\/skaitytaknyga.lt\/#organization\",\"name\":\"skaitytaknyga.lt\",\"url\":\"https:\/\/skaitytaknyga.lt\/\",\"logo\":{\"@type\":\"ImageObject\",\"inLanguage\":\"en-GB\",\"@id\":\"https:\/\/skaitytaknyga.lt\/#\/schema\/logo\/image\/\",\"url\":\"https:\/\/skaitytaknyga.lt\/wp-content\/uploads\/2024\/05\/cropped-cropped-cropped-02_00843_jt3bggkj1j3HLc7SyY6rEUpg.jpeg\",\"contentUrl\":\"https:\/\/skaitytaknyga.lt\/wp-content\/uploads\/2024\/05\/cropped-cropped-cropped-02_00843_jt3bggkj1j3HLc7SyY6rEUpg.jpeg\",\"width\":1600,\"height\":1600,\"caption\":\"skaitytaknyga.lt\"},\"image\":{\"@id\":\"https:\/\/skaitytaknyga.lt\/#\/schema\/logo\/image\/\"},\"sameAs\":[\"https:\/\/www.facebook.com\/skaitytaknyga\/\"]}]}<\/script>\n<!-- \/ Yoast SEO plugin. -->","yoast_head_json":{"title":"Moterys (su defektu)","description":"\u201eDor\u0173 moter\u0173 bijojau, nes jos geid\u0117 mano sielos, o t\u0105 man dar likus\u012f truput\u012f nor\u0117jau pasilaikyti. Da\u017eniausiai tro\u0161kau prostitu\u010di\u0173 ar moter\u0173 i\u0161 \u017eemiausi\u0173 sluoksni\u0173, nes jos i\u0161man\u0117 reikal\u0105, buvo kietos ir netur\u0117jo joki\u0173 asmenini\u0173 pretenzij\u0173. Joms i\u0161\u0117jus nieko neprarasdavau. Ta\u010diau tuo pat metu tik\u0117jausi sutikti \u0161velni\u0105, ger\u0105 moter\u012f, nors ir kokia did\u017eiul\u0117 b\u016bt\u0173 to kaina. Visais at\u017evilgiais buvau pra\u017euv\u0119s. Stiprus vyras b\u016bt\u0173 atsi\u017ead\u0117j\u0119s j\u0173 abiej\u0173. A\u0161 nebuvau stiprus. Tod\u0117l vis\u0105 laik\u0105 kovojau su moterimis, su moters id\u0117ja.\"  Charles Bukowski, \u201eMoterys\"  Politi\u0161kai nekorekti\u0161kos situacijos ir iki absurdo nusiritantys \u017emoni\u0173 santykiai \u010dia perteikti s\u0105\u017einingai ir atvirai \u2013\u00a0Charlesui Bukowski\u00a0b\u016bdingu emoci\u0161kai precizi\u0161ku, kand\u017eiu, saviironijos kupinu stiliumi.","robots":{"index":"index","follow":"follow","max-snippet":"max-snippet:-1","max-image-preview":"max-image-preview:large","max-video-preview":"max-video-preview:-1"},"canonical":"https:\/\/skaitytaknyga.lt\/en\/produktas\/c-bukowski-moterys-pagelte-lapai-ir-demele\/","og_locale":"en_GB","og_type":"article","og_title":"[:lt]Moterys (su defektu)[:] - Skaitytaknyga","og_description":"\u201eDor\u0173 moter\u0173 bijojau, nes jos geid\u0117 mano sielos, o t\u0105 man dar likus\u012f truput\u012f nor\u0117jau pasilaikyti. Da\u017eniausiai tro\u0161kau prostitu\u010di\u0173 ar moter\u0173 i\u0161 \u017eemiausi\u0173 sluoksni\u0173, nes jos i\u0161man\u0117 reikal\u0105, buvo kietos ir netur\u0117jo joki\u0173 asmenini\u0173 pretenzij\u0173. Joms i\u0161\u0117jus nieko neprarasdavau. Ta\u010diau tuo pat metu tik\u0117jausi sutikti \u0161velni\u0105, ger\u0105 moter\u012f, nors ir kokia did\u017eiul\u0117 b\u016bt\u0173 to kaina. Visais at\u017evilgiais buvau pra\u017euv\u0119s. Stiprus vyras b\u016bt\u0173 atsi\u017ead\u0117j\u0119s j\u0173 abiej\u0173. A\u0161 nebuvau stiprus. Tod\u0117l vis\u0105 laik\u0105 kovojau su moterimis, su moters id\u0117ja.\"  Charles Bukowski, \u201eMoterys\"  Politi\u0161kai nekorekti\u0161kos situacijos ir iki absurdo nusiritantys \u017emoni\u0173 santykiai \u010dia perteikti s\u0105\u017einingai ir atvirai \u2013\u00a0Charlesui Bukowski\u00a0b\u016bdingu emoci\u0161kai precizi\u0161ku, kand\u017eiu, saviironijos kupinu stiliumi.","og_url":"https:\/\/skaitytaknyga.lt\/en\/produktas\/c-bukowski-moterys-pagelte-lapai-ir-demele\/","og_site_name":"Skaitytaknyga","article_publisher":"https:\/\/www.facebook.com\/skaitytaknyga\/","article_modified_time":"2026-02-12T09:41:33+00:00","og_image":[{"width":600,"height":847,"url":"https:\/\/skaitytaknyga.lt\/wp-content\/uploads\/2024\/05\/moterys-3-oji-laida.jpg","type":"image\/jpeg"}],"twitter_card":"summary_large_image","twitter_misc":{"Estimated reading time":"1 minute"},"schema":{"@context":"https:\/\/schema.org","@graph":[{"@type":"WebPage","@id":"https:\/\/skaitytaknyga.lt\/produktas\/c-bukowski-moterys-pagelte-lapai-ir-demele\/","url":"https:\/\/skaitytaknyga.lt\/produktas\/c-bukowski-moterys-pagelte-lapai-ir-demele\/","name":"Moterys (su defektu)","isPartOf":{"@id":"https:\/\/skaitytaknyga.lt\/#website"},"primaryImageOfPage":{"@id":"https:\/\/skaitytaknyga.lt\/produktas\/c-bukowski-moterys-pagelte-lapai-ir-demele\/#primaryimage"},"image":{"@id":"https:\/\/skaitytaknyga.lt\/produktas\/c-bukowski-moterys-pagelte-lapai-ir-demele\/#primaryimage"},"thumbnailUrl":"https:\/\/skaitytaknyga.lt\/wp-content\/uploads\/2024\/05\/moterys-3-oji-laida.jpg","datePublished":"2024-05-04T19:11:19+00:00","dateModified":"2026-02-12T09:41:33+00:00","description":"\u201eDor\u0173 moter\u0173 bijojau, nes jos geid\u0117 mano sielos, o t\u0105 man dar likus\u012f truput\u012f nor\u0117jau pasilaikyti. Da\u017eniausiai tro\u0161kau prostitu\u010di\u0173 ar moter\u0173 i\u0161 \u017eemiausi\u0173 sluoksni\u0173, nes jos i\u0161man\u0117 reikal\u0105, buvo kietos ir netur\u0117jo joki\u0173 asmenini\u0173 pretenzij\u0173. Joms i\u0161\u0117jus nieko neprarasdavau. Ta\u010diau tuo pat metu tik\u0117jausi sutikti \u0161velni\u0105, ger\u0105 moter\u012f, nors ir kokia did\u017eiul\u0117 b\u016bt\u0173 to kaina. Visais at\u017evilgiais buvau pra\u017euv\u0119s. Stiprus vyras b\u016bt\u0173 atsi\u017ead\u0117j\u0119s j\u0173 abiej\u0173. A\u0161 nebuvau stiprus. Tod\u0117l vis\u0105 laik\u0105 kovojau su moterimis, su moters id\u0117ja.\" Charles Bukowski, \u201eMoterys\" Politi\u0161kai nekorekti\u0161kos situacijos ir iki absurdo nusiritantys \u017emoni\u0173 santykiai \u010dia perteikti s\u0105\u017einingai ir atvirai \u2013\u00a0Charlesui Bukowski\u00a0b\u016bdingu emoci\u0161kai precizi\u0161ku, kand\u017eiu, saviironijos kupinu stiliumi.","breadcrumb":{"@id":"https:\/\/skaitytaknyga.lt\/produktas\/c-bukowski-moterys-pagelte-lapai-ir-demele\/#breadcrumb"},"inLanguage":"en-GB","potentialAction":[{"@type":"ReadAction","target":["https:\/\/skaitytaknyga.lt\/produktas\/c-bukowski-moterys-pagelte-lapai-ir-demele\/"]}]},{"@type":"ImageObject","inLanguage":"en-GB","@id":"https:\/\/skaitytaknyga.lt\/produktas\/c-bukowski-moterys-pagelte-lapai-ir-demele\/#primaryimage","url":"https:\/\/skaitytaknyga.lt\/wp-content\/uploads\/2024\/05\/moterys-3-oji-laida.jpg","contentUrl":"https:\/\/skaitytaknyga.lt\/wp-content\/uploads\/2024\/05\/moterys-3-oji-laida.jpg","width":600,"height":847},{"@type":"BreadcrumbList","@id":"https:\/\/skaitytaknyga.lt\/produktas\/c-bukowski-moterys-pagelte-lapai-ir-demele\/#breadcrumb","itemListElement":[{"@type":"ListItem","position":1,"name":"Home","item":"https:\/\/skaitytaknyga.lt\/"},{"@type":"ListItem","position":2,"name":"Parduotuv\u0117","item":"https:\/\/skaitytaknyga.lt\/knygu-parduotuve\/"},{"@type":"ListItem","position":3,"name":"Moterys (su defektu)"}]},{"@type":"WebSite","@id":"https:\/\/skaitytaknyga.lt\/#website","url":"https:\/\/skaitytaknyga.lt\/","name":"skaitytaknyga.lt","description":"Skaitytaknyga.lt \u2013 tai ma\u017eas \u0161eimos verslas, kuris prasid\u0117jo nuo meil\u0117s knygoms ir siekio i\u0161gelb\u0117ti knygas nuo likimo prie konteinerio. Kas vienam nereikalingas daiktas \u2013 kitam lobis, o mes esame tarpininkai, kurie padeda abiems tapti laimingesniems ???? \u017dinome kaip nelengva i\u0161gyventi ma\u017eiems verslams, tad nuo \u0161iol, \u010dia rasite ir kit\u0173, ma\u017e\u0173 \u0161eim\u0173 versl\u0173, rank\u0173 darbo, dovan\u0173 sau ir artimiesiems.","publisher":{"@id":"https:\/\/skaitytaknyga.lt\/#organization"},"potentialAction":[{"@type":"SearchAction","target":{"@type":"EntryPoint","urlTemplate":"https:\/\/skaitytaknyga.lt\/?s={search_term_string}"},"query-input":{"@type":"PropertyValueSpecification","valueRequired":true,"valueName":"search_term_string"}}],"inLanguage":"en-GB"},{"@type":"Organization","@id":"https:\/\/skaitytaknyga.lt\/#organization","name":"skaitytaknyga.lt","url":"https:\/\/skaitytaknyga.lt\/","logo":{"@type":"ImageObject","inLanguage":"en-GB","@id":"https:\/\/skaitytaknyga.lt\/#\/schema\/logo\/image\/","url":"https:\/\/skaitytaknyga.lt\/wp-content\/uploads\/2024\/05\/cropped-cropped-cropped-02_00843_jt3bggkj1j3HLc7SyY6rEUpg.jpeg","contentUrl":"https:\/\/skaitytaknyga.lt\/wp-content\/uploads\/2024\/05\/cropped-cropped-cropped-02_00843_jt3bggkj1j3HLc7SyY6rEUpg.jpeg","width":1600,"height":1600,"caption":"skaitytaknyga.lt"},"image":{"@id":"https:\/\/skaitytaknyga.lt\/#\/schema\/logo\/image\/"},"sameAs":["https:\/\/www.facebook.com\/skaitytaknyga\/"]}]}},"_links":{"self":[{"href":"https:\/\/skaitytaknyga.lt\/en\/wp-json\/wp\/v2\/product\/10687","targetHints":{"allow":["GET"]}}],"collection":[{"href":"https:\/\/skaitytaknyga.lt\/en\/wp-json\/wp\/v2\/product"}],"about":[{"href":"https:\/\/skaitytaknyga.lt\/en\/wp-json\/wp\/v2\/types\/product"}],"replies":[{"embeddable":true,"href":"https:\/\/skaitytaknyga.lt\/en\/wp-json\/wp\/v2\/comments?post=10687"}],"wp:featuredmedia":[{"embeddable":true,"href":"https:\/\/skaitytaknyga.lt\/en\/wp-json\/wp\/v2\/media\/10720"}],"wp:attachment":[{"href":"https:\/\/skaitytaknyga.lt\/en\/wp-json\/wp\/v2\/media?parent=10687"}],"wp:term":[{"taxonomy":"product_brand","embeddable":true,"href":"https:\/\/skaitytaknyga.lt\/en\/wp-json\/wp\/v2\/product_brand?post=10687"},{"taxonomy":"product_cat","embeddable":true,"href":"https:\/\/skaitytaknyga.lt\/en\/wp-json\/wp\/v2\/product_cat?post=10687"},{"taxonomy":"product_tag","embeddable":true,"href":"https:\/\/skaitytaknyga.lt\/en\/wp-json\/wp\/v2\/product_tag?post=10687"}],"curies":[{"name":"wp","href":"https:\/\/api.w.org\/{rel}","templated":true}]}}