{"id":10686,"date":"2024-05-04T19:11:18","date_gmt":"2024-05-04T19:11:18","guid":{"rendered":"https:\/\/skaitytaknyga.lt\/?post_type=product&#038;p=10686"},"modified":"2024-05-04T19:12:15","modified_gmt":"2024-05-04T19:12:15","slug":"nata-minor-pono-froido-skrybele","status":"publish","type":"product","link":"https:\/\/skaitytaknyga.lt\/en\/produktas\/nata-minor-pono-froido-skrybele\/","title":{"rendered":"Nata Minor \u201ePono Froido skryb\u0117l\u0117\u201c"},"content":{"rendered":"<div class=\"product-description-wrapper\">\n<p>Pereito am\u017eiaus prad\u017eios Viena. Zigmundas Froidas i\u0161eina pasivaik\u0161\u010dioti. Koks nuostabus oras! Laba diena, ponia Ema! D\u0117damasis skryb\u0117l\u0119 ant galvos, jis nustemba: skryb\u0117l\u0117je ne jo inicialai! I\u0161 kur atsirado \u0161ita skryb\u0117l\u0117? Ar nebus jos su savo skryb\u0117le sumai\u0161\u0119s kuris nors i\u0161 jo pacient\u0173?<\/p>\n<p>Ir \u0161tai garsusis gydytojas, sutrik\u0119s d\u0117l apsirikimo, klaid\u017eioja Vienos gatv\u0117mis. Galv\u0105 u\u017epl\u016bsta trikdan\u010dios, keistos, padrikos min\u010di\u0173 asociacijos. Did\u017eiul\u0119 viet\u0105 jose u\u017eima ra\u0161ytojas Art\u016bras \u0160nicleris (Arthur Schnitzler) ir \u201etoji nepa\u017e\u012fstamoji&#8221;.<\/p>\n<p>Romanas, sudarytas i\u0161 Froido gyvenimo ir k\u016brybos nuotrup\u0173, nestokoja humoro. Skaitytojui pa\u010diam palikta laisv\u0117 atskirti fikcij\u0105 nuo tikrov\u0117s.<\/p>\n<\/div>\n","protected":false},"excerpt":{"rendered":"<div class=\"product-description-wrapper\">\n<p>Pereito am\u017eiaus prad\u017eios Viena. Zigmundas Froidas i\u0161eina pasivaik\u0161\u010dioti. Koks nuostabus oras! Laba diena, ponia Ema! D\u0117damasis skryb\u0117l\u0119 ant galvos, jis nustemba: skryb\u0117l\u0117je ne jo inicialai! I\u0161 kur atsirado \u0161ita skryb\u0117l\u0117? Ar nebus jos su savo skryb\u0117le sumai\u0161\u0119s kuris nors i\u0161 jo pacient\u0173?<\/p>\n<p>Ir \u0161tai garsusis gydytojas, sutrik\u0119s d\u0117l apsirikimo, klaid\u017eioja Vienos gatv\u0117mis. Galv\u0105 u\u017epl\u016bsta trikdan\u010dios, keistos, padrikos min\u010di\u0173 asociacijos. Did\u017eiul\u0119 viet\u0105 jose u\u017eima ra\u0161ytojas Art\u016bras \u0160nicleris (Arthur Schnitzler) ir \u201etoji nepa\u017e\u012fstamoji&#8221;.<\/p>\n<p>Romanas, sudarytas i\u0161 Froido gyvenimo ir k\u016brybos nuotrup\u0173, nestokoja humoro. Skaitytojui pa\u010diam palikta laisv\u0117 atskirti fikcij\u0105 nuo tikrov\u0117s.<\/p>\n<\/div>\n","protected":false},"featured_media":10719,"comment_status":"closed","ping_status":"closed","template":"","meta":{"_acf_changed":false,"site-sidebar-layout":"default","site-content-layout":"","ast-site-content-layout":"default","site-content-style":"default","site-sidebar-style":"default","ast-global-header-display":"","ast-banner-title-visibility":"","ast-main-header-display":"","ast-hfb-above-header-display":"","ast-hfb-below-header-display":"","ast-hfb-mobile-header-display":"","site-post-title":"","ast-breadcrumbs-content":"","ast-featured-img":"","footer-sml-layout":"","ast-disable-related-posts":"","theme-transparent-header-meta":"","adv-header-id-meta":"","stick-header-meta":"","header-above-stick-meta":"","header-main-stick-meta":"","header-below-stick-meta":"","astra-migrate-meta-layouts":"default","ast-page-background-enabled":"default","ast-page-background-meta":{"desktop":{"background-color":"","background-image":"","background-repeat":"repeat","background-position":"center center","background-size":"auto","background-attachment":"scroll","background-type":"","background-media":"","overlay-type":"","overlay-color":"","overlay-opacity":"","overlay-gradient":""},"tablet":{"background-color":"","background-image":"","background-repeat":"repeat","background-position":"center center","background-size":"auto","background-attachment":"scroll","background-type":"","background-media":"","overlay-type":"","overlay-color":"","overlay-opacity":"","overlay-gradient":""},"mobile":{"background-color":"","background-image":"","background-repeat":"repeat","background-position":"center center","background-size":"auto","background-attachment":"scroll","background-type":"","background-media":"","overlay-type":"","overlay-color":"","overlay-opacity":"","overlay-gradient":""}},"ast-content-background-meta":{"desktop":{"background-color":"var(--ast-global-color-4)","background-image":"","background-repeat":"repeat","background-position":"center center","background-size":"auto","background-attachment":"scroll","background-type":"","background-media":"","overlay-type":"","overlay-color":"","overlay-opacity":"","overlay-gradient":""},"tablet":{"background-color":"var(--ast-global-color-4)","background-image":"","background-repeat":"repeat","background-position":"center center","background-size":"auto","background-attachment":"scroll","background-type":"","background-media":"","overlay-type":"","overlay-color":"","overlay-opacity":"","overlay-gradient":""},"mobile":{"background-color":"var(--ast-global-color-4)","background-image":"","background-repeat":"repeat","background-position":"center center","background-size":"auto","background-attachment":"scroll","background-type":"","background-media":"","overlay-type":"","overlay-color":"","overlay-opacity":"","overlay-gradient":""}}},"product_brand":[],"product_cat":[31],"product_tag":[],"class_list":{"0":"post-10686","1":"product","2":"type-product","3":"status-publish","4":"has-post-thumbnail","6":"product_cat-grozine-literatura","7":"desktop-align-left","8":"tablet-align-left","9":"mobile-align-left","11":"first","12":"instock","13":"shipping-taxable","14":"purchasable","15":"product-type-simple"},"acf":[],"yoast_head":"<!-- This site is optimized with the Yoast SEO plugin v27.4 - https:\/\/yoast.com\/product\/yoast-seo-wordpress\/ -->\n<title>Nata Minor \u201ePono Froido skryb\u0117l\u0117\u201c - Skaitytaknyga<\/title>\n<meta name=\"description\" content=\"Pereito am\u017eiaus prad\u017eios Viena. Zigmundas Froidas i\u0161eina pasivaik\u0161\u010dioti. Koks nuostabus oras! Laba diena, ponia Ema! D\u0117damasis skryb\u0117l\u0119 ant galvos, jis nustemba: skryb\u0117l\u0117je ne jo inicialai! I\u0161 kur atsirado \u0161ita skryb\u0117l\u0117? Ar nebus jos su savo skryb\u0117le sumai\u0161\u0119s kuris nors i\u0161 jo pacient\u0173?  Ir \u0161tai garsusis gydytojas, sutrik\u0119s d\u0117l apsirikimo, klaid\u017eioja Vienos gatv\u0117mis. Galv\u0105 u\u017epl\u016bsta trikdan\u010dios, keistos, padrikos min\u010di\u0173 asociacijos. Did\u017eiul\u0119 viet\u0105 jose u\u017eima ra\u0161ytojas Art\u016bras \u0160nicleris (Arthur Schnitzler) ir \u201etoji nepa\u017e\u012fstamoji&quot;.  Romanas, sudarytas i\u0161 Froido gyvenimo ir k\u016brybos nuotrup\u0173, nestokoja humoro. Skaitytojui pa\u010diam palikta laisv\u0117 atskirti fikcij\u0105 nuo tikrov\u0117s.\" \/>\n<meta name=\"robots\" content=\"index, follow, max-snippet:-1, max-image-preview:large, max-video-preview:-1\" \/>\n<link rel=\"canonical\" href=\"https:\/\/skaitytaknyga.lt\/en\/produktas\/nata-minor-pono-froido-skrybele\/\" \/>\n<meta property=\"og:locale\" content=\"en_GB\" \/>\n<meta property=\"og:locale:alternate\" content=\"lt_LT\" \/>\n<meta property=\"og:type\" content=\"article\" \/>\n<meta property=\"og:title\" content=\"Nata Minor \u201ePono Froido skryb\u0117l\u0117\u201c - Skaitytaknyga\" \/>\n<meta property=\"og:description\" content=\"Pereito am\u017eiaus prad\u017eios Viena. Zigmundas Froidas i\u0161eina pasivaik\u0161\u010dioti. Koks nuostabus oras! Laba diena, ponia Ema! D\u0117damasis skryb\u0117l\u0119 ant galvos, jis nustemba: skryb\u0117l\u0117je ne jo inicialai! I\u0161 kur atsirado \u0161ita skryb\u0117l\u0117? Ar nebus jos su savo skryb\u0117le sumai\u0161\u0119s kuris nors i\u0161 jo pacient\u0173?  Ir \u0161tai garsusis gydytojas, sutrik\u0119s d\u0117l apsirikimo, klaid\u017eioja Vienos gatv\u0117mis. Galv\u0105 u\u017epl\u016bsta trikdan\u010dios, keistos, padrikos min\u010di\u0173 asociacijos. Did\u017eiul\u0119 viet\u0105 jose u\u017eima ra\u0161ytojas Art\u016bras \u0160nicleris (Arthur Schnitzler) ir \u201etoji nepa\u017e\u012fstamoji&quot;.  Romanas, sudarytas i\u0161 Froido gyvenimo ir k\u016brybos nuotrup\u0173, nestokoja humoro. Skaitytojui pa\u010diam palikta laisv\u0117 atskirti fikcij\u0105 nuo tikrov\u0117s.\" \/>\n<meta property=\"og:url\" content=\"https:\/\/skaitytaknyga.lt\/en\/produktas\/nata-minor-pono-froido-skrybele\/\" \/>\n<meta property=\"og:site_name\" content=\"Skaitytaknyga\" \/>\n<meta property=\"article:publisher\" content=\"https:\/\/www.facebook.com\/skaitytaknyga\/\" \/>\n<meta property=\"article:modified_time\" content=\"2024-05-04T19:12:15+00:00\" \/>\n<meta property=\"og:image\" content=\"https:\/\/skaitytaknyga.lt\/wp-content\/uploads\/2024\/05\/pono-froido-skrybele.jpg\" \/>\n\t<meta property=\"og:image:width\" content=\"550\" \/>\n\t<meta property=\"og:image:height\" content=\"800\" \/>\n\t<meta property=\"og:image:type\" content=\"image\/jpeg\" \/>\n<meta name=\"twitter:card\" content=\"summary_large_image\" \/>\n<meta name=\"twitter:label1\" content=\"Estimated reading time\" \/>\n\t<meta name=\"twitter:data1\" content=\"1 minute\" \/>\n<script type=\"application\/ld+json\" class=\"yoast-schema-graph\">{\"@context\":\"https:\\\/\\\/schema.org\",\"@graph\":[{\"@type\":\"WebPage\",\"@id\":\"https:\\\/\\\/skaitytaknyga.lt\\\/produktas\\\/nata-minor-pono-froido-skrybele\\\/\",\"url\":\"https:\\\/\\\/skaitytaknyga.lt\\\/produktas\\\/nata-minor-pono-froido-skrybele\\\/\",\"name\":\"Nata Minor \u201ePono Froido skryb\u0117l\u0117\u201c - Skaitytaknyga\",\"isPartOf\":{\"@id\":\"https:\\\/\\\/skaitytaknyga.lt\\\/#website\"},\"primaryImageOfPage\":{\"@id\":\"https:\\\/\\\/skaitytaknyga.lt\\\/produktas\\\/nata-minor-pono-froido-skrybele\\\/#primaryimage\"},\"image\":{\"@id\":\"https:\\\/\\\/skaitytaknyga.lt\\\/produktas\\\/nata-minor-pono-froido-skrybele\\\/#primaryimage\"},\"thumbnailUrl\":\"https:\\\/\\\/skaitytaknyga.lt\\\/wp-content\\\/uploads\\\/2024\\\/05\\\/pono-froido-skrybele.jpg\",\"datePublished\":\"2024-05-04T19:11:18+00:00\",\"dateModified\":\"2024-05-04T19:12:15+00:00\",\"description\":\"Pereito am\u017eiaus prad\u017eios Viena. Zigmundas Froidas i\u0161eina pasivaik\u0161\u010dioti. Koks nuostabus oras! Laba diena, ponia Ema! D\u0117damasis skryb\u0117l\u0119 ant galvos, jis nustemba: skryb\u0117l\u0117je ne jo inicialai! I\u0161 kur atsirado \u0161ita skryb\u0117l\u0117? Ar nebus jos su savo skryb\u0117le sumai\u0161\u0119s kuris nors i\u0161 jo pacient\u0173? Ir \u0161tai garsusis gydytojas, sutrik\u0119s d\u0117l apsirikimo, klaid\u017eioja Vienos gatv\u0117mis. Galv\u0105 u\u017epl\u016bsta trikdan\u010dios, keistos, padrikos min\u010di\u0173 asociacijos. Did\u017eiul\u0119 viet\u0105 jose u\u017eima ra\u0161ytojas Art\u016bras \u0160nicleris (Arthur Schnitzler) ir \u201etoji nepa\u017e\u012fstamoji\\\". Romanas, sudarytas i\u0161 Froido gyvenimo ir k\u016brybos nuotrup\u0173, nestokoja humoro. Skaitytojui pa\u010diam palikta laisv\u0117 atskirti fikcij\u0105 nuo tikrov\u0117s.\",\"breadcrumb\":{\"@id\":\"https:\\\/\\\/skaitytaknyga.lt\\\/produktas\\\/nata-minor-pono-froido-skrybele\\\/#breadcrumb\"},\"inLanguage\":\"en-GB\",\"potentialAction\":[{\"@type\":\"ReadAction\",\"target\":[\"https:\\\/\\\/skaitytaknyga.lt\\\/produktas\\\/nata-minor-pono-froido-skrybele\\\/\"]}]},{\"@type\":\"ImageObject\",\"inLanguage\":\"en-GB\",\"@id\":\"https:\\\/\\\/skaitytaknyga.lt\\\/produktas\\\/nata-minor-pono-froido-skrybele\\\/#primaryimage\",\"url\":\"https:\\\/\\\/skaitytaknyga.lt\\\/wp-content\\\/uploads\\\/2024\\\/05\\\/pono-froido-skrybele.jpg\",\"contentUrl\":\"https:\\\/\\\/skaitytaknyga.lt\\\/wp-content\\\/uploads\\\/2024\\\/05\\\/pono-froido-skrybele.jpg\",\"width\":550,\"height\":800},{\"@type\":\"BreadcrumbList\",\"@id\":\"https:\\\/\\\/skaitytaknyga.lt\\\/produktas\\\/nata-minor-pono-froido-skrybele\\\/#breadcrumb\",\"itemListElement\":[{\"@type\":\"ListItem\",\"position\":1,\"name\":\"Home\",\"item\":\"https:\\\/\\\/skaitytaknyga.lt\\\/\"},{\"@type\":\"ListItem\",\"position\":2,\"name\":\"Parduotuv\u0117\",\"item\":\"https:\\\/\\\/skaitytaknyga.lt\\\/knygu-parduotuve\\\/\"},{\"@type\":\"ListItem\",\"position\":3,\"name\":\"Nata Minor \u201ePono Froido skryb\u0117l\u0117\u201c\"}]},{\"@type\":\"WebSite\",\"@id\":\"https:\\\/\\\/skaitytaknyga.lt\\\/#website\",\"url\":\"https:\\\/\\\/skaitytaknyga.lt\\\/\",\"name\":\"skaitytaknyga.lt\",\"description\":\"Skaitytaknyga.lt \u2013 tai ma\u017eas \u0161eimos verslas, kuris prasid\u0117jo nuo meil\u0117s knygoms ir siekio i\u0161gelb\u0117ti knygas nuo likimo prie konteinerio. Kas vienam nereikalingas daiktas \u2013 kitam lobis, o mes esame tarpininkai, kurie padeda abiems tapti laimingesniems ???? \u017dinome kaip nelengva i\u0161gyventi ma\u017eiems verslams, tad nuo \u0161iol, \u010dia rasite ir kit\u0173, ma\u017e\u0173 \u0161eim\u0173 versl\u0173, rank\u0173 darbo, dovan\u0173 sau ir artimiesiems.\",\"publisher\":{\"@id\":\"https:\\\/\\\/skaitytaknyga.lt\\\/#organization\"},\"potentialAction\":[{\"@type\":\"SearchAction\",\"target\":{\"@type\":\"EntryPoint\",\"urlTemplate\":\"https:\\\/\\\/skaitytaknyga.lt\\\/?s={search_term_string}\"},\"query-input\":{\"@type\":\"PropertyValueSpecification\",\"valueRequired\":true,\"valueName\":\"search_term_string\"}}],\"inLanguage\":\"en-GB\"},{\"@type\":\"Organization\",\"@id\":\"https:\\\/\\\/skaitytaknyga.lt\\\/#organization\",\"name\":\"skaitytaknyga.lt\",\"url\":\"https:\\\/\\\/skaitytaknyga.lt\\\/\",\"logo\":{\"@type\":\"ImageObject\",\"inLanguage\":\"en-GB\",\"@id\":\"https:\\\/\\\/skaitytaknyga.lt\\\/#\\\/schema\\\/logo\\\/image\\\/\",\"url\":\"https:\\\/\\\/skaitytaknyga.lt\\\/wp-content\\\/uploads\\\/2024\\\/05\\\/cropped-cropped-cropped-02_00843_jt3bggkj1j3HLc7SyY6rEUpg.jpeg\",\"contentUrl\":\"https:\\\/\\\/skaitytaknyga.lt\\\/wp-content\\\/uploads\\\/2024\\\/05\\\/cropped-cropped-cropped-02_00843_jt3bggkj1j3HLc7SyY6rEUpg.jpeg\",\"width\":1600,\"height\":1600,\"caption\":\"skaitytaknyga.lt\"},\"image\":{\"@id\":\"https:\\\/\\\/skaitytaknyga.lt\\\/#\\\/schema\\\/logo\\\/image\\\/\"},\"sameAs\":[\"https:\\\/\\\/www.facebook.com\\\/skaitytaknyga\\\/\"]}]}<\/script>\n<!-- \/ Yoast SEO plugin. -->","yoast_head_json":{"title":"Nata Minor \u201ePono Froido skryb\u0117l\u0117\u201c - Skaitytaknyga","description":"Pereito am\u017eiaus prad\u017eios Viena. Zigmundas Froidas i\u0161eina pasivaik\u0161\u010dioti. Koks nuostabus oras! Laba diena, ponia Ema! D\u0117damasis skryb\u0117l\u0119 ant galvos, jis nustemba: skryb\u0117l\u0117je ne jo inicialai! I\u0161 kur atsirado \u0161ita skryb\u0117l\u0117? Ar nebus jos su savo skryb\u0117le sumai\u0161\u0119s kuris nors i\u0161 jo pacient\u0173?  Ir \u0161tai garsusis gydytojas, sutrik\u0119s d\u0117l apsirikimo, klaid\u017eioja Vienos gatv\u0117mis. Galv\u0105 u\u017epl\u016bsta trikdan\u010dios, keistos, padrikos min\u010di\u0173 asociacijos. Did\u017eiul\u0119 viet\u0105 jose u\u017eima ra\u0161ytojas Art\u016bras \u0160nicleris (Arthur Schnitzler) ir \u201etoji nepa\u017e\u012fstamoji\".  Romanas, sudarytas i\u0161 Froido gyvenimo ir k\u016brybos nuotrup\u0173, nestokoja humoro. Skaitytojui pa\u010diam palikta laisv\u0117 atskirti fikcij\u0105 nuo tikrov\u0117s.","robots":{"index":"index","follow":"follow","max-snippet":"max-snippet:-1","max-image-preview":"max-image-preview:large","max-video-preview":"max-video-preview:-1"},"canonical":"https:\/\/skaitytaknyga.lt\/en\/produktas\/nata-minor-pono-froido-skrybele\/","og_locale":"en_GB","og_type":"article","og_title":"Nata Minor \u201ePono Froido skryb\u0117l\u0117\u201c - Skaitytaknyga","og_description":"Pereito am\u017eiaus prad\u017eios Viena. Zigmundas Froidas i\u0161eina pasivaik\u0161\u010dioti. Koks nuostabus oras! Laba diena, ponia Ema! D\u0117damasis skryb\u0117l\u0119 ant galvos, jis nustemba: skryb\u0117l\u0117je ne jo inicialai! I\u0161 kur atsirado \u0161ita skryb\u0117l\u0117? Ar nebus jos su savo skryb\u0117le sumai\u0161\u0119s kuris nors i\u0161 jo pacient\u0173?  Ir \u0161tai garsusis gydytojas, sutrik\u0119s d\u0117l apsirikimo, klaid\u017eioja Vienos gatv\u0117mis. Galv\u0105 u\u017epl\u016bsta trikdan\u010dios, keistos, padrikos min\u010di\u0173 asociacijos. Did\u017eiul\u0119 viet\u0105 jose u\u017eima ra\u0161ytojas Art\u016bras \u0160nicleris (Arthur Schnitzler) ir \u201etoji nepa\u017e\u012fstamoji\".  Romanas, sudarytas i\u0161 Froido gyvenimo ir k\u016brybos nuotrup\u0173, nestokoja humoro. Skaitytojui pa\u010diam palikta laisv\u0117 atskirti fikcij\u0105 nuo tikrov\u0117s.","og_url":"https:\/\/skaitytaknyga.lt\/en\/produktas\/nata-minor-pono-froido-skrybele\/","og_site_name":"Skaitytaknyga","article_publisher":"https:\/\/www.facebook.com\/skaitytaknyga\/","article_modified_time":"2024-05-04T19:12:15+00:00","og_image":[{"width":550,"height":800,"url":"https:\/\/skaitytaknyga.lt\/wp-content\/uploads\/2024\/05\/pono-froido-skrybele.jpg","type":"image\/jpeg"}],"twitter_card":"summary_large_image","twitter_misc":{"Estimated reading time":"1 minute"},"schema":{"@context":"https:\/\/schema.org","@graph":[{"@type":"WebPage","@id":"https:\/\/skaitytaknyga.lt\/produktas\/nata-minor-pono-froido-skrybele\/","url":"https:\/\/skaitytaknyga.lt\/produktas\/nata-minor-pono-froido-skrybele\/","name":"Nata Minor \u201ePono Froido skryb\u0117l\u0117\u201c - Skaitytaknyga","isPartOf":{"@id":"https:\/\/skaitytaknyga.lt\/#website"},"primaryImageOfPage":{"@id":"https:\/\/skaitytaknyga.lt\/produktas\/nata-minor-pono-froido-skrybele\/#primaryimage"},"image":{"@id":"https:\/\/skaitytaknyga.lt\/produktas\/nata-minor-pono-froido-skrybele\/#primaryimage"},"thumbnailUrl":"https:\/\/skaitytaknyga.lt\/wp-content\/uploads\/2024\/05\/pono-froido-skrybele.jpg","datePublished":"2024-05-04T19:11:18+00:00","dateModified":"2024-05-04T19:12:15+00:00","description":"Pereito am\u017eiaus prad\u017eios Viena. Zigmundas Froidas i\u0161eina pasivaik\u0161\u010dioti. Koks nuostabus oras! Laba diena, ponia Ema! D\u0117damasis skryb\u0117l\u0119 ant galvos, jis nustemba: skryb\u0117l\u0117je ne jo inicialai! I\u0161 kur atsirado \u0161ita skryb\u0117l\u0117? Ar nebus jos su savo skryb\u0117le sumai\u0161\u0119s kuris nors i\u0161 jo pacient\u0173? Ir \u0161tai garsusis gydytojas, sutrik\u0119s d\u0117l apsirikimo, klaid\u017eioja Vienos gatv\u0117mis. Galv\u0105 u\u017epl\u016bsta trikdan\u010dios, keistos, padrikos min\u010di\u0173 asociacijos. Did\u017eiul\u0119 viet\u0105 jose u\u017eima ra\u0161ytojas Art\u016bras \u0160nicleris (Arthur Schnitzler) ir \u201etoji nepa\u017e\u012fstamoji\". Romanas, sudarytas i\u0161 Froido gyvenimo ir k\u016brybos nuotrup\u0173, nestokoja humoro. Skaitytojui pa\u010diam palikta laisv\u0117 atskirti fikcij\u0105 nuo tikrov\u0117s.","breadcrumb":{"@id":"https:\/\/skaitytaknyga.lt\/produktas\/nata-minor-pono-froido-skrybele\/#breadcrumb"},"inLanguage":"en-GB","potentialAction":[{"@type":"ReadAction","target":["https:\/\/skaitytaknyga.lt\/produktas\/nata-minor-pono-froido-skrybele\/"]}]},{"@type":"ImageObject","inLanguage":"en-GB","@id":"https:\/\/skaitytaknyga.lt\/produktas\/nata-minor-pono-froido-skrybele\/#primaryimage","url":"https:\/\/skaitytaknyga.lt\/wp-content\/uploads\/2024\/05\/pono-froido-skrybele.jpg","contentUrl":"https:\/\/skaitytaknyga.lt\/wp-content\/uploads\/2024\/05\/pono-froido-skrybele.jpg","width":550,"height":800},{"@type":"BreadcrumbList","@id":"https:\/\/skaitytaknyga.lt\/produktas\/nata-minor-pono-froido-skrybele\/#breadcrumb","itemListElement":[{"@type":"ListItem","position":1,"name":"Home","item":"https:\/\/skaitytaknyga.lt\/"},{"@type":"ListItem","position":2,"name":"Parduotuv\u0117","item":"https:\/\/skaitytaknyga.lt\/knygu-parduotuve\/"},{"@type":"ListItem","position":3,"name":"Nata Minor \u201ePono Froido skryb\u0117l\u0117\u201c"}]},{"@type":"WebSite","@id":"https:\/\/skaitytaknyga.lt\/#website","url":"https:\/\/skaitytaknyga.lt\/","name":"skaitytaknyga.lt","description":"Skaitytaknyga.lt \u2013 tai ma\u017eas \u0161eimos verslas, kuris prasid\u0117jo nuo meil\u0117s knygoms ir siekio i\u0161gelb\u0117ti knygas nuo likimo prie konteinerio. Kas vienam nereikalingas daiktas \u2013 kitam lobis, o mes esame tarpininkai, kurie padeda abiems tapti laimingesniems ???? \u017dinome kaip nelengva i\u0161gyventi ma\u017eiems verslams, tad nuo \u0161iol, \u010dia rasite ir kit\u0173, ma\u017e\u0173 \u0161eim\u0173 versl\u0173, rank\u0173 darbo, dovan\u0173 sau ir artimiesiems.","publisher":{"@id":"https:\/\/skaitytaknyga.lt\/#organization"},"potentialAction":[{"@type":"SearchAction","target":{"@type":"EntryPoint","urlTemplate":"https:\/\/skaitytaknyga.lt\/?s={search_term_string}"},"query-input":{"@type":"PropertyValueSpecification","valueRequired":true,"valueName":"search_term_string"}}],"inLanguage":"en-GB"},{"@type":"Organization","@id":"https:\/\/skaitytaknyga.lt\/#organization","name":"skaitytaknyga.lt","url":"https:\/\/skaitytaknyga.lt\/","logo":{"@type":"ImageObject","inLanguage":"en-GB","@id":"https:\/\/skaitytaknyga.lt\/#\/schema\/logo\/image\/","url":"https:\/\/skaitytaknyga.lt\/wp-content\/uploads\/2024\/05\/cropped-cropped-cropped-02_00843_jt3bggkj1j3HLc7SyY6rEUpg.jpeg","contentUrl":"https:\/\/skaitytaknyga.lt\/wp-content\/uploads\/2024\/05\/cropped-cropped-cropped-02_00843_jt3bggkj1j3HLc7SyY6rEUpg.jpeg","width":1600,"height":1600,"caption":"skaitytaknyga.lt"},"image":{"@id":"https:\/\/skaitytaknyga.lt\/#\/schema\/logo\/image\/"},"sameAs":["https:\/\/www.facebook.com\/skaitytaknyga\/"]}]}},"_links":{"self":[{"href":"https:\/\/skaitytaknyga.lt\/en\/wp-json\/wp\/v2\/product\/10686","targetHints":{"allow":["GET"]}}],"collection":[{"href":"https:\/\/skaitytaknyga.lt\/en\/wp-json\/wp\/v2\/product"}],"about":[{"href":"https:\/\/skaitytaknyga.lt\/en\/wp-json\/wp\/v2\/types\/product"}],"replies":[{"embeddable":true,"href":"https:\/\/skaitytaknyga.lt\/en\/wp-json\/wp\/v2\/comments?post=10686"}],"wp:featuredmedia":[{"embeddable":true,"href":"https:\/\/skaitytaknyga.lt\/en\/wp-json\/wp\/v2\/media\/10719"}],"wp:attachment":[{"href":"https:\/\/skaitytaknyga.lt\/en\/wp-json\/wp\/v2\/media?parent=10686"}],"wp:term":[{"taxonomy":"product_brand","embeddable":true,"href":"https:\/\/skaitytaknyga.lt\/en\/wp-json\/wp\/v2\/product_brand?post=10686"},{"taxonomy":"product_cat","embeddable":true,"href":"https:\/\/skaitytaknyga.lt\/en\/wp-json\/wp\/v2\/product_cat?post=10686"},{"taxonomy":"product_tag","embeddable":true,"href":"https:\/\/skaitytaknyga.lt\/en\/wp-json\/wp\/v2\/product_tag?post=10686"}],"curies":[{"name":"wp","href":"https:\/\/api.w.org\/{rel}","templated":true}]}}