{"id":10676,"date":"2024-05-04T19:10:54","date_gmt":"2024-05-04T19:10:54","guid":{"rendered":"https:\/\/skaitytaknyga.lt\/?post_type=product&#038;p=10676"},"modified":"2025-05-15T09:39:31","modified_gmt":"2025-05-15T06:39:31","slug":"c-bukowski-pastas-pagelte-lapai","status":"publish","type":"product","link":"https:\/\/skaitytaknyga.lt\/en\/produktas\/c-bukowski-pastas-pagelte-lapai\/","title":{"rendered":"Pa\u0161tas"},"content":{"rendered":"<p>\u201eBukowski valdingas, jis meta i\u0161\u0161\u016bk\u012f. \u0160li\u016bk\u0161tel\u0117damas \u0161alto vandens stiklin\u0119 jums \u012f veid\u0105 jis reikalauja pagalvoti, kas esate ir ko vertas j\u016bs\u0173 gyvenimas.&#8221;<\/p>\n<p>John Martin, leid\u0117jas<\/p>\n<p>\u201eBukowski ra\u0161o apie mus \u2013 netobulus, kartais padauginan\u010dius, klystan\u010dius. Jis u\u017etaria mus ir gina nuo tobulyb\u0117s fa\u0161izmo. Bukowskis \u2013 subtilus psichologas: b\u016btent tai \u2013 o ne ne\u0161vankyb\u0117s \u2013 i\u0161 ties\u0173 patraukia skaitytoj\u0105.&#8221;<\/p>\n<p>Gediminas Baranauskas, leid\u0117jas<\/p>\n<p>Pirmas ir, daugelio kritik\u0173 nuomone, geriausias Amerikos andergraundo ra\u0161ytojo Charleso Bukowski romanas \u2013 tai ir negailestingas dugne atsid\u016brusio \u017emogaus dienora\u0161tis, a\u0161tri bukinan\u010dios pasaulio tvarkos satyra, ir nuo\u0161irdi, gal net sentimentali graud\u017ei\u0173 meil\u0117s istorij\u0173 knyga.<\/p>\n<p>Anot autoriaus, \u0161iai knygai para\u0161yti jam prireik\u0117 dvide\u0161imties nakt\u0173, dvide\u0161imties pint\u0173 viskio, trisde\u0161imt penki\u0173 pakuo\u010di\u0173 alaus ir a\u0161tuoniasde\u0161imties cigar\u0173.<\/p>\n<p>Autoriaus alter ego Henris \u010cinaskis \u2013 pa\u0161to tarnautojas, girtuoklis, lo\u0161\u0117jas, mergi\u0161ius, atsiskyr\u0117lis \u2013 did\u017eiul\u0117s emocin\u0117s j\u0117gos ir juodojo humoro kupiname pasakojime atveria skaitytojui negailesting\u0105 Amerikos tikrov\u0119. Tai nutriu\u0161usi\u0173 bar\u0173, darbinink\u0173, laisvo elgesio moter\u0173, latr\u0173 ir visokio plauko nevyk\u0117li\u0173 pasaulis.<\/p>\n","protected":false},"excerpt":{"rendered":"<p>\u201eBukowski valdingas, jis meta i\u0161\u0161\u016bk\u012f. \u0160li\u016bk\u0161tel\u0117damas \u0161alto vandens stiklin\u0119 jums \u012f veid\u0105 jis reikalauja pagalvoti, kas esate ir ko vertas j\u016bs\u0173 gyvenimas.&#8221;<\/p>\n<p>John Martin, leid\u0117jas<\/p>\n<p>\u201eBukowski ra\u0161o apie mus \u2013 netobulus, kartais padauginan\u010dius, klystan\u010dius. Jis u\u017etaria mus ir gina nuo tobulyb\u0117s fa\u0161izmo. Bukowskis \u2013 subtilus psichologas: b\u016btent tai \u2013 o ne ne\u0161vankyb\u0117s \u2013 i\u0161 ties\u0173 patraukia skaitytoj\u0105.&#8221;<\/p>\n<p>Gediminas Baranauskas, leid\u0117jas<\/p>\n<p>Pirmas ir, daugelio kritik\u0173 nuomone, geriausias Amerikos andergraundo ra\u0161ytojo Charleso Bukowski romanas \u2013 tai ir negailestingas dugne atsid\u016brusio \u017emogaus dienora\u0161tis, a\u0161tri bukinan\u010dios pasaulio tvarkos satyra, ir nuo\u0161irdi, gal net sentimentali graud\u017ei\u0173 meil\u0117s istorij\u0173 knyga.<\/p>\n<p>Anot autoriaus, \u0161iai knygai para\u0161yti jam prireik\u0117 dvide\u0161imties nakt\u0173, dvide\u0161imties pint\u0173 viskio, trisde\u0161imt penki\u0173 pakuo\u010di\u0173 alaus ir a\u0161tuoniasde\u0161imties cigar\u0173.<\/p>\n<p>Autoriaus alter ego Henris \u010cinaskis \u2013 pa\u0161to tarnautojas, girtuoklis, lo\u0161\u0117jas, mergi\u0161ius, atsiskyr\u0117lis \u2013 did\u017eiul\u0117s emocin\u0117s j\u0117gos ir juodojo humoro kupiname pasakojime atveria skaitytojui negailesting\u0105 Amerikos tikrov\u0119. Tai nutriu\u0161usi\u0173 bar\u0173, darbinink\u0173, laisvo elgesio moter\u0173, latr\u0173 ir visokio plauko nevyk\u0117li\u0173 pasaulis.<\/p>\n","protected":false},"featured_media":10717,"comment_status":"closed","ping_status":"closed","template":"","meta":{"_acf_changed":false,"site-sidebar-layout":"default","site-content-layout":"","ast-site-content-layout":"default","site-content-style":"default","site-sidebar-style":"default","ast-global-header-display":"","ast-banner-title-visibility":"","ast-main-header-display":"","ast-hfb-above-header-display":"","ast-hfb-below-header-display":"","ast-hfb-mobile-header-display":"","site-post-title":"","ast-breadcrumbs-content":"","ast-featured-img":"","footer-sml-layout":"","ast-disable-related-posts":"","theme-transparent-header-meta":"","adv-header-id-meta":"","stick-header-meta":"","header-above-stick-meta":"","header-main-stick-meta":"","header-below-stick-meta":"","astra-migrate-meta-layouts":"default","ast-page-background-enabled":"default","ast-page-background-meta":{"desktop":{"background-color":"","background-image":"","background-repeat":"repeat","background-position":"center center","background-size":"auto","background-attachment":"scroll","background-type":"","background-media":"","overlay-type":"","overlay-color":"","overlay-opacity":"","overlay-gradient":""},"tablet":{"background-color":"","background-image":"","background-repeat":"repeat","background-position":"center center","background-size":"auto","background-attachment":"scroll","background-type":"","background-media":"","overlay-type":"","overlay-color":"","overlay-opacity":"","overlay-gradient":""},"mobile":{"background-color":"","background-image":"","background-repeat":"repeat","background-position":"center center","background-size":"auto","background-attachment":"scroll","background-type":"","background-media":"","overlay-type":"","overlay-color":"","overlay-opacity":"","overlay-gradient":""}},"ast-content-background-meta":{"desktop":{"background-color":"var(--ast-global-color-4)","background-image":"","background-repeat":"repeat","background-position":"center center","background-size":"auto","background-attachment":"scroll","background-type":"","background-media":"","overlay-type":"","overlay-color":"","overlay-opacity":"","overlay-gradient":""},"tablet":{"background-color":"var(--ast-global-color-4)","background-image":"","background-repeat":"repeat","background-position":"center center","background-size":"auto","background-attachment":"scroll","background-type":"","background-media":"","overlay-type":"","overlay-color":"","overlay-opacity":"","overlay-gradient":""},"mobile":{"background-color":"var(--ast-global-color-4)","background-image":"","background-repeat":"repeat","background-position":"center center","background-size":"auto","background-attachment":"scroll","background-type":"","background-media":"","overlay-type":"","overlay-color":"","overlay-opacity":"","overlay-gradient":""}}},"product_brand":[],"product_cat":[31],"product_tag":[2040,2784,2782,2786,2787,2785,2783],"class_list":{"0":"post-10676","1":"product","2":"type-product","3":"status-publish","4":"has-post-thumbnail","6":"product_cat-grozine-literatura","7":"product_tag-amerikieciu-literatura","8":"product_tag-autobiografinis-romanas","9":"product_tag-charles-bukowski","10":"product_tag-darbas","11":"product_tag-miesto-kasdienybe","12":"product_tag-nihilizmas","13":"product_tag-pastininko-gyvenimas","14":"desktop-align-left","15":"tablet-align-left","16":"mobile-align-left","18":"first","19":"instock","20":"shipping-taxable","21":"purchasable","22":"product-type-simple"},"acf":[],"yoast_head":"<!-- This site is optimized with the Yoast SEO plugin v27.0 - https:\/\/yoast.com\/product\/yoast-seo-wordpress\/ -->\n<title>Pa\u0161tas<\/title>\n<meta name=\"description\" content=\"\u201eBukowski valdingas, jis meta i\u0161\u0161\u016bk\u012f. \u0160li\u016bk\u0161tel\u0117damas \u0161alto vandens stiklin\u0119 jums \u012f veid\u0105 jis reikalauja pagalvoti, kas esate ir ko vertas j\u016bs\u0173 gyvenimas.&quot;  John Martin, leid\u0117jas  \u201eBukowski ra\u0161o apie mus \u2013 netobulus, kartais padauginan\u010dius, klystan\u010dius. Jis u\u017etaria mus ir gina nuo tobulyb\u0117s fa\u0161izmo. Bukowskis \u2013 subtilus psichologas: b\u016btent tai \u2013 o ne ne\u0161vankyb\u0117s \u2013 i\u0161 ties\u0173 patraukia skaitytoj\u0105.&quot;  Gediminas Baranauskas, leid\u0117jas  Pirmas ir, daugelio kritik\u0173 nuomone, geriausias Amerikos andergraundo ra\u0161ytojo Charleso Bukowski romanas \u2013 tai ir negailestingas dugne atsid\u016brusio \u017emogaus dienora\u0161tis, a\u0161tri bukinan\u010dios pasaulio tvarkos satyra, ir nuo\u0161irdi, gal net sentimentali graud\u017ei\u0173 meil\u0117s istorij\u0173 knyga.  Anot autoriaus, \u0161iai knygai para\u0161yti jam prireik\u0117 dvide\u0161imties nakt\u0173, dvide\u0161imties pint\u0173 viskio, trisde\u0161imt penki\u0173 pakuo\u010di\u0173 alaus ir a\u0161tuoniasde\u0161imties cigar\u0173.  Autoriaus alter ego Henris \u010cinaskis \u2013 pa\u0161to tarnautojas, girtuoklis, lo\u0161\u0117jas, mergi\u0161ius, atsiskyr\u0117lis \u2013 did\u017eiul\u0117s emocin\u0117s j\u0117gos ir juodojo humoro kupiname pasakojime atveria skaitytojui negailesting\u0105 Amerikos tikrov\u0119. Tai nutriu\u0161usi\u0173 bar\u0173, darbinink\u0173, laisvo elgesio moter\u0173, latr\u0173 ir visokio plauko nevyk\u0117li\u0173 pasaulis.\" \/>\n<meta name=\"robots\" content=\"index, follow, max-snippet:-1, max-image-preview:large, max-video-preview:-1\" \/>\n<link rel=\"canonical\" href=\"https:\/\/skaitytaknyga.lt\/en\/produktas\/c-bukowski-pastas-pagelte-lapai\/\" \/>\n<meta property=\"og:locale\" content=\"en_GB\" \/>\n<meta property=\"og:locale:alternate\" content=\"lt_LT\" \/>\n<meta property=\"og:type\" content=\"article\" \/>\n<meta property=\"og:title\" content=\"Pa\u0161tas\" \/>\n<meta property=\"og:description\" content=\"\u201eBukowski valdingas, jis meta i\u0161\u0161\u016bk\u012f. \u0160li\u016bk\u0161tel\u0117damas \u0161alto vandens stiklin\u0119 jums \u012f veid\u0105 jis reikalauja pagalvoti, kas esate ir ko vertas j\u016bs\u0173 gyvenimas.&quot;  John Martin, leid\u0117jas  \u201eBukowski ra\u0161o apie mus \u2013 netobulus, kartais padauginan\u010dius, klystan\u010dius. Jis u\u017etaria mus ir gina nuo tobulyb\u0117s fa\u0161izmo. Bukowskis \u2013 subtilus psichologas: b\u016btent tai \u2013 o ne ne\u0161vankyb\u0117s \u2013 i\u0161 ties\u0173 patraukia skaitytoj\u0105.&quot;  Gediminas Baranauskas, leid\u0117jas  Pirmas ir, daugelio kritik\u0173 nuomone, geriausias Amerikos andergraundo ra\u0161ytojo Charleso Bukowski romanas \u2013 tai ir negailestingas dugne atsid\u016brusio \u017emogaus dienora\u0161tis, a\u0161tri bukinan\u010dios pasaulio tvarkos satyra, ir nuo\u0161irdi, gal net sentimentali graud\u017ei\u0173 meil\u0117s istorij\u0173 knyga.  Anot autoriaus, \u0161iai knygai para\u0161yti jam prireik\u0117 dvide\u0161imties nakt\u0173, dvide\u0161imties pint\u0173 viskio, trisde\u0161imt penki\u0173 pakuo\u010di\u0173 alaus ir a\u0161tuoniasde\u0161imties cigar\u0173.  Autoriaus alter ego Henris \u010cinaskis \u2013 pa\u0161to tarnautojas, girtuoklis, lo\u0161\u0117jas, mergi\u0161ius, atsiskyr\u0117lis \u2013 did\u017eiul\u0117s emocin\u0117s j\u0117gos ir juodojo humoro kupiname pasakojime atveria skaitytojui negailesting\u0105 Amerikos tikrov\u0119. Tai nutriu\u0161usi\u0173 bar\u0173, darbinink\u0173, laisvo elgesio moter\u0173, latr\u0173 ir visokio plauko nevyk\u0117li\u0173 pasaulis.\" \/>\n<meta property=\"og:url\" content=\"https:\/\/skaitytaknyga.lt\/en\/produktas\/c-bukowski-pastas-pagelte-lapai\/\" \/>\n<meta property=\"og:site_name\" content=\"Skaitytaknyga\" \/>\n<meta property=\"article:publisher\" content=\"https:\/\/www.facebook.com\/skaitytaknyga\/\" \/>\n<meta property=\"article:modified_time\" content=\"2025-05-15T06:39:31+00:00\" \/>\n<meta property=\"og:image\" content=\"https:\/\/skaitytaknyga.lt\/wp-content\/uploads\/2024\/05\/223737-pastas-e1665909649406.jpg\" \/>\n\t<meta property=\"og:image:width\" content=\"260\" \/>\n\t<meta property=\"og:image:height\" content=\"355\" \/>\n\t<meta property=\"og:image:type\" content=\"image\/jpeg\" \/>\n<meta name=\"twitter:card\" content=\"summary_large_image\" \/>\n<meta name=\"twitter:label1\" content=\"Estimated reading time\" \/>\n\t<meta name=\"twitter:data1\" content=\"1 minute\" \/>\n<script type=\"application\/ld+json\" class=\"yoast-schema-graph\">{\"@context\":\"https:\/\/schema.org\",\"@graph\":[{\"@type\":\"WebPage\",\"@id\":\"https:\/\/skaitytaknyga.lt\/produktas\/c-bukowski-pastas-pagelte-lapai\/\",\"url\":\"https:\/\/skaitytaknyga.lt\/produktas\/c-bukowski-pastas-pagelte-lapai\/\",\"name\":\"Pa\u0161tas\",\"isPartOf\":{\"@id\":\"https:\/\/skaitytaknyga.lt\/#website\"},\"primaryImageOfPage\":{\"@id\":\"https:\/\/skaitytaknyga.lt\/produktas\/c-bukowski-pastas-pagelte-lapai\/#primaryimage\"},\"image\":{\"@id\":\"https:\/\/skaitytaknyga.lt\/produktas\/c-bukowski-pastas-pagelte-lapai\/#primaryimage\"},\"thumbnailUrl\":\"https:\/\/skaitytaknyga.lt\/wp-content\/uploads\/2024\/05\/223737-pastas-e1665909649406.jpg\",\"datePublished\":\"2024-05-04T19:10:54+00:00\",\"dateModified\":\"2025-05-15T06:39:31+00:00\",\"description\":\"\u201eBukowski valdingas, jis meta i\u0161\u0161\u016bk\u012f. \u0160li\u016bk\u0161tel\u0117damas \u0161alto vandens stiklin\u0119 jums \u012f veid\u0105 jis reikalauja pagalvoti, kas esate ir ko vertas j\u016bs\u0173 gyvenimas.\\\" John Martin, leid\u0117jas \u201eBukowski ra\u0161o apie mus \u2013 netobulus, kartais padauginan\u010dius, klystan\u010dius. Jis u\u017etaria mus ir gina nuo tobulyb\u0117s fa\u0161izmo. Bukowskis \u2013 subtilus psichologas: b\u016btent tai \u2013 o ne ne\u0161vankyb\u0117s \u2013 i\u0161 ties\u0173 patraukia skaitytoj\u0105.\\\" Gediminas Baranauskas, leid\u0117jas Pirmas ir, daugelio kritik\u0173 nuomone, geriausias Amerikos andergraundo ra\u0161ytojo Charleso Bukowski romanas \u2013 tai ir negailestingas dugne atsid\u016brusio \u017emogaus dienora\u0161tis, a\u0161tri bukinan\u010dios pasaulio tvarkos satyra, ir nuo\u0161irdi, gal net sentimentali graud\u017ei\u0173 meil\u0117s istorij\u0173 knyga. Anot autoriaus, \u0161iai knygai para\u0161yti jam prireik\u0117 dvide\u0161imties nakt\u0173, dvide\u0161imties pint\u0173 viskio, trisde\u0161imt penki\u0173 pakuo\u010di\u0173 alaus ir a\u0161tuoniasde\u0161imties cigar\u0173. Autoriaus alter ego Henris \u010cinaskis \u2013 pa\u0161to tarnautojas, girtuoklis, lo\u0161\u0117jas, mergi\u0161ius, atsiskyr\u0117lis \u2013 did\u017eiul\u0117s emocin\u0117s j\u0117gos ir juodojo humoro kupiname pasakojime atveria skaitytojui negailesting\u0105 Amerikos tikrov\u0119. Tai nutriu\u0161usi\u0173 bar\u0173, darbinink\u0173, laisvo elgesio moter\u0173, latr\u0173 ir visokio plauko nevyk\u0117li\u0173 pasaulis.\",\"breadcrumb\":{\"@id\":\"https:\/\/skaitytaknyga.lt\/produktas\/c-bukowski-pastas-pagelte-lapai\/#breadcrumb\"},\"inLanguage\":\"en-GB\",\"potentialAction\":[{\"@type\":\"ReadAction\",\"target\":[\"https:\/\/skaitytaknyga.lt\/produktas\/c-bukowski-pastas-pagelte-lapai\/\"]}]},{\"@type\":\"ImageObject\",\"inLanguage\":\"en-GB\",\"@id\":\"https:\/\/skaitytaknyga.lt\/produktas\/c-bukowski-pastas-pagelte-lapai\/#primaryimage\",\"url\":\"https:\/\/skaitytaknyga.lt\/wp-content\/uploads\/2024\/05\/223737-pastas-e1665909649406.jpg\",\"contentUrl\":\"https:\/\/skaitytaknyga.lt\/wp-content\/uploads\/2024\/05\/223737-pastas-e1665909649406.jpg\",\"width\":260,\"height\":355},{\"@type\":\"BreadcrumbList\",\"@id\":\"https:\/\/skaitytaknyga.lt\/produktas\/c-bukowski-pastas-pagelte-lapai\/#breadcrumb\",\"itemListElement\":[{\"@type\":\"ListItem\",\"position\":1,\"name\":\"Home\",\"item\":\"https:\/\/skaitytaknyga.lt\/\"},{\"@type\":\"ListItem\",\"position\":2,\"name\":\"Parduotuv\u0117\",\"item\":\"https:\/\/skaitytaknyga.lt\/knygu-parduotuve\/\"},{\"@type\":\"ListItem\",\"position\":3,\"name\":\"Pa\u0161tas\"}]},{\"@type\":\"WebSite\",\"@id\":\"https:\/\/skaitytaknyga.lt\/#website\",\"url\":\"https:\/\/skaitytaknyga.lt\/\",\"name\":\"skaitytaknyga.lt\",\"description\":\"Skaitytaknyga.lt \u2013 tai ma\u017eas \u0161eimos verslas, kuris prasid\u0117jo nuo meil\u0117s knygoms ir siekio i\u0161gelb\u0117ti knygas nuo likimo prie konteinerio. Kas vienam nereikalingas daiktas \u2013 kitam lobis, o mes esame tarpininkai, kurie padeda abiems tapti laimingesniems ???? \u017dinome kaip nelengva i\u0161gyventi ma\u017eiems verslams, tad nuo \u0161iol, \u010dia rasite ir kit\u0173, ma\u017e\u0173 \u0161eim\u0173 versl\u0173, rank\u0173 darbo, dovan\u0173 sau ir artimiesiems.\",\"publisher\":{\"@id\":\"https:\/\/skaitytaknyga.lt\/#organization\"},\"potentialAction\":[{\"@type\":\"SearchAction\",\"target\":{\"@type\":\"EntryPoint\",\"urlTemplate\":\"https:\/\/skaitytaknyga.lt\/?s={search_term_string}\"},\"query-input\":{\"@type\":\"PropertyValueSpecification\",\"valueRequired\":true,\"valueName\":\"search_term_string\"}}],\"inLanguage\":\"en-GB\"},{\"@type\":\"Organization\",\"@id\":\"https:\/\/skaitytaknyga.lt\/#organization\",\"name\":\"skaitytaknyga.lt\",\"url\":\"https:\/\/skaitytaknyga.lt\/\",\"logo\":{\"@type\":\"ImageObject\",\"inLanguage\":\"en-GB\",\"@id\":\"https:\/\/skaitytaknyga.lt\/#\/schema\/logo\/image\/\",\"url\":\"https:\/\/skaitytaknyga.lt\/wp-content\/uploads\/2024\/05\/cropped-cropped-cropped-02_00843_jt3bggkj1j3HLc7SyY6rEUpg.jpeg\",\"contentUrl\":\"https:\/\/skaitytaknyga.lt\/wp-content\/uploads\/2024\/05\/cropped-cropped-cropped-02_00843_jt3bggkj1j3HLc7SyY6rEUpg.jpeg\",\"width\":1600,\"height\":1600,\"caption\":\"skaitytaknyga.lt\"},\"image\":{\"@id\":\"https:\/\/skaitytaknyga.lt\/#\/schema\/logo\/image\/\"},\"sameAs\":[\"https:\/\/www.facebook.com\/skaitytaknyga\/\"]}]}<\/script>\n<!-- \/ Yoast SEO plugin. -->","yoast_head_json":{"title":"Pa\u0161tas","description":"\u201eBukowski valdingas, jis meta i\u0161\u0161\u016bk\u012f. \u0160li\u016bk\u0161tel\u0117damas \u0161alto vandens stiklin\u0119 jums \u012f veid\u0105 jis reikalauja pagalvoti, kas esate ir ko vertas j\u016bs\u0173 gyvenimas.\"  John Martin, leid\u0117jas  \u201eBukowski ra\u0161o apie mus \u2013 netobulus, kartais padauginan\u010dius, klystan\u010dius. Jis u\u017etaria mus ir gina nuo tobulyb\u0117s fa\u0161izmo. Bukowskis \u2013 subtilus psichologas: b\u016btent tai \u2013 o ne ne\u0161vankyb\u0117s \u2013 i\u0161 ties\u0173 patraukia skaitytoj\u0105.\"  Gediminas Baranauskas, leid\u0117jas  Pirmas ir, daugelio kritik\u0173 nuomone, geriausias Amerikos andergraundo ra\u0161ytojo Charleso Bukowski romanas \u2013 tai ir negailestingas dugne atsid\u016brusio \u017emogaus dienora\u0161tis, a\u0161tri bukinan\u010dios pasaulio tvarkos satyra, ir nuo\u0161irdi, gal net sentimentali graud\u017ei\u0173 meil\u0117s istorij\u0173 knyga.  Anot autoriaus, \u0161iai knygai para\u0161yti jam prireik\u0117 dvide\u0161imties nakt\u0173, dvide\u0161imties pint\u0173 viskio, trisde\u0161imt penki\u0173 pakuo\u010di\u0173 alaus ir a\u0161tuoniasde\u0161imties cigar\u0173.  Autoriaus alter ego Henris \u010cinaskis \u2013 pa\u0161to tarnautojas, girtuoklis, lo\u0161\u0117jas, mergi\u0161ius, atsiskyr\u0117lis \u2013 did\u017eiul\u0117s emocin\u0117s j\u0117gos ir juodojo humoro kupiname pasakojime atveria skaitytojui negailesting\u0105 Amerikos tikrov\u0119. Tai nutriu\u0161usi\u0173 bar\u0173, darbinink\u0173, laisvo elgesio moter\u0173, latr\u0173 ir visokio plauko nevyk\u0117li\u0173 pasaulis.","robots":{"index":"index","follow":"follow","max-snippet":"max-snippet:-1","max-image-preview":"max-image-preview:large","max-video-preview":"max-video-preview:-1"},"canonical":"https:\/\/skaitytaknyga.lt\/en\/produktas\/c-bukowski-pastas-pagelte-lapai\/","og_locale":"en_GB","og_type":"article","og_title":"[:lt]Pa\u0161tas[:] - Skaitytaknyga","og_description":"\u201eBukowski valdingas, jis meta i\u0161\u0161\u016bk\u012f. \u0160li\u016bk\u0161tel\u0117damas \u0161alto vandens stiklin\u0119 jums \u012f veid\u0105 jis reikalauja pagalvoti, kas esate ir ko vertas j\u016bs\u0173 gyvenimas.\"  John Martin, leid\u0117jas  \u201eBukowski ra\u0161o apie mus \u2013 netobulus, kartais padauginan\u010dius, klystan\u010dius. Jis u\u017etaria mus ir gina nuo tobulyb\u0117s fa\u0161izmo. Bukowskis \u2013 subtilus psichologas: b\u016btent tai \u2013 o ne ne\u0161vankyb\u0117s \u2013 i\u0161 ties\u0173 patraukia skaitytoj\u0105.\"  Gediminas Baranauskas, leid\u0117jas  Pirmas ir, daugelio kritik\u0173 nuomone, geriausias Amerikos andergraundo ra\u0161ytojo Charleso Bukowski romanas \u2013 tai ir negailestingas dugne atsid\u016brusio \u017emogaus dienora\u0161tis, a\u0161tri bukinan\u010dios pasaulio tvarkos satyra, ir nuo\u0161irdi, gal net sentimentali graud\u017ei\u0173 meil\u0117s istorij\u0173 knyga.  Anot autoriaus, \u0161iai knygai para\u0161yti jam prireik\u0117 dvide\u0161imties nakt\u0173, dvide\u0161imties pint\u0173 viskio, trisde\u0161imt penki\u0173 pakuo\u010di\u0173 alaus ir a\u0161tuoniasde\u0161imties cigar\u0173.  Autoriaus alter ego Henris \u010cinaskis \u2013 pa\u0161to tarnautojas, girtuoklis, lo\u0161\u0117jas, mergi\u0161ius, atsiskyr\u0117lis \u2013 did\u017eiul\u0117s emocin\u0117s j\u0117gos ir juodojo humoro kupiname pasakojime atveria skaitytojui negailesting\u0105 Amerikos tikrov\u0119. Tai nutriu\u0161usi\u0173 bar\u0173, darbinink\u0173, laisvo elgesio moter\u0173, latr\u0173 ir visokio plauko nevyk\u0117li\u0173 pasaulis.","og_url":"https:\/\/skaitytaknyga.lt\/en\/produktas\/c-bukowski-pastas-pagelte-lapai\/","og_site_name":"Skaitytaknyga","article_publisher":"https:\/\/www.facebook.com\/skaitytaknyga\/","article_modified_time":"2025-05-15T06:39:31+00:00","og_image":[{"width":260,"height":355,"url":"https:\/\/skaitytaknyga.lt\/wp-content\/uploads\/2024\/05\/223737-pastas-e1665909649406.jpg","type":"image\/jpeg"}],"twitter_card":"summary_large_image","twitter_misc":{"Estimated reading time":"1 minute"},"schema":{"@context":"https:\/\/schema.org","@graph":[{"@type":"WebPage","@id":"https:\/\/skaitytaknyga.lt\/produktas\/c-bukowski-pastas-pagelte-lapai\/","url":"https:\/\/skaitytaknyga.lt\/produktas\/c-bukowski-pastas-pagelte-lapai\/","name":"Pa\u0161tas","isPartOf":{"@id":"https:\/\/skaitytaknyga.lt\/#website"},"primaryImageOfPage":{"@id":"https:\/\/skaitytaknyga.lt\/produktas\/c-bukowski-pastas-pagelte-lapai\/#primaryimage"},"image":{"@id":"https:\/\/skaitytaknyga.lt\/produktas\/c-bukowski-pastas-pagelte-lapai\/#primaryimage"},"thumbnailUrl":"https:\/\/skaitytaknyga.lt\/wp-content\/uploads\/2024\/05\/223737-pastas-e1665909649406.jpg","datePublished":"2024-05-04T19:10:54+00:00","dateModified":"2025-05-15T06:39:31+00:00","description":"\u201eBukowski valdingas, jis meta i\u0161\u0161\u016bk\u012f. \u0160li\u016bk\u0161tel\u0117damas \u0161alto vandens stiklin\u0119 jums \u012f veid\u0105 jis reikalauja pagalvoti, kas esate ir ko vertas j\u016bs\u0173 gyvenimas.\" John Martin, leid\u0117jas \u201eBukowski ra\u0161o apie mus \u2013 netobulus, kartais padauginan\u010dius, klystan\u010dius. Jis u\u017etaria mus ir gina nuo tobulyb\u0117s fa\u0161izmo. Bukowskis \u2013 subtilus psichologas: b\u016btent tai \u2013 o ne ne\u0161vankyb\u0117s \u2013 i\u0161 ties\u0173 patraukia skaitytoj\u0105.\" Gediminas Baranauskas, leid\u0117jas Pirmas ir, daugelio kritik\u0173 nuomone, geriausias Amerikos andergraundo ra\u0161ytojo Charleso Bukowski romanas \u2013 tai ir negailestingas dugne atsid\u016brusio \u017emogaus dienora\u0161tis, a\u0161tri bukinan\u010dios pasaulio tvarkos satyra, ir nuo\u0161irdi, gal net sentimentali graud\u017ei\u0173 meil\u0117s istorij\u0173 knyga. Anot autoriaus, \u0161iai knygai para\u0161yti jam prireik\u0117 dvide\u0161imties nakt\u0173, dvide\u0161imties pint\u0173 viskio, trisde\u0161imt penki\u0173 pakuo\u010di\u0173 alaus ir a\u0161tuoniasde\u0161imties cigar\u0173. Autoriaus alter ego Henris \u010cinaskis \u2013 pa\u0161to tarnautojas, girtuoklis, lo\u0161\u0117jas, mergi\u0161ius, atsiskyr\u0117lis \u2013 did\u017eiul\u0117s emocin\u0117s j\u0117gos ir juodojo humoro kupiname pasakojime atveria skaitytojui negailesting\u0105 Amerikos tikrov\u0119. Tai nutriu\u0161usi\u0173 bar\u0173, darbinink\u0173, laisvo elgesio moter\u0173, latr\u0173 ir visokio plauko nevyk\u0117li\u0173 pasaulis.","breadcrumb":{"@id":"https:\/\/skaitytaknyga.lt\/produktas\/c-bukowski-pastas-pagelte-lapai\/#breadcrumb"},"inLanguage":"en-GB","potentialAction":[{"@type":"ReadAction","target":["https:\/\/skaitytaknyga.lt\/produktas\/c-bukowski-pastas-pagelte-lapai\/"]}]},{"@type":"ImageObject","inLanguage":"en-GB","@id":"https:\/\/skaitytaknyga.lt\/produktas\/c-bukowski-pastas-pagelte-lapai\/#primaryimage","url":"https:\/\/skaitytaknyga.lt\/wp-content\/uploads\/2024\/05\/223737-pastas-e1665909649406.jpg","contentUrl":"https:\/\/skaitytaknyga.lt\/wp-content\/uploads\/2024\/05\/223737-pastas-e1665909649406.jpg","width":260,"height":355},{"@type":"BreadcrumbList","@id":"https:\/\/skaitytaknyga.lt\/produktas\/c-bukowski-pastas-pagelte-lapai\/#breadcrumb","itemListElement":[{"@type":"ListItem","position":1,"name":"Home","item":"https:\/\/skaitytaknyga.lt\/"},{"@type":"ListItem","position":2,"name":"Parduotuv\u0117","item":"https:\/\/skaitytaknyga.lt\/knygu-parduotuve\/"},{"@type":"ListItem","position":3,"name":"Pa\u0161tas"}]},{"@type":"WebSite","@id":"https:\/\/skaitytaknyga.lt\/#website","url":"https:\/\/skaitytaknyga.lt\/","name":"skaitytaknyga.lt","description":"Skaitytaknyga.lt \u2013 tai ma\u017eas \u0161eimos verslas, kuris prasid\u0117jo nuo meil\u0117s knygoms ir siekio i\u0161gelb\u0117ti knygas nuo likimo prie konteinerio. Kas vienam nereikalingas daiktas \u2013 kitam lobis, o mes esame tarpininkai, kurie padeda abiems tapti laimingesniems ???? \u017dinome kaip nelengva i\u0161gyventi ma\u017eiems verslams, tad nuo \u0161iol, \u010dia rasite ir kit\u0173, ma\u017e\u0173 \u0161eim\u0173 versl\u0173, rank\u0173 darbo, dovan\u0173 sau ir artimiesiems.","publisher":{"@id":"https:\/\/skaitytaknyga.lt\/#organization"},"potentialAction":[{"@type":"SearchAction","target":{"@type":"EntryPoint","urlTemplate":"https:\/\/skaitytaknyga.lt\/?s={search_term_string}"},"query-input":{"@type":"PropertyValueSpecification","valueRequired":true,"valueName":"search_term_string"}}],"inLanguage":"en-GB"},{"@type":"Organization","@id":"https:\/\/skaitytaknyga.lt\/#organization","name":"skaitytaknyga.lt","url":"https:\/\/skaitytaknyga.lt\/","logo":{"@type":"ImageObject","inLanguage":"en-GB","@id":"https:\/\/skaitytaknyga.lt\/#\/schema\/logo\/image\/","url":"https:\/\/skaitytaknyga.lt\/wp-content\/uploads\/2024\/05\/cropped-cropped-cropped-02_00843_jt3bggkj1j3HLc7SyY6rEUpg.jpeg","contentUrl":"https:\/\/skaitytaknyga.lt\/wp-content\/uploads\/2024\/05\/cropped-cropped-cropped-02_00843_jt3bggkj1j3HLc7SyY6rEUpg.jpeg","width":1600,"height":1600,"caption":"skaitytaknyga.lt"},"image":{"@id":"https:\/\/skaitytaknyga.lt\/#\/schema\/logo\/image\/"},"sameAs":["https:\/\/www.facebook.com\/skaitytaknyga\/"]}]}},"_links":{"self":[{"href":"https:\/\/skaitytaknyga.lt\/en\/wp-json\/wp\/v2\/product\/10676","targetHints":{"allow":["GET"]}}],"collection":[{"href":"https:\/\/skaitytaknyga.lt\/en\/wp-json\/wp\/v2\/product"}],"about":[{"href":"https:\/\/skaitytaknyga.lt\/en\/wp-json\/wp\/v2\/types\/product"}],"replies":[{"embeddable":true,"href":"https:\/\/skaitytaknyga.lt\/en\/wp-json\/wp\/v2\/comments?post=10676"}],"wp:featuredmedia":[{"embeddable":true,"href":"https:\/\/skaitytaknyga.lt\/en\/wp-json\/wp\/v2\/media\/10717"}],"wp:attachment":[{"href":"https:\/\/skaitytaknyga.lt\/en\/wp-json\/wp\/v2\/media?parent=10676"}],"wp:term":[{"taxonomy":"product_brand","embeddable":true,"href":"https:\/\/skaitytaknyga.lt\/en\/wp-json\/wp\/v2\/product_brand?post=10676"},{"taxonomy":"product_cat","embeddable":true,"href":"https:\/\/skaitytaknyga.lt\/en\/wp-json\/wp\/v2\/product_cat?post=10676"},{"taxonomy":"product_tag","embeddable":true,"href":"https:\/\/skaitytaknyga.lt\/en\/wp-json\/wp\/v2\/product_tag?post=10676"}],"curies":[{"name":"wp","href":"https:\/\/api.w.org\/{rel}","templated":true}]}}