{"id":10661,"date":"2024-05-04T19:10:30","date_gmt":"2024-05-04T19:10:30","guid":{"rendered":"https:\/\/skaitytaknyga.lt\/?post_type=product&#038;p=10661"},"modified":"2024-05-04T19:11:37","modified_gmt":"2024-05-04T19:11:37","slug":"mauricio-gomyde-akiu-sviesa","status":"publish","type":"product","link":"https:\/\/skaitytaknyga.lt\/en\/produktas\/mauricio-gomyde-akiu-sviesa\/","title":{"rendered":"Mauricio Gomyde \u201eAki\u0173 \u0161viesa\u201c"},"content":{"rendered":"<p><b>&#8220;Aki\u0173 \u0161viesa&#8221;<\/b>\u00a0&#8211; jaudinama istorija apie aistr\u0105 kinui, draugyst\u0119, meil\u0119 ir d\u017eiaugsm\u0105 gyventi.<\/p>\n<p>Pedras Dinizas \u2013 25 met\u0173 jaunuolis, skelbiantis, kad kinas, literat\u016bra ir muzika i\u0161gelb\u0117s \u017emonij\u0105 nuo pra\u017e\u016bties. \u0160ios id\u0117jos vedamas jis nori pakeisti \u017emoni\u0173 gyvenim\u0105. Vis d\u0117lto did\u017eiausia jo svajon\u0117 \u2014 sukurti film\u0105 ir laim\u0117ti did\u012fj\u012f Brazilijos kino priz\u0105.<\/p>\n<p>Ta\u010diau Pedrui likimas siun\u010dia sunkius i\u0161bandymus. Jis ima prarasti tik\u0117jim\u0105 ateitimi, u\u017esisklend\u017eia savyje ir nieko nenori matyti. Bet i\u0161tikimi draugai nepalieka jo vieno ir netrukus Pedras leid\u017eiasi \u012f did\u017eiausi\u0105 savo gyvenimo kelion\u0119, kurioje j\u0173 vis\u0173 laukia nauji potyriai, i\u0161bandymai, nepaprasta, stebuklinga, nepamir\u0161tama meil\u0117 ir svajon\u0117s i\u0161sipildymas.<\/p>\n","protected":false},"excerpt":{"rendered":"<p><b>&#8220;Aki\u0173 \u0161viesa&#8221;<\/b>\u00a0&#8211; jaudinama istorija apie aistr\u0105 kinui, draugyst\u0119, meil\u0119 ir d\u017eiaugsm\u0105 gyventi.<\/p>\n<p>Pedras Dinizas \u2013 25 met\u0173 jaunuolis, skelbiantis, kad kinas, literat\u016bra ir muzika i\u0161gelb\u0117s \u017emonij\u0105 nuo pra\u017e\u016bties. \u0160ios id\u0117jos vedamas jis nori pakeisti \u017emoni\u0173 gyvenim\u0105. Vis d\u0117lto did\u017eiausia jo svajon\u0117 \u2014 sukurti film\u0105 ir laim\u0117ti did\u012fj\u012f Brazilijos kino priz\u0105.<\/p>\n<p>Ta\u010diau Pedrui likimas siun\u010dia sunkius i\u0161bandymus. Jis ima prarasti tik\u0117jim\u0105 ateitimi, u\u017esisklend\u017eia savyje ir nieko nenori matyti. Bet i\u0161tikimi draugai nepalieka jo vieno ir netrukus Pedras leid\u017eiasi \u012f did\u017eiausi\u0105 savo gyvenimo kelion\u0119, kurioje j\u0173 vis\u0173 laukia nauji potyriai, i\u0161bandymai, nepaprasta, stebuklinga, nepamir\u0161tama meil\u0117 ir svajon\u0117s i\u0161sipildymas.<\/p>\n","protected":false},"featured_media":10697,"comment_status":"closed","ping_status":"closed","template":"","meta":{"_acf_changed":false,"site-sidebar-layout":"default","site-content-layout":"","ast-site-content-layout":"default","site-content-style":"default","site-sidebar-style":"default","ast-global-header-display":"","ast-banner-title-visibility":"","ast-main-header-display":"","ast-hfb-above-header-display":"","ast-hfb-below-header-display":"","ast-hfb-mobile-header-display":"","site-post-title":"","ast-breadcrumbs-content":"","ast-featured-img":"","footer-sml-layout":"","ast-disable-related-posts":"","theme-transparent-header-meta":"","adv-header-id-meta":"","stick-header-meta":"","header-above-stick-meta":"","header-main-stick-meta":"","header-below-stick-meta":"","astra-migrate-meta-layouts":"default","ast-page-background-enabled":"default","ast-page-background-meta":{"desktop":{"background-color":"","background-image":"","background-repeat":"repeat","background-position":"center center","background-size":"auto","background-attachment":"scroll","background-type":"","background-media":"","overlay-type":"","overlay-color":"","overlay-opacity":"","overlay-gradient":""},"tablet":{"background-color":"","background-image":"","background-repeat":"repeat","background-position":"center center","background-size":"auto","background-attachment":"scroll","background-type":"","background-media":"","overlay-type":"","overlay-color":"","overlay-opacity":"","overlay-gradient":""},"mobile":{"background-color":"","background-image":"","background-repeat":"repeat","background-position":"center center","background-size":"auto","background-attachment":"scroll","background-type":"","background-media":"","overlay-type":"","overlay-color":"","overlay-opacity":"","overlay-gradient":""}},"ast-content-background-meta":{"desktop":{"background-color":"var(--ast-global-color-4)","background-image":"","background-repeat":"repeat","background-position":"center center","background-size":"auto","background-attachment":"scroll","background-type":"","background-media":"","overlay-type":"","overlay-color":"","overlay-opacity":"","overlay-gradient":""},"tablet":{"background-color":"var(--ast-global-color-4)","background-image":"","background-repeat":"repeat","background-position":"center center","background-size":"auto","background-attachment":"scroll","background-type":"","background-media":"","overlay-type":"","overlay-color":"","overlay-opacity":"","overlay-gradient":""},"mobile":{"background-color":"var(--ast-global-color-4)","background-image":"","background-repeat":"repeat","background-position":"center center","background-size":"auto","background-attachment":"scroll","background-type":"","background-media":"","overlay-type":"","overlay-color":"","overlay-opacity":"","overlay-gradient":""}}},"product_brand":[],"product_cat":[31],"product_tag":[],"class_list":{"0":"post-10661","1":"product","2":"type-product","3":"status-publish","4":"has-post-thumbnail","6":"product_cat-grozine-literatura","7":"desktop-align-left","8":"tablet-align-left","9":"mobile-align-left","11":"first","12":"instock","13":"shipping-taxable","14":"purchasable","15":"product-type-simple"},"acf":[],"yoast_head":"<!-- This site is optimized with the Yoast SEO plugin v27.4 - https:\/\/yoast.com\/product\/yoast-seo-wordpress\/ -->\n<title>Mauricio Gomyde \u201eAki\u0173 \u0161viesa\u201c - Skaitytaknyga<\/title>\n<meta name=\"description\" content=\"&quot;Aki\u0173 \u0161viesa&quot;\u00a0- jaudinama istorija apie aistr\u0105 kinui, draugyst\u0119, meil\u0119 ir d\u017eiaugsm\u0105 gyventi.  Pedras Dinizas \u2013 25 met\u0173 jaunuolis, skelbiantis, kad kinas, literat\u016bra ir muzika i\u0161gelb\u0117s \u017emonij\u0105 nuo pra\u017e\u016bties. \u0160ios id\u0117jos vedamas jis nori pakeisti \u017emoni\u0173 gyvenim\u0105. Vis d\u0117lto did\u017eiausia jo svajon\u0117 \u2014 sukurti film\u0105 ir laim\u0117ti did\u012fj\u012f Brazilijos kino priz\u0105.  Ta\u010diau Pedrui likimas siun\u010dia sunkius i\u0161bandymus. Jis ima prarasti tik\u0117jim\u0105 ateitimi, u\u017esisklend\u017eia savyje ir nieko nenori matyti. Bet i\u0161tikimi draugai nepalieka jo vieno ir netrukus Pedras leid\u017eiasi \u012f did\u017eiausi\u0105 savo gyvenimo kelion\u0119, kurioje j\u0173 vis\u0173 laukia nauji potyriai, i\u0161bandymai, nepaprasta, stebuklinga, nepamir\u0161tama meil\u0117 ir svajon\u0117s i\u0161sipildymas.\" \/>\n<meta name=\"robots\" content=\"index, follow, max-snippet:-1, max-image-preview:large, max-video-preview:-1\" \/>\n<link rel=\"canonical\" href=\"https:\/\/skaitytaknyga.lt\/en\/produktas\/mauricio-gomyde-akiu-sviesa\/\" \/>\n<meta property=\"og:locale\" content=\"en_GB\" \/>\n<meta property=\"og:locale:alternate\" content=\"lt_LT\" \/>\n<meta property=\"og:type\" content=\"article\" \/>\n<meta property=\"og:title\" content=\"Mauricio Gomyde \u201eAki\u0173 \u0161viesa\u201c - Skaitytaknyga\" \/>\n<meta property=\"og:description\" content=\"&quot;Aki\u0173 \u0161viesa&quot;\u00a0- jaudinama istorija apie aistr\u0105 kinui, draugyst\u0119, meil\u0119 ir d\u017eiaugsm\u0105 gyventi.  Pedras Dinizas \u2013 25 met\u0173 jaunuolis, skelbiantis, kad kinas, literat\u016bra ir muzika i\u0161gelb\u0117s \u017emonij\u0105 nuo pra\u017e\u016bties. \u0160ios id\u0117jos vedamas jis nori pakeisti \u017emoni\u0173 gyvenim\u0105. Vis d\u0117lto did\u017eiausia jo svajon\u0117 \u2014 sukurti film\u0105 ir laim\u0117ti did\u012fj\u012f Brazilijos kino priz\u0105.  Ta\u010diau Pedrui likimas siun\u010dia sunkius i\u0161bandymus. Jis ima prarasti tik\u0117jim\u0105 ateitimi, u\u017esisklend\u017eia savyje ir nieko nenori matyti. Bet i\u0161tikimi draugai nepalieka jo vieno ir netrukus Pedras leid\u017eiasi \u012f did\u017eiausi\u0105 savo gyvenimo kelion\u0119, kurioje j\u0173 vis\u0173 laukia nauji potyriai, i\u0161bandymai, nepaprasta, stebuklinga, nepamir\u0161tama meil\u0117 ir svajon\u0117s i\u0161sipildymas.\" \/>\n<meta property=\"og:url\" content=\"https:\/\/skaitytaknyga.lt\/en\/produktas\/mauricio-gomyde-akiu-sviesa\/\" \/>\n<meta property=\"og:site_name\" content=\"Skaitytaknyga\" \/>\n<meta property=\"article:publisher\" content=\"https:\/\/www.facebook.com\/skaitytaknyga\/\" \/>\n<meta property=\"article:modified_time\" content=\"2024-05-04T19:11:37+00:00\" \/>\n<meta property=\"og:image\" content=\"https:\/\/skaitytaknyga.lt\/wp-content\/uploads\/2024\/05\/akiu-sviesa.jpg\" \/>\n\t<meta property=\"og:image:width\" content=\"600\" \/>\n\t<meta property=\"og:image:height\" content=\"989\" \/>\n\t<meta property=\"og:image:type\" content=\"image\/jpeg\" \/>\n<meta name=\"twitter:card\" content=\"summary_large_image\" \/>\n<meta name=\"twitter:label1\" content=\"Estimated reading time\" \/>\n\t<meta name=\"twitter:data1\" content=\"1 minute\" \/>\n<script type=\"application\/ld+json\" class=\"yoast-schema-graph\">{\"@context\":\"https:\\\/\\\/schema.org\",\"@graph\":[{\"@type\":\"WebPage\",\"@id\":\"https:\\\/\\\/skaitytaknyga.lt\\\/en\\\/produktas\\\/mauricio-gomyde-akiu-sviesa\\\/\",\"url\":\"https:\\\/\\\/skaitytaknyga.lt\\\/en\\\/produktas\\\/mauricio-gomyde-akiu-sviesa\\\/\",\"name\":\"Mauricio Gomyde \u201eAki\u0173 \u0161viesa\u201c - Skaitytaknyga\",\"isPartOf\":{\"@id\":\"https:\\\/\\\/skaitytaknyga.lt\\\/#website\"},\"primaryImageOfPage\":{\"@id\":\"https:\\\/\\\/skaitytaknyga.lt\\\/en\\\/produktas\\\/mauricio-gomyde-akiu-sviesa\\\/#primaryimage\"},\"image\":{\"@id\":\"https:\\\/\\\/skaitytaknyga.lt\\\/en\\\/produktas\\\/mauricio-gomyde-akiu-sviesa\\\/#primaryimage\"},\"thumbnailUrl\":\"https:\\\/\\\/skaitytaknyga.lt\\\/wp-content\\\/uploads\\\/2024\\\/05\\\/akiu-sviesa.jpg\",\"datePublished\":\"2024-05-04T19:10:30+00:00\",\"dateModified\":\"2024-05-04T19:11:37+00:00\",\"description\":\"\\\"Aki\u0173 \u0161viesa\\\"\u00a0- jaudinama istorija apie aistr\u0105 kinui, draugyst\u0119, meil\u0119 ir d\u017eiaugsm\u0105 gyventi. Pedras Dinizas \u2013 25 met\u0173 jaunuolis, skelbiantis, kad kinas, literat\u016bra ir muzika i\u0161gelb\u0117s \u017emonij\u0105 nuo pra\u017e\u016bties. \u0160ios id\u0117jos vedamas jis nori pakeisti \u017emoni\u0173 gyvenim\u0105. Vis d\u0117lto did\u017eiausia jo svajon\u0117 \u2014 sukurti film\u0105 ir laim\u0117ti did\u012fj\u012f Brazilijos kino priz\u0105. Ta\u010diau Pedrui likimas siun\u010dia sunkius i\u0161bandymus. Jis ima prarasti tik\u0117jim\u0105 ateitimi, u\u017esisklend\u017eia savyje ir nieko nenori matyti. Bet i\u0161tikimi draugai nepalieka jo vieno ir netrukus Pedras leid\u017eiasi \u012f did\u017eiausi\u0105 savo gyvenimo kelion\u0119, kurioje j\u0173 vis\u0173 laukia nauji potyriai, i\u0161bandymai, nepaprasta, stebuklinga, nepamir\u0161tama meil\u0117 ir svajon\u0117s i\u0161sipildymas.\",\"breadcrumb\":{\"@id\":\"https:\\\/\\\/skaitytaknyga.lt\\\/en\\\/produktas\\\/mauricio-gomyde-akiu-sviesa\\\/#breadcrumb\"},\"inLanguage\":\"en-GB\",\"potentialAction\":[{\"@type\":\"ReadAction\",\"target\":[\"https:\\\/\\\/skaitytaknyga.lt\\\/en\\\/produktas\\\/mauricio-gomyde-akiu-sviesa\\\/\"]}]},{\"@type\":\"ImageObject\",\"inLanguage\":\"en-GB\",\"@id\":\"https:\\\/\\\/skaitytaknyga.lt\\\/en\\\/produktas\\\/mauricio-gomyde-akiu-sviesa\\\/#primaryimage\",\"url\":\"https:\\\/\\\/skaitytaknyga.lt\\\/wp-content\\\/uploads\\\/2024\\\/05\\\/akiu-sviesa.jpg\",\"contentUrl\":\"https:\\\/\\\/skaitytaknyga.lt\\\/wp-content\\\/uploads\\\/2024\\\/05\\\/akiu-sviesa.jpg\",\"width\":600,\"height\":989},{\"@type\":\"BreadcrumbList\",\"@id\":\"https:\\\/\\\/skaitytaknyga.lt\\\/en\\\/produktas\\\/mauricio-gomyde-akiu-sviesa\\\/#breadcrumb\",\"itemListElement\":[{\"@type\":\"ListItem\",\"position\":1,\"name\":\"Home\",\"item\":\"https:\\\/\\\/skaitytaknyga.lt\\\/\"},{\"@type\":\"ListItem\",\"position\":2,\"name\":\"Parduotuv\u0117\",\"item\":\"https:\\\/\\\/skaitytaknyga.lt\\\/knygu-parduotuve\\\/\"},{\"@type\":\"ListItem\",\"position\":3,\"name\":\"Mauricio Gomyde \u201eAki\u0173 \u0161viesa\u201c\"}]},{\"@type\":\"WebSite\",\"@id\":\"https:\\\/\\\/skaitytaknyga.lt\\\/#website\",\"url\":\"https:\\\/\\\/skaitytaknyga.lt\\\/\",\"name\":\"skaitytaknyga.lt\",\"description\":\"Skaitytaknyga.lt \u2013 tai ma\u017eas \u0161eimos verslas, kuris prasid\u0117jo nuo meil\u0117s knygoms ir siekio i\u0161gelb\u0117ti knygas nuo likimo prie konteinerio. Kas vienam nereikalingas daiktas \u2013 kitam lobis, o mes esame tarpininkai, kurie padeda abiems tapti laimingesniems ???? \u017dinome kaip nelengva i\u0161gyventi ma\u017eiems verslams, tad nuo \u0161iol, \u010dia rasite ir kit\u0173, ma\u017e\u0173 \u0161eim\u0173 versl\u0173, rank\u0173 darbo, dovan\u0173 sau ir artimiesiems.\",\"publisher\":{\"@id\":\"https:\\\/\\\/skaitytaknyga.lt\\\/#organization\"},\"potentialAction\":[{\"@type\":\"SearchAction\",\"target\":{\"@type\":\"EntryPoint\",\"urlTemplate\":\"https:\\\/\\\/skaitytaknyga.lt\\\/?s={search_term_string}\"},\"query-input\":{\"@type\":\"PropertyValueSpecification\",\"valueRequired\":true,\"valueName\":\"search_term_string\"}}],\"inLanguage\":\"en-GB\"},{\"@type\":\"Organization\",\"@id\":\"https:\\\/\\\/skaitytaknyga.lt\\\/#organization\",\"name\":\"skaitytaknyga.lt\",\"url\":\"https:\\\/\\\/skaitytaknyga.lt\\\/\",\"logo\":{\"@type\":\"ImageObject\",\"inLanguage\":\"en-GB\",\"@id\":\"https:\\\/\\\/skaitytaknyga.lt\\\/#\\\/schema\\\/logo\\\/image\\\/\",\"url\":\"https:\\\/\\\/skaitytaknyga.lt\\\/wp-content\\\/uploads\\\/2024\\\/05\\\/cropped-cropped-cropped-02_00843_jt3bggkj1j3HLc7SyY6rEUpg.jpeg\",\"contentUrl\":\"https:\\\/\\\/skaitytaknyga.lt\\\/wp-content\\\/uploads\\\/2024\\\/05\\\/cropped-cropped-cropped-02_00843_jt3bggkj1j3HLc7SyY6rEUpg.jpeg\",\"width\":1600,\"height\":1600,\"caption\":\"skaitytaknyga.lt\"},\"image\":{\"@id\":\"https:\\\/\\\/skaitytaknyga.lt\\\/#\\\/schema\\\/logo\\\/image\\\/\"},\"sameAs\":[\"https:\\\/\\\/www.facebook.com\\\/skaitytaknyga\\\/\"]}]}<\/script>\n<!-- \/ Yoast SEO plugin. -->","yoast_head_json":{"title":"Mauricio Gomyde \u201eAki\u0173 \u0161viesa\u201c - Skaitytaknyga","description":"\"Aki\u0173 \u0161viesa\"\u00a0- jaudinama istorija apie aistr\u0105 kinui, draugyst\u0119, meil\u0119 ir d\u017eiaugsm\u0105 gyventi.  Pedras Dinizas \u2013 25 met\u0173 jaunuolis, skelbiantis, kad kinas, literat\u016bra ir muzika i\u0161gelb\u0117s \u017emonij\u0105 nuo pra\u017e\u016bties. \u0160ios id\u0117jos vedamas jis nori pakeisti \u017emoni\u0173 gyvenim\u0105. Vis d\u0117lto did\u017eiausia jo svajon\u0117 \u2014 sukurti film\u0105 ir laim\u0117ti did\u012fj\u012f Brazilijos kino priz\u0105.  Ta\u010diau Pedrui likimas siun\u010dia sunkius i\u0161bandymus. Jis ima prarasti tik\u0117jim\u0105 ateitimi, u\u017esisklend\u017eia savyje ir nieko nenori matyti. Bet i\u0161tikimi draugai nepalieka jo vieno ir netrukus Pedras leid\u017eiasi \u012f did\u017eiausi\u0105 savo gyvenimo kelion\u0119, kurioje j\u0173 vis\u0173 laukia nauji potyriai, i\u0161bandymai, nepaprasta, stebuklinga, nepamir\u0161tama meil\u0117 ir svajon\u0117s i\u0161sipildymas.","robots":{"index":"index","follow":"follow","max-snippet":"max-snippet:-1","max-image-preview":"max-image-preview:large","max-video-preview":"max-video-preview:-1"},"canonical":"https:\/\/skaitytaknyga.lt\/en\/produktas\/mauricio-gomyde-akiu-sviesa\/","og_locale":"en_GB","og_type":"article","og_title":"Mauricio Gomyde \u201eAki\u0173 \u0161viesa\u201c - Skaitytaknyga","og_description":"\"Aki\u0173 \u0161viesa\"\u00a0- jaudinama istorija apie aistr\u0105 kinui, draugyst\u0119, meil\u0119 ir d\u017eiaugsm\u0105 gyventi.  Pedras Dinizas \u2013 25 met\u0173 jaunuolis, skelbiantis, kad kinas, literat\u016bra ir muzika i\u0161gelb\u0117s \u017emonij\u0105 nuo pra\u017e\u016bties. \u0160ios id\u0117jos vedamas jis nori pakeisti \u017emoni\u0173 gyvenim\u0105. Vis d\u0117lto did\u017eiausia jo svajon\u0117 \u2014 sukurti film\u0105 ir laim\u0117ti did\u012fj\u012f Brazilijos kino priz\u0105.  Ta\u010diau Pedrui likimas siun\u010dia sunkius i\u0161bandymus. Jis ima prarasti tik\u0117jim\u0105 ateitimi, u\u017esisklend\u017eia savyje ir nieko nenori matyti. Bet i\u0161tikimi draugai nepalieka jo vieno ir netrukus Pedras leid\u017eiasi \u012f did\u017eiausi\u0105 savo gyvenimo kelion\u0119, kurioje j\u0173 vis\u0173 laukia nauji potyriai, i\u0161bandymai, nepaprasta, stebuklinga, nepamir\u0161tama meil\u0117 ir svajon\u0117s i\u0161sipildymas.","og_url":"https:\/\/skaitytaknyga.lt\/en\/produktas\/mauricio-gomyde-akiu-sviesa\/","og_site_name":"Skaitytaknyga","article_publisher":"https:\/\/www.facebook.com\/skaitytaknyga\/","article_modified_time":"2024-05-04T19:11:37+00:00","og_image":[{"width":600,"height":989,"url":"https:\/\/skaitytaknyga.lt\/wp-content\/uploads\/2024\/05\/akiu-sviesa.jpg","type":"image\/jpeg"}],"twitter_card":"summary_large_image","twitter_misc":{"Estimated reading time":"1 minute"},"schema":{"@context":"https:\/\/schema.org","@graph":[{"@type":"WebPage","@id":"https:\/\/skaitytaknyga.lt\/en\/produktas\/mauricio-gomyde-akiu-sviesa\/","url":"https:\/\/skaitytaknyga.lt\/en\/produktas\/mauricio-gomyde-akiu-sviesa\/","name":"Mauricio Gomyde \u201eAki\u0173 \u0161viesa\u201c - Skaitytaknyga","isPartOf":{"@id":"https:\/\/skaitytaknyga.lt\/#website"},"primaryImageOfPage":{"@id":"https:\/\/skaitytaknyga.lt\/en\/produktas\/mauricio-gomyde-akiu-sviesa\/#primaryimage"},"image":{"@id":"https:\/\/skaitytaknyga.lt\/en\/produktas\/mauricio-gomyde-akiu-sviesa\/#primaryimage"},"thumbnailUrl":"https:\/\/skaitytaknyga.lt\/wp-content\/uploads\/2024\/05\/akiu-sviesa.jpg","datePublished":"2024-05-04T19:10:30+00:00","dateModified":"2024-05-04T19:11:37+00:00","description":"\"Aki\u0173 \u0161viesa\"\u00a0- jaudinama istorija apie aistr\u0105 kinui, draugyst\u0119, meil\u0119 ir d\u017eiaugsm\u0105 gyventi. Pedras Dinizas \u2013 25 met\u0173 jaunuolis, skelbiantis, kad kinas, literat\u016bra ir muzika i\u0161gelb\u0117s \u017emonij\u0105 nuo pra\u017e\u016bties. \u0160ios id\u0117jos vedamas jis nori pakeisti \u017emoni\u0173 gyvenim\u0105. Vis d\u0117lto did\u017eiausia jo svajon\u0117 \u2014 sukurti film\u0105 ir laim\u0117ti did\u012fj\u012f Brazilijos kino priz\u0105. Ta\u010diau Pedrui likimas siun\u010dia sunkius i\u0161bandymus. Jis ima prarasti tik\u0117jim\u0105 ateitimi, u\u017esisklend\u017eia savyje ir nieko nenori matyti. Bet i\u0161tikimi draugai nepalieka jo vieno ir netrukus Pedras leid\u017eiasi \u012f did\u017eiausi\u0105 savo gyvenimo kelion\u0119, kurioje j\u0173 vis\u0173 laukia nauji potyriai, i\u0161bandymai, nepaprasta, stebuklinga, nepamir\u0161tama meil\u0117 ir svajon\u0117s i\u0161sipildymas.","breadcrumb":{"@id":"https:\/\/skaitytaknyga.lt\/en\/produktas\/mauricio-gomyde-akiu-sviesa\/#breadcrumb"},"inLanguage":"en-GB","potentialAction":[{"@type":"ReadAction","target":["https:\/\/skaitytaknyga.lt\/en\/produktas\/mauricio-gomyde-akiu-sviesa\/"]}]},{"@type":"ImageObject","inLanguage":"en-GB","@id":"https:\/\/skaitytaknyga.lt\/en\/produktas\/mauricio-gomyde-akiu-sviesa\/#primaryimage","url":"https:\/\/skaitytaknyga.lt\/wp-content\/uploads\/2024\/05\/akiu-sviesa.jpg","contentUrl":"https:\/\/skaitytaknyga.lt\/wp-content\/uploads\/2024\/05\/akiu-sviesa.jpg","width":600,"height":989},{"@type":"BreadcrumbList","@id":"https:\/\/skaitytaknyga.lt\/en\/produktas\/mauricio-gomyde-akiu-sviesa\/#breadcrumb","itemListElement":[{"@type":"ListItem","position":1,"name":"Home","item":"https:\/\/skaitytaknyga.lt\/"},{"@type":"ListItem","position":2,"name":"Parduotuv\u0117","item":"https:\/\/skaitytaknyga.lt\/knygu-parduotuve\/"},{"@type":"ListItem","position":3,"name":"Mauricio Gomyde \u201eAki\u0173 \u0161viesa\u201c"}]},{"@type":"WebSite","@id":"https:\/\/skaitytaknyga.lt\/#website","url":"https:\/\/skaitytaknyga.lt\/","name":"skaitytaknyga.lt","description":"Skaitytaknyga.lt \u2013 tai ma\u017eas \u0161eimos verslas, kuris prasid\u0117jo nuo meil\u0117s knygoms ir siekio i\u0161gelb\u0117ti knygas nuo likimo prie konteinerio. Kas vienam nereikalingas daiktas \u2013 kitam lobis, o mes esame tarpininkai, kurie padeda abiems tapti laimingesniems ???? \u017dinome kaip nelengva i\u0161gyventi ma\u017eiems verslams, tad nuo \u0161iol, \u010dia rasite ir kit\u0173, ma\u017e\u0173 \u0161eim\u0173 versl\u0173, rank\u0173 darbo, dovan\u0173 sau ir artimiesiems.","publisher":{"@id":"https:\/\/skaitytaknyga.lt\/#organization"},"potentialAction":[{"@type":"SearchAction","target":{"@type":"EntryPoint","urlTemplate":"https:\/\/skaitytaknyga.lt\/?s={search_term_string}"},"query-input":{"@type":"PropertyValueSpecification","valueRequired":true,"valueName":"search_term_string"}}],"inLanguage":"en-GB"},{"@type":"Organization","@id":"https:\/\/skaitytaknyga.lt\/#organization","name":"skaitytaknyga.lt","url":"https:\/\/skaitytaknyga.lt\/","logo":{"@type":"ImageObject","inLanguage":"en-GB","@id":"https:\/\/skaitytaknyga.lt\/#\/schema\/logo\/image\/","url":"https:\/\/skaitytaknyga.lt\/wp-content\/uploads\/2024\/05\/cropped-cropped-cropped-02_00843_jt3bggkj1j3HLc7SyY6rEUpg.jpeg","contentUrl":"https:\/\/skaitytaknyga.lt\/wp-content\/uploads\/2024\/05\/cropped-cropped-cropped-02_00843_jt3bggkj1j3HLc7SyY6rEUpg.jpeg","width":1600,"height":1600,"caption":"skaitytaknyga.lt"},"image":{"@id":"https:\/\/skaitytaknyga.lt\/#\/schema\/logo\/image\/"},"sameAs":["https:\/\/www.facebook.com\/skaitytaknyga\/"]}]}},"_links":{"self":[{"href":"https:\/\/skaitytaknyga.lt\/en\/wp-json\/wp\/v2\/product\/10661","targetHints":{"allow":["GET"]}}],"collection":[{"href":"https:\/\/skaitytaknyga.lt\/en\/wp-json\/wp\/v2\/product"}],"about":[{"href":"https:\/\/skaitytaknyga.lt\/en\/wp-json\/wp\/v2\/types\/product"}],"replies":[{"embeddable":true,"href":"https:\/\/skaitytaknyga.lt\/en\/wp-json\/wp\/v2\/comments?post=10661"}],"wp:featuredmedia":[{"embeddable":true,"href":"https:\/\/skaitytaknyga.lt\/en\/wp-json\/wp\/v2\/media\/10697"}],"wp:attachment":[{"href":"https:\/\/skaitytaknyga.lt\/en\/wp-json\/wp\/v2\/media?parent=10661"}],"wp:term":[{"taxonomy":"product_brand","embeddable":true,"href":"https:\/\/skaitytaknyga.lt\/en\/wp-json\/wp\/v2\/product_brand?post=10661"},{"taxonomy":"product_cat","embeddable":true,"href":"https:\/\/skaitytaknyga.lt\/en\/wp-json\/wp\/v2\/product_cat?post=10661"},{"taxonomy":"product_tag","embeddable":true,"href":"https:\/\/skaitytaknyga.lt\/en\/wp-json\/wp\/v2\/product_tag?post=10661"}],"curies":[{"name":"wp","href":"https:\/\/api.w.org\/{rel}","templated":true}]}}