{"id":10649,"date":"2024-05-04T19:10:03","date_gmt":"2024-05-04T19:10:03","guid":{"rendered":"https:\/\/skaitytaknyga.lt\/?post_type=product&#038;p=10649"},"modified":"2024-05-04T19:11:11","modified_gmt":"2024-05-04T19:11:11","slug":"civilizaciju-paslaptys","status":"publish","type":"product","link":"https:\/\/skaitytaknyga.lt\/en\/produktas\/civilizaciju-paslaptys\/","title":{"rendered":"Civilizacij\u0173 paslaptys"},"content":{"rendered":"<p>Ar b\u016bdingas istorijai periodi\u0161kumas? Kod\u0117l dings\u00adta tautos ir i\u0161tisos civilizacijos, palikdamos keistus statinius, neai\u0161kios paskirties artefaktus ir ra\u0161to paminklus, kuriuos galima i\u0161\u0161ifruoti, bet ne\u012fmanoma suprasti? D\u0117l ko \u017elugo galingos hetit\u0173, etrusk\u0173, chazar\u0173 valstyb\u0117s ir Centrin\u0117s Amerikos civilizacijos?<\/p>\n<p>Kod\u0117l labiausiai paplit\u0119s rankra\u0161tis Senov\u0117s Egipte buvo Mirusi\u0173j\u0173 knyga? Kada ir kaip atsirado menas? \u0160iuos ir daugel\u012f kit\u0173 nei\u0161spr\u0119st\u0173 \u017emonijos istorijos klausim\u0173 svarsto mokslininkai \u0161ios knygos puslapiuose.<\/p>\n","protected":false},"excerpt":{"rendered":"<p>Ar b\u016bdingas istorijai periodi\u0161kumas? Kod\u0117l dings\u00adta tautos ir i\u0161tisos civilizacijos, palikdamos keistus statinius, neai\u0161kios paskirties artefaktus ir ra\u0161to paminklus, kuriuos galima i\u0161\u0161ifruoti, bet ne\u012fmanoma suprasti? D\u0117l ko \u017elugo galingos hetit\u0173, etrusk\u0173, chazar\u0173 valstyb\u0117s ir Centrin\u0117s Amerikos civilizacijos?<\/p>\n<p>Kod\u0117l labiausiai paplit\u0119s rankra\u0161tis Senov\u0117s Egipte buvo Mirusi\u0173j\u0173 knyga? Kada ir kaip atsirado menas? \u0160iuos ir daugel\u012f kit\u0173 nei\u0161spr\u0119st\u0173 \u017emonijos istorijos klausim\u0173 svarsto mokslininkai \u0161ios knygos puslapiuose.<\/p>\n","protected":false},"featured_media":10682,"comment_status":"closed","ping_status":"closed","template":"","meta":{"_acf_changed":false,"site-sidebar-layout":"default","site-content-layout":"","ast-site-content-layout":"default","site-content-style":"default","site-sidebar-style":"default","ast-global-header-display":"","ast-banner-title-visibility":"","ast-main-header-display":"","ast-hfb-above-header-display":"","ast-hfb-below-header-display":"","ast-hfb-mobile-header-display":"","site-post-title":"","ast-breadcrumbs-content":"","ast-featured-img":"","footer-sml-layout":"","ast-disable-related-posts":"","theme-transparent-header-meta":"","adv-header-id-meta":"","stick-header-meta":"","header-above-stick-meta":"","header-main-stick-meta":"","header-below-stick-meta":"","astra-migrate-meta-layouts":"default","ast-page-background-enabled":"default","ast-page-background-meta":{"desktop":{"background-color":"","background-image":"","background-repeat":"repeat","background-position":"center center","background-size":"auto","background-attachment":"scroll","background-type":"","background-media":"","overlay-type":"","overlay-color":"","overlay-opacity":"","overlay-gradient":""},"tablet":{"background-color":"","background-image":"","background-repeat":"repeat","background-position":"center center","background-size":"auto","background-attachment":"scroll","background-type":"","background-media":"","overlay-type":"","overlay-color":"","overlay-opacity":"","overlay-gradient":""},"mobile":{"background-color":"","background-image":"","background-repeat":"repeat","background-position":"center center","background-size":"auto","background-attachment":"scroll","background-type":"","background-media":"","overlay-type":"","overlay-color":"","overlay-opacity":"","overlay-gradient":""}},"ast-content-background-meta":{"desktop":{"background-color":"var(--ast-global-color-4)","background-image":"","background-repeat":"repeat","background-position":"center center","background-size":"auto","background-attachment":"scroll","background-type":"","background-media":"","overlay-type":"","overlay-color":"","overlay-opacity":"","overlay-gradient":""},"tablet":{"background-color":"var(--ast-global-color-4)","background-image":"","background-repeat":"repeat","background-position":"center center","background-size":"auto","background-attachment":"scroll","background-type":"","background-media":"","overlay-type":"","overlay-color":"","overlay-opacity":"","overlay-gradient":""},"mobile":{"background-color":"var(--ast-global-color-4)","background-image":"","background-repeat":"repeat","background-position":"center center","background-size":"auto","background-attachment":"scroll","background-type":"","background-media":"","overlay-type":"","overlay-color":"","overlay-opacity":"","overlay-gradient":""}}},"product_brand":[],"product_cat":[174],"product_tag":[],"class_list":{"0":"post-10649","1":"product","2":"type-product","3":"status-publish","4":"has-post-thumbnail","6":"product_cat-istorija-ir-politologija","7":"pa_leidimo-metai-93","8":"desktop-align-left","9":"tablet-align-left","10":"mobile-align-left","12":"first","13":"instock","14":"shipping-taxable","15":"purchasable","16":"product-type-simple"},"acf":[],"yoast_head":"<!-- This site is optimized with the Yoast SEO plugin v27.0 - https:\/\/yoast.com\/product\/yoast-seo-wordpress\/ -->\n<title>Civilizacij\u0173 paslaptys - Skaitytaknyga<\/title>\n<meta name=\"description\" content=\"Ar b\u016bdingas istorijai periodi\u0161kumas? Kod\u0117l dings\u00adta tautos ir i\u0161tisos civilizacijos, palikdamos keistus statinius, neai\u0161kios paskirties artefaktus ir ra\u0161to paminklus, kuriuos galima i\u0161\u0161ifruoti, bet ne\u012fmanoma suprasti? D\u0117l ko \u017elugo galingos hetit\u0173, etrusk\u0173, chazar\u0173 valstyb\u0117s ir Centrin\u0117s Amerikos civilizacijos?  Kod\u0117l labiausiai paplit\u0119s rankra\u0161tis Senov\u0117s Egipte buvo Mirusi\u0173j\u0173 knyga? Kada ir kaip atsirado menas? \u0160iuos ir daugel\u012f kit\u0173 nei\u0161spr\u0119st\u0173 \u017emonijos istorijos klausim\u0173 svarsto mokslininkai \u0161ios knygos puslapiuose.\" \/>\n<meta name=\"robots\" content=\"index, follow, max-snippet:-1, max-image-preview:large, max-video-preview:-1\" \/>\n<link rel=\"canonical\" href=\"https:\/\/skaitytaknyga.lt\/en\/produktas\/civilizaciju-paslaptys\/\" \/>\n<meta property=\"og:locale\" content=\"en_GB\" \/>\n<meta property=\"og:locale:alternate\" content=\"lt_LT\" \/>\n<meta property=\"og:type\" content=\"article\" \/>\n<meta property=\"og:title\" content=\"Civilizacij\u0173 paslaptys - Skaitytaknyga\" \/>\n<meta property=\"og:description\" content=\"Ar b\u016bdingas istorijai periodi\u0161kumas? Kod\u0117l dings\u00adta tautos ir i\u0161tisos civilizacijos, palikdamos keistus statinius, neai\u0161kios paskirties artefaktus ir ra\u0161to paminklus, kuriuos galima i\u0161\u0161ifruoti, bet ne\u012fmanoma suprasti? D\u0117l ko \u017elugo galingos hetit\u0173, etrusk\u0173, chazar\u0173 valstyb\u0117s ir Centrin\u0117s Amerikos civilizacijos?  Kod\u0117l labiausiai paplit\u0119s rankra\u0161tis Senov\u0117s Egipte buvo Mirusi\u0173j\u0173 knyga? Kada ir kaip atsirado menas? \u0160iuos ir daugel\u012f kit\u0173 nei\u0161spr\u0119st\u0173 \u017emonijos istorijos klausim\u0173 svarsto mokslininkai \u0161ios knygos puslapiuose.\" \/>\n<meta property=\"og:url\" content=\"https:\/\/skaitytaknyga.lt\/en\/produktas\/civilizaciju-paslaptys\/\" \/>\n<meta property=\"og:site_name\" content=\"Skaitytaknyga\" \/>\n<meta property=\"article:publisher\" content=\"https:\/\/www.facebook.com\/skaitytaknyga\/\" \/>\n<meta property=\"article:modified_time\" content=\"2024-05-04T19:11:11+00:00\" \/>\n<meta property=\"og:image\" content=\"https:\/\/skaitytaknyga.lt\/wp-content\/uploads\/2024\/05\/144330-img-20210411-143458.jpg\" \/>\n\t<meta property=\"og:image:width\" content=\"641\" \/>\n\t<meta property=\"og:image:height\" content=\"800\" \/>\n\t<meta property=\"og:image:type\" content=\"image\/jpeg\" \/>\n<meta name=\"twitter:card\" content=\"summary_large_image\" \/>\n<script type=\"application\/ld+json\" class=\"yoast-schema-graph\">{\"@context\":\"https:\/\/schema.org\",\"@graph\":[{\"@type\":\"WebPage\",\"@id\":\"https:\/\/skaitytaknyga.lt\/produktas\/civilizaciju-paslaptys\/\",\"url\":\"https:\/\/skaitytaknyga.lt\/produktas\/civilizaciju-paslaptys\/\",\"name\":\"Civilizacij\u0173 paslaptys - Skaitytaknyga\",\"isPartOf\":{\"@id\":\"https:\/\/skaitytaknyga.lt\/#website\"},\"primaryImageOfPage\":{\"@id\":\"https:\/\/skaitytaknyga.lt\/produktas\/civilizaciju-paslaptys\/#primaryimage\"},\"image\":{\"@id\":\"https:\/\/skaitytaknyga.lt\/produktas\/civilizaciju-paslaptys\/#primaryimage\"},\"thumbnailUrl\":\"https:\/\/skaitytaknyga.lt\/wp-content\/uploads\/2024\/05\/144330-img-20210411-143458.jpg\",\"datePublished\":\"2024-05-04T19:10:03+00:00\",\"dateModified\":\"2024-05-04T19:11:11+00:00\",\"description\":\"Ar b\u016bdingas istorijai periodi\u0161kumas? Kod\u0117l dings\u00adta tautos ir i\u0161tisos civilizacijos, palikdamos keistus statinius, neai\u0161kios paskirties artefaktus ir ra\u0161to paminklus, kuriuos galima i\u0161\u0161ifruoti, bet ne\u012fmanoma suprasti? D\u0117l ko \u017elugo galingos hetit\u0173, etrusk\u0173, chazar\u0173 valstyb\u0117s ir Centrin\u0117s Amerikos civilizacijos? Kod\u0117l labiausiai paplit\u0119s rankra\u0161tis Senov\u0117s Egipte buvo Mirusi\u0173j\u0173 knyga? Kada ir kaip atsirado menas? \u0160iuos ir daugel\u012f kit\u0173 nei\u0161spr\u0119st\u0173 \u017emonijos istorijos klausim\u0173 svarsto mokslininkai \u0161ios knygos puslapiuose.\",\"breadcrumb\":{\"@id\":\"https:\/\/skaitytaknyga.lt\/produktas\/civilizaciju-paslaptys\/#breadcrumb\"},\"inLanguage\":\"en-GB\",\"potentialAction\":[{\"@type\":\"ReadAction\",\"target\":[\"https:\/\/skaitytaknyga.lt\/produktas\/civilizaciju-paslaptys\/\"]}]},{\"@type\":\"ImageObject\",\"inLanguage\":\"en-GB\",\"@id\":\"https:\/\/skaitytaknyga.lt\/produktas\/civilizaciju-paslaptys\/#primaryimage\",\"url\":\"https:\/\/skaitytaknyga.lt\/wp-content\/uploads\/2024\/05\/144330-img-20210411-143458.jpg\",\"contentUrl\":\"https:\/\/skaitytaknyga.lt\/wp-content\/uploads\/2024\/05\/144330-img-20210411-143458.jpg\",\"width\":641,\"height\":800},{\"@type\":\"BreadcrumbList\",\"@id\":\"https:\/\/skaitytaknyga.lt\/produktas\/civilizaciju-paslaptys\/#breadcrumb\",\"itemListElement\":[{\"@type\":\"ListItem\",\"position\":1,\"name\":\"Home\",\"item\":\"https:\/\/skaitytaknyga.lt\/\"},{\"@type\":\"ListItem\",\"position\":2,\"name\":\"Parduotuv\u0117\",\"item\":\"https:\/\/skaitytaknyga.lt\/knygu-parduotuve\/\"},{\"@type\":\"ListItem\",\"position\":3,\"name\":\"Civilizacij\u0173 paslaptys\"}]},{\"@type\":\"WebSite\",\"@id\":\"https:\/\/skaitytaknyga.lt\/#website\",\"url\":\"https:\/\/skaitytaknyga.lt\/\",\"name\":\"skaitytaknyga.lt\",\"description\":\"Skaitytaknyga.lt \u2013 tai ma\u017eas \u0161eimos verslas, kuris prasid\u0117jo nuo meil\u0117s knygoms ir siekio i\u0161gelb\u0117ti knygas nuo likimo prie konteinerio. Kas vienam nereikalingas daiktas \u2013 kitam lobis, o mes esame tarpininkai, kurie padeda abiems tapti laimingesniems ???? \u017dinome kaip nelengva i\u0161gyventi ma\u017eiems verslams, tad nuo \u0161iol, \u010dia rasite ir kit\u0173, ma\u017e\u0173 \u0161eim\u0173 versl\u0173, rank\u0173 darbo, dovan\u0173 sau ir artimiesiems.\",\"publisher\":{\"@id\":\"https:\/\/skaitytaknyga.lt\/#organization\"},\"potentialAction\":[{\"@type\":\"SearchAction\",\"target\":{\"@type\":\"EntryPoint\",\"urlTemplate\":\"https:\/\/skaitytaknyga.lt\/?s={search_term_string}\"},\"query-input\":{\"@type\":\"PropertyValueSpecification\",\"valueRequired\":true,\"valueName\":\"search_term_string\"}}],\"inLanguage\":\"en-GB\"},{\"@type\":\"Organization\",\"@id\":\"https:\/\/skaitytaknyga.lt\/#organization\",\"name\":\"skaitytaknyga.lt\",\"url\":\"https:\/\/skaitytaknyga.lt\/\",\"logo\":{\"@type\":\"ImageObject\",\"inLanguage\":\"en-GB\",\"@id\":\"https:\/\/skaitytaknyga.lt\/#\/schema\/logo\/image\/\",\"url\":\"https:\/\/skaitytaknyga.lt\/wp-content\/uploads\/2024\/05\/cropped-cropped-cropped-02_00843_jt3bggkj1j3HLc7SyY6rEUpg.jpeg\",\"contentUrl\":\"https:\/\/skaitytaknyga.lt\/wp-content\/uploads\/2024\/05\/cropped-cropped-cropped-02_00843_jt3bggkj1j3HLc7SyY6rEUpg.jpeg\",\"width\":1600,\"height\":1600,\"caption\":\"skaitytaknyga.lt\"},\"image\":{\"@id\":\"https:\/\/skaitytaknyga.lt\/#\/schema\/logo\/image\/\"},\"sameAs\":[\"https:\/\/www.facebook.com\/skaitytaknyga\/\"]}]}<\/script>\n<!-- \/ Yoast SEO plugin. -->","yoast_head_json":{"title":"Civilizacij\u0173 paslaptys - Skaitytaknyga","description":"Ar b\u016bdingas istorijai periodi\u0161kumas? Kod\u0117l dings\u00adta tautos ir i\u0161tisos civilizacijos, palikdamos keistus statinius, neai\u0161kios paskirties artefaktus ir ra\u0161to paminklus, kuriuos galima i\u0161\u0161ifruoti, bet ne\u012fmanoma suprasti? D\u0117l ko \u017elugo galingos hetit\u0173, etrusk\u0173, chazar\u0173 valstyb\u0117s ir Centrin\u0117s Amerikos civilizacijos?  Kod\u0117l labiausiai paplit\u0119s rankra\u0161tis Senov\u0117s Egipte buvo Mirusi\u0173j\u0173 knyga? Kada ir kaip atsirado menas? \u0160iuos ir daugel\u012f kit\u0173 nei\u0161spr\u0119st\u0173 \u017emonijos istorijos klausim\u0173 svarsto mokslininkai \u0161ios knygos puslapiuose.","robots":{"index":"index","follow":"follow","max-snippet":"max-snippet:-1","max-image-preview":"max-image-preview:large","max-video-preview":"max-video-preview:-1"},"canonical":"https:\/\/skaitytaknyga.lt\/en\/produktas\/civilizaciju-paslaptys\/","og_locale":"en_GB","og_type":"article","og_title":"Civilizacij\u0173 paslaptys - Skaitytaknyga","og_description":"Ar b\u016bdingas istorijai periodi\u0161kumas? Kod\u0117l dings\u00adta tautos ir i\u0161tisos civilizacijos, palikdamos keistus statinius, neai\u0161kios paskirties artefaktus ir ra\u0161to paminklus, kuriuos galima i\u0161\u0161ifruoti, bet ne\u012fmanoma suprasti? D\u0117l ko \u017elugo galingos hetit\u0173, etrusk\u0173, chazar\u0173 valstyb\u0117s ir Centrin\u0117s Amerikos civilizacijos?  Kod\u0117l labiausiai paplit\u0119s rankra\u0161tis Senov\u0117s Egipte buvo Mirusi\u0173j\u0173 knyga? Kada ir kaip atsirado menas? \u0160iuos ir daugel\u012f kit\u0173 nei\u0161spr\u0119st\u0173 \u017emonijos istorijos klausim\u0173 svarsto mokslininkai \u0161ios knygos puslapiuose.","og_url":"https:\/\/skaitytaknyga.lt\/en\/produktas\/civilizaciju-paslaptys\/","og_site_name":"Skaitytaknyga","article_publisher":"https:\/\/www.facebook.com\/skaitytaknyga\/","article_modified_time":"2024-05-04T19:11:11+00:00","og_image":[{"width":641,"height":800,"url":"https:\/\/skaitytaknyga.lt\/wp-content\/uploads\/2024\/05\/144330-img-20210411-143458.jpg","type":"image\/jpeg"}],"twitter_card":"summary_large_image","schema":{"@context":"https:\/\/schema.org","@graph":[{"@type":"WebPage","@id":"https:\/\/skaitytaknyga.lt\/produktas\/civilizaciju-paslaptys\/","url":"https:\/\/skaitytaknyga.lt\/produktas\/civilizaciju-paslaptys\/","name":"Civilizacij\u0173 paslaptys - Skaitytaknyga","isPartOf":{"@id":"https:\/\/skaitytaknyga.lt\/#website"},"primaryImageOfPage":{"@id":"https:\/\/skaitytaknyga.lt\/produktas\/civilizaciju-paslaptys\/#primaryimage"},"image":{"@id":"https:\/\/skaitytaknyga.lt\/produktas\/civilizaciju-paslaptys\/#primaryimage"},"thumbnailUrl":"https:\/\/skaitytaknyga.lt\/wp-content\/uploads\/2024\/05\/144330-img-20210411-143458.jpg","datePublished":"2024-05-04T19:10:03+00:00","dateModified":"2024-05-04T19:11:11+00:00","description":"Ar b\u016bdingas istorijai periodi\u0161kumas? Kod\u0117l dings\u00adta tautos ir i\u0161tisos civilizacijos, palikdamos keistus statinius, neai\u0161kios paskirties artefaktus ir ra\u0161to paminklus, kuriuos galima i\u0161\u0161ifruoti, bet ne\u012fmanoma suprasti? D\u0117l ko \u017elugo galingos hetit\u0173, etrusk\u0173, chazar\u0173 valstyb\u0117s ir Centrin\u0117s Amerikos civilizacijos? Kod\u0117l labiausiai paplit\u0119s rankra\u0161tis Senov\u0117s Egipte buvo Mirusi\u0173j\u0173 knyga? Kada ir kaip atsirado menas? \u0160iuos ir daugel\u012f kit\u0173 nei\u0161spr\u0119st\u0173 \u017emonijos istorijos klausim\u0173 svarsto mokslininkai \u0161ios knygos puslapiuose.","breadcrumb":{"@id":"https:\/\/skaitytaknyga.lt\/produktas\/civilizaciju-paslaptys\/#breadcrumb"},"inLanguage":"en-GB","potentialAction":[{"@type":"ReadAction","target":["https:\/\/skaitytaknyga.lt\/produktas\/civilizaciju-paslaptys\/"]}]},{"@type":"ImageObject","inLanguage":"en-GB","@id":"https:\/\/skaitytaknyga.lt\/produktas\/civilizaciju-paslaptys\/#primaryimage","url":"https:\/\/skaitytaknyga.lt\/wp-content\/uploads\/2024\/05\/144330-img-20210411-143458.jpg","contentUrl":"https:\/\/skaitytaknyga.lt\/wp-content\/uploads\/2024\/05\/144330-img-20210411-143458.jpg","width":641,"height":800},{"@type":"BreadcrumbList","@id":"https:\/\/skaitytaknyga.lt\/produktas\/civilizaciju-paslaptys\/#breadcrumb","itemListElement":[{"@type":"ListItem","position":1,"name":"Home","item":"https:\/\/skaitytaknyga.lt\/"},{"@type":"ListItem","position":2,"name":"Parduotuv\u0117","item":"https:\/\/skaitytaknyga.lt\/knygu-parduotuve\/"},{"@type":"ListItem","position":3,"name":"Civilizacij\u0173 paslaptys"}]},{"@type":"WebSite","@id":"https:\/\/skaitytaknyga.lt\/#website","url":"https:\/\/skaitytaknyga.lt\/","name":"skaitytaknyga.lt","description":"Skaitytaknyga.lt \u2013 tai ma\u017eas \u0161eimos verslas, kuris prasid\u0117jo nuo meil\u0117s knygoms ir siekio i\u0161gelb\u0117ti knygas nuo likimo prie konteinerio. Kas vienam nereikalingas daiktas \u2013 kitam lobis, o mes esame tarpininkai, kurie padeda abiems tapti laimingesniems ???? \u017dinome kaip nelengva i\u0161gyventi ma\u017eiems verslams, tad nuo \u0161iol, \u010dia rasite ir kit\u0173, ma\u017e\u0173 \u0161eim\u0173 versl\u0173, rank\u0173 darbo, dovan\u0173 sau ir artimiesiems.","publisher":{"@id":"https:\/\/skaitytaknyga.lt\/#organization"},"potentialAction":[{"@type":"SearchAction","target":{"@type":"EntryPoint","urlTemplate":"https:\/\/skaitytaknyga.lt\/?s={search_term_string}"},"query-input":{"@type":"PropertyValueSpecification","valueRequired":true,"valueName":"search_term_string"}}],"inLanguage":"en-GB"},{"@type":"Organization","@id":"https:\/\/skaitytaknyga.lt\/#organization","name":"skaitytaknyga.lt","url":"https:\/\/skaitytaknyga.lt\/","logo":{"@type":"ImageObject","inLanguage":"en-GB","@id":"https:\/\/skaitytaknyga.lt\/#\/schema\/logo\/image\/","url":"https:\/\/skaitytaknyga.lt\/wp-content\/uploads\/2024\/05\/cropped-cropped-cropped-02_00843_jt3bggkj1j3HLc7SyY6rEUpg.jpeg","contentUrl":"https:\/\/skaitytaknyga.lt\/wp-content\/uploads\/2024\/05\/cropped-cropped-cropped-02_00843_jt3bggkj1j3HLc7SyY6rEUpg.jpeg","width":1600,"height":1600,"caption":"skaitytaknyga.lt"},"image":{"@id":"https:\/\/skaitytaknyga.lt\/#\/schema\/logo\/image\/"},"sameAs":["https:\/\/www.facebook.com\/skaitytaknyga\/"]}]}},"_links":{"self":[{"href":"https:\/\/skaitytaknyga.lt\/en\/wp-json\/wp\/v2\/product\/10649","targetHints":{"allow":["GET"]}}],"collection":[{"href":"https:\/\/skaitytaknyga.lt\/en\/wp-json\/wp\/v2\/product"}],"about":[{"href":"https:\/\/skaitytaknyga.lt\/en\/wp-json\/wp\/v2\/types\/product"}],"replies":[{"embeddable":true,"href":"https:\/\/skaitytaknyga.lt\/en\/wp-json\/wp\/v2\/comments?post=10649"}],"wp:featuredmedia":[{"embeddable":true,"href":"https:\/\/skaitytaknyga.lt\/en\/wp-json\/wp\/v2\/media\/10682"}],"wp:attachment":[{"href":"https:\/\/skaitytaknyga.lt\/en\/wp-json\/wp\/v2\/media?parent=10649"}],"wp:term":[{"taxonomy":"product_brand","embeddable":true,"href":"https:\/\/skaitytaknyga.lt\/en\/wp-json\/wp\/v2\/product_brand?post=10649"},{"taxonomy":"product_cat","embeddable":true,"href":"https:\/\/skaitytaknyga.lt\/en\/wp-json\/wp\/v2\/product_cat?post=10649"},{"taxonomy":"product_tag","embeddable":true,"href":"https:\/\/skaitytaknyga.lt\/en\/wp-json\/wp\/v2\/product_tag?post=10649"}],"curies":[{"name":"wp","href":"https:\/\/api.w.org\/{rel}","templated":true}]}}