{"id":10648,"date":"2024-05-04T19:10:03","date_gmt":"2024-05-04T19:10:03","guid":{"rendered":"https:\/\/skaitytaknyga.lt\/?post_type=product&#038;p=10648"},"modified":"2025-07-27T21:03:28","modified_gmt":"2025-07-27T18:03:28","slug":"puanblanas","status":"publish","type":"product","link":"https:\/\/skaitytaknyga.lt\/en\/produktas\/puanblanas\/","title":{"rendered":"Puanblanas"},"content":{"rendered":"<div><b>Aleksas Raideris, paauglys, nepaprastas \u017evalgybininkas, gr\u012f\u017eta!<\/b><\/div>\n<div>\u0160iame\u00a0<i>Audra\u0161auklio<\/i>\u00a0t\u0119sinyje keturiolikmetis Aleksas, \u017evalgybininkas per prievart\u0105, v\u0117l lanko mokykl\u0105 ir stengiasi prisitaikyti prie savo naujo, dvilypio gyvenimo&#8230; prie dvejopo mokymosi.<\/div>\n<div><b>Slaptoji \u017evalgybos tarnyba v\u0117l numat\u0117 jam u\u017eduot\u012f.<\/b><\/div>\n<div>Tiriant \u201eatsitiktines\u201c dviej\u0173 galingiausi\u0173 pasaulyje \u017emoni\u0173 mirtis, atsiskleid\u0117 vienas vienintelis ry\u0161ys. Kiekvieno j\u0173 s\u016bnus lanko Puanblano aristokrati\u0161k\u0105 speciali\u0105j\u0105 mokykl\u0105 sunkiai aukl\u0117jamiems turtuoli\u0173 vaikams. Neprieinamoje auk\u0161to kalno vir\u0161\u016bn\u0117je Pranc\u016bzijos Alp\u0117se \u012fsik\u016brusiai mokyklai vadovauja tamsi asmenyb\u0117 daktaras B\u0117da.<\/div>\n<div>Apginkluotas vien tik netikru asmens pa\u017eym\u0117jimu ir nauju rinkiniu talentingai u\u017emaskuot\u0173 prietais\u0173, Aleksas turi \u012fsiskverbti \u012f speciali\u0105j\u0105 mokykl\u0105 kaip mokinys ir i\u0161siai\u0161kinti, kas i\u0161 tikr\u0173j\u0173 ten dedasi. Ar sugeb\u0117s \u012fsp\u0117ti pasaul\u012f apie savo atskleistuosius dalykus, kol dar ne per v\u0117lu?<\/div>\n","protected":false},"excerpt":{"rendered":"<div><b>Aleksas Raideris, paauglys, nepaprastas \u017evalgybininkas, gr\u012f\u017eta!<\/b><\/div>\n<div>\u0160iame\u00a0<i>Audra\u0161auklio<\/i>\u00a0t\u0119sinyje keturiolikmetis Aleksas, \u017evalgybininkas per prievart\u0105, v\u0117l lanko mokykl\u0105 ir stengiasi prisitaikyti prie savo naujo, dvilypio gyvenimo&#8230; prie dvejopo mokymosi.<\/div>\n<div><b>Slaptoji \u017evalgybos tarnyba v\u0117l numat\u0117 jam u\u017eduot\u012f.<\/b><\/div>\n<div>Tiriant \u201eatsitiktines\u201c dviej\u0173 galingiausi\u0173 pasaulyje \u017emoni\u0173 mirtis, atsiskleid\u0117 vienas vienintelis ry\u0161ys. Kiekvieno j\u0173 s\u016bnus lanko Puanblano aristokrati\u0161k\u0105 speciali\u0105j\u0105 mokykl\u0105 sunkiai aukl\u0117jamiems turtuoli\u0173 vaikams. Neprieinamoje auk\u0161to kalno vir\u0161\u016bn\u0117je Pranc\u016bzijos Alp\u0117se \u012fsik\u016brusiai mokyklai vadovauja tamsi asmenyb\u0117 daktaras B\u0117da.<\/div>\n<div>Apginkluotas vien tik netikru asmens pa\u017eym\u0117jimu ir nauju rinkiniu talentingai u\u017emaskuot\u0173 prietais\u0173, Aleksas turi \u012fsiskverbti \u012f speciali\u0105j\u0105 mokykl\u0105 kaip mokinys ir i\u0161siai\u0161kinti, kas i\u0161 tikr\u0173j\u0173 ten dedasi. Ar sugeb\u0117s \u012fsp\u0117ti pasaul\u012f apie savo atskleistuosius dalykus, kol dar ne per v\u0117lu?<\/div>\n","protected":false},"featured_media":10681,"comment_status":"closed","ping_status":"closed","template":"","meta":{"_acf_changed":false,"site-sidebar-layout":"default","site-content-layout":"","ast-site-content-layout":"default","site-content-style":"default","site-sidebar-style":"default","ast-global-header-display":"","ast-banner-title-visibility":"","ast-main-header-display":"","ast-hfb-above-header-display":"","ast-hfb-below-header-display":"","ast-hfb-mobile-header-display":"","site-post-title":"","ast-breadcrumbs-content":"","ast-featured-img":"","footer-sml-layout":"","ast-disable-related-posts":"","theme-transparent-header-meta":"","adv-header-id-meta":"","stick-header-meta":"","header-above-stick-meta":"","header-main-stick-meta":"","header-below-stick-meta":"","astra-migrate-meta-layouts":"default","ast-page-background-enabled":"default","ast-page-background-meta":{"desktop":{"background-color":"","background-image":"","background-repeat":"repeat","background-position":"center center","background-size":"auto","background-attachment":"scroll","background-type":"","background-media":"","overlay-type":"","overlay-color":"","overlay-opacity":"","overlay-gradient":""},"tablet":{"background-color":"","background-image":"","background-repeat":"repeat","background-position":"center center","background-size":"auto","background-attachment":"scroll","background-type":"","background-media":"","overlay-type":"","overlay-color":"","overlay-opacity":"","overlay-gradient":""},"mobile":{"background-color":"","background-image":"","background-repeat":"repeat","background-position":"center center","background-size":"auto","background-attachment":"scroll","background-type":"","background-media":"","overlay-type":"","overlay-color":"","overlay-opacity":"","overlay-gradient":""}},"ast-content-background-meta":{"desktop":{"background-color":"var(--ast-global-color-4)","background-image":"","background-repeat":"repeat","background-position":"center center","background-size":"auto","background-attachment":"scroll","background-type":"","background-media":"","overlay-type":"","overlay-color":"","overlay-opacity":"","overlay-gradient":""},"tablet":{"background-color":"var(--ast-global-color-4)","background-image":"","background-repeat":"repeat","background-position":"center center","background-size":"auto","background-attachment":"scroll","background-type":"","background-media":"","overlay-type":"","overlay-color":"","overlay-opacity":"","overlay-gradient":""},"mobile":{"background-color":"var(--ast-global-color-4)","background-image":"","background-repeat":"repeat","background-position":"center center","background-size":"auto","background-attachment":"scroll","background-type":"","background-media":"","overlay-type":"","overlay-color":"","overlay-opacity":"","overlay-gradient":""}}},"product_brand":[],"product_cat":[31,35],"product_tag":[],"class_list":{"0":"post-10648","1":"product","2":"type-product","3":"status-publish","4":"has-post-thumbnail","6":"product_cat-grozine-literatura","7":"product_cat-vaikams-ir-paaugliams","8":"desktop-align-left","9":"tablet-align-left","10":"mobile-align-left","12":"first","13":"instock","14":"shipping-taxable","15":"purchasable","16":"product-type-simple"},"acf":[],"yoast_head":"<!-- This site is optimized with the Yoast SEO plugin v27.4 - https:\/\/yoast.com\/product\/yoast-seo-wordpress\/ -->\n<title>Puanblanas - Skaitytaknyga<\/title>\n<meta name=\"description\" content=\"Aleksas Raideris, paauglys, nepaprastas \u017evalgybininkas, gr\u012f\u017eta! \u0160iame\u00a0Audra\u0161auklio\u00a0t\u0119sinyje keturiolikmetis Aleksas, \u017evalgybininkas per prievart\u0105, v\u0117l lanko mokykl\u0105 ir stengiasi prisitaikyti prie savo naujo, dvilypio gyvenimo... prie dvejopo mokymosi. Slaptoji \u017evalgybos tarnyba v\u0117l numat\u0117 jam u\u017eduot\u012f. Tiriant \u201eatsitiktines\u201c dviej\u0173 galingiausi\u0173 pasaulyje \u017emoni\u0173 mirtis, atsiskleid\u0117 vienas vienintelis ry\u0161ys. Kiekvieno j\u0173 s\u016bnus lanko Puanblano aristokrati\u0161k\u0105 speciali\u0105j\u0105 mokykl\u0105 sunkiai aukl\u0117jamiems turtuoli\u0173 vaikams. Neprieinamoje auk\u0161to kalno vir\u0161\u016bn\u0117je Pranc\u016bzijos Alp\u0117se \u012fsik\u016brusiai mokyklai vadovauja tamsi asmenyb\u0117 daktaras B\u0117da. Apginkluotas vien tik netikru asmens pa\u017eym\u0117jimu ir nauju rinkiniu talentingai u\u017emaskuot\u0173 prietais\u0173, Aleksas turi \u012fsiskverbti \u012f speciali\u0105j\u0105 mokykl\u0105 kaip mokinys ir i\u0161siai\u0161kinti, kas i\u0161 tikr\u0173j\u0173 ten dedasi. Ar sugeb\u0117s \u012fsp\u0117ti pasaul\u012f apie savo atskleistuosius dalykus, kol dar ne per v\u0117lu?\" \/>\n<meta name=\"robots\" content=\"index, follow, max-snippet:-1, max-image-preview:large, max-video-preview:-1\" \/>\n<link rel=\"canonical\" href=\"https:\/\/skaitytaknyga.lt\/en\/produktas\/puanblanas\/\" \/>\n<meta property=\"og:locale\" content=\"en_GB\" \/>\n<meta property=\"og:locale:alternate\" content=\"lt_LT\" \/>\n<meta property=\"og:type\" content=\"article\" \/>\n<meta property=\"og:title\" content=\"Puanblanas - Skaitytaknyga\" \/>\n<meta property=\"og:description\" content=\"Aleksas Raideris, paauglys, nepaprastas \u017evalgybininkas, gr\u012f\u017eta! \u0160iame\u00a0Audra\u0161auklio\u00a0t\u0119sinyje keturiolikmetis Aleksas, \u017evalgybininkas per prievart\u0105, v\u0117l lanko mokykl\u0105 ir stengiasi prisitaikyti prie savo naujo, dvilypio gyvenimo... prie dvejopo mokymosi. Slaptoji \u017evalgybos tarnyba v\u0117l numat\u0117 jam u\u017eduot\u012f. Tiriant \u201eatsitiktines\u201c dviej\u0173 galingiausi\u0173 pasaulyje \u017emoni\u0173 mirtis, atsiskleid\u0117 vienas vienintelis ry\u0161ys. Kiekvieno j\u0173 s\u016bnus lanko Puanblano aristokrati\u0161k\u0105 speciali\u0105j\u0105 mokykl\u0105 sunkiai aukl\u0117jamiems turtuoli\u0173 vaikams. Neprieinamoje auk\u0161to kalno vir\u0161\u016bn\u0117je Pranc\u016bzijos Alp\u0117se \u012fsik\u016brusiai mokyklai vadovauja tamsi asmenyb\u0117 daktaras B\u0117da. Apginkluotas vien tik netikru asmens pa\u017eym\u0117jimu ir nauju rinkiniu talentingai u\u017emaskuot\u0173 prietais\u0173, Aleksas turi \u012fsiskverbti \u012f speciali\u0105j\u0105 mokykl\u0105 kaip mokinys ir i\u0161siai\u0161kinti, kas i\u0161 tikr\u0173j\u0173 ten dedasi. Ar sugeb\u0117s \u012fsp\u0117ti pasaul\u012f apie savo atskleistuosius dalykus, kol dar ne per v\u0117lu?\" \/>\n<meta property=\"og:url\" content=\"https:\/\/skaitytaknyga.lt\/en\/produktas\/puanblanas\/\" \/>\n<meta property=\"og:site_name\" content=\"Skaitytaknyga\" \/>\n<meta property=\"article:publisher\" content=\"https:\/\/www.facebook.com\/skaitytaknyga\/\" \/>\n<meta property=\"article:modified_time\" content=\"2025-07-27T18:03:28+00:00\" \/>\n<meta property=\"og:image\" content=\"https:\/\/skaitytaknyga.lt\/wp-content\/uploads\/2024\/05\/140602-20211209-122328-e1665844258305.jpg\" \/>\n\t<meta property=\"og:image:width\" content=\"406\" \/>\n\t<meta property=\"og:image:height\" content=\"662\" \/>\n\t<meta property=\"og:image:type\" content=\"image\/jpeg\" \/>\n<meta name=\"twitter:card\" content=\"summary_large_image\" \/>\n<meta name=\"twitter:label1\" content=\"Estimated reading time\" \/>\n\t<meta name=\"twitter:data1\" content=\"1 minute\" \/>\n<script type=\"application\/ld+json\" class=\"yoast-schema-graph\">{\"@context\":\"https:\\\/\\\/schema.org\",\"@graph\":[{\"@type\":\"WebPage\",\"@id\":\"https:\\\/\\\/skaitytaknyga.lt\\\/produktas\\\/puanblanas\\\/\",\"url\":\"https:\\\/\\\/skaitytaknyga.lt\\\/produktas\\\/puanblanas\\\/\",\"name\":\"Puanblanas - Skaitytaknyga\",\"isPartOf\":{\"@id\":\"https:\\\/\\\/skaitytaknyga.lt\\\/#website\"},\"primaryImageOfPage\":{\"@id\":\"https:\\\/\\\/skaitytaknyga.lt\\\/produktas\\\/puanblanas\\\/#primaryimage\"},\"image\":{\"@id\":\"https:\\\/\\\/skaitytaknyga.lt\\\/produktas\\\/puanblanas\\\/#primaryimage\"},\"thumbnailUrl\":\"https:\\\/\\\/skaitytaknyga.lt\\\/wp-content\\\/uploads\\\/2024\\\/05\\\/140602-20211209-122328-e1665844258305.jpg\",\"datePublished\":\"2024-05-04T19:10:03+00:00\",\"dateModified\":\"2025-07-27T18:03:28+00:00\",\"description\":\"Aleksas Raideris, paauglys, nepaprastas \u017evalgybininkas, gr\u012f\u017eta! \u0160iame\u00a0Audra\u0161auklio\u00a0t\u0119sinyje keturiolikmetis Aleksas, \u017evalgybininkas per prievart\u0105, v\u0117l lanko mokykl\u0105 ir stengiasi prisitaikyti prie savo naujo, dvilypio gyvenimo... prie dvejopo mokymosi. Slaptoji \u017evalgybos tarnyba v\u0117l numat\u0117 jam u\u017eduot\u012f. Tiriant \u201eatsitiktines\u201c dviej\u0173 galingiausi\u0173 pasaulyje \u017emoni\u0173 mirtis, atsiskleid\u0117 vienas vienintelis ry\u0161ys. Kiekvieno j\u0173 s\u016bnus lanko Puanblano aristokrati\u0161k\u0105 speciali\u0105j\u0105 mokykl\u0105 sunkiai aukl\u0117jamiems turtuoli\u0173 vaikams. Neprieinamoje auk\u0161to kalno vir\u0161\u016bn\u0117je Pranc\u016bzijos Alp\u0117se \u012fsik\u016brusiai mokyklai vadovauja tamsi asmenyb\u0117 daktaras B\u0117da. Apginkluotas vien tik netikru asmens pa\u017eym\u0117jimu ir nauju rinkiniu talentingai u\u017emaskuot\u0173 prietais\u0173, Aleksas turi \u012fsiskverbti \u012f speciali\u0105j\u0105 mokykl\u0105 kaip mokinys ir i\u0161siai\u0161kinti, kas i\u0161 tikr\u0173j\u0173 ten dedasi. Ar sugeb\u0117s \u012fsp\u0117ti pasaul\u012f apie savo atskleistuosius dalykus, kol dar ne per v\u0117lu?\",\"breadcrumb\":{\"@id\":\"https:\\\/\\\/skaitytaknyga.lt\\\/produktas\\\/puanblanas\\\/#breadcrumb\"},\"inLanguage\":\"en-GB\",\"potentialAction\":[{\"@type\":\"ReadAction\",\"target\":[\"https:\\\/\\\/skaitytaknyga.lt\\\/produktas\\\/puanblanas\\\/\"]}]},{\"@type\":\"ImageObject\",\"inLanguage\":\"en-GB\",\"@id\":\"https:\\\/\\\/skaitytaknyga.lt\\\/produktas\\\/puanblanas\\\/#primaryimage\",\"url\":\"https:\\\/\\\/skaitytaknyga.lt\\\/wp-content\\\/uploads\\\/2024\\\/05\\\/140602-20211209-122328-e1665844258305.jpg\",\"contentUrl\":\"https:\\\/\\\/skaitytaknyga.lt\\\/wp-content\\\/uploads\\\/2024\\\/05\\\/140602-20211209-122328-e1665844258305.jpg\",\"width\":406,\"height\":662},{\"@type\":\"BreadcrumbList\",\"@id\":\"https:\\\/\\\/skaitytaknyga.lt\\\/produktas\\\/puanblanas\\\/#breadcrumb\",\"itemListElement\":[{\"@type\":\"ListItem\",\"position\":1,\"name\":\"Home\",\"item\":\"https:\\\/\\\/skaitytaknyga.lt\\\/\"},{\"@type\":\"ListItem\",\"position\":2,\"name\":\"Parduotuv\u0117\",\"item\":\"https:\\\/\\\/skaitytaknyga.lt\\\/knygu-parduotuve\\\/\"},{\"@type\":\"ListItem\",\"position\":3,\"name\":\"Puanblanas\"}]},{\"@type\":\"WebSite\",\"@id\":\"https:\\\/\\\/skaitytaknyga.lt\\\/#website\",\"url\":\"https:\\\/\\\/skaitytaknyga.lt\\\/\",\"name\":\"skaitytaknyga.lt\",\"description\":\"Skaitytaknyga.lt \u2013 tai ma\u017eas \u0161eimos verslas, kuris prasid\u0117jo nuo meil\u0117s knygoms ir siekio i\u0161gelb\u0117ti knygas nuo likimo prie konteinerio. Kas vienam nereikalingas daiktas \u2013 kitam lobis, o mes esame tarpininkai, kurie padeda abiems tapti laimingesniems ???? \u017dinome kaip nelengva i\u0161gyventi ma\u017eiems verslams, tad nuo \u0161iol, \u010dia rasite ir kit\u0173, ma\u017e\u0173 \u0161eim\u0173 versl\u0173, rank\u0173 darbo, dovan\u0173 sau ir artimiesiems.\",\"publisher\":{\"@id\":\"https:\\\/\\\/skaitytaknyga.lt\\\/#organization\"},\"potentialAction\":[{\"@type\":\"SearchAction\",\"target\":{\"@type\":\"EntryPoint\",\"urlTemplate\":\"https:\\\/\\\/skaitytaknyga.lt\\\/?s={search_term_string}\"},\"query-input\":{\"@type\":\"PropertyValueSpecification\",\"valueRequired\":true,\"valueName\":\"search_term_string\"}}],\"inLanguage\":\"en-GB\"},{\"@type\":\"Organization\",\"@id\":\"https:\\\/\\\/skaitytaknyga.lt\\\/#organization\",\"name\":\"skaitytaknyga.lt\",\"url\":\"https:\\\/\\\/skaitytaknyga.lt\\\/\",\"logo\":{\"@type\":\"ImageObject\",\"inLanguage\":\"en-GB\",\"@id\":\"https:\\\/\\\/skaitytaknyga.lt\\\/#\\\/schema\\\/logo\\\/image\\\/\",\"url\":\"https:\\\/\\\/skaitytaknyga.lt\\\/wp-content\\\/uploads\\\/2024\\\/05\\\/cropped-cropped-cropped-02_00843_jt3bggkj1j3HLc7SyY6rEUpg.jpeg\",\"contentUrl\":\"https:\\\/\\\/skaitytaknyga.lt\\\/wp-content\\\/uploads\\\/2024\\\/05\\\/cropped-cropped-cropped-02_00843_jt3bggkj1j3HLc7SyY6rEUpg.jpeg\",\"width\":1600,\"height\":1600,\"caption\":\"skaitytaknyga.lt\"},\"image\":{\"@id\":\"https:\\\/\\\/skaitytaknyga.lt\\\/#\\\/schema\\\/logo\\\/image\\\/\"},\"sameAs\":[\"https:\\\/\\\/www.facebook.com\\\/skaitytaknyga\\\/\"]}]}<\/script>\n<!-- \/ Yoast SEO plugin. -->","yoast_head_json":{"title":"Puanblanas - Skaitytaknyga","description":"Aleksas Raideris, paauglys, nepaprastas \u017evalgybininkas, gr\u012f\u017eta! \u0160iame\u00a0Audra\u0161auklio\u00a0t\u0119sinyje keturiolikmetis Aleksas, \u017evalgybininkas per prievart\u0105, v\u0117l lanko mokykl\u0105 ir stengiasi prisitaikyti prie savo naujo, dvilypio gyvenimo... prie dvejopo mokymosi. Slaptoji \u017evalgybos tarnyba v\u0117l numat\u0117 jam u\u017eduot\u012f. Tiriant \u201eatsitiktines\u201c dviej\u0173 galingiausi\u0173 pasaulyje \u017emoni\u0173 mirtis, atsiskleid\u0117 vienas vienintelis ry\u0161ys. Kiekvieno j\u0173 s\u016bnus lanko Puanblano aristokrati\u0161k\u0105 speciali\u0105j\u0105 mokykl\u0105 sunkiai aukl\u0117jamiems turtuoli\u0173 vaikams. Neprieinamoje auk\u0161to kalno vir\u0161\u016bn\u0117je Pranc\u016bzijos Alp\u0117se \u012fsik\u016brusiai mokyklai vadovauja tamsi asmenyb\u0117 daktaras B\u0117da. Apginkluotas vien tik netikru asmens pa\u017eym\u0117jimu ir nauju rinkiniu talentingai u\u017emaskuot\u0173 prietais\u0173, Aleksas turi \u012fsiskverbti \u012f speciali\u0105j\u0105 mokykl\u0105 kaip mokinys ir i\u0161siai\u0161kinti, kas i\u0161 tikr\u0173j\u0173 ten dedasi. Ar sugeb\u0117s \u012fsp\u0117ti pasaul\u012f apie savo atskleistuosius dalykus, kol dar ne per v\u0117lu?","robots":{"index":"index","follow":"follow","max-snippet":"max-snippet:-1","max-image-preview":"max-image-preview:large","max-video-preview":"max-video-preview:-1"},"canonical":"https:\/\/skaitytaknyga.lt\/en\/produktas\/puanblanas\/","og_locale":"en_GB","og_type":"article","og_title":"Puanblanas - Skaitytaknyga","og_description":"Aleksas Raideris, paauglys, nepaprastas \u017evalgybininkas, gr\u012f\u017eta! \u0160iame\u00a0Audra\u0161auklio\u00a0t\u0119sinyje keturiolikmetis Aleksas, \u017evalgybininkas per prievart\u0105, v\u0117l lanko mokykl\u0105 ir stengiasi prisitaikyti prie savo naujo, dvilypio gyvenimo... prie dvejopo mokymosi. Slaptoji \u017evalgybos tarnyba v\u0117l numat\u0117 jam u\u017eduot\u012f. Tiriant \u201eatsitiktines\u201c dviej\u0173 galingiausi\u0173 pasaulyje \u017emoni\u0173 mirtis, atsiskleid\u0117 vienas vienintelis ry\u0161ys. Kiekvieno j\u0173 s\u016bnus lanko Puanblano aristokrati\u0161k\u0105 speciali\u0105j\u0105 mokykl\u0105 sunkiai aukl\u0117jamiems turtuoli\u0173 vaikams. Neprieinamoje auk\u0161to kalno vir\u0161\u016bn\u0117je Pranc\u016bzijos Alp\u0117se \u012fsik\u016brusiai mokyklai vadovauja tamsi asmenyb\u0117 daktaras B\u0117da. Apginkluotas vien tik netikru asmens pa\u017eym\u0117jimu ir nauju rinkiniu talentingai u\u017emaskuot\u0173 prietais\u0173, Aleksas turi \u012fsiskverbti \u012f speciali\u0105j\u0105 mokykl\u0105 kaip mokinys ir i\u0161siai\u0161kinti, kas i\u0161 tikr\u0173j\u0173 ten dedasi. Ar sugeb\u0117s \u012fsp\u0117ti pasaul\u012f apie savo atskleistuosius dalykus, kol dar ne per v\u0117lu?","og_url":"https:\/\/skaitytaknyga.lt\/en\/produktas\/puanblanas\/","og_site_name":"Skaitytaknyga","article_publisher":"https:\/\/www.facebook.com\/skaitytaknyga\/","article_modified_time":"2025-07-27T18:03:28+00:00","og_image":[{"width":406,"height":662,"url":"https:\/\/skaitytaknyga.lt\/wp-content\/uploads\/2024\/05\/140602-20211209-122328-e1665844258305.jpg","type":"image\/jpeg"}],"twitter_card":"summary_large_image","twitter_misc":{"Estimated reading time":"1 minute"},"schema":{"@context":"https:\/\/schema.org","@graph":[{"@type":"WebPage","@id":"https:\/\/skaitytaknyga.lt\/produktas\/puanblanas\/","url":"https:\/\/skaitytaknyga.lt\/produktas\/puanblanas\/","name":"Puanblanas - Skaitytaknyga","isPartOf":{"@id":"https:\/\/skaitytaknyga.lt\/#website"},"primaryImageOfPage":{"@id":"https:\/\/skaitytaknyga.lt\/produktas\/puanblanas\/#primaryimage"},"image":{"@id":"https:\/\/skaitytaknyga.lt\/produktas\/puanblanas\/#primaryimage"},"thumbnailUrl":"https:\/\/skaitytaknyga.lt\/wp-content\/uploads\/2024\/05\/140602-20211209-122328-e1665844258305.jpg","datePublished":"2024-05-04T19:10:03+00:00","dateModified":"2025-07-27T18:03:28+00:00","description":"Aleksas Raideris, paauglys, nepaprastas \u017evalgybininkas, gr\u012f\u017eta! \u0160iame\u00a0Audra\u0161auklio\u00a0t\u0119sinyje keturiolikmetis Aleksas, \u017evalgybininkas per prievart\u0105, v\u0117l lanko mokykl\u0105 ir stengiasi prisitaikyti prie savo naujo, dvilypio gyvenimo... prie dvejopo mokymosi. Slaptoji \u017evalgybos tarnyba v\u0117l numat\u0117 jam u\u017eduot\u012f. Tiriant \u201eatsitiktines\u201c dviej\u0173 galingiausi\u0173 pasaulyje \u017emoni\u0173 mirtis, atsiskleid\u0117 vienas vienintelis ry\u0161ys. Kiekvieno j\u0173 s\u016bnus lanko Puanblano aristokrati\u0161k\u0105 speciali\u0105j\u0105 mokykl\u0105 sunkiai aukl\u0117jamiems turtuoli\u0173 vaikams. Neprieinamoje auk\u0161to kalno vir\u0161\u016bn\u0117je Pranc\u016bzijos Alp\u0117se \u012fsik\u016brusiai mokyklai vadovauja tamsi asmenyb\u0117 daktaras B\u0117da. Apginkluotas vien tik netikru asmens pa\u017eym\u0117jimu ir nauju rinkiniu talentingai u\u017emaskuot\u0173 prietais\u0173, Aleksas turi \u012fsiskverbti \u012f speciali\u0105j\u0105 mokykl\u0105 kaip mokinys ir i\u0161siai\u0161kinti, kas i\u0161 tikr\u0173j\u0173 ten dedasi. Ar sugeb\u0117s \u012fsp\u0117ti pasaul\u012f apie savo atskleistuosius dalykus, kol dar ne per v\u0117lu?","breadcrumb":{"@id":"https:\/\/skaitytaknyga.lt\/produktas\/puanblanas\/#breadcrumb"},"inLanguage":"en-GB","potentialAction":[{"@type":"ReadAction","target":["https:\/\/skaitytaknyga.lt\/produktas\/puanblanas\/"]}]},{"@type":"ImageObject","inLanguage":"en-GB","@id":"https:\/\/skaitytaknyga.lt\/produktas\/puanblanas\/#primaryimage","url":"https:\/\/skaitytaknyga.lt\/wp-content\/uploads\/2024\/05\/140602-20211209-122328-e1665844258305.jpg","contentUrl":"https:\/\/skaitytaknyga.lt\/wp-content\/uploads\/2024\/05\/140602-20211209-122328-e1665844258305.jpg","width":406,"height":662},{"@type":"BreadcrumbList","@id":"https:\/\/skaitytaknyga.lt\/produktas\/puanblanas\/#breadcrumb","itemListElement":[{"@type":"ListItem","position":1,"name":"Home","item":"https:\/\/skaitytaknyga.lt\/"},{"@type":"ListItem","position":2,"name":"Parduotuv\u0117","item":"https:\/\/skaitytaknyga.lt\/knygu-parduotuve\/"},{"@type":"ListItem","position":3,"name":"Puanblanas"}]},{"@type":"WebSite","@id":"https:\/\/skaitytaknyga.lt\/#website","url":"https:\/\/skaitytaknyga.lt\/","name":"skaitytaknyga.lt","description":"Skaitytaknyga.lt \u2013 tai ma\u017eas \u0161eimos verslas, kuris prasid\u0117jo nuo meil\u0117s knygoms ir siekio i\u0161gelb\u0117ti knygas nuo likimo prie konteinerio. Kas vienam nereikalingas daiktas \u2013 kitam lobis, o mes esame tarpininkai, kurie padeda abiems tapti laimingesniems ???? \u017dinome kaip nelengva i\u0161gyventi ma\u017eiems verslams, tad nuo \u0161iol, \u010dia rasite ir kit\u0173, ma\u017e\u0173 \u0161eim\u0173 versl\u0173, rank\u0173 darbo, dovan\u0173 sau ir artimiesiems.","publisher":{"@id":"https:\/\/skaitytaknyga.lt\/#organization"},"potentialAction":[{"@type":"SearchAction","target":{"@type":"EntryPoint","urlTemplate":"https:\/\/skaitytaknyga.lt\/?s={search_term_string}"},"query-input":{"@type":"PropertyValueSpecification","valueRequired":true,"valueName":"search_term_string"}}],"inLanguage":"en-GB"},{"@type":"Organization","@id":"https:\/\/skaitytaknyga.lt\/#organization","name":"skaitytaknyga.lt","url":"https:\/\/skaitytaknyga.lt\/","logo":{"@type":"ImageObject","inLanguage":"en-GB","@id":"https:\/\/skaitytaknyga.lt\/#\/schema\/logo\/image\/","url":"https:\/\/skaitytaknyga.lt\/wp-content\/uploads\/2024\/05\/cropped-cropped-cropped-02_00843_jt3bggkj1j3HLc7SyY6rEUpg.jpeg","contentUrl":"https:\/\/skaitytaknyga.lt\/wp-content\/uploads\/2024\/05\/cropped-cropped-cropped-02_00843_jt3bggkj1j3HLc7SyY6rEUpg.jpeg","width":1600,"height":1600,"caption":"skaitytaknyga.lt"},"image":{"@id":"https:\/\/skaitytaknyga.lt\/#\/schema\/logo\/image\/"},"sameAs":["https:\/\/www.facebook.com\/skaitytaknyga\/"]}]}},"_links":{"self":[{"href":"https:\/\/skaitytaknyga.lt\/en\/wp-json\/wp\/v2\/product\/10648","targetHints":{"allow":["GET"]}}],"collection":[{"href":"https:\/\/skaitytaknyga.lt\/en\/wp-json\/wp\/v2\/product"}],"about":[{"href":"https:\/\/skaitytaknyga.lt\/en\/wp-json\/wp\/v2\/types\/product"}],"replies":[{"embeddable":true,"href":"https:\/\/skaitytaknyga.lt\/en\/wp-json\/wp\/v2\/comments?post=10648"}],"wp:featuredmedia":[{"embeddable":true,"href":"https:\/\/skaitytaknyga.lt\/en\/wp-json\/wp\/v2\/media\/10681"}],"wp:attachment":[{"href":"https:\/\/skaitytaknyga.lt\/en\/wp-json\/wp\/v2\/media?parent=10648"}],"wp:term":[{"taxonomy":"product_brand","embeddable":true,"href":"https:\/\/skaitytaknyga.lt\/en\/wp-json\/wp\/v2\/product_brand?post=10648"},{"taxonomy":"product_cat","embeddable":true,"href":"https:\/\/skaitytaknyga.lt\/en\/wp-json\/wp\/v2\/product_cat?post=10648"},{"taxonomy":"product_tag","embeddable":true,"href":"https:\/\/skaitytaknyga.lt\/en\/wp-json\/wp\/v2\/product_tag?post=10648"}],"curies":[{"name":"wp","href":"https:\/\/api.w.org\/{rel}","templated":true}]}}