{"id":10647,"date":"2024-05-04T19:10:03","date_gmt":"2024-05-04T19:10:03","guid":{"rendered":"https:\/\/skaitytaknyga.lt\/?post_type=product&#038;p=10647"},"modified":"2024-05-04T19:11:03","modified_gmt":"2024-05-04T19:11:03","slug":"alois-uhl-popieziai-ir-moterys","status":"publish","type":"product","link":"https:\/\/skaitytaknyga.lt\/en\/produktas\/alois-uhl-popieziai-ir-moterys\/","title":{"rendered":"Alois Uhl \u201ePopie\u017eiai ir moterys\u201c"},"content":{"rendered":"<p>Aloyzas \u016alis skaitytojams ir v\u0117l atver\u010dia slapt\u0105 ba\u017eny\u010dios istorijos puslap\u012f. Viduram\u017ei\u0173, Renesanso ir n\u016bdienos \u012fsp\u016bding\u0173 gyvenimo paveiksl\u0173 fone jis bando u\u017e\u010diuopti lyg spalvingame kaleidoskope besikei\u010dian\u010di\u0173 popie\u017ei\u0173 ir jiems artim\u0173 moter\u0173 santyki\u0173 esm\u0119. Kaip senais laikais, taip ir \u0161iandien \u0161ia pikanti\u0161ka tema vis dar vengiama kalb\u0117ti, o juk ji \u2013 nei\u0161semiama kaip bedugnis \u0161ulinys.<\/p>\n<p>Ar tikrai ka\u017ekada popie\u017eiaus tiara teis\u0117tai puo\u0161\u0117si moteris, vardu Joana? Koki\u0105 \u012ftak\u0105 dar\u0117 popie\u017eiams ir j\u0173 po\u017ei\u016briui \u012f specifinius moter\u0173 siekius ir reikalavimus ba\u017enytin\u0117je istorijoje apra\u0161omos did\u017eiosios spiritist\u0117s \u2013 dvasingos, reg\u0117jimus matan\u010dios moterys? Kita vertus \u2013 ar i\u0161 ties\u0173 papro\u010di\u0173 laisvumu pagars\u0117jusioje Renesanso laik\u0173 Romoje buvo moter\u0173, kurios, nepaisant celibato draudim\u0173, buvo artimos popie\u017eiams, ir koki\u0105 vald\u017ei\u0105 jos tur\u0117jo? Aloyzas \u016alis apra\u0161o, kas pasikeit\u0117 \u2013 ar nepasikeit\u0117 \u2013 popie\u017ei\u0173 santyki\u0173 su moterimis sferoje dabartiniais laikais, valdant Popie\u017eiui Jonui Pauliui II ir jo \u012fp\u0117diniui Benediktui.<\/p>\n","protected":false},"excerpt":{"rendered":"<p>Aloyzas \u016alis skaitytojams ir v\u0117l atver\u010dia slapt\u0105 ba\u017eny\u010dios istorijos puslap\u012f. Viduram\u017ei\u0173, Renesanso ir n\u016bdienos \u012fsp\u016bding\u0173 gyvenimo paveiksl\u0173 fone jis bando u\u017e\u010diuopti lyg spalvingame kaleidoskope besikei\u010dian\u010di\u0173 popie\u017ei\u0173 ir jiems artim\u0173 moter\u0173 santyki\u0173 esm\u0119. Kaip senais laikais, taip ir \u0161iandien \u0161ia pikanti\u0161ka tema vis dar vengiama kalb\u0117ti, o juk ji \u2013 nei\u0161semiama kaip bedugnis \u0161ulinys.<\/p>\n<p>Ar tikrai ka\u017ekada popie\u017eiaus tiara teis\u0117tai puo\u0161\u0117si moteris, vardu Joana? Koki\u0105 \u012ftak\u0105 dar\u0117 popie\u017eiams ir j\u0173 po\u017ei\u016briui \u012f specifinius moter\u0173 siekius ir reikalavimus ba\u017enytin\u0117je istorijoje apra\u0161omos did\u017eiosios spiritist\u0117s \u2013 dvasingos, reg\u0117jimus matan\u010dios moterys? Kita vertus \u2013 ar i\u0161 ties\u0173 papro\u010di\u0173 laisvumu pagars\u0117jusioje Renesanso laik\u0173 Romoje buvo moter\u0173, kurios, nepaisant celibato draudim\u0173, buvo artimos popie\u017eiams, ir koki\u0105 vald\u017ei\u0105 jos tur\u0117jo? Aloyzas \u016alis apra\u0161o, kas pasikeit\u0117 \u2013 ar nepasikeit\u0117 \u2013 popie\u017ei\u0173 santyki\u0173 su moterimis sferoje dabartiniais laikais, valdant Popie\u017eiui Jonui Pauliui II ir jo \u012fp\u0117diniui Benediktui.<\/p>\n","protected":false},"featured_media":10680,"comment_status":"closed","ping_status":"closed","template":"","meta":{"_acf_changed":false,"site-sidebar-layout":"default","site-content-layout":"","ast-site-content-layout":"default","site-content-style":"default","site-sidebar-style":"default","ast-global-header-display":"","ast-banner-title-visibility":"","ast-main-header-display":"","ast-hfb-above-header-display":"","ast-hfb-below-header-display":"","ast-hfb-mobile-header-display":"","site-post-title":"","ast-breadcrumbs-content":"","ast-featured-img":"","footer-sml-layout":"","ast-disable-related-posts":"","theme-transparent-header-meta":"","adv-header-id-meta":"","stick-header-meta":"","header-above-stick-meta":"","header-main-stick-meta":"","header-below-stick-meta":"","astra-migrate-meta-layouts":"default","ast-page-background-enabled":"default","ast-page-background-meta":{"desktop":{"background-color":"","background-image":"","background-repeat":"repeat","background-position":"center center","background-size":"auto","background-attachment":"scroll","background-type":"","background-media":"","overlay-type":"","overlay-color":"","overlay-opacity":"","overlay-gradient":""},"tablet":{"background-color":"","background-image":"","background-repeat":"repeat","background-position":"center center","background-size":"auto","background-attachment":"scroll","background-type":"","background-media":"","overlay-type":"","overlay-color":"","overlay-opacity":"","overlay-gradient":""},"mobile":{"background-color":"","background-image":"","background-repeat":"repeat","background-position":"center center","background-size":"auto","background-attachment":"scroll","background-type":"","background-media":"","overlay-type":"","overlay-color":"","overlay-opacity":"","overlay-gradient":""}},"ast-content-background-meta":{"desktop":{"background-color":"var(--ast-global-color-4)","background-image":"","background-repeat":"repeat","background-position":"center center","background-size":"auto","background-attachment":"scroll","background-type":"","background-media":"","overlay-type":"","overlay-color":"","overlay-opacity":"","overlay-gradient":""},"tablet":{"background-color":"var(--ast-global-color-4)","background-image":"","background-repeat":"repeat","background-position":"center center","background-size":"auto","background-attachment":"scroll","background-type":"","background-media":"","overlay-type":"","overlay-color":"","overlay-opacity":"","overlay-gradient":""},"mobile":{"background-color":"var(--ast-global-color-4)","background-image":"","background-repeat":"repeat","background-position":"center center","background-size":"auto","background-attachment":"scroll","background-type":"","background-media":"","overlay-type":"","overlay-color":"","overlay-opacity":"","overlay-gradient":""}}},"product_brand":[],"product_cat":[174],"product_tag":[],"class_list":{"0":"post-10647","1":"product","2":"type-product","3":"status-publish","4":"has-post-thumbnail","6":"product_cat-istorija-ir-politologija","7":"pa_leidimo-metai-93","8":"desktop-align-left","9":"tablet-align-left","10":"mobile-align-left","12":"first","13":"instock","14":"shipping-taxable","15":"purchasable","16":"product-type-simple"},"acf":[],"yoast_head":"<!-- This site is optimized with the Yoast SEO plugin v27.4 - https:\/\/yoast.com\/product\/yoast-seo-wordpress\/ -->\n<title>Alois Uhl \u201ePopie\u017eiai ir moterys\u201c - Skaitytaknyga<\/title>\n<meta name=\"description\" content=\"Aloyzas \u016alis skaitytojams ir v\u0117l atver\u010dia slapt\u0105 ba\u017eny\u010dios istorijos puslap\u012f. Viduram\u017ei\u0173, Renesanso ir n\u016bdienos \u012fsp\u016bding\u0173 gyvenimo paveiksl\u0173 fone jis bando u\u017e\u010diuopti lyg spalvingame kaleidoskope besikei\u010dian\u010di\u0173 popie\u017ei\u0173 ir jiems artim\u0173 moter\u0173 santyki\u0173 esm\u0119. Kaip senais laikais, taip ir \u0161iandien \u0161ia pikanti\u0161ka tema vis dar vengiama kalb\u0117ti, o juk ji \u2013 nei\u0161semiama kaip bedugnis \u0161ulinys.  Ar tikrai ka\u017ekada popie\u017eiaus tiara teis\u0117tai puo\u0161\u0117si moteris, vardu Joana? Koki\u0105 \u012ftak\u0105 dar\u0117 popie\u017eiams ir j\u0173 po\u017ei\u016briui \u012f specifinius moter\u0173 siekius ir reikalavimus ba\u017enytin\u0117je istorijoje apra\u0161omos did\u017eiosios spiritist\u0117s \u2013 dvasingos, reg\u0117jimus matan\u010dios moterys? Kita vertus \u2013 ar i\u0161 ties\u0173 papro\u010di\u0173 laisvumu pagars\u0117jusioje Renesanso laik\u0173 Romoje buvo moter\u0173, kurios, nepaisant celibato draudim\u0173, buvo artimos popie\u017eiams, ir koki\u0105 vald\u017ei\u0105 jos tur\u0117jo? Aloyzas \u016alis apra\u0161o, kas pasikeit\u0117 \u2013 ar nepasikeit\u0117 \u2013 popie\u017ei\u0173 santyki\u0173 su moterimis sferoje dabartiniais laikais, valdant Popie\u017eiui Jonui Pauliui II ir jo \u012fp\u0117diniui Benediktui.\" \/>\n<meta name=\"robots\" content=\"index, follow, max-snippet:-1, max-image-preview:large, max-video-preview:-1\" \/>\n<link rel=\"canonical\" href=\"https:\/\/skaitytaknyga.lt\/en\/produktas\/alois-uhl-popieziai-ir-moterys\/\" \/>\n<meta property=\"og:locale\" content=\"en_GB\" \/>\n<meta property=\"og:locale:alternate\" content=\"lt_LT\" \/>\n<meta property=\"og:type\" content=\"article\" \/>\n<meta property=\"og:title\" content=\"Alois Uhl \u201ePopie\u017eiai ir moterys\u201c - Skaitytaknyga\" \/>\n<meta property=\"og:description\" content=\"Aloyzas \u016alis skaitytojams ir v\u0117l atver\u010dia slapt\u0105 ba\u017eny\u010dios istorijos puslap\u012f. Viduram\u017ei\u0173, Renesanso ir n\u016bdienos \u012fsp\u016bding\u0173 gyvenimo paveiksl\u0173 fone jis bando u\u017e\u010diuopti lyg spalvingame kaleidoskope besikei\u010dian\u010di\u0173 popie\u017ei\u0173 ir jiems artim\u0173 moter\u0173 santyki\u0173 esm\u0119. Kaip senais laikais, taip ir \u0161iandien \u0161ia pikanti\u0161ka tema vis dar vengiama kalb\u0117ti, o juk ji \u2013 nei\u0161semiama kaip bedugnis \u0161ulinys.  Ar tikrai ka\u017ekada popie\u017eiaus tiara teis\u0117tai puo\u0161\u0117si moteris, vardu Joana? Koki\u0105 \u012ftak\u0105 dar\u0117 popie\u017eiams ir j\u0173 po\u017ei\u016briui \u012f specifinius moter\u0173 siekius ir reikalavimus ba\u017enytin\u0117je istorijoje apra\u0161omos did\u017eiosios spiritist\u0117s \u2013 dvasingos, reg\u0117jimus matan\u010dios moterys? Kita vertus \u2013 ar i\u0161 ties\u0173 papro\u010di\u0173 laisvumu pagars\u0117jusioje Renesanso laik\u0173 Romoje buvo moter\u0173, kurios, nepaisant celibato draudim\u0173, buvo artimos popie\u017eiams, ir koki\u0105 vald\u017ei\u0105 jos tur\u0117jo? Aloyzas \u016alis apra\u0161o, kas pasikeit\u0117 \u2013 ar nepasikeit\u0117 \u2013 popie\u017ei\u0173 santyki\u0173 su moterimis sferoje dabartiniais laikais, valdant Popie\u017eiui Jonui Pauliui II ir jo \u012fp\u0117diniui Benediktui.\" \/>\n<meta property=\"og:url\" content=\"https:\/\/skaitytaknyga.lt\/en\/produktas\/alois-uhl-popieziai-ir-moterys\/\" \/>\n<meta property=\"og:site_name\" content=\"Skaitytaknyga\" \/>\n<meta property=\"article:publisher\" content=\"https:\/\/www.facebook.com\/skaitytaknyga\/\" \/>\n<meta property=\"article:modified_time\" content=\"2024-05-04T19:11:03+00:00\" \/>\n<meta property=\"og:image\" content=\"https:\/\/skaitytaknyga.lt\/wp-content\/uploads\/2024\/05\/192620-wp-20190307-13-01-39-pro-e1665844119677.jpg\" \/>\n\t<meta property=\"og:image:width\" content=\"216\" \/>\n\t<meta property=\"og:image:height\" content=\"348\" \/>\n\t<meta property=\"og:image:type\" content=\"image\/jpeg\" \/>\n<meta name=\"twitter:card\" content=\"summary_large_image\" \/>\n<meta name=\"twitter:label1\" content=\"Estimated reading time\" \/>\n\t<meta name=\"twitter:data1\" content=\"1 minute\" \/>\n<script type=\"application\/ld+json\" class=\"yoast-schema-graph\">{\"@context\":\"https:\\\/\\\/schema.org\",\"@graph\":[{\"@type\":\"WebPage\",\"@id\":\"https:\\\/\\\/skaitytaknyga.lt\\\/produktas\\\/alois-uhl-popieziai-ir-moterys\\\/\",\"url\":\"https:\\\/\\\/skaitytaknyga.lt\\\/produktas\\\/alois-uhl-popieziai-ir-moterys\\\/\",\"name\":\"Alois Uhl \u201ePopie\u017eiai ir moterys\u201c - Skaitytaknyga\",\"isPartOf\":{\"@id\":\"https:\\\/\\\/skaitytaknyga.lt\\\/#website\"},\"primaryImageOfPage\":{\"@id\":\"https:\\\/\\\/skaitytaknyga.lt\\\/produktas\\\/alois-uhl-popieziai-ir-moterys\\\/#primaryimage\"},\"image\":{\"@id\":\"https:\\\/\\\/skaitytaknyga.lt\\\/produktas\\\/alois-uhl-popieziai-ir-moterys\\\/#primaryimage\"},\"thumbnailUrl\":\"https:\\\/\\\/skaitytaknyga.lt\\\/wp-content\\\/uploads\\\/2024\\\/05\\\/192620-wp-20190307-13-01-39-pro-e1665844119677.jpg\",\"datePublished\":\"2024-05-04T19:10:03+00:00\",\"dateModified\":\"2024-05-04T19:11:03+00:00\",\"description\":\"Aloyzas \u016alis skaitytojams ir v\u0117l atver\u010dia slapt\u0105 ba\u017eny\u010dios istorijos puslap\u012f. Viduram\u017ei\u0173, Renesanso ir n\u016bdienos \u012fsp\u016bding\u0173 gyvenimo paveiksl\u0173 fone jis bando u\u017e\u010diuopti lyg spalvingame kaleidoskope besikei\u010dian\u010di\u0173 popie\u017ei\u0173 ir jiems artim\u0173 moter\u0173 santyki\u0173 esm\u0119. Kaip senais laikais, taip ir \u0161iandien \u0161ia pikanti\u0161ka tema vis dar vengiama kalb\u0117ti, o juk ji \u2013 nei\u0161semiama kaip bedugnis \u0161ulinys. Ar tikrai ka\u017ekada popie\u017eiaus tiara teis\u0117tai puo\u0161\u0117si moteris, vardu Joana? Koki\u0105 \u012ftak\u0105 dar\u0117 popie\u017eiams ir j\u0173 po\u017ei\u016briui \u012f specifinius moter\u0173 siekius ir reikalavimus ba\u017enytin\u0117je istorijoje apra\u0161omos did\u017eiosios spiritist\u0117s \u2013 dvasingos, reg\u0117jimus matan\u010dios moterys? Kita vertus \u2013 ar i\u0161 ties\u0173 papro\u010di\u0173 laisvumu pagars\u0117jusioje Renesanso laik\u0173 Romoje buvo moter\u0173, kurios, nepaisant celibato draudim\u0173, buvo artimos popie\u017eiams, ir koki\u0105 vald\u017ei\u0105 jos tur\u0117jo? Aloyzas \u016alis apra\u0161o, kas pasikeit\u0117 \u2013 ar nepasikeit\u0117 \u2013 popie\u017ei\u0173 santyki\u0173 su moterimis sferoje dabartiniais laikais, valdant Popie\u017eiui Jonui Pauliui II ir jo \u012fp\u0117diniui Benediktui.\",\"breadcrumb\":{\"@id\":\"https:\\\/\\\/skaitytaknyga.lt\\\/produktas\\\/alois-uhl-popieziai-ir-moterys\\\/#breadcrumb\"},\"inLanguage\":\"en-GB\",\"potentialAction\":[{\"@type\":\"ReadAction\",\"target\":[\"https:\\\/\\\/skaitytaknyga.lt\\\/produktas\\\/alois-uhl-popieziai-ir-moterys\\\/\"]}]},{\"@type\":\"ImageObject\",\"inLanguage\":\"en-GB\",\"@id\":\"https:\\\/\\\/skaitytaknyga.lt\\\/produktas\\\/alois-uhl-popieziai-ir-moterys\\\/#primaryimage\",\"url\":\"https:\\\/\\\/skaitytaknyga.lt\\\/wp-content\\\/uploads\\\/2024\\\/05\\\/192620-wp-20190307-13-01-39-pro-e1665844119677.jpg\",\"contentUrl\":\"https:\\\/\\\/skaitytaknyga.lt\\\/wp-content\\\/uploads\\\/2024\\\/05\\\/192620-wp-20190307-13-01-39-pro-e1665844119677.jpg\",\"width\":216,\"height\":348},{\"@type\":\"BreadcrumbList\",\"@id\":\"https:\\\/\\\/skaitytaknyga.lt\\\/produktas\\\/alois-uhl-popieziai-ir-moterys\\\/#breadcrumb\",\"itemListElement\":[{\"@type\":\"ListItem\",\"position\":1,\"name\":\"Home\",\"item\":\"https:\\\/\\\/skaitytaknyga.lt\\\/\"},{\"@type\":\"ListItem\",\"position\":2,\"name\":\"Parduotuv\u0117\",\"item\":\"https:\\\/\\\/skaitytaknyga.lt\\\/knygu-parduotuve\\\/\"},{\"@type\":\"ListItem\",\"position\":3,\"name\":\"Alois Uhl \u201ePopie\u017eiai ir moterys\u201c\"}]},{\"@type\":\"WebSite\",\"@id\":\"https:\\\/\\\/skaitytaknyga.lt\\\/#website\",\"url\":\"https:\\\/\\\/skaitytaknyga.lt\\\/\",\"name\":\"skaitytaknyga.lt\",\"description\":\"Skaitytaknyga.lt \u2013 tai ma\u017eas \u0161eimos verslas, kuris prasid\u0117jo nuo meil\u0117s knygoms ir siekio i\u0161gelb\u0117ti knygas nuo likimo prie konteinerio. Kas vienam nereikalingas daiktas \u2013 kitam lobis, o mes esame tarpininkai, kurie padeda abiems tapti laimingesniems ???? \u017dinome kaip nelengva i\u0161gyventi ma\u017eiems verslams, tad nuo \u0161iol, \u010dia rasite ir kit\u0173, ma\u017e\u0173 \u0161eim\u0173 versl\u0173, rank\u0173 darbo, dovan\u0173 sau ir artimiesiems.\",\"publisher\":{\"@id\":\"https:\\\/\\\/skaitytaknyga.lt\\\/#organization\"},\"potentialAction\":[{\"@type\":\"SearchAction\",\"target\":{\"@type\":\"EntryPoint\",\"urlTemplate\":\"https:\\\/\\\/skaitytaknyga.lt\\\/?s={search_term_string}\"},\"query-input\":{\"@type\":\"PropertyValueSpecification\",\"valueRequired\":true,\"valueName\":\"search_term_string\"}}],\"inLanguage\":\"en-GB\"},{\"@type\":\"Organization\",\"@id\":\"https:\\\/\\\/skaitytaknyga.lt\\\/#organization\",\"name\":\"skaitytaknyga.lt\",\"url\":\"https:\\\/\\\/skaitytaknyga.lt\\\/\",\"logo\":{\"@type\":\"ImageObject\",\"inLanguage\":\"en-GB\",\"@id\":\"https:\\\/\\\/skaitytaknyga.lt\\\/#\\\/schema\\\/logo\\\/image\\\/\",\"url\":\"https:\\\/\\\/skaitytaknyga.lt\\\/wp-content\\\/uploads\\\/2024\\\/05\\\/cropped-cropped-cropped-02_00843_jt3bggkj1j3HLc7SyY6rEUpg.jpeg\",\"contentUrl\":\"https:\\\/\\\/skaitytaknyga.lt\\\/wp-content\\\/uploads\\\/2024\\\/05\\\/cropped-cropped-cropped-02_00843_jt3bggkj1j3HLc7SyY6rEUpg.jpeg\",\"width\":1600,\"height\":1600,\"caption\":\"skaitytaknyga.lt\"},\"image\":{\"@id\":\"https:\\\/\\\/skaitytaknyga.lt\\\/#\\\/schema\\\/logo\\\/image\\\/\"},\"sameAs\":[\"https:\\\/\\\/www.facebook.com\\\/skaitytaknyga\\\/\"]}]}<\/script>\n<!-- \/ Yoast SEO plugin. -->","yoast_head_json":{"title":"Alois Uhl \u201ePopie\u017eiai ir moterys\u201c - Skaitytaknyga","description":"Aloyzas \u016alis skaitytojams ir v\u0117l atver\u010dia slapt\u0105 ba\u017eny\u010dios istorijos puslap\u012f. Viduram\u017ei\u0173, Renesanso ir n\u016bdienos \u012fsp\u016bding\u0173 gyvenimo paveiksl\u0173 fone jis bando u\u017e\u010diuopti lyg spalvingame kaleidoskope besikei\u010dian\u010di\u0173 popie\u017ei\u0173 ir jiems artim\u0173 moter\u0173 santyki\u0173 esm\u0119. Kaip senais laikais, taip ir \u0161iandien \u0161ia pikanti\u0161ka tema vis dar vengiama kalb\u0117ti, o juk ji \u2013 nei\u0161semiama kaip bedugnis \u0161ulinys.  Ar tikrai ka\u017ekada popie\u017eiaus tiara teis\u0117tai puo\u0161\u0117si moteris, vardu Joana? Koki\u0105 \u012ftak\u0105 dar\u0117 popie\u017eiams ir j\u0173 po\u017ei\u016briui \u012f specifinius moter\u0173 siekius ir reikalavimus ba\u017enytin\u0117je istorijoje apra\u0161omos did\u017eiosios spiritist\u0117s \u2013 dvasingos, reg\u0117jimus matan\u010dios moterys? Kita vertus \u2013 ar i\u0161 ties\u0173 papro\u010di\u0173 laisvumu pagars\u0117jusioje Renesanso laik\u0173 Romoje buvo moter\u0173, kurios, nepaisant celibato draudim\u0173, buvo artimos popie\u017eiams, ir koki\u0105 vald\u017ei\u0105 jos tur\u0117jo? Aloyzas \u016alis apra\u0161o, kas pasikeit\u0117 \u2013 ar nepasikeit\u0117 \u2013 popie\u017ei\u0173 santyki\u0173 su moterimis sferoje dabartiniais laikais, valdant Popie\u017eiui Jonui Pauliui II ir jo \u012fp\u0117diniui Benediktui.","robots":{"index":"index","follow":"follow","max-snippet":"max-snippet:-1","max-image-preview":"max-image-preview:large","max-video-preview":"max-video-preview:-1"},"canonical":"https:\/\/skaitytaknyga.lt\/en\/produktas\/alois-uhl-popieziai-ir-moterys\/","og_locale":"en_GB","og_type":"article","og_title":"Alois Uhl \u201ePopie\u017eiai ir moterys\u201c - Skaitytaknyga","og_description":"Aloyzas \u016alis skaitytojams ir v\u0117l atver\u010dia slapt\u0105 ba\u017eny\u010dios istorijos puslap\u012f. Viduram\u017ei\u0173, Renesanso ir n\u016bdienos \u012fsp\u016bding\u0173 gyvenimo paveiksl\u0173 fone jis bando u\u017e\u010diuopti lyg spalvingame kaleidoskope besikei\u010dian\u010di\u0173 popie\u017ei\u0173 ir jiems artim\u0173 moter\u0173 santyki\u0173 esm\u0119. Kaip senais laikais, taip ir \u0161iandien \u0161ia pikanti\u0161ka tema vis dar vengiama kalb\u0117ti, o juk ji \u2013 nei\u0161semiama kaip bedugnis \u0161ulinys.  Ar tikrai ka\u017ekada popie\u017eiaus tiara teis\u0117tai puo\u0161\u0117si moteris, vardu Joana? Koki\u0105 \u012ftak\u0105 dar\u0117 popie\u017eiams ir j\u0173 po\u017ei\u016briui \u012f specifinius moter\u0173 siekius ir reikalavimus ba\u017enytin\u0117je istorijoje apra\u0161omos did\u017eiosios spiritist\u0117s \u2013 dvasingos, reg\u0117jimus matan\u010dios moterys? Kita vertus \u2013 ar i\u0161 ties\u0173 papro\u010di\u0173 laisvumu pagars\u0117jusioje Renesanso laik\u0173 Romoje buvo moter\u0173, kurios, nepaisant celibato draudim\u0173, buvo artimos popie\u017eiams, ir koki\u0105 vald\u017ei\u0105 jos tur\u0117jo? Aloyzas \u016alis apra\u0161o, kas pasikeit\u0117 \u2013 ar nepasikeit\u0117 \u2013 popie\u017ei\u0173 santyki\u0173 su moterimis sferoje dabartiniais laikais, valdant Popie\u017eiui Jonui Pauliui II ir jo \u012fp\u0117diniui Benediktui.","og_url":"https:\/\/skaitytaknyga.lt\/en\/produktas\/alois-uhl-popieziai-ir-moterys\/","og_site_name":"Skaitytaknyga","article_publisher":"https:\/\/www.facebook.com\/skaitytaknyga\/","article_modified_time":"2024-05-04T19:11:03+00:00","og_image":[{"width":216,"height":348,"url":"https:\/\/skaitytaknyga.lt\/wp-content\/uploads\/2024\/05\/192620-wp-20190307-13-01-39-pro-e1665844119677.jpg","type":"image\/jpeg"}],"twitter_card":"summary_large_image","twitter_misc":{"Estimated reading time":"1 minute"},"schema":{"@context":"https:\/\/schema.org","@graph":[{"@type":"WebPage","@id":"https:\/\/skaitytaknyga.lt\/produktas\/alois-uhl-popieziai-ir-moterys\/","url":"https:\/\/skaitytaknyga.lt\/produktas\/alois-uhl-popieziai-ir-moterys\/","name":"Alois Uhl \u201ePopie\u017eiai ir moterys\u201c - Skaitytaknyga","isPartOf":{"@id":"https:\/\/skaitytaknyga.lt\/#website"},"primaryImageOfPage":{"@id":"https:\/\/skaitytaknyga.lt\/produktas\/alois-uhl-popieziai-ir-moterys\/#primaryimage"},"image":{"@id":"https:\/\/skaitytaknyga.lt\/produktas\/alois-uhl-popieziai-ir-moterys\/#primaryimage"},"thumbnailUrl":"https:\/\/skaitytaknyga.lt\/wp-content\/uploads\/2024\/05\/192620-wp-20190307-13-01-39-pro-e1665844119677.jpg","datePublished":"2024-05-04T19:10:03+00:00","dateModified":"2024-05-04T19:11:03+00:00","description":"Aloyzas \u016alis skaitytojams ir v\u0117l atver\u010dia slapt\u0105 ba\u017eny\u010dios istorijos puslap\u012f. Viduram\u017ei\u0173, Renesanso ir n\u016bdienos \u012fsp\u016bding\u0173 gyvenimo paveiksl\u0173 fone jis bando u\u017e\u010diuopti lyg spalvingame kaleidoskope besikei\u010dian\u010di\u0173 popie\u017ei\u0173 ir jiems artim\u0173 moter\u0173 santyki\u0173 esm\u0119. Kaip senais laikais, taip ir \u0161iandien \u0161ia pikanti\u0161ka tema vis dar vengiama kalb\u0117ti, o juk ji \u2013 nei\u0161semiama kaip bedugnis \u0161ulinys. Ar tikrai ka\u017ekada popie\u017eiaus tiara teis\u0117tai puo\u0161\u0117si moteris, vardu Joana? Koki\u0105 \u012ftak\u0105 dar\u0117 popie\u017eiams ir j\u0173 po\u017ei\u016briui \u012f specifinius moter\u0173 siekius ir reikalavimus ba\u017enytin\u0117je istorijoje apra\u0161omos did\u017eiosios spiritist\u0117s \u2013 dvasingos, reg\u0117jimus matan\u010dios moterys? Kita vertus \u2013 ar i\u0161 ties\u0173 papro\u010di\u0173 laisvumu pagars\u0117jusioje Renesanso laik\u0173 Romoje buvo moter\u0173, kurios, nepaisant celibato draudim\u0173, buvo artimos popie\u017eiams, ir koki\u0105 vald\u017ei\u0105 jos tur\u0117jo? Aloyzas \u016alis apra\u0161o, kas pasikeit\u0117 \u2013 ar nepasikeit\u0117 \u2013 popie\u017ei\u0173 santyki\u0173 su moterimis sferoje dabartiniais laikais, valdant Popie\u017eiui Jonui Pauliui II ir jo \u012fp\u0117diniui Benediktui.","breadcrumb":{"@id":"https:\/\/skaitytaknyga.lt\/produktas\/alois-uhl-popieziai-ir-moterys\/#breadcrumb"},"inLanguage":"en-GB","potentialAction":[{"@type":"ReadAction","target":["https:\/\/skaitytaknyga.lt\/produktas\/alois-uhl-popieziai-ir-moterys\/"]}]},{"@type":"ImageObject","inLanguage":"en-GB","@id":"https:\/\/skaitytaknyga.lt\/produktas\/alois-uhl-popieziai-ir-moterys\/#primaryimage","url":"https:\/\/skaitytaknyga.lt\/wp-content\/uploads\/2024\/05\/192620-wp-20190307-13-01-39-pro-e1665844119677.jpg","contentUrl":"https:\/\/skaitytaknyga.lt\/wp-content\/uploads\/2024\/05\/192620-wp-20190307-13-01-39-pro-e1665844119677.jpg","width":216,"height":348},{"@type":"BreadcrumbList","@id":"https:\/\/skaitytaknyga.lt\/produktas\/alois-uhl-popieziai-ir-moterys\/#breadcrumb","itemListElement":[{"@type":"ListItem","position":1,"name":"Home","item":"https:\/\/skaitytaknyga.lt\/"},{"@type":"ListItem","position":2,"name":"Parduotuv\u0117","item":"https:\/\/skaitytaknyga.lt\/knygu-parduotuve\/"},{"@type":"ListItem","position":3,"name":"Alois Uhl \u201ePopie\u017eiai ir moterys\u201c"}]},{"@type":"WebSite","@id":"https:\/\/skaitytaknyga.lt\/#website","url":"https:\/\/skaitytaknyga.lt\/","name":"skaitytaknyga.lt","description":"Skaitytaknyga.lt \u2013 tai ma\u017eas \u0161eimos verslas, kuris prasid\u0117jo nuo meil\u0117s knygoms ir siekio i\u0161gelb\u0117ti knygas nuo likimo prie konteinerio. Kas vienam nereikalingas daiktas \u2013 kitam lobis, o mes esame tarpininkai, kurie padeda abiems tapti laimingesniems ???? \u017dinome kaip nelengva i\u0161gyventi ma\u017eiems verslams, tad nuo \u0161iol, \u010dia rasite ir kit\u0173, ma\u017e\u0173 \u0161eim\u0173 versl\u0173, rank\u0173 darbo, dovan\u0173 sau ir artimiesiems.","publisher":{"@id":"https:\/\/skaitytaknyga.lt\/#organization"},"potentialAction":[{"@type":"SearchAction","target":{"@type":"EntryPoint","urlTemplate":"https:\/\/skaitytaknyga.lt\/?s={search_term_string}"},"query-input":{"@type":"PropertyValueSpecification","valueRequired":true,"valueName":"search_term_string"}}],"inLanguage":"en-GB"},{"@type":"Organization","@id":"https:\/\/skaitytaknyga.lt\/#organization","name":"skaitytaknyga.lt","url":"https:\/\/skaitytaknyga.lt\/","logo":{"@type":"ImageObject","inLanguage":"en-GB","@id":"https:\/\/skaitytaknyga.lt\/#\/schema\/logo\/image\/","url":"https:\/\/skaitytaknyga.lt\/wp-content\/uploads\/2024\/05\/cropped-cropped-cropped-02_00843_jt3bggkj1j3HLc7SyY6rEUpg.jpeg","contentUrl":"https:\/\/skaitytaknyga.lt\/wp-content\/uploads\/2024\/05\/cropped-cropped-cropped-02_00843_jt3bggkj1j3HLc7SyY6rEUpg.jpeg","width":1600,"height":1600,"caption":"skaitytaknyga.lt"},"image":{"@id":"https:\/\/skaitytaknyga.lt\/#\/schema\/logo\/image\/"},"sameAs":["https:\/\/www.facebook.com\/skaitytaknyga\/"]}]}},"_links":{"self":[{"href":"https:\/\/skaitytaknyga.lt\/en\/wp-json\/wp\/v2\/product\/10647","targetHints":{"allow":["GET"]}}],"collection":[{"href":"https:\/\/skaitytaknyga.lt\/en\/wp-json\/wp\/v2\/product"}],"about":[{"href":"https:\/\/skaitytaknyga.lt\/en\/wp-json\/wp\/v2\/types\/product"}],"replies":[{"embeddable":true,"href":"https:\/\/skaitytaknyga.lt\/en\/wp-json\/wp\/v2\/comments?post=10647"}],"wp:featuredmedia":[{"embeddable":true,"href":"https:\/\/skaitytaknyga.lt\/en\/wp-json\/wp\/v2\/media\/10680"}],"wp:attachment":[{"href":"https:\/\/skaitytaknyga.lt\/en\/wp-json\/wp\/v2\/media?parent=10647"}],"wp:term":[{"taxonomy":"product_brand","embeddable":true,"href":"https:\/\/skaitytaknyga.lt\/en\/wp-json\/wp\/v2\/product_brand?post=10647"},{"taxonomy":"product_cat","embeddable":true,"href":"https:\/\/skaitytaknyga.lt\/en\/wp-json\/wp\/v2\/product_cat?post=10647"},{"taxonomy":"product_tag","embeddable":true,"href":"https:\/\/skaitytaknyga.lt\/en\/wp-json\/wp\/v2\/product_tag?post=10647"}],"curies":[{"name":"wp","href":"https:\/\/api.w.org\/{rel}","templated":true}]}}