{"id":10640,"date":"2024-05-04T19:09:33","date_gmt":"2024-05-04T19:09:33","guid":{"rendered":"https:\/\/skaitytaknyga.lt\/?post_type=product&#038;p=10640"},"modified":"2025-12-13T14:19:25","modified_gmt":"2025-12-13T12:19:25","slug":"mazieji-draugai","status":"publish","type":"product","link":"https:\/\/skaitytaknyga.lt\/en\/produktas\/mazieji-draugai\/","title":{"rendered":"Ma\u017eieji draugai"},"content":{"rendered":"<p>Tai puiki ma\u017e\u0173j\u0173 f\u0117j\u0173, elf\u0173 ir kit\u0173 pasaki\u0161k\u0173 b\u016btybi\u0173 dovana, nukelianti \u012f stebukling\u0105 pasak\u0105 ir pakyl\u0117janti iki stebuklo. I\u0161rai\u0161kingas meni\u0161kas iliustracijas \u0161velniai papildo trumpi pasakojimai ar eil\u0117ra\u0161\u010diai, patiksiantys ne tik vaikams, bet ir visiems, nors trumpai minutei trok\u0161tantiems pab\u0117gti i\u0161 realyb\u0117s, apsilankyti ten, kur be galo gra\u017eu.<\/p>\n","protected":false},"excerpt":{"rendered":"<p>Tai puiki ma\u017e\u0173j\u0173 f\u0117j\u0173, elf\u0173 ir kit\u0173 pasaki\u0161k\u0173 b\u016btybi\u0173 dovana, nukelianti \u012f stebukling\u0105 pasak\u0105 ir pakyl\u0117janti iki stebuklo. I\u0161rai\u0161kingas meni\u0161kas iliustracijas \u0161velniai papildo trumpi pasakojimai ar eil\u0117ra\u0161\u010diai, patiksiantys ne tik vaikams, bet ir visiems, nors trumpai minutei trok\u0161tantiems pab\u0117gti i\u0161 realyb\u0117s, apsilankyti ten, kur be galo gra\u017eu.<\/p>\n","protected":false},"featured_media":10679,"comment_status":"closed","ping_status":"closed","template":"","meta":{"_acf_changed":false,"site-sidebar-layout":"default","site-content-layout":"","ast-site-content-layout":"default","site-content-style":"default","site-sidebar-style":"default","ast-global-header-display":"","ast-banner-title-visibility":"","ast-main-header-display":"","ast-hfb-above-header-display":"","ast-hfb-below-header-display":"","ast-hfb-mobile-header-display":"","site-post-title":"","ast-breadcrumbs-content":"","ast-featured-img":"","footer-sml-layout":"","ast-disable-related-posts":"","theme-transparent-header-meta":"","adv-header-id-meta":"","stick-header-meta":"","header-above-stick-meta":"","header-main-stick-meta":"","header-below-stick-meta":"","astra-migrate-meta-layouts":"default","ast-page-background-enabled":"default","ast-page-background-meta":{"desktop":{"background-color":"","background-image":"","background-repeat":"repeat","background-position":"center center","background-size":"auto","background-attachment":"scroll","background-type":"","background-media":"","overlay-type":"","overlay-color":"","overlay-opacity":"","overlay-gradient":""},"tablet":{"background-color":"","background-image":"","background-repeat":"repeat","background-position":"center center","background-size":"auto","background-attachment":"scroll","background-type":"","background-media":"","overlay-type":"","overlay-color":"","overlay-opacity":"","overlay-gradient":""},"mobile":{"background-color":"","background-image":"","background-repeat":"repeat","background-position":"center center","background-size":"auto","background-attachment":"scroll","background-type":"","background-media":"","overlay-type":"","overlay-color":"","overlay-opacity":"","overlay-gradient":""}},"ast-content-background-meta":{"desktop":{"background-color":"var(--ast-global-color-4)","background-image":"","background-repeat":"repeat","background-position":"center center","background-size":"auto","background-attachment":"scroll","background-type":"","background-media":"","overlay-type":"","overlay-color":"","overlay-opacity":"","overlay-gradient":""},"tablet":{"background-color":"var(--ast-global-color-4)","background-image":"","background-repeat":"repeat","background-position":"center center","background-size":"auto","background-attachment":"scroll","background-type":"","background-media":"","overlay-type":"","overlay-color":"","overlay-opacity":"","overlay-gradient":""},"mobile":{"background-color":"var(--ast-global-color-4)","background-image":"","background-repeat":"repeat","background-position":"center center","background-size":"auto","background-attachment":"scroll","background-type":"","background-media":"","overlay-type":"","overlay-color":"","overlay-opacity":"","overlay-gradient":""}}},"product_brand":[],"product_cat":[31,35],"product_tag":[],"class_list":{"0":"post-10640","1":"product","2":"type-product","3":"status-publish","4":"has-post-thumbnail","6":"product_cat-grozine-literatura","7":"product_cat-vaikams-ir-paaugliams","8":"desktop-align-left","9":"tablet-align-left","10":"mobile-align-left","12":"first","13":"outofstock","14":"shipping-taxable","15":"purchasable","16":"product-type-simple"},"acf":[],"yoast_head":"<!-- This site is optimized with the Yoast SEO plugin v27.4 - https:\/\/yoast.com\/product\/yoast-seo-wordpress\/ -->\n<title>Ma\u017eieji draugai - Skaitytaknyga<\/title>\n<meta name=\"description\" content=\"Tai puiki ma\u017e\u0173j\u0173 f\u0117j\u0173, elf\u0173 ir kit\u0173 pasaki\u0161k\u0173 b\u016btybi\u0173 dovana, nukelianti \u012f stebukling\u0105 pasak\u0105 ir pakyl\u0117janti iki stebuklo. I\u0161rai\u0161kingas meni\u0161kas iliustracijas \u0161velniai papildo trumpi pasakojimai ar eil\u0117ra\u0161\u010diai, patiksiantys ne tik vaikams, bet ir visiems, nors trumpai minutei trok\u0161tantiems pab\u0117gti i\u0161 realyb\u0117s, apsilankyti ten, kur be galo gra\u017eu.\" \/>\n<meta name=\"robots\" content=\"index, follow, max-snippet:-1, max-image-preview:large, max-video-preview:-1\" \/>\n<link rel=\"canonical\" href=\"https:\/\/skaitytaknyga.lt\/en\/produktas\/mazieji-draugai\/\" \/>\n<meta property=\"og:locale\" content=\"en_GB\" \/>\n<meta property=\"og:locale:alternate\" content=\"lt_LT\" \/>\n<meta property=\"og:type\" content=\"article\" \/>\n<meta property=\"og:title\" content=\"Ma\u017eieji draugai - Skaitytaknyga\" \/>\n<meta property=\"og:description\" content=\"Tai puiki ma\u017e\u0173j\u0173 f\u0117j\u0173, elf\u0173 ir kit\u0173 pasaki\u0161k\u0173 b\u016btybi\u0173 dovana, nukelianti \u012f stebukling\u0105 pasak\u0105 ir pakyl\u0117janti iki stebuklo. I\u0161rai\u0161kingas meni\u0161kas iliustracijas \u0161velniai papildo trumpi pasakojimai ar eil\u0117ra\u0161\u010diai, patiksiantys ne tik vaikams, bet ir visiems, nors trumpai minutei trok\u0161tantiems pab\u0117gti i\u0161 realyb\u0117s, apsilankyti ten, kur be galo gra\u017eu.\" \/>\n<meta property=\"og:url\" content=\"https:\/\/skaitytaknyga.lt\/en\/produktas\/mazieji-draugai\/\" \/>\n<meta property=\"og:site_name\" content=\"Skaitytaknyga\" \/>\n<meta property=\"article:publisher\" content=\"https:\/\/www.facebook.com\/skaitytaknyga\/\" \/>\n<meta property=\"article:modified_time\" content=\"2025-12-13T12:19:25+00:00\" \/>\n<meta property=\"og:image\" content=\"https:\/\/skaitytaknyga.lt\/wp-content\/uploads\/2024\/05\/Be-pavadinimo-4-2.png\" \/>\n\t<meta property=\"og:image:width\" content=\"295\" \/>\n\t<meta property=\"og:image:height\" content=\"362\" \/>\n\t<meta property=\"og:image:type\" content=\"image\/png\" \/>\n<meta name=\"twitter:card\" content=\"summary_large_image\" \/>\n<script type=\"application\/ld+json\" class=\"yoast-schema-graph\">{\"@context\":\"https:\\\/\\\/schema.org\",\"@graph\":[{\"@type\":\"WebPage\",\"@id\":\"https:\\\/\\\/skaitytaknyga.lt\\\/produktas\\\/mazieji-draugai\\\/\",\"url\":\"https:\\\/\\\/skaitytaknyga.lt\\\/produktas\\\/mazieji-draugai\\\/\",\"name\":\"Ma\u017eieji draugai - Skaitytaknyga\",\"isPartOf\":{\"@id\":\"https:\\\/\\\/skaitytaknyga.lt\\\/#website\"},\"primaryImageOfPage\":{\"@id\":\"https:\\\/\\\/skaitytaknyga.lt\\\/produktas\\\/mazieji-draugai\\\/#primaryimage\"},\"image\":{\"@id\":\"https:\\\/\\\/skaitytaknyga.lt\\\/produktas\\\/mazieji-draugai\\\/#primaryimage\"},\"thumbnailUrl\":\"https:\\\/\\\/skaitytaknyga.lt\\\/wp-content\\\/uploads\\\/2024\\\/05\\\/Be-pavadinimo-4-2.png\",\"datePublished\":\"2024-05-04T19:09:33+00:00\",\"dateModified\":\"2025-12-13T12:19:25+00:00\",\"description\":\"Tai puiki ma\u017e\u0173j\u0173 f\u0117j\u0173, elf\u0173 ir kit\u0173 pasaki\u0161k\u0173 b\u016btybi\u0173 dovana, nukelianti \u012f stebukling\u0105 pasak\u0105 ir pakyl\u0117janti iki stebuklo. I\u0161rai\u0161kingas meni\u0161kas iliustracijas \u0161velniai papildo trumpi pasakojimai ar eil\u0117ra\u0161\u010diai, patiksiantys ne tik vaikams, bet ir visiems, nors trumpai minutei trok\u0161tantiems pab\u0117gti i\u0161 realyb\u0117s, apsilankyti ten, kur be galo gra\u017eu.\",\"breadcrumb\":{\"@id\":\"https:\\\/\\\/skaitytaknyga.lt\\\/produktas\\\/mazieji-draugai\\\/#breadcrumb\"},\"inLanguage\":\"en-GB\",\"potentialAction\":[{\"@type\":\"ReadAction\",\"target\":[\"https:\\\/\\\/skaitytaknyga.lt\\\/produktas\\\/mazieji-draugai\\\/\"]}]},{\"@type\":\"ImageObject\",\"inLanguage\":\"en-GB\",\"@id\":\"https:\\\/\\\/skaitytaknyga.lt\\\/produktas\\\/mazieji-draugai\\\/#primaryimage\",\"url\":\"https:\\\/\\\/skaitytaknyga.lt\\\/wp-content\\\/uploads\\\/2024\\\/05\\\/Be-pavadinimo-4-2.png\",\"contentUrl\":\"https:\\\/\\\/skaitytaknyga.lt\\\/wp-content\\\/uploads\\\/2024\\\/05\\\/Be-pavadinimo-4-2.png\",\"width\":295,\"height\":362},{\"@type\":\"BreadcrumbList\",\"@id\":\"https:\\\/\\\/skaitytaknyga.lt\\\/produktas\\\/mazieji-draugai\\\/#breadcrumb\",\"itemListElement\":[{\"@type\":\"ListItem\",\"position\":1,\"name\":\"Home\",\"item\":\"https:\\\/\\\/skaitytaknyga.lt\\\/\"},{\"@type\":\"ListItem\",\"position\":2,\"name\":\"Parduotuv\u0117\",\"item\":\"https:\\\/\\\/skaitytaknyga.lt\\\/knygu-parduotuve\\\/\"},{\"@type\":\"ListItem\",\"position\":3,\"name\":\"Ma\u017eieji draugai\"}]},{\"@type\":\"WebSite\",\"@id\":\"https:\\\/\\\/skaitytaknyga.lt\\\/#website\",\"url\":\"https:\\\/\\\/skaitytaknyga.lt\\\/\",\"name\":\"skaitytaknyga.lt\",\"description\":\"Skaitytaknyga.lt \u2013 tai ma\u017eas \u0161eimos verslas, kuris prasid\u0117jo nuo meil\u0117s knygoms ir siekio i\u0161gelb\u0117ti knygas nuo likimo prie konteinerio. Kas vienam nereikalingas daiktas \u2013 kitam lobis, o mes esame tarpininkai, kurie padeda abiems tapti laimingesniems ???? \u017dinome kaip nelengva i\u0161gyventi ma\u017eiems verslams, tad nuo \u0161iol, \u010dia rasite ir kit\u0173, ma\u017e\u0173 \u0161eim\u0173 versl\u0173, rank\u0173 darbo, dovan\u0173 sau ir artimiesiems.\",\"publisher\":{\"@id\":\"https:\\\/\\\/skaitytaknyga.lt\\\/#organization\"},\"potentialAction\":[{\"@type\":\"SearchAction\",\"target\":{\"@type\":\"EntryPoint\",\"urlTemplate\":\"https:\\\/\\\/skaitytaknyga.lt\\\/?s={search_term_string}\"},\"query-input\":{\"@type\":\"PropertyValueSpecification\",\"valueRequired\":true,\"valueName\":\"search_term_string\"}}],\"inLanguage\":\"en-GB\"},{\"@type\":\"Organization\",\"@id\":\"https:\\\/\\\/skaitytaknyga.lt\\\/#organization\",\"name\":\"skaitytaknyga.lt\",\"url\":\"https:\\\/\\\/skaitytaknyga.lt\\\/\",\"logo\":{\"@type\":\"ImageObject\",\"inLanguage\":\"en-GB\",\"@id\":\"https:\\\/\\\/skaitytaknyga.lt\\\/#\\\/schema\\\/logo\\\/image\\\/\",\"url\":\"https:\\\/\\\/skaitytaknyga.lt\\\/wp-content\\\/uploads\\\/2024\\\/05\\\/cropped-cropped-cropped-02_00843_jt3bggkj1j3HLc7SyY6rEUpg.jpeg\",\"contentUrl\":\"https:\\\/\\\/skaitytaknyga.lt\\\/wp-content\\\/uploads\\\/2024\\\/05\\\/cropped-cropped-cropped-02_00843_jt3bggkj1j3HLc7SyY6rEUpg.jpeg\",\"width\":1600,\"height\":1600,\"caption\":\"skaitytaknyga.lt\"},\"image\":{\"@id\":\"https:\\\/\\\/skaitytaknyga.lt\\\/#\\\/schema\\\/logo\\\/image\\\/\"},\"sameAs\":[\"https:\\\/\\\/www.facebook.com\\\/skaitytaknyga\\\/\"]}]}<\/script>\n<!-- \/ Yoast SEO plugin. -->","yoast_head_json":{"title":"Ma\u017eieji draugai - Skaitytaknyga","description":"Tai puiki ma\u017e\u0173j\u0173 f\u0117j\u0173, elf\u0173 ir kit\u0173 pasaki\u0161k\u0173 b\u016btybi\u0173 dovana, nukelianti \u012f stebukling\u0105 pasak\u0105 ir pakyl\u0117janti iki stebuklo. I\u0161rai\u0161kingas meni\u0161kas iliustracijas \u0161velniai papildo trumpi pasakojimai ar eil\u0117ra\u0161\u010diai, patiksiantys ne tik vaikams, bet ir visiems, nors trumpai minutei trok\u0161tantiems pab\u0117gti i\u0161 realyb\u0117s, apsilankyti ten, kur be galo gra\u017eu.","robots":{"index":"index","follow":"follow","max-snippet":"max-snippet:-1","max-image-preview":"max-image-preview:large","max-video-preview":"max-video-preview:-1"},"canonical":"https:\/\/skaitytaknyga.lt\/en\/produktas\/mazieji-draugai\/","og_locale":"en_GB","og_type":"article","og_title":"Ma\u017eieji draugai - Skaitytaknyga","og_description":"Tai puiki ma\u017e\u0173j\u0173 f\u0117j\u0173, elf\u0173 ir kit\u0173 pasaki\u0161k\u0173 b\u016btybi\u0173 dovana, nukelianti \u012f stebukling\u0105 pasak\u0105 ir pakyl\u0117janti iki stebuklo. I\u0161rai\u0161kingas meni\u0161kas iliustracijas \u0161velniai papildo trumpi pasakojimai ar eil\u0117ra\u0161\u010diai, patiksiantys ne tik vaikams, bet ir visiems, nors trumpai minutei trok\u0161tantiems pab\u0117gti i\u0161 realyb\u0117s, apsilankyti ten, kur be galo gra\u017eu.","og_url":"https:\/\/skaitytaknyga.lt\/en\/produktas\/mazieji-draugai\/","og_site_name":"Skaitytaknyga","article_publisher":"https:\/\/www.facebook.com\/skaitytaknyga\/","article_modified_time":"2025-12-13T12:19:25+00:00","og_image":[{"width":295,"height":362,"url":"https:\/\/skaitytaknyga.lt\/wp-content\/uploads\/2024\/05\/Be-pavadinimo-4-2.png","type":"image\/png"}],"twitter_card":"summary_large_image","schema":{"@context":"https:\/\/schema.org","@graph":[{"@type":"WebPage","@id":"https:\/\/skaitytaknyga.lt\/produktas\/mazieji-draugai\/","url":"https:\/\/skaitytaknyga.lt\/produktas\/mazieji-draugai\/","name":"Ma\u017eieji draugai - Skaitytaknyga","isPartOf":{"@id":"https:\/\/skaitytaknyga.lt\/#website"},"primaryImageOfPage":{"@id":"https:\/\/skaitytaknyga.lt\/produktas\/mazieji-draugai\/#primaryimage"},"image":{"@id":"https:\/\/skaitytaknyga.lt\/produktas\/mazieji-draugai\/#primaryimage"},"thumbnailUrl":"https:\/\/skaitytaknyga.lt\/wp-content\/uploads\/2024\/05\/Be-pavadinimo-4-2.png","datePublished":"2024-05-04T19:09:33+00:00","dateModified":"2025-12-13T12:19:25+00:00","description":"Tai puiki ma\u017e\u0173j\u0173 f\u0117j\u0173, elf\u0173 ir kit\u0173 pasaki\u0161k\u0173 b\u016btybi\u0173 dovana, nukelianti \u012f stebukling\u0105 pasak\u0105 ir pakyl\u0117janti iki stebuklo. I\u0161rai\u0161kingas meni\u0161kas iliustracijas \u0161velniai papildo trumpi pasakojimai ar eil\u0117ra\u0161\u010diai, patiksiantys ne tik vaikams, bet ir visiems, nors trumpai minutei trok\u0161tantiems pab\u0117gti i\u0161 realyb\u0117s, apsilankyti ten, kur be galo gra\u017eu.","breadcrumb":{"@id":"https:\/\/skaitytaknyga.lt\/produktas\/mazieji-draugai\/#breadcrumb"},"inLanguage":"en-GB","potentialAction":[{"@type":"ReadAction","target":["https:\/\/skaitytaknyga.lt\/produktas\/mazieji-draugai\/"]}]},{"@type":"ImageObject","inLanguage":"en-GB","@id":"https:\/\/skaitytaknyga.lt\/produktas\/mazieji-draugai\/#primaryimage","url":"https:\/\/skaitytaknyga.lt\/wp-content\/uploads\/2024\/05\/Be-pavadinimo-4-2.png","contentUrl":"https:\/\/skaitytaknyga.lt\/wp-content\/uploads\/2024\/05\/Be-pavadinimo-4-2.png","width":295,"height":362},{"@type":"BreadcrumbList","@id":"https:\/\/skaitytaknyga.lt\/produktas\/mazieji-draugai\/#breadcrumb","itemListElement":[{"@type":"ListItem","position":1,"name":"Home","item":"https:\/\/skaitytaknyga.lt\/"},{"@type":"ListItem","position":2,"name":"Parduotuv\u0117","item":"https:\/\/skaitytaknyga.lt\/knygu-parduotuve\/"},{"@type":"ListItem","position":3,"name":"Ma\u017eieji draugai"}]},{"@type":"WebSite","@id":"https:\/\/skaitytaknyga.lt\/#website","url":"https:\/\/skaitytaknyga.lt\/","name":"skaitytaknyga.lt","description":"Skaitytaknyga.lt \u2013 tai ma\u017eas \u0161eimos verslas, kuris prasid\u0117jo nuo meil\u0117s knygoms ir siekio i\u0161gelb\u0117ti knygas nuo likimo prie konteinerio. Kas vienam nereikalingas daiktas \u2013 kitam lobis, o mes esame tarpininkai, kurie padeda abiems tapti laimingesniems ???? \u017dinome kaip nelengva i\u0161gyventi ma\u017eiems verslams, tad nuo \u0161iol, \u010dia rasite ir kit\u0173, ma\u017e\u0173 \u0161eim\u0173 versl\u0173, rank\u0173 darbo, dovan\u0173 sau ir artimiesiems.","publisher":{"@id":"https:\/\/skaitytaknyga.lt\/#organization"},"potentialAction":[{"@type":"SearchAction","target":{"@type":"EntryPoint","urlTemplate":"https:\/\/skaitytaknyga.lt\/?s={search_term_string}"},"query-input":{"@type":"PropertyValueSpecification","valueRequired":true,"valueName":"search_term_string"}}],"inLanguage":"en-GB"},{"@type":"Organization","@id":"https:\/\/skaitytaknyga.lt\/#organization","name":"skaitytaknyga.lt","url":"https:\/\/skaitytaknyga.lt\/","logo":{"@type":"ImageObject","inLanguage":"en-GB","@id":"https:\/\/skaitytaknyga.lt\/#\/schema\/logo\/image\/","url":"https:\/\/skaitytaknyga.lt\/wp-content\/uploads\/2024\/05\/cropped-cropped-cropped-02_00843_jt3bggkj1j3HLc7SyY6rEUpg.jpeg","contentUrl":"https:\/\/skaitytaknyga.lt\/wp-content\/uploads\/2024\/05\/cropped-cropped-cropped-02_00843_jt3bggkj1j3HLc7SyY6rEUpg.jpeg","width":1600,"height":1600,"caption":"skaitytaknyga.lt"},"image":{"@id":"https:\/\/skaitytaknyga.lt\/#\/schema\/logo\/image\/"},"sameAs":["https:\/\/www.facebook.com\/skaitytaknyga\/"]}]}},"_links":{"self":[{"href":"https:\/\/skaitytaknyga.lt\/en\/wp-json\/wp\/v2\/product\/10640","targetHints":{"allow":["GET"]}}],"collection":[{"href":"https:\/\/skaitytaknyga.lt\/en\/wp-json\/wp\/v2\/product"}],"about":[{"href":"https:\/\/skaitytaknyga.lt\/en\/wp-json\/wp\/v2\/types\/product"}],"replies":[{"embeddable":true,"href":"https:\/\/skaitytaknyga.lt\/en\/wp-json\/wp\/v2\/comments?post=10640"}],"wp:featuredmedia":[{"embeddable":true,"href":"https:\/\/skaitytaknyga.lt\/en\/wp-json\/wp\/v2\/media\/10679"}],"wp:attachment":[{"href":"https:\/\/skaitytaknyga.lt\/en\/wp-json\/wp\/v2\/media?parent=10640"}],"wp:term":[{"taxonomy":"product_brand","embeddable":true,"href":"https:\/\/skaitytaknyga.lt\/en\/wp-json\/wp\/v2\/product_brand?post=10640"},{"taxonomy":"product_cat","embeddable":true,"href":"https:\/\/skaitytaknyga.lt\/en\/wp-json\/wp\/v2\/product_cat?post=10640"},{"taxonomy":"product_tag","embeddable":true,"href":"https:\/\/skaitytaknyga.lt\/en\/wp-json\/wp\/v2\/product_tag?post=10640"}],"curies":[{"name":"wp","href":"https:\/\/api.w.org\/{rel}","templated":true}]}}