{"id":10637,"date":"2024-05-04T19:09:10","date_gmt":"2024-05-04T19:09:10","guid":{"rendered":"https:\/\/skaitytaknyga.lt\/?post_type=product&#038;p=10637"},"modified":"2026-01-01T14:54:40","modified_gmt":"2026-01-01T12:54:40","slug":"gyvenimo-tiesos-asmeninis-geresnio-laimingesnio-sekmingesnio-gyvenimo-kodeksas","status":"publish","type":"product","link":"https:\/\/skaitytaknyga.lt\/en\/produktas\/gyvenimo-tiesos-asmeninis-geresnio-laimingesnio-sekmingesnio-gyvenimo-kodeksas\/","title":{"rendered":"Gyvenimo tiesos. Asmeninis geresnio, laimingesnio, s\u0117kmingesnio gyvenimo kodeksas"},"content":{"rendered":"<p>Atrodo, jog kai kuriems \u017emon\u0117ms tiesiog sekasi gyventi. Jie lengvai juda \u012f priek\u012f ir kyla auk\u0161tyn, atrodo, tarsi jie kiekvienoje situacijoje \u017eino, k\u0105 reikia sakyti ir daryti. Visi juos m\u0117gsta \u2013 su tokiais \u017emon\u0117mis puiku dirbti ir gyventi. Jie b\u016bna laimingi (da\u017eniausiai) ir moka atremti gyvenimo sm\u016bgius. Jie suranda laiko kiekvienam \u017emogui ir atrodo, jog visada \u017eino, kas yra svarbu.<\/p>\n<p>Ar yra ka\u017ekas, k\u0105 tie \u017emon\u0117s \u017eino ir daro, o mes ne? Ar gal\u0117tume i\u0161mokti taip gyventi mes visi? Neabejotinai atsakymas yra \u201etaip\u201c. Jie \u017eino Gyvenimo tiesas.<\/p>\n<p>Gyvenimo tiesos yra pagrindiniai principai, kurie pad\u0117s jums i\u0161 gyvenimo paimti daugiau, pagelb\u0117s lengviau atsikratyti b\u0117d\u0173 ir tapti laimingesniu, ramesniu, jau\u010dian\u010diu didesn\u012f pasitenkinim\u0105 \u017emogumi. J\u016bs pajusite \u0161i\u0173 taisykli\u0173 naud\u0105 \u2013 ir tai pajus visi esantys aplink jus.<\/p>\n<p>Tai j\u016bs\u0173 gyvenimas. Koks geras jis gal\u0117t\u0173 b\u016bti!<\/p>\n","protected":false},"excerpt":{"rendered":"<p>Atrodo, jog kai kuriems \u017emon\u0117ms tiesiog sekasi gyventi. Jie lengvai juda \u012f priek\u012f ir kyla auk\u0161tyn, atrodo, tarsi jie kiekvienoje situacijoje \u017eino, k\u0105 reikia sakyti ir daryti. Visi juos m\u0117gsta \u2013 su tokiais \u017emon\u0117mis puiku dirbti ir gyventi. Jie b\u016bna laimingi (da\u017eniausiai) ir moka atremti gyvenimo sm\u016bgius. Jie suranda laiko kiekvienam \u017emogui ir atrodo, jog visada \u017eino, kas yra svarbu.<\/p>\n<p>Ar yra ka\u017ekas, k\u0105 tie \u017emon\u0117s \u017eino ir daro, o mes ne? Ar gal\u0117tume i\u0161mokti taip gyventi mes visi? Neabejotinai atsakymas yra \u201etaip\u201c. Jie \u017eino Gyvenimo tiesas.<\/p>\n<p>Gyvenimo tiesos yra pagrindiniai principai, kurie pad\u0117s jums i\u0161 gyvenimo paimti daugiau, pagelb\u0117s lengviau atsikratyti b\u0117d\u0173 ir tapti laimingesniu, ramesniu, jau\u010dian\u010diu didesn\u012f pasitenkinim\u0105 \u017emogumi. J\u016bs pajusite \u0161i\u0173 taisykli\u0173 naud\u0105 \u2013 ir tai pajus visi esantys aplink jus.<\/p>\n<p>Tai j\u016bs\u0173 gyvenimas. Koks geras jis gal\u0117t\u0173 b\u016bti!<\/p>\n","protected":false},"featured_media":10677,"comment_status":"closed","ping_status":"closed","template":"","meta":{"_acf_changed":false,"site-sidebar-layout":"default","site-content-layout":"","ast-site-content-layout":"default","site-content-style":"default","site-sidebar-style":"default","ast-global-header-display":"","ast-banner-title-visibility":"","ast-main-header-display":"","ast-hfb-above-header-display":"","ast-hfb-below-header-display":"","ast-hfb-mobile-header-display":"","site-post-title":"","ast-breadcrumbs-content":"","ast-featured-img":"","footer-sml-layout":"","ast-disable-related-posts":"","theme-transparent-header-meta":"","adv-header-id-meta":"","stick-header-meta":"","header-above-stick-meta":"","header-main-stick-meta":"","header-below-stick-meta":"","astra-migrate-meta-layouts":"default","ast-page-background-enabled":"default","ast-page-background-meta":{"desktop":{"background-color":"","background-image":"","background-repeat":"repeat","background-position":"center center","background-size":"auto","background-attachment":"scroll","background-type":"","background-media":"","overlay-type":"","overlay-color":"","overlay-opacity":"","overlay-gradient":""},"tablet":{"background-color":"","background-image":"","background-repeat":"repeat","background-position":"center center","background-size":"auto","background-attachment":"scroll","background-type":"","background-media":"","overlay-type":"","overlay-color":"","overlay-opacity":"","overlay-gradient":""},"mobile":{"background-color":"","background-image":"","background-repeat":"repeat","background-position":"center center","background-size":"auto","background-attachment":"scroll","background-type":"","background-media":"","overlay-type":"","overlay-color":"","overlay-opacity":"","overlay-gradient":""}},"ast-content-background-meta":{"desktop":{"background-color":"var(--ast-global-color-4)","background-image":"","background-repeat":"repeat","background-position":"center center","background-size":"auto","background-attachment":"scroll","background-type":"","background-media":"","overlay-type":"","overlay-color":"","overlay-opacity":"","overlay-gradient":""},"tablet":{"background-color":"var(--ast-global-color-4)","background-image":"","background-repeat":"repeat","background-position":"center center","background-size":"auto","background-attachment":"scroll","background-type":"","background-media":"","overlay-type":"","overlay-color":"","overlay-opacity":"","overlay-gradient":""},"mobile":{"background-color":"var(--ast-global-color-4)","background-image":"","background-repeat":"repeat","background-position":"center center","background-size":"auto","background-attachment":"scroll","background-type":"","background-media":"","overlay-type":"","overlay-color":"","overlay-opacity":"","overlay-gradient":""}}},"product_brand":[],"product_cat":[30],"product_tag":[],"class_list":{"0":"post-10637","1":"product","2":"type-product","3":"status-publish","4":"has-post-thumbnail","6":"product_cat-psichologija-ir-saviugda","7":"desktop-align-left","8":"tablet-align-left","9":"mobile-align-left","11":"first","12":"outofstock","13":"shipping-taxable","14":"purchasable","15":"product-type-simple"},"acf":[],"yoast_head":"<!-- This site is optimized with the Yoast SEO plugin v27.4 - https:\/\/yoast.com\/product\/yoast-seo-wordpress\/ -->\n<title>Gyvenimo tiesos. Asmeninis geresnio, laimingesnio, s\u0117kmingesnio gyvenimo kodeksas - Skaitytaknyga<\/title>\n<meta name=\"description\" content=\"Atrodo, jog kai kuriems \u017emon\u0117ms tiesiog sekasi gyventi. Jie lengvai juda \u012f priek\u012f ir kyla auk\u0161tyn, atrodo, tarsi jie kiekvienoje situacijoje \u017eino, k\u0105 reikia sakyti ir daryti. Visi juos m\u0117gsta \u2013 su tokiais \u017emon\u0117mis puiku dirbti ir gyventi. Jie b\u016bna laimingi (da\u017eniausiai) ir moka atremti gyvenimo sm\u016bgius. Jie suranda laiko kiekvienam \u017emogui ir atrodo, jog visada \u017eino, kas yra svarbu.  Ar yra ka\u017ekas, k\u0105 tie \u017emon\u0117s \u017eino ir daro, o mes ne? Ar gal\u0117tume i\u0161mokti taip gyventi mes visi? Neabejotinai atsakymas yra \u201etaip\u201c. Jie \u017eino Gyvenimo tiesas.  Gyvenimo tiesos yra pagrindiniai principai, kurie pad\u0117s jums i\u0161 gyvenimo paimti daugiau, pagelb\u0117s lengviau atsikratyti b\u0117d\u0173 ir tapti laimingesniu, ramesniu, jau\u010dian\u010diu didesn\u012f pasitenkinim\u0105 \u017emogumi. J\u016bs pajusite \u0161i\u0173 taisykli\u0173 naud\u0105 \u2013 ir tai pajus visi esantys aplink jus.  Tai j\u016bs\u0173 gyvenimas. Koks geras jis gal\u0117t\u0173 b\u016bti!\" \/>\n<meta name=\"robots\" content=\"index, follow, max-snippet:-1, max-image-preview:large, max-video-preview:-1\" \/>\n<link rel=\"canonical\" href=\"https:\/\/skaitytaknyga.lt\/en\/produktas\/gyvenimo-tiesos-asmeninis-geresnio-laimingesnio-sekmingesnio-gyvenimo-kodeksas\/\" \/>\n<meta property=\"og:locale\" content=\"en_GB\" \/>\n<meta property=\"og:locale:alternate\" content=\"lt_LT\" \/>\n<meta property=\"og:type\" content=\"article\" \/>\n<meta property=\"og:title\" content=\"Gyvenimo tiesos. Asmeninis geresnio, laimingesnio, s\u0117kmingesnio gyvenimo kodeksas - Skaitytaknyga\" \/>\n<meta property=\"og:description\" content=\"Atrodo, jog kai kuriems \u017emon\u0117ms tiesiog sekasi gyventi. Jie lengvai juda \u012f priek\u012f ir kyla auk\u0161tyn, atrodo, tarsi jie kiekvienoje situacijoje \u017eino, k\u0105 reikia sakyti ir daryti. Visi juos m\u0117gsta \u2013 su tokiais \u017emon\u0117mis puiku dirbti ir gyventi. Jie b\u016bna laimingi (da\u017eniausiai) ir moka atremti gyvenimo sm\u016bgius. Jie suranda laiko kiekvienam \u017emogui ir atrodo, jog visada \u017eino, kas yra svarbu.  Ar yra ka\u017ekas, k\u0105 tie \u017emon\u0117s \u017eino ir daro, o mes ne? Ar gal\u0117tume i\u0161mokti taip gyventi mes visi? Neabejotinai atsakymas yra \u201etaip\u201c. Jie \u017eino Gyvenimo tiesas.  Gyvenimo tiesos yra pagrindiniai principai, kurie pad\u0117s jums i\u0161 gyvenimo paimti daugiau, pagelb\u0117s lengviau atsikratyti b\u0117d\u0173 ir tapti laimingesniu, ramesniu, jau\u010dian\u010diu didesn\u012f pasitenkinim\u0105 \u017emogumi. J\u016bs pajusite \u0161i\u0173 taisykli\u0173 naud\u0105 \u2013 ir tai pajus visi esantys aplink jus.  Tai j\u016bs\u0173 gyvenimas. Koks geras jis gal\u0117t\u0173 b\u016bti!\" \/>\n<meta property=\"og:url\" content=\"https:\/\/skaitytaknyga.lt\/en\/produktas\/gyvenimo-tiesos-asmeninis-geresnio-laimingesnio-sekmingesnio-gyvenimo-kodeksas\/\" \/>\n<meta property=\"og:site_name\" content=\"Skaitytaknyga\" \/>\n<meta property=\"article:publisher\" content=\"https:\/\/www.facebook.com\/skaitytaknyga\/\" \/>\n<meta property=\"article:modified_time\" content=\"2026-01-01T12:54:40+00:00\" \/>\n<meta property=\"og:image\" content=\"https:\/\/skaitytaknyga.lt\/wp-content\/uploads\/2024\/05\/Be-pavadinimo-3-2.png\" \/>\n\t<meta property=\"og:image:width\" content=\"276\" \/>\n\t<meta property=\"og:image:height\" content=\"437\" \/>\n\t<meta property=\"og:image:type\" content=\"image\/png\" \/>\n<meta name=\"twitter:card\" content=\"summary_large_image\" \/>\n<meta name=\"twitter:label1\" content=\"Estimated reading time\" \/>\n\t<meta name=\"twitter:data1\" content=\"1 minute\" \/>\n<script type=\"application\/ld+json\" class=\"yoast-schema-graph\">{\"@context\":\"https:\\\/\\\/schema.org\",\"@graph\":[{\"@type\":\"WebPage\",\"@id\":\"https:\\\/\\\/skaitytaknyga.lt\\\/produktas\\\/gyvenimo-tiesos-asmeninis-geresnio-laimingesnio-sekmingesnio-gyvenimo-kodeksas\\\/\",\"url\":\"https:\\\/\\\/skaitytaknyga.lt\\\/produktas\\\/gyvenimo-tiesos-asmeninis-geresnio-laimingesnio-sekmingesnio-gyvenimo-kodeksas\\\/\",\"name\":\"Gyvenimo tiesos. Asmeninis geresnio, laimingesnio, s\u0117kmingesnio gyvenimo kodeksas - Skaitytaknyga\",\"isPartOf\":{\"@id\":\"https:\\\/\\\/skaitytaknyga.lt\\\/#website\"},\"primaryImageOfPage\":{\"@id\":\"https:\\\/\\\/skaitytaknyga.lt\\\/produktas\\\/gyvenimo-tiesos-asmeninis-geresnio-laimingesnio-sekmingesnio-gyvenimo-kodeksas\\\/#primaryimage\"},\"image\":{\"@id\":\"https:\\\/\\\/skaitytaknyga.lt\\\/produktas\\\/gyvenimo-tiesos-asmeninis-geresnio-laimingesnio-sekmingesnio-gyvenimo-kodeksas\\\/#primaryimage\"},\"thumbnailUrl\":\"https:\\\/\\\/skaitytaknyga.lt\\\/wp-content\\\/uploads\\\/2024\\\/05\\\/Be-pavadinimo-3-2.png\",\"datePublished\":\"2024-05-04T19:09:10+00:00\",\"dateModified\":\"2026-01-01T12:54:40+00:00\",\"description\":\"Atrodo, jog kai kuriems \u017emon\u0117ms tiesiog sekasi gyventi. Jie lengvai juda \u012f priek\u012f ir kyla auk\u0161tyn, atrodo, tarsi jie kiekvienoje situacijoje \u017eino, k\u0105 reikia sakyti ir daryti. Visi juos m\u0117gsta \u2013 su tokiais \u017emon\u0117mis puiku dirbti ir gyventi. Jie b\u016bna laimingi (da\u017eniausiai) ir moka atremti gyvenimo sm\u016bgius. Jie suranda laiko kiekvienam \u017emogui ir atrodo, jog visada \u017eino, kas yra svarbu. Ar yra ka\u017ekas, k\u0105 tie \u017emon\u0117s \u017eino ir daro, o mes ne? Ar gal\u0117tume i\u0161mokti taip gyventi mes visi? Neabejotinai atsakymas yra \u201etaip\u201c. Jie \u017eino Gyvenimo tiesas. Gyvenimo tiesos yra pagrindiniai principai, kurie pad\u0117s jums i\u0161 gyvenimo paimti daugiau, pagelb\u0117s lengviau atsikratyti b\u0117d\u0173 ir tapti laimingesniu, ramesniu, jau\u010dian\u010diu didesn\u012f pasitenkinim\u0105 \u017emogumi. J\u016bs pajusite \u0161i\u0173 taisykli\u0173 naud\u0105 \u2013 ir tai pajus visi esantys aplink jus. Tai j\u016bs\u0173 gyvenimas. Koks geras jis gal\u0117t\u0173 b\u016bti!\",\"breadcrumb\":{\"@id\":\"https:\\\/\\\/skaitytaknyga.lt\\\/produktas\\\/gyvenimo-tiesos-asmeninis-geresnio-laimingesnio-sekmingesnio-gyvenimo-kodeksas\\\/#breadcrumb\"},\"inLanguage\":\"en-GB\",\"potentialAction\":[{\"@type\":\"ReadAction\",\"target\":[\"https:\\\/\\\/skaitytaknyga.lt\\\/produktas\\\/gyvenimo-tiesos-asmeninis-geresnio-laimingesnio-sekmingesnio-gyvenimo-kodeksas\\\/\"]}]},{\"@type\":\"ImageObject\",\"inLanguage\":\"en-GB\",\"@id\":\"https:\\\/\\\/skaitytaknyga.lt\\\/produktas\\\/gyvenimo-tiesos-asmeninis-geresnio-laimingesnio-sekmingesnio-gyvenimo-kodeksas\\\/#primaryimage\",\"url\":\"https:\\\/\\\/skaitytaknyga.lt\\\/wp-content\\\/uploads\\\/2024\\\/05\\\/Be-pavadinimo-3-2.png\",\"contentUrl\":\"https:\\\/\\\/skaitytaknyga.lt\\\/wp-content\\\/uploads\\\/2024\\\/05\\\/Be-pavadinimo-3-2.png\",\"width\":276,\"height\":437},{\"@type\":\"BreadcrumbList\",\"@id\":\"https:\\\/\\\/skaitytaknyga.lt\\\/produktas\\\/gyvenimo-tiesos-asmeninis-geresnio-laimingesnio-sekmingesnio-gyvenimo-kodeksas\\\/#breadcrumb\",\"itemListElement\":[{\"@type\":\"ListItem\",\"position\":1,\"name\":\"Home\",\"item\":\"https:\\\/\\\/skaitytaknyga.lt\\\/\"},{\"@type\":\"ListItem\",\"position\":2,\"name\":\"Parduotuv\u0117\",\"item\":\"https:\\\/\\\/skaitytaknyga.lt\\\/knygu-parduotuve\\\/\"},{\"@type\":\"ListItem\",\"position\":3,\"name\":\"Gyvenimo tiesos. Asmeninis geresnio, laimingesnio, s\u0117kmingesnio gyvenimo kodeksas\"}]},{\"@type\":\"WebSite\",\"@id\":\"https:\\\/\\\/skaitytaknyga.lt\\\/#website\",\"url\":\"https:\\\/\\\/skaitytaknyga.lt\\\/\",\"name\":\"skaitytaknyga.lt\",\"description\":\"Skaitytaknyga.lt \u2013 tai ma\u017eas \u0161eimos verslas, kuris prasid\u0117jo nuo meil\u0117s knygoms ir siekio i\u0161gelb\u0117ti knygas nuo likimo prie konteinerio. Kas vienam nereikalingas daiktas \u2013 kitam lobis, o mes esame tarpininkai, kurie padeda abiems tapti laimingesniems ???? \u017dinome kaip nelengva i\u0161gyventi ma\u017eiems verslams, tad nuo \u0161iol, \u010dia rasite ir kit\u0173, ma\u017e\u0173 \u0161eim\u0173 versl\u0173, rank\u0173 darbo, dovan\u0173 sau ir artimiesiems.\",\"publisher\":{\"@id\":\"https:\\\/\\\/skaitytaknyga.lt\\\/#organization\"},\"potentialAction\":[{\"@type\":\"SearchAction\",\"target\":{\"@type\":\"EntryPoint\",\"urlTemplate\":\"https:\\\/\\\/skaitytaknyga.lt\\\/?s={search_term_string}\"},\"query-input\":{\"@type\":\"PropertyValueSpecification\",\"valueRequired\":true,\"valueName\":\"search_term_string\"}}],\"inLanguage\":\"en-GB\"},{\"@type\":\"Organization\",\"@id\":\"https:\\\/\\\/skaitytaknyga.lt\\\/#organization\",\"name\":\"skaitytaknyga.lt\",\"url\":\"https:\\\/\\\/skaitytaknyga.lt\\\/\",\"logo\":{\"@type\":\"ImageObject\",\"inLanguage\":\"en-GB\",\"@id\":\"https:\\\/\\\/skaitytaknyga.lt\\\/#\\\/schema\\\/logo\\\/image\\\/\",\"url\":\"https:\\\/\\\/skaitytaknyga.lt\\\/wp-content\\\/uploads\\\/2024\\\/05\\\/cropped-cropped-cropped-02_00843_jt3bggkj1j3HLc7SyY6rEUpg.jpeg\",\"contentUrl\":\"https:\\\/\\\/skaitytaknyga.lt\\\/wp-content\\\/uploads\\\/2024\\\/05\\\/cropped-cropped-cropped-02_00843_jt3bggkj1j3HLc7SyY6rEUpg.jpeg\",\"width\":1600,\"height\":1600,\"caption\":\"skaitytaknyga.lt\"},\"image\":{\"@id\":\"https:\\\/\\\/skaitytaknyga.lt\\\/#\\\/schema\\\/logo\\\/image\\\/\"},\"sameAs\":[\"https:\\\/\\\/www.facebook.com\\\/skaitytaknyga\\\/\"]}]}<\/script>\n<!-- \/ Yoast SEO plugin. -->","yoast_head_json":{"title":"Gyvenimo tiesos. Asmeninis geresnio, laimingesnio, s\u0117kmingesnio gyvenimo kodeksas - Skaitytaknyga","description":"Atrodo, jog kai kuriems \u017emon\u0117ms tiesiog sekasi gyventi. Jie lengvai juda \u012f priek\u012f ir kyla auk\u0161tyn, atrodo, tarsi jie kiekvienoje situacijoje \u017eino, k\u0105 reikia sakyti ir daryti. Visi juos m\u0117gsta \u2013 su tokiais \u017emon\u0117mis puiku dirbti ir gyventi. Jie b\u016bna laimingi (da\u017eniausiai) ir moka atremti gyvenimo sm\u016bgius. Jie suranda laiko kiekvienam \u017emogui ir atrodo, jog visada \u017eino, kas yra svarbu.  Ar yra ka\u017ekas, k\u0105 tie \u017emon\u0117s \u017eino ir daro, o mes ne? Ar gal\u0117tume i\u0161mokti taip gyventi mes visi? Neabejotinai atsakymas yra \u201etaip\u201c. Jie \u017eino Gyvenimo tiesas.  Gyvenimo tiesos yra pagrindiniai principai, kurie pad\u0117s jums i\u0161 gyvenimo paimti daugiau, pagelb\u0117s lengviau atsikratyti b\u0117d\u0173 ir tapti laimingesniu, ramesniu, jau\u010dian\u010diu didesn\u012f pasitenkinim\u0105 \u017emogumi. J\u016bs pajusite \u0161i\u0173 taisykli\u0173 naud\u0105 \u2013 ir tai pajus visi esantys aplink jus.  Tai j\u016bs\u0173 gyvenimas. Koks geras jis gal\u0117t\u0173 b\u016bti!","robots":{"index":"index","follow":"follow","max-snippet":"max-snippet:-1","max-image-preview":"max-image-preview:large","max-video-preview":"max-video-preview:-1"},"canonical":"https:\/\/skaitytaknyga.lt\/en\/produktas\/gyvenimo-tiesos-asmeninis-geresnio-laimingesnio-sekmingesnio-gyvenimo-kodeksas\/","og_locale":"en_GB","og_type":"article","og_title":"Gyvenimo tiesos. Asmeninis geresnio, laimingesnio, s\u0117kmingesnio gyvenimo kodeksas - Skaitytaknyga","og_description":"Atrodo, jog kai kuriems \u017emon\u0117ms tiesiog sekasi gyventi. Jie lengvai juda \u012f priek\u012f ir kyla auk\u0161tyn, atrodo, tarsi jie kiekvienoje situacijoje \u017eino, k\u0105 reikia sakyti ir daryti. Visi juos m\u0117gsta \u2013 su tokiais \u017emon\u0117mis puiku dirbti ir gyventi. Jie b\u016bna laimingi (da\u017eniausiai) ir moka atremti gyvenimo sm\u016bgius. Jie suranda laiko kiekvienam \u017emogui ir atrodo, jog visada \u017eino, kas yra svarbu.  Ar yra ka\u017ekas, k\u0105 tie \u017emon\u0117s \u017eino ir daro, o mes ne? Ar gal\u0117tume i\u0161mokti taip gyventi mes visi? Neabejotinai atsakymas yra \u201etaip\u201c. Jie \u017eino Gyvenimo tiesas.  Gyvenimo tiesos yra pagrindiniai principai, kurie pad\u0117s jums i\u0161 gyvenimo paimti daugiau, pagelb\u0117s lengviau atsikratyti b\u0117d\u0173 ir tapti laimingesniu, ramesniu, jau\u010dian\u010diu didesn\u012f pasitenkinim\u0105 \u017emogumi. J\u016bs pajusite \u0161i\u0173 taisykli\u0173 naud\u0105 \u2013 ir tai pajus visi esantys aplink jus.  Tai j\u016bs\u0173 gyvenimas. Koks geras jis gal\u0117t\u0173 b\u016bti!","og_url":"https:\/\/skaitytaknyga.lt\/en\/produktas\/gyvenimo-tiesos-asmeninis-geresnio-laimingesnio-sekmingesnio-gyvenimo-kodeksas\/","og_site_name":"Skaitytaknyga","article_publisher":"https:\/\/www.facebook.com\/skaitytaknyga\/","article_modified_time":"2026-01-01T12:54:40+00:00","og_image":[{"width":276,"height":437,"url":"https:\/\/skaitytaknyga.lt\/wp-content\/uploads\/2024\/05\/Be-pavadinimo-3-2.png","type":"image\/png"}],"twitter_card":"summary_large_image","twitter_misc":{"Estimated reading time":"1 minute"},"schema":{"@context":"https:\/\/schema.org","@graph":[{"@type":"WebPage","@id":"https:\/\/skaitytaknyga.lt\/produktas\/gyvenimo-tiesos-asmeninis-geresnio-laimingesnio-sekmingesnio-gyvenimo-kodeksas\/","url":"https:\/\/skaitytaknyga.lt\/produktas\/gyvenimo-tiesos-asmeninis-geresnio-laimingesnio-sekmingesnio-gyvenimo-kodeksas\/","name":"Gyvenimo tiesos. Asmeninis geresnio, laimingesnio, s\u0117kmingesnio gyvenimo kodeksas - Skaitytaknyga","isPartOf":{"@id":"https:\/\/skaitytaknyga.lt\/#website"},"primaryImageOfPage":{"@id":"https:\/\/skaitytaknyga.lt\/produktas\/gyvenimo-tiesos-asmeninis-geresnio-laimingesnio-sekmingesnio-gyvenimo-kodeksas\/#primaryimage"},"image":{"@id":"https:\/\/skaitytaknyga.lt\/produktas\/gyvenimo-tiesos-asmeninis-geresnio-laimingesnio-sekmingesnio-gyvenimo-kodeksas\/#primaryimage"},"thumbnailUrl":"https:\/\/skaitytaknyga.lt\/wp-content\/uploads\/2024\/05\/Be-pavadinimo-3-2.png","datePublished":"2024-05-04T19:09:10+00:00","dateModified":"2026-01-01T12:54:40+00:00","description":"Atrodo, jog kai kuriems \u017emon\u0117ms tiesiog sekasi gyventi. Jie lengvai juda \u012f priek\u012f ir kyla auk\u0161tyn, atrodo, tarsi jie kiekvienoje situacijoje \u017eino, k\u0105 reikia sakyti ir daryti. Visi juos m\u0117gsta \u2013 su tokiais \u017emon\u0117mis puiku dirbti ir gyventi. Jie b\u016bna laimingi (da\u017eniausiai) ir moka atremti gyvenimo sm\u016bgius. Jie suranda laiko kiekvienam \u017emogui ir atrodo, jog visada \u017eino, kas yra svarbu. Ar yra ka\u017ekas, k\u0105 tie \u017emon\u0117s \u017eino ir daro, o mes ne? Ar gal\u0117tume i\u0161mokti taip gyventi mes visi? Neabejotinai atsakymas yra \u201etaip\u201c. Jie \u017eino Gyvenimo tiesas. Gyvenimo tiesos yra pagrindiniai principai, kurie pad\u0117s jums i\u0161 gyvenimo paimti daugiau, pagelb\u0117s lengviau atsikratyti b\u0117d\u0173 ir tapti laimingesniu, ramesniu, jau\u010dian\u010diu didesn\u012f pasitenkinim\u0105 \u017emogumi. J\u016bs pajusite \u0161i\u0173 taisykli\u0173 naud\u0105 \u2013 ir tai pajus visi esantys aplink jus. Tai j\u016bs\u0173 gyvenimas. Koks geras jis gal\u0117t\u0173 b\u016bti!","breadcrumb":{"@id":"https:\/\/skaitytaknyga.lt\/produktas\/gyvenimo-tiesos-asmeninis-geresnio-laimingesnio-sekmingesnio-gyvenimo-kodeksas\/#breadcrumb"},"inLanguage":"en-GB","potentialAction":[{"@type":"ReadAction","target":["https:\/\/skaitytaknyga.lt\/produktas\/gyvenimo-tiesos-asmeninis-geresnio-laimingesnio-sekmingesnio-gyvenimo-kodeksas\/"]}]},{"@type":"ImageObject","inLanguage":"en-GB","@id":"https:\/\/skaitytaknyga.lt\/produktas\/gyvenimo-tiesos-asmeninis-geresnio-laimingesnio-sekmingesnio-gyvenimo-kodeksas\/#primaryimage","url":"https:\/\/skaitytaknyga.lt\/wp-content\/uploads\/2024\/05\/Be-pavadinimo-3-2.png","contentUrl":"https:\/\/skaitytaknyga.lt\/wp-content\/uploads\/2024\/05\/Be-pavadinimo-3-2.png","width":276,"height":437},{"@type":"BreadcrumbList","@id":"https:\/\/skaitytaknyga.lt\/produktas\/gyvenimo-tiesos-asmeninis-geresnio-laimingesnio-sekmingesnio-gyvenimo-kodeksas\/#breadcrumb","itemListElement":[{"@type":"ListItem","position":1,"name":"Home","item":"https:\/\/skaitytaknyga.lt\/"},{"@type":"ListItem","position":2,"name":"Parduotuv\u0117","item":"https:\/\/skaitytaknyga.lt\/knygu-parduotuve\/"},{"@type":"ListItem","position":3,"name":"Gyvenimo tiesos. Asmeninis geresnio, laimingesnio, s\u0117kmingesnio gyvenimo kodeksas"}]},{"@type":"WebSite","@id":"https:\/\/skaitytaknyga.lt\/#website","url":"https:\/\/skaitytaknyga.lt\/","name":"skaitytaknyga.lt","description":"Skaitytaknyga.lt \u2013 tai ma\u017eas \u0161eimos verslas, kuris prasid\u0117jo nuo meil\u0117s knygoms ir siekio i\u0161gelb\u0117ti knygas nuo likimo prie konteinerio. Kas vienam nereikalingas daiktas \u2013 kitam lobis, o mes esame tarpininkai, kurie padeda abiems tapti laimingesniems ???? \u017dinome kaip nelengva i\u0161gyventi ma\u017eiems verslams, tad nuo \u0161iol, \u010dia rasite ir kit\u0173, ma\u017e\u0173 \u0161eim\u0173 versl\u0173, rank\u0173 darbo, dovan\u0173 sau ir artimiesiems.","publisher":{"@id":"https:\/\/skaitytaknyga.lt\/#organization"},"potentialAction":[{"@type":"SearchAction","target":{"@type":"EntryPoint","urlTemplate":"https:\/\/skaitytaknyga.lt\/?s={search_term_string}"},"query-input":{"@type":"PropertyValueSpecification","valueRequired":true,"valueName":"search_term_string"}}],"inLanguage":"en-GB"},{"@type":"Organization","@id":"https:\/\/skaitytaknyga.lt\/#organization","name":"skaitytaknyga.lt","url":"https:\/\/skaitytaknyga.lt\/","logo":{"@type":"ImageObject","inLanguage":"en-GB","@id":"https:\/\/skaitytaknyga.lt\/#\/schema\/logo\/image\/","url":"https:\/\/skaitytaknyga.lt\/wp-content\/uploads\/2024\/05\/cropped-cropped-cropped-02_00843_jt3bggkj1j3HLc7SyY6rEUpg.jpeg","contentUrl":"https:\/\/skaitytaknyga.lt\/wp-content\/uploads\/2024\/05\/cropped-cropped-cropped-02_00843_jt3bggkj1j3HLc7SyY6rEUpg.jpeg","width":1600,"height":1600,"caption":"skaitytaknyga.lt"},"image":{"@id":"https:\/\/skaitytaknyga.lt\/#\/schema\/logo\/image\/"},"sameAs":["https:\/\/www.facebook.com\/skaitytaknyga\/"]}]}},"_links":{"self":[{"href":"https:\/\/skaitytaknyga.lt\/en\/wp-json\/wp\/v2\/product\/10637","targetHints":{"allow":["GET"]}}],"collection":[{"href":"https:\/\/skaitytaknyga.lt\/en\/wp-json\/wp\/v2\/product"}],"about":[{"href":"https:\/\/skaitytaknyga.lt\/en\/wp-json\/wp\/v2\/types\/product"}],"replies":[{"embeddable":true,"href":"https:\/\/skaitytaknyga.lt\/en\/wp-json\/wp\/v2\/comments?post=10637"}],"wp:featuredmedia":[{"embeddable":true,"href":"https:\/\/skaitytaknyga.lt\/en\/wp-json\/wp\/v2\/media\/10677"}],"wp:attachment":[{"href":"https:\/\/skaitytaknyga.lt\/en\/wp-json\/wp\/v2\/media?parent=10637"}],"wp:term":[{"taxonomy":"product_brand","embeddable":true,"href":"https:\/\/skaitytaknyga.lt\/en\/wp-json\/wp\/v2\/product_brand?post=10637"},{"taxonomy":"product_cat","embeddable":true,"href":"https:\/\/skaitytaknyga.lt\/en\/wp-json\/wp\/v2\/product_cat?post=10637"},{"taxonomy":"product_tag","embeddable":true,"href":"https:\/\/skaitytaknyga.lt\/en\/wp-json\/wp\/v2\/product_tag?post=10637"}],"curies":[{"name":"wp","href":"https:\/\/api.w.org\/{rel}","templated":true}]}}