{"id":10636,"date":"2024-05-04T19:09:09","date_gmt":"2024-05-04T19:09:09","guid":{"rendered":"https:\/\/skaitytaknyga.lt\/?post_type=product&#038;p=10636"},"modified":"2024-05-04T19:10:53","modified_gmt":"2024-05-04T19:10:53","slug":"nesciosios-vadovas-yra-demeliu","status":"publish","type":"product","link":"https:\/\/skaitytaknyga.lt\/en\/produktas\/nesciosios-vadovas-yra-demeliu\/","title":{"rendered":"N\u0117\u0161\u010diosios vadovas (Yra d\u0117meli\u0173)"},"content":{"rendered":"<div><strong>Knyga, kuria pasitiki t\u0117vai ir gydytojai<\/strong><\/p>\n<p>Atnaujintame ir papildytame \u201eN\u0117\u0161\u010diosios vadove\u201c pateikta visa reikalingiausia informacija k\u016bdikio besilaukian\u010diai moteriai ir jos \u0161eimai. \u010cia i\u0161samiai atsakoma \u012f daugel\u012f svarbiausi\u0173 klausim\u0173, kurie kasdien i\u0161kyla n\u0117\u0161\u010diajai:<\/p><\/div>\n<ul>\n<li>\n<div>n\u0117\u0161tum\u0105 patvirtinantys testai<\/div>\n<\/li>\n<li>\n<div>kaip i\u0161sirinkti n\u0117\u0161tumo eig\u0105 pri\u017ei\u016brint\u012f gydytoj\u0105 ar aku\u0161er\u0119<\/div>\n<\/li>\n<li>\n<div>n\u0117\u0161\u010diosios mitybos ypatumai<\/div>\n<\/li>\n<li>\n<div>fizinis aktyvumas ir poilsis<\/div>\n<\/li>\n<li>\n<div>n\u0117\u0161tumas ir \u017ealingi \u012fpro\u010diai<\/div>\n<\/li>\n<li>\n<div>n\u0117\u0161\u010diosios sveikatos sutrikimai<\/div>\n<\/li>\n<li>\n<div>kaip atrodo ir jau\u010diasi k\u016bdikio besilaukianti moteris ir vaisius kiekvien\u0105 n\u0117\u0161tumo m\u0117nes\u012f<\/div>\n<\/li>\n<li>\n<div>saugiausi gimdymo b\u016bdai ir cezario pj\u016bvio operacija<\/div>\n<\/li>\n<li>\n<div>dvynukai (daugiavaisis n\u0117\u0161tumas)<\/div>\n<\/li>\n<li>\n<div>kaip i\u0161gyventi nes\u0117km\u0119<\/div>\n<\/li>\n<li>\n<div>pirmosios savait\u0117s po gimdymo<\/div>\n<\/li>\n<li>\n<div>k\u016bdikio maitinimas; kod\u0117l kr\u016btimi maitinti geriau<\/div>\n<\/li>\n<li>\n<div>kuo gali pad\u0117ti t\u0117tis<\/div>\n<\/li>\n<\/ul>\n","protected":false},"excerpt":{"rendered":"<div><strong>Knyga, kuria pasitiki t\u0117vai ir gydytojai<\/strong><\/p>\n<p>Atnaujintame ir papildytame \u201eN\u0117\u0161\u010diosios vadove\u201c pateikta visa reikalingiausia informacija k\u016bdikio besilaukian\u010diai moteriai ir jos \u0161eimai. \u010cia i\u0161samiai atsakoma \u012f daugel\u012f svarbiausi\u0173 klausim\u0173, kurie kasdien i\u0161kyla n\u0117\u0161\u010diajai:<\/p><\/div>\n<ul>\n<li>\n<div>n\u0117\u0161tum\u0105 patvirtinantys testai<\/div>\n<\/li>\n<li>\n<div>kaip i\u0161sirinkti n\u0117\u0161tumo eig\u0105 pri\u017ei\u016brint\u012f gydytoj\u0105 ar aku\u0161er\u0119<\/div>\n<\/li>\n<li>\n<div>n\u0117\u0161\u010diosios mitybos ypatumai<\/div>\n<\/li>\n<li>\n<div>fizinis aktyvumas ir poilsis<\/div>\n<\/li>\n<li>\n<div>n\u0117\u0161tumas ir \u017ealingi \u012fpro\u010diai<\/div>\n<\/li>\n<li>\n<div>n\u0117\u0161\u010diosios sveikatos sutrikimai<\/div>\n<\/li>\n<li>\n<div>kaip atrodo ir jau\u010diasi k\u016bdikio besilaukianti moteris ir vaisius kiekvien\u0105 n\u0117\u0161tumo m\u0117nes\u012f<\/div>\n<\/li>\n<li>\n<div>saugiausi gimdymo b\u016bdai ir cezario pj\u016bvio operacija<\/div>\n<\/li>\n<li>\n<div>dvynukai (daugiavaisis n\u0117\u0161tumas)<\/div>\n<\/li>\n<li>\n<div>kaip i\u0161gyventi nes\u0117km\u0119<\/div>\n<\/li>\n<li>\n<div>pirmosios savait\u0117s po gimdymo<\/div>\n<\/li>\n<li>\n<div>k\u016bdikio maitinimas; kod\u0117l kr\u016btimi maitinti geriau<\/div>\n<\/li>\n<li>\n<div>kuo gali pad\u0117ti t\u0117tis<\/div>\n<\/li>\n<\/ul>\n","protected":false},"featured_media":10669,"comment_status":"closed","ping_status":"closed","template":"","meta":{"_acf_changed":false,"site-sidebar-layout":"default","site-content-layout":"","ast-site-content-layout":"default","site-content-style":"default","site-sidebar-style":"default","ast-global-header-display":"","ast-banner-title-visibility":"","ast-main-header-display":"","ast-hfb-above-header-display":"","ast-hfb-below-header-display":"","ast-hfb-mobile-header-display":"","site-post-title":"","ast-breadcrumbs-content":"","ast-featured-img":"","footer-sml-layout":"","ast-disable-related-posts":"","theme-transparent-header-meta":"","adv-header-id-meta":"","stick-header-meta":"","header-above-stick-meta":"","header-main-stick-meta":"","header-below-stick-meta":"","astra-migrate-meta-layouts":"default","ast-page-background-enabled":"default","ast-page-background-meta":{"desktop":{"background-color":"","background-image":"","background-repeat":"repeat","background-position":"center center","background-size":"auto","background-attachment":"scroll","background-type":"","background-media":"","overlay-type":"","overlay-color":"","overlay-opacity":"","overlay-gradient":""},"tablet":{"background-color":"","background-image":"","background-repeat":"repeat","background-position":"center center","background-size":"auto","background-attachment":"scroll","background-type":"","background-media":"","overlay-type":"","overlay-color":"","overlay-opacity":"","overlay-gradient":""},"mobile":{"background-color":"","background-image":"","background-repeat":"repeat","background-position":"center center","background-size":"auto","background-attachment":"scroll","background-type":"","background-media":"","overlay-type":"","overlay-color":"","overlay-opacity":"","overlay-gradient":""}},"ast-content-background-meta":{"desktop":{"background-color":"var(--ast-global-color-4)","background-image":"","background-repeat":"repeat","background-position":"center center","background-size":"auto","background-attachment":"scroll","background-type":"","background-media":"","overlay-type":"","overlay-color":"","overlay-opacity":"","overlay-gradient":""},"tablet":{"background-color":"var(--ast-global-color-4)","background-image":"","background-repeat":"repeat","background-position":"center center","background-size":"auto","background-attachment":"scroll","background-type":"","background-media":"","overlay-type":"","overlay-color":"","overlay-opacity":"","overlay-gradient":""},"mobile":{"background-color":"var(--ast-global-color-4)","background-image":"","background-repeat":"repeat","background-position":"center center","background-size":"auto","background-attachment":"scroll","background-type":"","background-media":"","overlay-type":"","overlay-color":"","overlay-opacity":"","overlay-gradient":""}}},"product_brand":[],"product_cat":[37],"product_tag":[],"class_list":{"0":"post-10636","1":"product","2":"type-product","3":"status-publish","4":"has-post-thumbnail","6":"product_cat-nestumas-ir-vaiku-prieziura-bei-auklejimas","7":"desktop-align-left","8":"tablet-align-left","9":"mobile-align-left","11":"first","12":"outofstock","13":"shipping-taxable","14":"purchasable","15":"product-type-simple"},"acf":[],"yoast_head":"<!-- This site is optimized with the Yoast SEO plugin v27.4 - https:\/\/yoast.com\/product\/yoast-seo-wordpress\/ -->\n<title>N\u0117\u0161\u010diosios vadovas (Yra d\u0117meli\u0173) - Skaitytaknyga<\/title>\n<meta name=\"description\" content=\"Knyga, kuria pasitiki t\u0117vai ir gydytojai  Atnaujintame ir papildytame \u201eN\u0117\u0161\u010diosios vadove\u201c pateikta visa reikalingiausia informacija k\u016bdikio besilaukian\u010diai moteriai ir jos \u0161eimai. \u010cia i\u0161samiai atsakoma \u012f daugel\u012f svarbiausi\u0173 klausim\u0173, kurie kasdien i\u0161kyla n\u0117\u0161\u010diajai:    n\u0117\u0161tum\u0105 patvirtinantys testai   kaip i\u0161sirinkti n\u0117\u0161tumo eig\u0105 pri\u017ei\u016brint\u012f gydytoj\u0105 ar aku\u0161er\u0119   n\u0117\u0161\u010diosios mitybos ypatumai   fizinis aktyvumas ir poilsis   n\u0117\u0161tumas ir \u017ealingi \u012fpro\u010diai   n\u0117\u0161\u010diosios sveikatos sutrikimai   kaip atrodo ir jau\u010diasi k\u016bdikio besilaukianti moteris ir vaisius kiekvien\u0105 n\u0117\u0161tumo m\u0117nes\u012f   saugiausi gimdymo b\u016bdai ir cezario pj\u016bvio operacija   dvynukai (daugiavaisis n\u0117\u0161tumas)   kaip i\u0161gyventi nes\u0117km\u0119   pirmosios savait\u0117s po gimdymo   k\u016bdikio maitinimas; kod\u0117l kr\u016btimi maitinti geriau   kuo gali pad\u0117ti t\u0117tis\" \/>\n<meta name=\"robots\" content=\"index, follow, max-snippet:-1, max-image-preview:large, max-video-preview:-1\" \/>\n<link rel=\"canonical\" href=\"https:\/\/skaitytaknyga.lt\/en\/produktas\/nesciosios-vadovas-yra-demeliu\/\" \/>\n<meta property=\"og:locale\" content=\"en_GB\" \/>\n<meta property=\"og:locale:alternate\" content=\"lt_LT\" \/>\n<meta property=\"og:type\" content=\"article\" \/>\n<meta property=\"og:title\" content=\"N\u0117\u0161\u010diosios vadovas (Yra d\u0117meli\u0173) - Skaitytaknyga\" \/>\n<meta property=\"og:description\" content=\"Knyga, kuria pasitiki t\u0117vai ir gydytojai  Atnaujintame ir papildytame \u201eN\u0117\u0161\u010diosios vadove\u201c pateikta visa reikalingiausia informacija k\u016bdikio besilaukian\u010diai moteriai ir jos \u0161eimai. \u010cia i\u0161samiai atsakoma \u012f daugel\u012f svarbiausi\u0173 klausim\u0173, kurie kasdien i\u0161kyla n\u0117\u0161\u010diajai:    n\u0117\u0161tum\u0105 patvirtinantys testai   kaip i\u0161sirinkti n\u0117\u0161tumo eig\u0105 pri\u017ei\u016brint\u012f gydytoj\u0105 ar aku\u0161er\u0119   n\u0117\u0161\u010diosios mitybos ypatumai   fizinis aktyvumas ir poilsis   n\u0117\u0161tumas ir \u017ealingi \u012fpro\u010diai   n\u0117\u0161\u010diosios sveikatos sutrikimai   kaip atrodo ir jau\u010diasi k\u016bdikio besilaukianti moteris ir vaisius kiekvien\u0105 n\u0117\u0161tumo m\u0117nes\u012f   saugiausi gimdymo b\u016bdai ir cezario pj\u016bvio operacija   dvynukai (daugiavaisis n\u0117\u0161tumas)   kaip i\u0161gyventi nes\u0117km\u0119   pirmosios savait\u0117s po gimdymo   k\u016bdikio maitinimas; kod\u0117l kr\u016btimi maitinti geriau   kuo gali pad\u0117ti t\u0117tis\" \/>\n<meta property=\"og:url\" content=\"https:\/\/skaitytaknyga.lt\/en\/produktas\/nesciosios-vadovas-yra-demeliu\/\" \/>\n<meta property=\"og:site_name\" content=\"Skaitytaknyga\" \/>\n<meta property=\"article:publisher\" content=\"https:\/\/www.facebook.com\/skaitytaknyga\/\" \/>\n<meta property=\"article:modified_time\" content=\"2024-05-04T19:10:53+00:00\" \/>\n<meta property=\"og:image\" content=\"https:\/\/skaitytaknyga.lt\/wp-content\/uploads\/2024\/05\/9789955131397-nesciosios-vadovas_1447398602.jpg\" \/>\n\t<meta property=\"og:image:width\" content=\"505\" \/>\n\t<meta property=\"og:image:height\" content=\"677\" \/>\n\t<meta property=\"og:image:type\" content=\"image\/jpeg\" \/>\n<meta name=\"twitter:card\" content=\"summary_large_image\" \/>\n<meta name=\"twitter:label1\" content=\"Estimated reading time\" \/>\n\t<meta name=\"twitter:data1\" content=\"1 minute\" \/>\n<script type=\"application\/ld+json\" class=\"yoast-schema-graph\">{\"@context\":\"https:\\\/\\\/schema.org\",\"@graph\":[{\"@type\":\"WebPage\",\"@id\":\"https:\\\/\\\/skaitytaknyga.lt\\\/produktas\\\/nesciosios-vadovas-yra-demeliu\\\/\",\"url\":\"https:\\\/\\\/skaitytaknyga.lt\\\/produktas\\\/nesciosios-vadovas-yra-demeliu\\\/\",\"name\":\"N\u0117\u0161\u010diosios vadovas (Yra d\u0117meli\u0173) - Skaitytaknyga\",\"isPartOf\":{\"@id\":\"https:\\\/\\\/skaitytaknyga.lt\\\/#website\"},\"primaryImageOfPage\":{\"@id\":\"https:\\\/\\\/skaitytaknyga.lt\\\/produktas\\\/nesciosios-vadovas-yra-demeliu\\\/#primaryimage\"},\"image\":{\"@id\":\"https:\\\/\\\/skaitytaknyga.lt\\\/produktas\\\/nesciosios-vadovas-yra-demeliu\\\/#primaryimage\"},\"thumbnailUrl\":\"https:\\\/\\\/skaitytaknyga.lt\\\/wp-content\\\/uploads\\\/2024\\\/05\\\/9789955131397-nesciosios-vadovas_1447398602.jpg\",\"datePublished\":\"2024-05-04T19:09:09+00:00\",\"dateModified\":\"2024-05-04T19:10:53+00:00\",\"description\":\"Knyga, kuria pasitiki t\u0117vai ir gydytojai Atnaujintame ir papildytame \u201eN\u0117\u0161\u010diosios vadove\u201c pateikta visa reikalingiausia informacija k\u016bdikio besilaukian\u010diai moteriai ir jos \u0161eimai. \u010cia i\u0161samiai atsakoma \u012f daugel\u012f svarbiausi\u0173 klausim\u0173, kurie kasdien i\u0161kyla n\u0117\u0161\u010diajai: n\u0117\u0161tum\u0105 patvirtinantys testai kaip i\u0161sirinkti n\u0117\u0161tumo eig\u0105 pri\u017ei\u016brint\u012f gydytoj\u0105 ar aku\u0161er\u0119 n\u0117\u0161\u010diosios mitybos ypatumai fizinis aktyvumas ir poilsis n\u0117\u0161tumas ir \u017ealingi \u012fpro\u010diai n\u0117\u0161\u010diosios sveikatos sutrikimai kaip atrodo ir jau\u010diasi k\u016bdikio besilaukianti moteris ir vaisius kiekvien\u0105 n\u0117\u0161tumo m\u0117nes\u012f saugiausi gimdymo b\u016bdai ir cezario pj\u016bvio operacija dvynukai (daugiavaisis n\u0117\u0161tumas) kaip i\u0161gyventi nes\u0117km\u0119 pirmosios savait\u0117s po gimdymo k\u016bdikio maitinimas; kod\u0117l kr\u016btimi maitinti geriau kuo gali pad\u0117ti t\u0117tis\",\"breadcrumb\":{\"@id\":\"https:\\\/\\\/skaitytaknyga.lt\\\/produktas\\\/nesciosios-vadovas-yra-demeliu\\\/#breadcrumb\"},\"inLanguage\":\"en-GB\",\"potentialAction\":[{\"@type\":\"ReadAction\",\"target\":[\"https:\\\/\\\/skaitytaknyga.lt\\\/produktas\\\/nesciosios-vadovas-yra-demeliu\\\/\"]}]},{\"@type\":\"ImageObject\",\"inLanguage\":\"en-GB\",\"@id\":\"https:\\\/\\\/skaitytaknyga.lt\\\/produktas\\\/nesciosios-vadovas-yra-demeliu\\\/#primaryimage\",\"url\":\"https:\\\/\\\/skaitytaknyga.lt\\\/wp-content\\\/uploads\\\/2024\\\/05\\\/9789955131397-nesciosios-vadovas_1447398602.jpg\",\"contentUrl\":\"https:\\\/\\\/skaitytaknyga.lt\\\/wp-content\\\/uploads\\\/2024\\\/05\\\/9789955131397-nesciosios-vadovas_1447398602.jpg\",\"width\":505,\"height\":677},{\"@type\":\"BreadcrumbList\",\"@id\":\"https:\\\/\\\/skaitytaknyga.lt\\\/produktas\\\/nesciosios-vadovas-yra-demeliu\\\/#breadcrumb\",\"itemListElement\":[{\"@type\":\"ListItem\",\"position\":1,\"name\":\"Home\",\"item\":\"https:\\\/\\\/skaitytaknyga.lt\\\/\"},{\"@type\":\"ListItem\",\"position\":2,\"name\":\"Parduotuv\u0117\",\"item\":\"https:\\\/\\\/skaitytaknyga.lt\\\/knygu-parduotuve\\\/\"},{\"@type\":\"ListItem\",\"position\":3,\"name\":\"N\u0117\u0161\u010diosios vadovas (Yra d\u0117meli\u0173)\"}]},{\"@type\":\"WebSite\",\"@id\":\"https:\\\/\\\/skaitytaknyga.lt\\\/#website\",\"url\":\"https:\\\/\\\/skaitytaknyga.lt\\\/\",\"name\":\"skaitytaknyga.lt\",\"description\":\"Skaitytaknyga.lt \u2013 tai ma\u017eas \u0161eimos verslas, kuris prasid\u0117jo nuo meil\u0117s knygoms ir siekio i\u0161gelb\u0117ti knygas nuo likimo prie konteinerio. Kas vienam nereikalingas daiktas \u2013 kitam lobis, o mes esame tarpininkai, kurie padeda abiems tapti laimingesniems ???? \u017dinome kaip nelengva i\u0161gyventi ma\u017eiems verslams, tad nuo \u0161iol, \u010dia rasite ir kit\u0173, ma\u017e\u0173 \u0161eim\u0173 versl\u0173, rank\u0173 darbo, dovan\u0173 sau ir artimiesiems.\",\"publisher\":{\"@id\":\"https:\\\/\\\/skaitytaknyga.lt\\\/#organization\"},\"potentialAction\":[{\"@type\":\"SearchAction\",\"target\":{\"@type\":\"EntryPoint\",\"urlTemplate\":\"https:\\\/\\\/skaitytaknyga.lt\\\/?s={search_term_string}\"},\"query-input\":{\"@type\":\"PropertyValueSpecification\",\"valueRequired\":true,\"valueName\":\"search_term_string\"}}],\"inLanguage\":\"en-GB\"},{\"@type\":\"Organization\",\"@id\":\"https:\\\/\\\/skaitytaknyga.lt\\\/#organization\",\"name\":\"skaitytaknyga.lt\",\"url\":\"https:\\\/\\\/skaitytaknyga.lt\\\/\",\"logo\":{\"@type\":\"ImageObject\",\"inLanguage\":\"en-GB\",\"@id\":\"https:\\\/\\\/skaitytaknyga.lt\\\/#\\\/schema\\\/logo\\\/image\\\/\",\"url\":\"https:\\\/\\\/skaitytaknyga.lt\\\/wp-content\\\/uploads\\\/2024\\\/05\\\/cropped-cropped-cropped-02_00843_jt3bggkj1j3HLc7SyY6rEUpg.jpeg\",\"contentUrl\":\"https:\\\/\\\/skaitytaknyga.lt\\\/wp-content\\\/uploads\\\/2024\\\/05\\\/cropped-cropped-cropped-02_00843_jt3bggkj1j3HLc7SyY6rEUpg.jpeg\",\"width\":1600,\"height\":1600,\"caption\":\"skaitytaknyga.lt\"},\"image\":{\"@id\":\"https:\\\/\\\/skaitytaknyga.lt\\\/#\\\/schema\\\/logo\\\/image\\\/\"},\"sameAs\":[\"https:\\\/\\\/www.facebook.com\\\/skaitytaknyga\\\/\"]}]}<\/script>\n<!-- \/ Yoast SEO plugin. -->","yoast_head_json":{"title":"N\u0117\u0161\u010diosios vadovas (Yra d\u0117meli\u0173) - Skaitytaknyga","description":"Knyga, kuria pasitiki t\u0117vai ir gydytojai  Atnaujintame ir papildytame \u201eN\u0117\u0161\u010diosios vadove\u201c pateikta visa reikalingiausia informacija k\u016bdikio besilaukian\u010diai moteriai ir jos \u0161eimai. \u010cia i\u0161samiai atsakoma \u012f daugel\u012f svarbiausi\u0173 klausim\u0173, kurie kasdien i\u0161kyla n\u0117\u0161\u010diajai:    n\u0117\u0161tum\u0105 patvirtinantys testai   kaip i\u0161sirinkti n\u0117\u0161tumo eig\u0105 pri\u017ei\u016brint\u012f gydytoj\u0105 ar aku\u0161er\u0119   n\u0117\u0161\u010diosios mitybos ypatumai   fizinis aktyvumas ir poilsis   n\u0117\u0161tumas ir \u017ealingi \u012fpro\u010diai   n\u0117\u0161\u010diosios sveikatos sutrikimai   kaip atrodo ir jau\u010diasi k\u016bdikio besilaukianti moteris ir vaisius kiekvien\u0105 n\u0117\u0161tumo m\u0117nes\u012f   saugiausi gimdymo b\u016bdai ir cezario pj\u016bvio operacija   dvynukai (daugiavaisis n\u0117\u0161tumas)   kaip i\u0161gyventi nes\u0117km\u0119   pirmosios savait\u0117s po gimdymo   k\u016bdikio maitinimas; kod\u0117l kr\u016btimi maitinti geriau   kuo gali pad\u0117ti t\u0117tis","robots":{"index":"index","follow":"follow","max-snippet":"max-snippet:-1","max-image-preview":"max-image-preview:large","max-video-preview":"max-video-preview:-1"},"canonical":"https:\/\/skaitytaknyga.lt\/en\/produktas\/nesciosios-vadovas-yra-demeliu\/","og_locale":"en_GB","og_type":"article","og_title":"N\u0117\u0161\u010diosios vadovas (Yra d\u0117meli\u0173) - Skaitytaknyga","og_description":"Knyga, kuria pasitiki t\u0117vai ir gydytojai  Atnaujintame ir papildytame \u201eN\u0117\u0161\u010diosios vadove\u201c pateikta visa reikalingiausia informacija k\u016bdikio besilaukian\u010diai moteriai ir jos \u0161eimai. \u010cia i\u0161samiai atsakoma \u012f daugel\u012f svarbiausi\u0173 klausim\u0173, kurie kasdien i\u0161kyla n\u0117\u0161\u010diajai:    n\u0117\u0161tum\u0105 patvirtinantys testai   kaip i\u0161sirinkti n\u0117\u0161tumo eig\u0105 pri\u017ei\u016brint\u012f gydytoj\u0105 ar aku\u0161er\u0119   n\u0117\u0161\u010diosios mitybos ypatumai   fizinis aktyvumas ir poilsis   n\u0117\u0161tumas ir \u017ealingi \u012fpro\u010diai   n\u0117\u0161\u010diosios sveikatos sutrikimai   kaip atrodo ir jau\u010diasi k\u016bdikio besilaukianti moteris ir vaisius kiekvien\u0105 n\u0117\u0161tumo m\u0117nes\u012f   saugiausi gimdymo b\u016bdai ir cezario pj\u016bvio operacija   dvynukai (daugiavaisis n\u0117\u0161tumas)   kaip i\u0161gyventi nes\u0117km\u0119   pirmosios savait\u0117s po gimdymo   k\u016bdikio maitinimas; kod\u0117l kr\u016btimi maitinti geriau   kuo gali pad\u0117ti t\u0117tis","og_url":"https:\/\/skaitytaknyga.lt\/en\/produktas\/nesciosios-vadovas-yra-demeliu\/","og_site_name":"Skaitytaknyga","article_publisher":"https:\/\/www.facebook.com\/skaitytaknyga\/","article_modified_time":"2024-05-04T19:10:53+00:00","og_image":[{"width":505,"height":677,"url":"https:\/\/skaitytaknyga.lt\/wp-content\/uploads\/2024\/05\/9789955131397-nesciosios-vadovas_1447398602.jpg","type":"image\/jpeg"}],"twitter_card":"summary_large_image","twitter_misc":{"Estimated reading time":"1 minute"},"schema":{"@context":"https:\/\/schema.org","@graph":[{"@type":"WebPage","@id":"https:\/\/skaitytaknyga.lt\/produktas\/nesciosios-vadovas-yra-demeliu\/","url":"https:\/\/skaitytaknyga.lt\/produktas\/nesciosios-vadovas-yra-demeliu\/","name":"N\u0117\u0161\u010diosios vadovas (Yra d\u0117meli\u0173) - Skaitytaknyga","isPartOf":{"@id":"https:\/\/skaitytaknyga.lt\/#website"},"primaryImageOfPage":{"@id":"https:\/\/skaitytaknyga.lt\/produktas\/nesciosios-vadovas-yra-demeliu\/#primaryimage"},"image":{"@id":"https:\/\/skaitytaknyga.lt\/produktas\/nesciosios-vadovas-yra-demeliu\/#primaryimage"},"thumbnailUrl":"https:\/\/skaitytaknyga.lt\/wp-content\/uploads\/2024\/05\/9789955131397-nesciosios-vadovas_1447398602.jpg","datePublished":"2024-05-04T19:09:09+00:00","dateModified":"2024-05-04T19:10:53+00:00","description":"Knyga, kuria pasitiki t\u0117vai ir gydytojai Atnaujintame ir papildytame \u201eN\u0117\u0161\u010diosios vadove\u201c pateikta visa reikalingiausia informacija k\u016bdikio besilaukian\u010diai moteriai ir jos \u0161eimai. \u010cia i\u0161samiai atsakoma \u012f daugel\u012f svarbiausi\u0173 klausim\u0173, kurie kasdien i\u0161kyla n\u0117\u0161\u010diajai: n\u0117\u0161tum\u0105 patvirtinantys testai kaip i\u0161sirinkti n\u0117\u0161tumo eig\u0105 pri\u017ei\u016brint\u012f gydytoj\u0105 ar aku\u0161er\u0119 n\u0117\u0161\u010diosios mitybos ypatumai fizinis aktyvumas ir poilsis n\u0117\u0161tumas ir \u017ealingi \u012fpro\u010diai n\u0117\u0161\u010diosios sveikatos sutrikimai kaip atrodo ir jau\u010diasi k\u016bdikio besilaukianti moteris ir vaisius kiekvien\u0105 n\u0117\u0161tumo m\u0117nes\u012f saugiausi gimdymo b\u016bdai ir cezario pj\u016bvio operacija dvynukai (daugiavaisis n\u0117\u0161tumas) kaip i\u0161gyventi nes\u0117km\u0119 pirmosios savait\u0117s po gimdymo k\u016bdikio maitinimas; kod\u0117l kr\u016btimi maitinti geriau kuo gali pad\u0117ti t\u0117tis","breadcrumb":{"@id":"https:\/\/skaitytaknyga.lt\/produktas\/nesciosios-vadovas-yra-demeliu\/#breadcrumb"},"inLanguage":"en-GB","potentialAction":[{"@type":"ReadAction","target":["https:\/\/skaitytaknyga.lt\/produktas\/nesciosios-vadovas-yra-demeliu\/"]}]},{"@type":"ImageObject","inLanguage":"en-GB","@id":"https:\/\/skaitytaknyga.lt\/produktas\/nesciosios-vadovas-yra-demeliu\/#primaryimage","url":"https:\/\/skaitytaknyga.lt\/wp-content\/uploads\/2024\/05\/9789955131397-nesciosios-vadovas_1447398602.jpg","contentUrl":"https:\/\/skaitytaknyga.lt\/wp-content\/uploads\/2024\/05\/9789955131397-nesciosios-vadovas_1447398602.jpg","width":505,"height":677},{"@type":"BreadcrumbList","@id":"https:\/\/skaitytaknyga.lt\/produktas\/nesciosios-vadovas-yra-demeliu\/#breadcrumb","itemListElement":[{"@type":"ListItem","position":1,"name":"Home","item":"https:\/\/skaitytaknyga.lt\/"},{"@type":"ListItem","position":2,"name":"Parduotuv\u0117","item":"https:\/\/skaitytaknyga.lt\/knygu-parduotuve\/"},{"@type":"ListItem","position":3,"name":"N\u0117\u0161\u010diosios vadovas (Yra d\u0117meli\u0173)"}]},{"@type":"WebSite","@id":"https:\/\/skaitytaknyga.lt\/#website","url":"https:\/\/skaitytaknyga.lt\/","name":"skaitytaknyga.lt","description":"Skaitytaknyga.lt \u2013 tai ma\u017eas \u0161eimos verslas, kuris prasid\u0117jo nuo meil\u0117s knygoms ir siekio i\u0161gelb\u0117ti knygas nuo likimo prie konteinerio. Kas vienam nereikalingas daiktas \u2013 kitam lobis, o mes esame tarpininkai, kurie padeda abiems tapti laimingesniems ???? \u017dinome kaip nelengva i\u0161gyventi ma\u017eiems verslams, tad nuo \u0161iol, \u010dia rasite ir kit\u0173, ma\u017e\u0173 \u0161eim\u0173 versl\u0173, rank\u0173 darbo, dovan\u0173 sau ir artimiesiems.","publisher":{"@id":"https:\/\/skaitytaknyga.lt\/#organization"},"potentialAction":[{"@type":"SearchAction","target":{"@type":"EntryPoint","urlTemplate":"https:\/\/skaitytaknyga.lt\/?s={search_term_string}"},"query-input":{"@type":"PropertyValueSpecification","valueRequired":true,"valueName":"search_term_string"}}],"inLanguage":"en-GB"},{"@type":"Organization","@id":"https:\/\/skaitytaknyga.lt\/#organization","name":"skaitytaknyga.lt","url":"https:\/\/skaitytaknyga.lt\/","logo":{"@type":"ImageObject","inLanguage":"en-GB","@id":"https:\/\/skaitytaknyga.lt\/#\/schema\/logo\/image\/","url":"https:\/\/skaitytaknyga.lt\/wp-content\/uploads\/2024\/05\/cropped-cropped-cropped-02_00843_jt3bggkj1j3HLc7SyY6rEUpg.jpeg","contentUrl":"https:\/\/skaitytaknyga.lt\/wp-content\/uploads\/2024\/05\/cropped-cropped-cropped-02_00843_jt3bggkj1j3HLc7SyY6rEUpg.jpeg","width":1600,"height":1600,"caption":"skaitytaknyga.lt"},"image":{"@id":"https:\/\/skaitytaknyga.lt\/#\/schema\/logo\/image\/"},"sameAs":["https:\/\/www.facebook.com\/skaitytaknyga\/"]}]}},"_links":{"self":[{"href":"https:\/\/skaitytaknyga.lt\/en\/wp-json\/wp\/v2\/product\/10636","targetHints":{"allow":["GET"]}}],"collection":[{"href":"https:\/\/skaitytaknyga.lt\/en\/wp-json\/wp\/v2\/product"}],"about":[{"href":"https:\/\/skaitytaknyga.lt\/en\/wp-json\/wp\/v2\/types\/product"}],"replies":[{"embeddable":true,"href":"https:\/\/skaitytaknyga.lt\/en\/wp-json\/wp\/v2\/comments?post=10636"}],"wp:featuredmedia":[{"embeddable":true,"href":"https:\/\/skaitytaknyga.lt\/en\/wp-json\/wp\/v2\/media\/10669"}],"wp:attachment":[{"href":"https:\/\/skaitytaknyga.lt\/en\/wp-json\/wp\/v2\/media?parent=10636"}],"wp:term":[{"taxonomy":"product_brand","embeddable":true,"href":"https:\/\/skaitytaknyga.lt\/en\/wp-json\/wp\/v2\/product_brand?post=10636"},{"taxonomy":"product_cat","embeddable":true,"href":"https:\/\/skaitytaknyga.lt\/en\/wp-json\/wp\/v2\/product_cat?post=10636"},{"taxonomy":"product_tag","embeddable":true,"href":"https:\/\/skaitytaknyga.lt\/en\/wp-json\/wp\/v2\/product_tag?post=10636"}],"curies":[{"name":"wp","href":"https:\/\/api.w.org\/{rel}","templated":true}]}}