{"id":10635,"date":"2024-05-04T19:09:09","date_gmt":"2024-05-04T19:09:09","guid":{"rendered":"https:\/\/skaitytaknyga.lt\/?post_type=product&#038;p=10635"},"modified":"2026-03-18T10:59:05","modified_gmt":"2026-03-18T08:59:05","slug":"algimantas-cekuolis-musu-slaptieji-ir-dramblys-bute","status":"publish","type":"product","link":"https:\/\/skaitytaknyga.lt\/en\/produktas\/algimantas-cekuolis-musu-slaptieji-ir-dramblys-bute\/","title":{"rendered":"M\u016bs\u0173 slaptieji ir dramblys bute"},"content":{"rendered":"<p>Joks karas neb\u016bna pana\u0161us \u012f ankstesn\u012f. Viename apkasai ir kavalerija, kitame \u2013 jau tankai ir aviacija. Dar v\u0117liau lazeriai ir zvimbaliai. \u017dmon\u0117s genial\u016bs, visada sugalvos, kaip gudriau u\u017emu\u0161ti vienam kit\u0105.<\/p>\n<p>Tokio karo kaip Afganistane irgi iki \u0161iol nebuvo. Jo negalima laim\u0117ti.\u00a0 Bet ir nesiekiama laim\u0117ti tradicine prasme \u2013 u\u017egrobti teritorij\u0105, valdyti \u0161al\u012f. Ten ginamos \u017emogi\u0161kosios vertyb\u0117s. Kartais jos ginamos nerangiai ir nevykusiai. O k\u0105 padarysi?<\/p>\n<p>Algimantui \u010cekuoliui tai a\u0161tuntas karas, kur\u012f jis vienaip ar kitaip steb\u0117jo. Jis pirmasis, gal\u0117j\u0119s pasi\u017ei\u016br\u0117ti \u012f karo Afganistane mechanizm\u0105 ir net \u012f slapt\u0173j\u0173 kariuomen\u0117s dalini\u0173 darb\u0105. Apie tai para\u0161\u0117 \u0161ioje knygoje \u2013 nieko negindamas, nieko nesmerkdamas. Taip, kaip yra.<\/p>\n<p>Susir\u016bpinusiam pasauliu skaitytojui knygoje yra dar 40 tem\u0173. Pasaul\u012f ap\u0117musi finans\u0173 kar\u0161tin\u0117. Pasmerkta nedarbui arba laikiniems darbams jaunoji karta. \u0160iurp\u016bs, bet ma\u017eai \u017einomi nesenos praeities faktai. Netelpan\u010dios \u012f \u012fprastus r\u0117mus m\u016bs\u0173 dien\u0173 \u0161eimos problemos. Gri\u016bvantys mitai. Mokyklos be vadov\u0117li\u0173 \u2013 visiems mokytojams reik\u0117s keistis. Yra net vyno ir alaus istorija.<\/p>\n","protected":false},"excerpt":{"rendered":"<p>Joks karas neb\u016bna pana\u0161us \u012f ankstesn\u012f. Viename apkasai ir kavalerija, kitame \u2013 jau tankai ir aviacija. Dar v\u0117liau lazeriai ir zvimbaliai. \u017dmon\u0117s genial\u016bs, visada sugalvos, kaip gudriau u\u017emu\u0161ti vienam kit\u0105.<\/p>\n<p>Tokio karo kaip Afganistane irgi iki \u0161iol nebuvo. Jo negalima laim\u0117ti.\u00a0 Bet ir nesiekiama laim\u0117ti tradicine prasme \u2013 u\u017egrobti teritorij\u0105, valdyti \u0161al\u012f. Ten ginamos \u017emogi\u0161kosios vertyb\u0117s. Kartais jos ginamos nerangiai ir nevykusiai. O k\u0105 padarysi?<\/p>\n<p>Algimantui \u010cekuoliui tai a\u0161tuntas karas, kur\u012f jis vienaip ar kitaip steb\u0117jo. Jis pirmasis, gal\u0117j\u0119s pasi\u017ei\u016br\u0117ti \u012f karo Afganistane mechanizm\u0105 ir net \u012f slapt\u0173j\u0173 kariuomen\u0117s dalini\u0173 darb\u0105. Apie tai para\u0161\u0117 \u0161ioje knygoje \u2013 nieko negindamas, nieko nesmerkdamas. Taip, kaip yra.<\/p>\n<p>Susir\u016bpinusiam pasauliu skaitytojui knygoje yra dar 40 tem\u0173. Pasaul\u012f ap\u0117musi finans\u0173 kar\u0161tin\u0117. Pasmerkta nedarbui arba laikiniems darbams jaunoji karta. \u0160iurp\u016bs, bet ma\u017eai \u017einomi nesenos praeities faktai. Netelpan\u010dios \u012f \u012fprastus r\u0117mus m\u016bs\u0173 dien\u0173 \u0161eimos problemos. Gri\u016bvantys mitai. Mokyklos be vadov\u0117li\u0173 \u2013 visiems mokytojams reik\u0117s keistis. Yra net vyno ir alaus istorija.<\/p>\n","protected":false},"featured_media":10668,"comment_status":"closed","ping_status":"closed","template":"","meta":{"_acf_changed":false,"site-sidebar-layout":"default","site-content-layout":"","ast-site-content-layout":"default","site-content-style":"default","site-sidebar-style":"default","ast-global-header-display":"","ast-banner-title-visibility":"","ast-main-header-display":"","ast-hfb-above-header-display":"","ast-hfb-below-header-display":"","ast-hfb-mobile-header-display":"","site-post-title":"","ast-breadcrumbs-content":"","ast-featured-img":"","footer-sml-layout":"","ast-disable-related-posts":"","theme-transparent-header-meta":"","adv-header-id-meta":"","stick-header-meta":"","header-above-stick-meta":"","header-main-stick-meta":"","header-below-stick-meta":"","astra-migrate-meta-layouts":"default","ast-page-background-enabled":"default","ast-page-background-meta":{"desktop":{"background-color":"","background-image":"","background-repeat":"repeat","background-position":"center center","background-size":"auto","background-attachment":"scroll","background-type":"","background-media":"","overlay-type":"","overlay-color":"","overlay-opacity":"","overlay-gradient":""},"tablet":{"background-color":"","background-image":"","background-repeat":"repeat","background-position":"center center","background-size":"auto","background-attachment":"scroll","background-type":"","background-media":"","overlay-type":"","overlay-color":"","overlay-opacity":"","overlay-gradient":""},"mobile":{"background-color":"","background-image":"","background-repeat":"repeat","background-position":"center center","background-size":"auto","background-attachment":"scroll","background-type":"","background-media":"","overlay-type":"","overlay-color":"","overlay-opacity":"","overlay-gradient":""}},"ast-content-background-meta":{"desktop":{"background-color":"var(--ast-global-color-4)","background-image":"","background-repeat":"repeat","background-position":"center center","background-size":"auto","background-attachment":"scroll","background-type":"","background-media":"","overlay-type":"","overlay-color":"","overlay-opacity":"","overlay-gradient":""},"tablet":{"background-color":"var(--ast-global-color-4)","background-image":"","background-repeat":"repeat","background-position":"center center","background-size":"auto","background-attachment":"scroll","background-type":"","background-media":"","overlay-type":"","overlay-color":"","overlay-opacity":"","overlay-gradient":""},"mobile":{"background-color":"var(--ast-global-color-4)","background-image":"","background-repeat":"repeat","background-position":"center center","background-size":"auto","background-attachment":"scroll","background-type":"","background-media":"","overlay-type":"","overlay-color":"","overlay-opacity":"","overlay-gradient":""}}},"product_brand":[],"product_cat":[9590],"product_tag":[],"class_list":{"0":"post-10635","1":"product","2":"type-product","3":"status-publish","4":"has-post-thumbnail","6":"product_cat-lietuviu-literatura","7":"desktop-align-left","8":"tablet-align-left","9":"mobile-align-left","11":"first","12":"outofstock","13":"shipping-taxable","14":"purchasable","15":"product-type-simple"},"acf":[],"yoast_head":"<!-- This site is optimized with the Yoast SEO plugin v27.4 - https:\/\/yoast.com\/product\/yoast-seo-wordpress\/ -->\n<title>M\u016bs\u0173 slaptieji ir dramblys bute<\/title>\n<meta name=\"description\" content=\"Joks karas neb\u016bna pana\u0161us \u012f ankstesn\u012f. Viename apkasai ir kavalerija, kitame \u2013 jau tankai ir aviacija. Dar v\u0117liau lazeriai ir zvimbaliai. \u017dmon\u0117s genial\u016bs, visada sugalvos, kaip gudriau u\u017emu\u0161ti vienam kit\u0105.  Tokio karo kaip Afganistane irgi iki \u0161iol nebuvo. Jo negalima laim\u0117ti.\u00a0 Bet ir nesiekiama laim\u0117ti tradicine prasme \u2013 u\u017egrobti teritorij\u0105, valdyti \u0161al\u012f. Ten ginamos \u017emogi\u0161kosios vertyb\u0117s. Kartais jos ginamos nerangiai ir nevykusiai. O k\u0105 padarysi?  Algimantui \u010cekuoliui tai a\u0161tuntas karas, kur\u012f jis vienaip ar kitaip steb\u0117jo. Jis pirmasis, gal\u0117j\u0119s pasi\u017ei\u016br\u0117ti \u012f karo Afganistane mechanizm\u0105 ir net \u012f slapt\u0173j\u0173 kariuomen\u0117s dalini\u0173 darb\u0105. Apie tai para\u0161\u0117 \u0161ioje knygoje \u2013 nieko negindamas, nieko nesmerkdamas. Taip, kaip yra.  Susir\u016bpinusiam pasauliu skaitytojui knygoje yra dar 40 tem\u0173. Pasaul\u012f ap\u0117musi finans\u0173 kar\u0161tin\u0117. Pasmerkta nedarbui arba laikiniems darbams jaunoji karta. \u0160iurp\u016bs, bet ma\u017eai \u017einomi nesenos praeities faktai. Netelpan\u010dios \u012f \u012fprastus r\u0117mus m\u016bs\u0173 dien\u0173 \u0161eimos problemos. Gri\u016bvantys mitai. Mokyklos be vadov\u0117li\u0173 \u2013 visiems mokytojams reik\u0117s keistis. Yra net vyno ir alaus istorija.\" \/>\n<meta name=\"robots\" content=\"index, follow, max-snippet:-1, max-image-preview:large, max-video-preview:-1\" \/>\n<link rel=\"canonical\" href=\"https:\/\/skaitytaknyga.lt\/en\/produktas\/algimantas-cekuolis-musu-slaptieji-ir-dramblys-bute\/\" \/>\n<meta property=\"og:locale\" content=\"en_GB\" \/>\n<meta property=\"og:locale:alternate\" content=\"lt_LT\" \/>\n<meta property=\"og:type\" content=\"article\" \/>\n<meta property=\"og:title\" content=\"M\u016bs\u0173 slaptieji ir dramblys bute\" \/>\n<meta property=\"og:description\" content=\"Joks karas neb\u016bna pana\u0161us \u012f ankstesn\u012f. Viename apkasai ir kavalerija, kitame \u2013 jau tankai ir aviacija. Dar v\u0117liau lazeriai ir zvimbaliai. \u017dmon\u0117s genial\u016bs, visada sugalvos, kaip gudriau u\u017emu\u0161ti vienam kit\u0105.  Tokio karo kaip Afganistane irgi iki \u0161iol nebuvo. Jo negalima laim\u0117ti.\u00a0 Bet ir nesiekiama laim\u0117ti tradicine prasme \u2013 u\u017egrobti teritorij\u0105, valdyti \u0161al\u012f. Ten ginamos \u017emogi\u0161kosios vertyb\u0117s. Kartais jos ginamos nerangiai ir nevykusiai. O k\u0105 padarysi?  Algimantui \u010cekuoliui tai a\u0161tuntas karas, kur\u012f jis vienaip ar kitaip steb\u0117jo. Jis pirmasis, gal\u0117j\u0119s pasi\u017ei\u016br\u0117ti \u012f karo Afganistane mechanizm\u0105 ir net \u012f slapt\u0173j\u0173 kariuomen\u0117s dalini\u0173 darb\u0105. Apie tai para\u0161\u0117 \u0161ioje knygoje \u2013 nieko negindamas, nieko nesmerkdamas. Taip, kaip yra.  Susir\u016bpinusiam pasauliu skaitytojui knygoje yra dar 40 tem\u0173. Pasaul\u012f ap\u0117musi finans\u0173 kar\u0161tin\u0117. Pasmerkta nedarbui arba laikiniems darbams jaunoji karta. \u0160iurp\u016bs, bet ma\u017eai \u017einomi nesenos praeities faktai. Netelpan\u010dios \u012f \u012fprastus r\u0117mus m\u016bs\u0173 dien\u0173 \u0161eimos problemos. Gri\u016bvantys mitai. Mokyklos be vadov\u0117li\u0173 \u2013 visiems mokytojams reik\u0117s keistis. Yra net vyno ir alaus istorija.\" \/>\n<meta property=\"og:url\" content=\"https:\/\/skaitytaknyga.lt\/en\/produktas\/algimantas-cekuolis-musu-slaptieji-ir-dramblys-bute\/\" \/>\n<meta property=\"og:site_name\" content=\"Skaitytaknyga\" \/>\n<meta property=\"article:publisher\" content=\"https:\/\/www.facebook.com\/skaitytaknyga\/\" \/>\n<meta property=\"article:modified_time\" content=\"2026-03-18T08:59:05+00:00\" \/>\n<meta property=\"og:image\" content=\"https:\/\/skaitytaknyga.lt\/wp-content\/uploads\/2024\/05\/Be-pavadinimo-2-3.png\" \/>\n\t<meta property=\"og:image:width\" content=\"378\" \/>\n\t<meta property=\"og:image:height\" content=\"572\" \/>\n\t<meta property=\"og:image:type\" content=\"image\/png\" \/>\n<meta name=\"twitter:card\" content=\"summary_large_image\" \/>\n<meta name=\"twitter:label1\" content=\"Estimated reading time\" \/>\n\t<meta name=\"twitter:data1\" content=\"1 minute\" \/>\n<script type=\"application\/ld+json\" class=\"yoast-schema-graph\">{\"@context\":\"https:\\\/\\\/schema.org\",\"@graph\":[{\"@type\":\"WebPage\",\"@id\":\"https:\\\/\\\/skaitytaknyga.lt\\\/produktas\\\/algimantas-cekuolis-musu-slaptieji-ir-dramblys-bute\\\/\",\"url\":\"https:\\\/\\\/skaitytaknyga.lt\\\/produktas\\\/algimantas-cekuolis-musu-slaptieji-ir-dramblys-bute\\\/\",\"name\":\"M\u016bs\u0173 slaptieji ir dramblys bute\",\"isPartOf\":{\"@id\":\"https:\\\/\\\/skaitytaknyga.lt\\\/#website\"},\"primaryImageOfPage\":{\"@id\":\"https:\\\/\\\/skaitytaknyga.lt\\\/produktas\\\/algimantas-cekuolis-musu-slaptieji-ir-dramblys-bute\\\/#primaryimage\"},\"image\":{\"@id\":\"https:\\\/\\\/skaitytaknyga.lt\\\/produktas\\\/algimantas-cekuolis-musu-slaptieji-ir-dramblys-bute\\\/#primaryimage\"},\"thumbnailUrl\":\"https:\\\/\\\/skaitytaknyga.lt\\\/wp-content\\\/uploads\\\/2024\\\/05\\\/Be-pavadinimo-2-3.png\",\"datePublished\":\"2024-05-04T19:09:09+00:00\",\"dateModified\":\"2026-03-18T08:59:05+00:00\",\"description\":\"Joks karas neb\u016bna pana\u0161us \u012f ankstesn\u012f. Viename apkasai ir kavalerija, kitame \u2013 jau tankai ir aviacija. Dar v\u0117liau lazeriai ir zvimbaliai. \u017dmon\u0117s genial\u016bs, visada sugalvos, kaip gudriau u\u017emu\u0161ti vienam kit\u0105. Tokio karo kaip Afganistane irgi iki \u0161iol nebuvo. Jo negalima laim\u0117ti.\u00a0 Bet ir nesiekiama laim\u0117ti tradicine prasme \u2013 u\u017egrobti teritorij\u0105, valdyti \u0161al\u012f. Ten ginamos \u017emogi\u0161kosios vertyb\u0117s. Kartais jos ginamos nerangiai ir nevykusiai. O k\u0105 padarysi? Algimantui \u010cekuoliui tai a\u0161tuntas karas, kur\u012f jis vienaip ar kitaip steb\u0117jo. Jis pirmasis, gal\u0117j\u0119s pasi\u017ei\u016br\u0117ti \u012f karo Afganistane mechanizm\u0105 ir net \u012f slapt\u0173j\u0173 kariuomen\u0117s dalini\u0173 darb\u0105. Apie tai para\u0161\u0117 \u0161ioje knygoje \u2013 nieko negindamas, nieko nesmerkdamas. Taip, kaip yra. Susir\u016bpinusiam pasauliu skaitytojui knygoje yra dar 40 tem\u0173. Pasaul\u012f ap\u0117musi finans\u0173 kar\u0161tin\u0117. Pasmerkta nedarbui arba laikiniems darbams jaunoji karta. \u0160iurp\u016bs, bet ma\u017eai \u017einomi nesenos praeities faktai. Netelpan\u010dios \u012f \u012fprastus r\u0117mus m\u016bs\u0173 dien\u0173 \u0161eimos problemos. Gri\u016bvantys mitai. Mokyklos be vadov\u0117li\u0173 \u2013 visiems mokytojams reik\u0117s keistis. Yra net vyno ir alaus istorija.\",\"breadcrumb\":{\"@id\":\"https:\\\/\\\/skaitytaknyga.lt\\\/produktas\\\/algimantas-cekuolis-musu-slaptieji-ir-dramblys-bute\\\/#breadcrumb\"},\"inLanguage\":\"en-GB\",\"potentialAction\":[{\"@type\":\"ReadAction\",\"target\":[\"https:\\\/\\\/skaitytaknyga.lt\\\/produktas\\\/algimantas-cekuolis-musu-slaptieji-ir-dramblys-bute\\\/\"]}]},{\"@type\":\"ImageObject\",\"inLanguage\":\"en-GB\",\"@id\":\"https:\\\/\\\/skaitytaknyga.lt\\\/produktas\\\/algimantas-cekuolis-musu-slaptieji-ir-dramblys-bute\\\/#primaryimage\",\"url\":\"https:\\\/\\\/skaitytaknyga.lt\\\/wp-content\\\/uploads\\\/2024\\\/05\\\/Be-pavadinimo-2-3.png\",\"contentUrl\":\"https:\\\/\\\/skaitytaknyga.lt\\\/wp-content\\\/uploads\\\/2024\\\/05\\\/Be-pavadinimo-2-3.png\",\"width\":378,\"height\":572},{\"@type\":\"BreadcrumbList\",\"@id\":\"https:\\\/\\\/skaitytaknyga.lt\\\/produktas\\\/algimantas-cekuolis-musu-slaptieji-ir-dramblys-bute\\\/#breadcrumb\",\"itemListElement\":[{\"@type\":\"ListItem\",\"position\":1,\"name\":\"Home\",\"item\":\"https:\\\/\\\/skaitytaknyga.lt\\\/\"},{\"@type\":\"ListItem\",\"position\":2,\"name\":\"Parduotuv\u0117\",\"item\":\"https:\\\/\\\/skaitytaknyga.lt\\\/knygu-parduotuve\\\/\"},{\"@type\":\"ListItem\",\"position\":3,\"name\":\"M\u016bs\u0173 slaptieji ir dramblys bute\"}]},{\"@type\":\"WebSite\",\"@id\":\"https:\\\/\\\/skaitytaknyga.lt\\\/#website\",\"url\":\"https:\\\/\\\/skaitytaknyga.lt\\\/\",\"name\":\"skaitytaknyga.lt\",\"description\":\"Skaitytaknyga.lt \u2013 tai ma\u017eas \u0161eimos verslas, kuris prasid\u0117jo nuo meil\u0117s knygoms ir siekio i\u0161gelb\u0117ti knygas nuo likimo prie konteinerio. Kas vienam nereikalingas daiktas \u2013 kitam lobis, o mes esame tarpininkai, kurie padeda abiems tapti laimingesniems ???? \u017dinome kaip nelengva i\u0161gyventi ma\u017eiems verslams, tad nuo \u0161iol, \u010dia rasite ir kit\u0173, ma\u017e\u0173 \u0161eim\u0173 versl\u0173, rank\u0173 darbo, dovan\u0173 sau ir artimiesiems.\",\"publisher\":{\"@id\":\"https:\\\/\\\/skaitytaknyga.lt\\\/#organization\"},\"potentialAction\":[{\"@type\":\"SearchAction\",\"target\":{\"@type\":\"EntryPoint\",\"urlTemplate\":\"https:\\\/\\\/skaitytaknyga.lt\\\/?s={search_term_string}\"},\"query-input\":{\"@type\":\"PropertyValueSpecification\",\"valueRequired\":true,\"valueName\":\"search_term_string\"}}],\"inLanguage\":\"en-GB\"},{\"@type\":\"Organization\",\"@id\":\"https:\\\/\\\/skaitytaknyga.lt\\\/#organization\",\"name\":\"skaitytaknyga.lt\",\"url\":\"https:\\\/\\\/skaitytaknyga.lt\\\/\",\"logo\":{\"@type\":\"ImageObject\",\"inLanguage\":\"en-GB\",\"@id\":\"https:\\\/\\\/skaitytaknyga.lt\\\/#\\\/schema\\\/logo\\\/image\\\/\",\"url\":\"https:\\\/\\\/skaitytaknyga.lt\\\/wp-content\\\/uploads\\\/2024\\\/05\\\/cropped-cropped-cropped-02_00843_jt3bggkj1j3HLc7SyY6rEUpg.jpeg\",\"contentUrl\":\"https:\\\/\\\/skaitytaknyga.lt\\\/wp-content\\\/uploads\\\/2024\\\/05\\\/cropped-cropped-cropped-02_00843_jt3bggkj1j3HLc7SyY6rEUpg.jpeg\",\"width\":1600,\"height\":1600,\"caption\":\"skaitytaknyga.lt\"},\"image\":{\"@id\":\"https:\\\/\\\/skaitytaknyga.lt\\\/#\\\/schema\\\/logo\\\/image\\\/\"},\"sameAs\":[\"https:\\\/\\\/www.facebook.com\\\/skaitytaknyga\\\/\"]}]}<\/script>\n<!-- \/ Yoast SEO plugin. -->","yoast_head_json":{"title":"M\u016bs\u0173 slaptieji ir dramblys bute","description":"Joks karas neb\u016bna pana\u0161us \u012f ankstesn\u012f. Viename apkasai ir kavalerija, kitame \u2013 jau tankai ir aviacija. Dar v\u0117liau lazeriai ir zvimbaliai. \u017dmon\u0117s genial\u016bs, visada sugalvos, kaip gudriau u\u017emu\u0161ti vienam kit\u0105.  Tokio karo kaip Afganistane irgi iki \u0161iol nebuvo. Jo negalima laim\u0117ti.\u00a0 Bet ir nesiekiama laim\u0117ti tradicine prasme \u2013 u\u017egrobti teritorij\u0105, valdyti \u0161al\u012f. Ten ginamos \u017emogi\u0161kosios vertyb\u0117s. Kartais jos ginamos nerangiai ir nevykusiai. O k\u0105 padarysi?  Algimantui \u010cekuoliui tai a\u0161tuntas karas, kur\u012f jis vienaip ar kitaip steb\u0117jo. Jis pirmasis, gal\u0117j\u0119s pasi\u017ei\u016br\u0117ti \u012f karo Afganistane mechanizm\u0105 ir net \u012f slapt\u0173j\u0173 kariuomen\u0117s dalini\u0173 darb\u0105. Apie tai para\u0161\u0117 \u0161ioje knygoje \u2013 nieko negindamas, nieko nesmerkdamas. Taip, kaip yra.  Susir\u016bpinusiam pasauliu skaitytojui knygoje yra dar 40 tem\u0173. Pasaul\u012f ap\u0117musi finans\u0173 kar\u0161tin\u0117. Pasmerkta nedarbui arba laikiniems darbams jaunoji karta. \u0160iurp\u016bs, bet ma\u017eai \u017einomi nesenos praeities faktai. Netelpan\u010dios \u012f \u012fprastus r\u0117mus m\u016bs\u0173 dien\u0173 \u0161eimos problemos. Gri\u016bvantys mitai. Mokyklos be vadov\u0117li\u0173 \u2013 visiems mokytojams reik\u0117s keistis. Yra net vyno ir alaus istorija.","robots":{"index":"index","follow":"follow","max-snippet":"max-snippet:-1","max-image-preview":"max-image-preview:large","max-video-preview":"max-video-preview:-1"},"canonical":"https:\/\/skaitytaknyga.lt\/en\/produktas\/algimantas-cekuolis-musu-slaptieji-ir-dramblys-bute\/","og_locale":"en_GB","og_type":"article","og_title":"[:lt]M\u016bs\u0173 slaptieji ir dramblys bute[:] - Skaitytaknyga","og_description":"Joks karas neb\u016bna pana\u0161us \u012f ankstesn\u012f. Viename apkasai ir kavalerija, kitame \u2013 jau tankai ir aviacija. Dar v\u0117liau lazeriai ir zvimbaliai. \u017dmon\u0117s genial\u016bs, visada sugalvos, kaip gudriau u\u017emu\u0161ti vienam kit\u0105.  Tokio karo kaip Afganistane irgi iki \u0161iol nebuvo. Jo negalima laim\u0117ti.\u00a0 Bet ir nesiekiama laim\u0117ti tradicine prasme \u2013 u\u017egrobti teritorij\u0105, valdyti \u0161al\u012f. Ten ginamos \u017emogi\u0161kosios vertyb\u0117s. Kartais jos ginamos nerangiai ir nevykusiai. O k\u0105 padarysi?  Algimantui \u010cekuoliui tai a\u0161tuntas karas, kur\u012f jis vienaip ar kitaip steb\u0117jo. Jis pirmasis, gal\u0117j\u0119s pasi\u017ei\u016br\u0117ti \u012f karo Afganistane mechanizm\u0105 ir net \u012f slapt\u0173j\u0173 kariuomen\u0117s dalini\u0173 darb\u0105. Apie tai para\u0161\u0117 \u0161ioje knygoje \u2013 nieko negindamas, nieko nesmerkdamas. Taip, kaip yra.  Susir\u016bpinusiam pasauliu skaitytojui knygoje yra dar 40 tem\u0173. Pasaul\u012f ap\u0117musi finans\u0173 kar\u0161tin\u0117. Pasmerkta nedarbui arba laikiniems darbams jaunoji karta. \u0160iurp\u016bs, bet ma\u017eai \u017einomi nesenos praeities faktai. Netelpan\u010dios \u012f \u012fprastus r\u0117mus m\u016bs\u0173 dien\u0173 \u0161eimos problemos. Gri\u016bvantys mitai. Mokyklos be vadov\u0117li\u0173 \u2013 visiems mokytojams reik\u0117s keistis. Yra net vyno ir alaus istorija.","og_url":"https:\/\/skaitytaknyga.lt\/en\/produktas\/algimantas-cekuolis-musu-slaptieji-ir-dramblys-bute\/","og_site_name":"Skaitytaknyga","article_publisher":"https:\/\/www.facebook.com\/skaitytaknyga\/","article_modified_time":"2026-03-18T08:59:05+00:00","og_image":[{"width":378,"height":572,"url":"https:\/\/skaitytaknyga.lt\/wp-content\/uploads\/2024\/05\/Be-pavadinimo-2-3.png","type":"image\/png"}],"twitter_card":"summary_large_image","twitter_misc":{"Estimated reading time":"1 minute"},"schema":{"@context":"https:\/\/schema.org","@graph":[{"@type":"WebPage","@id":"https:\/\/skaitytaknyga.lt\/produktas\/algimantas-cekuolis-musu-slaptieji-ir-dramblys-bute\/","url":"https:\/\/skaitytaknyga.lt\/produktas\/algimantas-cekuolis-musu-slaptieji-ir-dramblys-bute\/","name":"M\u016bs\u0173 slaptieji ir dramblys bute","isPartOf":{"@id":"https:\/\/skaitytaknyga.lt\/#website"},"primaryImageOfPage":{"@id":"https:\/\/skaitytaknyga.lt\/produktas\/algimantas-cekuolis-musu-slaptieji-ir-dramblys-bute\/#primaryimage"},"image":{"@id":"https:\/\/skaitytaknyga.lt\/produktas\/algimantas-cekuolis-musu-slaptieji-ir-dramblys-bute\/#primaryimage"},"thumbnailUrl":"https:\/\/skaitytaknyga.lt\/wp-content\/uploads\/2024\/05\/Be-pavadinimo-2-3.png","datePublished":"2024-05-04T19:09:09+00:00","dateModified":"2026-03-18T08:59:05+00:00","description":"Joks karas neb\u016bna pana\u0161us \u012f ankstesn\u012f. Viename apkasai ir kavalerija, kitame \u2013 jau tankai ir aviacija. Dar v\u0117liau lazeriai ir zvimbaliai. \u017dmon\u0117s genial\u016bs, visada sugalvos, kaip gudriau u\u017emu\u0161ti vienam kit\u0105. Tokio karo kaip Afganistane irgi iki \u0161iol nebuvo. Jo negalima laim\u0117ti.\u00a0 Bet ir nesiekiama laim\u0117ti tradicine prasme \u2013 u\u017egrobti teritorij\u0105, valdyti \u0161al\u012f. Ten ginamos \u017emogi\u0161kosios vertyb\u0117s. Kartais jos ginamos nerangiai ir nevykusiai. O k\u0105 padarysi? Algimantui \u010cekuoliui tai a\u0161tuntas karas, kur\u012f jis vienaip ar kitaip steb\u0117jo. Jis pirmasis, gal\u0117j\u0119s pasi\u017ei\u016br\u0117ti \u012f karo Afganistane mechanizm\u0105 ir net \u012f slapt\u0173j\u0173 kariuomen\u0117s dalini\u0173 darb\u0105. Apie tai para\u0161\u0117 \u0161ioje knygoje \u2013 nieko negindamas, nieko nesmerkdamas. Taip, kaip yra. Susir\u016bpinusiam pasauliu skaitytojui knygoje yra dar 40 tem\u0173. Pasaul\u012f ap\u0117musi finans\u0173 kar\u0161tin\u0117. Pasmerkta nedarbui arba laikiniems darbams jaunoji karta. \u0160iurp\u016bs, bet ma\u017eai \u017einomi nesenos praeities faktai. Netelpan\u010dios \u012f \u012fprastus r\u0117mus m\u016bs\u0173 dien\u0173 \u0161eimos problemos. Gri\u016bvantys mitai. Mokyklos be vadov\u0117li\u0173 \u2013 visiems mokytojams reik\u0117s keistis. Yra net vyno ir alaus istorija.","breadcrumb":{"@id":"https:\/\/skaitytaknyga.lt\/produktas\/algimantas-cekuolis-musu-slaptieji-ir-dramblys-bute\/#breadcrumb"},"inLanguage":"en-GB","potentialAction":[{"@type":"ReadAction","target":["https:\/\/skaitytaknyga.lt\/produktas\/algimantas-cekuolis-musu-slaptieji-ir-dramblys-bute\/"]}]},{"@type":"ImageObject","inLanguage":"en-GB","@id":"https:\/\/skaitytaknyga.lt\/produktas\/algimantas-cekuolis-musu-slaptieji-ir-dramblys-bute\/#primaryimage","url":"https:\/\/skaitytaknyga.lt\/wp-content\/uploads\/2024\/05\/Be-pavadinimo-2-3.png","contentUrl":"https:\/\/skaitytaknyga.lt\/wp-content\/uploads\/2024\/05\/Be-pavadinimo-2-3.png","width":378,"height":572},{"@type":"BreadcrumbList","@id":"https:\/\/skaitytaknyga.lt\/produktas\/algimantas-cekuolis-musu-slaptieji-ir-dramblys-bute\/#breadcrumb","itemListElement":[{"@type":"ListItem","position":1,"name":"Home","item":"https:\/\/skaitytaknyga.lt\/"},{"@type":"ListItem","position":2,"name":"Parduotuv\u0117","item":"https:\/\/skaitytaknyga.lt\/knygu-parduotuve\/"},{"@type":"ListItem","position":3,"name":"M\u016bs\u0173 slaptieji ir dramblys bute"}]},{"@type":"WebSite","@id":"https:\/\/skaitytaknyga.lt\/#website","url":"https:\/\/skaitytaknyga.lt\/","name":"skaitytaknyga.lt","description":"Skaitytaknyga.lt \u2013 tai ma\u017eas \u0161eimos verslas, kuris prasid\u0117jo nuo meil\u0117s knygoms ir siekio i\u0161gelb\u0117ti knygas nuo likimo prie konteinerio. Kas vienam nereikalingas daiktas \u2013 kitam lobis, o mes esame tarpininkai, kurie padeda abiems tapti laimingesniems ???? \u017dinome kaip nelengva i\u0161gyventi ma\u017eiems verslams, tad nuo \u0161iol, \u010dia rasite ir kit\u0173, ma\u017e\u0173 \u0161eim\u0173 versl\u0173, rank\u0173 darbo, dovan\u0173 sau ir artimiesiems.","publisher":{"@id":"https:\/\/skaitytaknyga.lt\/#organization"},"potentialAction":[{"@type":"SearchAction","target":{"@type":"EntryPoint","urlTemplate":"https:\/\/skaitytaknyga.lt\/?s={search_term_string}"},"query-input":{"@type":"PropertyValueSpecification","valueRequired":true,"valueName":"search_term_string"}}],"inLanguage":"en-GB"},{"@type":"Organization","@id":"https:\/\/skaitytaknyga.lt\/#organization","name":"skaitytaknyga.lt","url":"https:\/\/skaitytaknyga.lt\/","logo":{"@type":"ImageObject","inLanguage":"en-GB","@id":"https:\/\/skaitytaknyga.lt\/#\/schema\/logo\/image\/","url":"https:\/\/skaitytaknyga.lt\/wp-content\/uploads\/2024\/05\/cropped-cropped-cropped-02_00843_jt3bggkj1j3HLc7SyY6rEUpg.jpeg","contentUrl":"https:\/\/skaitytaknyga.lt\/wp-content\/uploads\/2024\/05\/cropped-cropped-cropped-02_00843_jt3bggkj1j3HLc7SyY6rEUpg.jpeg","width":1600,"height":1600,"caption":"skaitytaknyga.lt"},"image":{"@id":"https:\/\/skaitytaknyga.lt\/#\/schema\/logo\/image\/"},"sameAs":["https:\/\/www.facebook.com\/skaitytaknyga\/"]}]}},"_links":{"self":[{"href":"https:\/\/skaitytaknyga.lt\/en\/wp-json\/wp\/v2\/product\/10635","targetHints":{"allow":["GET"]}}],"collection":[{"href":"https:\/\/skaitytaknyga.lt\/en\/wp-json\/wp\/v2\/product"}],"about":[{"href":"https:\/\/skaitytaknyga.lt\/en\/wp-json\/wp\/v2\/types\/product"}],"replies":[{"embeddable":true,"href":"https:\/\/skaitytaknyga.lt\/en\/wp-json\/wp\/v2\/comments?post=10635"}],"wp:featuredmedia":[{"embeddable":true,"href":"https:\/\/skaitytaknyga.lt\/en\/wp-json\/wp\/v2\/media\/10668"}],"wp:attachment":[{"href":"https:\/\/skaitytaknyga.lt\/en\/wp-json\/wp\/v2\/media?parent=10635"}],"wp:term":[{"taxonomy":"product_brand","embeddable":true,"href":"https:\/\/skaitytaknyga.lt\/en\/wp-json\/wp\/v2\/product_brand?post=10635"},{"taxonomy":"product_cat","embeddable":true,"href":"https:\/\/skaitytaknyga.lt\/en\/wp-json\/wp\/v2\/product_cat?post=10635"},{"taxonomy":"product_tag","embeddable":true,"href":"https:\/\/skaitytaknyga.lt\/en\/wp-json\/wp\/v2\/product_tag?post=10635"}],"curies":[{"name":"wp","href":"https:\/\/api.w.org\/{rel}","templated":true}]}}