{"id":10621,"date":"2024-05-04T19:08:30","date_gmt":"2024-05-04T19:08:30","guid":{"rendered":"https:\/\/skaitytaknyga.lt\/?post_type=product&#038;p=10621"},"modified":"2025-04-29T08:01:27","modified_gmt":"2025-04-29T05:01:27","slug":"marissa-meyer-menulio-kronikos-skarleta","status":"publish","type":"product","link":"https:\/\/skaitytaknyga.lt\/en\/produktas\/marissa-meyer-menulio-kronikos-skarleta\/","title":{"rendered":"M\u0117nulio kronikos. Skarleta"},"content":{"rendered":"<p>Lunos \u0161e\u0161\u0117liui apgaubus vis\u0105 \u017dem\u0119, likimas suveda Sind\u0119 ir Skarlet\u0105&#8230;<\/p>\n<p>\u012e kal\u0117jim\u0105 u\u017edaryta Sind\u0117 bet kokia kaina pasiry\u017eusi i\u0161tr\u016bkti i\u0161 \u0161ios baisios vietos \u2013 nors ir \u017eino, kad s\u0117km\u0117s atveju taps ie\u0161komiausia b\u0117gle.<\/p>\n<p>Tuo pa\u010diu metu kitoje pasaulio pus\u0117je prapuol\u0117 Skarletos senel\u0117. Skarleta sutinka Vilk\u0105, gatv\u0117s kovotoj\u0105, galb\u016bt galint\u012f pad\u0117ti rasti senel\u0119. I\u0161 prad\u017ei\u0173 ji nelinkusi pasitik\u0117ti \u0161iuo nepa\u017e\u012fstamu \u017emogumi, ta\u010diau nepaai\u0161kinama j\u0117ga traukia j\u0105 prie jo, o j\u012f \u2013 prie jos. Vilkas ir Skarleta nugali daugyb\u0119 kli\u016b\u010di\u0173, ta\u010diau sutikus Sind\u0119 j\u0173 laukia nauja u\u017eduotis. Dabar jie turi veikti drauge ir u\u017eb\u0117gti u\u017e aki\u0173 \u017eiauriajai Lunos karalienei Levanai, kuri padarys bet k\u0105, kad tik \u0161aunusis princas Kajus tapt\u0173 jos vyru, jos karaliumi, jos belaisviu.<\/p>\n<p>Dar viena beproti\u0161ka kelion\u0117 su Marissa Meyer, nuvesianti jus \u012f fantastikos pasaul\u012f, kupin\u0105 pavoj\u0173, intrig\u0173 ir meil\u0117s.<\/p>\n","protected":false},"excerpt":{"rendered":"<p>Lunos \u0161e\u0161\u0117liui apgaubus vis\u0105 \u017dem\u0119, likimas suveda Sind\u0119 ir Skarlet\u0105&#8230;<\/p>\n<p>\u012e kal\u0117jim\u0105 u\u017edaryta Sind\u0117 bet kokia kaina pasiry\u017eusi i\u0161tr\u016bkti i\u0161 \u0161ios baisios vietos \u2013 nors ir \u017eino, kad s\u0117km\u0117s atveju taps ie\u0161komiausia b\u0117gle.<\/p>\n<p>Tuo pa\u010diu metu kitoje pasaulio pus\u0117je prapuol\u0117 Skarletos senel\u0117. Skarleta sutinka Vilk\u0105, gatv\u0117s kovotoj\u0105, galb\u016bt galint\u012f pad\u0117ti rasti senel\u0119. I\u0161 prad\u017ei\u0173 ji nelinkusi pasitik\u0117ti \u0161iuo nepa\u017e\u012fstamu \u017emogumi, ta\u010diau nepaai\u0161kinama j\u0117ga traukia j\u0105 prie jo, o j\u012f \u2013 prie jos. Vilkas ir Skarleta nugali daugyb\u0119 kli\u016b\u010di\u0173, ta\u010diau sutikus Sind\u0119 j\u0173 laukia nauja u\u017eduotis. Dabar jie turi veikti drauge ir u\u017eb\u0117gti u\u017e aki\u0173 \u017eiauriajai Lunos karalienei Levanai, kuri padarys bet k\u0105, kad tik \u0161aunusis princas Kajus tapt\u0173 jos vyru, jos karaliumi, jos belaisviu.<\/p>\n<p>Dar viena beproti\u0161ka kelion\u0117 su Marissa Meyer, nuvesianti jus \u012f fantastikos pasaul\u012f, kupin\u0105 pavoj\u0173, intrig\u0173 ir meil\u0117s.<\/p>\n","protected":false},"featured_media":10655,"comment_status":"closed","ping_status":"closed","template":"","meta":{"_acf_changed":false,"site-sidebar-layout":"default","site-content-layout":"","ast-site-content-layout":"default","site-content-style":"default","site-sidebar-style":"default","ast-global-header-display":"","ast-banner-title-visibility":"","ast-main-header-display":"","ast-hfb-above-header-display":"","ast-hfb-below-header-display":"","ast-hfb-mobile-header-display":"","site-post-title":"","ast-breadcrumbs-content":"","ast-featured-img":"","footer-sml-layout":"","ast-disable-related-posts":"","theme-transparent-header-meta":"","adv-header-id-meta":"","stick-header-meta":"","header-above-stick-meta":"","header-main-stick-meta":"","header-below-stick-meta":"","astra-migrate-meta-layouts":"default","ast-page-background-enabled":"default","ast-page-background-meta":{"desktop":{"background-color":"","background-image":"","background-repeat":"repeat","background-position":"center center","background-size":"auto","background-attachment":"scroll","background-type":"","background-media":"","overlay-type":"","overlay-color":"","overlay-opacity":"","overlay-gradient":""},"tablet":{"background-color":"","background-image":"","background-repeat":"repeat","background-position":"center center","background-size":"auto","background-attachment":"scroll","background-type":"","background-media":"","overlay-type":"","overlay-color":"","overlay-opacity":"","overlay-gradient":""},"mobile":{"background-color":"","background-image":"","background-repeat":"repeat","background-position":"center center","background-size":"auto","background-attachment":"scroll","background-type":"","background-media":"","overlay-type":"","overlay-color":"","overlay-opacity":"","overlay-gradient":""}},"ast-content-background-meta":{"desktop":{"background-color":"var(--ast-global-color-4)","background-image":"","background-repeat":"repeat","background-position":"center center","background-size":"auto","background-attachment":"scroll","background-type":"","background-media":"","overlay-type":"","overlay-color":"","overlay-opacity":"","overlay-gradient":""},"tablet":{"background-color":"var(--ast-global-color-4)","background-image":"","background-repeat":"repeat","background-position":"center center","background-size":"auto","background-attachment":"scroll","background-type":"","background-media":"","overlay-type":"","overlay-color":"","overlay-opacity":"","overlay-gradient":""},"mobile":{"background-color":"var(--ast-global-color-4)","background-image":"","background-repeat":"repeat","background-position":"center center","background-size":"auto","background-attachment":"scroll","background-type":"","background-media":"","overlay-type":"","overlay-color":"","overlay-opacity":"","overlay-gradient":""}}},"product_brand":[],"product_cat":[31,35],"product_tag":[],"class_list":{"0":"post-10621","1":"product","2":"type-product","3":"status-publish","4":"has-post-thumbnail","6":"product_cat-grozine-literatura","7":"product_cat-vaikams-ir-paaugliams","8":"desktop-align-left","9":"tablet-align-left","10":"mobile-align-left","12":"first","13":"instock","14":"shipping-taxable","15":"purchasable","16":"product-type-simple"},"acf":[],"yoast_head":"<!-- This site is optimized with the Yoast SEO plugin v27.4 - https:\/\/yoast.com\/product\/yoast-seo-wordpress\/ -->\n<title>M\u0117nulio kronikos. Skarleta<\/title>\n<meta name=\"description\" content=\"Lunos \u0161e\u0161\u0117liui apgaubus vis\u0105 \u017dem\u0119, likimas suveda Sind\u0119 ir Skarlet\u0105...  \u012e kal\u0117jim\u0105 u\u017edaryta Sind\u0117 bet kokia kaina pasiry\u017eusi i\u0161tr\u016bkti i\u0161 \u0161ios baisios vietos \u2013 nors ir \u017eino, kad s\u0117km\u0117s atveju taps ie\u0161komiausia b\u0117gle.  Tuo pa\u010diu metu kitoje pasaulio pus\u0117je prapuol\u0117 Skarletos senel\u0117. Skarleta sutinka Vilk\u0105, gatv\u0117s kovotoj\u0105, galb\u016bt galint\u012f pad\u0117ti rasti senel\u0119. I\u0161 prad\u017ei\u0173 ji nelinkusi pasitik\u0117ti \u0161iuo nepa\u017e\u012fstamu \u017emogumi, ta\u010diau nepaai\u0161kinama j\u0117ga traukia j\u0105 prie jo, o j\u012f \u2013 prie jos. Vilkas ir Skarleta nugali daugyb\u0119 kli\u016b\u010di\u0173, ta\u010diau sutikus Sind\u0119 j\u0173 laukia nauja u\u017eduotis. Dabar jie turi veikti drauge ir u\u017eb\u0117gti u\u017e aki\u0173 \u017eiauriajai Lunos karalienei Levanai, kuri padarys bet k\u0105, kad tik \u0161aunusis princas Kajus tapt\u0173 jos vyru, jos karaliumi, jos belaisviu.  Dar viena beproti\u0161ka kelion\u0117 su Marissa Meyer, nuvesianti jus \u012f fantastikos pasaul\u012f, kupin\u0105 pavoj\u0173, intrig\u0173 ir meil\u0117s.\" \/>\n<meta name=\"robots\" content=\"index, follow, max-snippet:-1, max-image-preview:large, max-video-preview:-1\" \/>\n<link rel=\"canonical\" href=\"https:\/\/skaitytaknyga.lt\/en\/produktas\/marissa-meyer-menulio-kronikos-skarleta\/\" \/>\n<meta property=\"og:locale\" content=\"en_GB\" \/>\n<meta property=\"og:locale:alternate\" content=\"lt_LT\" \/>\n<meta property=\"og:type\" content=\"article\" \/>\n<meta property=\"og:title\" content=\"M\u0117nulio kronikos. Skarleta\" \/>\n<meta property=\"og:description\" content=\"Lunos \u0161e\u0161\u0117liui apgaubus vis\u0105 \u017dem\u0119, likimas suveda Sind\u0119 ir Skarlet\u0105...  \u012e kal\u0117jim\u0105 u\u017edaryta Sind\u0117 bet kokia kaina pasiry\u017eusi i\u0161tr\u016bkti i\u0161 \u0161ios baisios vietos \u2013 nors ir \u017eino, kad s\u0117km\u0117s atveju taps ie\u0161komiausia b\u0117gle.  Tuo pa\u010diu metu kitoje pasaulio pus\u0117je prapuol\u0117 Skarletos senel\u0117. Skarleta sutinka Vilk\u0105, gatv\u0117s kovotoj\u0105, galb\u016bt galint\u012f pad\u0117ti rasti senel\u0119. I\u0161 prad\u017ei\u0173 ji nelinkusi pasitik\u0117ti \u0161iuo nepa\u017e\u012fstamu \u017emogumi, ta\u010diau nepaai\u0161kinama j\u0117ga traukia j\u0105 prie jo, o j\u012f \u2013 prie jos. Vilkas ir Skarleta nugali daugyb\u0119 kli\u016b\u010di\u0173, ta\u010diau sutikus Sind\u0119 j\u0173 laukia nauja u\u017eduotis. Dabar jie turi veikti drauge ir u\u017eb\u0117gti u\u017e aki\u0173 \u017eiauriajai Lunos karalienei Levanai, kuri padarys bet k\u0105, kad tik \u0161aunusis princas Kajus tapt\u0173 jos vyru, jos karaliumi, jos belaisviu.  Dar viena beproti\u0161ka kelion\u0117 su Marissa Meyer, nuvesianti jus \u012f fantastikos pasaul\u012f, kupin\u0105 pavoj\u0173, intrig\u0173 ir meil\u0117s.\" \/>\n<meta property=\"og:url\" content=\"https:\/\/skaitytaknyga.lt\/en\/produktas\/marissa-meyer-menulio-kronikos-skarleta\/\" \/>\n<meta property=\"og:site_name\" content=\"Skaitytaknyga\" \/>\n<meta property=\"article:publisher\" content=\"https:\/\/www.facebook.com\/skaitytaknyga\/\" \/>\n<meta property=\"article:modified_time\" content=\"2025-04-29T05:01:27+00:00\" \/>\n<meta property=\"og:image\" content=\"https:\/\/skaitytaknyga.lt\/wp-content\/uploads\/2024\/05\/000000000001110776-59de87159fd71-asset-knyguklubas-cdb_skarleta_p1.webp\" \/>\n\t<meta property=\"og:image:width\" content=\"285\" \/>\n\t<meta property=\"og:image:height\" content=\"425\" \/>\n\t<meta property=\"og:image:type\" content=\"image\/webp\" \/>\n<meta name=\"twitter:card\" content=\"summary_large_image\" \/>\n<meta name=\"twitter:label1\" content=\"Estimated reading time\" \/>\n\t<meta name=\"twitter:data1\" content=\"1 minute\" \/>\n<script type=\"application\/ld+json\" class=\"yoast-schema-graph\">{\"@context\":\"https:\\\/\\\/schema.org\",\"@graph\":[{\"@type\":\"WebPage\",\"@id\":\"https:\\\/\\\/skaitytaknyga.lt\\\/produktas\\\/marissa-meyer-menulio-kronikos-skarleta\\\/\",\"url\":\"https:\\\/\\\/skaitytaknyga.lt\\\/produktas\\\/marissa-meyer-menulio-kronikos-skarleta\\\/\",\"name\":\"M\u0117nulio kronikos. Skarleta\",\"isPartOf\":{\"@id\":\"https:\\\/\\\/skaitytaknyga.lt\\\/#website\"},\"primaryImageOfPage\":{\"@id\":\"https:\\\/\\\/skaitytaknyga.lt\\\/produktas\\\/marissa-meyer-menulio-kronikos-skarleta\\\/#primaryimage\"},\"image\":{\"@id\":\"https:\\\/\\\/skaitytaknyga.lt\\\/produktas\\\/marissa-meyer-menulio-kronikos-skarleta\\\/#primaryimage\"},\"thumbnailUrl\":\"https:\\\/\\\/skaitytaknyga.lt\\\/wp-content\\\/uploads\\\/2024\\\/05\\\/000000000001110776-59de87159fd71-asset-knyguklubas-cdb_skarleta_p1.webp\",\"datePublished\":\"2024-05-04T19:08:30+00:00\",\"dateModified\":\"2025-04-29T05:01:27+00:00\",\"description\":\"Lunos \u0161e\u0161\u0117liui apgaubus vis\u0105 \u017dem\u0119, likimas suveda Sind\u0119 ir Skarlet\u0105... \u012e kal\u0117jim\u0105 u\u017edaryta Sind\u0117 bet kokia kaina pasiry\u017eusi i\u0161tr\u016bkti i\u0161 \u0161ios baisios vietos \u2013 nors ir \u017eino, kad s\u0117km\u0117s atveju taps ie\u0161komiausia b\u0117gle. Tuo pa\u010diu metu kitoje pasaulio pus\u0117je prapuol\u0117 Skarletos senel\u0117. Skarleta sutinka Vilk\u0105, gatv\u0117s kovotoj\u0105, galb\u016bt galint\u012f pad\u0117ti rasti senel\u0119. I\u0161 prad\u017ei\u0173 ji nelinkusi pasitik\u0117ti \u0161iuo nepa\u017e\u012fstamu \u017emogumi, ta\u010diau nepaai\u0161kinama j\u0117ga traukia j\u0105 prie jo, o j\u012f \u2013 prie jos. Vilkas ir Skarleta nugali daugyb\u0119 kli\u016b\u010di\u0173, ta\u010diau sutikus Sind\u0119 j\u0173 laukia nauja u\u017eduotis. Dabar jie turi veikti drauge ir u\u017eb\u0117gti u\u017e aki\u0173 \u017eiauriajai Lunos karalienei Levanai, kuri padarys bet k\u0105, kad tik \u0161aunusis princas Kajus tapt\u0173 jos vyru, jos karaliumi, jos belaisviu. Dar viena beproti\u0161ka kelion\u0117 su Marissa Meyer, nuvesianti jus \u012f fantastikos pasaul\u012f, kupin\u0105 pavoj\u0173, intrig\u0173 ir meil\u0117s.\",\"breadcrumb\":{\"@id\":\"https:\\\/\\\/skaitytaknyga.lt\\\/produktas\\\/marissa-meyer-menulio-kronikos-skarleta\\\/#breadcrumb\"},\"inLanguage\":\"en-GB\",\"potentialAction\":[{\"@type\":\"ReadAction\",\"target\":[\"https:\\\/\\\/skaitytaknyga.lt\\\/produktas\\\/marissa-meyer-menulio-kronikos-skarleta\\\/\"]}]},{\"@type\":\"ImageObject\",\"inLanguage\":\"en-GB\",\"@id\":\"https:\\\/\\\/skaitytaknyga.lt\\\/produktas\\\/marissa-meyer-menulio-kronikos-skarleta\\\/#primaryimage\",\"url\":\"https:\\\/\\\/skaitytaknyga.lt\\\/wp-content\\\/uploads\\\/2024\\\/05\\\/000000000001110776-59de87159fd71-asset-knyguklubas-cdb_skarleta_p1.webp\",\"contentUrl\":\"https:\\\/\\\/skaitytaknyga.lt\\\/wp-content\\\/uploads\\\/2024\\\/05\\\/000000000001110776-59de87159fd71-asset-knyguklubas-cdb_skarleta_p1.webp\",\"width\":285,\"height\":425},{\"@type\":\"BreadcrumbList\",\"@id\":\"https:\\\/\\\/skaitytaknyga.lt\\\/produktas\\\/marissa-meyer-menulio-kronikos-skarleta\\\/#breadcrumb\",\"itemListElement\":[{\"@type\":\"ListItem\",\"position\":1,\"name\":\"Home\",\"item\":\"https:\\\/\\\/skaitytaknyga.lt\\\/\"},{\"@type\":\"ListItem\",\"position\":2,\"name\":\"Parduotuv\u0117\",\"item\":\"https:\\\/\\\/skaitytaknyga.lt\\\/knygu-parduotuve\\\/\"},{\"@type\":\"ListItem\",\"position\":3,\"name\":\"M\u0117nulio kronikos. Skarleta\"}]},{\"@type\":\"WebSite\",\"@id\":\"https:\\\/\\\/skaitytaknyga.lt\\\/#website\",\"url\":\"https:\\\/\\\/skaitytaknyga.lt\\\/\",\"name\":\"skaitytaknyga.lt\",\"description\":\"Skaitytaknyga.lt \u2013 tai ma\u017eas \u0161eimos verslas, kuris prasid\u0117jo nuo meil\u0117s knygoms ir siekio i\u0161gelb\u0117ti knygas nuo likimo prie konteinerio. Kas vienam nereikalingas daiktas \u2013 kitam lobis, o mes esame tarpininkai, kurie padeda abiems tapti laimingesniems ???? \u017dinome kaip nelengva i\u0161gyventi ma\u017eiems verslams, tad nuo \u0161iol, \u010dia rasite ir kit\u0173, ma\u017e\u0173 \u0161eim\u0173 versl\u0173, rank\u0173 darbo, dovan\u0173 sau ir artimiesiems.\",\"publisher\":{\"@id\":\"https:\\\/\\\/skaitytaknyga.lt\\\/#organization\"},\"potentialAction\":[{\"@type\":\"SearchAction\",\"target\":{\"@type\":\"EntryPoint\",\"urlTemplate\":\"https:\\\/\\\/skaitytaknyga.lt\\\/?s={search_term_string}\"},\"query-input\":{\"@type\":\"PropertyValueSpecification\",\"valueRequired\":true,\"valueName\":\"search_term_string\"}}],\"inLanguage\":\"en-GB\"},{\"@type\":\"Organization\",\"@id\":\"https:\\\/\\\/skaitytaknyga.lt\\\/#organization\",\"name\":\"skaitytaknyga.lt\",\"url\":\"https:\\\/\\\/skaitytaknyga.lt\\\/\",\"logo\":{\"@type\":\"ImageObject\",\"inLanguage\":\"en-GB\",\"@id\":\"https:\\\/\\\/skaitytaknyga.lt\\\/#\\\/schema\\\/logo\\\/image\\\/\",\"url\":\"https:\\\/\\\/skaitytaknyga.lt\\\/wp-content\\\/uploads\\\/2024\\\/05\\\/cropped-cropped-cropped-02_00843_jt3bggkj1j3HLc7SyY6rEUpg.jpeg\",\"contentUrl\":\"https:\\\/\\\/skaitytaknyga.lt\\\/wp-content\\\/uploads\\\/2024\\\/05\\\/cropped-cropped-cropped-02_00843_jt3bggkj1j3HLc7SyY6rEUpg.jpeg\",\"width\":1600,\"height\":1600,\"caption\":\"skaitytaknyga.lt\"},\"image\":{\"@id\":\"https:\\\/\\\/skaitytaknyga.lt\\\/#\\\/schema\\\/logo\\\/image\\\/\"},\"sameAs\":[\"https:\\\/\\\/www.facebook.com\\\/skaitytaknyga\\\/\"]}]}<\/script>\n<!-- \/ Yoast SEO plugin. -->","yoast_head_json":{"title":"M\u0117nulio kronikos. Skarleta","description":"Lunos \u0161e\u0161\u0117liui apgaubus vis\u0105 \u017dem\u0119, likimas suveda Sind\u0119 ir Skarlet\u0105...  \u012e kal\u0117jim\u0105 u\u017edaryta Sind\u0117 bet kokia kaina pasiry\u017eusi i\u0161tr\u016bkti i\u0161 \u0161ios baisios vietos \u2013 nors ir \u017eino, kad s\u0117km\u0117s atveju taps ie\u0161komiausia b\u0117gle.  Tuo pa\u010diu metu kitoje pasaulio pus\u0117je prapuol\u0117 Skarletos senel\u0117. Skarleta sutinka Vilk\u0105, gatv\u0117s kovotoj\u0105, galb\u016bt galint\u012f pad\u0117ti rasti senel\u0119. I\u0161 prad\u017ei\u0173 ji nelinkusi pasitik\u0117ti \u0161iuo nepa\u017e\u012fstamu \u017emogumi, ta\u010diau nepaai\u0161kinama j\u0117ga traukia j\u0105 prie jo, o j\u012f \u2013 prie jos. Vilkas ir Skarleta nugali daugyb\u0119 kli\u016b\u010di\u0173, ta\u010diau sutikus Sind\u0119 j\u0173 laukia nauja u\u017eduotis. Dabar jie turi veikti drauge ir u\u017eb\u0117gti u\u017e aki\u0173 \u017eiauriajai Lunos karalienei Levanai, kuri padarys bet k\u0105, kad tik \u0161aunusis princas Kajus tapt\u0173 jos vyru, jos karaliumi, jos belaisviu.  Dar viena beproti\u0161ka kelion\u0117 su Marissa Meyer, nuvesianti jus \u012f fantastikos pasaul\u012f, kupin\u0105 pavoj\u0173, intrig\u0173 ir meil\u0117s.","robots":{"index":"index","follow":"follow","max-snippet":"max-snippet:-1","max-image-preview":"max-image-preview:large","max-video-preview":"max-video-preview:-1"},"canonical":"https:\/\/skaitytaknyga.lt\/en\/produktas\/marissa-meyer-menulio-kronikos-skarleta\/","og_locale":"en_GB","og_type":"article","og_title":"[:lt]M\u0117nulio kronikos. Skarleta[:] - Skaitytaknyga","og_description":"Lunos \u0161e\u0161\u0117liui apgaubus vis\u0105 \u017dem\u0119, likimas suveda Sind\u0119 ir Skarlet\u0105...  \u012e kal\u0117jim\u0105 u\u017edaryta Sind\u0117 bet kokia kaina pasiry\u017eusi i\u0161tr\u016bkti i\u0161 \u0161ios baisios vietos \u2013 nors ir \u017eino, kad s\u0117km\u0117s atveju taps ie\u0161komiausia b\u0117gle.  Tuo pa\u010diu metu kitoje pasaulio pus\u0117je prapuol\u0117 Skarletos senel\u0117. Skarleta sutinka Vilk\u0105, gatv\u0117s kovotoj\u0105, galb\u016bt galint\u012f pad\u0117ti rasti senel\u0119. I\u0161 prad\u017ei\u0173 ji nelinkusi pasitik\u0117ti \u0161iuo nepa\u017e\u012fstamu \u017emogumi, ta\u010diau nepaai\u0161kinama j\u0117ga traukia j\u0105 prie jo, o j\u012f \u2013 prie jos. Vilkas ir Skarleta nugali daugyb\u0119 kli\u016b\u010di\u0173, ta\u010diau sutikus Sind\u0119 j\u0173 laukia nauja u\u017eduotis. Dabar jie turi veikti drauge ir u\u017eb\u0117gti u\u017e aki\u0173 \u017eiauriajai Lunos karalienei Levanai, kuri padarys bet k\u0105, kad tik \u0161aunusis princas Kajus tapt\u0173 jos vyru, jos karaliumi, jos belaisviu.  Dar viena beproti\u0161ka kelion\u0117 su Marissa Meyer, nuvesianti jus \u012f fantastikos pasaul\u012f, kupin\u0105 pavoj\u0173, intrig\u0173 ir meil\u0117s.","og_url":"https:\/\/skaitytaknyga.lt\/en\/produktas\/marissa-meyer-menulio-kronikos-skarleta\/","og_site_name":"Skaitytaknyga","article_publisher":"https:\/\/www.facebook.com\/skaitytaknyga\/","article_modified_time":"2025-04-29T05:01:27+00:00","og_image":[{"width":285,"height":425,"url":"https:\/\/skaitytaknyga.lt\/wp-content\/uploads\/2024\/05\/000000000001110776-59de87159fd71-asset-knyguklubas-cdb_skarleta_p1.webp","type":"image\/webp"}],"twitter_card":"summary_large_image","twitter_misc":{"Estimated reading time":"1 minute"},"schema":{"@context":"https:\/\/schema.org","@graph":[{"@type":"WebPage","@id":"https:\/\/skaitytaknyga.lt\/produktas\/marissa-meyer-menulio-kronikos-skarleta\/","url":"https:\/\/skaitytaknyga.lt\/produktas\/marissa-meyer-menulio-kronikos-skarleta\/","name":"M\u0117nulio kronikos. Skarleta","isPartOf":{"@id":"https:\/\/skaitytaknyga.lt\/#website"},"primaryImageOfPage":{"@id":"https:\/\/skaitytaknyga.lt\/produktas\/marissa-meyer-menulio-kronikos-skarleta\/#primaryimage"},"image":{"@id":"https:\/\/skaitytaknyga.lt\/produktas\/marissa-meyer-menulio-kronikos-skarleta\/#primaryimage"},"thumbnailUrl":"https:\/\/skaitytaknyga.lt\/wp-content\/uploads\/2024\/05\/000000000001110776-59de87159fd71-asset-knyguklubas-cdb_skarleta_p1.webp","datePublished":"2024-05-04T19:08:30+00:00","dateModified":"2025-04-29T05:01:27+00:00","description":"Lunos \u0161e\u0161\u0117liui apgaubus vis\u0105 \u017dem\u0119, likimas suveda Sind\u0119 ir Skarlet\u0105... \u012e kal\u0117jim\u0105 u\u017edaryta Sind\u0117 bet kokia kaina pasiry\u017eusi i\u0161tr\u016bkti i\u0161 \u0161ios baisios vietos \u2013 nors ir \u017eino, kad s\u0117km\u0117s atveju taps ie\u0161komiausia b\u0117gle. Tuo pa\u010diu metu kitoje pasaulio pus\u0117je prapuol\u0117 Skarletos senel\u0117. Skarleta sutinka Vilk\u0105, gatv\u0117s kovotoj\u0105, galb\u016bt galint\u012f pad\u0117ti rasti senel\u0119. I\u0161 prad\u017ei\u0173 ji nelinkusi pasitik\u0117ti \u0161iuo nepa\u017e\u012fstamu \u017emogumi, ta\u010diau nepaai\u0161kinama j\u0117ga traukia j\u0105 prie jo, o j\u012f \u2013 prie jos. Vilkas ir Skarleta nugali daugyb\u0119 kli\u016b\u010di\u0173, ta\u010diau sutikus Sind\u0119 j\u0173 laukia nauja u\u017eduotis. Dabar jie turi veikti drauge ir u\u017eb\u0117gti u\u017e aki\u0173 \u017eiauriajai Lunos karalienei Levanai, kuri padarys bet k\u0105, kad tik \u0161aunusis princas Kajus tapt\u0173 jos vyru, jos karaliumi, jos belaisviu. Dar viena beproti\u0161ka kelion\u0117 su Marissa Meyer, nuvesianti jus \u012f fantastikos pasaul\u012f, kupin\u0105 pavoj\u0173, intrig\u0173 ir meil\u0117s.","breadcrumb":{"@id":"https:\/\/skaitytaknyga.lt\/produktas\/marissa-meyer-menulio-kronikos-skarleta\/#breadcrumb"},"inLanguage":"en-GB","potentialAction":[{"@type":"ReadAction","target":["https:\/\/skaitytaknyga.lt\/produktas\/marissa-meyer-menulio-kronikos-skarleta\/"]}]},{"@type":"ImageObject","inLanguage":"en-GB","@id":"https:\/\/skaitytaknyga.lt\/produktas\/marissa-meyer-menulio-kronikos-skarleta\/#primaryimage","url":"https:\/\/skaitytaknyga.lt\/wp-content\/uploads\/2024\/05\/000000000001110776-59de87159fd71-asset-knyguklubas-cdb_skarleta_p1.webp","contentUrl":"https:\/\/skaitytaknyga.lt\/wp-content\/uploads\/2024\/05\/000000000001110776-59de87159fd71-asset-knyguklubas-cdb_skarleta_p1.webp","width":285,"height":425},{"@type":"BreadcrumbList","@id":"https:\/\/skaitytaknyga.lt\/produktas\/marissa-meyer-menulio-kronikos-skarleta\/#breadcrumb","itemListElement":[{"@type":"ListItem","position":1,"name":"Home","item":"https:\/\/skaitytaknyga.lt\/"},{"@type":"ListItem","position":2,"name":"Parduotuv\u0117","item":"https:\/\/skaitytaknyga.lt\/knygu-parduotuve\/"},{"@type":"ListItem","position":3,"name":"M\u0117nulio kronikos. Skarleta"}]},{"@type":"WebSite","@id":"https:\/\/skaitytaknyga.lt\/#website","url":"https:\/\/skaitytaknyga.lt\/","name":"skaitytaknyga.lt","description":"Skaitytaknyga.lt \u2013 tai ma\u017eas \u0161eimos verslas, kuris prasid\u0117jo nuo meil\u0117s knygoms ir siekio i\u0161gelb\u0117ti knygas nuo likimo prie konteinerio. Kas vienam nereikalingas daiktas \u2013 kitam lobis, o mes esame tarpininkai, kurie padeda abiems tapti laimingesniems ???? \u017dinome kaip nelengva i\u0161gyventi ma\u017eiems verslams, tad nuo \u0161iol, \u010dia rasite ir kit\u0173, ma\u017e\u0173 \u0161eim\u0173 versl\u0173, rank\u0173 darbo, dovan\u0173 sau ir artimiesiems.","publisher":{"@id":"https:\/\/skaitytaknyga.lt\/#organization"},"potentialAction":[{"@type":"SearchAction","target":{"@type":"EntryPoint","urlTemplate":"https:\/\/skaitytaknyga.lt\/?s={search_term_string}"},"query-input":{"@type":"PropertyValueSpecification","valueRequired":true,"valueName":"search_term_string"}}],"inLanguage":"en-GB"},{"@type":"Organization","@id":"https:\/\/skaitytaknyga.lt\/#organization","name":"skaitytaknyga.lt","url":"https:\/\/skaitytaknyga.lt\/","logo":{"@type":"ImageObject","inLanguage":"en-GB","@id":"https:\/\/skaitytaknyga.lt\/#\/schema\/logo\/image\/","url":"https:\/\/skaitytaknyga.lt\/wp-content\/uploads\/2024\/05\/cropped-cropped-cropped-02_00843_jt3bggkj1j3HLc7SyY6rEUpg.jpeg","contentUrl":"https:\/\/skaitytaknyga.lt\/wp-content\/uploads\/2024\/05\/cropped-cropped-cropped-02_00843_jt3bggkj1j3HLc7SyY6rEUpg.jpeg","width":1600,"height":1600,"caption":"skaitytaknyga.lt"},"image":{"@id":"https:\/\/skaitytaknyga.lt\/#\/schema\/logo\/image\/"},"sameAs":["https:\/\/www.facebook.com\/skaitytaknyga\/"]}]}},"_links":{"self":[{"href":"https:\/\/skaitytaknyga.lt\/en\/wp-json\/wp\/v2\/product\/10621","targetHints":{"allow":["GET"]}}],"collection":[{"href":"https:\/\/skaitytaknyga.lt\/en\/wp-json\/wp\/v2\/product"}],"about":[{"href":"https:\/\/skaitytaknyga.lt\/en\/wp-json\/wp\/v2\/types\/product"}],"replies":[{"embeddable":true,"href":"https:\/\/skaitytaknyga.lt\/en\/wp-json\/wp\/v2\/comments?post=10621"}],"wp:featuredmedia":[{"embeddable":true,"href":"https:\/\/skaitytaknyga.lt\/en\/wp-json\/wp\/v2\/media\/10655"}],"wp:attachment":[{"href":"https:\/\/skaitytaknyga.lt\/en\/wp-json\/wp\/v2\/media?parent=10621"}],"wp:term":[{"taxonomy":"product_brand","embeddable":true,"href":"https:\/\/skaitytaknyga.lt\/en\/wp-json\/wp\/v2\/product_brand?post=10621"},{"taxonomy":"product_cat","embeddable":true,"href":"https:\/\/skaitytaknyga.lt\/en\/wp-json\/wp\/v2\/product_cat?post=10621"},{"taxonomy":"product_tag","embeddable":true,"href":"https:\/\/skaitytaknyga.lt\/en\/wp-json\/wp\/v2\/product_tag?post=10621"}],"curies":[{"name":"wp","href":"https:\/\/api.w.org\/{rel}","templated":true}]}}