{"id":10610,"date":"2024-05-04T19:07:34","date_gmt":"2024-05-04T19:07:34","guid":{"rendered":"https:\/\/skaitytaknyga.lt\/?post_type=product&#038;p=10610"},"modified":"2026-03-05T10:36:25","modified_gmt":"2026-03-05T08:36:25","slug":"jo-nesbo-troskulys","status":"publish","type":"product","link":"https:\/\/skaitytaknyga.lt\/en\/produktas\/jo-nesbo-troskulys\/","title":{"rendered":"Tro\u0161kulys"},"content":{"rendered":"<p>Po trejus metus Osle tvyrojusios ramyb\u0117s, miest\u0105 v\u0117l u\u017egula pragari\u0161ki nusikaltimai. Viena po kitos randamos moterys perk\u0105stomis gerkl\u0117mis. Visas jas sieja pom\u0117gis su vyrais susipa\u017einti per program\u0105 \u201eTinder&#8221;. Auk\u0173 kaklus nus\u0117jusiose \u017eaizdose rasti r\u016bd\u017ei\u0173 ir juod\u0173 da\u017e\u0173 p\u0117dsakai tyr\u0117jus \u012fstumia \u012f aklaviet\u0119.<\/p>\n<p>Tai paties Hario H\u016bl\u0117s verta byla, ta\u010diau jis jau seniai paliko tarnyb\u0105, mylimai moteriai ir sau prisiek\u0119s niekada negr\u012f\u017eti: tik ne po paskutin\u0117s bylos, d\u0117l kurios jo artimiausi \u017emon\u0117s atsid\u016br\u0117 did\u017eiausiame pavojuje. Ta\u010diau \u0161iose \u017emog\u017eudyst\u0117se H\u016bl\u0117 \u012f\u017evelgia ka\u017ek\u0105 pa\u017e\u012fstamo. Aid\u0105 i\u0161 u\u017emir\u0161to sapno. Bals\u0105 vyro, kurio varda\u0328 me\u0307gina i\u0161trinti i\u0161 atminties. Ir \u0161itai \u012ftraukia j\u012f \u012f tyrim\u0105 tarsi \u012f juod\u0105j\u0105 skyl\u0119.<\/p>\n<p>\u201eNesb\u00f8 \u2013 vie\u0161pataujantis skandinavi\u0161kojo detektyvo karalius.&#8221;<br \/>\nThe Guardian<\/p>\n<p>\u201eKurdamas serijini\u0173 \u017eudik\u0173 portretus, Nesb\u00f8 neabejotinai naudojasi savo stebuklingo prisilietimo galia.&#8221;<\/p>\n<ul class=\"about-product d-none d-xl-block mt-4\">\n<li><strong>Originalus pavadinimas:<\/strong>\u00a0T\u00f8rst<\/li>\n<li><strong>Autorius:<\/strong><a href=\"https:\/\/skaitytaknyga.lt\/?s=nesbo&#038;post_type=product&#038;dgwt_wcas=1\">\u00a0<\/a><a href=\"https:\/\/www.knygos.lt\/lt\/knygos\/autorius\/jo-nesbo-\/\">Jo Nesb\u00f8<\/a><\/li>\n<li><strong>Leid\u0117jas:<\/strong>\u00a0Baltos lankos<\/li>\n<li><strong>Metai:<\/strong>\u00a02017<\/li>\n<li><strong>Puslapiai:<\/strong>\u00a0576<\/li>\n<li><strong>ISBN:<\/strong>\u00a09786094790102<\/li>\n<li><strong>Formatas:<\/strong>\u00a014,5 x 21 x 4 cm, kieti vir\u0161eliai<\/li>\n<li><strong>Kalba:<\/strong>\u00a0Lietuvi\u0173<\/li>\n<li><strong>Vert\u0117jas:<\/strong>\u00a0Giedr\u0117 Rakauskait\u0117<\/li>\n<\/ul>\n","protected":false},"excerpt":{"rendered":"<p>Po trejus metus Osle tvyrojusios ramyb\u0117s, miest\u0105 v\u0117l u\u017egula pragari\u0161ki nusikaltimai. Viena po kitos randamos moterys perk\u0105stomis gerkl\u0117mis. Visas jas sieja pom\u0117gis su vyrais susipa\u017einti per program\u0105 \u201eTinder&#8221;. Auk\u0173 kaklus nus\u0117jusiose \u017eaizdose rasti r\u016bd\u017ei\u0173 ir juod\u0173 da\u017e\u0173 p\u0117dsakai tyr\u0117jus \u012fstumia \u012f aklaviet\u0119. Tai paties Hario H\u016bl\u0117s verta byla, ta\u010diau jis jau seniai paliko tarnyb\u0105, mylimai moteriai ir sau prisiek\u0119s niekada negr\u012f\u017eti: tik ne po paskutin\u0117s bylos, d\u0117l kurios jo artimiausi \u017emon\u0117s atsid\u016br\u0117 did\u017eiausiame pavojuje. Ta\u010diau \u0161iose \u017emog\u017eudyst\u0117se H\u016bl\u0117 \u012f\u017evelgia ka\u017ek\u0105 pa\u017e\u012fstamo. Aid\u0105 i\u0161 u\u017emir\u0161to sapno. Bals\u0105 vyro, kurio varda\u0328 me\u0307gina i\u0161trinti i\u0161 atminties. Ir \u0161itai \u012ftraukia j\u012f \u012f tyrim\u0105 tarsi \u012f juod\u0105j\u0105 skyl\u0119. \u201eNesb\u00f8 \u2013 vie\u0161pataujantis skandinavi\u0161kojo detektyvo karalius.&#8221; The Guardian \u201eKurdamas serijini\u0173 \u017eudik\u0173 portretus, Nesb\u00f8 neabejotinai naudojasi savo stebuklingo prisilietimo galia.&#8221; Originalus pavadinimas:\u00a0T\u00f8rst Autorius:\u00a0Jo Nesb\u00f8 Leid\u0117jas:\u00a0Baltos lankos Metai:\u00a02017 Puslapiai:\u00a0576 ISBN:\u00a09786094790102 Formatas:\u00a014,5 x 21 x 4 cm, kieti vir\u0161eliai Kalba:\u00a0Lietuvi\u0173 Vert\u0117jas:\u00a0Giedr\u0117 Rakauskait\u0117<\/p>\n","protected":false},"featured_media":10645,"comment_status":"closed","ping_status":"closed","template":"","meta":{"_acf_changed":false,"site-sidebar-layout":"default","site-content-layout":"","ast-site-content-layout":"default","site-content-style":"default","site-sidebar-style":"default","ast-global-header-display":"","ast-banner-title-visibility":"","ast-main-header-display":"","ast-hfb-above-header-display":"","ast-hfb-below-header-display":"","ast-hfb-mobile-header-display":"","site-post-title":"","ast-breadcrumbs-content":"","ast-featured-img":"","footer-sml-layout":"","ast-disable-related-posts":"","theme-transparent-header-meta":"default","adv-header-id-meta":"","stick-header-meta":"","header-above-stick-meta":"","header-main-stick-meta":"","header-below-stick-meta":"","astra-migrate-meta-layouts":"set","ast-page-background-enabled":"default","ast-page-background-meta":{"desktop":{"background-color":"","background-image":"","background-repeat":"repeat","background-position":"center center","background-size":"auto","background-attachment":"scroll","background-type":"","background-media":"","overlay-type":"","overlay-color":"","overlay-opacity":"","overlay-gradient":""},"tablet":{"background-color":"","background-image":"","background-repeat":"repeat","background-position":"center center","background-size":"auto","background-attachment":"scroll","background-type":"","background-media":"","overlay-type":"","overlay-color":"","overlay-opacity":"","overlay-gradient":""},"mobile":{"background-color":"","background-image":"","background-repeat":"repeat","background-position":"center center","background-size":"auto","background-attachment":"scroll","background-type":"","background-media":"","overlay-type":"","overlay-color":"","overlay-opacity":"","overlay-gradient":""}},"ast-content-background-meta":{"desktop":{"background-color":"var(--ast-global-color-4)","background-image":"","background-repeat":"repeat","background-position":"center center","background-size":"auto","background-attachment":"scroll","background-type":"","background-media":"","overlay-type":"","overlay-color":"","overlay-opacity":"","overlay-gradient":""},"tablet":{"background-color":"var(--ast-global-color-4)","background-image":"","background-repeat":"repeat","background-position":"center center","background-size":"auto","background-attachment":"scroll","background-type":"","background-media":"","overlay-type":"","overlay-color":"","overlay-opacity":"","overlay-gradient":""},"mobile":{"background-color":"var(--ast-global-color-4)","background-image":"","background-repeat":"repeat","background-position":"center center","background-size":"auto","background-attachment":"scroll","background-type":"","background-media":"","overlay-type":"","overlay-color":"","overlay-opacity":"","overlay-gradient":""}}},"product_brand":[],"product_cat":[9581],"product_tag":[1476,1605,2030],"class_list":{"0":"post-10610","1":"product","2":"type-product","3":"status-publish","4":"has-post-thumbnail","6":"product_cat-kriminaliniai-romanai","7":"product_tag-detektyvas","8":"product_tag-haris-hule","9":"product_tag-skandinavija","10":"desktop-align-left","11":"tablet-align-left","12":"mobile-align-left","14":"first","15":"instock","16":"shipping-taxable","17":"purchasable","18":"product-type-simple"},"acf":[],"yoast_head":"<!-- This site is optimized with the Yoast SEO plugin v27.0 - https:\/\/yoast.com\/product\/yoast-seo-wordpress\/ -->\n<title>Tro\u0161kulys<\/title>\n<meta name=\"description\" content=\"Po trejus metus Osle tvyrojusios ramyb\u0117s, miest\u0105 v\u0117l u\u017egula pragari\u0161ki nusikaltimai. Viena po kitos randamos moterys perk\u0105stomis gerkl\u0117mis. Visas jas\" \/>\n<meta name=\"robots\" content=\"index, follow, max-snippet:-1, max-image-preview:large, max-video-preview:-1\" \/>\n<link rel=\"canonical\" href=\"https:\/\/skaitytaknyga.lt\/en\/produktas\/jo-nesbo-troskulys\/\" \/>\n<meta property=\"og:locale\" content=\"en_GB\" \/>\n<meta property=\"og:locale:alternate\" content=\"lt_LT\" \/>\n<meta property=\"og:type\" content=\"article\" \/>\n<meta property=\"og:title\" content=\"Tro\u0161kulys\" \/>\n<meta property=\"og:description\" content=\"Po trejus metus Osle tvyrojusios ramyb\u0117s, miest\u0105 v\u0117l u\u017egula pragari\u0161ki nusikaltimai. Viena po kitos randamos moterys perk\u0105stomis gerkl\u0117mis. Visas jas\" \/>\n<meta property=\"og:url\" content=\"https:\/\/skaitytaknyga.lt\/en\/produktas\/jo-nesbo-troskulys\/\" \/>\n<meta property=\"og:site_name\" content=\"Skaitytaknyga\" \/>\n<meta property=\"article:publisher\" content=\"https:\/\/www.facebook.com\/skaitytaknyga\/\" \/>\n<meta property=\"article:modified_time\" content=\"2026-03-05T08:36:25+00:00\" \/>\n<meta property=\"og:image\" content=\"https:\/\/skaitytaknyga.lt\/wp-content\/uploads\/2024\/05\/nesbo_troskulys.jpg\" \/>\n\t<meta property=\"og:image:width\" content=\"600\" \/>\n\t<meta property=\"og:image:height\" content=\"864\" \/>\n\t<meta property=\"og:image:type\" content=\"image\/jpeg\" \/>\n<meta name=\"twitter:card\" content=\"summary_large_image\" \/>\n<meta name=\"twitter:label1\" content=\"Estimated reading time\" \/>\n\t<meta name=\"twitter:data1\" content=\"2 minutes\" \/>\n<script type=\"application\/ld+json\" class=\"yoast-schema-graph\">{\"@context\":\"https:\/\/schema.org\",\"@graph\":[{\"@type\":\"WebPage\",\"@id\":\"https:\/\/skaitytaknyga.lt\/produktas\/jo-nesbo-troskulys\/\",\"url\":\"https:\/\/skaitytaknyga.lt\/produktas\/jo-nesbo-troskulys\/\",\"name\":\"Tro\u0161kulys\",\"isPartOf\":{\"@id\":\"https:\/\/skaitytaknyga.lt\/#website\"},\"primaryImageOfPage\":{\"@id\":\"https:\/\/skaitytaknyga.lt\/produktas\/jo-nesbo-troskulys\/#primaryimage\"},\"image\":{\"@id\":\"https:\/\/skaitytaknyga.lt\/produktas\/jo-nesbo-troskulys\/#primaryimage\"},\"thumbnailUrl\":\"https:\/\/skaitytaknyga.lt\/wp-content\/uploads\/2024\/05\/nesbo_troskulys.jpg\",\"datePublished\":\"2024-05-04T19:07:34+00:00\",\"dateModified\":\"2026-03-05T08:36:25+00:00\",\"description\":\"Po trejus metus Osle tvyrojusios ramyb\u0117s, miest\u0105 v\u0117l u\u017egula pragari\u0161ki nusikaltimai. Viena po kitos randamos moterys perk\u0105stomis gerkl\u0117mis. Visas jas\",\"breadcrumb\":{\"@id\":\"https:\/\/skaitytaknyga.lt\/produktas\/jo-nesbo-troskulys\/#breadcrumb\"},\"inLanguage\":\"en-GB\",\"potentialAction\":[{\"@type\":\"ReadAction\",\"target\":[\"https:\/\/skaitytaknyga.lt\/produktas\/jo-nesbo-troskulys\/\"]}]},{\"@type\":\"ImageObject\",\"inLanguage\":\"en-GB\",\"@id\":\"https:\/\/skaitytaknyga.lt\/produktas\/jo-nesbo-troskulys\/#primaryimage\",\"url\":\"https:\/\/skaitytaknyga.lt\/wp-content\/uploads\/2024\/05\/nesbo_troskulys.jpg\",\"contentUrl\":\"https:\/\/skaitytaknyga.lt\/wp-content\/uploads\/2024\/05\/nesbo_troskulys.jpg\",\"width\":600,\"height\":864,\"caption\":\"Tro\u0161kulys\"},{\"@type\":\"BreadcrumbList\",\"@id\":\"https:\/\/skaitytaknyga.lt\/produktas\/jo-nesbo-troskulys\/#breadcrumb\",\"itemListElement\":[{\"@type\":\"ListItem\",\"position\":1,\"name\":\"Home\",\"item\":\"https:\/\/skaitytaknyga.lt\/\"},{\"@type\":\"ListItem\",\"position\":2,\"name\":\"Parduotuv\u0117\",\"item\":\"https:\/\/skaitytaknyga.lt\/knygu-parduotuve\/\"},{\"@type\":\"ListItem\",\"position\":3,\"name\":\"Tro\u0161kulys\"}]},{\"@type\":\"WebSite\",\"@id\":\"https:\/\/skaitytaknyga.lt\/#website\",\"url\":\"https:\/\/skaitytaknyga.lt\/\",\"name\":\"skaitytaknyga.lt\",\"description\":\"Skaitytaknyga.lt \u2013 tai ma\u017eas \u0161eimos verslas, kuris prasid\u0117jo nuo meil\u0117s knygoms ir siekio i\u0161gelb\u0117ti knygas nuo likimo prie konteinerio. Kas vienam nereikalingas daiktas \u2013 kitam lobis, o mes esame tarpininkai, kurie padeda abiems tapti laimingesniems ???? \u017dinome kaip nelengva i\u0161gyventi ma\u017eiems verslams, tad nuo \u0161iol, \u010dia rasite ir kit\u0173, ma\u017e\u0173 \u0161eim\u0173 versl\u0173, rank\u0173 darbo, dovan\u0173 sau ir artimiesiems.\",\"publisher\":{\"@id\":\"https:\/\/skaitytaknyga.lt\/#organization\"},\"potentialAction\":[{\"@type\":\"SearchAction\",\"target\":{\"@type\":\"EntryPoint\",\"urlTemplate\":\"https:\/\/skaitytaknyga.lt\/?s={search_term_string}\"},\"query-input\":{\"@type\":\"PropertyValueSpecification\",\"valueRequired\":true,\"valueName\":\"search_term_string\"}}],\"inLanguage\":\"en-GB\"},{\"@type\":\"Organization\",\"@id\":\"https:\/\/skaitytaknyga.lt\/#organization\",\"name\":\"skaitytaknyga.lt\",\"url\":\"https:\/\/skaitytaknyga.lt\/\",\"logo\":{\"@type\":\"ImageObject\",\"inLanguage\":\"en-GB\",\"@id\":\"https:\/\/skaitytaknyga.lt\/#\/schema\/logo\/image\/\",\"url\":\"https:\/\/skaitytaknyga.lt\/wp-content\/uploads\/2024\/05\/cropped-cropped-cropped-02_00843_jt3bggkj1j3HLc7SyY6rEUpg.jpeg\",\"contentUrl\":\"https:\/\/skaitytaknyga.lt\/wp-content\/uploads\/2024\/05\/cropped-cropped-cropped-02_00843_jt3bggkj1j3HLc7SyY6rEUpg.jpeg\",\"width\":1600,\"height\":1600,\"caption\":\"skaitytaknyga.lt\"},\"image\":{\"@id\":\"https:\/\/skaitytaknyga.lt\/#\/schema\/logo\/image\/\"},\"sameAs\":[\"https:\/\/www.facebook.com\/skaitytaknyga\/\"]}]}<\/script>\n<!-- \/ Yoast SEO plugin. -->","yoast_head_json":{"title":"Tro\u0161kulys","description":"Po trejus metus Osle tvyrojusios ramyb\u0117s, miest\u0105 v\u0117l u\u017egula pragari\u0161ki nusikaltimai. Viena po kitos randamos moterys perk\u0105stomis gerkl\u0117mis. Visas jas","robots":{"index":"index","follow":"follow","max-snippet":"max-snippet:-1","max-image-preview":"max-image-preview:large","max-video-preview":"max-video-preview:-1"},"canonical":"https:\/\/skaitytaknyga.lt\/en\/produktas\/jo-nesbo-troskulys\/","og_locale":"en_GB","og_type":"article","og_title":"[:lt]Tro\u0161kulys[:] - Skaitytaknyga","og_description":"Po trejus metus Osle tvyrojusios ramyb\u0117s, miest\u0105 v\u0117l u\u017egula pragari\u0161ki nusikaltimai. Viena po kitos randamos moterys perk\u0105stomis gerkl\u0117mis. Visas jas","og_url":"https:\/\/skaitytaknyga.lt\/en\/produktas\/jo-nesbo-troskulys\/","og_site_name":"Skaitytaknyga","article_publisher":"https:\/\/www.facebook.com\/skaitytaknyga\/","article_modified_time":"2026-03-05T08:36:25+00:00","og_image":[{"width":600,"height":864,"url":"https:\/\/skaitytaknyga.lt\/wp-content\/uploads\/2024\/05\/nesbo_troskulys.jpg","type":"image\/jpeg"}],"twitter_card":"summary_large_image","twitter_misc":{"Estimated reading time":"2 minutes"},"schema":{"@context":"https:\/\/schema.org","@graph":[{"@type":"WebPage","@id":"https:\/\/skaitytaknyga.lt\/produktas\/jo-nesbo-troskulys\/","url":"https:\/\/skaitytaknyga.lt\/produktas\/jo-nesbo-troskulys\/","name":"Tro\u0161kulys","isPartOf":{"@id":"https:\/\/skaitytaknyga.lt\/#website"},"primaryImageOfPage":{"@id":"https:\/\/skaitytaknyga.lt\/produktas\/jo-nesbo-troskulys\/#primaryimage"},"image":{"@id":"https:\/\/skaitytaknyga.lt\/produktas\/jo-nesbo-troskulys\/#primaryimage"},"thumbnailUrl":"https:\/\/skaitytaknyga.lt\/wp-content\/uploads\/2024\/05\/nesbo_troskulys.jpg","datePublished":"2024-05-04T19:07:34+00:00","dateModified":"2026-03-05T08:36:25+00:00","description":"Po trejus metus Osle tvyrojusios ramyb\u0117s, miest\u0105 v\u0117l u\u017egula pragari\u0161ki nusikaltimai. Viena po kitos randamos moterys perk\u0105stomis gerkl\u0117mis. Visas jas","breadcrumb":{"@id":"https:\/\/skaitytaknyga.lt\/produktas\/jo-nesbo-troskulys\/#breadcrumb"},"inLanguage":"en-GB","potentialAction":[{"@type":"ReadAction","target":["https:\/\/skaitytaknyga.lt\/produktas\/jo-nesbo-troskulys\/"]}]},{"@type":"ImageObject","inLanguage":"en-GB","@id":"https:\/\/skaitytaknyga.lt\/produktas\/jo-nesbo-troskulys\/#primaryimage","url":"https:\/\/skaitytaknyga.lt\/wp-content\/uploads\/2024\/05\/nesbo_troskulys.jpg","contentUrl":"https:\/\/skaitytaknyga.lt\/wp-content\/uploads\/2024\/05\/nesbo_troskulys.jpg","width":600,"height":864,"caption":"Tro\u0161kulys"},{"@type":"BreadcrumbList","@id":"https:\/\/skaitytaknyga.lt\/produktas\/jo-nesbo-troskulys\/#breadcrumb","itemListElement":[{"@type":"ListItem","position":1,"name":"Home","item":"https:\/\/skaitytaknyga.lt\/"},{"@type":"ListItem","position":2,"name":"Parduotuv\u0117","item":"https:\/\/skaitytaknyga.lt\/knygu-parduotuve\/"},{"@type":"ListItem","position":3,"name":"Tro\u0161kulys"}]},{"@type":"WebSite","@id":"https:\/\/skaitytaknyga.lt\/#website","url":"https:\/\/skaitytaknyga.lt\/","name":"skaitytaknyga.lt","description":"Skaitytaknyga.lt \u2013 tai ma\u017eas \u0161eimos verslas, kuris prasid\u0117jo nuo meil\u0117s knygoms ir siekio i\u0161gelb\u0117ti knygas nuo likimo prie konteinerio. Kas vienam nereikalingas daiktas \u2013 kitam lobis, o mes esame tarpininkai, kurie padeda abiems tapti laimingesniems ???? \u017dinome kaip nelengva i\u0161gyventi ma\u017eiems verslams, tad nuo \u0161iol, \u010dia rasite ir kit\u0173, ma\u017e\u0173 \u0161eim\u0173 versl\u0173, rank\u0173 darbo, dovan\u0173 sau ir artimiesiems.","publisher":{"@id":"https:\/\/skaitytaknyga.lt\/#organization"},"potentialAction":[{"@type":"SearchAction","target":{"@type":"EntryPoint","urlTemplate":"https:\/\/skaitytaknyga.lt\/?s={search_term_string}"},"query-input":{"@type":"PropertyValueSpecification","valueRequired":true,"valueName":"search_term_string"}}],"inLanguage":"en-GB"},{"@type":"Organization","@id":"https:\/\/skaitytaknyga.lt\/#organization","name":"skaitytaknyga.lt","url":"https:\/\/skaitytaknyga.lt\/","logo":{"@type":"ImageObject","inLanguage":"en-GB","@id":"https:\/\/skaitytaknyga.lt\/#\/schema\/logo\/image\/","url":"https:\/\/skaitytaknyga.lt\/wp-content\/uploads\/2024\/05\/cropped-cropped-cropped-02_00843_jt3bggkj1j3HLc7SyY6rEUpg.jpeg","contentUrl":"https:\/\/skaitytaknyga.lt\/wp-content\/uploads\/2024\/05\/cropped-cropped-cropped-02_00843_jt3bggkj1j3HLc7SyY6rEUpg.jpeg","width":1600,"height":1600,"caption":"skaitytaknyga.lt"},"image":{"@id":"https:\/\/skaitytaknyga.lt\/#\/schema\/logo\/image\/"},"sameAs":["https:\/\/www.facebook.com\/skaitytaknyga\/"]}]}},"_links":{"self":[{"href":"https:\/\/skaitytaknyga.lt\/en\/wp-json\/wp\/v2\/product\/10610","targetHints":{"allow":["GET"]}}],"collection":[{"href":"https:\/\/skaitytaknyga.lt\/en\/wp-json\/wp\/v2\/product"}],"about":[{"href":"https:\/\/skaitytaknyga.lt\/en\/wp-json\/wp\/v2\/types\/product"}],"replies":[{"embeddable":true,"href":"https:\/\/skaitytaknyga.lt\/en\/wp-json\/wp\/v2\/comments?post=10610"}],"wp:featuredmedia":[{"embeddable":true,"href":"https:\/\/skaitytaknyga.lt\/en\/wp-json\/wp\/v2\/media\/10645"}],"wp:attachment":[{"href":"https:\/\/skaitytaknyga.lt\/en\/wp-json\/wp\/v2\/media?parent=10610"}],"wp:term":[{"taxonomy":"product_brand","embeddable":true,"href":"https:\/\/skaitytaknyga.lt\/en\/wp-json\/wp\/v2\/product_brand?post=10610"},{"taxonomy":"product_cat","embeddable":true,"href":"https:\/\/skaitytaknyga.lt\/en\/wp-json\/wp\/v2\/product_cat?post=10610"},{"taxonomy":"product_tag","embeddable":true,"href":"https:\/\/skaitytaknyga.lt\/en\/wp-json\/wp\/v2\/product_tag?post=10610"}],"curies":[{"name":"wp","href":"https:\/\/api.w.org\/{rel}","templated":true}]}}