{"id":10609,"date":"2024-05-04T19:07:34","date_gmt":"2024-05-04T19:07:34","guid":{"rendered":"https:\/\/skaitytaknyga.lt\/?post_type=product&#038;p=10609"},"modified":"2024-05-04T19:09:42","modified_gmt":"2024-05-04T19:09:42","slug":"czeslaw-milosz-abecele-pagelte-lapai","status":"publish","type":"product","link":"https:\/\/skaitytaknyga.lt\/en\/produktas\/czeslaw-milosz-abecele-pagelte-lapai\/","title":{"rendered":"Czeslaw Milosz \u201eAb\u0117c\u0117l\u0117\u201c (Pagelt\u0119 lapai)"},"content":{"rendered":"<div class=\"book-descript-wrapper\">\n<section class=\"product-descript more-content-wrapper\">\n<div class=\"\">\n<p>\u201eAb\u0117c\u0117l\u0117\u201c \u2013 k\u016brinys vietoj romano ar ties romano riba, atspindintis mano nuolatines \u201etalpesn\u0117s formos\u201c paie\u0161kas. [\u2026] Ra\u0161ydamas \u0161i\u0105 knyg\u0105, tenkinau met\u0173 b\u016bvyje vis ry\u0161k\u0117jant\u012f gilumin\u012f poreik\u012f: \u012f\u017eengti \u012f m\u016bs\u0173 laik\u0173 istorija ar tiesiog m\u016bs\u0173 civilizacija vadinam\u0105 \u017emogi\u0161k\u0173j\u0173 dalyk\u0173 tankm\u0119. Tai nuostabus reginys, ir, pats jame dalyvaudamas, steb\u0117davausi tam tikru neapr\u0117piamu \u0161i\u0173 \u017eod\u017ei\u0173 pertekliumi. Sendamas pasidariau tarsi namas, atviras kadaise pa\u017einot\u0173, taip pat i\u0161 nuogird\u0173 ar knyg\u0173 pa\u017e\u012fstam\u0173 \u017emoni\u0173 balsams. I\u0161tisa raizgalyn\u0117 susipynusi\u0173 likim\u0173, tragi\u0161k\u0173 ir komi\u0161k\u0173, spalv\u0173, form\u0173, \u012fvairi\u0173 kalb\u0173 ir \u012fvairi\u0173 tar\u010di\u0173 gars\u0173.&#8221;<\/p>\n<\/div>\n<\/section>\n<\/div>\n","protected":false},"excerpt":{"rendered":"<div class=\"book-descript-wrapper\">\n<section class=\"product-descript more-content-wrapper\">\n<div class=\"\">\n<div class=\"book-descript-wrapper\">\n<section class=\"product-descript more-content-wrapper\">\n<div class=\"\">\n<p>\u201eAb\u0117c\u0117l\u0117\u201c \u2013 k\u016brinys vietoj romano ar ties romano riba, atspindintis mano nuolatines \u201etalpesn\u0117s formos\u201c paie\u0161kas. [\u2026] Ra\u0161ydamas \u0161i\u0105 knyg\u0105, tenkinau met\u0173 b\u016bvyje vis ry\u0161k\u0117jant\u012f gilumin\u012f poreik\u012f: \u012f\u017eengti \u012f m\u016bs\u0173 laik\u0173 istorija ar tiesiog m\u016bs\u0173 civilizacija vadinam\u0105 \u017emogi\u0161k\u0173j\u0173 dalyk\u0173 tankm\u0119. Tai nuostabus reginys, ir, pats jame dalyvaudamas, steb\u0117davausi tam tikru neapr\u0117piamu \u0161i\u0173 \u017eod\u017ei\u0173 pertekliumi. Sendamas pasidariau tarsi namas, atviras kadaise pa\u017einot\u0173, taip pat i\u0161 nuogird\u0173 ar knyg\u0173 pa\u017e\u012fstam\u0173 \u017emoni\u0173 balsams. I\u0161tisa raizgalyn\u0117 susipynusi\u0173 likim\u0173, tragi\u0161k\u0173 ir komi\u0161k\u0173, spalv\u0173, form\u0173, \u012fvairi\u0173 kalb\u0173 ir \u012fvairi\u0173 tar\u010di\u0173 gars\u0173.&#8221;<\/p>\n<\/div>\n<\/section>\n<\/div>\n<\/div>\n<\/section>\n<\/div>\n","protected":false},"featured_media":10644,"comment_status":"closed","ping_status":"closed","template":"","meta":{"_acf_changed":false,"site-sidebar-layout":"default","site-content-layout":"","ast-site-content-layout":"default","site-content-style":"default","site-sidebar-style":"default","ast-global-header-display":"","ast-banner-title-visibility":"","ast-main-header-display":"","ast-hfb-above-header-display":"","ast-hfb-below-header-display":"","ast-hfb-mobile-header-display":"","site-post-title":"","ast-breadcrumbs-content":"","ast-featured-img":"","footer-sml-layout":"","ast-disable-related-posts":"","theme-transparent-header-meta":"","adv-header-id-meta":"","stick-header-meta":"","header-above-stick-meta":"","header-main-stick-meta":"","header-below-stick-meta":"","astra-migrate-meta-layouts":"default","ast-page-background-enabled":"default","ast-page-background-meta":{"desktop":{"background-color":"","background-image":"","background-repeat":"repeat","background-position":"center center","background-size":"auto","background-attachment":"scroll","background-type":"","background-media":"","overlay-type":"","overlay-color":"","overlay-opacity":"","overlay-gradient":""},"tablet":{"background-color":"","background-image":"","background-repeat":"repeat","background-position":"center center","background-size":"auto","background-attachment":"scroll","background-type":"","background-media":"","overlay-type":"","overlay-color":"","overlay-opacity":"","overlay-gradient":""},"mobile":{"background-color":"","background-image":"","background-repeat":"repeat","background-position":"center center","background-size":"auto","background-attachment":"scroll","background-type":"","background-media":"","overlay-type":"","overlay-color":"","overlay-opacity":"","overlay-gradient":""}},"ast-content-background-meta":{"desktop":{"background-color":"var(--ast-global-color-4)","background-image":"","background-repeat":"repeat","background-position":"center center","background-size":"auto","background-attachment":"scroll","background-type":"","background-media":"","overlay-type":"","overlay-color":"","overlay-opacity":"","overlay-gradient":""},"tablet":{"background-color":"var(--ast-global-color-4)","background-image":"","background-repeat":"repeat","background-position":"center center","background-size":"auto","background-attachment":"scroll","background-type":"","background-media":"","overlay-type":"","overlay-color":"","overlay-opacity":"","overlay-gradient":""},"mobile":{"background-color":"var(--ast-global-color-4)","background-image":"","background-repeat":"repeat","background-position":"center center","background-size":"auto","background-attachment":"scroll","background-type":"","background-media":"","overlay-type":"","overlay-color":"","overlay-opacity":"","overlay-gradient":""}}},"product_brand":[],"product_cat":[31],"product_tag":[],"class_list":{"0":"post-10609","1":"product","2":"type-product","3":"status-publish","4":"has-post-thumbnail","6":"product_cat-grozine-literatura","7":"desktop-align-left","8":"tablet-align-left","9":"mobile-align-left","11":"first","12":"instock","13":"shipping-taxable","14":"purchasable","15":"product-type-simple"},"acf":[],"yoast_head":"<!-- This site is optimized with the Yoast SEO plugin v27.4 - https:\/\/yoast.com\/product\/yoast-seo-wordpress\/ -->\n<title>Czeslaw Milosz \u201eAb\u0117c\u0117l\u0117\u201c (Pagelt\u0119 lapai) - Skaitytaknyga<\/title>\n<meta name=\"description\" content=\"\u201eAb\u0117c\u0117l\u0117\u201c \u2013 k\u016brinys vietoj romano ar ties romano riba, atspindintis mano nuolatines \u201etalpesn\u0117s formos\u201c paie\u0161kas. Ra\u0161ydamas \u0161i\u0105 knyg\u0105, tenkinau met\u0173 b\u016bvyje vis ry\u0161k\u0117jant\u012f gilumin\u012f poreik\u012f: \u012f\u017eengti \u012f m\u016bs\u0173 laik\u0173 istorija ar tiesiog m\u016bs\u0173 civilizacija vadinam\u0105 \u017emogi\u0161k\u0173j\u0173 dalyk\u0173 tankm\u0119. Tai nuostabus reginys, ir, pats jame dalyvaudamas, steb\u0117davausi tam tikru neapr\u0117piamu \u0161i\u0173 \u017eod\u017ei\u0173 pertekliumi. Sendamas pasidariau tarsi namas, atviras kadaise pa\u017einot\u0173, taip pat i\u0161 nuogird\u0173 ar knyg\u0173 pa\u017e\u012fstam\u0173 \u017emoni\u0173 balsams. I\u0161tisa raizgalyn\u0117 susipynusi\u0173 likim\u0173, tragi\u0161k\u0173 ir komi\u0161k\u0173, spalv\u0173, form\u0173, \u012fvairi\u0173 kalb\u0173 ir \u012fvairi\u0173 tar\u010di\u0173 gars\u0173.&quot;\" \/>\n<meta name=\"robots\" content=\"index, follow, max-snippet:-1, max-image-preview:large, max-video-preview:-1\" \/>\n<link rel=\"canonical\" href=\"https:\/\/skaitytaknyga.lt\/en\/produktas\/czeslaw-milosz-abecele-pagelte-lapai\/\" \/>\n<meta property=\"og:locale\" content=\"en_GB\" \/>\n<meta property=\"og:locale:alternate\" content=\"lt_LT\" \/>\n<meta property=\"og:type\" content=\"article\" \/>\n<meta property=\"og:title\" content=\"Czeslaw Milosz \u201eAb\u0117c\u0117l\u0117\u201c (Pagelt\u0119 lapai) - Skaitytaknyga\" \/>\n<meta property=\"og:description\" content=\"\u201eAb\u0117c\u0117l\u0117\u201c \u2013 k\u016brinys vietoj romano ar ties romano riba, atspindintis mano nuolatines \u201etalpesn\u0117s formos\u201c paie\u0161kas. Ra\u0161ydamas \u0161i\u0105 knyg\u0105, tenkinau met\u0173 b\u016bvyje vis ry\u0161k\u0117jant\u012f gilumin\u012f poreik\u012f: \u012f\u017eengti \u012f m\u016bs\u0173 laik\u0173 istorija ar tiesiog m\u016bs\u0173 civilizacija vadinam\u0105 \u017emogi\u0161k\u0173j\u0173 dalyk\u0173 tankm\u0119. Tai nuostabus reginys, ir, pats jame dalyvaudamas, steb\u0117davausi tam tikru neapr\u0117piamu \u0161i\u0173 \u017eod\u017ei\u0173 pertekliumi. Sendamas pasidariau tarsi namas, atviras kadaise pa\u017einot\u0173, taip pat i\u0161 nuogird\u0173 ar knyg\u0173 pa\u017e\u012fstam\u0173 \u017emoni\u0173 balsams. I\u0161tisa raizgalyn\u0117 susipynusi\u0173 likim\u0173, tragi\u0161k\u0173 ir komi\u0161k\u0173, spalv\u0173, form\u0173, \u012fvairi\u0173 kalb\u0173 ir \u012fvairi\u0173 tar\u010di\u0173 gars\u0173.&quot;\" \/>\n<meta property=\"og:url\" content=\"https:\/\/skaitytaknyga.lt\/en\/produktas\/czeslaw-milosz-abecele-pagelte-lapai\/\" \/>\n<meta property=\"og:site_name\" content=\"Skaitytaknyga\" \/>\n<meta property=\"article:publisher\" content=\"https:\/\/www.facebook.com\/skaitytaknyga\/\" \/>\n<meta property=\"article:modified_time\" content=\"2024-05-04T19:09:42+00:00\" \/>\n<meta property=\"og:image\" content=\"https:\/\/skaitytaknyga.lt\/wp-content\/uploads\/2024\/05\/9786094500169_grande.jpg\" \/>\n\t<meta property=\"og:image:width\" content=\"293\" \/>\n\t<meta property=\"og:image:height\" content=\"450\" \/>\n\t<meta property=\"og:image:type\" content=\"image\/jpeg\" \/>\n<meta name=\"twitter:card\" content=\"summary_large_image\" \/>\n<meta name=\"twitter:label1\" content=\"Estimated reading time\" \/>\n\t<meta name=\"twitter:data1\" content=\"1 minute\" \/>\n<script type=\"application\/ld+json\" class=\"yoast-schema-graph\">{\"@context\":\"https:\\\/\\\/schema.org\",\"@graph\":[{\"@type\":\"WebPage\",\"@id\":\"https:\\\/\\\/skaitytaknyga.lt\\\/produktas\\\/czeslaw-milosz-abecele-pagelte-lapai\\\/\",\"url\":\"https:\\\/\\\/skaitytaknyga.lt\\\/produktas\\\/czeslaw-milosz-abecele-pagelte-lapai\\\/\",\"name\":\"Czeslaw Milosz \u201eAb\u0117c\u0117l\u0117\u201c (Pagelt\u0119 lapai) - Skaitytaknyga\",\"isPartOf\":{\"@id\":\"https:\\\/\\\/skaitytaknyga.lt\\\/#website\"},\"primaryImageOfPage\":{\"@id\":\"https:\\\/\\\/skaitytaknyga.lt\\\/produktas\\\/czeslaw-milosz-abecele-pagelte-lapai\\\/#primaryimage\"},\"image\":{\"@id\":\"https:\\\/\\\/skaitytaknyga.lt\\\/produktas\\\/czeslaw-milosz-abecele-pagelte-lapai\\\/#primaryimage\"},\"thumbnailUrl\":\"https:\\\/\\\/skaitytaknyga.lt\\\/wp-content\\\/uploads\\\/2024\\\/05\\\/9786094500169_grande.jpg\",\"datePublished\":\"2024-05-04T19:07:34+00:00\",\"dateModified\":\"2024-05-04T19:09:42+00:00\",\"description\":\"\u201eAb\u0117c\u0117l\u0117\u201c \u2013 k\u016brinys vietoj romano ar ties romano riba, atspindintis mano nuolatines \u201etalpesn\u0117s formos\u201c paie\u0161kas. Ra\u0161ydamas \u0161i\u0105 knyg\u0105, tenkinau met\u0173 b\u016bvyje vis ry\u0161k\u0117jant\u012f gilumin\u012f poreik\u012f: \u012f\u017eengti \u012f m\u016bs\u0173 laik\u0173 istorija ar tiesiog m\u016bs\u0173 civilizacija vadinam\u0105 \u017emogi\u0161k\u0173j\u0173 dalyk\u0173 tankm\u0119. Tai nuostabus reginys, ir, pats jame dalyvaudamas, steb\u0117davausi tam tikru neapr\u0117piamu \u0161i\u0173 \u017eod\u017ei\u0173 pertekliumi. Sendamas pasidariau tarsi namas, atviras kadaise pa\u017einot\u0173, taip pat i\u0161 nuogird\u0173 ar knyg\u0173 pa\u017e\u012fstam\u0173 \u017emoni\u0173 balsams. I\u0161tisa raizgalyn\u0117 susipynusi\u0173 likim\u0173, tragi\u0161k\u0173 ir komi\u0161k\u0173, spalv\u0173, form\u0173, \u012fvairi\u0173 kalb\u0173 ir \u012fvairi\u0173 tar\u010di\u0173 gars\u0173.\\\"\",\"breadcrumb\":{\"@id\":\"https:\\\/\\\/skaitytaknyga.lt\\\/produktas\\\/czeslaw-milosz-abecele-pagelte-lapai\\\/#breadcrumb\"},\"inLanguage\":\"en-GB\",\"potentialAction\":[{\"@type\":\"ReadAction\",\"target\":[\"https:\\\/\\\/skaitytaknyga.lt\\\/produktas\\\/czeslaw-milosz-abecele-pagelte-lapai\\\/\"]}]},{\"@type\":\"ImageObject\",\"inLanguage\":\"en-GB\",\"@id\":\"https:\\\/\\\/skaitytaknyga.lt\\\/produktas\\\/czeslaw-milosz-abecele-pagelte-lapai\\\/#primaryimage\",\"url\":\"https:\\\/\\\/skaitytaknyga.lt\\\/wp-content\\\/uploads\\\/2024\\\/05\\\/9786094500169_grande.jpg\",\"contentUrl\":\"https:\\\/\\\/skaitytaknyga.lt\\\/wp-content\\\/uploads\\\/2024\\\/05\\\/9786094500169_grande.jpg\",\"width\":293,\"height\":450},{\"@type\":\"BreadcrumbList\",\"@id\":\"https:\\\/\\\/skaitytaknyga.lt\\\/produktas\\\/czeslaw-milosz-abecele-pagelte-lapai\\\/#breadcrumb\",\"itemListElement\":[{\"@type\":\"ListItem\",\"position\":1,\"name\":\"Home\",\"item\":\"https:\\\/\\\/skaitytaknyga.lt\\\/\"},{\"@type\":\"ListItem\",\"position\":2,\"name\":\"Parduotuv\u0117\",\"item\":\"https:\\\/\\\/skaitytaknyga.lt\\\/knygu-parduotuve\\\/\"},{\"@type\":\"ListItem\",\"position\":3,\"name\":\"Czeslaw Milosz \u201eAb\u0117c\u0117l\u0117\u201c (Pagelt\u0119 lapai)\"}]},{\"@type\":\"WebSite\",\"@id\":\"https:\\\/\\\/skaitytaknyga.lt\\\/#website\",\"url\":\"https:\\\/\\\/skaitytaknyga.lt\\\/\",\"name\":\"skaitytaknyga.lt\",\"description\":\"Skaitytaknyga.lt \u2013 tai ma\u017eas \u0161eimos verslas, kuris prasid\u0117jo nuo meil\u0117s knygoms ir siekio i\u0161gelb\u0117ti knygas nuo likimo prie konteinerio. Kas vienam nereikalingas daiktas \u2013 kitam lobis, o mes esame tarpininkai, kurie padeda abiems tapti laimingesniems ???? \u017dinome kaip nelengva i\u0161gyventi ma\u017eiems verslams, tad nuo \u0161iol, \u010dia rasite ir kit\u0173, ma\u017e\u0173 \u0161eim\u0173 versl\u0173, rank\u0173 darbo, dovan\u0173 sau ir artimiesiems.\",\"publisher\":{\"@id\":\"https:\\\/\\\/skaitytaknyga.lt\\\/#organization\"},\"potentialAction\":[{\"@type\":\"SearchAction\",\"target\":{\"@type\":\"EntryPoint\",\"urlTemplate\":\"https:\\\/\\\/skaitytaknyga.lt\\\/?s={search_term_string}\"},\"query-input\":{\"@type\":\"PropertyValueSpecification\",\"valueRequired\":true,\"valueName\":\"search_term_string\"}}],\"inLanguage\":\"en-GB\"},{\"@type\":\"Organization\",\"@id\":\"https:\\\/\\\/skaitytaknyga.lt\\\/#organization\",\"name\":\"skaitytaknyga.lt\",\"url\":\"https:\\\/\\\/skaitytaknyga.lt\\\/\",\"logo\":{\"@type\":\"ImageObject\",\"inLanguage\":\"en-GB\",\"@id\":\"https:\\\/\\\/skaitytaknyga.lt\\\/#\\\/schema\\\/logo\\\/image\\\/\",\"url\":\"https:\\\/\\\/skaitytaknyga.lt\\\/wp-content\\\/uploads\\\/2024\\\/05\\\/cropped-cropped-cropped-02_00843_jt3bggkj1j3HLc7SyY6rEUpg.jpeg\",\"contentUrl\":\"https:\\\/\\\/skaitytaknyga.lt\\\/wp-content\\\/uploads\\\/2024\\\/05\\\/cropped-cropped-cropped-02_00843_jt3bggkj1j3HLc7SyY6rEUpg.jpeg\",\"width\":1600,\"height\":1600,\"caption\":\"skaitytaknyga.lt\"},\"image\":{\"@id\":\"https:\\\/\\\/skaitytaknyga.lt\\\/#\\\/schema\\\/logo\\\/image\\\/\"},\"sameAs\":[\"https:\\\/\\\/www.facebook.com\\\/skaitytaknyga\\\/\"]}]}<\/script>\n<!-- \/ Yoast SEO plugin. -->","yoast_head_json":{"title":"Czeslaw Milosz \u201eAb\u0117c\u0117l\u0117\u201c (Pagelt\u0119 lapai) - Skaitytaknyga","description":"\u201eAb\u0117c\u0117l\u0117\u201c \u2013 k\u016brinys vietoj romano ar ties romano riba, atspindintis mano nuolatines \u201etalpesn\u0117s formos\u201c paie\u0161kas. Ra\u0161ydamas \u0161i\u0105 knyg\u0105, tenkinau met\u0173 b\u016bvyje vis ry\u0161k\u0117jant\u012f gilumin\u012f poreik\u012f: \u012f\u017eengti \u012f m\u016bs\u0173 laik\u0173 istorija ar tiesiog m\u016bs\u0173 civilizacija vadinam\u0105 \u017emogi\u0161k\u0173j\u0173 dalyk\u0173 tankm\u0119. Tai nuostabus reginys, ir, pats jame dalyvaudamas, steb\u0117davausi tam tikru neapr\u0117piamu \u0161i\u0173 \u017eod\u017ei\u0173 pertekliumi. Sendamas pasidariau tarsi namas, atviras kadaise pa\u017einot\u0173, taip pat i\u0161 nuogird\u0173 ar knyg\u0173 pa\u017e\u012fstam\u0173 \u017emoni\u0173 balsams. I\u0161tisa raizgalyn\u0117 susipynusi\u0173 likim\u0173, tragi\u0161k\u0173 ir komi\u0161k\u0173, spalv\u0173, form\u0173, \u012fvairi\u0173 kalb\u0173 ir \u012fvairi\u0173 tar\u010di\u0173 gars\u0173.\"","robots":{"index":"index","follow":"follow","max-snippet":"max-snippet:-1","max-image-preview":"max-image-preview:large","max-video-preview":"max-video-preview:-1"},"canonical":"https:\/\/skaitytaknyga.lt\/en\/produktas\/czeslaw-milosz-abecele-pagelte-lapai\/","og_locale":"en_GB","og_type":"article","og_title":"Czeslaw Milosz \u201eAb\u0117c\u0117l\u0117\u201c (Pagelt\u0119 lapai) - Skaitytaknyga","og_description":"\u201eAb\u0117c\u0117l\u0117\u201c \u2013 k\u016brinys vietoj romano ar ties romano riba, atspindintis mano nuolatines \u201etalpesn\u0117s formos\u201c paie\u0161kas. Ra\u0161ydamas \u0161i\u0105 knyg\u0105, tenkinau met\u0173 b\u016bvyje vis ry\u0161k\u0117jant\u012f gilumin\u012f poreik\u012f: \u012f\u017eengti \u012f m\u016bs\u0173 laik\u0173 istorija ar tiesiog m\u016bs\u0173 civilizacija vadinam\u0105 \u017emogi\u0161k\u0173j\u0173 dalyk\u0173 tankm\u0119. Tai nuostabus reginys, ir, pats jame dalyvaudamas, steb\u0117davausi tam tikru neapr\u0117piamu \u0161i\u0173 \u017eod\u017ei\u0173 pertekliumi. Sendamas pasidariau tarsi namas, atviras kadaise pa\u017einot\u0173, taip pat i\u0161 nuogird\u0173 ar knyg\u0173 pa\u017e\u012fstam\u0173 \u017emoni\u0173 balsams. I\u0161tisa raizgalyn\u0117 susipynusi\u0173 likim\u0173, tragi\u0161k\u0173 ir komi\u0161k\u0173, spalv\u0173, form\u0173, \u012fvairi\u0173 kalb\u0173 ir \u012fvairi\u0173 tar\u010di\u0173 gars\u0173.\"","og_url":"https:\/\/skaitytaknyga.lt\/en\/produktas\/czeslaw-milosz-abecele-pagelte-lapai\/","og_site_name":"Skaitytaknyga","article_publisher":"https:\/\/www.facebook.com\/skaitytaknyga\/","article_modified_time":"2024-05-04T19:09:42+00:00","og_image":[{"width":293,"height":450,"url":"https:\/\/skaitytaknyga.lt\/wp-content\/uploads\/2024\/05\/9786094500169_grande.jpg","type":"image\/jpeg"}],"twitter_card":"summary_large_image","twitter_misc":{"Estimated reading time":"1 minute"},"schema":{"@context":"https:\/\/schema.org","@graph":[{"@type":"WebPage","@id":"https:\/\/skaitytaknyga.lt\/produktas\/czeslaw-milosz-abecele-pagelte-lapai\/","url":"https:\/\/skaitytaknyga.lt\/produktas\/czeslaw-milosz-abecele-pagelte-lapai\/","name":"Czeslaw Milosz \u201eAb\u0117c\u0117l\u0117\u201c (Pagelt\u0119 lapai) - Skaitytaknyga","isPartOf":{"@id":"https:\/\/skaitytaknyga.lt\/#website"},"primaryImageOfPage":{"@id":"https:\/\/skaitytaknyga.lt\/produktas\/czeslaw-milosz-abecele-pagelte-lapai\/#primaryimage"},"image":{"@id":"https:\/\/skaitytaknyga.lt\/produktas\/czeslaw-milosz-abecele-pagelte-lapai\/#primaryimage"},"thumbnailUrl":"https:\/\/skaitytaknyga.lt\/wp-content\/uploads\/2024\/05\/9786094500169_grande.jpg","datePublished":"2024-05-04T19:07:34+00:00","dateModified":"2024-05-04T19:09:42+00:00","description":"\u201eAb\u0117c\u0117l\u0117\u201c \u2013 k\u016brinys vietoj romano ar ties romano riba, atspindintis mano nuolatines \u201etalpesn\u0117s formos\u201c paie\u0161kas. Ra\u0161ydamas \u0161i\u0105 knyg\u0105, tenkinau met\u0173 b\u016bvyje vis ry\u0161k\u0117jant\u012f gilumin\u012f poreik\u012f: \u012f\u017eengti \u012f m\u016bs\u0173 laik\u0173 istorija ar tiesiog m\u016bs\u0173 civilizacija vadinam\u0105 \u017emogi\u0161k\u0173j\u0173 dalyk\u0173 tankm\u0119. Tai nuostabus reginys, ir, pats jame dalyvaudamas, steb\u0117davausi tam tikru neapr\u0117piamu \u0161i\u0173 \u017eod\u017ei\u0173 pertekliumi. Sendamas pasidariau tarsi namas, atviras kadaise pa\u017einot\u0173, taip pat i\u0161 nuogird\u0173 ar knyg\u0173 pa\u017e\u012fstam\u0173 \u017emoni\u0173 balsams. I\u0161tisa raizgalyn\u0117 susipynusi\u0173 likim\u0173, tragi\u0161k\u0173 ir komi\u0161k\u0173, spalv\u0173, form\u0173, \u012fvairi\u0173 kalb\u0173 ir \u012fvairi\u0173 tar\u010di\u0173 gars\u0173.\"","breadcrumb":{"@id":"https:\/\/skaitytaknyga.lt\/produktas\/czeslaw-milosz-abecele-pagelte-lapai\/#breadcrumb"},"inLanguage":"en-GB","potentialAction":[{"@type":"ReadAction","target":["https:\/\/skaitytaknyga.lt\/produktas\/czeslaw-milosz-abecele-pagelte-lapai\/"]}]},{"@type":"ImageObject","inLanguage":"en-GB","@id":"https:\/\/skaitytaknyga.lt\/produktas\/czeslaw-milosz-abecele-pagelte-lapai\/#primaryimage","url":"https:\/\/skaitytaknyga.lt\/wp-content\/uploads\/2024\/05\/9786094500169_grande.jpg","contentUrl":"https:\/\/skaitytaknyga.lt\/wp-content\/uploads\/2024\/05\/9786094500169_grande.jpg","width":293,"height":450},{"@type":"BreadcrumbList","@id":"https:\/\/skaitytaknyga.lt\/produktas\/czeslaw-milosz-abecele-pagelte-lapai\/#breadcrumb","itemListElement":[{"@type":"ListItem","position":1,"name":"Home","item":"https:\/\/skaitytaknyga.lt\/"},{"@type":"ListItem","position":2,"name":"Parduotuv\u0117","item":"https:\/\/skaitytaknyga.lt\/knygu-parduotuve\/"},{"@type":"ListItem","position":3,"name":"Czeslaw Milosz \u201eAb\u0117c\u0117l\u0117\u201c (Pagelt\u0119 lapai)"}]},{"@type":"WebSite","@id":"https:\/\/skaitytaknyga.lt\/#website","url":"https:\/\/skaitytaknyga.lt\/","name":"skaitytaknyga.lt","description":"Skaitytaknyga.lt \u2013 tai ma\u017eas \u0161eimos verslas, kuris prasid\u0117jo nuo meil\u0117s knygoms ir siekio i\u0161gelb\u0117ti knygas nuo likimo prie konteinerio. Kas vienam nereikalingas daiktas \u2013 kitam lobis, o mes esame tarpininkai, kurie padeda abiems tapti laimingesniems ???? \u017dinome kaip nelengva i\u0161gyventi ma\u017eiems verslams, tad nuo \u0161iol, \u010dia rasite ir kit\u0173, ma\u017e\u0173 \u0161eim\u0173 versl\u0173, rank\u0173 darbo, dovan\u0173 sau ir artimiesiems.","publisher":{"@id":"https:\/\/skaitytaknyga.lt\/#organization"},"potentialAction":[{"@type":"SearchAction","target":{"@type":"EntryPoint","urlTemplate":"https:\/\/skaitytaknyga.lt\/?s={search_term_string}"},"query-input":{"@type":"PropertyValueSpecification","valueRequired":true,"valueName":"search_term_string"}}],"inLanguage":"en-GB"},{"@type":"Organization","@id":"https:\/\/skaitytaknyga.lt\/#organization","name":"skaitytaknyga.lt","url":"https:\/\/skaitytaknyga.lt\/","logo":{"@type":"ImageObject","inLanguage":"en-GB","@id":"https:\/\/skaitytaknyga.lt\/#\/schema\/logo\/image\/","url":"https:\/\/skaitytaknyga.lt\/wp-content\/uploads\/2024\/05\/cropped-cropped-cropped-02_00843_jt3bggkj1j3HLc7SyY6rEUpg.jpeg","contentUrl":"https:\/\/skaitytaknyga.lt\/wp-content\/uploads\/2024\/05\/cropped-cropped-cropped-02_00843_jt3bggkj1j3HLc7SyY6rEUpg.jpeg","width":1600,"height":1600,"caption":"skaitytaknyga.lt"},"image":{"@id":"https:\/\/skaitytaknyga.lt\/#\/schema\/logo\/image\/"},"sameAs":["https:\/\/www.facebook.com\/skaitytaknyga\/"]}]}},"_links":{"self":[{"href":"https:\/\/skaitytaknyga.lt\/en\/wp-json\/wp\/v2\/product\/10609","targetHints":{"allow":["GET"]}}],"collection":[{"href":"https:\/\/skaitytaknyga.lt\/en\/wp-json\/wp\/v2\/product"}],"about":[{"href":"https:\/\/skaitytaknyga.lt\/en\/wp-json\/wp\/v2\/types\/product"}],"replies":[{"embeddable":true,"href":"https:\/\/skaitytaknyga.lt\/en\/wp-json\/wp\/v2\/comments?post=10609"}],"wp:featuredmedia":[{"embeddable":true,"href":"https:\/\/skaitytaknyga.lt\/en\/wp-json\/wp\/v2\/media\/10644"}],"wp:attachment":[{"href":"https:\/\/skaitytaknyga.lt\/en\/wp-json\/wp\/v2\/media?parent=10609"}],"wp:term":[{"taxonomy":"product_brand","embeddable":true,"href":"https:\/\/skaitytaknyga.lt\/en\/wp-json\/wp\/v2\/product_brand?post=10609"},{"taxonomy":"product_cat","embeddable":true,"href":"https:\/\/skaitytaknyga.lt\/en\/wp-json\/wp\/v2\/product_cat?post=10609"},{"taxonomy":"product_tag","embeddable":true,"href":"https:\/\/skaitytaknyga.lt\/en\/wp-json\/wp\/v2\/product_tag?post=10609"}],"curies":[{"name":"wp","href":"https:\/\/api.w.org\/{rel}","templated":true}]}}