{"id":10597,"date":"2024-05-04T18:27:34","date_gmt":"2024-05-04T18:27:34","guid":{"rendered":"https:\/\/skaitytaknyga.lt\/?post_type=product&#038;p=10597"},"modified":"2024-05-04T19:09:38","modified_gmt":"2024-05-04T19:09:38","slug":"literaturos-klasikos-interpretacijos","status":"publish","type":"product","link":"https:\/\/skaitytaknyga.lt\/en\/produktas\/literaturos-klasikos-interpretacijos\/","title":{"rendered":"Literat\u016bros klasikos interpretacijos"},"content":{"rendered":"<div class=\"collapsor\">\u201cLiterat\u016bros klasikos interpretacijos\u201d \u2013 tai Vilniaus universiteto Lietuvi\u0173 literat\u016bros katedros d\u0117stytoj\u0173 knyga, skirta vidurini\u0173 mokykl\u0173 bei gimnazij\u0173 mokiniams, norintiems geriau susipa\u017einti su \u017eymiausi\u0173 lietuvi\u0173 ra\u0161ytoj\u0173 k\u016bryba ir i\u0161mokti j\u0105 savaranki\u0161kai interpretuoti. Knyga susideda i\u0161 straipsni\u0173, kuriuose duodama svarbiausia informacija apie ra\u0161ytojus, j\u0173 k\u016brybos interpretacijos pavyzd\u017eiai, savaranki\u0161ko darbo u\u017eduotys, nurodoma papildoma bibliografija. Kartu su anks\u010diau pasirod\u017eiusiomis t\u0173 pa\u010di\u0173 autori\u0173 knygomis \u201cLiterat\u016bros teksto interpretacija\u201d ir \u201cTeksto analiz\u0117 mokykloje\u201d \u0161i knyga sudaro savoti\u0161k\u0105 vadov\u0117l\u012f, svarbiausius lietuvi\u0173 ra\u0161ytojus pristatant\u012f per j\u0173 tekstus, per literat\u016bros k\u016brini\u0173 skaitym\u0105. Ji pravers ne tik mokiniams, bet ir visiems, kam \u012fdomi gimtoji literat\u016bra, kas jos mokosi, j\u0105 studijuoja, d\u0117sto ar tiesiog skaito.<\/div>\n","protected":false},"excerpt":{"rendered":"<div class=\"collapsor\">\u201cLiterat\u016bros klasikos interpretacijos\u201d \u2013 tai Vilniaus universiteto Lietuvi\u0173 literat\u016bros katedros d\u0117stytoj\u0173 knyga, skirta vidurini\u0173 mokykl\u0173 bei gimnazij\u0173 mokiniams, norintiems geriau susipa\u017einti su \u017eymiausi\u0173 lietuvi\u0173 ra\u0161ytoj\u0173 k\u016bryba ir i\u0161mokti j\u0105 savaranki\u0161kai interpretuoti. Knyga susideda i\u0161 straipsni\u0173, kuriuose duodama svarbiausia informacija apie ra\u0161ytojus, j\u0173 k\u016brybos interpretacijos pavyzd\u017eiai, savaranki\u0161ko darbo u\u017eduotys, nurodoma papildoma bibliografija. Kartu su anks\u010diau pasirod\u017eiusiomis t\u0173 pa\u010di\u0173 autori\u0173 knygomis \u201cLiterat\u016bros teksto interpretacija\u201d ir \u201cTeksto analiz\u0117 mokykloje\u201d \u0161i knyga sudaro savoti\u0161k\u0105 vadov\u0117l\u012f, svarbiausius lietuvi\u0173 ra\u0161ytojus pristatant\u012f per j\u0173 tekstus, per literat\u016bros k\u016brini\u0173 skaitym\u0105. Ji pravers ne tik mokiniams, bet ir visiems, kam \u012fdomi gimtoji literat\u016bra, kas jos mokosi, j\u0105 studijuoja, d\u0117sto ar tiesiog skaito.<\/div>\n","protected":false},"featured_media":10642,"comment_status":"closed","ping_status":"closed","template":"","meta":{"_acf_changed":false,"site-sidebar-layout":"default","site-content-layout":"","ast-site-content-layout":"default","site-content-style":"default","site-sidebar-style":"default","ast-global-header-display":"","ast-banner-title-visibility":"","ast-main-header-display":"","ast-hfb-above-header-display":"","ast-hfb-below-header-display":"","ast-hfb-mobile-header-display":"","site-post-title":"","ast-breadcrumbs-content":"","ast-featured-img":"","footer-sml-layout":"","ast-disable-related-posts":"","theme-transparent-header-meta":"","adv-header-id-meta":"","stick-header-meta":"","header-above-stick-meta":"","header-main-stick-meta":"","header-below-stick-meta":"","astra-migrate-meta-layouts":"default","ast-page-background-enabled":"default","ast-page-background-meta":{"desktop":{"background-color":"","background-image":"","background-repeat":"repeat","background-position":"center center","background-size":"auto","background-attachment":"scroll","background-type":"","background-media":"","overlay-type":"","overlay-color":"","overlay-opacity":"","overlay-gradient":""},"tablet":{"background-color":"","background-image":"","background-repeat":"repeat","background-position":"center center","background-size":"auto","background-attachment":"scroll","background-type":"","background-media":"","overlay-type":"","overlay-color":"","overlay-opacity":"","overlay-gradient":""},"mobile":{"background-color":"","background-image":"","background-repeat":"repeat","background-position":"center center","background-size":"auto","background-attachment":"scroll","background-type":"","background-media":"","overlay-type":"","overlay-color":"","overlay-opacity":"","overlay-gradient":""}},"ast-content-background-meta":{"desktop":{"background-color":"var(--ast-global-color-4)","background-image":"","background-repeat":"repeat","background-position":"center center","background-size":"auto","background-attachment":"scroll","background-type":"","background-media":"","overlay-type":"","overlay-color":"","overlay-opacity":"","overlay-gradient":""},"tablet":{"background-color":"var(--ast-global-color-4)","background-image":"","background-repeat":"repeat","background-position":"center center","background-size":"auto","background-attachment":"scroll","background-type":"","background-media":"","overlay-type":"","overlay-color":"","overlay-opacity":"","overlay-gradient":""},"mobile":{"background-color":"var(--ast-global-color-4)","background-image":"","background-repeat":"repeat","background-position":"center center","background-size":"auto","background-attachment":"scroll","background-type":"","background-media":"","overlay-type":"","overlay-color":"","overlay-opacity":"","overlay-gradient":""}}},"product_brand":[],"product_cat":[390],"product_tag":[],"class_list":{"0":"post-10597","1":"product","2":"type-product","3":"status-publish","4":"has-post-thumbnail","6":"product_cat-kalba-kalbotyra-zodynai","7":"desktop-align-left","8":"tablet-align-left","9":"mobile-align-left","11":"first","12":"instock","13":"shipping-taxable","14":"purchasable","15":"product-type-simple"},"acf":[],"yoast_head":"<!-- This site is optimized with the Yoast SEO plugin v27.4 - https:\/\/yoast.com\/product\/yoast-seo-wordpress\/ -->\n<title>Literat\u016bros klasikos interpretacijos - Skaitytaknyga<\/title>\n<meta name=\"description\" content=\"\u201cLiterat\u016bros klasikos interpretacijos\u201d \u2013 tai Vilniaus universiteto Lietuvi\u0173 literat\u016bros katedros d\u0117stytoj\u0173 knyga, skirta vidurini\u0173 mokykl\u0173 bei gimnazij\u0173 mokiniams, norintiems geriau susipa\u017einti su \u017eymiausi\u0173 lietuvi\u0173 ra\u0161ytoj\u0173 k\u016bryba ir i\u0161mokti j\u0105 savaranki\u0161kai interpretuoti. Knyga susideda i\u0161 straipsni\u0173, kuriuose duodama svarbiausia informacija apie ra\u0161ytojus, j\u0173 k\u016brybos interpretacijos pavyzd\u017eiai, savaranki\u0161ko darbo u\u017eduotys, nurodoma papildoma bibliografija. Kartu su anks\u010diau pasirod\u017eiusiomis t\u0173 pa\u010di\u0173 autori\u0173 knygomis \u201cLiterat\u016bros teksto interpretacija\u201d ir \u201cTeksto analiz\u0117 mokykloje\u201d \u0161i knyga sudaro savoti\u0161k\u0105 vadov\u0117l\u012f, svarbiausius lietuvi\u0173 ra\u0161ytojus pristatant\u012f per j\u0173 tekstus, per literat\u016bros k\u016brini\u0173 skaitym\u0105. Ji pravers ne tik mokiniams, bet ir visiems, kam \u012fdomi gimtoji literat\u016bra, kas jos mokosi, j\u0105 studijuoja, d\u0117sto ar tiesiog skaito.\" \/>\n<meta name=\"robots\" content=\"index, follow, max-snippet:-1, max-image-preview:large, max-video-preview:-1\" \/>\n<link rel=\"canonical\" href=\"https:\/\/skaitytaknyga.lt\/en\/produktas\/literaturos-klasikos-interpretacijos\/\" \/>\n<meta property=\"og:locale\" content=\"en_GB\" \/>\n<meta property=\"og:locale:alternate\" content=\"lt_LT\" \/>\n<meta property=\"og:type\" content=\"article\" \/>\n<meta property=\"og:title\" content=\"Literat\u016bros klasikos interpretacijos - Skaitytaknyga\" \/>\n<meta property=\"og:description\" content=\"\u201cLiterat\u016bros klasikos interpretacijos\u201d \u2013 tai Vilniaus universiteto Lietuvi\u0173 literat\u016bros katedros d\u0117stytoj\u0173 knyga, skirta vidurini\u0173 mokykl\u0173 bei gimnazij\u0173 mokiniams, norintiems geriau susipa\u017einti su \u017eymiausi\u0173 lietuvi\u0173 ra\u0161ytoj\u0173 k\u016bryba ir i\u0161mokti j\u0105 savaranki\u0161kai interpretuoti. Knyga susideda i\u0161 straipsni\u0173, kuriuose duodama svarbiausia informacija apie ra\u0161ytojus, j\u0173 k\u016brybos interpretacijos pavyzd\u017eiai, savaranki\u0161ko darbo u\u017eduotys, nurodoma papildoma bibliografija. Kartu su anks\u010diau pasirod\u017eiusiomis t\u0173 pa\u010di\u0173 autori\u0173 knygomis \u201cLiterat\u016bros teksto interpretacija\u201d ir \u201cTeksto analiz\u0117 mokykloje\u201d \u0161i knyga sudaro savoti\u0161k\u0105 vadov\u0117l\u012f, svarbiausius lietuvi\u0173 ra\u0161ytojus pristatant\u012f per j\u0173 tekstus, per literat\u016bros k\u016brini\u0173 skaitym\u0105. Ji pravers ne tik mokiniams, bet ir visiems, kam \u012fdomi gimtoji literat\u016bra, kas jos mokosi, j\u0105 studijuoja, d\u0117sto ar tiesiog skaito.\" \/>\n<meta property=\"og:url\" content=\"https:\/\/skaitytaknyga.lt\/en\/produktas\/literaturos-klasikos-interpretacijos\/\" \/>\n<meta property=\"og:site_name\" content=\"Skaitytaknyga\" \/>\n<meta property=\"article:publisher\" content=\"https:\/\/www.facebook.com\/skaitytaknyga\/\" \/>\n<meta property=\"article:modified_time\" content=\"2024-05-04T19:09:38+00:00\" \/>\n<meta property=\"og:image\" content=\"https:\/\/skaitytaknyga.lt\/wp-content\/uploads\/2024\/05\/225750-16520398365136102245981977739165-e1665839091358.jpg\" \/>\n\t<meta property=\"og:image:width\" content=\"336\" \/>\n\t<meta property=\"og:image:height\" content=\"483\" \/>\n\t<meta property=\"og:image:type\" content=\"image\/jpeg\" \/>\n<meta name=\"twitter:card\" content=\"summary_large_image\" \/>\n<meta name=\"twitter:label1\" content=\"Estimated reading time\" \/>\n\t<meta name=\"twitter:data1\" content=\"1 minute\" \/>\n<script type=\"application\/ld+json\" class=\"yoast-schema-graph\">{\"@context\":\"https:\\\/\\\/schema.org\",\"@graph\":[{\"@type\":\"WebPage\",\"@id\":\"https:\\\/\\\/skaitytaknyga.lt\\\/produktas\\\/literaturos-klasikos-interpretacijos\\\/\",\"url\":\"https:\\\/\\\/skaitytaknyga.lt\\\/produktas\\\/literaturos-klasikos-interpretacijos\\\/\",\"name\":\"Literat\u016bros klasikos interpretacijos - Skaitytaknyga\",\"isPartOf\":{\"@id\":\"https:\\\/\\\/skaitytaknyga.lt\\\/#website\"},\"primaryImageOfPage\":{\"@id\":\"https:\\\/\\\/skaitytaknyga.lt\\\/produktas\\\/literaturos-klasikos-interpretacijos\\\/#primaryimage\"},\"image\":{\"@id\":\"https:\\\/\\\/skaitytaknyga.lt\\\/produktas\\\/literaturos-klasikos-interpretacijos\\\/#primaryimage\"},\"thumbnailUrl\":\"https:\\\/\\\/skaitytaknyga.lt\\\/wp-content\\\/uploads\\\/2024\\\/05\\\/225750-16520398365136102245981977739165-e1665839091358.jpg\",\"datePublished\":\"2024-05-04T18:27:34+00:00\",\"dateModified\":\"2024-05-04T19:09:38+00:00\",\"description\":\"\u201cLiterat\u016bros klasikos interpretacijos\u201d \u2013 tai Vilniaus universiteto Lietuvi\u0173 literat\u016bros katedros d\u0117stytoj\u0173 knyga, skirta vidurini\u0173 mokykl\u0173 bei gimnazij\u0173 mokiniams, norintiems geriau susipa\u017einti su \u017eymiausi\u0173 lietuvi\u0173 ra\u0161ytoj\u0173 k\u016bryba ir i\u0161mokti j\u0105 savaranki\u0161kai interpretuoti. Knyga susideda i\u0161 straipsni\u0173, kuriuose duodama svarbiausia informacija apie ra\u0161ytojus, j\u0173 k\u016brybos interpretacijos pavyzd\u017eiai, savaranki\u0161ko darbo u\u017eduotys, nurodoma papildoma bibliografija. Kartu su anks\u010diau pasirod\u017eiusiomis t\u0173 pa\u010di\u0173 autori\u0173 knygomis \u201cLiterat\u016bros teksto interpretacija\u201d ir \u201cTeksto analiz\u0117 mokykloje\u201d \u0161i knyga sudaro savoti\u0161k\u0105 vadov\u0117l\u012f, svarbiausius lietuvi\u0173 ra\u0161ytojus pristatant\u012f per j\u0173 tekstus, per literat\u016bros k\u016brini\u0173 skaitym\u0105. Ji pravers ne tik mokiniams, bet ir visiems, kam \u012fdomi gimtoji literat\u016bra, kas jos mokosi, j\u0105 studijuoja, d\u0117sto ar tiesiog skaito.\",\"breadcrumb\":{\"@id\":\"https:\\\/\\\/skaitytaknyga.lt\\\/produktas\\\/literaturos-klasikos-interpretacijos\\\/#breadcrumb\"},\"inLanguage\":\"en-GB\",\"potentialAction\":[{\"@type\":\"ReadAction\",\"target\":[\"https:\\\/\\\/skaitytaknyga.lt\\\/produktas\\\/literaturos-klasikos-interpretacijos\\\/\"]}]},{\"@type\":\"ImageObject\",\"inLanguage\":\"en-GB\",\"@id\":\"https:\\\/\\\/skaitytaknyga.lt\\\/produktas\\\/literaturos-klasikos-interpretacijos\\\/#primaryimage\",\"url\":\"https:\\\/\\\/skaitytaknyga.lt\\\/wp-content\\\/uploads\\\/2024\\\/05\\\/225750-16520398365136102245981977739165-e1665839091358.jpg\",\"contentUrl\":\"https:\\\/\\\/skaitytaknyga.lt\\\/wp-content\\\/uploads\\\/2024\\\/05\\\/225750-16520398365136102245981977739165-e1665839091358.jpg\",\"width\":336,\"height\":483},{\"@type\":\"BreadcrumbList\",\"@id\":\"https:\\\/\\\/skaitytaknyga.lt\\\/produktas\\\/literaturos-klasikos-interpretacijos\\\/#breadcrumb\",\"itemListElement\":[{\"@type\":\"ListItem\",\"position\":1,\"name\":\"Home\",\"item\":\"https:\\\/\\\/skaitytaknyga.lt\\\/\"},{\"@type\":\"ListItem\",\"position\":2,\"name\":\"Parduotuv\u0117\",\"item\":\"https:\\\/\\\/skaitytaknyga.lt\\\/knygu-parduotuve\\\/\"},{\"@type\":\"ListItem\",\"position\":3,\"name\":\"Literat\u016bros klasikos interpretacijos\"}]},{\"@type\":\"WebSite\",\"@id\":\"https:\\\/\\\/skaitytaknyga.lt\\\/#website\",\"url\":\"https:\\\/\\\/skaitytaknyga.lt\\\/\",\"name\":\"skaitytaknyga.lt\",\"description\":\"Skaitytaknyga.lt \u2013 tai ma\u017eas \u0161eimos verslas, kuris prasid\u0117jo nuo meil\u0117s knygoms ir siekio i\u0161gelb\u0117ti knygas nuo likimo prie konteinerio. Kas vienam nereikalingas daiktas \u2013 kitam lobis, o mes esame tarpininkai, kurie padeda abiems tapti laimingesniems ???? \u017dinome kaip nelengva i\u0161gyventi ma\u017eiems verslams, tad nuo \u0161iol, \u010dia rasite ir kit\u0173, ma\u017e\u0173 \u0161eim\u0173 versl\u0173, rank\u0173 darbo, dovan\u0173 sau ir artimiesiems.\",\"publisher\":{\"@id\":\"https:\\\/\\\/skaitytaknyga.lt\\\/#organization\"},\"potentialAction\":[{\"@type\":\"SearchAction\",\"target\":{\"@type\":\"EntryPoint\",\"urlTemplate\":\"https:\\\/\\\/skaitytaknyga.lt\\\/?s={search_term_string}\"},\"query-input\":{\"@type\":\"PropertyValueSpecification\",\"valueRequired\":true,\"valueName\":\"search_term_string\"}}],\"inLanguage\":\"en-GB\"},{\"@type\":\"Organization\",\"@id\":\"https:\\\/\\\/skaitytaknyga.lt\\\/#organization\",\"name\":\"skaitytaknyga.lt\",\"url\":\"https:\\\/\\\/skaitytaknyga.lt\\\/\",\"logo\":{\"@type\":\"ImageObject\",\"inLanguage\":\"en-GB\",\"@id\":\"https:\\\/\\\/skaitytaknyga.lt\\\/#\\\/schema\\\/logo\\\/image\\\/\",\"url\":\"https:\\\/\\\/skaitytaknyga.lt\\\/wp-content\\\/uploads\\\/2024\\\/05\\\/cropped-cropped-cropped-02_00843_jt3bggkj1j3HLc7SyY6rEUpg.jpeg\",\"contentUrl\":\"https:\\\/\\\/skaitytaknyga.lt\\\/wp-content\\\/uploads\\\/2024\\\/05\\\/cropped-cropped-cropped-02_00843_jt3bggkj1j3HLc7SyY6rEUpg.jpeg\",\"width\":1600,\"height\":1600,\"caption\":\"skaitytaknyga.lt\"},\"image\":{\"@id\":\"https:\\\/\\\/skaitytaknyga.lt\\\/#\\\/schema\\\/logo\\\/image\\\/\"},\"sameAs\":[\"https:\\\/\\\/www.facebook.com\\\/skaitytaknyga\\\/\"]}]}<\/script>\n<!-- \/ Yoast SEO plugin. -->","yoast_head_json":{"title":"Literat\u016bros klasikos interpretacijos - Skaitytaknyga","description":"\u201cLiterat\u016bros klasikos interpretacijos\u201d \u2013 tai Vilniaus universiteto Lietuvi\u0173 literat\u016bros katedros d\u0117stytoj\u0173 knyga, skirta vidurini\u0173 mokykl\u0173 bei gimnazij\u0173 mokiniams, norintiems geriau susipa\u017einti su \u017eymiausi\u0173 lietuvi\u0173 ra\u0161ytoj\u0173 k\u016bryba ir i\u0161mokti j\u0105 savaranki\u0161kai interpretuoti. Knyga susideda i\u0161 straipsni\u0173, kuriuose duodama svarbiausia informacija apie ra\u0161ytojus, j\u0173 k\u016brybos interpretacijos pavyzd\u017eiai, savaranki\u0161ko darbo u\u017eduotys, nurodoma papildoma bibliografija. Kartu su anks\u010diau pasirod\u017eiusiomis t\u0173 pa\u010di\u0173 autori\u0173 knygomis \u201cLiterat\u016bros teksto interpretacija\u201d ir \u201cTeksto analiz\u0117 mokykloje\u201d \u0161i knyga sudaro savoti\u0161k\u0105 vadov\u0117l\u012f, svarbiausius lietuvi\u0173 ra\u0161ytojus pristatant\u012f per j\u0173 tekstus, per literat\u016bros k\u016brini\u0173 skaitym\u0105. Ji pravers ne tik mokiniams, bet ir visiems, kam \u012fdomi gimtoji literat\u016bra, kas jos mokosi, j\u0105 studijuoja, d\u0117sto ar tiesiog skaito.","robots":{"index":"index","follow":"follow","max-snippet":"max-snippet:-1","max-image-preview":"max-image-preview:large","max-video-preview":"max-video-preview:-1"},"canonical":"https:\/\/skaitytaknyga.lt\/en\/produktas\/literaturos-klasikos-interpretacijos\/","og_locale":"en_GB","og_type":"article","og_title":"Literat\u016bros klasikos interpretacijos - Skaitytaknyga","og_description":"\u201cLiterat\u016bros klasikos interpretacijos\u201d \u2013 tai Vilniaus universiteto Lietuvi\u0173 literat\u016bros katedros d\u0117stytoj\u0173 knyga, skirta vidurini\u0173 mokykl\u0173 bei gimnazij\u0173 mokiniams, norintiems geriau susipa\u017einti su \u017eymiausi\u0173 lietuvi\u0173 ra\u0161ytoj\u0173 k\u016bryba ir i\u0161mokti j\u0105 savaranki\u0161kai interpretuoti. Knyga susideda i\u0161 straipsni\u0173, kuriuose duodama svarbiausia informacija apie ra\u0161ytojus, j\u0173 k\u016brybos interpretacijos pavyzd\u017eiai, savaranki\u0161ko darbo u\u017eduotys, nurodoma papildoma bibliografija. Kartu su anks\u010diau pasirod\u017eiusiomis t\u0173 pa\u010di\u0173 autori\u0173 knygomis \u201cLiterat\u016bros teksto interpretacija\u201d ir \u201cTeksto analiz\u0117 mokykloje\u201d \u0161i knyga sudaro savoti\u0161k\u0105 vadov\u0117l\u012f, svarbiausius lietuvi\u0173 ra\u0161ytojus pristatant\u012f per j\u0173 tekstus, per literat\u016bros k\u016brini\u0173 skaitym\u0105. Ji pravers ne tik mokiniams, bet ir visiems, kam \u012fdomi gimtoji literat\u016bra, kas jos mokosi, j\u0105 studijuoja, d\u0117sto ar tiesiog skaito.","og_url":"https:\/\/skaitytaknyga.lt\/en\/produktas\/literaturos-klasikos-interpretacijos\/","og_site_name":"Skaitytaknyga","article_publisher":"https:\/\/www.facebook.com\/skaitytaknyga\/","article_modified_time":"2024-05-04T19:09:38+00:00","og_image":[{"width":336,"height":483,"url":"https:\/\/skaitytaknyga.lt\/wp-content\/uploads\/2024\/05\/225750-16520398365136102245981977739165-e1665839091358.jpg","type":"image\/jpeg"}],"twitter_card":"summary_large_image","twitter_misc":{"Estimated reading time":"1 minute"},"schema":{"@context":"https:\/\/schema.org","@graph":[{"@type":"WebPage","@id":"https:\/\/skaitytaknyga.lt\/produktas\/literaturos-klasikos-interpretacijos\/","url":"https:\/\/skaitytaknyga.lt\/produktas\/literaturos-klasikos-interpretacijos\/","name":"Literat\u016bros klasikos interpretacijos - Skaitytaknyga","isPartOf":{"@id":"https:\/\/skaitytaknyga.lt\/#website"},"primaryImageOfPage":{"@id":"https:\/\/skaitytaknyga.lt\/produktas\/literaturos-klasikos-interpretacijos\/#primaryimage"},"image":{"@id":"https:\/\/skaitytaknyga.lt\/produktas\/literaturos-klasikos-interpretacijos\/#primaryimage"},"thumbnailUrl":"https:\/\/skaitytaknyga.lt\/wp-content\/uploads\/2024\/05\/225750-16520398365136102245981977739165-e1665839091358.jpg","datePublished":"2024-05-04T18:27:34+00:00","dateModified":"2024-05-04T19:09:38+00:00","description":"\u201cLiterat\u016bros klasikos interpretacijos\u201d \u2013 tai Vilniaus universiteto Lietuvi\u0173 literat\u016bros katedros d\u0117stytoj\u0173 knyga, skirta vidurini\u0173 mokykl\u0173 bei gimnazij\u0173 mokiniams, norintiems geriau susipa\u017einti su \u017eymiausi\u0173 lietuvi\u0173 ra\u0161ytoj\u0173 k\u016bryba ir i\u0161mokti j\u0105 savaranki\u0161kai interpretuoti. Knyga susideda i\u0161 straipsni\u0173, kuriuose duodama svarbiausia informacija apie ra\u0161ytojus, j\u0173 k\u016brybos interpretacijos pavyzd\u017eiai, savaranki\u0161ko darbo u\u017eduotys, nurodoma papildoma bibliografija. Kartu su anks\u010diau pasirod\u017eiusiomis t\u0173 pa\u010di\u0173 autori\u0173 knygomis \u201cLiterat\u016bros teksto interpretacija\u201d ir \u201cTeksto analiz\u0117 mokykloje\u201d \u0161i knyga sudaro savoti\u0161k\u0105 vadov\u0117l\u012f, svarbiausius lietuvi\u0173 ra\u0161ytojus pristatant\u012f per j\u0173 tekstus, per literat\u016bros k\u016brini\u0173 skaitym\u0105. Ji pravers ne tik mokiniams, bet ir visiems, kam \u012fdomi gimtoji literat\u016bra, kas jos mokosi, j\u0105 studijuoja, d\u0117sto ar tiesiog skaito.","breadcrumb":{"@id":"https:\/\/skaitytaknyga.lt\/produktas\/literaturos-klasikos-interpretacijos\/#breadcrumb"},"inLanguage":"en-GB","potentialAction":[{"@type":"ReadAction","target":["https:\/\/skaitytaknyga.lt\/produktas\/literaturos-klasikos-interpretacijos\/"]}]},{"@type":"ImageObject","inLanguage":"en-GB","@id":"https:\/\/skaitytaknyga.lt\/produktas\/literaturos-klasikos-interpretacijos\/#primaryimage","url":"https:\/\/skaitytaknyga.lt\/wp-content\/uploads\/2024\/05\/225750-16520398365136102245981977739165-e1665839091358.jpg","contentUrl":"https:\/\/skaitytaknyga.lt\/wp-content\/uploads\/2024\/05\/225750-16520398365136102245981977739165-e1665839091358.jpg","width":336,"height":483},{"@type":"BreadcrumbList","@id":"https:\/\/skaitytaknyga.lt\/produktas\/literaturos-klasikos-interpretacijos\/#breadcrumb","itemListElement":[{"@type":"ListItem","position":1,"name":"Home","item":"https:\/\/skaitytaknyga.lt\/"},{"@type":"ListItem","position":2,"name":"Parduotuv\u0117","item":"https:\/\/skaitytaknyga.lt\/knygu-parduotuve\/"},{"@type":"ListItem","position":3,"name":"Literat\u016bros klasikos interpretacijos"}]},{"@type":"WebSite","@id":"https:\/\/skaitytaknyga.lt\/#website","url":"https:\/\/skaitytaknyga.lt\/","name":"skaitytaknyga.lt","description":"Skaitytaknyga.lt \u2013 tai ma\u017eas \u0161eimos verslas, kuris prasid\u0117jo nuo meil\u0117s knygoms ir siekio i\u0161gelb\u0117ti knygas nuo likimo prie konteinerio. Kas vienam nereikalingas daiktas \u2013 kitam lobis, o mes esame tarpininkai, kurie padeda abiems tapti laimingesniems ???? \u017dinome kaip nelengva i\u0161gyventi ma\u017eiems verslams, tad nuo \u0161iol, \u010dia rasite ir kit\u0173, ma\u017e\u0173 \u0161eim\u0173 versl\u0173, rank\u0173 darbo, dovan\u0173 sau ir artimiesiems.","publisher":{"@id":"https:\/\/skaitytaknyga.lt\/#organization"},"potentialAction":[{"@type":"SearchAction","target":{"@type":"EntryPoint","urlTemplate":"https:\/\/skaitytaknyga.lt\/?s={search_term_string}"},"query-input":{"@type":"PropertyValueSpecification","valueRequired":true,"valueName":"search_term_string"}}],"inLanguage":"en-GB"},{"@type":"Organization","@id":"https:\/\/skaitytaknyga.lt\/#organization","name":"skaitytaknyga.lt","url":"https:\/\/skaitytaknyga.lt\/","logo":{"@type":"ImageObject","inLanguage":"en-GB","@id":"https:\/\/skaitytaknyga.lt\/#\/schema\/logo\/image\/","url":"https:\/\/skaitytaknyga.lt\/wp-content\/uploads\/2024\/05\/cropped-cropped-cropped-02_00843_jt3bggkj1j3HLc7SyY6rEUpg.jpeg","contentUrl":"https:\/\/skaitytaknyga.lt\/wp-content\/uploads\/2024\/05\/cropped-cropped-cropped-02_00843_jt3bggkj1j3HLc7SyY6rEUpg.jpeg","width":1600,"height":1600,"caption":"skaitytaknyga.lt"},"image":{"@id":"https:\/\/skaitytaknyga.lt\/#\/schema\/logo\/image\/"},"sameAs":["https:\/\/www.facebook.com\/skaitytaknyga\/"]}]}},"_links":{"self":[{"href":"https:\/\/skaitytaknyga.lt\/en\/wp-json\/wp\/v2\/product\/10597","targetHints":{"allow":["GET"]}}],"collection":[{"href":"https:\/\/skaitytaknyga.lt\/en\/wp-json\/wp\/v2\/product"}],"about":[{"href":"https:\/\/skaitytaknyga.lt\/en\/wp-json\/wp\/v2\/types\/product"}],"replies":[{"embeddable":true,"href":"https:\/\/skaitytaknyga.lt\/en\/wp-json\/wp\/v2\/comments?post=10597"}],"wp:featuredmedia":[{"embeddable":true,"href":"https:\/\/skaitytaknyga.lt\/en\/wp-json\/wp\/v2\/media\/10642"}],"wp:attachment":[{"href":"https:\/\/skaitytaknyga.lt\/en\/wp-json\/wp\/v2\/media?parent=10597"}],"wp:term":[{"taxonomy":"product_brand","embeddable":true,"href":"https:\/\/skaitytaknyga.lt\/en\/wp-json\/wp\/v2\/product_brand?post=10597"},{"taxonomy":"product_cat","embeddable":true,"href":"https:\/\/skaitytaknyga.lt\/en\/wp-json\/wp\/v2\/product_cat?post=10597"},{"taxonomy":"product_tag","embeddable":true,"href":"https:\/\/skaitytaknyga.lt\/en\/wp-json\/wp\/v2\/product_tag?post=10597"}],"curies":[{"name":"wp","href":"https:\/\/api.w.org\/{rel}","templated":true}]}}