{"id":10575,"date":"2024-05-04T18:23:42","date_gmt":"2024-05-04T18:23:42","guid":{"rendered":"https:\/\/skaitytaknyga.lt\/?post_type=product&#038;p=10575"},"modified":"2024-05-04T19:08:11","modified_gmt":"2024-05-04T19:08:11","slug":"alexandre-dumas-mergaite-a-pagelte-lapai","status":"publish","type":"product","link":"https:\/\/skaitytaknyga.lt\/en\/produktas\/alexandre-dumas-mergaite-a-pagelte-lapai\/","title":{"rendered":"Alexandre Dumas \u201eMergait\u0117 A\u201c (Pagelt\u0119 lapai)"},"content":{"rendered":"<div class=\"book-descript-wrapper\">\n<section class=\"product-descript more-content-wrapper\">\n<div class=\"\">\n<p style=\"font-weight: 400;\">\u201eMergait\u0117 A. Mergait\u0117, kuri pab\u0117go. Jeigu kas nors tur\u0117jo tai padaryti, tai tik tu.\u201c<\/p>\n<p style=\"font-weight: 400;\">B\u0117gdama nuo praeities Leks Greisi stengiasi negalvoti apie savo \u0161eim\u0105. Vengia net mintimis gr\u012f\u017eti \u012f T\u0117vo sukurt\u0105 Siaub\u0173 nam\u0105. Ir nenori prisiminti jai suteiktos Mergait\u0117s A tapatyb\u0117s\u00a0\u2013\u00a0mergait\u0117s, kuri i\u0161tr\u016bko i\u0161 kal\u0117jimu virtusi\u0173 nam\u0173 ir i\u0161laisvino savo brolius ir seseris. Ta\u010diau mirus Motinai praeitis j\u0105 pasiveja\u00a0\u2013 kartu su kitais vaikais Leks paveldi \u0161eimos namus. Siekdama pakeisti kraupi\u0105 j\u0173 istorij\u0105, Leks susitinka su seniai matytais broliais ir seserimis. V\u0117l atsiveria kraujuojan\u010dios vaikyst\u0117s \u017eaizdos, \u0161m\u0117k\u0161teli baim\u0117s ir \u0161yk\u0161taus d\u017eiaugsmo akimirkos, bet viltis i\u0161siver\u017eti i\u0161 tamsos\u00a0\u2013 tada ir dabar\u00a0\u2013 lieka nepalau\u017eta.<\/p>\n<\/div>\n<\/section>\n<\/div>\n","protected":false},"excerpt":{"rendered":"<div class=\"book-descript-wrapper\">\n<section class=\"product-descript more-content-wrapper\">\n<div class=\"\">\n<p style=\"font-weight: 400;\">\u201eMergait\u0117 A. Mergait\u0117, kuri pab\u0117go. Jeigu kas nors tur\u0117jo tai padaryti, tai tik tu.\u201c<\/p>\n<p style=\"font-weight: 400;\">B\u0117gdama nuo praeities Leks Greisi stengiasi negalvoti apie savo \u0161eim\u0105. Vengia net mintimis gr\u012f\u017eti \u012f T\u0117vo sukurt\u0105 Siaub\u0173 nam\u0105. Ir nenori prisiminti jai suteiktos Mergait\u0117s A tapatyb\u0117s\u00a0\u2013\u00a0mergait\u0117s, kuri i\u0161tr\u016bko i\u0161 kal\u0117jimu virtusi\u0173 nam\u0173 ir i\u0161laisvino savo brolius ir seseris. Ta\u010diau mirus Motinai praeitis j\u0105 pasiveja\u00a0\u2013 kartu su kitais vaikais Leks paveldi \u0161eimos namus. Siekdama pakeisti kraupi\u0105 j\u0173 istorij\u0105, Leks susitinka su seniai matytais broliais ir seserimis. V\u0117l atsiveria kraujuojan\u010dios vaikyst\u0117s \u017eaizdos, \u0161m\u0117k\u0161teli baim\u0117s ir \u0161yk\u0161taus d\u017eiaugsmo akimirkos, bet viltis i\u0161siver\u017eti i\u0161 tamsos\u00a0\u2013 tada ir dabar\u00a0\u2013 lieka nepalau\u017eta.<\/p>\n<\/div>\n<\/section>\n<\/div>\n","protected":false},"featured_media":10618,"comment_status":"closed","ping_status":"closed","template":"","meta":{"_acf_changed":false,"site-sidebar-layout":"default","site-content-layout":"","ast-site-content-layout":"default","site-content-style":"default","site-sidebar-style":"default","ast-global-header-display":"","ast-banner-title-visibility":"","ast-main-header-display":"","ast-hfb-above-header-display":"","ast-hfb-below-header-display":"","ast-hfb-mobile-header-display":"","site-post-title":"","ast-breadcrumbs-content":"","ast-featured-img":"","footer-sml-layout":"","ast-disable-related-posts":"","theme-transparent-header-meta":"","adv-header-id-meta":"","stick-header-meta":"","header-above-stick-meta":"","header-main-stick-meta":"","header-below-stick-meta":"","astra-migrate-meta-layouts":"default","ast-page-background-enabled":"default","ast-page-background-meta":{"desktop":{"background-color":"","background-image":"","background-repeat":"repeat","background-position":"center center","background-size":"auto","background-attachment":"scroll","background-type":"","background-media":"","overlay-type":"","overlay-color":"","overlay-opacity":"","overlay-gradient":""},"tablet":{"background-color":"","background-image":"","background-repeat":"repeat","background-position":"center center","background-size":"auto","background-attachment":"scroll","background-type":"","background-media":"","overlay-type":"","overlay-color":"","overlay-opacity":"","overlay-gradient":""},"mobile":{"background-color":"","background-image":"","background-repeat":"repeat","background-position":"center center","background-size":"auto","background-attachment":"scroll","background-type":"","background-media":"","overlay-type":"","overlay-color":"","overlay-opacity":"","overlay-gradient":""}},"ast-content-background-meta":{"desktop":{"background-color":"var(--ast-global-color-4)","background-image":"","background-repeat":"repeat","background-position":"center center","background-size":"auto","background-attachment":"scroll","background-type":"","background-media":"","overlay-type":"","overlay-color":"","overlay-opacity":"","overlay-gradient":""},"tablet":{"background-color":"var(--ast-global-color-4)","background-image":"","background-repeat":"repeat","background-position":"center center","background-size":"auto","background-attachment":"scroll","background-type":"","background-media":"","overlay-type":"","overlay-color":"","overlay-opacity":"","overlay-gradient":""},"mobile":{"background-color":"var(--ast-global-color-4)","background-image":"","background-repeat":"repeat","background-position":"center center","background-size":"auto","background-attachment":"scroll","background-type":"","background-media":"","overlay-type":"","overlay-color":"","overlay-opacity":"","overlay-gradient":""}}},"product_brand":[],"product_cat":[31],"product_tag":[],"class_list":{"0":"post-10575","1":"product","2":"type-product","3":"status-publish","4":"has-post-thumbnail","6":"product_cat-grozine-literatura","7":"desktop-align-left","8":"tablet-align-left","9":"mobile-align-left","11":"first","12":"instock","13":"shipping-taxable","14":"purchasable","15":"product-type-simple"},"acf":[],"yoast_head":"<!-- This site is optimized with the Yoast SEO plugin v27.4 - https:\/\/yoast.com\/product\/yoast-seo-wordpress\/ -->\n<title>Alexandre Dumas \u201eMergait\u0117 A\u201c (Pagelt\u0119 lapai) - Skaitytaknyga<\/title>\n<meta name=\"description\" content=\"\u201eMergait\u0117 A. Mergait\u0117, kuri pab\u0117go. Jeigu kas nors tur\u0117jo tai padaryti, tai tik tu.\u201c B\u0117gdama nuo praeities Leks Greisi stengiasi negalvoti apie savo \u0161eim\u0105. Vengia net mintimis gr\u012f\u017eti \u012f T\u0117vo sukurt\u0105 Siaub\u0173 nam\u0105. Ir nenori prisiminti jai suteiktos Mergait\u0117s A tapatyb\u0117s\u00a0\u2013\u00a0mergait\u0117s, kuri i\u0161tr\u016bko i\u0161 kal\u0117jimu virtusi\u0173 nam\u0173 ir i\u0161laisvino savo brolius ir seseris. Ta\u010diau mirus Motinai praeitis j\u0105 pasiveja\u00a0\u2013 kartu su kitais vaikais Leks paveldi \u0161eimos namus. Siekdama pakeisti kraupi\u0105 j\u0173 istorij\u0105, Leks susitinka su seniai matytais broliais ir seserimis. V\u0117l atsiveria kraujuojan\u010dios vaikyst\u0117s \u017eaizdos, \u0161m\u0117k\u0161teli baim\u0117s ir \u0161yk\u0161taus d\u017eiaugsmo akimirkos, bet viltis i\u0161siver\u017eti i\u0161 tamsos\u00a0\u2013 tada ir dabar\u00a0\u2013 lieka nepalau\u017eta.\" \/>\n<meta name=\"robots\" content=\"index, follow, max-snippet:-1, max-image-preview:large, max-video-preview:-1\" \/>\n<link rel=\"canonical\" href=\"https:\/\/skaitytaknyga.lt\/en\/produktas\/alexandre-dumas-mergaite-a-pagelte-lapai\/\" \/>\n<meta property=\"og:locale\" content=\"en_GB\" \/>\n<meta property=\"og:locale:alternate\" content=\"lt_LT\" \/>\n<meta property=\"og:type\" content=\"article\" \/>\n<meta property=\"og:title\" content=\"Alexandre Dumas \u201eMergait\u0117 A\u201c (Pagelt\u0119 lapai) - Skaitytaknyga\" \/>\n<meta property=\"og:description\" content=\"\u201eMergait\u0117 A. Mergait\u0117, kuri pab\u0117go. Jeigu kas nors tur\u0117jo tai padaryti, tai tik tu.\u201c B\u0117gdama nuo praeities Leks Greisi stengiasi negalvoti apie savo \u0161eim\u0105. Vengia net mintimis gr\u012f\u017eti \u012f T\u0117vo sukurt\u0105 Siaub\u0173 nam\u0105. Ir nenori prisiminti jai suteiktos Mergait\u0117s A tapatyb\u0117s\u00a0\u2013\u00a0mergait\u0117s, kuri i\u0161tr\u016bko i\u0161 kal\u0117jimu virtusi\u0173 nam\u0173 ir i\u0161laisvino savo brolius ir seseris. Ta\u010diau mirus Motinai praeitis j\u0105 pasiveja\u00a0\u2013 kartu su kitais vaikais Leks paveldi \u0161eimos namus. Siekdama pakeisti kraupi\u0105 j\u0173 istorij\u0105, Leks susitinka su seniai matytais broliais ir seserimis. V\u0117l atsiveria kraujuojan\u010dios vaikyst\u0117s \u017eaizdos, \u0161m\u0117k\u0161teli baim\u0117s ir \u0161yk\u0161taus d\u017eiaugsmo akimirkos, bet viltis i\u0161siver\u017eti i\u0161 tamsos\u00a0\u2013 tada ir dabar\u00a0\u2013 lieka nepalau\u017eta.\" \/>\n<meta property=\"og:url\" content=\"https:\/\/skaitytaknyga.lt\/en\/produktas\/alexandre-dumas-mergaite-a-pagelte-lapai\/\" \/>\n<meta property=\"og:site_name\" content=\"Skaitytaknyga\" \/>\n<meta property=\"article:publisher\" content=\"https:\/\/www.facebook.com\/skaitytaknyga\/\" \/>\n<meta property=\"article:modified_time\" content=\"2024-05-04T19:08:11+00:00\" \/>\n<meta property=\"og:image\" content=\"https:\/\/skaitytaknyga.lt\/wp-content\/uploads\/2024\/05\/000000000001112192-6061d73ec2c66-asset-knyguklubas-mergaite-a.jpg\" \/>\n\t<meta property=\"og:image:width\" content=\"403\" \/>\n\t<meta property=\"og:image:height\" content=\"600\" \/>\n\t<meta property=\"og:image:type\" content=\"image\/jpeg\" \/>\n<meta name=\"twitter:card\" content=\"summary_large_image\" \/>\n<meta name=\"twitter:label1\" content=\"Estimated reading time\" \/>\n\t<meta name=\"twitter:data1\" content=\"1 minute\" \/>\n<script type=\"application\/ld+json\" class=\"yoast-schema-graph\">{\"@context\":\"https:\\\/\\\/schema.org\",\"@graph\":[{\"@type\":\"WebPage\",\"@id\":\"https:\\\/\\\/skaitytaknyga.lt\\\/produktas\\\/alexandre-dumas-mergaite-a-pagelte-lapai\\\/\",\"url\":\"https:\\\/\\\/skaitytaknyga.lt\\\/produktas\\\/alexandre-dumas-mergaite-a-pagelte-lapai\\\/\",\"name\":\"Alexandre Dumas \u201eMergait\u0117 A\u201c (Pagelt\u0119 lapai) - Skaitytaknyga\",\"isPartOf\":{\"@id\":\"https:\\\/\\\/skaitytaknyga.lt\\\/#website\"},\"primaryImageOfPage\":{\"@id\":\"https:\\\/\\\/skaitytaknyga.lt\\\/produktas\\\/alexandre-dumas-mergaite-a-pagelte-lapai\\\/#primaryimage\"},\"image\":{\"@id\":\"https:\\\/\\\/skaitytaknyga.lt\\\/produktas\\\/alexandre-dumas-mergaite-a-pagelte-lapai\\\/#primaryimage\"},\"thumbnailUrl\":\"https:\\\/\\\/skaitytaknyga.lt\\\/wp-content\\\/uploads\\\/2024\\\/05\\\/000000000001112192-6061d73ec2c66-asset-knyguklubas-mergaite-a.jpg\",\"datePublished\":\"2024-05-04T18:23:42+00:00\",\"dateModified\":\"2024-05-04T19:08:11+00:00\",\"description\":\"\u201eMergait\u0117 A. Mergait\u0117, kuri pab\u0117go. Jeigu kas nors tur\u0117jo tai padaryti, tai tik tu.\u201c B\u0117gdama nuo praeities Leks Greisi stengiasi negalvoti apie savo \u0161eim\u0105. Vengia net mintimis gr\u012f\u017eti \u012f T\u0117vo sukurt\u0105 Siaub\u0173 nam\u0105. Ir nenori prisiminti jai suteiktos Mergait\u0117s A tapatyb\u0117s\u00a0\u2013\u00a0mergait\u0117s, kuri i\u0161tr\u016bko i\u0161 kal\u0117jimu virtusi\u0173 nam\u0173 ir i\u0161laisvino savo brolius ir seseris. Ta\u010diau mirus Motinai praeitis j\u0105 pasiveja\u00a0\u2013 kartu su kitais vaikais Leks paveldi \u0161eimos namus. Siekdama pakeisti kraupi\u0105 j\u0173 istorij\u0105, Leks susitinka su seniai matytais broliais ir seserimis. V\u0117l atsiveria kraujuojan\u010dios vaikyst\u0117s \u017eaizdos, \u0161m\u0117k\u0161teli baim\u0117s ir \u0161yk\u0161taus d\u017eiaugsmo akimirkos, bet viltis i\u0161siver\u017eti i\u0161 tamsos\u00a0\u2013 tada ir dabar\u00a0\u2013 lieka nepalau\u017eta.\",\"breadcrumb\":{\"@id\":\"https:\\\/\\\/skaitytaknyga.lt\\\/produktas\\\/alexandre-dumas-mergaite-a-pagelte-lapai\\\/#breadcrumb\"},\"inLanguage\":\"en-GB\",\"potentialAction\":[{\"@type\":\"ReadAction\",\"target\":[\"https:\\\/\\\/skaitytaknyga.lt\\\/produktas\\\/alexandre-dumas-mergaite-a-pagelte-lapai\\\/\"]}]},{\"@type\":\"ImageObject\",\"inLanguage\":\"en-GB\",\"@id\":\"https:\\\/\\\/skaitytaknyga.lt\\\/produktas\\\/alexandre-dumas-mergaite-a-pagelte-lapai\\\/#primaryimage\",\"url\":\"https:\\\/\\\/skaitytaknyga.lt\\\/wp-content\\\/uploads\\\/2024\\\/05\\\/000000000001112192-6061d73ec2c66-asset-knyguklubas-mergaite-a.jpg\",\"contentUrl\":\"https:\\\/\\\/skaitytaknyga.lt\\\/wp-content\\\/uploads\\\/2024\\\/05\\\/000000000001112192-6061d73ec2c66-asset-knyguklubas-mergaite-a.jpg\",\"width\":403,\"height\":600},{\"@type\":\"BreadcrumbList\",\"@id\":\"https:\\\/\\\/skaitytaknyga.lt\\\/produktas\\\/alexandre-dumas-mergaite-a-pagelte-lapai\\\/#breadcrumb\",\"itemListElement\":[{\"@type\":\"ListItem\",\"position\":1,\"name\":\"Home\",\"item\":\"https:\\\/\\\/skaitytaknyga.lt\\\/\"},{\"@type\":\"ListItem\",\"position\":2,\"name\":\"Parduotuv\u0117\",\"item\":\"https:\\\/\\\/skaitytaknyga.lt\\\/knygu-parduotuve\\\/\"},{\"@type\":\"ListItem\",\"position\":3,\"name\":\"Alexandre Dumas \u201eMergait\u0117 A\u201c (Pagelt\u0119 lapai)\"}]},{\"@type\":\"WebSite\",\"@id\":\"https:\\\/\\\/skaitytaknyga.lt\\\/#website\",\"url\":\"https:\\\/\\\/skaitytaknyga.lt\\\/\",\"name\":\"skaitytaknyga.lt\",\"description\":\"Skaitytaknyga.lt \u2013 tai ma\u017eas \u0161eimos verslas, kuris prasid\u0117jo nuo meil\u0117s knygoms ir siekio i\u0161gelb\u0117ti knygas nuo likimo prie konteinerio. Kas vienam nereikalingas daiktas \u2013 kitam lobis, o mes esame tarpininkai, kurie padeda abiems tapti laimingesniems ???? \u017dinome kaip nelengva i\u0161gyventi ma\u017eiems verslams, tad nuo \u0161iol, \u010dia rasite ir kit\u0173, ma\u017e\u0173 \u0161eim\u0173 versl\u0173, rank\u0173 darbo, dovan\u0173 sau ir artimiesiems.\",\"publisher\":{\"@id\":\"https:\\\/\\\/skaitytaknyga.lt\\\/#organization\"},\"potentialAction\":[{\"@type\":\"SearchAction\",\"target\":{\"@type\":\"EntryPoint\",\"urlTemplate\":\"https:\\\/\\\/skaitytaknyga.lt\\\/?s={search_term_string}\"},\"query-input\":{\"@type\":\"PropertyValueSpecification\",\"valueRequired\":true,\"valueName\":\"search_term_string\"}}],\"inLanguage\":\"en-GB\"},{\"@type\":\"Organization\",\"@id\":\"https:\\\/\\\/skaitytaknyga.lt\\\/#organization\",\"name\":\"skaitytaknyga.lt\",\"url\":\"https:\\\/\\\/skaitytaknyga.lt\\\/\",\"logo\":{\"@type\":\"ImageObject\",\"inLanguage\":\"en-GB\",\"@id\":\"https:\\\/\\\/skaitytaknyga.lt\\\/#\\\/schema\\\/logo\\\/image\\\/\",\"url\":\"https:\\\/\\\/skaitytaknyga.lt\\\/wp-content\\\/uploads\\\/2024\\\/05\\\/cropped-cropped-cropped-02_00843_jt3bggkj1j3HLc7SyY6rEUpg.jpeg\",\"contentUrl\":\"https:\\\/\\\/skaitytaknyga.lt\\\/wp-content\\\/uploads\\\/2024\\\/05\\\/cropped-cropped-cropped-02_00843_jt3bggkj1j3HLc7SyY6rEUpg.jpeg\",\"width\":1600,\"height\":1600,\"caption\":\"skaitytaknyga.lt\"},\"image\":{\"@id\":\"https:\\\/\\\/skaitytaknyga.lt\\\/#\\\/schema\\\/logo\\\/image\\\/\"},\"sameAs\":[\"https:\\\/\\\/www.facebook.com\\\/skaitytaknyga\\\/\"]}]}<\/script>\n<!-- \/ Yoast SEO plugin. -->","yoast_head_json":{"title":"Alexandre Dumas \u201eMergait\u0117 A\u201c (Pagelt\u0119 lapai) - Skaitytaknyga","description":"\u201eMergait\u0117 A. Mergait\u0117, kuri pab\u0117go. Jeigu kas nors tur\u0117jo tai padaryti, tai tik tu.\u201c B\u0117gdama nuo praeities Leks Greisi stengiasi negalvoti apie savo \u0161eim\u0105. Vengia net mintimis gr\u012f\u017eti \u012f T\u0117vo sukurt\u0105 Siaub\u0173 nam\u0105. Ir nenori prisiminti jai suteiktos Mergait\u0117s A tapatyb\u0117s\u00a0\u2013\u00a0mergait\u0117s, kuri i\u0161tr\u016bko i\u0161 kal\u0117jimu virtusi\u0173 nam\u0173 ir i\u0161laisvino savo brolius ir seseris. Ta\u010diau mirus Motinai praeitis j\u0105 pasiveja\u00a0\u2013 kartu su kitais vaikais Leks paveldi \u0161eimos namus. Siekdama pakeisti kraupi\u0105 j\u0173 istorij\u0105, Leks susitinka su seniai matytais broliais ir seserimis. V\u0117l atsiveria kraujuojan\u010dios vaikyst\u0117s \u017eaizdos, \u0161m\u0117k\u0161teli baim\u0117s ir \u0161yk\u0161taus d\u017eiaugsmo akimirkos, bet viltis i\u0161siver\u017eti i\u0161 tamsos\u00a0\u2013 tada ir dabar\u00a0\u2013 lieka nepalau\u017eta.","robots":{"index":"index","follow":"follow","max-snippet":"max-snippet:-1","max-image-preview":"max-image-preview:large","max-video-preview":"max-video-preview:-1"},"canonical":"https:\/\/skaitytaknyga.lt\/en\/produktas\/alexandre-dumas-mergaite-a-pagelte-lapai\/","og_locale":"en_GB","og_type":"article","og_title":"Alexandre Dumas \u201eMergait\u0117 A\u201c (Pagelt\u0119 lapai) - Skaitytaknyga","og_description":"\u201eMergait\u0117 A. Mergait\u0117, kuri pab\u0117go. Jeigu kas nors tur\u0117jo tai padaryti, tai tik tu.\u201c B\u0117gdama nuo praeities Leks Greisi stengiasi negalvoti apie savo \u0161eim\u0105. Vengia net mintimis gr\u012f\u017eti \u012f T\u0117vo sukurt\u0105 Siaub\u0173 nam\u0105. Ir nenori prisiminti jai suteiktos Mergait\u0117s A tapatyb\u0117s\u00a0\u2013\u00a0mergait\u0117s, kuri i\u0161tr\u016bko i\u0161 kal\u0117jimu virtusi\u0173 nam\u0173 ir i\u0161laisvino savo brolius ir seseris. Ta\u010diau mirus Motinai praeitis j\u0105 pasiveja\u00a0\u2013 kartu su kitais vaikais Leks paveldi \u0161eimos namus. Siekdama pakeisti kraupi\u0105 j\u0173 istorij\u0105, Leks susitinka su seniai matytais broliais ir seserimis. V\u0117l atsiveria kraujuojan\u010dios vaikyst\u0117s \u017eaizdos, \u0161m\u0117k\u0161teli baim\u0117s ir \u0161yk\u0161taus d\u017eiaugsmo akimirkos, bet viltis i\u0161siver\u017eti i\u0161 tamsos\u00a0\u2013 tada ir dabar\u00a0\u2013 lieka nepalau\u017eta.","og_url":"https:\/\/skaitytaknyga.lt\/en\/produktas\/alexandre-dumas-mergaite-a-pagelte-lapai\/","og_site_name":"Skaitytaknyga","article_publisher":"https:\/\/www.facebook.com\/skaitytaknyga\/","article_modified_time":"2024-05-04T19:08:11+00:00","og_image":[{"width":403,"height":600,"url":"https:\/\/skaitytaknyga.lt\/wp-content\/uploads\/2024\/05\/000000000001112192-6061d73ec2c66-asset-knyguklubas-mergaite-a.jpg","type":"image\/jpeg"}],"twitter_card":"summary_large_image","twitter_misc":{"Estimated reading time":"1 minute"},"schema":{"@context":"https:\/\/schema.org","@graph":[{"@type":"WebPage","@id":"https:\/\/skaitytaknyga.lt\/produktas\/alexandre-dumas-mergaite-a-pagelte-lapai\/","url":"https:\/\/skaitytaknyga.lt\/produktas\/alexandre-dumas-mergaite-a-pagelte-lapai\/","name":"Alexandre Dumas \u201eMergait\u0117 A\u201c (Pagelt\u0119 lapai) - Skaitytaknyga","isPartOf":{"@id":"https:\/\/skaitytaknyga.lt\/#website"},"primaryImageOfPage":{"@id":"https:\/\/skaitytaknyga.lt\/produktas\/alexandre-dumas-mergaite-a-pagelte-lapai\/#primaryimage"},"image":{"@id":"https:\/\/skaitytaknyga.lt\/produktas\/alexandre-dumas-mergaite-a-pagelte-lapai\/#primaryimage"},"thumbnailUrl":"https:\/\/skaitytaknyga.lt\/wp-content\/uploads\/2024\/05\/000000000001112192-6061d73ec2c66-asset-knyguklubas-mergaite-a.jpg","datePublished":"2024-05-04T18:23:42+00:00","dateModified":"2024-05-04T19:08:11+00:00","description":"\u201eMergait\u0117 A. Mergait\u0117, kuri pab\u0117go. Jeigu kas nors tur\u0117jo tai padaryti, tai tik tu.\u201c B\u0117gdama nuo praeities Leks Greisi stengiasi negalvoti apie savo \u0161eim\u0105. Vengia net mintimis gr\u012f\u017eti \u012f T\u0117vo sukurt\u0105 Siaub\u0173 nam\u0105. Ir nenori prisiminti jai suteiktos Mergait\u0117s A tapatyb\u0117s\u00a0\u2013\u00a0mergait\u0117s, kuri i\u0161tr\u016bko i\u0161 kal\u0117jimu virtusi\u0173 nam\u0173 ir i\u0161laisvino savo brolius ir seseris. Ta\u010diau mirus Motinai praeitis j\u0105 pasiveja\u00a0\u2013 kartu su kitais vaikais Leks paveldi \u0161eimos namus. Siekdama pakeisti kraupi\u0105 j\u0173 istorij\u0105, Leks susitinka su seniai matytais broliais ir seserimis. V\u0117l atsiveria kraujuojan\u010dios vaikyst\u0117s \u017eaizdos, \u0161m\u0117k\u0161teli baim\u0117s ir \u0161yk\u0161taus d\u017eiaugsmo akimirkos, bet viltis i\u0161siver\u017eti i\u0161 tamsos\u00a0\u2013 tada ir dabar\u00a0\u2013 lieka nepalau\u017eta.","breadcrumb":{"@id":"https:\/\/skaitytaknyga.lt\/produktas\/alexandre-dumas-mergaite-a-pagelte-lapai\/#breadcrumb"},"inLanguage":"en-GB","potentialAction":[{"@type":"ReadAction","target":["https:\/\/skaitytaknyga.lt\/produktas\/alexandre-dumas-mergaite-a-pagelte-lapai\/"]}]},{"@type":"ImageObject","inLanguage":"en-GB","@id":"https:\/\/skaitytaknyga.lt\/produktas\/alexandre-dumas-mergaite-a-pagelte-lapai\/#primaryimage","url":"https:\/\/skaitytaknyga.lt\/wp-content\/uploads\/2024\/05\/000000000001112192-6061d73ec2c66-asset-knyguklubas-mergaite-a.jpg","contentUrl":"https:\/\/skaitytaknyga.lt\/wp-content\/uploads\/2024\/05\/000000000001112192-6061d73ec2c66-asset-knyguklubas-mergaite-a.jpg","width":403,"height":600},{"@type":"BreadcrumbList","@id":"https:\/\/skaitytaknyga.lt\/produktas\/alexandre-dumas-mergaite-a-pagelte-lapai\/#breadcrumb","itemListElement":[{"@type":"ListItem","position":1,"name":"Home","item":"https:\/\/skaitytaknyga.lt\/"},{"@type":"ListItem","position":2,"name":"Parduotuv\u0117","item":"https:\/\/skaitytaknyga.lt\/knygu-parduotuve\/"},{"@type":"ListItem","position":3,"name":"Alexandre Dumas \u201eMergait\u0117 A\u201c (Pagelt\u0119 lapai)"}]},{"@type":"WebSite","@id":"https:\/\/skaitytaknyga.lt\/#website","url":"https:\/\/skaitytaknyga.lt\/","name":"skaitytaknyga.lt","description":"Skaitytaknyga.lt \u2013 tai ma\u017eas \u0161eimos verslas, kuris prasid\u0117jo nuo meil\u0117s knygoms ir siekio i\u0161gelb\u0117ti knygas nuo likimo prie konteinerio. Kas vienam nereikalingas daiktas \u2013 kitam lobis, o mes esame tarpininkai, kurie padeda abiems tapti laimingesniems ???? \u017dinome kaip nelengva i\u0161gyventi ma\u017eiems verslams, tad nuo \u0161iol, \u010dia rasite ir kit\u0173, ma\u017e\u0173 \u0161eim\u0173 versl\u0173, rank\u0173 darbo, dovan\u0173 sau ir artimiesiems.","publisher":{"@id":"https:\/\/skaitytaknyga.lt\/#organization"},"potentialAction":[{"@type":"SearchAction","target":{"@type":"EntryPoint","urlTemplate":"https:\/\/skaitytaknyga.lt\/?s={search_term_string}"},"query-input":{"@type":"PropertyValueSpecification","valueRequired":true,"valueName":"search_term_string"}}],"inLanguage":"en-GB"},{"@type":"Organization","@id":"https:\/\/skaitytaknyga.lt\/#organization","name":"skaitytaknyga.lt","url":"https:\/\/skaitytaknyga.lt\/","logo":{"@type":"ImageObject","inLanguage":"en-GB","@id":"https:\/\/skaitytaknyga.lt\/#\/schema\/logo\/image\/","url":"https:\/\/skaitytaknyga.lt\/wp-content\/uploads\/2024\/05\/cropped-cropped-cropped-02_00843_jt3bggkj1j3HLc7SyY6rEUpg.jpeg","contentUrl":"https:\/\/skaitytaknyga.lt\/wp-content\/uploads\/2024\/05\/cropped-cropped-cropped-02_00843_jt3bggkj1j3HLc7SyY6rEUpg.jpeg","width":1600,"height":1600,"caption":"skaitytaknyga.lt"},"image":{"@id":"https:\/\/skaitytaknyga.lt\/#\/schema\/logo\/image\/"},"sameAs":["https:\/\/www.facebook.com\/skaitytaknyga\/"]}]}},"_links":{"self":[{"href":"https:\/\/skaitytaknyga.lt\/en\/wp-json\/wp\/v2\/product\/10575","targetHints":{"allow":["GET"]}}],"collection":[{"href":"https:\/\/skaitytaknyga.lt\/en\/wp-json\/wp\/v2\/product"}],"about":[{"href":"https:\/\/skaitytaknyga.lt\/en\/wp-json\/wp\/v2\/types\/product"}],"replies":[{"embeddable":true,"href":"https:\/\/skaitytaknyga.lt\/en\/wp-json\/wp\/v2\/comments?post=10575"}],"wp:featuredmedia":[{"embeddable":true,"href":"https:\/\/skaitytaknyga.lt\/en\/wp-json\/wp\/v2\/media\/10618"}],"wp:attachment":[{"href":"https:\/\/skaitytaknyga.lt\/en\/wp-json\/wp\/v2\/media?parent=10575"}],"wp:term":[{"taxonomy":"product_brand","embeddable":true,"href":"https:\/\/skaitytaknyga.lt\/en\/wp-json\/wp\/v2\/product_brand?post=10575"},{"taxonomy":"product_cat","embeddable":true,"href":"https:\/\/skaitytaknyga.lt\/en\/wp-json\/wp\/v2\/product_cat?post=10575"},{"taxonomy":"product_tag","embeddable":true,"href":"https:\/\/skaitytaknyga.lt\/en\/wp-json\/wp\/v2\/product_tag?post=10575"}],"curies":[{"name":"wp","href":"https:\/\/api.w.org\/{rel}","templated":true}]}}