{"id":10573,"date":"2024-05-04T18:23:42","date_gmt":"2024-05-04T18:23:42","guid":{"rendered":"https:\/\/skaitytaknyga.lt\/?post_type=product&#038;p=10573"},"modified":"2024-05-04T19:08:06","modified_gmt":"2024-05-04T19:08:06","slug":"pierre-lemaitre-iki-pasimatymo-ten-aukstai-pagelte-lapai","status":"publish","type":"product","link":"https:\/\/skaitytaknyga.lt\/en\/produktas\/pierre-lemaitre-iki-pasimatymo-ten-aukstai-pagelte-lapai\/","title":{"rendered":"Pierre Lemaitre \u201eIki pasimatymo ten auk\u0161tai\u201c (Pagelt\u0119 lapai)"},"content":{"rendered":"<div class=\"book-descript-wrapper\">\n<section class=\"product-descript more-content-wrapper\">\n<div class=\"\">\n<p>Pirmojo pasaulinio karo m\u0117smal\u0119 i\u0161gyven\u0119 ir jos visiems laikams susieti Alberas ir Eduaras gr\u012f\u017eta namo tik\u0117damiesi kitokio gyvenimo. Deja, netrukus paai\u0161k\u0117ja, kad Pranc\u016bzija \u0161lovina tik savo mirusiuosius, tuo pat metu patogiai u\u017emir\u0161dama i\u0161gyvenusius. Apstulbinti, sukr\u0117sti ir nusivyl\u0119 vaikinai gali tik bej\u0117gi\u0161kai steb\u0117ti, kaip t\u0117vyn\u0117 nusisuka nuo j\u0173, bet dosniai apdovanoja jiems kare vadovavus\u012f niek\u0161i\u0161k\u0105, \u012f\u017e\u016bl\u0173 ir joki\u0173 skrupul\u0173 neturint\u012f leitenant\u0105 Pradel\u012f.<\/p>\n<p>Vis d\u0117lto Alberas ir Eduaras lengvai pasiduoti neketina. J\u0173dviej\u0173 sugalvotas genialus planas iki pat \u0161irdies gelmi\u0173 sukre\u010dia sterili\u0105 Pranc\u016bzijos visuomen\u0119, atskleid\u017eia \u017emoni\u0173 dviveidyst\u0119 ir, negana to, atne\u0161a vaikinams nemenk\u0105 turt\u0105. Su li\u016bdnu pasitenkinimu pasim\u0117gav\u0119 savo veiksm\u0173 sukeltu poveikiu bei poky\u010diais, Alberas ir Eduaras nutaria i\u0161va\u017eiuoti i\u0161 Pary\u017eiaus. Bet netrukus supranta, kad taip paprastai praeities atsikratyti ne\u012fmanoma.<\/p>\n<\/div>\n<\/section>\n<\/div>\n","protected":false},"excerpt":{"rendered":"<div class=\"book-descript-wrapper\">\n<section class=\"product-descript more-content-wrapper\">\n<div class=\"\">\n<p>Pirmojo pasaulinio karo m\u0117smal\u0119 i\u0161gyven\u0119 ir jos visiems laikams susieti Alberas ir Eduaras gr\u012f\u017eta namo tik\u0117damiesi kitokio gyvenimo. Deja, netrukus paai\u0161k\u0117ja, kad Pranc\u016bzija \u0161lovina tik savo mirusiuosius, tuo pat metu patogiai u\u017emir\u0161dama i\u0161gyvenusius. Apstulbinti, sukr\u0117sti ir nusivyl\u0119 vaikinai gali tik bej\u0117gi\u0161kai steb\u0117ti, kaip t\u0117vyn\u0117 nusisuka nuo j\u0173, bet dosniai apdovanoja jiems kare vadovavus\u012f niek\u0161i\u0161k\u0105, \u012f\u017e\u016bl\u0173 ir joki\u0173 skrupul\u0173 neturint\u012f leitenant\u0105 Pradel\u012f.<\/p>\n<p>Vis d\u0117lto Alberas ir Eduaras lengvai pasiduoti neketina. J\u0173dviej\u0173 sugalvotas genialus planas iki pat \u0161irdies gelmi\u0173 sukre\u010dia sterili\u0105 Pranc\u016bzijos visuomen\u0119, atskleid\u017eia \u017emoni\u0173 dviveidyst\u0119 ir, negana to, atne\u0161a vaikinams nemenk\u0105 turt\u0105. Su li\u016bdnu pasitenkinimu pasim\u0117gav\u0119 savo veiksm\u0173 sukeltu poveikiu bei poky\u010diais, Alberas ir Eduaras nutaria i\u0161va\u017eiuoti i\u0161 Pary\u017eiaus. Bet netrukus supranta, kad taip paprastai praeities atsikratyti ne\u012fmanoma.<\/p>\n<\/div>\n<\/section>\n<\/div>\n","protected":false},"featured_media":10616,"comment_status":"closed","ping_status":"closed","template":"","meta":{"_acf_changed":false,"site-sidebar-layout":"default","site-content-layout":"","ast-site-content-layout":"default","site-content-style":"default","site-sidebar-style":"default","ast-global-header-display":"","ast-banner-title-visibility":"","ast-main-header-display":"","ast-hfb-above-header-display":"","ast-hfb-below-header-display":"","ast-hfb-mobile-header-display":"","site-post-title":"","ast-breadcrumbs-content":"","ast-featured-img":"","footer-sml-layout":"","ast-disable-related-posts":"","theme-transparent-header-meta":"","adv-header-id-meta":"","stick-header-meta":"","header-above-stick-meta":"","header-main-stick-meta":"","header-below-stick-meta":"","astra-migrate-meta-layouts":"default","ast-page-background-enabled":"default","ast-page-background-meta":{"desktop":{"background-color":"","background-image":"","background-repeat":"repeat","background-position":"center center","background-size":"auto","background-attachment":"scroll","background-type":"","background-media":"","overlay-type":"","overlay-color":"","overlay-opacity":"","overlay-gradient":""},"tablet":{"background-color":"","background-image":"","background-repeat":"repeat","background-position":"center center","background-size":"auto","background-attachment":"scroll","background-type":"","background-media":"","overlay-type":"","overlay-color":"","overlay-opacity":"","overlay-gradient":""},"mobile":{"background-color":"","background-image":"","background-repeat":"repeat","background-position":"center center","background-size":"auto","background-attachment":"scroll","background-type":"","background-media":"","overlay-type":"","overlay-color":"","overlay-opacity":"","overlay-gradient":""}},"ast-content-background-meta":{"desktop":{"background-color":"var(--ast-global-color-4)","background-image":"","background-repeat":"repeat","background-position":"center center","background-size":"auto","background-attachment":"scroll","background-type":"","background-media":"","overlay-type":"","overlay-color":"","overlay-opacity":"","overlay-gradient":""},"tablet":{"background-color":"var(--ast-global-color-4)","background-image":"","background-repeat":"repeat","background-position":"center center","background-size":"auto","background-attachment":"scroll","background-type":"","background-media":"","overlay-type":"","overlay-color":"","overlay-opacity":"","overlay-gradient":""},"mobile":{"background-color":"var(--ast-global-color-4)","background-image":"","background-repeat":"repeat","background-position":"center center","background-size":"auto","background-attachment":"scroll","background-type":"","background-media":"","overlay-type":"","overlay-color":"","overlay-opacity":"","overlay-gradient":""}}},"product_brand":[],"product_cat":[31],"product_tag":[],"class_list":{"0":"post-10573","1":"product","2":"type-product","3":"status-publish","4":"has-post-thumbnail","6":"product_cat-grozine-literatura","7":"desktop-align-left","8":"tablet-align-left","9":"mobile-align-left","11":"first","12":"outofstock","13":"shipping-taxable","14":"purchasable","15":"product-type-simple"},"acf":[],"yoast_head":"<!-- This site is optimized with the Yoast SEO plugin v27.4 - https:\/\/yoast.com\/product\/yoast-seo-wordpress\/ -->\n<title>Pierre Lemaitre \u201eIki pasimatymo ten auk\u0161tai\u201c (Pagelt\u0119 lapai) - Skaitytaknyga<\/title>\n<meta name=\"description\" content=\"Pirmojo pasaulinio karo m\u0117smal\u0119 i\u0161gyven\u0119 ir jos visiems laikams susieti Alberas ir Eduaras gr\u012f\u017eta namo tik\u0117damiesi kitokio gyvenimo. Deja, netrukus paai\u0161k\u0117ja, kad Pranc\u016bzija \u0161lovina tik savo mirusiuosius, tuo pat metu patogiai u\u017emir\u0161dama i\u0161gyvenusius. Apstulbinti, sukr\u0117sti ir nusivyl\u0119 vaikinai gali tik bej\u0117gi\u0161kai steb\u0117ti, kaip t\u0117vyn\u0117 nusisuka nuo j\u0173, bet dosniai apdovanoja jiems kare vadovavus\u012f niek\u0161i\u0161k\u0105, \u012f\u017e\u016bl\u0173 ir joki\u0173 skrupul\u0173 neturint\u012f leitenant\u0105 Pradel\u012f.  Vis d\u0117lto Alberas ir Eduaras lengvai pasiduoti neketina. J\u0173dviej\u0173 sugalvotas genialus planas iki pat \u0161irdies gelmi\u0173 sukre\u010dia sterili\u0105 Pranc\u016bzijos visuomen\u0119, atskleid\u017eia \u017emoni\u0173 dviveidyst\u0119 ir, negana to, atne\u0161a vaikinams nemenk\u0105 turt\u0105. Su li\u016bdnu pasitenkinimu pasim\u0117gav\u0119 savo veiksm\u0173 sukeltu poveikiu bei poky\u010diais, Alberas ir Eduaras nutaria i\u0161va\u017eiuoti i\u0161 Pary\u017eiaus. Bet netrukus supranta, kad taip paprastai praeities atsikratyti ne\u012fmanoma.\" \/>\n<meta name=\"robots\" content=\"index, follow, max-snippet:-1, max-image-preview:large, max-video-preview:-1\" \/>\n<link rel=\"canonical\" href=\"https:\/\/skaitytaknyga.lt\/en\/produktas\/pierre-lemaitre-iki-pasimatymo-ten-aukstai-pagelte-lapai\/\" \/>\n<meta property=\"og:locale\" content=\"en_GB\" \/>\n<meta property=\"og:locale:alternate\" content=\"lt_LT\" \/>\n<meta property=\"og:type\" content=\"article\" \/>\n<meta property=\"og:title\" content=\"Pierre Lemaitre \u201eIki pasimatymo ten auk\u0161tai\u201c (Pagelt\u0119 lapai) - Skaitytaknyga\" \/>\n<meta property=\"og:description\" content=\"Pirmojo pasaulinio karo m\u0117smal\u0119 i\u0161gyven\u0119 ir jos visiems laikams susieti Alberas ir Eduaras gr\u012f\u017eta namo tik\u0117damiesi kitokio gyvenimo. Deja, netrukus paai\u0161k\u0117ja, kad Pranc\u016bzija \u0161lovina tik savo mirusiuosius, tuo pat metu patogiai u\u017emir\u0161dama i\u0161gyvenusius. Apstulbinti, sukr\u0117sti ir nusivyl\u0119 vaikinai gali tik bej\u0117gi\u0161kai steb\u0117ti, kaip t\u0117vyn\u0117 nusisuka nuo j\u0173, bet dosniai apdovanoja jiems kare vadovavus\u012f niek\u0161i\u0161k\u0105, \u012f\u017e\u016bl\u0173 ir joki\u0173 skrupul\u0173 neturint\u012f leitenant\u0105 Pradel\u012f.  Vis d\u0117lto Alberas ir Eduaras lengvai pasiduoti neketina. J\u0173dviej\u0173 sugalvotas genialus planas iki pat \u0161irdies gelmi\u0173 sukre\u010dia sterili\u0105 Pranc\u016bzijos visuomen\u0119, atskleid\u017eia \u017emoni\u0173 dviveidyst\u0119 ir, negana to, atne\u0161a vaikinams nemenk\u0105 turt\u0105. Su li\u016bdnu pasitenkinimu pasim\u0117gav\u0119 savo veiksm\u0173 sukeltu poveikiu bei poky\u010diais, Alberas ir Eduaras nutaria i\u0161va\u017eiuoti i\u0161 Pary\u017eiaus. Bet netrukus supranta, kad taip paprastai praeities atsikratyti ne\u012fmanoma.\" \/>\n<meta property=\"og:url\" content=\"https:\/\/skaitytaknyga.lt\/en\/produktas\/pierre-lemaitre-iki-pasimatymo-ten-aukstai-pagelte-lapai\/\" \/>\n<meta property=\"og:site_name\" content=\"Skaitytaknyga\" \/>\n<meta property=\"article:publisher\" content=\"https:\/\/www.facebook.com\/skaitytaknyga\/\" \/>\n<meta property=\"article:modified_time\" content=\"2024-05-04T19:08:06+00:00\" \/>\n<meta property=\"og:image\" content=\"https:\/\/skaitytaknyga.lt\/wp-content\/uploads\/2024\/05\/000000000001111642-5d972f03a3d8c-asset-knyguklubas-iki-pasimatymo-ten-aukstai-1.jpg\" \/>\n\t<meta property=\"og:image:width\" content=\"366\" \/>\n\t<meta property=\"og:image:height\" content=\"600\" \/>\n\t<meta property=\"og:image:type\" content=\"image\/jpeg\" \/>\n<meta name=\"twitter:card\" content=\"summary_large_image\" \/>\n<meta name=\"twitter:label1\" content=\"Estimated reading time\" \/>\n\t<meta name=\"twitter:data1\" content=\"1 minute\" \/>\n<script type=\"application\/ld+json\" class=\"yoast-schema-graph\">{\"@context\":\"https:\\\/\\\/schema.org\",\"@graph\":[{\"@type\":\"WebPage\",\"@id\":\"https:\\\/\\\/skaitytaknyga.lt\\\/produktas\\\/pierre-lemaitre-iki-pasimatymo-ten-aukstai-pagelte-lapai\\\/\",\"url\":\"https:\\\/\\\/skaitytaknyga.lt\\\/produktas\\\/pierre-lemaitre-iki-pasimatymo-ten-aukstai-pagelte-lapai\\\/\",\"name\":\"Pierre Lemaitre \u201eIki pasimatymo ten auk\u0161tai\u201c (Pagelt\u0119 lapai) - Skaitytaknyga\",\"isPartOf\":{\"@id\":\"https:\\\/\\\/skaitytaknyga.lt\\\/#website\"},\"primaryImageOfPage\":{\"@id\":\"https:\\\/\\\/skaitytaknyga.lt\\\/produktas\\\/pierre-lemaitre-iki-pasimatymo-ten-aukstai-pagelte-lapai\\\/#primaryimage\"},\"image\":{\"@id\":\"https:\\\/\\\/skaitytaknyga.lt\\\/produktas\\\/pierre-lemaitre-iki-pasimatymo-ten-aukstai-pagelte-lapai\\\/#primaryimage\"},\"thumbnailUrl\":\"https:\\\/\\\/skaitytaknyga.lt\\\/wp-content\\\/uploads\\\/2024\\\/05\\\/000000000001111642-5d972f03a3d8c-asset-knyguklubas-iki-pasimatymo-ten-aukstai-1.jpg\",\"datePublished\":\"2024-05-04T18:23:42+00:00\",\"dateModified\":\"2024-05-04T19:08:06+00:00\",\"description\":\"Pirmojo pasaulinio karo m\u0117smal\u0119 i\u0161gyven\u0119 ir jos visiems laikams susieti Alberas ir Eduaras gr\u012f\u017eta namo tik\u0117damiesi kitokio gyvenimo. Deja, netrukus paai\u0161k\u0117ja, kad Pranc\u016bzija \u0161lovina tik savo mirusiuosius, tuo pat metu patogiai u\u017emir\u0161dama i\u0161gyvenusius. Apstulbinti, sukr\u0117sti ir nusivyl\u0119 vaikinai gali tik bej\u0117gi\u0161kai steb\u0117ti, kaip t\u0117vyn\u0117 nusisuka nuo j\u0173, bet dosniai apdovanoja jiems kare vadovavus\u012f niek\u0161i\u0161k\u0105, \u012f\u017e\u016bl\u0173 ir joki\u0173 skrupul\u0173 neturint\u012f leitenant\u0105 Pradel\u012f. Vis d\u0117lto Alberas ir Eduaras lengvai pasiduoti neketina. J\u0173dviej\u0173 sugalvotas genialus planas iki pat \u0161irdies gelmi\u0173 sukre\u010dia sterili\u0105 Pranc\u016bzijos visuomen\u0119, atskleid\u017eia \u017emoni\u0173 dviveidyst\u0119 ir, negana to, atne\u0161a vaikinams nemenk\u0105 turt\u0105. Su li\u016bdnu pasitenkinimu pasim\u0117gav\u0119 savo veiksm\u0173 sukeltu poveikiu bei poky\u010diais, Alberas ir Eduaras nutaria i\u0161va\u017eiuoti i\u0161 Pary\u017eiaus. Bet netrukus supranta, kad taip paprastai praeities atsikratyti ne\u012fmanoma.\",\"breadcrumb\":{\"@id\":\"https:\\\/\\\/skaitytaknyga.lt\\\/produktas\\\/pierre-lemaitre-iki-pasimatymo-ten-aukstai-pagelte-lapai\\\/#breadcrumb\"},\"inLanguage\":\"en-GB\",\"potentialAction\":[{\"@type\":\"ReadAction\",\"target\":[\"https:\\\/\\\/skaitytaknyga.lt\\\/produktas\\\/pierre-lemaitre-iki-pasimatymo-ten-aukstai-pagelte-lapai\\\/\"]}]},{\"@type\":\"ImageObject\",\"inLanguage\":\"en-GB\",\"@id\":\"https:\\\/\\\/skaitytaknyga.lt\\\/produktas\\\/pierre-lemaitre-iki-pasimatymo-ten-aukstai-pagelte-lapai\\\/#primaryimage\",\"url\":\"https:\\\/\\\/skaitytaknyga.lt\\\/wp-content\\\/uploads\\\/2024\\\/05\\\/000000000001111642-5d972f03a3d8c-asset-knyguklubas-iki-pasimatymo-ten-aukstai-1.jpg\",\"contentUrl\":\"https:\\\/\\\/skaitytaknyga.lt\\\/wp-content\\\/uploads\\\/2024\\\/05\\\/000000000001111642-5d972f03a3d8c-asset-knyguklubas-iki-pasimatymo-ten-aukstai-1.jpg\",\"width\":366,\"height\":600},{\"@type\":\"BreadcrumbList\",\"@id\":\"https:\\\/\\\/skaitytaknyga.lt\\\/produktas\\\/pierre-lemaitre-iki-pasimatymo-ten-aukstai-pagelte-lapai\\\/#breadcrumb\",\"itemListElement\":[{\"@type\":\"ListItem\",\"position\":1,\"name\":\"Home\",\"item\":\"https:\\\/\\\/skaitytaknyga.lt\\\/\"},{\"@type\":\"ListItem\",\"position\":2,\"name\":\"Parduotuv\u0117\",\"item\":\"https:\\\/\\\/skaitytaknyga.lt\\\/knygu-parduotuve\\\/\"},{\"@type\":\"ListItem\",\"position\":3,\"name\":\"Pierre Lemaitre \u201eIki pasimatymo ten auk\u0161tai\u201c (Pagelt\u0119 lapai)\"}]},{\"@type\":\"WebSite\",\"@id\":\"https:\\\/\\\/skaitytaknyga.lt\\\/#website\",\"url\":\"https:\\\/\\\/skaitytaknyga.lt\\\/\",\"name\":\"skaitytaknyga.lt\",\"description\":\"Skaitytaknyga.lt \u2013 tai ma\u017eas \u0161eimos verslas, kuris prasid\u0117jo nuo meil\u0117s knygoms ir siekio i\u0161gelb\u0117ti knygas nuo likimo prie konteinerio. Kas vienam nereikalingas daiktas \u2013 kitam lobis, o mes esame tarpininkai, kurie padeda abiems tapti laimingesniems ???? \u017dinome kaip nelengva i\u0161gyventi ma\u017eiems verslams, tad nuo \u0161iol, \u010dia rasite ir kit\u0173, ma\u017e\u0173 \u0161eim\u0173 versl\u0173, rank\u0173 darbo, dovan\u0173 sau ir artimiesiems.\",\"publisher\":{\"@id\":\"https:\\\/\\\/skaitytaknyga.lt\\\/#organization\"},\"potentialAction\":[{\"@type\":\"SearchAction\",\"target\":{\"@type\":\"EntryPoint\",\"urlTemplate\":\"https:\\\/\\\/skaitytaknyga.lt\\\/?s={search_term_string}\"},\"query-input\":{\"@type\":\"PropertyValueSpecification\",\"valueRequired\":true,\"valueName\":\"search_term_string\"}}],\"inLanguage\":\"en-GB\"},{\"@type\":\"Organization\",\"@id\":\"https:\\\/\\\/skaitytaknyga.lt\\\/#organization\",\"name\":\"skaitytaknyga.lt\",\"url\":\"https:\\\/\\\/skaitytaknyga.lt\\\/\",\"logo\":{\"@type\":\"ImageObject\",\"inLanguage\":\"en-GB\",\"@id\":\"https:\\\/\\\/skaitytaknyga.lt\\\/#\\\/schema\\\/logo\\\/image\\\/\",\"url\":\"https:\\\/\\\/skaitytaknyga.lt\\\/wp-content\\\/uploads\\\/2024\\\/05\\\/cropped-cropped-cropped-02_00843_jt3bggkj1j3HLc7SyY6rEUpg.jpeg\",\"contentUrl\":\"https:\\\/\\\/skaitytaknyga.lt\\\/wp-content\\\/uploads\\\/2024\\\/05\\\/cropped-cropped-cropped-02_00843_jt3bggkj1j3HLc7SyY6rEUpg.jpeg\",\"width\":1600,\"height\":1600,\"caption\":\"skaitytaknyga.lt\"},\"image\":{\"@id\":\"https:\\\/\\\/skaitytaknyga.lt\\\/#\\\/schema\\\/logo\\\/image\\\/\"},\"sameAs\":[\"https:\\\/\\\/www.facebook.com\\\/skaitytaknyga\\\/\"]}]}<\/script>\n<!-- \/ Yoast SEO plugin. -->","yoast_head_json":{"title":"Pierre Lemaitre \u201eIki pasimatymo ten auk\u0161tai\u201c (Pagelt\u0119 lapai) - Skaitytaknyga","description":"Pirmojo pasaulinio karo m\u0117smal\u0119 i\u0161gyven\u0119 ir jos visiems laikams susieti Alberas ir Eduaras gr\u012f\u017eta namo tik\u0117damiesi kitokio gyvenimo. Deja, netrukus paai\u0161k\u0117ja, kad Pranc\u016bzija \u0161lovina tik savo mirusiuosius, tuo pat metu patogiai u\u017emir\u0161dama i\u0161gyvenusius. Apstulbinti, sukr\u0117sti ir nusivyl\u0119 vaikinai gali tik bej\u0117gi\u0161kai steb\u0117ti, kaip t\u0117vyn\u0117 nusisuka nuo j\u0173, bet dosniai apdovanoja jiems kare vadovavus\u012f niek\u0161i\u0161k\u0105, \u012f\u017e\u016bl\u0173 ir joki\u0173 skrupul\u0173 neturint\u012f leitenant\u0105 Pradel\u012f.  Vis d\u0117lto Alberas ir Eduaras lengvai pasiduoti neketina. J\u0173dviej\u0173 sugalvotas genialus planas iki pat \u0161irdies gelmi\u0173 sukre\u010dia sterili\u0105 Pranc\u016bzijos visuomen\u0119, atskleid\u017eia \u017emoni\u0173 dviveidyst\u0119 ir, negana to, atne\u0161a vaikinams nemenk\u0105 turt\u0105. Su li\u016bdnu pasitenkinimu pasim\u0117gav\u0119 savo veiksm\u0173 sukeltu poveikiu bei poky\u010diais, Alberas ir Eduaras nutaria i\u0161va\u017eiuoti i\u0161 Pary\u017eiaus. Bet netrukus supranta, kad taip paprastai praeities atsikratyti ne\u012fmanoma.","robots":{"index":"index","follow":"follow","max-snippet":"max-snippet:-1","max-image-preview":"max-image-preview:large","max-video-preview":"max-video-preview:-1"},"canonical":"https:\/\/skaitytaknyga.lt\/en\/produktas\/pierre-lemaitre-iki-pasimatymo-ten-aukstai-pagelte-lapai\/","og_locale":"en_GB","og_type":"article","og_title":"Pierre Lemaitre \u201eIki pasimatymo ten auk\u0161tai\u201c (Pagelt\u0119 lapai) - Skaitytaknyga","og_description":"Pirmojo pasaulinio karo m\u0117smal\u0119 i\u0161gyven\u0119 ir jos visiems laikams susieti Alberas ir Eduaras gr\u012f\u017eta namo tik\u0117damiesi kitokio gyvenimo. Deja, netrukus paai\u0161k\u0117ja, kad Pranc\u016bzija \u0161lovina tik savo mirusiuosius, tuo pat metu patogiai u\u017emir\u0161dama i\u0161gyvenusius. Apstulbinti, sukr\u0117sti ir nusivyl\u0119 vaikinai gali tik bej\u0117gi\u0161kai steb\u0117ti, kaip t\u0117vyn\u0117 nusisuka nuo j\u0173, bet dosniai apdovanoja jiems kare vadovavus\u012f niek\u0161i\u0161k\u0105, \u012f\u017e\u016bl\u0173 ir joki\u0173 skrupul\u0173 neturint\u012f leitenant\u0105 Pradel\u012f.  Vis d\u0117lto Alberas ir Eduaras lengvai pasiduoti neketina. J\u0173dviej\u0173 sugalvotas genialus planas iki pat \u0161irdies gelmi\u0173 sukre\u010dia sterili\u0105 Pranc\u016bzijos visuomen\u0119, atskleid\u017eia \u017emoni\u0173 dviveidyst\u0119 ir, negana to, atne\u0161a vaikinams nemenk\u0105 turt\u0105. Su li\u016bdnu pasitenkinimu pasim\u0117gav\u0119 savo veiksm\u0173 sukeltu poveikiu bei poky\u010diais, Alberas ir Eduaras nutaria i\u0161va\u017eiuoti i\u0161 Pary\u017eiaus. Bet netrukus supranta, kad taip paprastai praeities atsikratyti ne\u012fmanoma.","og_url":"https:\/\/skaitytaknyga.lt\/en\/produktas\/pierre-lemaitre-iki-pasimatymo-ten-aukstai-pagelte-lapai\/","og_site_name":"Skaitytaknyga","article_publisher":"https:\/\/www.facebook.com\/skaitytaknyga\/","article_modified_time":"2024-05-04T19:08:06+00:00","og_image":[{"width":366,"height":600,"url":"https:\/\/skaitytaknyga.lt\/wp-content\/uploads\/2024\/05\/000000000001111642-5d972f03a3d8c-asset-knyguklubas-iki-pasimatymo-ten-aukstai-1.jpg","type":"image\/jpeg"}],"twitter_card":"summary_large_image","twitter_misc":{"Estimated reading time":"1 minute"},"schema":{"@context":"https:\/\/schema.org","@graph":[{"@type":"WebPage","@id":"https:\/\/skaitytaknyga.lt\/produktas\/pierre-lemaitre-iki-pasimatymo-ten-aukstai-pagelte-lapai\/","url":"https:\/\/skaitytaknyga.lt\/produktas\/pierre-lemaitre-iki-pasimatymo-ten-aukstai-pagelte-lapai\/","name":"Pierre Lemaitre \u201eIki pasimatymo ten auk\u0161tai\u201c (Pagelt\u0119 lapai) - Skaitytaknyga","isPartOf":{"@id":"https:\/\/skaitytaknyga.lt\/#website"},"primaryImageOfPage":{"@id":"https:\/\/skaitytaknyga.lt\/produktas\/pierre-lemaitre-iki-pasimatymo-ten-aukstai-pagelte-lapai\/#primaryimage"},"image":{"@id":"https:\/\/skaitytaknyga.lt\/produktas\/pierre-lemaitre-iki-pasimatymo-ten-aukstai-pagelte-lapai\/#primaryimage"},"thumbnailUrl":"https:\/\/skaitytaknyga.lt\/wp-content\/uploads\/2024\/05\/000000000001111642-5d972f03a3d8c-asset-knyguklubas-iki-pasimatymo-ten-aukstai-1.jpg","datePublished":"2024-05-04T18:23:42+00:00","dateModified":"2024-05-04T19:08:06+00:00","description":"Pirmojo pasaulinio karo m\u0117smal\u0119 i\u0161gyven\u0119 ir jos visiems laikams susieti Alberas ir Eduaras gr\u012f\u017eta namo tik\u0117damiesi kitokio gyvenimo. Deja, netrukus paai\u0161k\u0117ja, kad Pranc\u016bzija \u0161lovina tik savo mirusiuosius, tuo pat metu patogiai u\u017emir\u0161dama i\u0161gyvenusius. Apstulbinti, sukr\u0117sti ir nusivyl\u0119 vaikinai gali tik bej\u0117gi\u0161kai steb\u0117ti, kaip t\u0117vyn\u0117 nusisuka nuo j\u0173, bet dosniai apdovanoja jiems kare vadovavus\u012f niek\u0161i\u0161k\u0105, \u012f\u017e\u016bl\u0173 ir joki\u0173 skrupul\u0173 neturint\u012f leitenant\u0105 Pradel\u012f. Vis d\u0117lto Alberas ir Eduaras lengvai pasiduoti neketina. J\u0173dviej\u0173 sugalvotas genialus planas iki pat \u0161irdies gelmi\u0173 sukre\u010dia sterili\u0105 Pranc\u016bzijos visuomen\u0119, atskleid\u017eia \u017emoni\u0173 dviveidyst\u0119 ir, negana to, atne\u0161a vaikinams nemenk\u0105 turt\u0105. Su li\u016bdnu pasitenkinimu pasim\u0117gav\u0119 savo veiksm\u0173 sukeltu poveikiu bei poky\u010diais, Alberas ir Eduaras nutaria i\u0161va\u017eiuoti i\u0161 Pary\u017eiaus. Bet netrukus supranta, kad taip paprastai praeities atsikratyti ne\u012fmanoma.","breadcrumb":{"@id":"https:\/\/skaitytaknyga.lt\/produktas\/pierre-lemaitre-iki-pasimatymo-ten-aukstai-pagelte-lapai\/#breadcrumb"},"inLanguage":"en-GB","potentialAction":[{"@type":"ReadAction","target":["https:\/\/skaitytaknyga.lt\/produktas\/pierre-lemaitre-iki-pasimatymo-ten-aukstai-pagelte-lapai\/"]}]},{"@type":"ImageObject","inLanguage":"en-GB","@id":"https:\/\/skaitytaknyga.lt\/produktas\/pierre-lemaitre-iki-pasimatymo-ten-aukstai-pagelte-lapai\/#primaryimage","url":"https:\/\/skaitytaknyga.lt\/wp-content\/uploads\/2024\/05\/000000000001111642-5d972f03a3d8c-asset-knyguklubas-iki-pasimatymo-ten-aukstai-1.jpg","contentUrl":"https:\/\/skaitytaknyga.lt\/wp-content\/uploads\/2024\/05\/000000000001111642-5d972f03a3d8c-asset-knyguklubas-iki-pasimatymo-ten-aukstai-1.jpg","width":366,"height":600},{"@type":"BreadcrumbList","@id":"https:\/\/skaitytaknyga.lt\/produktas\/pierre-lemaitre-iki-pasimatymo-ten-aukstai-pagelte-lapai\/#breadcrumb","itemListElement":[{"@type":"ListItem","position":1,"name":"Home","item":"https:\/\/skaitytaknyga.lt\/"},{"@type":"ListItem","position":2,"name":"Parduotuv\u0117","item":"https:\/\/skaitytaknyga.lt\/knygu-parduotuve\/"},{"@type":"ListItem","position":3,"name":"Pierre Lemaitre \u201eIki pasimatymo ten auk\u0161tai\u201c (Pagelt\u0119 lapai)"}]},{"@type":"WebSite","@id":"https:\/\/skaitytaknyga.lt\/#website","url":"https:\/\/skaitytaknyga.lt\/","name":"skaitytaknyga.lt","description":"Skaitytaknyga.lt \u2013 tai ma\u017eas \u0161eimos verslas, kuris prasid\u0117jo nuo meil\u0117s knygoms ir siekio i\u0161gelb\u0117ti knygas nuo likimo prie konteinerio. Kas vienam nereikalingas daiktas \u2013 kitam lobis, o mes esame tarpininkai, kurie padeda abiems tapti laimingesniems ???? \u017dinome kaip nelengva i\u0161gyventi ma\u017eiems verslams, tad nuo \u0161iol, \u010dia rasite ir kit\u0173, ma\u017e\u0173 \u0161eim\u0173 versl\u0173, rank\u0173 darbo, dovan\u0173 sau ir artimiesiems.","publisher":{"@id":"https:\/\/skaitytaknyga.lt\/#organization"},"potentialAction":[{"@type":"SearchAction","target":{"@type":"EntryPoint","urlTemplate":"https:\/\/skaitytaknyga.lt\/?s={search_term_string}"},"query-input":{"@type":"PropertyValueSpecification","valueRequired":true,"valueName":"search_term_string"}}],"inLanguage":"en-GB"},{"@type":"Organization","@id":"https:\/\/skaitytaknyga.lt\/#organization","name":"skaitytaknyga.lt","url":"https:\/\/skaitytaknyga.lt\/","logo":{"@type":"ImageObject","inLanguage":"en-GB","@id":"https:\/\/skaitytaknyga.lt\/#\/schema\/logo\/image\/","url":"https:\/\/skaitytaknyga.lt\/wp-content\/uploads\/2024\/05\/cropped-cropped-cropped-02_00843_jt3bggkj1j3HLc7SyY6rEUpg.jpeg","contentUrl":"https:\/\/skaitytaknyga.lt\/wp-content\/uploads\/2024\/05\/cropped-cropped-cropped-02_00843_jt3bggkj1j3HLc7SyY6rEUpg.jpeg","width":1600,"height":1600,"caption":"skaitytaknyga.lt"},"image":{"@id":"https:\/\/skaitytaknyga.lt\/#\/schema\/logo\/image\/"},"sameAs":["https:\/\/www.facebook.com\/skaitytaknyga\/"]}]}},"_links":{"self":[{"href":"https:\/\/skaitytaknyga.lt\/en\/wp-json\/wp\/v2\/product\/10573","targetHints":{"allow":["GET"]}}],"collection":[{"href":"https:\/\/skaitytaknyga.lt\/en\/wp-json\/wp\/v2\/product"}],"about":[{"href":"https:\/\/skaitytaknyga.lt\/en\/wp-json\/wp\/v2\/types\/product"}],"replies":[{"embeddable":true,"href":"https:\/\/skaitytaknyga.lt\/en\/wp-json\/wp\/v2\/comments?post=10573"}],"wp:featuredmedia":[{"embeddable":true,"href":"https:\/\/skaitytaknyga.lt\/en\/wp-json\/wp\/v2\/media\/10616"}],"wp:attachment":[{"href":"https:\/\/skaitytaknyga.lt\/en\/wp-json\/wp\/v2\/media?parent=10573"}],"wp:term":[{"taxonomy":"product_brand","embeddable":true,"href":"https:\/\/skaitytaknyga.lt\/en\/wp-json\/wp\/v2\/product_brand?post=10573"},{"taxonomy":"product_cat","embeddable":true,"href":"https:\/\/skaitytaknyga.lt\/en\/wp-json\/wp\/v2\/product_cat?post=10573"},{"taxonomy":"product_tag","embeddable":true,"href":"https:\/\/skaitytaknyga.lt\/en\/wp-json\/wp\/v2\/product_tag?post=10573"}],"curies":[{"name":"wp","href":"https:\/\/api.w.org\/{rel}","templated":true}]}}