{"id":10572,"date":"2024-05-04T18:23:42","date_gmt":"2024-05-04T18:23:42","guid":{"rendered":"https:\/\/skaitytaknyga.lt\/?post_type=product&#038;p=10572"},"modified":"2024-05-04T19:08:03","modified_gmt":"2024-05-04T19:08:03","slug":"salin-mitus-naujas-poziuris-i-vaiku-auklejima-pagelte-lapai","status":"publish","type":"product","link":"https:\/\/skaitytaknyga.lt\/en\/produktas\/salin-mitus-naujas-poziuris-i-vaiku-auklejima-pagelte-lapai\/","title":{"rendered":"\u0160alin mitus! Naujas po\u017ei\u016bris \u012f vaik\u0173 aukl\u0117jim\u0105 (Pagelt\u0119 lapai)"},"content":{"rendered":"<div class=\"book-descript-wrapper\">\n<section class=\"product-descript more-content-wrapper\">\n<div class=\"\">\n<p>T\u0117vyst\u0117 yra apipinta daugybe mit\u0173, ta\u010diau mes da\u017enai net ne\u017einome, kad viena ar kita yra mitas. Pavyzd\u017eiui, ar \u017einote, kad neder\u0117t\u0173 vaiko girti \u017eod\u017eiu \u201e\u0161aunuolis\u201c? Kad vien televizoriaus \u017ei\u016br\u0117jimas neskatina nutukimo, o mes visi gimstame&#8230; \u0161iek tiek rasistai? Ne\u012ftik\u0117tina, ar ne? Taigi \u0161i knyga efektyviai griauna mitus ir \u2013 kartais net gali atrodyti \u2013 prie\u0161tarauja sveikai nuovokai!<\/p>\n<p>Norite \u017einoti, kod\u0117l vaikas meluoja? Kod\u0117l IQ testai vaikyst\u0117je yra blogai? Skaitykite \u0161i\u0105 knyg\u0105!<\/p>\n<p>Skaitykite neb\u016btinai i\u0161 eil\u0117s \u2013 prad\u0117kite nuo to skyriaus, kuris jums yra \u012fdomiausias. Neabejoju, kad j\u012f perskait\u0119 nepad\u0117site knygos, kol neu\u017eversite paskutinio perskaityto puslapio. Ir \u2013 patik\u0117kite \u2013 po to paskutinio u\u017eversto puslapio ir j\u016bs\u0173, ir j\u016bs\u0173 vaik\u0173 gyvenime atsiras nauj\u0173 \u017eod\u017ei\u0173, nauj\u0173 veikl\u0173 ir&#8230; daugiau ramyb\u0117s.<\/p>\n<\/div>\n<\/section>\n<\/div>\n","protected":false},"excerpt":{"rendered":"<div class=\"book-descript-wrapper\">\n<section class=\"product-descript more-content-wrapper\">\n<div class=\"\">\n<p>T\u0117vyst\u0117 yra apipinta daugybe mit\u0173, ta\u010diau mes da\u017enai net ne\u017einome, kad viena ar kita yra mitas. Pavyzd\u017eiui, ar \u017einote, kad neder\u0117t\u0173 vaiko girti \u017eod\u017eiu \u201e\u0161aunuolis\u201c? Kad vien televizoriaus \u017ei\u016br\u0117jimas neskatina nutukimo, o mes visi gimstame&#8230; \u0161iek tiek rasistai? Ne\u012ftik\u0117tina, ar ne? Taigi \u0161i knyga efektyviai griauna mitus ir \u2013 kartais net gali atrodyti \u2013 prie\u0161tarauja sveikai nuovokai!<\/p>\n<p>Norite \u017einoti, kod\u0117l vaikas meluoja? Kod\u0117l IQ testai vaikyst\u0117je yra blogai? Skaitykite \u0161i\u0105 knyg\u0105!<\/p>\n<p>Skaitykite neb\u016btinai i\u0161 eil\u0117s \u2013 prad\u0117kite nuo to skyriaus, kuris jums yra \u012fdomiausias. Neabejoju, kad j\u012f perskait\u0119 nepad\u0117site knygos, kol neu\u017eversite paskutinio perskaityto puslapio. Ir \u2013 patik\u0117kite \u2013 po to paskutinio u\u017eversto puslapio ir j\u016bs\u0173, ir j\u016bs\u0173 vaik\u0173 gyvenime atsiras nauj\u0173 \u017eod\u017ei\u0173, nauj\u0173 veikl\u0173 ir&#8230; daugiau ramyb\u0117s.<\/p>\n<\/div>\n<\/section>\n<\/div>\n","protected":false},"featured_media":10615,"comment_status":"closed","ping_status":"closed","template":"","meta":{"_acf_changed":false,"site-sidebar-layout":"default","site-content-layout":"","ast-site-content-layout":"default","site-content-style":"default","site-sidebar-style":"default","ast-global-header-display":"","ast-banner-title-visibility":"","ast-main-header-display":"","ast-hfb-above-header-display":"","ast-hfb-below-header-display":"","ast-hfb-mobile-header-display":"","site-post-title":"","ast-breadcrumbs-content":"","ast-featured-img":"","footer-sml-layout":"","ast-disable-related-posts":"","theme-transparent-header-meta":"","adv-header-id-meta":"","stick-header-meta":"","header-above-stick-meta":"","header-main-stick-meta":"","header-below-stick-meta":"","astra-migrate-meta-layouts":"default","ast-page-background-enabled":"default","ast-page-background-meta":{"desktop":{"background-color":"","background-image":"","background-repeat":"repeat","background-position":"center center","background-size":"auto","background-attachment":"scroll","background-type":"","background-media":"","overlay-type":"","overlay-color":"","overlay-opacity":"","overlay-gradient":""},"tablet":{"background-color":"","background-image":"","background-repeat":"repeat","background-position":"center center","background-size":"auto","background-attachment":"scroll","background-type":"","background-media":"","overlay-type":"","overlay-color":"","overlay-opacity":"","overlay-gradient":""},"mobile":{"background-color":"","background-image":"","background-repeat":"repeat","background-position":"center center","background-size":"auto","background-attachment":"scroll","background-type":"","background-media":"","overlay-type":"","overlay-color":"","overlay-opacity":"","overlay-gradient":""}},"ast-content-background-meta":{"desktop":{"background-color":"var(--ast-global-color-4)","background-image":"","background-repeat":"repeat","background-position":"center center","background-size":"auto","background-attachment":"scroll","background-type":"","background-media":"","overlay-type":"","overlay-color":"","overlay-opacity":"","overlay-gradient":""},"tablet":{"background-color":"var(--ast-global-color-4)","background-image":"","background-repeat":"repeat","background-position":"center center","background-size":"auto","background-attachment":"scroll","background-type":"","background-media":"","overlay-type":"","overlay-color":"","overlay-opacity":"","overlay-gradient":""},"mobile":{"background-color":"var(--ast-global-color-4)","background-image":"","background-repeat":"repeat","background-position":"center center","background-size":"auto","background-attachment":"scroll","background-type":"","background-media":"","overlay-type":"","overlay-color":"","overlay-opacity":"","overlay-gradient":""}}},"product_brand":[],"product_cat":[37],"product_tag":[],"class_list":{"0":"post-10572","1":"product","2":"type-product","3":"status-publish","4":"has-post-thumbnail","6":"product_cat-nestumas-ir-vaiku-prieziura-bei-auklejimas","7":"desktop-align-left","8":"tablet-align-left","9":"mobile-align-left","11":"first","12":"outofstock","13":"shipping-taxable","14":"purchasable","15":"product-type-simple"},"acf":[],"yoast_head":"<!-- This site is optimized with the Yoast SEO plugin v27.4 - https:\/\/yoast.com\/product\/yoast-seo-wordpress\/ -->\n<title>\u0160alin mitus! Naujas po\u017ei\u016bris \u012f vaik\u0173 aukl\u0117jim\u0105 (Pagelt\u0119 lapai) - Skaitytaknyga<\/title>\n<meta name=\"description\" content=\"T\u0117vyst\u0117 yra apipinta daugybe mit\u0173, ta\u010diau mes da\u017enai net ne\u017einome, kad viena ar kita yra mitas. Pavyzd\u017eiui, ar \u017einote, kad neder\u0117t\u0173 vaiko girti \u017eod\u017eiu \u201e\u0161aunuolis\u201c? Kad vien televizoriaus \u017ei\u016br\u0117jimas neskatina nutukimo, o mes visi gimstame... \u0161iek tiek rasistai? Ne\u012ftik\u0117tina, ar ne? Taigi \u0161i knyga efektyviai griauna mitus ir \u2013 kartais net gali atrodyti \u2013 prie\u0161tarauja sveikai nuovokai!  Norite \u017einoti, kod\u0117l vaikas meluoja? Kod\u0117l IQ testai vaikyst\u0117je yra blogai? Skaitykite \u0161i\u0105 knyg\u0105!  Skaitykite neb\u016btinai i\u0161 eil\u0117s \u2013 prad\u0117kite nuo to skyriaus, kuris jums yra \u012fdomiausias. Neabejoju, kad j\u012f perskait\u0119 nepad\u0117site knygos, kol neu\u017eversite paskutinio perskaityto puslapio. Ir \u2013 patik\u0117kite \u2013 po to paskutinio u\u017eversto puslapio ir j\u016bs\u0173, ir j\u016bs\u0173 vaik\u0173 gyvenime atsiras nauj\u0173 \u017eod\u017ei\u0173, nauj\u0173 veikl\u0173 ir... daugiau ramyb\u0117s.\" \/>\n<meta name=\"robots\" content=\"index, follow, max-snippet:-1, max-image-preview:large, max-video-preview:-1\" \/>\n<link rel=\"canonical\" href=\"https:\/\/skaitytaknyga.lt\/en\/produktas\/salin-mitus-naujas-poziuris-i-vaiku-auklejima-pagelte-lapai\/\" \/>\n<meta property=\"og:locale\" content=\"en_GB\" \/>\n<meta property=\"og:locale:alternate\" content=\"lt_LT\" \/>\n<meta property=\"og:type\" content=\"article\" \/>\n<meta property=\"og:title\" content=\"\u0160alin mitus! Naujas po\u017ei\u016bris \u012f vaik\u0173 aukl\u0117jim\u0105 (Pagelt\u0119 lapai) - Skaitytaknyga\" \/>\n<meta property=\"og:description\" content=\"T\u0117vyst\u0117 yra apipinta daugybe mit\u0173, ta\u010diau mes da\u017enai net ne\u017einome, kad viena ar kita yra mitas. Pavyzd\u017eiui, ar \u017einote, kad neder\u0117t\u0173 vaiko girti \u017eod\u017eiu \u201e\u0161aunuolis\u201c? Kad vien televizoriaus \u017ei\u016br\u0117jimas neskatina nutukimo, o mes visi gimstame... \u0161iek tiek rasistai? Ne\u012ftik\u0117tina, ar ne? Taigi \u0161i knyga efektyviai griauna mitus ir \u2013 kartais net gali atrodyti \u2013 prie\u0161tarauja sveikai nuovokai!  Norite \u017einoti, kod\u0117l vaikas meluoja? Kod\u0117l IQ testai vaikyst\u0117je yra blogai? Skaitykite \u0161i\u0105 knyg\u0105!  Skaitykite neb\u016btinai i\u0161 eil\u0117s \u2013 prad\u0117kite nuo to skyriaus, kuris jums yra \u012fdomiausias. Neabejoju, kad j\u012f perskait\u0119 nepad\u0117site knygos, kol neu\u017eversite paskutinio perskaityto puslapio. Ir \u2013 patik\u0117kite \u2013 po to paskutinio u\u017eversto puslapio ir j\u016bs\u0173, ir j\u016bs\u0173 vaik\u0173 gyvenime atsiras nauj\u0173 \u017eod\u017ei\u0173, nauj\u0173 veikl\u0173 ir... daugiau ramyb\u0117s.\" \/>\n<meta property=\"og:url\" content=\"https:\/\/skaitytaknyga.lt\/en\/produktas\/salin-mitus-naujas-poziuris-i-vaiku-auklejima-pagelte-lapai\/\" \/>\n<meta property=\"og:site_name\" content=\"Skaitytaknyga\" \/>\n<meta property=\"article:publisher\" content=\"https:\/\/www.facebook.com\/skaitytaknyga\/\" \/>\n<meta property=\"article:modified_time\" content=\"2024-05-04T19:08:03+00:00\" \/>\n<meta property=\"og:image\" content=\"https:\/\/skaitytaknyga.lt\/wp-content\/uploads\/2024\/05\/salin-mitus.jpg\" \/>\n\t<meta property=\"og:image:width\" content=\"585\" \/>\n\t<meta property=\"og:image:height\" content=\"850\" \/>\n\t<meta property=\"og:image:type\" content=\"image\/jpeg\" \/>\n<meta name=\"twitter:card\" content=\"summary_large_image\" \/>\n<meta name=\"twitter:label1\" content=\"Estimated reading time\" \/>\n\t<meta name=\"twitter:data1\" content=\"1 minute\" \/>\n<script type=\"application\/ld+json\" class=\"yoast-schema-graph\">{\"@context\":\"https:\\\/\\\/schema.org\",\"@graph\":[{\"@type\":\"WebPage\",\"@id\":\"https:\\\/\\\/skaitytaknyga.lt\\\/produktas\\\/salin-mitus-naujas-poziuris-i-vaiku-auklejima-pagelte-lapai\\\/\",\"url\":\"https:\\\/\\\/skaitytaknyga.lt\\\/produktas\\\/salin-mitus-naujas-poziuris-i-vaiku-auklejima-pagelte-lapai\\\/\",\"name\":\"\u0160alin mitus! Naujas po\u017ei\u016bris \u012f vaik\u0173 aukl\u0117jim\u0105 (Pagelt\u0119 lapai) - Skaitytaknyga\",\"isPartOf\":{\"@id\":\"https:\\\/\\\/skaitytaknyga.lt\\\/#website\"},\"primaryImageOfPage\":{\"@id\":\"https:\\\/\\\/skaitytaknyga.lt\\\/produktas\\\/salin-mitus-naujas-poziuris-i-vaiku-auklejima-pagelte-lapai\\\/#primaryimage\"},\"image\":{\"@id\":\"https:\\\/\\\/skaitytaknyga.lt\\\/produktas\\\/salin-mitus-naujas-poziuris-i-vaiku-auklejima-pagelte-lapai\\\/#primaryimage\"},\"thumbnailUrl\":\"https:\\\/\\\/skaitytaknyga.lt\\\/wp-content\\\/uploads\\\/2024\\\/05\\\/salin-mitus.jpg\",\"datePublished\":\"2024-05-04T18:23:42+00:00\",\"dateModified\":\"2024-05-04T19:08:03+00:00\",\"description\":\"T\u0117vyst\u0117 yra apipinta daugybe mit\u0173, ta\u010diau mes da\u017enai net ne\u017einome, kad viena ar kita yra mitas. Pavyzd\u017eiui, ar \u017einote, kad neder\u0117t\u0173 vaiko girti \u017eod\u017eiu \u201e\u0161aunuolis\u201c? Kad vien televizoriaus \u017ei\u016br\u0117jimas neskatina nutukimo, o mes visi gimstame... \u0161iek tiek rasistai? Ne\u012ftik\u0117tina, ar ne? Taigi \u0161i knyga efektyviai griauna mitus ir \u2013 kartais net gali atrodyti \u2013 prie\u0161tarauja sveikai nuovokai! Norite \u017einoti, kod\u0117l vaikas meluoja? Kod\u0117l IQ testai vaikyst\u0117je yra blogai? Skaitykite \u0161i\u0105 knyg\u0105! Skaitykite neb\u016btinai i\u0161 eil\u0117s \u2013 prad\u0117kite nuo to skyriaus, kuris jums yra \u012fdomiausias. Neabejoju, kad j\u012f perskait\u0119 nepad\u0117site knygos, kol neu\u017eversite paskutinio perskaityto puslapio. Ir \u2013 patik\u0117kite \u2013 po to paskutinio u\u017eversto puslapio ir j\u016bs\u0173, ir j\u016bs\u0173 vaik\u0173 gyvenime atsiras nauj\u0173 \u017eod\u017ei\u0173, nauj\u0173 veikl\u0173 ir... daugiau ramyb\u0117s.\",\"breadcrumb\":{\"@id\":\"https:\\\/\\\/skaitytaknyga.lt\\\/produktas\\\/salin-mitus-naujas-poziuris-i-vaiku-auklejima-pagelte-lapai\\\/#breadcrumb\"},\"inLanguage\":\"en-GB\",\"potentialAction\":[{\"@type\":\"ReadAction\",\"target\":[\"https:\\\/\\\/skaitytaknyga.lt\\\/produktas\\\/salin-mitus-naujas-poziuris-i-vaiku-auklejima-pagelte-lapai\\\/\"]}]},{\"@type\":\"ImageObject\",\"inLanguage\":\"en-GB\",\"@id\":\"https:\\\/\\\/skaitytaknyga.lt\\\/produktas\\\/salin-mitus-naujas-poziuris-i-vaiku-auklejima-pagelte-lapai\\\/#primaryimage\",\"url\":\"https:\\\/\\\/skaitytaknyga.lt\\\/wp-content\\\/uploads\\\/2024\\\/05\\\/salin-mitus.jpg\",\"contentUrl\":\"https:\\\/\\\/skaitytaknyga.lt\\\/wp-content\\\/uploads\\\/2024\\\/05\\\/salin-mitus.jpg\",\"width\":585,\"height\":850},{\"@type\":\"BreadcrumbList\",\"@id\":\"https:\\\/\\\/skaitytaknyga.lt\\\/produktas\\\/salin-mitus-naujas-poziuris-i-vaiku-auklejima-pagelte-lapai\\\/#breadcrumb\",\"itemListElement\":[{\"@type\":\"ListItem\",\"position\":1,\"name\":\"Home\",\"item\":\"https:\\\/\\\/skaitytaknyga.lt\\\/\"},{\"@type\":\"ListItem\",\"position\":2,\"name\":\"Parduotuv\u0117\",\"item\":\"https:\\\/\\\/skaitytaknyga.lt\\\/knygu-parduotuve\\\/\"},{\"@type\":\"ListItem\",\"position\":3,\"name\":\"\u0160alin mitus! Naujas po\u017ei\u016bris \u012f vaik\u0173 aukl\u0117jim\u0105 (Pagelt\u0119 lapai)\"}]},{\"@type\":\"WebSite\",\"@id\":\"https:\\\/\\\/skaitytaknyga.lt\\\/#website\",\"url\":\"https:\\\/\\\/skaitytaknyga.lt\\\/\",\"name\":\"skaitytaknyga.lt\",\"description\":\"Skaitytaknyga.lt \u2013 tai ma\u017eas \u0161eimos verslas, kuris prasid\u0117jo nuo meil\u0117s knygoms ir siekio i\u0161gelb\u0117ti knygas nuo likimo prie konteinerio. Kas vienam nereikalingas daiktas \u2013 kitam lobis, o mes esame tarpininkai, kurie padeda abiems tapti laimingesniems ???? \u017dinome kaip nelengva i\u0161gyventi ma\u017eiems verslams, tad nuo \u0161iol, \u010dia rasite ir kit\u0173, ma\u017e\u0173 \u0161eim\u0173 versl\u0173, rank\u0173 darbo, dovan\u0173 sau ir artimiesiems.\",\"publisher\":{\"@id\":\"https:\\\/\\\/skaitytaknyga.lt\\\/#organization\"},\"potentialAction\":[{\"@type\":\"SearchAction\",\"target\":{\"@type\":\"EntryPoint\",\"urlTemplate\":\"https:\\\/\\\/skaitytaknyga.lt\\\/?s={search_term_string}\"},\"query-input\":{\"@type\":\"PropertyValueSpecification\",\"valueRequired\":true,\"valueName\":\"search_term_string\"}}],\"inLanguage\":\"en-GB\"},{\"@type\":\"Organization\",\"@id\":\"https:\\\/\\\/skaitytaknyga.lt\\\/#organization\",\"name\":\"skaitytaknyga.lt\",\"url\":\"https:\\\/\\\/skaitytaknyga.lt\\\/\",\"logo\":{\"@type\":\"ImageObject\",\"inLanguage\":\"en-GB\",\"@id\":\"https:\\\/\\\/skaitytaknyga.lt\\\/#\\\/schema\\\/logo\\\/image\\\/\",\"url\":\"https:\\\/\\\/skaitytaknyga.lt\\\/wp-content\\\/uploads\\\/2024\\\/05\\\/cropped-cropped-cropped-02_00843_jt3bggkj1j3HLc7SyY6rEUpg.jpeg\",\"contentUrl\":\"https:\\\/\\\/skaitytaknyga.lt\\\/wp-content\\\/uploads\\\/2024\\\/05\\\/cropped-cropped-cropped-02_00843_jt3bggkj1j3HLc7SyY6rEUpg.jpeg\",\"width\":1600,\"height\":1600,\"caption\":\"skaitytaknyga.lt\"},\"image\":{\"@id\":\"https:\\\/\\\/skaitytaknyga.lt\\\/#\\\/schema\\\/logo\\\/image\\\/\"},\"sameAs\":[\"https:\\\/\\\/www.facebook.com\\\/skaitytaknyga\\\/\"]}]}<\/script>\n<!-- \/ Yoast SEO plugin. -->","yoast_head_json":{"title":"\u0160alin mitus! Naujas po\u017ei\u016bris \u012f vaik\u0173 aukl\u0117jim\u0105 (Pagelt\u0119 lapai) - Skaitytaknyga","description":"T\u0117vyst\u0117 yra apipinta daugybe mit\u0173, ta\u010diau mes da\u017enai net ne\u017einome, kad viena ar kita yra mitas. Pavyzd\u017eiui, ar \u017einote, kad neder\u0117t\u0173 vaiko girti \u017eod\u017eiu \u201e\u0161aunuolis\u201c? Kad vien televizoriaus \u017ei\u016br\u0117jimas neskatina nutukimo, o mes visi gimstame... \u0161iek tiek rasistai? Ne\u012ftik\u0117tina, ar ne? Taigi \u0161i knyga efektyviai griauna mitus ir \u2013 kartais net gali atrodyti \u2013 prie\u0161tarauja sveikai nuovokai!  Norite \u017einoti, kod\u0117l vaikas meluoja? Kod\u0117l IQ testai vaikyst\u0117je yra blogai? Skaitykite \u0161i\u0105 knyg\u0105!  Skaitykite neb\u016btinai i\u0161 eil\u0117s \u2013 prad\u0117kite nuo to skyriaus, kuris jums yra \u012fdomiausias. Neabejoju, kad j\u012f perskait\u0119 nepad\u0117site knygos, kol neu\u017eversite paskutinio perskaityto puslapio. Ir \u2013 patik\u0117kite \u2013 po to paskutinio u\u017eversto puslapio ir j\u016bs\u0173, ir j\u016bs\u0173 vaik\u0173 gyvenime atsiras nauj\u0173 \u017eod\u017ei\u0173, nauj\u0173 veikl\u0173 ir... daugiau ramyb\u0117s.","robots":{"index":"index","follow":"follow","max-snippet":"max-snippet:-1","max-image-preview":"max-image-preview:large","max-video-preview":"max-video-preview:-1"},"canonical":"https:\/\/skaitytaknyga.lt\/en\/produktas\/salin-mitus-naujas-poziuris-i-vaiku-auklejima-pagelte-lapai\/","og_locale":"en_GB","og_type":"article","og_title":"\u0160alin mitus! Naujas po\u017ei\u016bris \u012f vaik\u0173 aukl\u0117jim\u0105 (Pagelt\u0119 lapai) - Skaitytaknyga","og_description":"T\u0117vyst\u0117 yra apipinta daugybe mit\u0173, ta\u010diau mes da\u017enai net ne\u017einome, kad viena ar kita yra mitas. Pavyzd\u017eiui, ar \u017einote, kad neder\u0117t\u0173 vaiko girti \u017eod\u017eiu \u201e\u0161aunuolis\u201c? Kad vien televizoriaus \u017ei\u016br\u0117jimas neskatina nutukimo, o mes visi gimstame... \u0161iek tiek rasistai? Ne\u012ftik\u0117tina, ar ne? Taigi \u0161i knyga efektyviai griauna mitus ir \u2013 kartais net gali atrodyti \u2013 prie\u0161tarauja sveikai nuovokai!  Norite \u017einoti, kod\u0117l vaikas meluoja? Kod\u0117l IQ testai vaikyst\u0117je yra blogai? Skaitykite \u0161i\u0105 knyg\u0105!  Skaitykite neb\u016btinai i\u0161 eil\u0117s \u2013 prad\u0117kite nuo to skyriaus, kuris jums yra \u012fdomiausias. Neabejoju, kad j\u012f perskait\u0119 nepad\u0117site knygos, kol neu\u017eversite paskutinio perskaityto puslapio. Ir \u2013 patik\u0117kite \u2013 po to paskutinio u\u017eversto puslapio ir j\u016bs\u0173, ir j\u016bs\u0173 vaik\u0173 gyvenime atsiras nauj\u0173 \u017eod\u017ei\u0173, nauj\u0173 veikl\u0173 ir... daugiau ramyb\u0117s.","og_url":"https:\/\/skaitytaknyga.lt\/en\/produktas\/salin-mitus-naujas-poziuris-i-vaiku-auklejima-pagelte-lapai\/","og_site_name":"Skaitytaknyga","article_publisher":"https:\/\/www.facebook.com\/skaitytaknyga\/","article_modified_time":"2024-05-04T19:08:03+00:00","og_image":[{"width":585,"height":850,"url":"https:\/\/skaitytaknyga.lt\/wp-content\/uploads\/2024\/05\/salin-mitus.jpg","type":"image\/jpeg"}],"twitter_card":"summary_large_image","twitter_misc":{"Estimated reading time":"1 minute"},"schema":{"@context":"https:\/\/schema.org","@graph":[{"@type":"WebPage","@id":"https:\/\/skaitytaknyga.lt\/produktas\/salin-mitus-naujas-poziuris-i-vaiku-auklejima-pagelte-lapai\/","url":"https:\/\/skaitytaknyga.lt\/produktas\/salin-mitus-naujas-poziuris-i-vaiku-auklejima-pagelte-lapai\/","name":"\u0160alin mitus! Naujas po\u017ei\u016bris \u012f vaik\u0173 aukl\u0117jim\u0105 (Pagelt\u0119 lapai) - Skaitytaknyga","isPartOf":{"@id":"https:\/\/skaitytaknyga.lt\/#website"},"primaryImageOfPage":{"@id":"https:\/\/skaitytaknyga.lt\/produktas\/salin-mitus-naujas-poziuris-i-vaiku-auklejima-pagelte-lapai\/#primaryimage"},"image":{"@id":"https:\/\/skaitytaknyga.lt\/produktas\/salin-mitus-naujas-poziuris-i-vaiku-auklejima-pagelte-lapai\/#primaryimage"},"thumbnailUrl":"https:\/\/skaitytaknyga.lt\/wp-content\/uploads\/2024\/05\/salin-mitus.jpg","datePublished":"2024-05-04T18:23:42+00:00","dateModified":"2024-05-04T19:08:03+00:00","description":"T\u0117vyst\u0117 yra apipinta daugybe mit\u0173, ta\u010diau mes da\u017enai net ne\u017einome, kad viena ar kita yra mitas. Pavyzd\u017eiui, ar \u017einote, kad neder\u0117t\u0173 vaiko girti \u017eod\u017eiu \u201e\u0161aunuolis\u201c? Kad vien televizoriaus \u017ei\u016br\u0117jimas neskatina nutukimo, o mes visi gimstame... \u0161iek tiek rasistai? Ne\u012ftik\u0117tina, ar ne? Taigi \u0161i knyga efektyviai griauna mitus ir \u2013 kartais net gali atrodyti \u2013 prie\u0161tarauja sveikai nuovokai! Norite \u017einoti, kod\u0117l vaikas meluoja? Kod\u0117l IQ testai vaikyst\u0117je yra blogai? Skaitykite \u0161i\u0105 knyg\u0105! Skaitykite neb\u016btinai i\u0161 eil\u0117s \u2013 prad\u0117kite nuo to skyriaus, kuris jums yra \u012fdomiausias. Neabejoju, kad j\u012f perskait\u0119 nepad\u0117site knygos, kol neu\u017eversite paskutinio perskaityto puslapio. Ir \u2013 patik\u0117kite \u2013 po to paskutinio u\u017eversto puslapio ir j\u016bs\u0173, ir j\u016bs\u0173 vaik\u0173 gyvenime atsiras nauj\u0173 \u017eod\u017ei\u0173, nauj\u0173 veikl\u0173 ir... daugiau ramyb\u0117s.","breadcrumb":{"@id":"https:\/\/skaitytaknyga.lt\/produktas\/salin-mitus-naujas-poziuris-i-vaiku-auklejima-pagelte-lapai\/#breadcrumb"},"inLanguage":"en-GB","potentialAction":[{"@type":"ReadAction","target":["https:\/\/skaitytaknyga.lt\/produktas\/salin-mitus-naujas-poziuris-i-vaiku-auklejima-pagelte-lapai\/"]}]},{"@type":"ImageObject","inLanguage":"en-GB","@id":"https:\/\/skaitytaknyga.lt\/produktas\/salin-mitus-naujas-poziuris-i-vaiku-auklejima-pagelte-lapai\/#primaryimage","url":"https:\/\/skaitytaknyga.lt\/wp-content\/uploads\/2024\/05\/salin-mitus.jpg","contentUrl":"https:\/\/skaitytaknyga.lt\/wp-content\/uploads\/2024\/05\/salin-mitus.jpg","width":585,"height":850},{"@type":"BreadcrumbList","@id":"https:\/\/skaitytaknyga.lt\/produktas\/salin-mitus-naujas-poziuris-i-vaiku-auklejima-pagelte-lapai\/#breadcrumb","itemListElement":[{"@type":"ListItem","position":1,"name":"Home","item":"https:\/\/skaitytaknyga.lt\/"},{"@type":"ListItem","position":2,"name":"Parduotuv\u0117","item":"https:\/\/skaitytaknyga.lt\/knygu-parduotuve\/"},{"@type":"ListItem","position":3,"name":"\u0160alin mitus! Naujas po\u017ei\u016bris \u012f vaik\u0173 aukl\u0117jim\u0105 (Pagelt\u0119 lapai)"}]},{"@type":"WebSite","@id":"https:\/\/skaitytaknyga.lt\/#website","url":"https:\/\/skaitytaknyga.lt\/","name":"skaitytaknyga.lt","description":"Skaitytaknyga.lt \u2013 tai ma\u017eas \u0161eimos verslas, kuris prasid\u0117jo nuo meil\u0117s knygoms ir siekio i\u0161gelb\u0117ti knygas nuo likimo prie konteinerio. Kas vienam nereikalingas daiktas \u2013 kitam lobis, o mes esame tarpininkai, kurie padeda abiems tapti laimingesniems ???? \u017dinome kaip nelengva i\u0161gyventi ma\u017eiems verslams, tad nuo \u0161iol, \u010dia rasite ir kit\u0173, ma\u017e\u0173 \u0161eim\u0173 versl\u0173, rank\u0173 darbo, dovan\u0173 sau ir artimiesiems.","publisher":{"@id":"https:\/\/skaitytaknyga.lt\/#organization"},"potentialAction":[{"@type":"SearchAction","target":{"@type":"EntryPoint","urlTemplate":"https:\/\/skaitytaknyga.lt\/?s={search_term_string}"},"query-input":{"@type":"PropertyValueSpecification","valueRequired":true,"valueName":"search_term_string"}}],"inLanguage":"en-GB"},{"@type":"Organization","@id":"https:\/\/skaitytaknyga.lt\/#organization","name":"skaitytaknyga.lt","url":"https:\/\/skaitytaknyga.lt\/","logo":{"@type":"ImageObject","inLanguage":"en-GB","@id":"https:\/\/skaitytaknyga.lt\/#\/schema\/logo\/image\/","url":"https:\/\/skaitytaknyga.lt\/wp-content\/uploads\/2024\/05\/cropped-cropped-cropped-02_00843_jt3bggkj1j3HLc7SyY6rEUpg.jpeg","contentUrl":"https:\/\/skaitytaknyga.lt\/wp-content\/uploads\/2024\/05\/cropped-cropped-cropped-02_00843_jt3bggkj1j3HLc7SyY6rEUpg.jpeg","width":1600,"height":1600,"caption":"skaitytaknyga.lt"},"image":{"@id":"https:\/\/skaitytaknyga.lt\/#\/schema\/logo\/image\/"},"sameAs":["https:\/\/www.facebook.com\/skaitytaknyga\/"]}]}},"_links":{"self":[{"href":"https:\/\/skaitytaknyga.lt\/en\/wp-json\/wp\/v2\/product\/10572","targetHints":{"allow":["GET"]}}],"collection":[{"href":"https:\/\/skaitytaknyga.lt\/en\/wp-json\/wp\/v2\/product"}],"about":[{"href":"https:\/\/skaitytaknyga.lt\/en\/wp-json\/wp\/v2\/types\/product"}],"replies":[{"embeddable":true,"href":"https:\/\/skaitytaknyga.lt\/en\/wp-json\/wp\/v2\/comments?post=10572"}],"wp:featuredmedia":[{"embeddable":true,"href":"https:\/\/skaitytaknyga.lt\/en\/wp-json\/wp\/v2\/media\/10615"}],"wp:attachment":[{"href":"https:\/\/skaitytaknyga.lt\/en\/wp-json\/wp\/v2\/media?parent=10572"}],"wp:term":[{"taxonomy":"product_brand","embeddable":true,"href":"https:\/\/skaitytaknyga.lt\/en\/wp-json\/wp\/v2\/product_brand?post=10572"},{"taxonomy":"product_cat","embeddable":true,"href":"https:\/\/skaitytaknyga.lt\/en\/wp-json\/wp\/v2\/product_cat?post=10572"},{"taxonomy":"product_tag","embeddable":true,"href":"https:\/\/skaitytaknyga.lt\/en\/wp-json\/wp\/v2\/product_tag?post=10572"}],"curies":[{"name":"wp","href":"https:\/\/api.w.org\/{rel}","templated":true}]}}