{"id":10571,"date":"2024-05-04T18:23:42","date_gmt":"2024-05-04T18:23:42","guid":{"rendered":"https:\/\/skaitytaknyga.lt\/?post_type=product&#038;p=10571"},"modified":"2025-05-24T21:16:14","modified_gmt":"2025-05-24T18:16:14","slug":"eleonorai-olifant-viskas-gerai","status":"publish","type":"product","link":"https:\/\/skaitytaknyga.lt\/en\/produktas\/eleonorai-olifant-viskas-gerai\/","title":{"rendered":"Eleonorai Olifant viskas gerai"},"content":{"rendered":"<p>Susipa\u017einkite su Eleonora Olifant: jai tr\u016bksta socialini\u0173 \u012fg\u016bd\u017ei\u0173 ir ji nedvejodama r\u0117\u017eia tai, kas \u0161auna \u012f galv\u0105. Jos kruop\u0161\u010diai suplanuotame gyvenime netr\u016bksta nieko: darbas, joki\u0173 socialini\u0173 kontakt\u0173, savaitgaliai su pica, degtine ir tre\u010diadieniniai telefono pokalbiai su Mamyte.<\/p>\n<p>&nbsp;<\/p>\n<p>Bet viskas pasikei\u010dia, kai \u012f Eleonoros Olifant gyvenim\u0105 \u012fsiver\u017eia kiek chaoti\u0161kas nevala bendradarbis Reimondas. Netik\u0117ta draugyst\u0117 sujaukia Eleonoros gyvenim\u0105 atverdama tai, kas taip ilgai buvo sl\u0117pta. Ma\u017eais \u017eingsneliais jiedu veda vienas kit\u0105 nepa\u017eintu keliu i\u0161 izoliacijos, kurioje abu gyveno.<\/p>\n","protected":false},"excerpt":{"rendered":"<p>Susipa\u017einkite su Eleonora Olifant: jai tr\u016bksta socialini\u0173 \u012fg\u016bd\u017ei\u0173 ir ji nedvejodama r\u0117\u017eia tai, kas \u0161auna \u012f galv\u0105. Jos kruop\u0161\u010diai suplanuotame gyvenime netr\u016bksta nieko: darbas, joki\u0173 socialini\u0173 kontakt\u0173, savaitgaliai su pica, degtine ir tre\u010diadieniniai telefono pokalbiai su Mamyte. &nbsp; Bet viskas pasikei\u010dia, kai \u012f Eleonoros Olifant gyvenim\u0105 \u012fsiver\u017eia kiek chaoti\u0161kas nevala bendradarbis Reimondas. Netik\u0117ta draugyst\u0117 sujaukia Eleonoros gyvenim\u0105 atverdama tai, kas taip ilgai buvo sl\u0117pta. Ma\u017eais \u017eingsneliais jiedu veda vienas kit\u0105 nepa\u017eintu keliu i\u0161 izoliacijos, kurioje abu gyveno.<\/p>\n","protected":false},"featured_media":10613,"comment_status":"closed","ping_status":"closed","template":"","meta":{"_acf_changed":false,"site-sidebar-layout":"default","site-content-layout":"","ast-site-content-layout":"default","site-content-style":"default","site-sidebar-style":"default","ast-global-header-display":"","ast-banner-title-visibility":"","ast-main-header-display":"","ast-hfb-above-header-display":"","ast-hfb-below-header-display":"","ast-hfb-mobile-header-display":"","site-post-title":"","ast-breadcrumbs-content":"","ast-featured-img":"","footer-sml-layout":"","ast-disable-related-posts":"","theme-transparent-header-meta":"","adv-header-id-meta":"","stick-header-meta":"","header-above-stick-meta":"","header-main-stick-meta":"","header-below-stick-meta":"","astra-migrate-meta-layouts":"default","ast-page-background-enabled":"default","ast-page-background-meta":{"desktop":{"background-color":"","background-image":"","background-repeat":"repeat","background-position":"center center","background-size":"auto","background-attachment":"scroll","background-type":"","background-media":"","overlay-type":"","overlay-color":"","overlay-opacity":"","overlay-gradient":""},"tablet":{"background-color":"","background-image":"","background-repeat":"repeat","background-position":"center center","background-size":"auto","background-attachment":"scroll","background-type":"","background-media":"","overlay-type":"","overlay-color":"","overlay-opacity":"","overlay-gradient":""},"mobile":{"background-color":"","background-image":"","background-repeat":"repeat","background-position":"center center","background-size":"auto","background-attachment":"scroll","background-type":"","background-media":"","overlay-type":"","overlay-color":"","overlay-opacity":"","overlay-gradient":""}},"ast-content-background-meta":{"desktop":{"background-color":"var(--ast-global-color-4)","background-image":"","background-repeat":"repeat","background-position":"center center","background-size":"auto","background-attachment":"scroll","background-type":"","background-media":"","overlay-type":"","overlay-color":"","overlay-opacity":"","overlay-gradient":""},"tablet":{"background-color":"var(--ast-global-color-4)","background-image":"","background-repeat":"repeat","background-position":"center center","background-size":"auto","background-attachment":"scroll","background-type":"","background-media":"","overlay-type":"","overlay-color":"","overlay-opacity":"","overlay-gradient":""},"mobile":{"background-color":"var(--ast-global-color-4)","background-image":"","background-repeat":"repeat","background-position":"center center","background-size":"auto","background-attachment":"scroll","background-type":"","background-media":"","overlay-type":"","overlay-color":"","overlay-opacity":"","overlay-gradient":""}}},"product_brand":[],"product_cat":[31],"product_tag":[4383,4382,1712,4381,2750],"class_list":{"0":"post-10571","1":"product","2":"type-product","3":"status-publish","4":"has-post-thumbnail","6":"product_cat-grozine-literatura","7":"product_tag-gail-honeyman","8":"product_tag-moters-istorija","9":"product_tag-psichologinis-romanas","10":"product_tag-socialine-adaptacija","11":"product_tag-vienisumas","12":"pa_leidimo-metai-680","13":"pa_virselis-kietas","14":"desktop-align-left","15":"tablet-align-left","16":"mobile-align-left","18":"first","19":"instock","20":"shipping-taxable","21":"purchasable","22":"product-type-simple"},"acf":[],"yoast_head":"<!-- This site is optimized with the Yoast SEO plugin v27.0 - https:\/\/yoast.com\/product\/yoast-seo-wordpress\/ -->\n<title>Eleonorai Olifant viskas gerai - Skaitytaknyga<\/title>\n<meta name=\"description\" content=\"Susipa\u017einkite su Eleonora Olifant: jai tr\u016bksta socialini\u0173 \u012fg\u016bd\u017ei\u0173 ir ji nedvejodama r\u0117\u017eia tai, kas \u0161auna \u012f galv\u0105. Jos kruop\u0161\u010diai suplanuotame gyvenime\" \/>\n<meta name=\"robots\" content=\"index, follow, max-snippet:-1, max-image-preview:large, max-video-preview:-1\" \/>\n<link rel=\"canonical\" href=\"https:\/\/skaitytaknyga.lt\/en\/produktas\/eleonorai-olifant-viskas-gerai\/\" \/>\n<meta property=\"og:locale\" content=\"en_GB\" \/>\n<meta property=\"og:locale:alternate\" content=\"lt_LT\" \/>\n<meta property=\"og:type\" content=\"article\" \/>\n<meta property=\"og:title\" content=\"Eleonorai Olifant viskas gerai - Skaitytaknyga\" \/>\n<meta property=\"og:description\" content=\"Susipa\u017einkite su Eleonora Olifant: jai tr\u016bksta socialini\u0173 \u012fg\u016bd\u017ei\u0173 ir ji nedvejodama r\u0117\u017eia tai, kas \u0161auna \u012f galv\u0105. Jos kruop\u0161\u010diai suplanuotame gyvenime\" \/>\n<meta property=\"og:url\" content=\"https:\/\/skaitytaknyga.lt\/en\/produktas\/eleonorai-olifant-viskas-gerai\/\" \/>\n<meta property=\"og:site_name\" content=\"Skaitytaknyga\" \/>\n<meta property=\"article:publisher\" content=\"https:\/\/www.facebook.com\/skaitytaknyga\/\" \/>\n<meta property=\"article:modified_time\" content=\"2025-05-24T18:16:14+00:00\" \/>\n<meta property=\"og:image\" content=\"https:\/\/skaitytaknyga.lt\/wp-content\/uploads\/2024\/05\/20221015_133628-scaled-1.jpg\" \/>\n\t<meta property=\"og:image:width\" content=\"1692\" \/>\n\t<meta property=\"og:image:height\" content=\"2560\" \/>\n\t<meta property=\"og:image:type\" content=\"image\/jpeg\" \/>\n<meta name=\"twitter:card\" content=\"summary_large_image\" \/>\n<script type=\"application\/ld+json\" class=\"yoast-schema-graph\">{\"@context\":\"https:\/\/schema.org\",\"@graph\":[{\"@type\":\"WebPage\",\"@id\":\"https:\/\/skaitytaknyga.lt\/produktas\/eleonorai-olifant-viskas-gerai\/\",\"url\":\"https:\/\/skaitytaknyga.lt\/produktas\/eleonorai-olifant-viskas-gerai\/\",\"name\":\"Eleonorai Olifant viskas gerai - Skaitytaknyga\",\"isPartOf\":{\"@id\":\"https:\/\/skaitytaknyga.lt\/#website\"},\"primaryImageOfPage\":{\"@id\":\"https:\/\/skaitytaknyga.lt\/produktas\/eleonorai-olifant-viskas-gerai\/#primaryimage\"},\"image\":{\"@id\":\"https:\/\/skaitytaknyga.lt\/produktas\/eleonorai-olifant-viskas-gerai\/#primaryimage\"},\"thumbnailUrl\":\"https:\/\/skaitytaknyga.lt\/wp-content\/uploads\/2024\/05\/20221015_133628-scaled-1.jpg\",\"datePublished\":\"2024-05-04T18:23:42+00:00\",\"dateModified\":\"2025-05-24T18:16:14+00:00\",\"description\":\"Susipa\u017einkite su Eleonora Olifant: jai tr\u016bksta socialini\u0173 \u012fg\u016bd\u017ei\u0173 ir ji nedvejodama r\u0117\u017eia tai, kas \u0161auna \u012f galv\u0105. Jos kruop\u0161\u010diai suplanuotame gyvenime\",\"breadcrumb\":{\"@id\":\"https:\/\/skaitytaknyga.lt\/produktas\/eleonorai-olifant-viskas-gerai\/#breadcrumb\"},\"inLanguage\":\"en-GB\",\"potentialAction\":[{\"@type\":\"ReadAction\",\"target\":[\"https:\/\/skaitytaknyga.lt\/produktas\/eleonorai-olifant-viskas-gerai\/\"]}]},{\"@type\":\"ImageObject\",\"inLanguage\":\"en-GB\",\"@id\":\"https:\/\/skaitytaknyga.lt\/produktas\/eleonorai-olifant-viskas-gerai\/#primaryimage\",\"url\":\"https:\/\/skaitytaknyga.lt\/wp-content\/uploads\/2024\/05\/20221015_133628-scaled-1.jpg\",\"contentUrl\":\"https:\/\/skaitytaknyga.lt\/wp-content\/uploads\/2024\/05\/20221015_133628-scaled-1.jpg\",\"width\":1692,\"height\":2560},{\"@type\":\"BreadcrumbList\",\"@id\":\"https:\/\/skaitytaknyga.lt\/produktas\/eleonorai-olifant-viskas-gerai\/#breadcrumb\",\"itemListElement\":[{\"@type\":\"ListItem\",\"position\":1,\"name\":\"Home\",\"item\":\"https:\/\/skaitytaknyga.lt\/\"},{\"@type\":\"ListItem\",\"position\":2,\"name\":\"Parduotuv\u0117\",\"item\":\"https:\/\/skaitytaknyga.lt\/knygu-parduotuve\/\"},{\"@type\":\"ListItem\",\"position\":3,\"name\":\"Eleonorai Olifant viskas gerai\"}]},{\"@type\":\"WebSite\",\"@id\":\"https:\/\/skaitytaknyga.lt\/#website\",\"url\":\"https:\/\/skaitytaknyga.lt\/\",\"name\":\"skaitytaknyga.lt\",\"description\":\"Skaitytaknyga.lt \u2013 tai ma\u017eas \u0161eimos verslas, kuris prasid\u0117jo nuo meil\u0117s knygoms ir siekio i\u0161gelb\u0117ti knygas nuo likimo prie konteinerio. Kas vienam nereikalingas daiktas \u2013 kitam lobis, o mes esame tarpininkai, kurie padeda abiems tapti laimingesniems ???? \u017dinome kaip nelengva i\u0161gyventi ma\u017eiems verslams, tad nuo \u0161iol, \u010dia rasite ir kit\u0173, ma\u017e\u0173 \u0161eim\u0173 versl\u0173, rank\u0173 darbo, dovan\u0173 sau ir artimiesiems.\",\"publisher\":{\"@id\":\"https:\/\/skaitytaknyga.lt\/#organization\"},\"potentialAction\":[{\"@type\":\"SearchAction\",\"target\":{\"@type\":\"EntryPoint\",\"urlTemplate\":\"https:\/\/skaitytaknyga.lt\/?s={search_term_string}\"},\"query-input\":{\"@type\":\"PropertyValueSpecification\",\"valueRequired\":true,\"valueName\":\"search_term_string\"}}],\"inLanguage\":\"en-GB\"},{\"@type\":\"Organization\",\"@id\":\"https:\/\/skaitytaknyga.lt\/#organization\",\"name\":\"skaitytaknyga.lt\",\"url\":\"https:\/\/skaitytaknyga.lt\/\",\"logo\":{\"@type\":\"ImageObject\",\"inLanguage\":\"en-GB\",\"@id\":\"https:\/\/skaitytaknyga.lt\/#\/schema\/logo\/image\/\",\"url\":\"https:\/\/skaitytaknyga.lt\/wp-content\/uploads\/2024\/05\/cropped-cropped-cropped-02_00843_jt3bggkj1j3HLc7SyY6rEUpg.jpeg\",\"contentUrl\":\"https:\/\/skaitytaknyga.lt\/wp-content\/uploads\/2024\/05\/cropped-cropped-cropped-02_00843_jt3bggkj1j3HLc7SyY6rEUpg.jpeg\",\"width\":1600,\"height\":1600,\"caption\":\"skaitytaknyga.lt\"},\"image\":{\"@id\":\"https:\/\/skaitytaknyga.lt\/#\/schema\/logo\/image\/\"},\"sameAs\":[\"https:\/\/www.facebook.com\/skaitytaknyga\/\"]}]}<\/script>\n<!-- \/ Yoast SEO plugin. -->","yoast_head_json":{"title":"Eleonorai Olifant viskas gerai - Skaitytaknyga","description":"Susipa\u017einkite su Eleonora Olifant: jai tr\u016bksta socialini\u0173 \u012fg\u016bd\u017ei\u0173 ir ji nedvejodama r\u0117\u017eia tai, kas \u0161auna \u012f galv\u0105. Jos kruop\u0161\u010diai suplanuotame gyvenime","robots":{"index":"index","follow":"follow","max-snippet":"max-snippet:-1","max-image-preview":"max-image-preview:large","max-video-preview":"max-video-preview:-1"},"canonical":"https:\/\/skaitytaknyga.lt\/en\/produktas\/eleonorai-olifant-viskas-gerai\/","og_locale":"en_GB","og_type":"article","og_title":"Eleonorai Olifant viskas gerai - Skaitytaknyga","og_description":"Susipa\u017einkite su Eleonora Olifant: jai tr\u016bksta socialini\u0173 \u012fg\u016bd\u017ei\u0173 ir ji nedvejodama r\u0117\u017eia tai, kas \u0161auna \u012f galv\u0105. Jos kruop\u0161\u010diai suplanuotame gyvenime","og_url":"https:\/\/skaitytaknyga.lt\/en\/produktas\/eleonorai-olifant-viskas-gerai\/","og_site_name":"Skaitytaknyga","article_publisher":"https:\/\/www.facebook.com\/skaitytaknyga\/","article_modified_time":"2025-05-24T18:16:14+00:00","og_image":[{"width":1692,"height":2560,"url":"https:\/\/skaitytaknyga.lt\/wp-content\/uploads\/2024\/05\/20221015_133628-scaled-1.jpg","type":"image\/jpeg"}],"twitter_card":"summary_large_image","schema":{"@context":"https:\/\/schema.org","@graph":[{"@type":"WebPage","@id":"https:\/\/skaitytaknyga.lt\/produktas\/eleonorai-olifant-viskas-gerai\/","url":"https:\/\/skaitytaknyga.lt\/produktas\/eleonorai-olifant-viskas-gerai\/","name":"Eleonorai Olifant viskas gerai - Skaitytaknyga","isPartOf":{"@id":"https:\/\/skaitytaknyga.lt\/#website"},"primaryImageOfPage":{"@id":"https:\/\/skaitytaknyga.lt\/produktas\/eleonorai-olifant-viskas-gerai\/#primaryimage"},"image":{"@id":"https:\/\/skaitytaknyga.lt\/produktas\/eleonorai-olifant-viskas-gerai\/#primaryimage"},"thumbnailUrl":"https:\/\/skaitytaknyga.lt\/wp-content\/uploads\/2024\/05\/20221015_133628-scaled-1.jpg","datePublished":"2024-05-04T18:23:42+00:00","dateModified":"2025-05-24T18:16:14+00:00","description":"Susipa\u017einkite su Eleonora Olifant: jai tr\u016bksta socialini\u0173 \u012fg\u016bd\u017ei\u0173 ir ji nedvejodama r\u0117\u017eia tai, kas \u0161auna \u012f galv\u0105. Jos kruop\u0161\u010diai suplanuotame gyvenime","breadcrumb":{"@id":"https:\/\/skaitytaknyga.lt\/produktas\/eleonorai-olifant-viskas-gerai\/#breadcrumb"},"inLanguage":"en-GB","potentialAction":[{"@type":"ReadAction","target":["https:\/\/skaitytaknyga.lt\/produktas\/eleonorai-olifant-viskas-gerai\/"]}]},{"@type":"ImageObject","inLanguage":"en-GB","@id":"https:\/\/skaitytaknyga.lt\/produktas\/eleonorai-olifant-viskas-gerai\/#primaryimage","url":"https:\/\/skaitytaknyga.lt\/wp-content\/uploads\/2024\/05\/20221015_133628-scaled-1.jpg","contentUrl":"https:\/\/skaitytaknyga.lt\/wp-content\/uploads\/2024\/05\/20221015_133628-scaled-1.jpg","width":1692,"height":2560},{"@type":"BreadcrumbList","@id":"https:\/\/skaitytaknyga.lt\/produktas\/eleonorai-olifant-viskas-gerai\/#breadcrumb","itemListElement":[{"@type":"ListItem","position":1,"name":"Home","item":"https:\/\/skaitytaknyga.lt\/"},{"@type":"ListItem","position":2,"name":"Parduotuv\u0117","item":"https:\/\/skaitytaknyga.lt\/knygu-parduotuve\/"},{"@type":"ListItem","position":3,"name":"Eleonorai Olifant viskas gerai"}]},{"@type":"WebSite","@id":"https:\/\/skaitytaknyga.lt\/#website","url":"https:\/\/skaitytaknyga.lt\/","name":"skaitytaknyga.lt","description":"Skaitytaknyga.lt \u2013 tai ma\u017eas \u0161eimos verslas, kuris prasid\u0117jo nuo meil\u0117s knygoms ir siekio i\u0161gelb\u0117ti knygas nuo likimo prie konteinerio. Kas vienam nereikalingas daiktas \u2013 kitam lobis, o mes esame tarpininkai, kurie padeda abiems tapti laimingesniems ???? \u017dinome kaip nelengva i\u0161gyventi ma\u017eiems verslams, tad nuo \u0161iol, \u010dia rasite ir kit\u0173, ma\u017e\u0173 \u0161eim\u0173 versl\u0173, rank\u0173 darbo, dovan\u0173 sau ir artimiesiems.","publisher":{"@id":"https:\/\/skaitytaknyga.lt\/#organization"},"potentialAction":[{"@type":"SearchAction","target":{"@type":"EntryPoint","urlTemplate":"https:\/\/skaitytaknyga.lt\/?s={search_term_string}"},"query-input":{"@type":"PropertyValueSpecification","valueRequired":true,"valueName":"search_term_string"}}],"inLanguage":"en-GB"},{"@type":"Organization","@id":"https:\/\/skaitytaknyga.lt\/#organization","name":"skaitytaknyga.lt","url":"https:\/\/skaitytaknyga.lt\/","logo":{"@type":"ImageObject","inLanguage":"en-GB","@id":"https:\/\/skaitytaknyga.lt\/#\/schema\/logo\/image\/","url":"https:\/\/skaitytaknyga.lt\/wp-content\/uploads\/2024\/05\/cropped-cropped-cropped-02_00843_jt3bggkj1j3HLc7SyY6rEUpg.jpeg","contentUrl":"https:\/\/skaitytaknyga.lt\/wp-content\/uploads\/2024\/05\/cropped-cropped-cropped-02_00843_jt3bggkj1j3HLc7SyY6rEUpg.jpeg","width":1600,"height":1600,"caption":"skaitytaknyga.lt"},"image":{"@id":"https:\/\/skaitytaknyga.lt\/#\/schema\/logo\/image\/"},"sameAs":["https:\/\/www.facebook.com\/skaitytaknyga\/"]}]}},"_links":{"self":[{"href":"https:\/\/skaitytaknyga.lt\/en\/wp-json\/wp\/v2\/product\/10571","targetHints":{"allow":["GET"]}}],"collection":[{"href":"https:\/\/skaitytaknyga.lt\/en\/wp-json\/wp\/v2\/product"}],"about":[{"href":"https:\/\/skaitytaknyga.lt\/en\/wp-json\/wp\/v2\/types\/product"}],"replies":[{"embeddable":true,"href":"https:\/\/skaitytaknyga.lt\/en\/wp-json\/wp\/v2\/comments?post=10571"}],"wp:featuredmedia":[{"embeddable":true,"href":"https:\/\/skaitytaknyga.lt\/en\/wp-json\/wp\/v2\/media\/10613"}],"wp:attachment":[{"href":"https:\/\/skaitytaknyga.lt\/en\/wp-json\/wp\/v2\/media?parent=10571"}],"wp:term":[{"taxonomy":"product_brand","embeddable":true,"href":"https:\/\/skaitytaknyga.lt\/en\/wp-json\/wp\/v2\/product_brand?post=10571"},{"taxonomy":"product_cat","embeddable":true,"href":"https:\/\/skaitytaknyga.lt\/en\/wp-json\/wp\/v2\/product_cat?post=10571"},{"taxonomy":"product_tag","embeddable":true,"href":"https:\/\/skaitytaknyga.lt\/en\/wp-json\/wp\/v2\/product_tag?post=10571"}],"curies":[{"name":"wp","href":"https:\/\/api.w.org\/{rel}","templated":true}]}}