{"id":10555,"date":"2024-05-04T18:21:28","date_gmt":"2024-05-04T18:21:28","guid":{"rendered":"https:\/\/skaitytaknyga.lt\/?post_type=product&#038;p=10555"},"modified":"2026-02-23T12:28:28","modified_gmt":"2026-02-23T10:28:28","slug":"cat-clarke-lemiamas-apsisprendimas","status":"publish","type":"product","link":"https:\/\/skaitytaknyga.lt\/en\/produktas\/cat-clarke-lemiamas-apsisprendimas\/","title":{"rendered":"\u201eLemiamas apsisprendimas\u201c"},"content":{"rendered":"<p>Alisa King i\u0161 kelion\u0117s \u012f laukin\u0119 \u0160kotijos gamt\u0105 su bendraklas\u0117mis nesitik\u0117jo nieko gero, bet n\u0117 nenuman\u0117, kad tai, kas j\u0173 laukia, pranoks ir baisiausi\u0105 ko\u0161mar\u0105&#8230;<\/p>\n<p>Atvykusios \u012f \u0160kotijos tyrlaukius merginos i\u0161skirstomos \u012f namelius. Alisai teks gyventi su drauge Kese, u\u017edar\u0105ja emo mergaite R\u0117ja ir mokyklos atstumt\u0105ja Pole. O svarbiausia \u2013 ir su Tara, populiariausia ir aroganti\u0161kiausia mokyklos mergina. Gra\u017ei, valdinga ir \u017eiauri Tara niekada nepraleisdavo progos pa\u017eeminti kit\u0173. \u0160\u012fkart Alisa, Kes\u0117, R\u0117ja ir Pol\u0117 nusprend\u017eia pamokyti j\u0105 pa\u010di\u0105, bet viskas pasisuka netik\u0117ta linkme. Nenumatyti \u012fvykiai persekios merginas ir gr\u012f\u017eus namo \u012f \u012fprast\u0105 gyvenim\u0105. Joms visoms teks priimti sud\u0117ting\u0105 sprendim\u0105 ir jau niekas nebus kaip buv\u0119&#8230;<\/p>\n","protected":false},"excerpt":{"rendered":"<p>Alisa King i\u0161 kelion\u0117s \u012f laukin\u0119 \u0160kotijos gamt\u0105 su bendraklas\u0117mis nesitik\u0117jo nieko gero, bet n\u0117 nenuman\u0117, kad tai, kas j\u0173 laukia, pranoks ir baisiausi\u0105 ko\u0161mar\u0105&#8230;<\/p>\n<p>Atvykusios \u012f \u0160kotijos tyrlaukius merginos i\u0161skirstomos \u012f namelius. Alisai teks gyventi su drauge Kese, u\u017edar\u0105ja emo mergaite R\u0117ja ir mokyklos atstumt\u0105ja Pole. O svarbiausia \u2013 ir su Tara, populiariausia ir aroganti\u0161kiausia mokyklos mergina. Gra\u017ei, valdinga ir \u017eiauri Tara niekada nepraleisdavo progos pa\u017eeminti kit\u0173. \u0160\u012fkart Alisa, Kes\u0117, R\u0117ja ir Pol\u0117 nusprend\u017eia pamokyti j\u0105 pa\u010di\u0105, bet viskas pasisuka netik\u0117ta linkme. Nenumatyti \u012fvykiai persekios merginas ir gr\u012f\u017eus namo \u012f \u012fprast\u0105 gyvenim\u0105. Joms visoms teks priimti sud\u0117ting\u0105 sprendim\u0105 ir jau niekas nebus kaip buv\u0119&#8230;<\/p>\n","protected":false},"featured_media":10603,"comment_status":"closed","ping_status":"closed","template":"","meta":{"_acf_changed":false,"site-sidebar-layout":"default","site-content-layout":"","ast-site-content-layout":"default","site-content-style":"default","site-sidebar-style":"default","ast-global-header-display":"","ast-banner-title-visibility":"","ast-main-header-display":"","ast-hfb-above-header-display":"","ast-hfb-below-header-display":"","ast-hfb-mobile-header-display":"","site-post-title":"","ast-breadcrumbs-content":"","ast-featured-img":"","footer-sml-layout":"","ast-disable-related-posts":"","theme-transparent-header-meta":"","adv-header-id-meta":"","stick-header-meta":"","header-above-stick-meta":"","header-main-stick-meta":"","header-below-stick-meta":"","astra-migrate-meta-layouts":"default","ast-page-background-enabled":"default","ast-page-background-meta":{"desktop":{"background-color":"","background-image":"","background-repeat":"repeat","background-position":"center center","background-size":"auto","background-attachment":"scroll","background-type":"","background-media":"","overlay-type":"","overlay-color":"","overlay-opacity":"","overlay-gradient":""},"tablet":{"background-color":"","background-image":"","background-repeat":"repeat","background-position":"center center","background-size":"auto","background-attachment":"scroll","background-type":"","background-media":"","overlay-type":"","overlay-color":"","overlay-opacity":"","overlay-gradient":""},"mobile":{"background-color":"","background-image":"","background-repeat":"repeat","background-position":"center center","background-size":"auto","background-attachment":"scroll","background-type":"","background-media":"","overlay-type":"","overlay-color":"","overlay-opacity":"","overlay-gradient":""}},"ast-content-background-meta":{"desktop":{"background-color":"var(--ast-global-color-4)","background-image":"","background-repeat":"repeat","background-position":"center center","background-size":"auto","background-attachment":"scroll","background-type":"","background-media":"","overlay-type":"","overlay-color":"","overlay-opacity":"","overlay-gradient":""},"tablet":{"background-color":"var(--ast-global-color-4)","background-image":"","background-repeat":"repeat","background-position":"center center","background-size":"auto","background-attachment":"scroll","background-type":"","background-media":"","overlay-type":"","overlay-color":"","overlay-opacity":"","overlay-gradient":""},"mobile":{"background-color":"var(--ast-global-color-4)","background-image":"","background-repeat":"repeat","background-position":"center center","background-size":"auto","background-attachment":"scroll","background-type":"","background-media":"","overlay-type":"","overlay-color":"","overlay-opacity":"","overlay-gradient":""}}},"product_brand":[],"product_cat":[35],"product_tag":[9515],"class_list":{"0":"post-10555","1":"product","2":"type-product","3":"status-publish","4":"has-post-thumbnail","6":"product_cat-vaikams-ir-paaugliams","7":"product_tag-cat-clarke","8":"desktop-align-left","9":"tablet-align-left","10":"mobile-align-left","12":"first","13":"instock","14":"shipping-taxable","15":"purchasable","16":"product-type-simple"},"acf":[],"yoast_head":"<!-- This site is optimized with the Yoast SEO plugin v27.0 - https:\/\/yoast.com\/product\/yoast-seo-wordpress\/ -->\n<title>\u201eLemiamas apsisprendimas\u201c<\/title>\n<meta name=\"description\" content=\"Alisa King i\u0161 kelion\u0117s \u012f laukin\u0119 \u0160kotijos gamt\u0105 su bendraklas\u0117mis nesitik\u0117jo nieko gero, bet n\u0117 nenuman\u0117, kad tai, kas j\u0173 laukia, pranoks ir baisiausi\u0105 ko\u0161mar\u0105...  Atvykusios \u012f \u0160kotijos tyrlaukius merginos i\u0161skirstomos \u012f namelius. Alisai teks gyventi su drauge Kese, u\u017edar\u0105ja emo mergaite R\u0117ja ir mokyklos atstumt\u0105ja Pole. O svarbiausia \u2013 ir su Tara, populiariausia ir aroganti\u0161kiausia mokyklos mergina. Gra\u017ei, valdinga ir \u017eiauri Tara niekada nepraleisdavo progos pa\u017eeminti kit\u0173. \u0160\u012fkart Alisa, Kes\u0117, R\u0117ja ir Pol\u0117 nusprend\u017eia pamokyti j\u0105 pa\u010di\u0105, bet viskas pasisuka netik\u0117ta linkme. Nenumatyti \u012fvykiai persekios merginas ir gr\u012f\u017eus namo \u012f \u012fprast\u0105 gyvenim\u0105. Joms visoms teks priimti sud\u0117ting\u0105 sprendim\u0105 ir jau niekas nebus kaip buv\u0119...\" \/>\n<meta name=\"robots\" content=\"index, follow, max-snippet:-1, max-image-preview:large, max-video-preview:-1\" \/>\n<link rel=\"canonical\" href=\"https:\/\/skaitytaknyga.lt\/en\/produktas\/cat-clarke-lemiamas-apsisprendimas\/\" \/>\n<meta property=\"og:locale\" content=\"en_GB\" \/>\n<meta property=\"og:locale:alternate\" content=\"lt_LT\" \/>\n<meta property=\"og:type\" content=\"article\" \/>\n<meta property=\"og:title\" content=\"\u201eLemiamas apsisprendimas\u201c\" \/>\n<meta property=\"og:description\" content=\"Alisa King i\u0161 kelion\u0117s \u012f laukin\u0119 \u0160kotijos gamt\u0105 su bendraklas\u0117mis nesitik\u0117jo nieko gero, bet n\u0117 nenuman\u0117, kad tai, kas j\u0173 laukia, pranoks ir baisiausi\u0105 ko\u0161mar\u0105...  Atvykusios \u012f \u0160kotijos tyrlaukius merginos i\u0161skirstomos \u012f namelius. Alisai teks gyventi su drauge Kese, u\u017edar\u0105ja emo mergaite R\u0117ja ir mokyklos atstumt\u0105ja Pole. O svarbiausia \u2013 ir su Tara, populiariausia ir aroganti\u0161kiausia mokyklos mergina. Gra\u017ei, valdinga ir \u017eiauri Tara niekada nepraleisdavo progos pa\u017eeminti kit\u0173. \u0160\u012fkart Alisa, Kes\u0117, R\u0117ja ir Pol\u0117 nusprend\u017eia pamokyti j\u0105 pa\u010di\u0105, bet viskas pasisuka netik\u0117ta linkme. Nenumatyti \u012fvykiai persekios merginas ir gr\u012f\u017eus namo \u012f \u012fprast\u0105 gyvenim\u0105. Joms visoms teks priimti sud\u0117ting\u0105 sprendim\u0105 ir jau niekas nebus kaip buv\u0119...\" \/>\n<meta property=\"og:url\" content=\"https:\/\/skaitytaknyga.lt\/en\/produktas\/cat-clarke-lemiamas-apsisprendimas\/\" \/>\n<meta property=\"og:site_name\" content=\"Skaitytaknyga\" \/>\n<meta property=\"article:publisher\" content=\"https:\/\/www.facebook.com\/skaitytaknyga\/\" \/>\n<meta property=\"article:modified_time\" content=\"2026-02-23T10:28:28+00:00\" \/>\n<meta property=\"og:image\" content=\"https:\/\/skaitytaknyga.lt\/wp-content\/uploads\/2024\/05\/092616-img-7040-e1665677704826.jpg\" \/>\n\t<meta property=\"og:image:width\" content=\"203\" \/>\n\t<meta property=\"og:image:height\" content=\"318\" \/>\n\t<meta property=\"og:image:type\" content=\"image\/jpeg\" \/>\n<meta name=\"twitter:card\" content=\"summary_large_image\" \/>\n<meta name=\"twitter:label1\" content=\"Estimated reading time\" \/>\n\t<meta name=\"twitter:data1\" content=\"1 minute\" \/>\n<script type=\"application\/ld+json\" class=\"yoast-schema-graph\">{\"@context\":\"https:\/\/schema.org\",\"@graph\":[{\"@type\":\"WebPage\",\"@id\":\"https:\/\/skaitytaknyga.lt\/produktas\/cat-clarke-lemiamas-apsisprendimas\/\",\"url\":\"https:\/\/skaitytaknyga.lt\/produktas\/cat-clarke-lemiamas-apsisprendimas\/\",\"name\":\"\u201eLemiamas apsisprendimas\u201c\",\"isPartOf\":{\"@id\":\"https:\/\/skaitytaknyga.lt\/#website\"},\"primaryImageOfPage\":{\"@id\":\"https:\/\/skaitytaknyga.lt\/produktas\/cat-clarke-lemiamas-apsisprendimas\/#primaryimage\"},\"image\":{\"@id\":\"https:\/\/skaitytaknyga.lt\/produktas\/cat-clarke-lemiamas-apsisprendimas\/#primaryimage\"},\"thumbnailUrl\":\"https:\/\/skaitytaknyga.lt\/wp-content\/uploads\/2024\/05\/092616-img-7040-e1665677704826.jpg\",\"datePublished\":\"2024-05-04T18:21:28+00:00\",\"dateModified\":\"2026-02-23T10:28:28+00:00\",\"description\":\"Alisa King i\u0161 kelion\u0117s \u012f laukin\u0119 \u0160kotijos gamt\u0105 su bendraklas\u0117mis nesitik\u0117jo nieko gero, bet n\u0117 nenuman\u0117, kad tai, kas j\u0173 laukia, pranoks ir baisiausi\u0105 ko\u0161mar\u0105... Atvykusios \u012f \u0160kotijos tyrlaukius merginos i\u0161skirstomos \u012f namelius. Alisai teks gyventi su drauge Kese, u\u017edar\u0105ja emo mergaite R\u0117ja ir mokyklos atstumt\u0105ja Pole. O svarbiausia \u2013 ir su Tara, populiariausia ir aroganti\u0161kiausia mokyklos mergina. Gra\u017ei, valdinga ir \u017eiauri Tara niekada nepraleisdavo progos pa\u017eeminti kit\u0173. \u0160\u012fkart Alisa, Kes\u0117, R\u0117ja ir Pol\u0117 nusprend\u017eia pamokyti j\u0105 pa\u010di\u0105, bet viskas pasisuka netik\u0117ta linkme. Nenumatyti \u012fvykiai persekios merginas ir gr\u012f\u017eus namo \u012f \u012fprast\u0105 gyvenim\u0105. Joms visoms teks priimti sud\u0117ting\u0105 sprendim\u0105 ir jau niekas nebus kaip buv\u0119...\",\"breadcrumb\":{\"@id\":\"https:\/\/skaitytaknyga.lt\/produktas\/cat-clarke-lemiamas-apsisprendimas\/#breadcrumb\"},\"inLanguage\":\"en-GB\",\"potentialAction\":[{\"@type\":\"ReadAction\",\"target\":[\"https:\/\/skaitytaknyga.lt\/produktas\/cat-clarke-lemiamas-apsisprendimas\/\"]}]},{\"@type\":\"ImageObject\",\"inLanguage\":\"en-GB\",\"@id\":\"https:\/\/skaitytaknyga.lt\/produktas\/cat-clarke-lemiamas-apsisprendimas\/#primaryimage\",\"url\":\"https:\/\/skaitytaknyga.lt\/wp-content\/uploads\/2024\/05\/092616-img-7040-e1665677704826.jpg\",\"contentUrl\":\"https:\/\/skaitytaknyga.lt\/wp-content\/uploads\/2024\/05\/092616-img-7040-e1665677704826.jpg\",\"width\":203,\"height\":318},{\"@type\":\"BreadcrumbList\",\"@id\":\"https:\/\/skaitytaknyga.lt\/produktas\/cat-clarke-lemiamas-apsisprendimas\/#breadcrumb\",\"itemListElement\":[{\"@type\":\"ListItem\",\"position\":1,\"name\":\"Home\",\"item\":\"https:\/\/skaitytaknyga.lt\/\"},{\"@type\":\"ListItem\",\"position\":2,\"name\":\"Parduotuv\u0117\",\"item\":\"https:\/\/skaitytaknyga.lt\/knygu-parduotuve\/\"},{\"@type\":\"ListItem\",\"position\":3,\"name\":\"\u201eLemiamas apsisprendimas\u201c\"}]},{\"@type\":\"WebSite\",\"@id\":\"https:\/\/skaitytaknyga.lt\/#website\",\"url\":\"https:\/\/skaitytaknyga.lt\/\",\"name\":\"skaitytaknyga.lt\",\"description\":\"Skaitytaknyga.lt \u2013 tai ma\u017eas \u0161eimos verslas, kuris prasid\u0117jo nuo meil\u0117s knygoms ir siekio i\u0161gelb\u0117ti knygas nuo likimo prie konteinerio. Kas vienam nereikalingas daiktas \u2013 kitam lobis, o mes esame tarpininkai, kurie padeda abiems tapti laimingesniems ???? \u017dinome kaip nelengva i\u0161gyventi ma\u017eiems verslams, tad nuo \u0161iol, \u010dia rasite ir kit\u0173, ma\u017e\u0173 \u0161eim\u0173 versl\u0173, rank\u0173 darbo, dovan\u0173 sau ir artimiesiems.\",\"publisher\":{\"@id\":\"https:\/\/skaitytaknyga.lt\/#organization\"},\"potentialAction\":[{\"@type\":\"SearchAction\",\"target\":{\"@type\":\"EntryPoint\",\"urlTemplate\":\"https:\/\/skaitytaknyga.lt\/?s={search_term_string}\"},\"query-input\":{\"@type\":\"PropertyValueSpecification\",\"valueRequired\":true,\"valueName\":\"search_term_string\"}}],\"inLanguage\":\"en-GB\"},{\"@type\":\"Organization\",\"@id\":\"https:\/\/skaitytaknyga.lt\/#organization\",\"name\":\"skaitytaknyga.lt\",\"url\":\"https:\/\/skaitytaknyga.lt\/\",\"logo\":{\"@type\":\"ImageObject\",\"inLanguage\":\"en-GB\",\"@id\":\"https:\/\/skaitytaknyga.lt\/#\/schema\/logo\/image\/\",\"url\":\"https:\/\/skaitytaknyga.lt\/wp-content\/uploads\/2024\/05\/cropped-cropped-cropped-02_00843_jt3bggkj1j3HLc7SyY6rEUpg.jpeg\",\"contentUrl\":\"https:\/\/skaitytaknyga.lt\/wp-content\/uploads\/2024\/05\/cropped-cropped-cropped-02_00843_jt3bggkj1j3HLc7SyY6rEUpg.jpeg\",\"width\":1600,\"height\":1600,\"caption\":\"skaitytaknyga.lt\"},\"image\":{\"@id\":\"https:\/\/skaitytaknyga.lt\/#\/schema\/logo\/image\/\"},\"sameAs\":[\"https:\/\/www.facebook.com\/skaitytaknyga\/\"]}]}<\/script>\n<!-- \/ Yoast SEO plugin. -->","yoast_head_json":{"title":"\u201eLemiamas apsisprendimas\u201c","description":"Alisa King i\u0161 kelion\u0117s \u012f laukin\u0119 \u0160kotijos gamt\u0105 su bendraklas\u0117mis nesitik\u0117jo nieko gero, bet n\u0117 nenuman\u0117, kad tai, kas j\u0173 laukia, pranoks ir baisiausi\u0105 ko\u0161mar\u0105...  Atvykusios \u012f \u0160kotijos tyrlaukius merginos i\u0161skirstomos \u012f namelius. Alisai teks gyventi su drauge Kese, u\u017edar\u0105ja emo mergaite R\u0117ja ir mokyklos atstumt\u0105ja Pole. O svarbiausia \u2013 ir su Tara, populiariausia ir aroganti\u0161kiausia mokyklos mergina. Gra\u017ei, valdinga ir \u017eiauri Tara niekada nepraleisdavo progos pa\u017eeminti kit\u0173. \u0160\u012fkart Alisa, Kes\u0117, R\u0117ja ir Pol\u0117 nusprend\u017eia pamokyti j\u0105 pa\u010di\u0105, bet viskas pasisuka netik\u0117ta linkme. Nenumatyti \u012fvykiai persekios merginas ir gr\u012f\u017eus namo \u012f \u012fprast\u0105 gyvenim\u0105. Joms visoms teks priimti sud\u0117ting\u0105 sprendim\u0105 ir jau niekas nebus kaip buv\u0119...","robots":{"index":"index","follow":"follow","max-snippet":"max-snippet:-1","max-image-preview":"max-image-preview:large","max-video-preview":"max-video-preview:-1"},"canonical":"https:\/\/skaitytaknyga.lt\/en\/produktas\/cat-clarke-lemiamas-apsisprendimas\/","og_locale":"en_GB","og_type":"article","og_title":"[:lt]\u201eLemiamas apsisprendimas\u201c[:] - Skaitytaknyga","og_description":"Alisa King i\u0161 kelion\u0117s \u012f laukin\u0119 \u0160kotijos gamt\u0105 su bendraklas\u0117mis nesitik\u0117jo nieko gero, bet n\u0117 nenuman\u0117, kad tai, kas j\u0173 laukia, pranoks ir baisiausi\u0105 ko\u0161mar\u0105...  Atvykusios \u012f \u0160kotijos tyrlaukius merginos i\u0161skirstomos \u012f namelius. Alisai teks gyventi su drauge Kese, u\u017edar\u0105ja emo mergaite R\u0117ja ir mokyklos atstumt\u0105ja Pole. O svarbiausia \u2013 ir su Tara, populiariausia ir aroganti\u0161kiausia mokyklos mergina. Gra\u017ei, valdinga ir \u017eiauri Tara niekada nepraleisdavo progos pa\u017eeminti kit\u0173. \u0160\u012fkart Alisa, Kes\u0117, R\u0117ja ir Pol\u0117 nusprend\u017eia pamokyti j\u0105 pa\u010di\u0105, bet viskas pasisuka netik\u0117ta linkme. Nenumatyti \u012fvykiai persekios merginas ir gr\u012f\u017eus namo \u012f \u012fprast\u0105 gyvenim\u0105. Joms visoms teks priimti sud\u0117ting\u0105 sprendim\u0105 ir jau niekas nebus kaip buv\u0119...","og_url":"https:\/\/skaitytaknyga.lt\/en\/produktas\/cat-clarke-lemiamas-apsisprendimas\/","og_site_name":"Skaitytaknyga","article_publisher":"https:\/\/www.facebook.com\/skaitytaknyga\/","article_modified_time":"2026-02-23T10:28:28+00:00","og_image":[{"width":203,"height":318,"url":"https:\/\/skaitytaknyga.lt\/wp-content\/uploads\/2024\/05\/092616-img-7040-e1665677704826.jpg","type":"image\/jpeg"}],"twitter_card":"summary_large_image","twitter_misc":{"Estimated reading time":"1 minute"},"schema":{"@context":"https:\/\/schema.org","@graph":[{"@type":"WebPage","@id":"https:\/\/skaitytaknyga.lt\/produktas\/cat-clarke-lemiamas-apsisprendimas\/","url":"https:\/\/skaitytaknyga.lt\/produktas\/cat-clarke-lemiamas-apsisprendimas\/","name":"\u201eLemiamas apsisprendimas\u201c","isPartOf":{"@id":"https:\/\/skaitytaknyga.lt\/#website"},"primaryImageOfPage":{"@id":"https:\/\/skaitytaknyga.lt\/produktas\/cat-clarke-lemiamas-apsisprendimas\/#primaryimage"},"image":{"@id":"https:\/\/skaitytaknyga.lt\/produktas\/cat-clarke-lemiamas-apsisprendimas\/#primaryimage"},"thumbnailUrl":"https:\/\/skaitytaknyga.lt\/wp-content\/uploads\/2024\/05\/092616-img-7040-e1665677704826.jpg","datePublished":"2024-05-04T18:21:28+00:00","dateModified":"2026-02-23T10:28:28+00:00","description":"Alisa King i\u0161 kelion\u0117s \u012f laukin\u0119 \u0160kotijos gamt\u0105 su bendraklas\u0117mis nesitik\u0117jo nieko gero, bet n\u0117 nenuman\u0117, kad tai, kas j\u0173 laukia, pranoks ir baisiausi\u0105 ko\u0161mar\u0105... Atvykusios \u012f \u0160kotijos tyrlaukius merginos i\u0161skirstomos \u012f namelius. Alisai teks gyventi su drauge Kese, u\u017edar\u0105ja emo mergaite R\u0117ja ir mokyklos atstumt\u0105ja Pole. O svarbiausia \u2013 ir su Tara, populiariausia ir aroganti\u0161kiausia mokyklos mergina. Gra\u017ei, valdinga ir \u017eiauri Tara niekada nepraleisdavo progos pa\u017eeminti kit\u0173. \u0160\u012fkart Alisa, Kes\u0117, R\u0117ja ir Pol\u0117 nusprend\u017eia pamokyti j\u0105 pa\u010di\u0105, bet viskas pasisuka netik\u0117ta linkme. Nenumatyti \u012fvykiai persekios merginas ir gr\u012f\u017eus namo \u012f \u012fprast\u0105 gyvenim\u0105. Joms visoms teks priimti sud\u0117ting\u0105 sprendim\u0105 ir jau niekas nebus kaip buv\u0119...","breadcrumb":{"@id":"https:\/\/skaitytaknyga.lt\/produktas\/cat-clarke-lemiamas-apsisprendimas\/#breadcrumb"},"inLanguage":"en-GB","potentialAction":[{"@type":"ReadAction","target":["https:\/\/skaitytaknyga.lt\/produktas\/cat-clarke-lemiamas-apsisprendimas\/"]}]},{"@type":"ImageObject","inLanguage":"en-GB","@id":"https:\/\/skaitytaknyga.lt\/produktas\/cat-clarke-lemiamas-apsisprendimas\/#primaryimage","url":"https:\/\/skaitytaknyga.lt\/wp-content\/uploads\/2024\/05\/092616-img-7040-e1665677704826.jpg","contentUrl":"https:\/\/skaitytaknyga.lt\/wp-content\/uploads\/2024\/05\/092616-img-7040-e1665677704826.jpg","width":203,"height":318},{"@type":"BreadcrumbList","@id":"https:\/\/skaitytaknyga.lt\/produktas\/cat-clarke-lemiamas-apsisprendimas\/#breadcrumb","itemListElement":[{"@type":"ListItem","position":1,"name":"Home","item":"https:\/\/skaitytaknyga.lt\/"},{"@type":"ListItem","position":2,"name":"Parduotuv\u0117","item":"https:\/\/skaitytaknyga.lt\/knygu-parduotuve\/"},{"@type":"ListItem","position":3,"name":"\u201eLemiamas apsisprendimas\u201c"}]},{"@type":"WebSite","@id":"https:\/\/skaitytaknyga.lt\/#website","url":"https:\/\/skaitytaknyga.lt\/","name":"skaitytaknyga.lt","description":"Skaitytaknyga.lt \u2013 tai ma\u017eas \u0161eimos verslas, kuris prasid\u0117jo nuo meil\u0117s knygoms ir siekio i\u0161gelb\u0117ti knygas nuo likimo prie konteinerio. Kas vienam nereikalingas daiktas \u2013 kitam lobis, o mes esame tarpininkai, kurie padeda abiems tapti laimingesniems ???? \u017dinome kaip nelengva i\u0161gyventi ma\u017eiems verslams, tad nuo \u0161iol, \u010dia rasite ir kit\u0173, ma\u017e\u0173 \u0161eim\u0173 versl\u0173, rank\u0173 darbo, dovan\u0173 sau ir artimiesiems.","publisher":{"@id":"https:\/\/skaitytaknyga.lt\/#organization"},"potentialAction":[{"@type":"SearchAction","target":{"@type":"EntryPoint","urlTemplate":"https:\/\/skaitytaknyga.lt\/?s={search_term_string}"},"query-input":{"@type":"PropertyValueSpecification","valueRequired":true,"valueName":"search_term_string"}}],"inLanguage":"en-GB"},{"@type":"Organization","@id":"https:\/\/skaitytaknyga.lt\/#organization","name":"skaitytaknyga.lt","url":"https:\/\/skaitytaknyga.lt\/","logo":{"@type":"ImageObject","inLanguage":"en-GB","@id":"https:\/\/skaitytaknyga.lt\/#\/schema\/logo\/image\/","url":"https:\/\/skaitytaknyga.lt\/wp-content\/uploads\/2024\/05\/cropped-cropped-cropped-02_00843_jt3bggkj1j3HLc7SyY6rEUpg.jpeg","contentUrl":"https:\/\/skaitytaknyga.lt\/wp-content\/uploads\/2024\/05\/cropped-cropped-cropped-02_00843_jt3bggkj1j3HLc7SyY6rEUpg.jpeg","width":1600,"height":1600,"caption":"skaitytaknyga.lt"},"image":{"@id":"https:\/\/skaitytaknyga.lt\/#\/schema\/logo\/image\/"},"sameAs":["https:\/\/www.facebook.com\/skaitytaknyga\/"]}]}},"_links":{"self":[{"href":"https:\/\/skaitytaknyga.lt\/en\/wp-json\/wp\/v2\/product\/10555","targetHints":{"allow":["GET"]}}],"collection":[{"href":"https:\/\/skaitytaknyga.lt\/en\/wp-json\/wp\/v2\/product"}],"about":[{"href":"https:\/\/skaitytaknyga.lt\/en\/wp-json\/wp\/v2\/types\/product"}],"replies":[{"embeddable":true,"href":"https:\/\/skaitytaknyga.lt\/en\/wp-json\/wp\/v2\/comments?post=10555"}],"wp:featuredmedia":[{"embeddable":true,"href":"https:\/\/skaitytaknyga.lt\/en\/wp-json\/wp\/v2\/media\/10603"}],"wp:attachment":[{"href":"https:\/\/skaitytaknyga.lt\/en\/wp-json\/wp\/v2\/media?parent=10555"}],"wp:term":[{"taxonomy":"product_brand","embeddable":true,"href":"https:\/\/skaitytaknyga.lt\/en\/wp-json\/wp\/v2\/product_brand?post=10555"},{"taxonomy":"product_cat","embeddable":true,"href":"https:\/\/skaitytaknyga.lt\/en\/wp-json\/wp\/v2\/product_cat?post=10555"},{"taxonomy":"product_tag","embeddable":true,"href":"https:\/\/skaitytaknyga.lt\/en\/wp-json\/wp\/v2\/product_tag?post=10555"}],"curies":[{"name":"wp","href":"https:\/\/api.w.org\/{rel}","templated":true}]}}