{"id":10554,"date":"2024-05-04T18:21:27","date_gmt":"2024-05-04T18:21:27","guid":{"rendered":"https:\/\/skaitytaknyga.lt\/?post_type=product&#038;p=10554"},"modified":"2026-03-18T13:13:22","modified_gmt":"2026-03-18T11:13:22","slug":"pietu-papludimio-dieta","status":"publish","type":"product","link":"https:\/\/skaitytaknyga.lt\/en\/produktas\/pietu-papludimio-dieta\/","title":{"rendered":"Piet\u0173 papl\u016bdimio dieta"},"content":{"rendered":"<p>Kardiologas dr. A. Agatstonas savo garsi\u0105ja piet\u0173 papl\u016bdimio dieta si\u016blo paprast\u0105, moksli\u0161kai pagr\u012fst\u0105 b\u016bd\u0105, kaip atsikratyti varginan\u010dio antsvorio ir jo nebepriaugti, u\u017ekirsti keli\u0105 \u0161irdies bei kraujagysli\u0173 ligoms, diabetui. Autorius ai\u0161kina, kaip pagerinti savo mityb\u0105, atskirti \u201egerus\u201c maisto produktus nuo \u201eblog\u0173\u201c, pateikia vis\u0173 trij\u0173 dietos tarpsni\u0173 maitinimosi planus ir daugyb\u0119 recept\u0173.<\/p>\n","protected":false},"excerpt":{"rendered":"<p>Kardiologas dr. A. Agatstonas savo garsi\u0105ja piet\u0173 papl\u016bdimio dieta si\u016blo paprast\u0105, moksli\u0161kai pagr\u012fst\u0105 b\u016bd\u0105, kaip atsikratyti varginan\u010dio antsvorio ir jo nebepriaugti, u\u017ekirsti keli\u0105 \u0161irdies bei kraujagysli\u0173 ligoms, diabetui. Autorius ai\u0161kina, kaip pagerinti savo mityb\u0105, atskirti \u201egerus\u201c maisto produktus nuo \u201eblog\u0173\u201c, pateikia vis\u0173 trij\u0173 dietos tarpsni\u0173 maitinimosi planus ir daugyb\u0119 recept\u0173.<\/p>\n","protected":false},"featured_media":10602,"comment_status":"closed","ping_status":"closed","template":"","meta":{"_acf_changed":false,"site-sidebar-layout":"default","site-content-layout":"","ast-site-content-layout":"default","site-content-style":"default","site-sidebar-style":"default","ast-global-header-display":"","ast-banner-title-visibility":"","ast-main-header-display":"","ast-hfb-above-header-display":"","ast-hfb-below-header-display":"","ast-hfb-mobile-header-display":"","site-post-title":"","ast-breadcrumbs-content":"","ast-featured-img":"","footer-sml-layout":"","ast-disable-related-posts":"","theme-transparent-header-meta":"","adv-header-id-meta":"","stick-header-meta":"","header-above-stick-meta":"","header-main-stick-meta":"","header-below-stick-meta":"","astra-migrate-meta-layouts":"default","ast-page-background-enabled":"default","ast-page-background-meta":{"desktop":{"background-color":"","background-image":"","background-repeat":"repeat","background-position":"center center","background-size":"auto","background-attachment":"scroll","background-type":"","background-media":"","overlay-type":"","overlay-color":"","overlay-opacity":"","overlay-gradient":""},"tablet":{"background-color":"","background-image":"","background-repeat":"repeat","background-position":"center center","background-size":"auto","background-attachment":"scroll","background-type":"","background-media":"","overlay-type":"","overlay-color":"","overlay-opacity":"","overlay-gradient":""},"mobile":{"background-color":"","background-image":"","background-repeat":"repeat","background-position":"center center","background-size":"auto","background-attachment":"scroll","background-type":"","background-media":"","overlay-type":"","overlay-color":"","overlay-opacity":"","overlay-gradient":""}},"ast-content-background-meta":{"desktop":{"background-color":"var(--ast-global-color-4)","background-image":"","background-repeat":"repeat","background-position":"center center","background-size":"auto","background-attachment":"scroll","background-type":"","background-media":"","overlay-type":"","overlay-color":"","overlay-opacity":"","overlay-gradient":""},"tablet":{"background-color":"var(--ast-global-color-4)","background-image":"","background-repeat":"repeat","background-position":"center center","background-size":"auto","background-attachment":"scroll","background-type":"","background-media":"","overlay-type":"","overlay-color":"","overlay-opacity":"","overlay-gradient":""},"mobile":{"background-color":"var(--ast-global-color-4)","background-image":"","background-repeat":"repeat","background-position":"center center","background-size":"auto","background-attachment":"scroll","background-type":"","background-media":"","overlay-type":"","overlay-color":"","overlay-opacity":"","overlay-gradient":""}}},"product_brand":[],"product_cat":[9855,58,55],"product_tag":[],"class_list":{"0":"post-10554","1":"product","2":"type-product","3":"status-publish","4":"has-post-thumbnail","6":"product_cat-mityba-ir-dieta","7":"product_cat-receptai","8":"product_cat-sveikata-ir-sveika-mityba","9":"desktop-align-left","10":"tablet-align-left","11":"mobile-align-left","13":"first","14":"outofstock","15":"shipping-taxable","16":"purchasable","17":"product-type-simple"},"acf":[],"yoast_head":"<!-- This site is optimized with the Yoast SEO plugin v27.4 - https:\/\/yoast.com\/product\/yoast-seo-wordpress\/ -->\n<title>Piet\u0173 papl\u016bdimio dieta<\/title>\n<meta name=\"description\" content=\"Kardiologas dr. A. Agatstonas savo garsi\u0105ja piet\u0173 papl\u016bdimio dieta si\u016blo paprast\u0105, moksli\u0161kai pagr\u012fst\u0105 b\u016bd\u0105, kaip atsikratyti varginan\u010dio antsvorio ir jo nebepriaugti, u\u017ekirsti keli\u0105 \u0161irdies bei kraujagysli\u0173 ligoms, diabetui. Autorius ai\u0161kina, kaip pagerinti savo mityb\u0105, atskirti \u201egerus\u201c maisto produktus nuo \u201eblog\u0173\u201c, pateikia vis\u0173 trij\u0173 dietos tarpsni\u0173 maitinimosi planus ir daugyb\u0119 recept\u0173.\" \/>\n<meta name=\"robots\" content=\"index, follow, max-snippet:-1, max-image-preview:large, max-video-preview:-1\" \/>\n<link rel=\"canonical\" href=\"https:\/\/skaitytaknyga.lt\/en\/produktas\/pietu-papludimio-dieta\/\" \/>\n<meta property=\"og:locale\" content=\"en_GB\" \/>\n<meta property=\"og:locale:alternate\" content=\"lt_LT\" \/>\n<meta property=\"og:type\" content=\"article\" \/>\n<meta property=\"og:title\" content=\"Piet\u0173 papl\u016bdimio dieta\" \/>\n<meta property=\"og:description\" content=\"Kardiologas dr. A. Agatstonas savo garsi\u0105ja piet\u0173 papl\u016bdimio dieta si\u016blo paprast\u0105, moksli\u0161kai pagr\u012fst\u0105 b\u016bd\u0105, kaip atsikratyti varginan\u010dio antsvorio ir jo nebepriaugti, u\u017ekirsti keli\u0105 \u0161irdies bei kraujagysli\u0173 ligoms, diabetui. Autorius ai\u0161kina, kaip pagerinti savo mityb\u0105, atskirti \u201egerus\u201c maisto produktus nuo \u201eblog\u0173\u201c, pateikia vis\u0173 trij\u0173 dietos tarpsni\u0173 maitinimosi planus ir daugyb\u0119 recept\u0173.\" \/>\n<meta property=\"og:url\" content=\"https:\/\/skaitytaknyga.lt\/en\/produktas\/pietu-papludimio-dieta\/\" \/>\n<meta property=\"og:site_name\" content=\"Skaitytaknyga\" \/>\n<meta property=\"article:publisher\" content=\"https:\/\/www.facebook.com\/skaitytaknyga\/\" \/>\n<meta property=\"article:modified_time\" content=\"2026-03-18T11:13:22+00:00\" \/>\n<meta property=\"og:image\" content=\"https:\/\/skaitytaknyga.lt\/wp-content\/uploads\/2024\/05\/221519-2021-08-27-13-12-office-lens-1.jpg\" \/>\n\t<meta property=\"og:image:width\" content=\"418\" \/>\n\t<meta property=\"og:image:height\" content=\"600\" \/>\n\t<meta property=\"og:image:type\" content=\"image\/jpeg\" \/>\n<meta name=\"twitter:card\" content=\"summary_large_image\" \/>\n<script type=\"application\/ld+json\" class=\"yoast-schema-graph\">{\"@context\":\"https:\\\/\\\/schema.org\",\"@graph\":[{\"@type\":\"WebPage\",\"@id\":\"https:\\\/\\\/skaitytaknyga.lt\\\/produktas\\\/pietu-papludimio-dieta\\\/\",\"url\":\"https:\\\/\\\/skaitytaknyga.lt\\\/produktas\\\/pietu-papludimio-dieta\\\/\",\"name\":\"Piet\u0173 papl\u016bdimio dieta\",\"isPartOf\":{\"@id\":\"https:\\\/\\\/skaitytaknyga.lt\\\/#website\"},\"primaryImageOfPage\":{\"@id\":\"https:\\\/\\\/skaitytaknyga.lt\\\/produktas\\\/pietu-papludimio-dieta\\\/#primaryimage\"},\"image\":{\"@id\":\"https:\\\/\\\/skaitytaknyga.lt\\\/produktas\\\/pietu-papludimio-dieta\\\/#primaryimage\"},\"thumbnailUrl\":\"https:\\\/\\\/skaitytaknyga.lt\\\/wp-content\\\/uploads\\\/2024\\\/05\\\/221519-2021-08-27-13-12-office-lens-1.jpg\",\"datePublished\":\"2024-05-04T18:21:27+00:00\",\"dateModified\":\"2026-03-18T11:13:22+00:00\",\"description\":\"Kardiologas dr. A. Agatstonas savo garsi\u0105ja piet\u0173 papl\u016bdimio dieta si\u016blo paprast\u0105, moksli\u0161kai pagr\u012fst\u0105 b\u016bd\u0105, kaip atsikratyti varginan\u010dio antsvorio ir jo nebepriaugti, u\u017ekirsti keli\u0105 \u0161irdies bei kraujagysli\u0173 ligoms, diabetui. Autorius ai\u0161kina, kaip pagerinti savo mityb\u0105, atskirti \u201egerus\u201c maisto produktus nuo \u201eblog\u0173\u201c, pateikia vis\u0173 trij\u0173 dietos tarpsni\u0173 maitinimosi planus ir daugyb\u0119 recept\u0173.\",\"breadcrumb\":{\"@id\":\"https:\\\/\\\/skaitytaknyga.lt\\\/produktas\\\/pietu-papludimio-dieta\\\/#breadcrumb\"},\"inLanguage\":\"en-GB\",\"potentialAction\":[{\"@type\":\"ReadAction\",\"target\":[\"https:\\\/\\\/skaitytaknyga.lt\\\/produktas\\\/pietu-papludimio-dieta\\\/\"]}]},{\"@type\":\"ImageObject\",\"inLanguage\":\"en-GB\",\"@id\":\"https:\\\/\\\/skaitytaknyga.lt\\\/produktas\\\/pietu-papludimio-dieta\\\/#primaryimage\",\"url\":\"https:\\\/\\\/skaitytaknyga.lt\\\/wp-content\\\/uploads\\\/2024\\\/05\\\/221519-2021-08-27-13-12-office-lens-1.jpg\",\"contentUrl\":\"https:\\\/\\\/skaitytaknyga.lt\\\/wp-content\\\/uploads\\\/2024\\\/05\\\/221519-2021-08-27-13-12-office-lens-1.jpg\",\"width\":418,\"height\":600},{\"@type\":\"BreadcrumbList\",\"@id\":\"https:\\\/\\\/skaitytaknyga.lt\\\/produktas\\\/pietu-papludimio-dieta\\\/#breadcrumb\",\"itemListElement\":[{\"@type\":\"ListItem\",\"position\":1,\"name\":\"Home\",\"item\":\"https:\\\/\\\/skaitytaknyga.lt\\\/\"},{\"@type\":\"ListItem\",\"position\":2,\"name\":\"Parduotuv\u0117\",\"item\":\"https:\\\/\\\/skaitytaknyga.lt\\\/knygu-parduotuve\\\/\"},{\"@type\":\"ListItem\",\"position\":3,\"name\":\"Piet\u0173 papl\u016bdimio dieta\"}]},{\"@type\":\"WebSite\",\"@id\":\"https:\\\/\\\/skaitytaknyga.lt\\\/#website\",\"url\":\"https:\\\/\\\/skaitytaknyga.lt\\\/\",\"name\":\"skaitytaknyga.lt\",\"description\":\"Skaitytaknyga.lt \u2013 tai ma\u017eas \u0161eimos verslas, kuris prasid\u0117jo nuo meil\u0117s knygoms ir siekio i\u0161gelb\u0117ti knygas nuo likimo prie konteinerio. Kas vienam nereikalingas daiktas \u2013 kitam lobis, o mes esame tarpininkai, kurie padeda abiems tapti laimingesniems ???? \u017dinome kaip nelengva i\u0161gyventi ma\u017eiems verslams, tad nuo \u0161iol, \u010dia rasite ir kit\u0173, ma\u017e\u0173 \u0161eim\u0173 versl\u0173, rank\u0173 darbo, dovan\u0173 sau ir artimiesiems.\",\"publisher\":{\"@id\":\"https:\\\/\\\/skaitytaknyga.lt\\\/#organization\"},\"potentialAction\":[{\"@type\":\"SearchAction\",\"target\":{\"@type\":\"EntryPoint\",\"urlTemplate\":\"https:\\\/\\\/skaitytaknyga.lt\\\/?s={search_term_string}\"},\"query-input\":{\"@type\":\"PropertyValueSpecification\",\"valueRequired\":true,\"valueName\":\"search_term_string\"}}],\"inLanguage\":\"en-GB\"},{\"@type\":\"Organization\",\"@id\":\"https:\\\/\\\/skaitytaknyga.lt\\\/#organization\",\"name\":\"skaitytaknyga.lt\",\"url\":\"https:\\\/\\\/skaitytaknyga.lt\\\/\",\"logo\":{\"@type\":\"ImageObject\",\"inLanguage\":\"en-GB\",\"@id\":\"https:\\\/\\\/skaitytaknyga.lt\\\/#\\\/schema\\\/logo\\\/image\\\/\",\"url\":\"https:\\\/\\\/skaitytaknyga.lt\\\/wp-content\\\/uploads\\\/2024\\\/05\\\/cropped-cropped-cropped-02_00843_jt3bggkj1j3HLc7SyY6rEUpg.jpeg\",\"contentUrl\":\"https:\\\/\\\/skaitytaknyga.lt\\\/wp-content\\\/uploads\\\/2024\\\/05\\\/cropped-cropped-cropped-02_00843_jt3bggkj1j3HLc7SyY6rEUpg.jpeg\",\"width\":1600,\"height\":1600,\"caption\":\"skaitytaknyga.lt\"},\"image\":{\"@id\":\"https:\\\/\\\/skaitytaknyga.lt\\\/#\\\/schema\\\/logo\\\/image\\\/\"},\"sameAs\":[\"https:\\\/\\\/www.facebook.com\\\/skaitytaknyga\\\/\"]}]}<\/script>\n<!-- \/ Yoast SEO plugin. -->","yoast_head_json":{"title":"Piet\u0173 papl\u016bdimio dieta","description":"Kardiologas dr. A. Agatstonas savo garsi\u0105ja piet\u0173 papl\u016bdimio dieta si\u016blo paprast\u0105, moksli\u0161kai pagr\u012fst\u0105 b\u016bd\u0105, kaip atsikratyti varginan\u010dio antsvorio ir jo nebepriaugti, u\u017ekirsti keli\u0105 \u0161irdies bei kraujagysli\u0173 ligoms, diabetui. Autorius ai\u0161kina, kaip pagerinti savo mityb\u0105, atskirti \u201egerus\u201c maisto produktus nuo \u201eblog\u0173\u201c, pateikia vis\u0173 trij\u0173 dietos tarpsni\u0173 maitinimosi planus ir daugyb\u0119 recept\u0173.","robots":{"index":"index","follow":"follow","max-snippet":"max-snippet:-1","max-image-preview":"max-image-preview:large","max-video-preview":"max-video-preview:-1"},"canonical":"https:\/\/skaitytaknyga.lt\/en\/produktas\/pietu-papludimio-dieta\/","og_locale":"en_GB","og_type":"article","og_title":"[:lt]Piet\u0173 papl\u016bdimio dieta[:] - Skaitytaknyga","og_description":"Kardiologas dr. A. Agatstonas savo garsi\u0105ja piet\u0173 papl\u016bdimio dieta si\u016blo paprast\u0105, moksli\u0161kai pagr\u012fst\u0105 b\u016bd\u0105, kaip atsikratyti varginan\u010dio antsvorio ir jo nebepriaugti, u\u017ekirsti keli\u0105 \u0161irdies bei kraujagysli\u0173 ligoms, diabetui. Autorius ai\u0161kina, kaip pagerinti savo mityb\u0105, atskirti \u201egerus\u201c maisto produktus nuo \u201eblog\u0173\u201c, pateikia vis\u0173 trij\u0173 dietos tarpsni\u0173 maitinimosi planus ir daugyb\u0119 recept\u0173.","og_url":"https:\/\/skaitytaknyga.lt\/en\/produktas\/pietu-papludimio-dieta\/","og_site_name":"Skaitytaknyga","article_publisher":"https:\/\/www.facebook.com\/skaitytaknyga\/","article_modified_time":"2026-03-18T11:13:22+00:00","og_image":[{"width":418,"height":600,"url":"https:\/\/skaitytaknyga.lt\/wp-content\/uploads\/2024\/05\/221519-2021-08-27-13-12-office-lens-1.jpg","type":"image\/jpeg"}],"twitter_card":"summary_large_image","schema":{"@context":"https:\/\/schema.org","@graph":[{"@type":"WebPage","@id":"https:\/\/skaitytaknyga.lt\/produktas\/pietu-papludimio-dieta\/","url":"https:\/\/skaitytaknyga.lt\/produktas\/pietu-papludimio-dieta\/","name":"Piet\u0173 papl\u016bdimio dieta","isPartOf":{"@id":"https:\/\/skaitytaknyga.lt\/#website"},"primaryImageOfPage":{"@id":"https:\/\/skaitytaknyga.lt\/produktas\/pietu-papludimio-dieta\/#primaryimage"},"image":{"@id":"https:\/\/skaitytaknyga.lt\/produktas\/pietu-papludimio-dieta\/#primaryimage"},"thumbnailUrl":"https:\/\/skaitytaknyga.lt\/wp-content\/uploads\/2024\/05\/221519-2021-08-27-13-12-office-lens-1.jpg","datePublished":"2024-05-04T18:21:27+00:00","dateModified":"2026-03-18T11:13:22+00:00","description":"Kardiologas dr. A. Agatstonas savo garsi\u0105ja piet\u0173 papl\u016bdimio dieta si\u016blo paprast\u0105, moksli\u0161kai pagr\u012fst\u0105 b\u016bd\u0105, kaip atsikratyti varginan\u010dio antsvorio ir jo nebepriaugti, u\u017ekirsti keli\u0105 \u0161irdies bei kraujagysli\u0173 ligoms, diabetui. Autorius ai\u0161kina, kaip pagerinti savo mityb\u0105, atskirti \u201egerus\u201c maisto produktus nuo \u201eblog\u0173\u201c, pateikia vis\u0173 trij\u0173 dietos tarpsni\u0173 maitinimosi planus ir daugyb\u0119 recept\u0173.","breadcrumb":{"@id":"https:\/\/skaitytaknyga.lt\/produktas\/pietu-papludimio-dieta\/#breadcrumb"},"inLanguage":"en-GB","potentialAction":[{"@type":"ReadAction","target":["https:\/\/skaitytaknyga.lt\/produktas\/pietu-papludimio-dieta\/"]}]},{"@type":"ImageObject","inLanguage":"en-GB","@id":"https:\/\/skaitytaknyga.lt\/produktas\/pietu-papludimio-dieta\/#primaryimage","url":"https:\/\/skaitytaknyga.lt\/wp-content\/uploads\/2024\/05\/221519-2021-08-27-13-12-office-lens-1.jpg","contentUrl":"https:\/\/skaitytaknyga.lt\/wp-content\/uploads\/2024\/05\/221519-2021-08-27-13-12-office-lens-1.jpg","width":418,"height":600},{"@type":"BreadcrumbList","@id":"https:\/\/skaitytaknyga.lt\/produktas\/pietu-papludimio-dieta\/#breadcrumb","itemListElement":[{"@type":"ListItem","position":1,"name":"Home","item":"https:\/\/skaitytaknyga.lt\/"},{"@type":"ListItem","position":2,"name":"Parduotuv\u0117","item":"https:\/\/skaitytaknyga.lt\/knygu-parduotuve\/"},{"@type":"ListItem","position":3,"name":"Piet\u0173 papl\u016bdimio dieta"}]},{"@type":"WebSite","@id":"https:\/\/skaitytaknyga.lt\/#website","url":"https:\/\/skaitytaknyga.lt\/","name":"skaitytaknyga.lt","description":"Skaitytaknyga.lt \u2013 tai ma\u017eas \u0161eimos verslas, kuris prasid\u0117jo nuo meil\u0117s knygoms ir siekio i\u0161gelb\u0117ti knygas nuo likimo prie konteinerio. Kas vienam nereikalingas daiktas \u2013 kitam lobis, o mes esame tarpininkai, kurie padeda abiems tapti laimingesniems ???? \u017dinome kaip nelengva i\u0161gyventi ma\u017eiems verslams, tad nuo \u0161iol, \u010dia rasite ir kit\u0173, ma\u017e\u0173 \u0161eim\u0173 versl\u0173, rank\u0173 darbo, dovan\u0173 sau ir artimiesiems.","publisher":{"@id":"https:\/\/skaitytaknyga.lt\/#organization"},"potentialAction":[{"@type":"SearchAction","target":{"@type":"EntryPoint","urlTemplate":"https:\/\/skaitytaknyga.lt\/?s={search_term_string}"},"query-input":{"@type":"PropertyValueSpecification","valueRequired":true,"valueName":"search_term_string"}}],"inLanguage":"en-GB"},{"@type":"Organization","@id":"https:\/\/skaitytaknyga.lt\/#organization","name":"skaitytaknyga.lt","url":"https:\/\/skaitytaknyga.lt\/","logo":{"@type":"ImageObject","inLanguage":"en-GB","@id":"https:\/\/skaitytaknyga.lt\/#\/schema\/logo\/image\/","url":"https:\/\/skaitytaknyga.lt\/wp-content\/uploads\/2024\/05\/cropped-cropped-cropped-02_00843_jt3bggkj1j3HLc7SyY6rEUpg.jpeg","contentUrl":"https:\/\/skaitytaknyga.lt\/wp-content\/uploads\/2024\/05\/cropped-cropped-cropped-02_00843_jt3bggkj1j3HLc7SyY6rEUpg.jpeg","width":1600,"height":1600,"caption":"skaitytaknyga.lt"},"image":{"@id":"https:\/\/skaitytaknyga.lt\/#\/schema\/logo\/image\/"},"sameAs":["https:\/\/www.facebook.com\/skaitytaknyga\/"]}]}},"_links":{"self":[{"href":"https:\/\/skaitytaknyga.lt\/en\/wp-json\/wp\/v2\/product\/10554","targetHints":{"allow":["GET"]}}],"collection":[{"href":"https:\/\/skaitytaknyga.lt\/en\/wp-json\/wp\/v2\/product"}],"about":[{"href":"https:\/\/skaitytaknyga.lt\/en\/wp-json\/wp\/v2\/types\/product"}],"replies":[{"embeddable":true,"href":"https:\/\/skaitytaknyga.lt\/en\/wp-json\/wp\/v2\/comments?post=10554"}],"wp:featuredmedia":[{"embeddable":true,"href":"https:\/\/skaitytaknyga.lt\/en\/wp-json\/wp\/v2\/media\/10602"}],"wp:attachment":[{"href":"https:\/\/skaitytaknyga.lt\/en\/wp-json\/wp\/v2\/media?parent=10554"}],"wp:term":[{"taxonomy":"product_brand","embeddable":true,"href":"https:\/\/skaitytaknyga.lt\/en\/wp-json\/wp\/v2\/product_brand?post=10554"},{"taxonomy":"product_cat","embeddable":true,"href":"https:\/\/skaitytaknyga.lt\/en\/wp-json\/wp\/v2\/product_cat?post=10554"},{"taxonomy":"product_tag","embeddable":true,"href":"https:\/\/skaitytaknyga.lt\/en\/wp-json\/wp\/v2\/product_tag?post=10554"}],"curies":[{"name":"wp","href":"https:\/\/api.w.org\/{rel}","templated":true}]}}